{"id":10173,"date":"2020-09-21T14:19:31","date_gmt":"2020-09-21T12:19:31","guid":{"rendered":"http:\/\/www.milesi.com\/?page_id=10173"},"modified":"2025-04-15T17:48:39","modified_gmt":"2025-04-15T15:48:39","slug":"nuestra-mision","status":"publish","type":"page","link":"https:\/\/www.milesi.com\/es\/nuestra-mision\/","title":{"rendered":"Nuestra Misi\u00f3n"},"content":{"rendered":"<p><img loading=\"lazy\" decoding=\"async\" class=\"alignleft wp-image-9349\" src=\"https:\/\/www.milesi.com\/wp-content\/uploads\/2020\/08\/mission_1561885906-500x300_menobordo-2-300x186.jpg\" alt=\"\" width=\"508\" height=\"315\" srcset=\"https:\/\/www.milesi.com\/wp-content\/uploads\/2020\/08\/mission_1561885906-500x300_menobordo-2-300x186.jpg 300w, https:\/\/www.milesi.com\/wp-content\/uploads\/2020\/08\/mission_1561885906-500x300_menobordo-2-24x15.jpg 24w, https:\/\/www.milesi.com\/wp-content\/uploads\/2020\/08\/mission_1561885906-500x300_menobordo-2-36x22.jpg 36w, https:\/\/www.milesi.com\/wp-content\/uploads\/2020\/08\/mission_1561885906-500x300_menobordo-2-256x159.jpg 256w, https:\/\/www.milesi.com\/wp-content\/uploads\/2020\/08\/mission_1561885906-500x300_menobordo-2.jpg 466w\" sizes=\"(max-width: 508px) 100vw, 508px\" \/><\/p>\n<p style=\"text-align: left;\"><strong>El Grupo IVM tiene como misi\u00f3n proporcionar a todos los fabricantes de muebles y elementos constructivos, soluciones de barnizado sostenibles e innovadoras al servicio de la calidad del H\u00e1bitat.<\/strong><\/p>\n<p style=\"text-align: left;\">La investigaci\u00f3n de productos de vanguardia se conjuga con una profunda sensibilidad hacia los temas relacionados con el medio ambiente, la ecolog\u00eda y la salud humana.<\/p>\n<p style=\"text-align: left;\">Esto se refleja en cada elecci\u00f3n y actividad empresarial: todos los Colaboradores est\u00e1n constantemente comprometidos con la optimizaci\u00f3n de procesos, productos y servicios para garantizar los m\u00e1s altos niveles de seguridad y reducci\u00f3n del impacto ambiental.<\/p>\n","protected":false},"excerpt":{"rendered":"<p>El Grupo IVM tiene como misi\u00f3n proporcionar a todos los fabricantes de muebles y elementos constructivos, soluciones de barnizado sostenibles e innovadoras al servicio de la calidad del H\u00e1bitat. La investigaci\u00f3n de productos de vanguardia se conjuga con una profunda sensibilidad hacia los temas relacionados con el medio ambiente, la ecolog\u00eda y la salud humana. [&hellip;]<\/p>\n","protected":false},"author":5,"featured_media":8998,"parent":0,"menu_order":58,"comment_status":"closed","ping_status":"closed","template":"","meta":{"_et_pb_use_builder":"","_et_pb_old_content":"","_et_gb_content_width":"","footnotes":""},"class_list":["post-10173","page","type-page","status-publish","has-post-thumbnail","hentry"],"yoast_head":"<!-- This site is optimized with the Yoast SEO plugin v27.3 - https:\/\/yoast.com\/product\/yoast-seo-wordpress\/ -->\n<title>Nuestra Misi\u00f3n - Milesi<\/title>\n<meta name=\"robots\" content=\"noindex, follow\" \/>\n<meta property=\"og:locale\" content=\"es_ES\" \/>\n<meta property=\"og:type\" content=\"article\" \/>\n<meta property=\"og:title\" content=\"Nuestra Misi\u00f3n - Milesi\" \/>\n<meta property=\"og:description\" content=\"El Grupo IVM tiene como misi\u00f3n proporcionar a todos los fabricantes de muebles y elementos constructivos, soluciones de barnizado sostenibles e innovadoras al servicio de la calidad del H\u00e1bitat. La investigaci\u00f3n de productos de vanguardia se conjuga con una profunda sensibilidad hacia los temas relacionados con el medio ambiente, la ecolog\u00eda y la salud humana. [&hellip;]\" \/>\n<meta property=\"og:url\" content=\"https:\/\/www.milesi.com\/es\/nuestra-mision\/\" \/>\n<meta property=\"og:site_name\" content=\"Milesi\" \/>\n<meta property=\"article:publisher\" content=\"https:\/\/www.facebook.com\/MilesiVernici\" \/>\n<meta property=\"article:modified_time\" content=\"2025-04-15T15:48:39+00:00\" \/>\n<meta property=\"og:image\" content=\"https:\/\/www.milesi.com\/wp-content\/uploads\/2020\/08\/mission_1561885906-500x300_bordo.jpg\" \/>\n\t<meta property=\"og:image:width\" content=\"250\" \/>\n\t<meta property=\"og:image:height\" content=\"171\" \/>\n\t<meta property=\"og:image:type\" content=\"image\/jpeg\" \/>\n<meta name=\"twitter:card\" content=\"summary_large_image\" \/>\n<meta name=\"twitter:label1\" content=\"Tiempo de lectura\" \/>\n\t<meta name=\"twitter:data1\" content=\"1 minute\" \/>\n<script type=\"application\/ld+json\" class=\"yoast-schema-graph\">{\"@context\":\"https:\\\/\\\/schema.org\",\"@graph\":[{\"@type\":\"WebPage\",\"@id\":\"https:\\\/\\\/www.milesi.com\\\/es\\\/nuestra-mision\\\/\",\"url\":\"https:\\\/\\\/www.milesi.com\\\/es\\\/nuestra-mision\\\/\",\"name\":\"Nuestra Misi\u00f3n - Milesi\",\"isPartOf\":{\"@id\":\"https:\\\/\\\/www.milesi.com\\\/es\\\/#website\"},\"primaryImageOfPage\":{\"@id\":\"https:\\\/\\\/www.milesi.com\\\/es\\\/nuestra-mision\\\/#primaryimage\"},\"image\":{\"@id\":\"https:\\\/\\\/www.milesi.com\\\/es\\\/nuestra-mision\\\/#primaryimage\"},\"thumbnailUrl\":\"https:\\\/\\\/www.milesi.com\\\/wp-content\\\/uploads\\\/2020\\\/08\\\/mission_1561885906-500x300_bordo.jpg\",\"datePublished\":\"2020-09-21T12:19:31+00:00\",\"dateModified\":\"2025-04-15T15:48:39+00:00\",\"breadcrumb\":{\"@id\":\"https:\\\/\\\/www.milesi.com\\\/es\\\/nuestra-mision\\\/#breadcrumb\"},\"inLanguage\":\"es-ES\",\"potentialAction\":[{\"@type\":\"ReadAction\",\"target\":[\"https:\\\/\\\/www.milesi.com\\\/es\\\/nuestra-mision\\\/\"]}]},{\"@type\":\"ImageObject\",\"inLanguage\":\"es-ES\",\"@id\":\"https:\\\/\\\/www.milesi.com\\\/es\\\/nuestra-mision\\\/#primaryimage\",\"url\":\"https:\\\/\\\/www.milesi.com\\\/wp-content\\\/uploads\\\/2020\\\/08\\\/mission_1561885906-500x300_bordo.jpg\",\"contentUrl\":\"https:\\\/\\\/www.milesi.com\\\/wp-content\\\/uploads\\\/2020\\\/08\\\/mission_1561885906-500x300_bordo.jpg\",\"width\":250,\"height\":171},{\"@type\":\"BreadcrumbList\",\"@id\":\"https:\\\/\\\/www.milesi.com\\\/es\\\/nuestra-mision\\\/#breadcrumb\",\"itemListElement\":[{\"@type\":\"ListItem\",\"position\":1,\"name\":\"Milesi - Barnices para Madera\",\"item\":\"https:\\\/\\\/www.milesi.com\\\/es\\\/\"},{\"@type\":\"ListItem\",\"position\":2,\"name\":\"Nuestra Misi\u00f3n\"}]},{\"@type\":\"WebSite\",\"@id\":\"https:\\\/\\\/www.milesi.com\\\/es\\\/#website\",\"url\":\"https:\\\/\\\/www.milesi.com\\\/es\\\/\",\"name\":\"Milesi Vernici per il legno\",\"description\":\"Barnices para Madera\",\"publisher\":{\"@id\":\"https:\\\/\\\/www.milesi.com\\\/es\\\/#organization\"},\"alternateName\":\"Milesi\",\"potentialAction\":[{\"@type\":\"SearchAction\",\"target\":{\"@type\":\"EntryPoint\",\"urlTemplate\":\"https:\\\/\\\/www.milesi.com\\\/es\\\/?s={search_term_string}\"},\"query-input\":{\"@type\":\"PropertyValueSpecification\",\"valueRequired\":true,\"valueName\":\"search_term_string\"}}],\"inLanguage\":\"es-ES\"},{\"@type\":\"Organization\",\"@id\":\"https:\\\/\\\/www.milesi.com\\\/es\\\/#organization\",\"name\":\"Milesi Vernici\",\"alternateName\":\"Milesi\",\"url\":\"https:\\\/\\\/www.milesi.com\\\/es\\\/\",\"logo\":{\"@type\":\"ImageObject\",\"inLanguage\":\"es-ES\",\"@id\":\"https:\\\/\\\/www.milesi.com\\\/es\\\/#\\\/schema\\\/logo\\\/image\\\/\",\"url\":\"https:\\\/\\\/www.milesi.com\\\/wp-content\\\/uploads\\\/2022\\\/12\\\/milesi-web.png\",\"contentUrl\":\"https:\\\/\\\/www.milesi.com\\\/wp-content\\\/uploads\\\/2022\\\/12\\\/milesi-web.png\",\"width\":100,\"height\":101,\"caption\":\"Milesi Vernici\"},\"image\":{\"@id\":\"https:\\\/\\\/www.milesi.com\\\/es\\\/#\\\/schema\\\/logo\\\/image\\\/\"},\"sameAs\":[\"https:\\\/\\\/www.facebook.com\\\/MilesiVernici\",\"https:\\\/\\\/www.youtube.com\\\/channel\\\/UCgULN6yzPgE9usmMi3CP5hQ\",\"https:\\\/\\\/www.instagram.com\\\/milesiverniciperlegno\\\/\",\"https:\\\/\\\/vimeo.com\\\/user117001108\",\"https:\\\/\\\/www.linkedin.com\\\/company\\\/milesiwoodcoatings\\\/\"]}]}<\/script>\n<!-- \/ Yoast SEO plugin. -->","yoast_head_json":{"title":"Nuestra Misi\u00f3n - Milesi","robots":{"index":"noindex","follow":"follow"},"og_locale":"es_ES","og_type":"article","og_title":"Nuestra Misi\u00f3n - Milesi","og_description":"El Grupo IVM tiene como misi\u00f3n proporcionar a todos los fabricantes de muebles y elementos constructivos, soluciones de barnizado sostenibles e innovadoras al servicio de la calidad del H\u00e1bitat. La investigaci\u00f3n de productos de vanguardia se conjuga con una profunda sensibilidad hacia los temas relacionados con el medio ambiente, la ecolog\u00eda y la salud humana. [&hellip;]","og_url":"https:\/\/www.milesi.com\/es\/nuestra-mision\/","og_site_name":"Milesi","article_publisher":"https:\/\/www.facebook.com\/MilesiVernici","article_modified_time":"2025-04-15T15:48:39+00:00","og_image":[{"width":250,"height":171,"url":"https:\/\/www.milesi.com\/wp-content\/uploads\/2020\/08\/mission_1561885906-500x300_bordo.jpg","type":"image\/jpeg"}],"twitter_card":"summary_large_image","twitter_misc":{"Tiempo de lectura":"1 minute"},"schema":{"@context":"https:\/\/schema.org","@graph":[{"@type":"WebPage","@id":"https:\/\/www.milesi.com\/es\/nuestra-mision\/","url":"https:\/\/www.milesi.com\/es\/nuestra-mision\/","name":"Nuestra Misi\u00f3n - Milesi","isPartOf":{"@id":"https:\/\/www.milesi.com\/es\/#website"},"primaryImageOfPage":{"@id":"https:\/\/www.milesi.com\/es\/nuestra-mision\/#primaryimage"},"image":{"@id":"https:\/\/www.milesi.com\/es\/nuestra-mision\/#primaryimage"},"thumbnailUrl":"https:\/\/www.milesi.com\/wp-content\/uploads\/2020\/08\/mission_1561885906-500x300_bordo.jpg","datePublished":"2020-09-21T12:19:31+00:00","dateModified":"2025-04-15T15:48:39+00:00","breadcrumb":{"@id":"https:\/\/www.milesi.com\/es\/nuestra-mision\/#breadcrumb"},"inLanguage":"es-ES","potentialAction":[{"@type":"ReadAction","target":["https:\/\/www.milesi.com\/es\/nuestra-mision\/"]}]},{"@type":"ImageObject","inLanguage":"es-ES","@id":"https:\/\/www.milesi.com\/es\/nuestra-mision\/#primaryimage","url":"https:\/\/www.milesi.com\/wp-content\/uploads\/2020\/08\/mission_1561885906-500x300_bordo.jpg","contentUrl":"https:\/\/www.milesi.com\/wp-content\/uploads\/2020\/08\/mission_1561885906-500x300_bordo.jpg","width":250,"height":171},{"@type":"BreadcrumbList","@id":"https:\/\/www.milesi.com\/es\/nuestra-mision\/#breadcrumb","itemListElement":[{"@type":"ListItem","position":1,"name":"Milesi - Barnices para Madera","item":"https:\/\/www.milesi.com\/es\/"},{"@type":"ListItem","position":2,"name":"Nuestra Misi\u00f3n"}]},{"@type":"WebSite","@id":"https:\/\/www.milesi.com\/es\/#website","url":"https:\/\/www.milesi.com\/es\/","name":"Milesi Vernici per il legno","description":"Barnices para Madera","publisher":{"@id":"https:\/\/www.milesi.com\/es\/#organization"},"alternateName":"Milesi","potentialAction":[{"@type":"SearchAction","target":{"@type":"EntryPoint","urlTemplate":"https:\/\/www.milesi.com\/es\/?s={search_term_string}"},"query-input":{"@type":"PropertyValueSpecification","valueRequired":true,"valueName":"search_term_string"}}],"inLanguage":"es-ES"},{"@type":"Organization","@id":"https:\/\/www.milesi.com\/es\/#organization","name":"Milesi Vernici","alternateName":"Milesi","url":"https:\/\/www.milesi.com\/es\/","logo":{"@type":"ImageObject","inLanguage":"es-ES","@id":"https:\/\/www.milesi.com\/es\/#\/schema\/logo\/image\/","url":"https:\/\/www.milesi.com\/wp-content\/uploads\/2022\/12\/milesi-web.png","contentUrl":"https:\/\/www.milesi.com\/wp-content\/uploads\/2022\/12\/milesi-web.png","width":100,"height":101,"caption":"Milesi Vernici"},"image":{"@id":"https:\/\/www.milesi.com\/es\/#\/schema\/logo\/image\/"},"sameAs":["https:\/\/www.facebook.com\/MilesiVernici","https:\/\/www.youtube.com\/channel\/UCgULN6yzPgE9usmMi3CP5hQ","https:\/\/www.instagram.com\/milesiverniciperlegno\/","https:\/\/vimeo.com\/user117001108","https:\/\/www.linkedin.com\/company\/milesiwoodcoatings\/"]}]}},"_links":{"self":[{"href":"https:\/\/www.milesi.com\/es\/wp-json\/wp\/v2\/pages\/10173","targetHints":{"allow":["GET"]}}],"collection":[{"href":"https:\/\/www.milesi.com\/es\/wp-json\/wp\/v2\/pages"}],"about":[{"href":"https:\/\/www.milesi.com\/es\/wp-json\/wp\/v2\/types\/page"}],"author":[{"embeddable":true,"href":"https:\/\/www.milesi.com\/es\/wp-json\/wp\/v2\/users\/5"}],"replies":[{"embeddable":true,"href":"https:\/\/www.milesi.com\/es\/wp-json\/wp\/v2\/comments?post=10173"}],"version-history":[{"count":1,"href":"https:\/\/www.milesi.com\/es\/wp-json\/wp\/v2\/pages\/10173\/revisions"}],"predecessor-version":[{"id":26677,"href":"https:\/\/www.milesi.com\/es\/wp-json\/wp\/v2\/pages\/10173\/revisions\/26677"}],"wp:featuredmedia":[{"embeddable":true,"href":"https:\/\/www.milesi.com\/es\/wp-json\/wp\/v2\/media\/8998"}],"wp:attachment":[{"href":"https:\/\/www.milesi.com\/es\/wp-json\/wp\/v2\/media?parent=10173"}],"curies":[{"name":"wp","href":"https:\/\/api.w.org\/{rel}","templated":true}]}}