{"id":10276,"date":"2020-09-22T08:54:52","date_gmt":"2020-09-22T06:54:52","guid":{"rendered":"http:\/\/www.milesi.com\/?page_id=10276"},"modified":"2025-04-14T17:52:07","modified_gmt":"2025-04-14T15:52:07","slug":"soluciones-bespoke","status":"publish","type":"page","link":"https:\/\/www.milesi.com\/es\/soluciones-bespoke\/","title":{"rendered":"SOLUCIONES BESPOKE"},"content":{"rendered":"\r\n<div class=\"wp-block-image\">\r\n<figure class=\"alignleft size-large is-resized\"><img loading=\"lazy\" decoding=\"async\" class=\"wp-image-10392\" src=\"https:\/\/www.milesi.com\/wp-content\/uploads\/2020\/09\/bespoke_1379080127_1200x1200_bordo_noleftup-5-1024x1024.jpg\" alt=\"\" width=\"350\" height=\"350\" srcset=\"https:\/\/www.milesi.com\/wp-content\/uploads\/2020\/09\/bespoke_1379080127_1200x1200_bordo_noleftup-5-1024x1024.jpg 1024w, https:\/\/www.milesi.com\/wp-content\/uploads\/2020\/09\/bespoke_1379080127_1200x1200_bordo_noleftup-5-600x600.jpg 600w, https:\/\/www.milesi.com\/wp-content\/uploads\/2020\/09\/bespoke_1379080127_1200x1200_bordo_noleftup-5-100x100.jpg 100w, https:\/\/www.milesi.com\/wp-content\/uploads\/2020\/09\/bespoke_1379080127_1200x1200_bordo_noleftup-5-300x300.jpg 300w, https:\/\/www.milesi.com\/wp-content\/uploads\/2020\/09\/bespoke_1379080127_1200x1200_bordo_noleftup-5-150x150.jpg 150w, https:\/\/www.milesi.com\/wp-content\/uploads\/2020\/09\/bespoke_1379080127_1200x1200_bordo_noleftup-5-768x768.jpg 768w, https:\/\/www.milesi.com\/wp-content\/uploads\/2020\/09\/bespoke_1379080127_1200x1200_bordo_noleftup-5-24x24.jpg 24w, https:\/\/www.milesi.com\/wp-content\/uploads\/2020\/09\/bespoke_1379080127_1200x1200_bordo_noleftup-5-36x36.jpg 36w, https:\/\/www.milesi.com\/wp-content\/uploads\/2020\/09\/bespoke_1379080127_1200x1200_bordo_noleftup-5-256x256.jpg 256w, https:\/\/www.milesi.com\/wp-content\/uploads\/2020\/09\/bespoke_1379080127_1200x1200_bordo_noleftup-5.jpg 1053w\" sizes=\"(max-width: 350px) 100vw, 350px\" \/><\/figure>\r\n<\/div>\r\n\r\n\r\n\r\n<p>La fortaleza de Milesi reside en la capacidad de saber c\u00f3mo concretizar\u00a0 las peticiones de los Clientes con soluciones completamente inesperadas, estudiadas seg\u00fan las exigencias particulares del uso, de las prestaciones t\u00e9cnicas, t\u00e1ctiles y visivas.<\/p>\r\n\r\n\r\n\r\n<p><strong>Un equipo de Investigadores est\u00e1 dedicado a la relaci\u00f3n con Arquitectos, Interioristas y Proyectistas: su desaf\u00edo es crear efectos innovadores que puedan servir de inspiraci\u00f3n para el mundo del dise\u00f1o; concretar las visiones de los Clientes, transformarlas en acabados \u00fanicos capaces de combinar aspectos decorativos con un desarrollo funcional y sostenible es el principal objetivo.<\/strong><\/p>\r\n\r\n\r\n\r\n<p>Los Investigadores acompa\u00f1an a los profesionales para descubrir una gama en constante evoluci\u00f3n, al servicio del proyecto, capaz de sorprender por las infinitas y muchas veces ignoradas posibilidades que ofrecen los barnices. Gracias al profundo know-how t\u00e9cnico, escuchan e interpretan las necesidades individuales, traduci\u00e9ndolas en nuevas formulaciones.<\/p>\r\n\r\n\r\n\r\n<p>Los Asistentes T\u00e9cnicos colaboran constantemente con los Clientes para identificar los procesos m\u00e1s id\u00f3neos\u00a0 para conseguir los resultados t\u00e9cnicos y est\u00e9ticos deseados y sus exigencias aplicativas,, para ajustar los productos en sus instalaciones y asesorarles en la optimizaci\u00f3n de los procesos de barnizado.<\/p>\r\n\r\n\r\n\r\n<div class=\"wp-block-spacer\" style=\"height: 20px;\" aria-hidden=\"true\"><img loading=\"lazy\" decoding=\"async\" class=\"size-full wp-image-12165 aligncenter\" src=\"https:\/\/www.milesi.com\/wp-content\/uploads\/2021\/01\/soluzioni-bespoke-1-scaled.jpg\" alt=\"\" width=\"2560\" height=\"702\" srcset=\"https:\/\/www.milesi.com\/wp-content\/uploads\/2021\/01\/soluzioni-bespoke-1-scaled.jpg 2560w, https:\/\/www.milesi.com\/wp-content\/uploads\/2021\/01\/soluzioni-bespoke-1-scaled-600x165.jpg 600w, https:\/\/www.milesi.com\/wp-content\/uploads\/2021\/01\/soluzioni-bespoke-1-300x82.jpg 300w, https:\/\/www.milesi.com\/wp-content\/uploads\/2021\/01\/soluzioni-bespoke-1-1024x281.jpg 1024w, https:\/\/www.milesi.com\/wp-content\/uploads\/2021\/01\/soluzioni-bespoke-1-768x211.jpg 768w, https:\/\/www.milesi.com\/wp-content\/uploads\/2021\/01\/soluzioni-bespoke-1-1536x421.jpg 1536w, https:\/\/www.milesi.com\/wp-content\/uploads\/2021\/01\/soluzioni-bespoke-1-2048x562.jpg 2048w, https:\/\/www.milesi.com\/wp-content\/uploads\/2021\/01\/soluzioni-bespoke-1-24x7.jpg 24w, https:\/\/www.milesi.com\/wp-content\/uploads\/2021\/01\/soluzioni-bespoke-1-36x10.jpg 36w, https:\/\/www.milesi.com\/wp-content\/uploads\/2021\/01\/soluzioni-bespoke-1-256x70.jpg 256w\" sizes=\"(max-width: 2560px) 100vw, 2560px\" \/><\/div>\r\n<p>&nbsp;<\/p>\r\n","protected":false},"excerpt":{"rendered":"<p>La fortaleza de Milesi reside en la capacidad de saber c\u00f3mo concretizar\u00a0 las peticiones de los Clientes con soluciones completamente inesperadas, estudiadas seg\u00fan las exigencias particulares del uso, de las prestaciones t\u00e9cnicas, t\u00e1ctiles y visivas. Un equipo de Investigadores est\u00e1 dedicado a la relaci\u00f3n con Arquitectos, Interioristas y Proyectistas: su desaf\u00edo es crear efectos innovadores [&hellip;]<\/p>\n","protected":false},"author":5,"featured_media":8496,"parent":0,"menu_order":19,"comment_status":"closed","ping_status":"closed","template":"","meta":{"_et_pb_use_builder":"","_et_pb_old_content":"","_et_gb_content_width":"","footnotes":""},"class_list":["post-10276","page","type-page","status-publish","has-post-thumbnail","hentry"],"yoast_head":"<!-- This site is optimized with the Yoast SEO plugin v27.3 - https:\/\/yoast.com\/product\/yoast-seo-wordpress\/ -->\n<title>SOLUCIONES BESPOKE - Milesi<\/title>\n<meta name=\"robots\" content=\"index, follow, max-snippet:-1, max-image-preview:large, max-video-preview:-1\" \/>\n<link rel=\"canonical\" href=\"https:\/\/www.milesi.com\/es\/soluciones-bespoke\/\" \/>\n<meta property=\"og:locale\" content=\"es_ES\" \/>\n<meta property=\"og:type\" content=\"article\" \/>\n<meta property=\"og:title\" content=\"SOLUCIONES BESPOKE - Milesi\" \/>\n<meta property=\"og:description\" content=\"La fortaleza de Milesi reside en la capacidad de saber c\u00f3mo concretizar\u00a0 las peticiones de los Clientes con soluciones completamente inesperadas, estudiadas seg\u00fan las exigencias particulares del uso, de las prestaciones t\u00e9cnicas, t\u00e1ctiles y visivas. Un equipo de Investigadores est\u00e1 dedicado a la relaci\u00f3n con Arquitectos, Interioristas y Proyectistas: su desaf\u00edo es crear efectos innovadores [&hellip;]\" \/>\n<meta property=\"og:url\" content=\"https:\/\/www.milesi.com\/es\/soluciones-bespoke\/\" \/>\n<meta property=\"og:site_name\" content=\"Milesi\" \/>\n<meta property=\"article:publisher\" content=\"https:\/\/www.facebook.com\/MilesiVernici\" \/>\n<meta property=\"article:modified_time\" content=\"2025-04-14T15:52:07+00:00\" \/>\n<meta property=\"og:image\" content=\"https:\/\/www.milesi.com\/wp-content\/uploads\/2020\/07\/bespoke_1379080127_1200x1200_bordo.jpg\" \/>\n\t<meta property=\"og:image:width\" content=\"600\" \/>\n\t<meta property=\"og:image:height\" content=\"600\" \/>\n\t<meta property=\"og:image:type\" content=\"image\/jpeg\" \/>\n<meta name=\"twitter:card\" content=\"summary_large_image\" \/>\n<meta name=\"twitter:label1\" content=\"Tiempo de lectura\" \/>\n\t<meta name=\"twitter:data1\" content=\"1 minute\" \/>\n<script type=\"application\/ld+json\" class=\"yoast-schema-graph\">{\"@context\":\"https:\\\/\\\/schema.org\",\"@graph\":[{\"@type\":\"WebPage\",\"@id\":\"https:\\\/\\\/www.milesi.com\\\/es\\\/soluciones-bespoke\\\/\",\"url\":\"https:\\\/\\\/www.milesi.com\\\/es\\\/soluciones-bespoke\\\/\",\"name\":\"SOLUCIONES BESPOKE - Milesi\",\"isPartOf\":{\"@id\":\"https:\\\/\\\/www.milesi.com\\\/es\\\/#website\"},\"primaryImageOfPage\":{\"@id\":\"https:\\\/\\\/www.milesi.com\\\/es\\\/soluciones-bespoke\\\/#primaryimage\"},\"image\":{\"@id\":\"https:\\\/\\\/www.milesi.com\\\/es\\\/soluciones-bespoke\\\/#primaryimage\"},\"thumbnailUrl\":\"https:\\\/\\\/www.milesi.com\\\/wp-content\\\/uploads\\\/2020\\\/07\\\/bespoke_1379080127_1200x1200_bordo.jpg\",\"datePublished\":\"2020-09-22T06:54:52+00:00\",\"dateModified\":\"2025-04-14T15:52:07+00:00\",\"breadcrumb\":{\"@id\":\"https:\\\/\\\/www.milesi.com\\\/es\\\/soluciones-bespoke\\\/#breadcrumb\"},\"inLanguage\":\"es-ES\",\"potentialAction\":[{\"@type\":\"ReadAction\",\"target\":[\"https:\\\/\\\/www.milesi.com\\\/es\\\/soluciones-bespoke\\\/\"]}]},{\"@type\":\"ImageObject\",\"inLanguage\":\"es-ES\",\"@id\":\"https:\\\/\\\/www.milesi.com\\\/es\\\/soluciones-bespoke\\\/#primaryimage\",\"url\":\"https:\\\/\\\/www.milesi.com\\\/wp-content\\\/uploads\\\/2020\\\/07\\\/bespoke_1379080127_1200x1200_bordo.jpg\",\"contentUrl\":\"https:\\\/\\\/www.milesi.com\\\/wp-content\\\/uploads\\\/2020\\\/07\\\/bespoke_1379080127_1200x1200_bordo.jpg\",\"width\":600,\"height\":600},{\"@type\":\"BreadcrumbList\",\"@id\":\"https:\\\/\\\/www.milesi.com\\\/es\\\/soluciones-bespoke\\\/#breadcrumb\",\"itemListElement\":[{\"@type\":\"ListItem\",\"position\":1,\"name\":\"Milesi - Barnices para Madera\",\"item\":\"https:\\\/\\\/www.milesi.com\\\/es\\\/\"},{\"@type\":\"ListItem\",\"position\":2,\"name\":\"SOLUCIONES BESPOKE\"}]},{\"@type\":\"WebSite\",\"@id\":\"https:\\\/\\\/www.milesi.com\\\/es\\\/#website\",\"url\":\"https:\\\/\\\/www.milesi.com\\\/es\\\/\",\"name\":\"Milesi Vernici per il legno\",\"description\":\"Barnices para Madera\",\"publisher\":{\"@id\":\"https:\\\/\\\/www.milesi.com\\\/es\\\/#organization\"},\"alternateName\":\"Milesi\",\"potentialAction\":[{\"@type\":\"SearchAction\",\"target\":{\"@type\":\"EntryPoint\",\"urlTemplate\":\"https:\\\/\\\/www.milesi.com\\\/es\\\/?s={search_term_string}\"},\"query-input\":{\"@type\":\"PropertyValueSpecification\",\"valueRequired\":true,\"valueName\":\"search_term_string\"}}],\"inLanguage\":\"es-ES\"},{\"@type\":\"Organization\",\"@id\":\"https:\\\/\\\/www.milesi.com\\\/es\\\/#organization\",\"name\":\"Milesi Vernici\",\"alternateName\":\"Milesi\",\"url\":\"https:\\\/\\\/www.milesi.com\\\/es\\\/\",\"logo\":{\"@type\":\"ImageObject\",\"inLanguage\":\"es-ES\",\"@id\":\"https:\\\/\\\/www.milesi.com\\\/es\\\/#\\\/schema\\\/logo\\\/image\\\/\",\"url\":\"https:\\\/\\\/www.milesi.com\\\/wp-content\\\/uploads\\\/2022\\\/12\\\/milesi-web.png\",\"contentUrl\":\"https:\\\/\\\/www.milesi.com\\\/wp-content\\\/uploads\\\/2022\\\/12\\\/milesi-web.png\",\"width\":100,\"height\":101,\"caption\":\"Milesi Vernici\"},\"image\":{\"@id\":\"https:\\\/\\\/www.milesi.com\\\/es\\\/#\\\/schema\\\/logo\\\/image\\\/\"},\"sameAs\":[\"https:\\\/\\\/www.facebook.com\\\/MilesiVernici\",\"https:\\\/\\\/www.youtube.com\\\/channel\\\/UCgULN6yzPgE9usmMi3CP5hQ\",\"https:\\\/\\\/www.instagram.com\\\/milesiverniciperlegno\\\/\",\"https:\\\/\\\/vimeo.com\\\/user117001108\",\"https:\\\/\\\/www.linkedin.com\\\/company\\\/milesiwoodcoatings\\\/\"]}]}<\/script>\n<!-- \/ Yoast SEO plugin. -->","yoast_head_json":{"title":"SOLUCIONES BESPOKE - Milesi","robots":{"index":"index","follow":"follow","max-snippet":"max-snippet:-1","max-image-preview":"max-image-preview:large","max-video-preview":"max-video-preview:-1"},"canonical":"https:\/\/www.milesi.com\/es\/soluciones-bespoke\/","og_locale":"es_ES","og_type":"article","og_title":"SOLUCIONES BESPOKE - Milesi","og_description":"La fortaleza de Milesi reside en la capacidad de saber c\u00f3mo concretizar\u00a0 las peticiones de los Clientes con soluciones completamente inesperadas, estudiadas seg\u00fan las exigencias particulares del uso, de las prestaciones t\u00e9cnicas, t\u00e1ctiles y visivas. Un equipo de Investigadores est\u00e1 dedicado a la relaci\u00f3n con Arquitectos, Interioristas y Proyectistas: su desaf\u00edo es crear efectos innovadores [&hellip;]","og_url":"https:\/\/www.milesi.com\/es\/soluciones-bespoke\/","og_site_name":"Milesi","article_publisher":"https:\/\/www.facebook.com\/MilesiVernici","article_modified_time":"2025-04-14T15:52:07+00:00","og_image":[{"width":600,"height":600,"url":"https:\/\/www.milesi.com\/wp-content\/uploads\/2020\/07\/bespoke_1379080127_1200x1200_bordo.jpg","type":"image\/jpeg"}],"twitter_card":"summary_large_image","twitter_misc":{"Tiempo de lectura":"1 minute"},"schema":{"@context":"https:\/\/schema.org","@graph":[{"@type":"WebPage","@id":"https:\/\/www.milesi.com\/es\/soluciones-bespoke\/","url":"https:\/\/www.milesi.com\/es\/soluciones-bespoke\/","name":"SOLUCIONES BESPOKE - Milesi","isPartOf":{"@id":"https:\/\/www.milesi.com\/es\/#website"},"primaryImageOfPage":{"@id":"https:\/\/www.milesi.com\/es\/soluciones-bespoke\/#primaryimage"},"image":{"@id":"https:\/\/www.milesi.com\/es\/soluciones-bespoke\/#primaryimage"},"thumbnailUrl":"https:\/\/www.milesi.com\/wp-content\/uploads\/2020\/07\/bespoke_1379080127_1200x1200_bordo.jpg","datePublished":"2020-09-22T06:54:52+00:00","dateModified":"2025-04-14T15:52:07+00:00","breadcrumb":{"@id":"https:\/\/www.milesi.com\/es\/soluciones-bespoke\/#breadcrumb"},"inLanguage":"es-ES","potentialAction":[{"@type":"ReadAction","target":["https:\/\/www.milesi.com\/es\/soluciones-bespoke\/"]}]},{"@type":"ImageObject","inLanguage":"es-ES","@id":"https:\/\/www.milesi.com\/es\/soluciones-bespoke\/#primaryimage","url":"https:\/\/www.milesi.com\/wp-content\/uploads\/2020\/07\/bespoke_1379080127_1200x1200_bordo.jpg","contentUrl":"https:\/\/www.milesi.com\/wp-content\/uploads\/2020\/07\/bespoke_1379080127_1200x1200_bordo.jpg","width":600,"height":600},{"@type":"BreadcrumbList","@id":"https:\/\/www.milesi.com\/es\/soluciones-bespoke\/#breadcrumb","itemListElement":[{"@type":"ListItem","position":1,"name":"Milesi - Barnices para Madera","item":"https:\/\/www.milesi.com\/es\/"},{"@type":"ListItem","position":2,"name":"SOLUCIONES BESPOKE"}]},{"@type":"WebSite","@id":"https:\/\/www.milesi.com\/es\/#website","url":"https:\/\/www.milesi.com\/es\/","name":"Milesi Vernici per il legno","description":"Barnices para Madera","publisher":{"@id":"https:\/\/www.milesi.com\/es\/#organization"},"alternateName":"Milesi","potentialAction":[{"@type":"SearchAction","target":{"@type":"EntryPoint","urlTemplate":"https:\/\/www.milesi.com\/es\/?s={search_term_string}"},"query-input":{"@type":"PropertyValueSpecification","valueRequired":true,"valueName":"search_term_string"}}],"inLanguage":"es-ES"},{"@type":"Organization","@id":"https:\/\/www.milesi.com\/es\/#organization","name":"Milesi Vernici","alternateName":"Milesi","url":"https:\/\/www.milesi.com\/es\/","logo":{"@type":"ImageObject","inLanguage":"es-ES","@id":"https:\/\/www.milesi.com\/es\/#\/schema\/logo\/image\/","url":"https:\/\/www.milesi.com\/wp-content\/uploads\/2022\/12\/milesi-web.png","contentUrl":"https:\/\/www.milesi.com\/wp-content\/uploads\/2022\/12\/milesi-web.png","width":100,"height":101,"caption":"Milesi Vernici"},"image":{"@id":"https:\/\/www.milesi.com\/es\/#\/schema\/logo\/image\/"},"sameAs":["https:\/\/www.facebook.com\/MilesiVernici","https:\/\/www.youtube.com\/channel\/UCgULN6yzPgE9usmMi3CP5hQ","https:\/\/www.instagram.com\/milesiverniciperlegno\/","https:\/\/vimeo.com\/user117001108","https:\/\/www.linkedin.com\/company\/milesiwoodcoatings\/"]}]}},"_links":{"self":[{"href":"https:\/\/www.milesi.com\/es\/wp-json\/wp\/v2\/pages\/10276","targetHints":{"allow":["GET"]}}],"collection":[{"href":"https:\/\/www.milesi.com\/es\/wp-json\/wp\/v2\/pages"}],"about":[{"href":"https:\/\/www.milesi.com\/es\/wp-json\/wp\/v2\/types\/page"}],"author":[{"embeddable":true,"href":"https:\/\/www.milesi.com\/es\/wp-json\/wp\/v2\/users\/5"}],"replies":[{"embeddable":true,"href":"https:\/\/www.milesi.com\/es\/wp-json\/wp\/v2\/comments?post=10276"}],"version-history":[{"count":2,"href":"https:\/\/www.milesi.com\/es\/wp-json\/wp\/v2\/pages\/10276\/revisions"}],"predecessor-version":[{"id":26642,"href":"https:\/\/www.milesi.com\/es\/wp-json\/wp\/v2\/pages\/10276\/revisions\/26642"}],"wp:featuredmedia":[{"embeddable":true,"href":"https:\/\/www.milesi.com\/es\/wp-json\/wp\/v2\/media\/8496"}],"wp:attachment":[{"href":"https:\/\/www.milesi.com\/es\/wp-json\/wp\/v2\/media?parent=10276"}],"curies":[{"name":"wp","href":"https:\/\/api.w.org\/{rel}","templated":true}]}}