{"id":12085,"date":"2021-01-26T13:37:21","date_gmt":"2021-01-26T12:37:21","guid":{"rendered":"http:\/\/www.milesi.com\/?page_id=12085"},"modified":"2025-06-06T10:53:35","modified_gmt":"2025-06-06T08:53:35","slug":"donde-estamos","status":"publish","type":"page","link":"https:\/\/www.milesi.com\/es\/donde-estamos\/","title":{"rendered":"Donde estamos"},"content":{"rendered":"<p>[et_pb_section fb_built=&#8221;1&#8243; _builder_version=&#8221;4.19.4&#8243; _module_preset=&#8221;default&#8221; custom_padding=&#8221;0px||||false|false&#8221; global_colors_info=&#8221;{}&#8221; theme_builder_area=&#8221;post_content&#8221;][et_pb_row _builder_version=&#8221;4.19.4&#8243; _module_preset=&#8221;default&#8221; custom_padding=&#8221;0px||||false|false&#8221; global_colors_info=&#8221;{}&#8221; theme_builder_area=&#8221;post_content&#8221;][et_pb_column type=&#8221;4_4&#8243; _builder_version=&#8221;4.19.4&#8243; _module_preset=&#8221;default&#8221; global_colors_info=&#8221;{}&#8221; theme_builder_area=&#8221;post_content&#8221;][et_pb_text _builder_version=&#8221;4.19.4&#8243; _module_preset=&#8221;default&#8221; global_colors_info=&#8221;{}&#8221; theme_builder_area=&#8221;post_content&#8221;]<\/p>\n<p style=\"text-align: center;\">Milesi es una marca del Grupo multinacional IVM, con Empresas, Centros de Servicio y Asistentes t\u00e9cnicos especializados en m\u00e1s de 100 pa\u00edses de todo el mundo.<\/p>\n<p style=\"text-align: center;\">Milesi est\u00e1 siempre a su lado para asesorarle sobre las soluciones de barnizado m\u00e1s adecuadas a sus necesidades<\/p>\n<p>[\/et_pb_text][et_pb_button button_url=&#8221;https:\/\/www.milesi.com\/dove-siamo\/mapas\/&#8221; button_text=&#8221;encontrar un distribuidor&#8221; _builder_version=&#8221;4.19.4&#8243; _module_preset=&#8221;default&#8221; global_colors_info=&#8221;{}&#8221; theme_builder_area=&#8221;post_content&#8221;][\/et_pb_button][et_pb_map address=&#8221;Italia&#8221; zoom_level=&#8221;3&#8243; address_lat=&#8221;41.87194&#8243; address_lng=&#8221;12.56738&#8243; mouse_wheel=&#8221;off&#8221; _builder_version=&#8221;4.19.4&#8243; _module_preset=&#8221;default&#8221; global_colors_info=&#8221;{}&#8221; theme_builder_area=&#8221;post_content&#8221;][et_pb_map_pin title=&#8221;IVM CHEMICALS SRL&#8221; pin_address=&#8221;Via Della Stazione, 3, 27020 Parona PV, Italia&#8221; pin_address_lat=&#8221;45.2794587&#8243; pin_address_lng=&#8221;8.776099&#8243; _builder_version=&#8221;4.19.4&#8243; _module_preset=&#8221;default&#8221; global_colors_info=&#8221;{}&#8221; theme_builder_area=&#8221;post_content&#8221;]<\/p>\n<p>V.le della Stazione 3<br \/>27020 Parona (PV)\u00a0 Italia<br \/>Tel. +39 0384 25 44.1<br \/>e-mail:<span>\u00a0<\/span><span><a href=\"mailto:milesi@milesi.it\">milesi@milesi.it<\/a><\/span><\/p>\n<p>[\/et_pb_map_pin][et_pb_map_pin title=&#8221;IVM CHEMICALS INC.&#8221; pin_address=&#8221;501 Mitchell Rd, Glendale Heights, IL 60139, Stati Uniti&#8221; pin_address_lat=&#8221;41.9239884&#8243; pin_address_lng=&#8221;-88.0656796&#8243; _builder_version=&#8221;4.19.4&#8243; _module_preset=&#8221;default&#8221; global_colors_info=&#8221;{}&#8221; theme_builder_area=&#8221;post_content&#8221;]<\/p>\n<p>501 Mitchell Road<br \/>Glendale Heights, IL 60139 USA<br \/>Tel. +1 630 866 2050<br \/>e-mail: milesi@milesi.us<\/p>\n<p>[\/et_pb_map_pin][et_pb_map_pin title=&#8221;MILESI VERNIS SA&#8221; pin_address=&#8221;11 Rue Lucien Sampaix, 91700 Sainte-Genevi\u00e8ve-des-Bois, Francia&#8221; pin_address_lat=&#8221;48.6232854&#8243; pin_address_lng=&#8221;2.3367438&#8243; _builder_version=&#8221;4.19.4&#8243; _module_preset=&#8221;default&#8221; global_colors_info=&#8221;{}&#8221; theme_builder_area=&#8221;post_content&#8221;]<\/p>\n<p>11 rue Lucien Sampaix<br \/>91704 Sainte Genevi\u00e8ve des Bois France<br \/>T\u00e9l. +33 01 60 15 93 44<br \/>e-mail: milesi@milesi.fr<\/p>\n<p>[\/et_pb_map_pin][et_pb_map_pin title=&#8221;INDUSTRIAS QUIMICAS IVM SA&#8221; pin_address=&#8221;C. el Perell\u00f3, 19, 46900 Torrent, Valencia, Spagna&#8221; pin_address_lat=&#8221;39.4371654&#8243; pin_address_lng=&#8221;-0.4814827&#8243; _builder_version=&#8221;4.19.4&#8243; _module_preset=&#8221;default&#8221; global_colors_info=&#8221;{}&#8221; theme_builder_area=&#8221;post_content&#8221;]<\/p>\n<p>C\/. El Perell\u00f3, 19 Pol. lnd. Mas\u00eda del Juez Apdo. Correos 96<br \/>46900 Torrent (Valencia) Espa\u00f1a<br \/>Centralita y Adm\u00f3n. +34 96 158 85 50<br \/>e-mail: ivmchemicals@ivmchemicals.es<\/p>\n<p>[\/et_pb_map_pin][et_pb_map_pin title=&#8221;IVM CHEMICALS SP. Z O. O.&#8221; pin_address=&#8221;Karpin 1, 05-252, Polonia&#8221; pin_address_lat=&#8221;52.4628867&#8243; pin_address_lng=&#8221;21.306417&#8243; _builder_version=&#8221;4.19.4&#8243; _module_preset=&#8221;default&#8221; global_colors_info=&#8221;{}&#8221; theme_builder_area=&#8221;post_content&#8221;]<\/p>\n<p>Karpin 1 D 05-252 Dabr\u00f2wka Polska<br \/>Tel. +48 223 801 800<br \/>e-mail: ivp@ivmchemicals.pl<\/p>\n<p>[\/et_pb_map_pin][et_pb_map_pin title=&#8221;MILESI VERNICI HELLAS SRL&#8221; pin_address=&#8221;Kalatzi 7, Acharnes 136 73, Grecia&#8221; pin_address_lat=&#8221;38.079686&#8243; pin_address_lng=&#8221;23.7410513&#8243; _builder_version=&#8221;4.19.4&#8243; _module_preset=&#8221;default&#8221; global_colors_info=&#8221;{}&#8221; theme_builder_area=&#8221;post_content&#8221;]<\/p>\n<p>Kalatzi 7 Acharnes,<br \/>13673 Athens Greece<br \/>Tel. +30 210 2448797<br \/>e-mail: milesi@milesi-hellas.gr<\/p>\n<p>[\/et_pb_map_pin][et_pb_map_pin title=&#8221;IVM CHEMICALS GMBH&#8221; pin_address=&#8221;Johannes-Kepler-Stra\u00dfe 3, 71083 Herrenberg, Germania&#8221; pin_address_lat=&#8221;48.6006009&#8243; pin_address_lng=&#8221;8.8583491&#8243; _builder_version=&#8221;4.19.4&#8243; _module_preset=&#8221;default&#8221; global_colors_info=&#8221;{}&#8221; theme_builder_area=&#8221;post_content&#8221;]<\/p>\n<p>Johannes-Kepler-Strasse 3,<br \/>D Herrenberg 71083 Deutschland<br \/>Tel. +49 (0) 7032 2006 0<br \/>e-mail: cromalacke@ivmchemicals.de<\/p>\n<p>[\/et_pb_map_pin][\/et_pb_map][\/et_pb_column][\/et_pb_row][et_pb_row column_structure=&#8221;1_4,1_4,1_4,1_4&#8243; use_custom_gutter=&#8221;on&#8221; gutter_width=&#8221;1&#8243; make_equal=&#8221;on&#8221; _builder_version=&#8221;4.19.4&#8243; _module_preset=&#8221;default&#8221; global_colors_info=&#8221;{}&#8221; theme_builder_area=&#8221;post_content&#8221;][et_pb_column type=&#8221;1_4&#8243; _builder_version=&#8221;4.19.4&#8243; _module_preset=&#8221;default&#8221; border_width_right=&#8221;1px&#8221; border_color_right=&#8221;#dddddd&#8221; border_width_left=&#8221;1px&#8221; border_color_left=&#8221;#dddddd&#8221; global_colors_info=&#8221;{}&#8221; theme_builder_area=&#8221;post_content&#8221;][et_pb_text _builder_version=&#8221;4.19.4&#8243; _module_preset=&#8221;default&#8221; header_2_font_size=&#8221;20px&#8221; text_orientation=&#8221;center&#8221; custom_padding=&#8221;|10px||10px|false|false&#8221; global_colors_info=&#8221;{}&#8221; theme_builder_area=&#8221;post_content&#8221;]<\/p>\n<h2>IVM CHEMICALS SRL<\/h2>\n<p>V.le della Stazione 3<br \/>27020 Parona (PV) Italia<br \/>Tel. +39 0384 25 44.1<br \/>e-mail: milesi@milesi.it<\/p>\n<p>[\/et_pb_text][\/et_pb_column][et_pb_column type=&#8221;1_4&#8243; _builder_version=&#8221;4.19.4&#8243; _module_preset=&#8221;default&#8221; border_width_right=&#8221;1px&#8221; border_color_right=&#8221;#dddddd&#8221; border_width_left=&#8221;1px&#8221; border_color_left=&#8221;#dddddd&#8221; global_colors_info=&#8221;{}&#8221; theme_builder_area=&#8221;post_content&#8221;][et_pb_text _builder_version=&#8221;4.19.4&#8243; _module_preset=&#8221;default&#8221; header_2_font_size=&#8221;20px&#8221; text_orientation=&#8221;center&#8221; custom_padding=&#8221;|10px||10px|false|false&#8221; global_colors_info=&#8221;{}&#8221; theme_builder_area=&#8221;post_content&#8221;]<\/p>\n<h2>IVM CHEMICALS INC.<\/h2>\n<p>501 Mitchell Road<br \/>Glendale Heights, IL 60139 USA<br \/>Tel. +1 630 866 2050<br \/>e-mail: milesi@milesi.us<a href=\"mailto:milesi@milesi.us\" style=\"font-size: 16px;\"><\/a><\/p>\n<p>[\/et_pb_text][\/et_pb_column][et_pb_column type=&#8221;1_4&#8243; _builder_version=&#8221;4.19.4&#8243; _module_preset=&#8221;default&#8221; border_width_right=&#8221;1px&#8221; border_color_right=&#8221;#dddddd&#8221; border_width_left=&#8221;1px&#8221; border_color_left=&#8221;#dddddd&#8221; global_colors_info=&#8221;{}&#8221; theme_builder_area=&#8221;post_content&#8221;][et_pb_text _builder_version=&#8221;4.19.4&#8243; _module_preset=&#8221;default&#8221; header_2_font_size=&#8221;20px&#8221; text_orientation=&#8221;center&#8221; custom_padding=&#8221;|10px||10px|false|false&#8221; global_colors_info=&#8221;{}&#8221; theme_builder_area=&#8221;post_content&#8221;]<\/p>\n<h2>MILESI VERNIS SAS<\/h2>\n<p>11 rue Lucien Sampaix<br \/>91704 Sainte Genevi\u00e8ve des Bois France<br \/>T\u00e9l. +33 01 60 15 93 44<br \/>e-mail: milesi@milesi.fr<\/p>\n<p>[\/et_pb_text][\/et_pb_column][et_pb_column type=&#8221;1_4&#8243; _builder_version=&#8221;4.19.4&#8243; _module_preset=&#8221;default&#8221; border_width_right=&#8221;1px&#8221; border_color_right=&#8221;#dddddd&#8221; border_width_left=&#8221;1px&#8221; border_color_left=&#8221;#dddddd&#8221; global_colors_info=&#8221;{}&#8221; theme_builder_area=&#8221;post_content&#8221;][et_pb_text _builder_version=&#8221;4.19.4&#8243; _module_preset=&#8221;default&#8221; header_2_font_size=&#8221;20px&#8221; text_orientation=&#8221;center&#8221; custom_padding=&#8221;|10px||10px|false|false&#8221; global_colors_info=&#8221;{}&#8221; theme_builder_area=&#8221;post_content&#8221;]<\/p>\n<h2>INDUSTRIAS QUIMICAS IVM SA<\/h2>\n<p>C\/. El Perell\u00f3, 19 Pol. lnd. Mas\u00eda del Juez Apdo. Correos 96<br \/>46900 Torrent (Valencia) Espa\u00f1a<br \/>Centralita y Adm\u00f3n. +34 96 158 85 50<br \/>e-mail: ivmchemicals@ivmchemicals.es<\/p>\n<p>[\/et_pb_text][\/et_pb_column][\/et_pb_row][et_pb_row column_structure=&#8221;1_4,1_4,1_4,1_4&#8243; use_custom_gutter=&#8221;on&#8221; gutter_width=&#8221;1&#8243; make_equal=&#8221;on&#8221; _builder_version=&#8221;4.19.4&#8243; _module_preset=&#8221;default&#8221; global_colors_info=&#8221;{}&#8221; theme_builder_area=&#8221;post_content&#8221;][et_pb_column type=&#8221;1_4&#8243; _builder_version=&#8221;4.19.4&#8243; _module_preset=&#8221;default&#8221; border_width_right=&#8221;1px&#8221; border_color_right=&#8221;#dddddd&#8221; border_width_left=&#8221;1px&#8221; border_color_left=&#8221;#dddddd&#8221; global_colors_info=&#8221;{}&#8221; theme_builder_area=&#8221;post_content&#8221;][et_pb_text _builder_version=&#8221;4.19.4&#8243; _module_preset=&#8221;default&#8221; header_2_font_size=&#8221;20px&#8221; text_orientation=&#8221;center&#8221; custom_padding=&#8221;|10px||10px|false|false&#8221; global_colors_info=&#8221;{}&#8221; theme_builder_area=&#8221;post_content&#8221;]<\/p>\n<h2>IVM CHEMICALS SP. Z O. O.<\/h2>\n<p>Karpin 1 D 05-252 Dabr\u00f2wka Polska<br \/>Tel. +48 223 801 800<br \/>e-mail: ivp@ivmchemicals.pl<\/p>\n<p>[\/et_pb_text][\/et_pb_column][et_pb_column type=&#8221;1_4&#8243; _builder_version=&#8221;4.19.4&#8243; _module_preset=&#8221;default&#8221; border_width_right=&#8221;1px&#8221; border_color_right=&#8221;#dddddd&#8221; border_width_left=&#8221;1px&#8221; border_color_left=&#8221;#dddddd&#8221; global_colors_info=&#8221;{}&#8221; theme_builder_area=&#8221;post_content&#8221;][et_pb_text _builder_version=&#8221;4.19.4&#8243; _module_preset=&#8221;default&#8221; header_2_font_size=&#8221;20px&#8221; text_orientation=&#8221;center&#8221; custom_padding=&#8221;|10px||10px|false|false&#8221; global_colors_info=&#8221;{}&#8221; theme_builder_area=&#8221;post_content&#8221;]<\/p>\n<h2>MILESI VERNICI HELLAS SRL<\/h2>\n<p>Kalatzi 7 Acharnes,<br \/>13673 Athens Greece<br \/>Tel. +30 210 2448797<br \/>e-mail: milesi@milesi-hellas.gr<\/p>\n<p>[\/et_pb_text][\/et_pb_column][et_pb_column type=&#8221;1_4&#8243; _builder_version=&#8221;4.19.4&#8243; _module_preset=&#8221;default&#8221; border_width_right=&#8221;1px&#8221; border_color_right=&#8221;#dddddd&#8221; border_width_left=&#8221;1px&#8221; border_color_left=&#8221;#dddddd&#8221; global_colors_info=&#8221;{}&#8221; theme_builder_area=&#8221;post_content&#8221;][et_pb_text _builder_version=&#8221;4.19.4&#8243; _module_preset=&#8221;default&#8221; header_2_font_size=&#8221;20px&#8221; text_orientation=&#8221;center&#8221; custom_padding=&#8221;|10px||10px|false|false&#8221; global_colors_info=&#8221;{}&#8221; theme_builder_area=&#8221;post_content&#8221;]<\/p>\n<h2>IVM CHEMICALS GMBH<\/h2>\n<p>Johannes-Kepler-Strasse 3,<br \/>D Herrenberg 71083 Deutschland<br \/>Tel. +49 (0) 7032 2006 0<br \/>e-mail: cromalacke@ivmchemicals.de<\/p>\n<p>[\/et_pb_text][\/et_pb_column][et_pb_column type=&#8221;1_4&#8243; _builder_version=&#8221;4.19.4&#8243; _module_preset=&#8221;default&#8221; global_colors_info=&#8221;{}&#8221; theme_builder_area=&#8221;post_content&#8221;][\/et_pb_column][\/et_pb_row][\/et_pb_section]<\/p>\n","protected":false},"excerpt":{"rendered":"<p>Milesi es una marca del Grupo multinacional IVM, con Empresas, Centros de Servicio y Asistentes t\u00e9cnicos especializados en m\u00e1s de 100 pa\u00edses de todo el mundo. Milesi est\u00e1 siempre a su lado para asesorarle sobre las soluciones de barnizado m\u00e1s adecuadas a sus necesidadesV.le della Stazione 327020 Parona (PV)\u00a0 ItaliaTel. +39 0384 25 44.1e-mail:\u00a0milesi@milesi.it501 Mitchell [&hellip;]<\/p>\n","protected":false},"author":5,"featured_media":0,"parent":0,"menu_order":15,"comment_status":"closed","ping_status":"closed","template":"","meta":{"_et_pb_use_builder":"on","_et_pb_old_content":"","_et_gb_content_width":"","footnotes":""},"class_list":["post-12085","page","type-page","status-publish","hentry"],"yoast_head":"<!-- This site is optimized with the Yoast SEO plugin v27.3 - https:\/\/yoast.com\/product\/yoast-seo-wordpress\/ -->\n<title>Donde estamos - Milesi<\/title>\n<meta name=\"robots\" content=\"index, follow, max-snippet:-1, max-image-preview:large, max-video-preview:-1\" \/>\n<link rel=\"canonical\" href=\"https:\/\/www.milesi.com\/es\/donde-estamos\/\" \/>\n<meta property=\"og:locale\" content=\"es_ES\" \/>\n<meta property=\"og:type\" content=\"article\" \/>\n<meta property=\"og:title\" content=\"Donde estamos - Milesi\" \/>\n<meta property=\"og:description\" content=\"Milesi es una marca del Grupo multinacional IVM, con Empresas, Centros de Servicio y Asistentes t\u00e9cnicos especializados en m\u00e1s de 100 pa\u00edses de todo el mundo. Milesi est\u00e1 siempre a su lado para asesorarle sobre las soluciones de barnizado m\u00e1s adecuadas a sus necesidadesV.le della Stazione 327020 Parona (PV)\u00a0 ItaliaTel. +39 0384 25 44.1e-mail:\u00a0milesi@milesi.it501 Mitchell [&hellip;]\" \/>\n<meta property=\"og:url\" content=\"https:\/\/www.milesi.com\/es\/donde-estamos\/\" \/>\n<meta property=\"og:site_name\" content=\"Milesi\" \/>\n<meta property=\"article:publisher\" content=\"https:\/\/www.facebook.com\/MilesiVernici\" \/>\n<meta property=\"article:modified_time\" content=\"2025-06-06T08:53:35+00:00\" \/>\n<meta name=\"twitter:card\" content=\"summary_large_image\" \/>\n<meta name=\"twitter:label1\" content=\"Tiempo de lectura\" \/>\n\t<meta name=\"twitter:data1\" content=\"1 minute\" \/>\n<script type=\"application\/ld+json\" class=\"yoast-schema-graph\">{\"@context\":\"https:\\\/\\\/schema.org\",\"@graph\":[{\"@type\":\"WebPage\",\"@id\":\"https:\\\/\\\/www.milesi.com\\\/es\\\/donde-estamos\\\/\",\"url\":\"https:\\\/\\\/www.milesi.com\\\/es\\\/donde-estamos\\\/\",\"name\":\"Donde estamos - Milesi\",\"isPartOf\":{\"@id\":\"https:\\\/\\\/www.milesi.com\\\/es\\\/#website\"},\"datePublished\":\"2021-01-26T12:37:21+00:00\",\"dateModified\":\"2025-06-06T08:53:35+00:00\",\"breadcrumb\":{\"@id\":\"https:\\\/\\\/www.milesi.com\\\/es\\\/donde-estamos\\\/#breadcrumb\"},\"inLanguage\":\"es-ES\",\"potentialAction\":[{\"@type\":\"ReadAction\",\"target\":[\"https:\\\/\\\/www.milesi.com\\\/es\\\/donde-estamos\\\/\"]}]},{\"@type\":\"BreadcrumbList\",\"@id\":\"https:\\\/\\\/www.milesi.com\\\/es\\\/donde-estamos\\\/#breadcrumb\",\"itemListElement\":[{\"@type\":\"ListItem\",\"position\":1,\"name\":\"Milesi - Barnices para Madera\",\"item\":\"https:\\\/\\\/www.milesi.com\\\/es\\\/\"},{\"@type\":\"ListItem\",\"position\":2,\"name\":\"Donde estamos\"}]},{\"@type\":\"WebSite\",\"@id\":\"https:\\\/\\\/www.milesi.com\\\/es\\\/#website\",\"url\":\"https:\\\/\\\/www.milesi.com\\\/es\\\/\",\"name\":\"Milesi Vernici per il legno\",\"description\":\"Barnices para Madera\",\"publisher\":{\"@id\":\"https:\\\/\\\/www.milesi.com\\\/es\\\/#organization\"},\"alternateName\":\"Milesi\",\"potentialAction\":[{\"@type\":\"SearchAction\",\"target\":{\"@type\":\"EntryPoint\",\"urlTemplate\":\"https:\\\/\\\/www.milesi.com\\\/es\\\/?s={search_term_string}\"},\"query-input\":{\"@type\":\"PropertyValueSpecification\",\"valueRequired\":true,\"valueName\":\"search_term_string\"}}],\"inLanguage\":\"es-ES\"},{\"@type\":\"Organization\",\"@id\":\"https:\\\/\\\/www.milesi.com\\\/es\\\/#organization\",\"name\":\"Milesi Vernici\",\"alternateName\":\"Milesi\",\"url\":\"https:\\\/\\\/www.milesi.com\\\/es\\\/\",\"logo\":{\"@type\":\"ImageObject\",\"inLanguage\":\"es-ES\",\"@id\":\"https:\\\/\\\/www.milesi.com\\\/es\\\/#\\\/schema\\\/logo\\\/image\\\/\",\"url\":\"https:\\\/\\\/www.milesi.com\\\/wp-content\\\/uploads\\\/2022\\\/12\\\/milesi-web.png\",\"contentUrl\":\"https:\\\/\\\/www.milesi.com\\\/wp-content\\\/uploads\\\/2022\\\/12\\\/milesi-web.png\",\"width\":100,\"height\":101,\"caption\":\"Milesi Vernici\"},\"image\":{\"@id\":\"https:\\\/\\\/www.milesi.com\\\/es\\\/#\\\/schema\\\/logo\\\/image\\\/\"},\"sameAs\":[\"https:\\\/\\\/www.facebook.com\\\/MilesiVernici\",\"https:\\\/\\\/www.youtube.com\\\/channel\\\/UCgULN6yzPgE9usmMi3CP5hQ\",\"https:\\\/\\\/www.instagram.com\\\/milesiverniciperlegno\\\/\",\"https:\\\/\\\/vimeo.com\\\/user117001108\",\"https:\\\/\\\/www.linkedin.com\\\/company\\\/milesiwoodcoatings\\\/\"]}]}<\/script>\n<!-- \/ Yoast SEO plugin. -->","yoast_head_json":{"title":"Donde estamos - Milesi","robots":{"index":"index","follow":"follow","max-snippet":"max-snippet:-1","max-image-preview":"max-image-preview:large","max-video-preview":"max-video-preview:-1"},"canonical":"https:\/\/www.milesi.com\/es\/donde-estamos\/","og_locale":"es_ES","og_type":"article","og_title":"Donde estamos - Milesi","og_description":"Milesi es una marca del Grupo multinacional IVM, con Empresas, Centros de Servicio y Asistentes t\u00e9cnicos especializados en m\u00e1s de 100 pa\u00edses de todo el mundo. Milesi est\u00e1 siempre a su lado para asesorarle sobre las soluciones de barnizado m\u00e1s adecuadas a sus necesidadesV.le della Stazione 327020 Parona (PV)\u00a0 ItaliaTel. +39 0384 25 44.1e-mail:\u00a0milesi@milesi.it501 Mitchell [&hellip;]","og_url":"https:\/\/www.milesi.com\/es\/donde-estamos\/","og_site_name":"Milesi","article_publisher":"https:\/\/www.facebook.com\/MilesiVernici","article_modified_time":"2025-06-06T08:53:35+00:00","twitter_card":"summary_large_image","twitter_misc":{"Tiempo de lectura":"1 minute"},"schema":{"@context":"https:\/\/schema.org","@graph":[{"@type":"WebPage","@id":"https:\/\/www.milesi.com\/es\/donde-estamos\/","url":"https:\/\/www.milesi.com\/es\/donde-estamos\/","name":"Donde estamos - Milesi","isPartOf":{"@id":"https:\/\/www.milesi.com\/es\/#website"},"datePublished":"2021-01-26T12:37:21+00:00","dateModified":"2025-06-06T08:53:35+00:00","breadcrumb":{"@id":"https:\/\/www.milesi.com\/es\/donde-estamos\/#breadcrumb"},"inLanguage":"es-ES","potentialAction":[{"@type":"ReadAction","target":["https:\/\/www.milesi.com\/es\/donde-estamos\/"]}]},{"@type":"BreadcrumbList","@id":"https:\/\/www.milesi.com\/es\/donde-estamos\/#breadcrumb","itemListElement":[{"@type":"ListItem","position":1,"name":"Milesi - Barnices para Madera","item":"https:\/\/www.milesi.com\/es\/"},{"@type":"ListItem","position":2,"name":"Donde estamos"}]},{"@type":"WebSite","@id":"https:\/\/www.milesi.com\/es\/#website","url":"https:\/\/www.milesi.com\/es\/","name":"Milesi Vernici per il legno","description":"Barnices para Madera","publisher":{"@id":"https:\/\/www.milesi.com\/es\/#organization"},"alternateName":"Milesi","potentialAction":[{"@type":"SearchAction","target":{"@type":"EntryPoint","urlTemplate":"https:\/\/www.milesi.com\/es\/?s={search_term_string}"},"query-input":{"@type":"PropertyValueSpecification","valueRequired":true,"valueName":"search_term_string"}}],"inLanguage":"es-ES"},{"@type":"Organization","@id":"https:\/\/www.milesi.com\/es\/#organization","name":"Milesi Vernici","alternateName":"Milesi","url":"https:\/\/www.milesi.com\/es\/","logo":{"@type":"ImageObject","inLanguage":"es-ES","@id":"https:\/\/www.milesi.com\/es\/#\/schema\/logo\/image\/","url":"https:\/\/www.milesi.com\/wp-content\/uploads\/2022\/12\/milesi-web.png","contentUrl":"https:\/\/www.milesi.com\/wp-content\/uploads\/2022\/12\/milesi-web.png","width":100,"height":101,"caption":"Milesi Vernici"},"image":{"@id":"https:\/\/www.milesi.com\/es\/#\/schema\/logo\/image\/"},"sameAs":["https:\/\/www.facebook.com\/MilesiVernici","https:\/\/www.youtube.com\/channel\/UCgULN6yzPgE9usmMi3CP5hQ","https:\/\/www.instagram.com\/milesiverniciperlegno\/","https:\/\/vimeo.com\/user117001108","https:\/\/www.linkedin.com\/company\/milesiwoodcoatings\/"]}]}},"_links":{"self":[{"href":"https:\/\/www.milesi.com\/es\/wp-json\/wp\/v2\/pages\/12085","targetHints":{"allow":["GET"]}}],"collection":[{"href":"https:\/\/www.milesi.com\/es\/wp-json\/wp\/v2\/pages"}],"about":[{"href":"https:\/\/www.milesi.com\/es\/wp-json\/wp\/v2\/types\/page"}],"author":[{"embeddable":true,"href":"https:\/\/www.milesi.com\/es\/wp-json\/wp\/v2\/users\/5"}],"replies":[{"embeddable":true,"href":"https:\/\/www.milesi.com\/es\/wp-json\/wp\/v2\/comments?post=12085"}],"version-history":[{"count":8,"href":"https:\/\/www.milesi.com\/es\/wp-json\/wp\/v2\/pages\/12085\/revisions"}],"predecessor-version":[{"id":27342,"href":"https:\/\/www.milesi.com\/es\/wp-json\/wp\/v2\/pages\/12085\/revisions\/27342"}],"wp:attachment":[{"href":"https:\/\/www.milesi.com\/es\/wp-json\/wp\/v2\/media?parent=12085"}],"curies":[{"name":"wp","href":"https:\/\/api.w.org\/{rel}","templated":true}]}}