{"id":23957,"date":"2023-07-14T09:25:35","date_gmt":"2023-07-14T07:25:35","guid":{"rendered":"https:\/\/www.milesi.com\/?page_id=23957"},"modified":"2023-07-14T09:25:37","modified_gmt":"2023-07-14T07:25:37","slug":"informacion-de-cookies","status":"publish","type":"page","link":"https:\/\/www.milesi.com\/es\/informacion-de-cookies\/","title":{"rendered":"Informaci\u00f3n de cookies"},"content":{"rendered":"\n<p><strong>Uso de cookie<\/strong><strong>s<\/strong><\/p>\n\n\n\n<p>Al usuario se le pone a disposici\u00f3n la siguiente informaci\u00f3n en actuaci\u00f3n de la disposici\u00f3n del Garante para la protecci\u00f3n de los datos personales del 8 de mayo de 2014 \u00abIdentificaci\u00f3n de las modalidades simplificadas para la informativa y la adquisici\u00f3n del consentimiento para el uso de cookies\u00bb.<\/p>\n\n\n\n<p>\u00bfQU\u00c9 SON LAS COOKIES?<\/p>\n\n\n\n<p>Las cookies son cadenas de texto de peque\u00f1a dimensi\u00f3n que un sitio Web puede enviar, durante la navegaci\u00f3n, a su dispositivo (PC, notebook, smartphone, tableta; en general vienen conservados directamente en el navegador que se utiliza para la navegaci\u00f3n). El mismo sitio Web que los ha transmitido, luego puede leer y registrar las cookies que se hallan en el mismo dispositivo para obtener informaci\u00f3n de distinto tipo. \u00bfCu\u00e1l? Para cada tipo de cookie hay un papel bien definido.<\/p>\n\n\n\n<p>\u00bfCU\u00c1NTOS TIPOS DE COOKIES EXISTEN?<\/p>\n\n\n\n<p>Existen dos macro-categor\u00edas fundamentales, con caracter\u00edsticas diferentes: cookies t\u00e9cnicas y cookies para crear el perfil.<\/p>\n\n\n\n<p>Las cookies t\u00e9cnicas, en general, son necesarias para el correcto funcionamiento del sitio Web y para permitir la navegaci\u00f3n; sin las cuales no se podr\u00edan visualizar correctamente las p\u00e1ginas o utilizar algunos servicios. Por ejemplo, una cookie t\u00e9cnica es indispensable para mantener al usuario conectado durante toda la visita a un sitio Web o para memorizar los datos de configuraci\u00f3n de idioma, visualizaci\u00f3n, etc. Las cookies t\u00e9cnicas pueden distinguirse, por otro lado, en:<\/p>\n\n\n\n<ul class=\"wp-block-list\">\n<li>cookies de navegaci\u00f3n, que garantizan la normal navegaci\u00f3n y utilizaci\u00f3n del sitio web (permitiendo, por ejemplo, realizar una compra o autenticarse para acceder a \u00e1reas reservadas);<\/li>\n\n\n\n<li>cookies anal\u00edticas, asimiladas a las cookies t\u00e9cnicas \u00fanicamente si los utiliza directamente el gestor del sitio para recoger datos, de forma agregada, sobre la cantidad de usuarios y sobre la modalidad de estos \u00faltimos de visitar el mismo sitio.<\/li>\n\n\n\n<li>cookies de funcionalidades, que le permiten al usuario la navegaci\u00f3n en funci\u00f3n de una serie de criterios seleccionados (por ejemplo, idioma, productos seleccionados para la compra) con el fin de mejorar el servicio ofrecido al mismo.<\/li>\n<\/ul>\n\n\n\n<p>\u00a1Las cookies de creaci\u00f3n de perfil son m\u00e1s sofisticadas! Estas cookies tienen el cometido de determinar el perfil del usuario y se utilizan para enviar mensajes publicitarios en base a las preferencias que el mismo usuario ha manifestado durante su navegaci\u00f3n.<\/p>\n\n\n\n<p>Las cookies pueden ser clasificadas, una vez m\u00e1s, como:<\/p>\n\n\n\n<ul class=\"wp-block-list\">\n<li>cookies de sesi\u00f3n, las cuales se borran inmediatamente despu\u00e9s de cerrar el navegador;<\/li>\n\n\n\n<li>cookies persistentes, las cuales \u2013contrariamente a las de sesi\u00f3n\u2013 permanecen en el navegador por un determinado per\u00edodo de tiempo. Se utilizan, por ejemplo, para reconocer el dispositivo que se conecta al sitio facilitando as\u00ed las operaciones de autenticaci\u00f3n del usuario.<\/li>\n\n\n\n<li>cookies de primera parte (<em>first-part cookies<\/em>), o sea cookies generadas y administradas directamente por el sujeto que administra el sitio web en el cual el usuario est\u00e1 navegando.<\/li>\n\n\n\n<li>cookies de tercera parte <em>(third-part cookie<\/em>s), las cuales las generan y administran sujetos diferentes del gestor del sitio Web en el cual el usuario est\u00e1 navegando (en virtud, por lo general, de un contrato entre el titular del sitio Web y la tercera parte).<\/li>\n<\/ul>\n\n\n\n<p>\u00bfCU\u00c1LES COOKIES UTILIZA IVM Chemicals SRL?<\/p>\n\n\n\n<p>El presente sitio, administrado por IVM Chemicals SRL, con sede legal en Mil\u00e1n, Via Torquato Tasso 10, que, por lo tanto, asume la calidad de titular del tratamiento con arreglo al Reglamento U.E. 2016\/679, utiliza solamente cookies t\u00e9cnicas, definidas como las usadas exclusivamente para \u00abefectuar la transmisi\u00f3n de una comunicaci\u00f3n a una red de comunicaci\u00f3n electr\u00f3nica o, en medida estrictamente necesaria al proveedor de un servicio de la sociedad de la informaci\u00f3n expl\u00edcitamente solicitado por el abonado o por el usuario de brindar ese servicio\u00bb y cookies anal\u00edticas, de Google \u00abasimiladas a las cookies t\u00e9cnicas si las utiliza directamente el gestor del sitio para recolectar datos, de forma agregada, sobre cantidad de usuarios y c\u00f3mo estos \u00faltimos visitan el mismo sitio\u00bb..<\/p>\n\n\n\n<p>En particular, se trata de las siguientes:<\/p>\n\n\n\n<figure class=\"wp-block-table\"><table><tbody><tr><td><strong>Cookie<\/strong><\/td><td><strong>Funci\u00f3n<\/strong><\/td><\/tr><tr><td>&nbsp;_session_id<\/td><td>&nbsp;Cookies de sesi\u00f3n<\/td><\/tr><tr><td>&nbsp;Cookies de Google Analytics (GA)<\/td><td>&nbsp;Cookies anal\u00edticas<\/td><\/tr><\/tbody><\/table><\/figure>\n\n\n\n<p>Es posible conseguir un listado completo y siempre actualizado de las cookies de Google Analytics en:<\/p>\n\n\n\n<figure class=\"wp-block-embed\"><div class=\"wp-block-embed__wrapper\">\nhttps:\/\/developers.google.com\/analytics\/devguides\/collection\/analyticsjs\/cookie-usage\n<\/div><\/figure>\n\n\n\n<p>Para la instalaci\u00f3n y el uso de esas cookies no es necesario que el usuario proporcione su consentimiento por adelantado ya que se trata de cookies necesarias e indispensables para el correcto funcionamiento de las aplicaciones.<\/p>\n\n\n\n<p>El presente sitio Web permite seleccionar\/deseleccionar cookies individuales, con las modalidades que se indican a continuaci\u00f3n, pero se advierte que, en caso de desactivaci\u00f3n, no se garantiza su plena funcionalidad.<\/p>\n\n\n\n<p><strong>A menos que las deshabilite en nuestro sitio Web, el usuario utilizando el sitio acepta nuestra pol\u00edtica en materia de cookies.<\/strong><\/p>\n\n\n\n<p>Para desactivar, eliminar o bloquear las cookies es posible recurrir a la configuraci\u00f3n del navegador, seg\u00fan las indicaciones que se brindan a continuaci\u00f3n:<\/p>\n\n\n\n<p><strong>Habilitaci\u00f3n \/ inhabilitaci\u00f3n de cookies a trav\u00e9s del navegador<\/strong><\/p>\n\n\n\n<p>Existen distintas modalidades para administrar las cookies. Modificando la configuraci\u00f3n del navegador, se puede aceptar o rechazar las cookies o decidir si recibir un mensaje de aviso antes de aceptar una cookie de los sitios Web que se visitaron. Es posible eliminar todas las cookies que se instalaron en la carpeta de cookies del navegador. Cada navegador tiene su propio procedimiento para administrar la configuraci\u00f3n. En los enlaces de abajo es posible conseguir informaci\u00f3n acerca de los navegadores m\u00e1s comunes<\/p>\n\n\n\n<p><a href=\"https:\/\/support.microsoft.com\/es-es\/help\/4468242\/microsoft-edge-browsing-data-and-privacy\" target=\"_blank\" rel=\"noreferrer noopener\">Microsoft Edge<\/a><\/p>\n\n\n\n<p><a href=\"https:\/\/support.google.com\/chrome\/answer\/95647?hl=es&amp;p=cpn_cookies\" target=\"_blank\" rel=\"noreferrer noopener\">Google Chrome<\/a><\/p>\n\n\n\n<p><a href=\"https:\/\/support.mozilla.org\/es\/kb\/proteccion-de-rastreo-mejorada-en-firefox-para-esc#w_what-to-do-if-a-site-seems-broken\" target=\"_blank\" rel=\"noreferrer noopener\">Mozilla Firefox<\/a><\/p>\n\n\n\n<p><a href=\"https:\/\/support.apple.com\/es-es\/guide\/safari\/sfri11471\/mac\" target=\"_blank\" rel=\"noreferrer noopener\">Apple Safari<\/a><\/p>\n\n\n\n<p>Si no se utiliza ninguno de los navegadores del listado anterior, para saber d\u00f3nde est\u00e1 su carpeta de cookies seleccione &#8220;cookie&#8221; en la secci\u00f3n de la gu\u00eda de su navegador.<\/p>\n\n\n\n<p>Para m\u00e1s informaci\u00f3n sobre el uso de cookies, dirigirse directamente al titular, enviar un e-mail a:&nbsp;<a href=\"mailto:info@ivmchemicals.com\">info@ivmchemicals.com<\/a>, tambi\u00e9n para pedir el listado completo de los responsables del tratamiento de los datos.<\/p>\n","protected":false},"excerpt":{"rendered":"<p>Uso de cookies Al usuario se le pone a disposici\u00f3n la siguiente informaci\u00f3n en actuaci\u00f3n de la disposici\u00f3n del Garante para la protecci\u00f3n de los datos personales del 8 de mayo de 2014 \u00abIdentificaci\u00f3n de las modalidades simplificadas para la informativa y la adquisici\u00f3n del consentimiento para el uso de cookies\u00bb. \u00bfQU\u00c9 SON LAS COOKIES? [&hellip;]<\/p>\n","protected":false},"author":10,"featured_media":0,"parent":0,"menu_order":14,"comment_status":"closed","ping_status":"closed","template":"","meta":{"_et_pb_use_builder":"","_et_pb_old_content":"","_et_gb_content_width":"","footnotes":""},"class_list":["post-23957","page","type-page","status-publish","hentry"],"yoast_head":"<!-- This site is optimized with the Yoast SEO plugin v27.3 - https:\/\/yoast.com\/product\/yoast-seo-wordpress\/ -->\n<title>Informaci\u00f3n de cookies - Milesi<\/title>\n<meta name=\"robots\" content=\"noindex, nofollow\" \/>\n<meta property=\"og:locale\" content=\"es_ES\" \/>\n<meta property=\"og:type\" content=\"article\" \/>\n<meta property=\"og:title\" content=\"Informaci\u00f3n de cookies - Milesi\" \/>\n<meta property=\"og:description\" content=\"Uso de cookies Al usuario se le pone a disposici\u00f3n la siguiente informaci\u00f3n en actuaci\u00f3n de la disposici\u00f3n del Garante para la protecci\u00f3n de los datos personales del 8 de mayo de 2014 \u00abIdentificaci\u00f3n de las modalidades simplificadas para la informativa y la adquisici\u00f3n del consentimiento para el uso de cookies\u00bb. \u00bfQU\u00c9 SON LAS COOKIES? [&hellip;]\" \/>\n<meta property=\"og:url\" content=\"https:\/\/www.milesi.com\/es\/informacion-de-cookies\/\" \/>\n<meta property=\"og:site_name\" content=\"Milesi\" \/>\n<meta property=\"article:publisher\" content=\"https:\/\/www.facebook.com\/MilesiVernici\" \/>\n<meta property=\"article:modified_time\" content=\"2023-07-14T07:25:37+00:00\" \/>\n<meta name=\"twitter:card\" content=\"summary_large_image\" \/>\n<meta name=\"twitter:label1\" content=\"Tiempo de lectura\" \/>\n\t<meta name=\"twitter:data1\" content=\"5 minutes\" \/>\n<script type=\"application\/ld+json\" class=\"yoast-schema-graph\">{\"@context\":\"https:\\\/\\\/schema.org\",\"@graph\":[{\"@type\":\"WebPage\",\"@id\":\"https:\\\/\\\/www.milesi.com\\\/es\\\/informacion-de-cookies\\\/\",\"url\":\"https:\\\/\\\/www.milesi.com\\\/es\\\/informacion-de-cookies\\\/\",\"name\":\"Informaci\u00f3n de cookies - Milesi\",\"isPartOf\":{\"@id\":\"https:\\\/\\\/www.milesi.com\\\/es\\\/#website\"},\"datePublished\":\"2023-07-14T07:25:35+00:00\",\"dateModified\":\"2023-07-14T07:25:37+00:00\",\"breadcrumb\":{\"@id\":\"https:\\\/\\\/www.milesi.com\\\/es\\\/informacion-de-cookies\\\/#breadcrumb\"},\"inLanguage\":\"es-ES\",\"potentialAction\":[{\"@type\":\"ReadAction\",\"target\":[\"https:\\\/\\\/www.milesi.com\\\/es\\\/informacion-de-cookies\\\/\"]}]},{\"@type\":\"BreadcrumbList\",\"@id\":\"https:\\\/\\\/www.milesi.com\\\/es\\\/informacion-de-cookies\\\/#breadcrumb\",\"itemListElement\":[{\"@type\":\"ListItem\",\"position\":1,\"name\":\"Milesi - Barnices para Madera\",\"item\":\"https:\\\/\\\/www.milesi.com\\\/es\\\/\"},{\"@type\":\"ListItem\",\"position\":2,\"name\":\"Informaci\u00f3n de cookies\"}]},{\"@type\":\"WebSite\",\"@id\":\"https:\\\/\\\/www.milesi.com\\\/es\\\/#website\",\"url\":\"https:\\\/\\\/www.milesi.com\\\/es\\\/\",\"name\":\"Milesi Vernici per il legno\",\"description\":\"Barnices para Madera\",\"publisher\":{\"@id\":\"https:\\\/\\\/www.milesi.com\\\/es\\\/#organization\"},\"alternateName\":\"Milesi\",\"potentialAction\":[{\"@type\":\"SearchAction\",\"target\":{\"@type\":\"EntryPoint\",\"urlTemplate\":\"https:\\\/\\\/www.milesi.com\\\/es\\\/?s={search_term_string}\"},\"query-input\":{\"@type\":\"PropertyValueSpecification\",\"valueRequired\":true,\"valueName\":\"search_term_string\"}}],\"inLanguage\":\"es-ES\"},{\"@type\":\"Organization\",\"@id\":\"https:\\\/\\\/www.milesi.com\\\/es\\\/#organization\",\"name\":\"Milesi Vernici\",\"alternateName\":\"Milesi\",\"url\":\"https:\\\/\\\/www.milesi.com\\\/es\\\/\",\"logo\":{\"@type\":\"ImageObject\",\"inLanguage\":\"es-ES\",\"@id\":\"https:\\\/\\\/www.milesi.com\\\/es\\\/#\\\/schema\\\/logo\\\/image\\\/\",\"url\":\"https:\\\/\\\/www.milesi.com\\\/wp-content\\\/uploads\\\/2022\\\/12\\\/milesi-web.png\",\"contentUrl\":\"https:\\\/\\\/www.milesi.com\\\/wp-content\\\/uploads\\\/2022\\\/12\\\/milesi-web.png\",\"width\":100,\"height\":101,\"caption\":\"Milesi Vernici\"},\"image\":{\"@id\":\"https:\\\/\\\/www.milesi.com\\\/es\\\/#\\\/schema\\\/logo\\\/image\\\/\"},\"sameAs\":[\"https:\\\/\\\/www.facebook.com\\\/MilesiVernici\",\"https:\\\/\\\/www.youtube.com\\\/channel\\\/UCgULN6yzPgE9usmMi3CP5hQ\",\"https:\\\/\\\/www.instagram.com\\\/milesiverniciperlegno\\\/\",\"https:\\\/\\\/vimeo.com\\\/user117001108\",\"https:\\\/\\\/www.linkedin.com\\\/company\\\/milesiwoodcoatings\\\/\"]}]}<\/script>\n<!-- \/ Yoast SEO plugin. -->","yoast_head_json":{"title":"Informaci\u00f3n de cookies - Milesi","robots":{"index":"noindex","follow":"nofollow"},"og_locale":"es_ES","og_type":"article","og_title":"Informaci\u00f3n de cookies - Milesi","og_description":"Uso de cookies Al usuario se le pone a disposici\u00f3n la siguiente informaci\u00f3n en actuaci\u00f3n de la disposici\u00f3n del Garante para la protecci\u00f3n de los datos personales del 8 de mayo de 2014 \u00abIdentificaci\u00f3n de las modalidades simplificadas para la informativa y la adquisici\u00f3n del consentimiento para el uso de cookies\u00bb. \u00bfQU\u00c9 SON LAS COOKIES? [&hellip;]","og_url":"https:\/\/www.milesi.com\/es\/informacion-de-cookies\/","og_site_name":"Milesi","article_publisher":"https:\/\/www.facebook.com\/MilesiVernici","article_modified_time":"2023-07-14T07:25:37+00:00","twitter_card":"summary_large_image","twitter_misc":{"Tiempo de lectura":"5 minutes"},"schema":{"@context":"https:\/\/schema.org","@graph":[{"@type":"WebPage","@id":"https:\/\/www.milesi.com\/es\/informacion-de-cookies\/","url":"https:\/\/www.milesi.com\/es\/informacion-de-cookies\/","name":"Informaci\u00f3n de cookies - Milesi","isPartOf":{"@id":"https:\/\/www.milesi.com\/es\/#website"},"datePublished":"2023-07-14T07:25:35+00:00","dateModified":"2023-07-14T07:25:37+00:00","breadcrumb":{"@id":"https:\/\/www.milesi.com\/es\/informacion-de-cookies\/#breadcrumb"},"inLanguage":"es-ES","potentialAction":[{"@type":"ReadAction","target":["https:\/\/www.milesi.com\/es\/informacion-de-cookies\/"]}]},{"@type":"BreadcrumbList","@id":"https:\/\/www.milesi.com\/es\/informacion-de-cookies\/#breadcrumb","itemListElement":[{"@type":"ListItem","position":1,"name":"Milesi - Barnices para Madera","item":"https:\/\/www.milesi.com\/es\/"},{"@type":"ListItem","position":2,"name":"Informaci\u00f3n de cookies"}]},{"@type":"WebSite","@id":"https:\/\/www.milesi.com\/es\/#website","url":"https:\/\/www.milesi.com\/es\/","name":"Milesi Vernici per il legno","description":"Barnices para Madera","publisher":{"@id":"https:\/\/www.milesi.com\/es\/#organization"},"alternateName":"Milesi","potentialAction":[{"@type":"SearchAction","target":{"@type":"EntryPoint","urlTemplate":"https:\/\/www.milesi.com\/es\/?s={search_term_string}"},"query-input":{"@type":"PropertyValueSpecification","valueRequired":true,"valueName":"search_term_string"}}],"inLanguage":"es-ES"},{"@type":"Organization","@id":"https:\/\/www.milesi.com\/es\/#organization","name":"Milesi Vernici","alternateName":"Milesi","url":"https:\/\/www.milesi.com\/es\/","logo":{"@type":"ImageObject","inLanguage":"es-ES","@id":"https:\/\/www.milesi.com\/es\/#\/schema\/logo\/image\/","url":"https:\/\/www.milesi.com\/wp-content\/uploads\/2022\/12\/milesi-web.png","contentUrl":"https:\/\/www.milesi.com\/wp-content\/uploads\/2022\/12\/milesi-web.png","width":100,"height":101,"caption":"Milesi Vernici"},"image":{"@id":"https:\/\/www.milesi.com\/es\/#\/schema\/logo\/image\/"},"sameAs":["https:\/\/www.facebook.com\/MilesiVernici","https:\/\/www.youtube.com\/channel\/UCgULN6yzPgE9usmMi3CP5hQ","https:\/\/www.instagram.com\/milesiverniciperlegno\/","https:\/\/vimeo.com\/user117001108","https:\/\/www.linkedin.com\/company\/milesiwoodcoatings\/"]}]}},"_links":{"self":[{"href":"https:\/\/www.milesi.com\/es\/wp-json\/wp\/v2\/pages\/23957","targetHints":{"allow":["GET"]}}],"collection":[{"href":"https:\/\/www.milesi.com\/es\/wp-json\/wp\/v2\/pages"}],"about":[{"href":"https:\/\/www.milesi.com\/es\/wp-json\/wp\/v2\/types\/page"}],"author":[{"embeddable":true,"href":"https:\/\/www.milesi.com\/es\/wp-json\/wp\/v2\/users\/10"}],"replies":[{"embeddable":true,"href":"https:\/\/www.milesi.com\/es\/wp-json\/wp\/v2\/comments?post=23957"}],"version-history":[{"count":1,"href":"https:\/\/www.milesi.com\/es\/wp-json\/wp\/v2\/pages\/23957\/revisions"}],"predecessor-version":[{"id":23958,"href":"https:\/\/www.milesi.com\/es\/wp-json\/wp\/v2\/pages\/23957\/revisions\/23958"}],"wp:attachment":[{"href":"https:\/\/www.milesi.com\/es\/wp-json\/wp\/v2\/media?parent=23957"}],"curies":[{"name":"wp","href":"https:\/\/api.w.org\/{rel}","templated":true}]}}