{"id":9273,"date":"2019-08-02T17:41:20","date_gmt":"2019-08-02T15:41:20","guid":{"rendered":"http:\/\/www.milesi.com\/shop\/sin%20categor\u00eda\/barnices-bca\/"},"modified":"2023-07-14T09:29:33","modified_gmt":"2023-07-14T07:29:33","slug":"barnices-bca","status":"publish","type":"product","link":"https:\/\/www.milesi.com\/es\/producto\/soluciones-para-la-madera\/destacados-soluciones-para-la-madera\/barnices-bca\/","title":{"rendered":"Barnices BCA"},"content":{"rendered":"","protected":false},"excerpt":{"rendered":"<p style=\"text-align: left;\"><strong>La nueva tecnolog\u00eda que revoluciona los barnices para la madera.<br \/>\n<\/strong>Los productos BCA concentran las mejores caracter\u00edsticas de los barnices de poliuretano, acr\u00edlicos, precatalizados o postcatalizados, ofreciendo capacidades funcionales hasta ahora inimaginables:<\/p>\n<ul style=\"text-align: left;\">\n<li>tiempo de secado: 30 minutos y vida \u00fatil superior a 3 d\u00edas<\/li>\n<li>no contiene isocianatos y arom\u00e1ticos<\/li>\n<li>est\u00e9tica perfecta, comparable a la de los mejores acabados de PU y acr\u00edlicos<\/li>\n<li>facilidad de uso comparable a la de un producto de un solo compuesto<\/li>\n<li>resistente a ara\u00f1azos, dureza de la superficie y resistencia a l\u00edquidos fr\u00edos superiores a la de los mejores acabados PU y acr\u00edlicos<\/li>\n<li>resistencia a la luz comparable a la de los mejores acabados acr\u00edlicos<\/li>\n<\/ul>\n<p style=\"text-align: left;\">\n","protected":false},"featured_media":9642,"comment_status":"open","ping_status":"closed","template":"","meta":{"_et_pb_use_builder":"","_et_pb_old_content":"","_et_gb_content_width":""},"product_brand":[],"product_cat":[615,301],"product_tag":[303,626,364,305,627,625,304],"class_list":{"0":"post-9273","1":"product","2":"type-product","3":"status-publish","4":"has-post-thumbnail","6":"product_cat-destacados-soluciones-para-la-madera","7":"product_cat-soluciones-para-la-madera","8":"product_tag-barnices","9":"product_tag-bca-es","10":"product_tag-lacado","11":"product_tag-madera","12":"product_tag-nuez-clara","13":"product_tag-nuez-oscura","14":"product_tag-panel-es","16":"first","17":"instock","18":"shipping-taxable","19":"product-type-simple"},"yoast_head":"<!-- This site is optimized with the Yoast SEO plugin v27.3 - https:\/\/yoast.com\/product\/yoast-seo-wordpress\/ -->\n<title>Barnices BCA - Milesi<\/title>\n<meta name=\"robots\" content=\"index, follow, max-snippet:-1, max-image-preview:large, max-video-preview:-1\" \/>\n<link rel=\"canonical\" href=\"https:\/\/www.milesi.com\/es\/producto\/soluciones-para-la-madera\/destacados-soluciones-para-la-madera\/barnices-bca\/\" \/>\n<meta property=\"og:locale\" content=\"es_ES\" \/>\n<meta property=\"og:type\" content=\"article\" \/>\n<meta property=\"og:title\" content=\"Barnices BCA - Milesi\" \/>\n<meta property=\"og:description\" content=\"La nueva tecnolog\u00eda que revoluciona los barnices para la madera. Los productos BCA concentran las mejores caracter\u00edsticas de los barnices de poliuretano, acr\u00edlicos, precatalizados o postcatalizados, ofreciendo capacidades funcionales hasta ahora inimaginables:    tiempo de secado: 30 minutos y vida \u00fatil superior a 3 d\u00edas  no contiene isocianatos y arom\u00e1ticos  est\u00e9tica perfecta, comparable a la de los mejores acabados de PU y acr\u00edlicos  facilidad de uso comparable a la de un producto de un solo compuesto  resistente a ara\u00f1azos, dureza de la superficie y resistencia a l\u00edquidos fr\u00edos superiores a la de los mejores acabados PU y acr\u00edlicos  resistencia a la luz comparable a la de los mejores acabados acr\u00edlicos\" \/>\n<meta property=\"og:url\" content=\"https:\/\/www.milesi.com\/es\/producto\/soluciones-para-la-madera\/destacados-soluciones-para-la-madera\/barnices-bca\/\" \/>\n<meta property=\"og:site_name\" content=\"Milesi\" \/>\n<meta property=\"article:publisher\" content=\"https:\/\/www.facebook.com\/MilesiVernici\" \/>\n<meta property=\"article:modified_time\" content=\"2023-07-14T07:29:33+00:00\" \/>\n<meta property=\"og:image\" content=\"https:\/\/www.milesi.com\/wp-content\/uploads\/2020\/07\/BAC_379389523_bordo_1200x1200.jpg\" \/>\n\t<meta property=\"og:image:width\" content=\"600\" \/>\n\t<meta property=\"og:image:height\" content=\"600\" \/>\n\t<meta property=\"og:image:type\" content=\"image\/jpeg\" \/>\n<meta name=\"twitter:card\" content=\"summary_large_image\" \/>\n<script type=\"application\/ld+json\" class=\"yoast-schema-graph\">{\"@context\":\"https:\\\/\\\/schema.org\",\"@graph\":[{\"@type\":\"WebPage\",\"@id\":\"https:\\\/\\\/www.milesi.com\\\/es\\\/producto\\\/soluciones-para-la-madera\\\/destacados-soluciones-para-la-madera\\\/barnices-bca\\\/\",\"url\":\"https:\\\/\\\/www.milesi.com\\\/es\\\/producto\\\/soluciones-para-la-madera\\\/destacados-soluciones-para-la-madera\\\/barnices-bca\\\/\",\"name\":\"Barnices BCA - Milesi\",\"isPartOf\":{\"@id\":\"https:\\\/\\\/www.milesi.com\\\/es\\\/#website\"},\"primaryImageOfPage\":{\"@id\":\"https:\\\/\\\/www.milesi.com\\\/es\\\/producto\\\/soluciones-para-la-madera\\\/destacados-soluciones-para-la-madera\\\/barnices-bca\\\/#primaryimage\"},\"image\":{\"@id\":\"https:\\\/\\\/www.milesi.com\\\/es\\\/producto\\\/soluciones-para-la-madera\\\/destacados-soluciones-para-la-madera\\\/barnices-bca\\\/#primaryimage\"},\"thumbnailUrl\":\"https:\\\/\\\/www.milesi.com\\\/wp-content\\\/uploads\\\/2020\\\/07\\\/BAC_379389523_bordo_1200x1200.jpg\",\"datePublished\":\"2019-08-02T15:41:20+00:00\",\"dateModified\":\"2023-07-14T07:29:33+00:00\",\"breadcrumb\":{\"@id\":\"https:\\\/\\\/www.milesi.com\\\/es\\\/producto\\\/soluciones-para-la-madera\\\/destacados-soluciones-para-la-madera\\\/barnices-bca\\\/#breadcrumb\"},\"inLanguage\":\"es-ES\",\"potentialAction\":[{\"@type\":\"ReadAction\",\"target\":[\"https:\\\/\\\/www.milesi.com\\\/es\\\/producto\\\/soluciones-para-la-madera\\\/destacados-soluciones-para-la-madera\\\/barnices-bca\\\/\"]}]},{\"@type\":\"ImageObject\",\"inLanguage\":\"es-ES\",\"@id\":\"https:\\\/\\\/www.milesi.com\\\/es\\\/producto\\\/soluciones-para-la-madera\\\/destacados-soluciones-para-la-madera\\\/barnices-bca\\\/#primaryimage\",\"url\":\"https:\\\/\\\/www.milesi.com\\\/wp-content\\\/uploads\\\/2020\\\/07\\\/BAC_379389523_bordo_1200x1200.jpg\",\"contentUrl\":\"https:\\\/\\\/www.milesi.com\\\/wp-content\\\/uploads\\\/2020\\\/07\\\/BAC_379389523_bordo_1200x1200.jpg\",\"width\":600,\"height\":600,\"caption\":\"Superfici protette contro i batteri grazie alle vernici BCA\"},{\"@type\":\"BreadcrumbList\",\"@id\":\"https:\\\/\\\/www.milesi.com\\\/es\\\/producto\\\/soluciones-para-la-madera\\\/destacados-soluciones-para-la-madera\\\/barnices-bca\\\/#breadcrumb\",\"itemListElement\":[{\"@type\":\"ListItem\",\"position\":1,\"name\":\"Milesi - Barnices para Madera\",\"item\":\"https:\\\/\\\/www.milesi.com\\\/es\\\/\"},{\"@type\":\"ListItem\",\"position\":2,\"name\":\"Prodotti\",\"item\":\"https:\\\/\\\/www.milesi.com\\\/prodotti\\\/\"},{\"@type\":\"ListItem\",\"position\":3,\"name\":\"Barnices BCA\"}]},{\"@type\":\"WebSite\",\"@id\":\"https:\\\/\\\/www.milesi.com\\\/es\\\/#website\",\"url\":\"https:\\\/\\\/www.milesi.com\\\/es\\\/\",\"name\":\"Milesi Vernici per il legno\",\"description\":\"Barnices para Madera\",\"publisher\":{\"@id\":\"https:\\\/\\\/www.milesi.com\\\/es\\\/#organization\"},\"alternateName\":\"Milesi\",\"potentialAction\":[{\"@type\":\"SearchAction\",\"target\":{\"@type\":\"EntryPoint\",\"urlTemplate\":\"https:\\\/\\\/www.milesi.com\\\/es\\\/?s={search_term_string}\"},\"query-input\":{\"@type\":\"PropertyValueSpecification\",\"valueRequired\":true,\"valueName\":\"search_term_string\"}}],\"inLanguage\":\"es-ES\"},{\"@type\":\"Organization\",\"@id\":\"https:\\\/\\\/www.milesi.com\\\/es\\\/#organization\",\"name\":\"Milesi Vernici\",\"alternateName\":\"Milesi\",\"url\":\"https:\\\/\\\/www.milesi.com\\\/es\\\/\",\"logo\":{\"@type\":\"ImageObject\",\"inLanguage\":\"es-ES\",\"@id\":\"https:\\\/\\\/www.milesi.com\\\/es\\\/#\\\/schema\\\/logo\\\/image\\\/\",\"url\":\"https:\\\/\\\/www.milesi.com\\\/wp-content\\\/uploads\\\/2022\\\/12\\\/milesi-web.png\",\"contentUrl\":\"https:\\\/\\\/www.milesi.com\\\/wp-content\\\/uploads\\\/2022\\\/12\\\/milesi-web.png\",\"width\":100,\"height\":101,\"caption\":\"Milesi Vernici\"},\"image\":{\"@id\":\"https:\\\/\\\/www.milesi.com\\\/es\\\/#\\\/schema\\\/logo\\\/image\\\/\"},\"sameAs\":[\"https:\\\/\\\/www.facebook.com\\\/MilesiVernici\",\"https:\\\/\\\/www.youtube.com\\\/channel\\\/UCgULN6yzPgE9usmMi3CP5hQ\",\"https:\\\/\\\/www.instagram.com\\\/milesiverniciperlegno\\\/\",\"https:\\\/\\\/vimeo.com\\\/user117001108\",\"https:\\\/\\\/www.linkedin.com\\\/company\\\/milesiwoodcoatings\\\/\"]}]}<\/script>\n<!-- \/ Yoast SEO plugin. -->","yoast_head_json":{"title":"Barnices BCA - Milesi","robots":{"index":"index","follow":"follow","max-snippet":"max-snippet:-1","max-image-preview":"max-image-preview:large","max-video-preview":"max-video-preview:-1"},"canonical":"https:\/\/www.milesi.com\/es\/producto\/soluciones-para-la-madera\/destacados-soluciones-para-la-madera\/barnices-bca\/","og_locale":"es_ES","og_type":"article","og_title":"Barnices BCA - Milesi","og_description":"La nueva tecnolog\u00eda que revoluciona los barnices para la madera. Los productos BCA concentran las mejores caracter\u00edsticas de los barnices de poliuretano, acr\u00edlicos, precatalizados o postcatalizados, ofreciendo capacidades funcionales hasta ahora inimaginables:    tiempo de secado: 30 minutos y vida \u00fatil superior a 3 d\u00edas  no contiene isocianatos y arom\u00e1ticos  est\u00e9tica perfecta, comparable a la de los mejores acabados de PU y acr\u00edlicos  facilidad de uso comparable a la de un producto de un solo compuesto  resistente a ara\u00f1azos, dureza de la superficie y resistencia a l\u00edquidos fr\u00edos superiores a la de los mejores acabados PU y acr\u00edlicos  resistencia a la luz comparable a la de los mejores acabados acr\u00edlicos","og_url":"https:\/\/www.milesi.com\/es\/producto\/soluciones-para-la-madera\/destacados-soluciones-para-la-madera\/barnices-bca\/","og_site_name":"Milesi","article_publisher":"https:\/\/www.facebook.com\/MilesiVernici","article_modified_time":"2023-07-14T07:29:33+00:00","og_image":[{"width":600,"height":600,"url":"https:\/\/www.milesi.com\/wp-content\/uploads\/2020\/07\/BAC_379389523_bordo_1200x1200.jpg","type":"image\/jpeg"}],"twitter_card":"summary_large_image","schema":{"@context":"https:\/\/schema.org","@graph":[{"@type":"WebPage","@id":"https:\/\/www.milesi.com\/es\/producto\/soluciones-para-la-madera\/destacados-soluciones-para-la-madera\/barnices-bca\/","url":"https:\/\/www.milesi.com\/es\/producto\/soluciones-para-la-madera\/destacados-soluciones-para-la-madera\/barnices-bca\/","name":"Barnices BCA - Milesi","isPartOf":{"@id":"https:\/\/www.milesi.com\/es\/#website"},"primaryImageOfPage":{"@id":"https:\/\/www.milesi.com\/es\/producto\/soluciones-para-la-madera\/destacados-soluciones-para-la-madera\/barnices-bca\/#primaryimage"},"image":{"@id":"https:\/\/www.milesi.com\/es\/producto\/soluciones-para-la-madera\/destacados-soluciones-para-la-madera\/barnices-bca\/#primaryimage"},"thumbnailUrl":"https:\/\/www.milesi.com\/wp-content\/uploads\/2020\/07\/BAC_379389523_bordo_1200x1200.jpg","datePublished":"2019-08-02T15:41:20+00:00","dateModified":"2023-07-14T07:29:33+00:00","breadcrumb":{"@id":"https:\/\/www.milesi.com\/es\/producto\/soluciones-para-la-madera\/destacados-soluciones-para-la-madera\/barnices-bca\/#breadcrumb"},"inLanguage":"es-ES","potentialAction":[{"@type":"ReadAction","target":["https:\/\/www.milesi.com\/es\/producto\/soluciones-para-la-madera\/destacados-soluciones-para-la-madera\/barnices-bca\/"]}]},{"@type":"ImageObject","inLanguage":"es-ES","@id":"https:\/\/www.milesi.com\/es\/producto\/soluciones-para-la-madera\/destacados-soluciones-para-la-madera\/barnices-bca\/#primaryimage","url":"https:\/\/www.milesi.com\/wp-content\/uploads\/2020\/07\/BAC_379389523_bordo_1200x1200.jpg","contentUrl":"https:\/\/www.milesi.com\/wp-content\/uploads\/2020\/07\/BAC_379389523_bordo_1200x1200.jpg","width":600,"height":600,"caption":"Superfici protette contro i batteri grazie alle vernici BCA"},{"@type":"BreadcrumbList","@id":"https:\/\/www.milesi.com\/es\/producto\/soluciones-para-la-madera\/destacados-soluciones-para-la-madera\/barnices-bca\/#breadcrumb","itemListElement":[{"@type":"ListItem","position":1,"name":"Milesi - Barnices para Madera","item":"https:\/\/www.milesi.com\/es\/"},{"@type":"ListItem","position":2,"name":"Prodotti","item":"https:\/\/www.milesi.com\/prodotti\/"},{"@type":"ListItem","position":3,"name":"Barnices BCA"}]},{"@type":"WebSite","@id":"https:\/\/www.milesi.com\/es\/#website","url":"https:\/\/www.milesi.com\/es\/","name":"Milesi Vernici per il legno","description":"Barnices para Madera","publisher":{"@id":"https:\/\/www.milesi.com\/es\/#organization"},"alternateName":"Milesi","potentialAction":[{"@type":"SearchAction","target":{"@type":"EntryPoint","urlTemplate":"https:\/\/www.milesi.com\/es\/?s={search_term_string}"},"query-input":{"@type":"PropertyValueSpecification","valueRequired":true,"valueName":"search_term_string"}}],"inLanguage":"es-ES"},{"@type":"Organization","@id":"https:\/\/www.milesi.com\/es\/#organization","name":"Milesi Vernici","alternateName":"Milesi","url":"https:\/\/www.milesi.com\/es\/","logo":{"@type":"ImageObject","inLanguage":"es-ES","@id":"https:\/\/www.milesi.com\/es\/#\/schema\/logo\/image\/","url":"https:\/\/www.milesi.com\/wp-content\/uploads\/2022\/12\/milesi-web.png","contentUrl":"https:\/\/www.milesi.com\/wp-content\/uploads\/2022\/12\/milesi-web.png","width":100,"height":101,"caption":"Milesi Vernici"},"image":{"@id":"https:\/\/www.milesi.com\/es\/#\/schema\/logo\/image\/"},"sameAs":["https:\/\/www.facebook.com\/MilesiVernici","https:\/\/www.youtube.com\/channel\/UCgULN6yzPgE9usmMi3CP5hQ","https:\/\/www.instagram.com\/milesiverniciperlegno\/","https:\/\/vimeo.com\/user117001108","https:\/\/www.linkedin.com\/company\/milesiwoodcoatings\/"]}]}},"_links":{"self":[{"href":"https:\/\/www.milesi.com\/es\/wp-json\/wp\/v2\/product\/9273","targetHints":{"allow":["GET"]}}],"collection":[{"href":"https:\/\/www.milesi.com\/es\/wp-json\/wp\/v2\/product"}],"about":[{"href":"https:\/\/www.milesi.com\/es\/wp-json\/wp\/v2\/types\/product"}],"replies":[{"embeddable":true,"href":"https:\/\/www.milesi.com\/es\/wp-json\/wp\/v2\/comments?post=9273"}],"wp:featuredmedia":[{"embeddable":true,"href":"https:\/\/www.milesi.com\/es\/wp-json\/wp\/v2\/media\/9642"}],"wp:attachment":[{"href":"https:\/\/www.milesi.com\/es\/wp-json\/wp\/v2\/media?parent=9273"}],"wp:term":[{"taxonomy":"product_brand","embeddable":true,"href":"https:\/\/www.milesi.com\/es\/wp-json\/wp\/v2\/product_brand?post=9273"},{"taxonomy":"product_cat","embeddable":true,"href":"https:\/\/www.milesi.com\/es\/wp-json\/wp\/v2\/product_cat?post=9273"},{"taxonomy":"product_tag","embeddable":true,"href":"https:\/\/www.milesi.com\/es\/wp-json\/wp\/v2\/product_tag?post=9273"}],"curies":[{"name":"wp","href":"https:\/\/api.w.org\/{rel}","templated":true}]}}