{"id":9283,"date":"2019-08-01T17:41:33","date_gmt":"2019-08-01T15:41:33","guid":{"rendered":"http:\/\/www.milesi.com\/shop\/sin%20categor\u00eda\/acabados-uv-y-excimer\/"},"modified":"2020-12-15T18:13:01","modified_gmt":"2020-12-15T17:13:01","slug":"acabados-uv-y-excimer","status":"publish","type":"product","link":"https:\/\/www.milesi.com\/es\/producto\/soluciones-para-la-madera\/destacados-soluciones-para-la-madera\/acabados-uv-y-excimer\/","title":{"rendered":"Acabados UV y Exc\u00edmer"},"content":{"rendered":"","protected":false},"excerpt":{"rendered":"<p style=\"text-align: left;\">Los innovadores acabados UV creados para sistemas de exc\u00edmeros combinan caracter\u00edsticas excepcionales en un \u00fanico producto. Ofrecen importantes resistencias qu\u00edmico-f\u00edsicas y caracter\u00edsticas est\u00e9ticas excelentes.<\/p>\n<p>&nbsp;<\/p>\n<ul style=\"text-align: left;\">\n<li style=\"list-style-type: none;\">\n<ul>\n<li><span style=\"text-decoration: underline;\">Scratch Resistance<\/span>: resistencia al ara\u00f1azo probada UNI EN 15186 (M\u00e9todo B): 1,5 Newton (N)<\/li>\n<li><span style=\"text-decoration: underline;\">Abrasion Resistance<\/span>: resistencia a la abrasi\u00f3n Martindale &#8211; M\u00e9todo Interno, Delta gloss 0,2<\/li>\n<li><span style=\"text-decoration: underline;\">Metal Marking y Polishing Resistance<\/span>: garantizan la belleza y la opacidad de la superficie expuesta al rozamiento<\/li>\n<li><span style=\"text-decoration: underline;\">Adhesi\u00f3n<\/span>:\u00a0medida con la prueba de cuadr\u00edcula seg\u00fan la norma ISO 2409 Clase 0 (m\u00e1xima adhesi\u00f3n)<\/li>\n<li><span style=\"text-decoration: underline;\">Cold Liquid Resistance<\/span>: resistencia a los l\u00edquidos fr\u00edos probada UNI EN 12720 Clase B<\/li>\n<li><span style=\"text-decoration: underline;\">Light Resistance<\/span>: resistencia a la exposici\u00f3n a la luz probada UNI EN 15187 &#8211; 4\/5 Escala de grises<\/li>\n<\/ul>\n<\/li>\n<\/ul>\n<p>&nbsp;<\/p>\n<p style=\"text-align: left;\">Disponibles en versi\u00f3n transparente y pigmentado, en todos los colores deseados, los acabados UV de exc\u00edmeros<\/p>\n<ul>\n<li style=\"text-align: left;\">Tienen un grado de brillo cercano a cero<\/li>\n<li style=\"text-align: left;\">Son anti-huellas<\/li>\n<li style=\"text-align: left;\">Tienen el efecto Soft-Touch<\/li>\n<\/ul>\n","protected":false},"featured_media":11543,"comment_status":"open","ping_status":"closed","template":"","meta":{"_et_pb_use_builder":"","_et_pb_old_content":"","_et_gb_content_width":""},"product_brand":[],"product_cat":[615,301],"product_tag":[303,638,364,305,625,304,637],"class_list":{"0":"post-9283","1":"product","2":"type-product","3":"status-publish","4":"has-post-thumbnail","6":"product_cat-destacados-soluciones-para-la-madera","7":"product_cat-soluciones-para-la-madera","8":"product_tag-barnices","9":"product_tag-excimer-es","10":"product_tag-lacado","11":"product_tag-madera","12":"product_tag-nuez-oscura","13":"product_tag-panel-es","14":"product_tag-uv-es","16":"first","17":"instock","18":"shipping-taxable","19":"product-type-simple"},"yoast_head":"<!-- This site is optimized with the Yoast SEO plugin v27.3 - https:\/\/yoast.com\/product\/yoast-seo-wordpress\/ -->\n<title>Acabados UV y Exc\u00edmer - Milesi<\/title>\n<meta name=\"robots\" content=\"index, follow, max-snippet:-1, max-image-preview:large, max-video-preview:-1\" \/>\n<link rel=\"canonical\" href=\"https:\/\/www.milesi.com\/es\/producto\/soluciones-para-la-madera\/destacados-soluciones-para-la-madera\/acabados-uv-y-excimer\/\" \/>\n<meta property=\"og:locale\" content=\"es_ES\" \/>\n<meta property=\"og:type\" content=\"article\" \/>\n<meta property=\"og:title\" content=\"Acabados UV y Exc\u00edmer - Milesi\" \/>\n<meta property=\"og:description\" content=\"Los innovadores acabados UV creados para sistemas de exc\u00edmeros combinan caracter\u00edsticas excepcionales en un \u00fanico producto. Ofrecen importantes resistencias qu\u00edmico-f\u00edsicas y caracter\u00edsticas est\u00e9ticas excelentes. &nbsp;      Scratch Resistance: resistencia al ara\u00f1azo probada UNI EN 15186 (M\u00e9todo B): 1,5 Newton (N)  Abrasion Resistance: resistencia a la abrasi\u00f3n Martindale - M\u00e9todo Interno, Delta gloss 0,2  Metal Marking y Polishing Resistance: garantizan la belleza y la opacidad de la superficie expuesta al rozamiento  Adhesi\u00f3n:\u00a0medida con la prueba de cuadr\u00edcula seg\u00fan la norma ISO 2409 Clase 0 (m\u00e1xima adhesi\u00f3n)  Cold Liquid Resistance: resistencia a los l\u00edquidos fr\u00edos probada UNI EN 12720 Clase B  Light Resistance: resistencia a la exposici\u00f3n a la luz probada UNI EN 15187 - 4\/5 Escala de grises    &nbsp; Disponibles en versi\u00f3n transparente y pigmentado, en todos los colores deseados, los acabados UV de exc\u00edmeros    Tienen un grado de brillo cercano a cero  Son anti-huellas  Tienen el efecto Soft-Touch\" \/>\n<meta property=\"og:url\" content=\"https:\/\/www.milesi.com\/es\/producto\/soluciones-para-la-madera\/destacados-soluciones-para-la-madera\/acabados-uv-y-excimer\/\" \/>\n<meta property=\"og:site_name\" content=\"Milesi\" \/>\n<meta property=\"article:publisher\" content=\"https:\/\/www.facebook.com\/MilesiVernici\" \/>\n<meta property=\"article:modified_time\" content=\"2020-12-15T17:13:01+00:00\" \/>\n<meta property=\"og:image\" content=\"https:\/\/www.milesi.com\/wp-content\/uploads\/2019\/11\/UV-eccimeri-1.jpg\" \/>\n\t<meta property=\"og:image:width\" content=\"1200\" \/>\n\t<meta property=\"og:image:height\" content=\"1185\" \/>\n\t<meta property=\"og:image:type\" content=\"image\/jpeg\" \/>\n<meta name=\"twitter:card\" content=\"summary_large_image\" \/>\n<script type=\"application\/ld+json\" class=\"yoast-schema-graph\">{\"@context\":\"https:\\\/\\\/schema.org\",\"@graph\":[{\"@type\":\"WebPage\",\"@id\":\"https:\\\/\\\/www.milesi.com\\\/es\\\/producto\\\/soluciones-para-la-madera\\\/destacados-soluciones-para-la-madera\\\/acabados-uv-y-excimer\\\/\",\"url\":\"https:\\\/\\\/www.milesi.com\\\/es\\\/producto\\\/soluciones-para-la-madera\\\/destacados-soluciones-para-la-madera\\\/acabados-uv-y-excimer\\\/\",\"name\":\"Acabados UV y Exc\u00edmer - Milesi\",\"isPartOf\":{\"@id\":\"https:\\\/\\\/www.milesi.com\\\/es\\\/#website\"},\"primaryImageOfPage\":{\"@id\":\"https:\\\/\\\/www.milesi.com\\\/es\\\/producto\\\/soluciones-para-la-madera\\\/destacados-soluciones-para-la-madera\\\/acabados-uv-y-excimer\\\/#primaryimage\"},\"image\":{\"@id\":\"https:\\\/\\\/www.milesi.com\\\/es\\\/producto\\\/soluciones-para-la-madera\\\/destacados-soluciones-para-la-madera\\\/acabados-uv-y-excimer\\\/#primaryimage\"},\"thumbnailUrl\":\"https:\\\/\\\/www.milesi.com\\\/wp-content\\\/uploads\\\/2019\\\/11\\\/UV-eccimeri-1.jpg\",\"datePublished\":\"2019-08-01T15:41:33+00:00\",\"dateModified\":\"2020-12-15T17:13:01+00:00\",\"breadcrumb\":{\"@id\":\"https:\\\/\\\/www.milesi.com\\\/es\\\/producto\\\/soluciones-para-la-madera\\\/destacados-soluciones-para-la-madera\\\/acabados-uv-y-excimer\\\/#breadcrumb\"},\"inLanguage\":\"es-ES\",\"potentialAction\":[{\"@type\":\"ReadAction\",\"target\":[\"https:\\\/\\\/www.milesi.com\\\/es\\\/producto\\\/soluciones-para-la-madera\\\/destacados-soluciones-para-la-madera\\\/acabados-uv-y-excimer\\\/\"]}]},{\"@type\":\"ImageObject\",\"inLanguage\":\"es-ES\",\"@id\":\"https:\\\/\\\/www.milesi.com\\\/es\\\/producto\\\/soluciones-para-la-madera\\\/destacados-soluciones-para-la-madera\\\/acabados-uv-y-excimer\\\/#primaryimage\",\"url\":\"https:\\\/\\\/www.milesi.com\\\/wp-content\\\/uploads\\\/2019\\\/11\\\/UV-eccimeri-1.jpg\",\"contentUrl\":\"https:\\\/\\\/www.milesi.com\\\/wp-content\\\/uploads\\\/2019\\\/11\\\/UV-eccimeri-1.jpg\",\"width\":1200,\"height\":1185,\"caption\":\"UV-Eccimeri per rendere il legno piu\u0300 resistente\"},{\"@type\":\"BreadcrumbList\",\"@id\":\"https:\\\/\\\/www.milesi.com\\\/es\\\/producto\\\/soluciones-para-la-madera\\\/destacados-soluciones-para-la-madera\\\/acabados-uv-y-excimer\\\/#breadcrumb\",\"itemListElement\":[{\"@type\":\"ListItem\",\"position\":1,\"name\":\"Milesi - Barnices para Madera\",\"item\":\"https:\\\/\\\/www.milesi.com\\\/es\\\/\"},{\"@type\":\"ListItem\",\"position\":2,\"name\":\"Prodotti\",\"item\":\"https:\\\/\\\/www.milesi.com\\\/prodotti\\\/\"},{\"@type\":\"ListItem\",\"position\":3,\"name\":\"Acabados UV y Exc\u00edmer\"}]},{\"@type\":\"WebSite\",\"@id\":\"https:\\\/\\\/www.milesi.com\\\/es\\\/#website\",\"url\":\"https:\\\/\\\/www.milesi.com\\\/es\\\/\",\"name\":\"Milesi Vernici per il legno\",\"description\":\"Barnices para Madera\",\"publisher\":{\"@id\":\"https:\\\/\\\/www.milesi.com\\\/es\\\/#organization\"},\"alternateName\":\"Milesi\",\"potentialAction\":[{\"@type\":\"SearchAction\",\"target\":{\"@type\":\"EntryPoint\",\"urlTemplate\":\"https:\\\/\\\/www.milesi.com\\\/es\\\/?s={search_term_string}\"},\"query-input\":{\"@type\":\"PropertyValueSpecification\",\"valueRequired\":true,\"valueName\":\"search_term_string\"}}],\"inLanguage\":\"es-ES\"},{\"@type\":\"Organization\",\"@id\":\"https:\\\/\\\/www.milesi.com\\\/es\\\/#organization\",\"name\":\"Milesi Vernici\",\"alternateName\":\"Milesi\",\"url\":\"https:\\\/\\\/www.milesi.com\\\/es\\\/\",\"logo\":{\"@type\":\"ImageObject\",\"inLanguage\":\"es-ES\",\"@id\":\"https:\\\/\\\/www.milesi.com\\\/es\\\/#\\\/schema\\\/logo\\\/image\\\/\",\"url\":\"https:\\\/\\\/www.milesi.com\\\/wp-content\\\/uploads\\\/2022\\\/12\\\/milesi-web.png\",\"contentUrl\":\"https:\\\/\\\/www.milesi.com\\\/wp-content\\\/uploads\\\/2022\\\/12\\\/milesi-web.png\",\"width\":100,\"height\":101,\"caption\":\"Milesi Vernici\"},\"image\":{\"@id\":\"https:\\\/\\\/www.milesi.com\\\/es\\\/#\\\/schema\\\/logo\\\/image\\\/\"},\"sameAs\":[\"https:\\\/\\\/www.facebook.com\\\/MilesiVernici\",\"https:\\\/\\\/www.youtube.com\\\/channel\\\/UCgULN6yzPgE9usmMi3CP5hQ\",\"https:\\\/\\\/www.instagram.com\\\/milesiverniciperlegno\\\/\",\"https:\\\/\\\/vimeo.com\\\/user117001108\",\"https:\\\/\\\/www.linkedin.com\\\/company\\\/milesiwoodcoatings\\\/\"]}]}<\/script>\n<!-- \/ Yoast SEO plugin. -->","yoast_head_json":{"title":"Acabados UV y Exc\u00edmer - Milesi","robots":{"index":"index","follow":"follow","max-snippet":"max-snippet:-1","max-image-preview":"max-image-preview:large","max-video-preview":"max-video-preview:-1"},"canonical":"https:\/\/www.milesi.com\/es\/producto\/soluciones-para-la-madera\/destacados-soluciones-para-la-madera\/acabados-uv-y-excimer\/","og_locale":"es_ES","og_type":"article","og_title":"Acabados UV y Exc\u00edmer - Milesi","og_description":"Los innovadores acabados UV creados para sistemas de exc\u00edmeros combinan caracter\u00edsticas excepcionales en un \u00fanico producto. Ofrecen importantes resistencias qu\u00edmico-f\u00edsicas y caracter\u00edsticas est\u00e9ticas excelentes. &nbsp;      Scratch Resistance: resistencia al ara\u00f1azo probada UNI EN 15186 (M\u00e9todo B): 1,5 Newton (N)  Abrasion Resistance: resistencia a la abrasi\u00f3n Martindale - M\u00e9todo Interno, Delta gloss 0,2  Metal Marking y Polishing Resistance: garantizan la belleza y la opacidad de la superficie expuesta al rozamiento  Adhesi\u00f3n:\u00a0medida con la prueba de cuadr\u00edcula seg\u00fan la norma ISO 2409 Clase 0 (m\u00e1xima adhesi\u00f3n)  Cold Liquid Resistance: resistencia a los l\u00edquidos fr\u00edos probada UNI EN 12720 Clase B  Light Resistance: resistencia a la exposici\u00f3n a la luz probada UNI EN 15187 - 4\/5 Escala de grises    &nbsp; Disponibles en versi\u00f3n transparente y pigmentado, en todos los colores deseados, los acabados UV de exc\u00edmeros    Tienen un grado de brillo cercano a cero  Son anti-huellas  Tienen el efecto Soft-Touch","og_url":"https:\/\/www.milesi.com\/es\/producto\/soluciones-para-la-madera\/destacados-soluciones-para-la-madera\/acabados-uv-y-excimer\/","og_site_name":"Milesi","article_publisher":"https:\/\/www.facebook.com\/MilesiVernici","article_modified_time":"2020-12-15T17:13:01+00:00","og_image":[{"width":1200,"height":1185,"url":"https:\/\/www.milesi.com\/wp-content\/uploads\/2019\/11\/UV-eccimeri-1.jpg","type":"image\/jpeg"}],"twitter_card":"summary_large_image","schema":{"@context":"https:\/\/schema.org","@graph":[{"@type":"WebPage","@id":"https:\/\/www.milesi.com\/es\/producto\/soluciones-para-la-madera\/destacados-soluciones-para-la-madera\/acabados-uv-y-excimer\/","url":"https:\/\/www.milesi.com\/es\/producto\/soluciones-para-la-madera\/destacados-soluciones-para-la-madera\/acabados-uv-y-excimer\/","name":"Acabados UV y Exc\u00edmer - Milesi","isPartOf":{"@id":"https:\/\/www.milesi.com\/es\/#website"},"primaryImageOfPage":{"@id":"https:\/\/www.milesi.com\/es\/producto\/soluciones-para-la-madera\/destacados-soluciones-para-la-madera\/acabados-uv-y-excimer\/#primaryimage"},"image":{"@id":"https:\/\/www.milesi.com\/es\/producto\/soluciones-para-la-madera\/destacados-soluciones-para-la-madera\/acabados-uv-y-excimer\/#primaryimage"},"thumbnailUrl":"https:\/\/www.milesi.com\/wp-content\/uploads\/2019\/11\/UV-eccimeri-1.jpg","datePublished":"2019-08-01T15:41:33+00:00","dateModified":"2020-12-15T17:13:01+00:00","breadcrumb":{"@id":"https:\/\/www.milesi.com\/es\/producto\/soluciones-para-la-madera\/destacados-soluciones-para-la-madera\/acabados-uv-y-excimer\/#breadcrumb"},"inLanguage":"es-ES","potentialAction":[{"@type":"ReadAction","target":["https:\/\/www.milesi.com\/es\/producto\/soluciones-para-la-madera\/destacados-soluciones-para-la-madera\/acabados-uv-y-excimer\/"]}]},{"@type":"ImageObject","inLanguage":"es-ES","@id":"https:\/\/www.milesi.com\/es\/producto\/soluciones-para-la-madera\/destacados-soluciones-para-la-madera\/acabados-uv-y-excimer\/#primaryimage","url":"https:\/\/www.milesi.com\/wp-content\/uploads\/2019\/11\/UV-eccimeri-1.jpg","contentUrl":"https:\/\/www.milesi.com\/wp-content\/uploads\/2019\/11\/UV-eccimeri-1.jpg","width":1200,"height":1185,"caption":"UV-Eccimeri per rendere il legno piu\u0300 resistente"},{"@type":"BreadcrumbList","@id":"https:\/\/www.milesi.com\/es\/producto\/soluciones-para-la-madera\/destacados-soluciones-para-la-madera\/acabados-uv-y-excimer\/#breadcrumb","itemListElement":[{"@type":"ListItem","position":1,"name":"Milesi - Barnices para Madera","item":"https:\/\/www.milesi.com\/es\/"},{"@type":"ListItem","position":2,"name":"Prodotti","item":"https:\/\/www.milesi.com\/prodotti\/"},{"@type":"ListItem","position":3,"name":"Acabados UV y Exc\u00edmer"}]},{"@type":"WebSite","@id":"https:\/\/www.milesi.com\/es\/#website","url":"https:\/\/www.milesi.com\/es\/","name":"Milesi Vernici per il legno","description":"Barnices para Madera","publisher":{"@id":"https:\/\/www.milesi.com\/es\/#organization"},"alternateName":"Milesi","potentialAction":[{"@type":"SearchAction","target":{"@type":"EntryPoint","urlTemplate":"https:\/\/www.milesi.com\/es\/?s={search_term_string}"},"query-input":{"@type":"PropertyValueSpecification","valueRequired":true,"valueName":"search_term_string"}}],"inLanguage":"es-ES"},{"@type":"Organization","@id":"https:\/\/www.milesi.com\/es\/#organization","name":"Milesi Vernici","alternateName":"Milesi","url":"https:\/\/www.milesi.com\/es\/","logo":{"@type":"ImageObject","inLanguage":"es-ES","@id":"https:\/\/www.milesi.com\/es\/#\/schema\/logo\/image\/","url":"https:\/\/www.milesi.com\/wp-content\/uploads\/2022\/12\/milesi-web.png","contentUrl":"https:\/\/www.milesi.com\/wp-content\/uploads\/2022\/12\/milesi-web.png","width":100,"height":101,"caption":"Milesi Vernici"},"image":{"@id":"https:\/\/www.milesi.com\/es\/#\/schema\/logo\/image\/"},"sameAs":["https:\/\/www.facebook.com\/MilesiVernici","https:\/\/www.youtube.com\/channel\/UCgULN6yzPgE9usmMi3CP5hQ","https:\/\/www.instagram.com\/milesiverniciperlegno\/","https:\/\/vimeo.com\/user117001108","https:\/\/www.linkedin.com\/company\/milesiwoodcoatings\/"]}]}},"_links":{"self":[{"href":"https:\/\/www.milesi.com\/es\/wp-json\/wp\/v2\/product\/9283","targetHints":{"allow":["GET"]}}],"collection":[{"href":"https:\/\/www.milesi.com\/es\/wp-json\/wp\/v2\/product"}],"about":[{"href":"https:\/\/www.milesi.com\/es\/wp-json\/wp\/v2\/types\/product"}],"replies":[{"embeddable":true,"href":"https:\/\/www.milesi.com\/es\/wp-json\/wp\/v2\/comments?post=9283"}],"wp:featuredmedia":[{"embeddable":true,"href":"https:\/\/www.milesi.com\/es\/wp-json\/wp\/v2\/media\/11543"}],"wp:attachment":[{"href":"https:\/\/www.milesi.com\/es\/wp-json\/wp\/v2\/media?parent=9283"}],"wp:term":[{"taxonomy":"product_brand","embeddable":true,"href":"https:\/\/www.milesi.com\/es\/wp-json\/wp\/v2\/product_brand?post=9283"},{"taxonomy":"product_cat","embeddable":true,"href":"https:\/\/www.milesi.com\/es\/wp-json\/wp\/v2\/product_cat?post=9283"},{"taxonomy":"product_tag","embeddable":true,"href":"https:\/\/www.milesi.com\/es\/wp-json\/wp\/v2\/product_tag?post=9283"}],"curies":[{"name":"wp","href":"https:\/\/api.w.org\/{rel}","templated":true}]}}