{"id":9923,"date":"2019-11-11T16:02:01","date_gmt":"2019-11-11T15:02:01","guid":{"rendered":"http:\/\/www.milesi.com\/shop\/sin%20categor\u00eda\/resistencia-a-la-resencion-de-la-suciedad\/"},"modified":"2021-03-29T17:27:27","modified_gmt":"2021-03-29T15:27:27","slug":"resistencia-a-la-resencion-de-la-suciedad","status":"publish","type":"product","link":"https:\/\/www.milesi.com\/es\/producto\/soluciones-para-la-madera\/resistencia-quimica\/resistencia-a-la-resencion-de-la-suciedad\/","title":{"rendered":"Resistencia a la retenci\u00f3n de la suciedad"},"content":{"rendered":"","protected":false},"excerpt":{"rendered":"<p style=\"text-align: justify;\">Acabados resistentes a la retenci\u00f3n de suciedad: las superficies barnizadas no dejan que se deposite el polvo.<\/p>\n<p style=\"text-align: justify;\">Probados seg\u00fan\u00a0 UNI 9300: 2015 (<em>resistencia de las superficies para retener la suciedad<\/em>) obtienen la clasificaci\u00f3n 5.<\/p>\n","protected":false},"featured_media":8472,"comment_status":"closed","ping_status":"closed","template":"","meta":{"_et_pb_use_builder":"","_et_pb_old_content":"","_et_gb_content_width":""},"product_brand":[],"product_cat":[763,301],"product_tag":[303,364,305,627,304,726,725],"class_list":{"0":"post-9923","1":"product","2":"type-product","3":"status-publish","4":"has-post-thumbnail","6":"product_cat-resistencia-quimica","7":"product_cat-soluciones-para-la-madera","8":"product_tag-barnices","9":"product_tag-lacado","10":"product_tag-madera","11":"product_tag-nuez-clara","12":"product_tag-panel-es","13":"product_tag-resistencia-a-la-resencion-de-la-suciedad","14":"product_tag-resistencia-quimica","16":"first","17":"instock","18":"shipping-taxable","19":"product-type-simple"},"yoast_head":"<!-- This site is optimized with the Yoast SEO plugin v27.3 - https:\/\/yoast.com\/product\/yoast-seo-wordpress\/ -->\n<title>Resistencia a la retenci\u00f3n de la suciedad - Milesi<\/title>\n<meta name=\"robots\" content=\"index, follow, max-snippet:-1, max-image-preview:large, max-video-preview:-1\" \/>\n<link rel=\"canonical\" href=\"https:\/\/www.milesi.com\/es\/producto\/soluciones-para-la-madera\/resistencia-quimica\/resistencia-a-la-resencion-de-la-suciedad\/\" \/>\n<meta property=\"og:locale\" content=\"es_ES\" \/>\n<meta property=\"og:type\" content=\"article\" \/>\n<meta property=\"og:title\" content=\"Resistencia a la retenci\u00f3n de la suciedad - Milesi\" \/>\n<meta property=\"og:description\" content=\"Acabados resistentes a la retenci\u00f3n de suciedad: las superficies barnizadas no dejan que se deposite el polvo. Probados seg\u00fan\u00a0 UNI 9300: 2015 (resistencia de las superficies para retener la suciedad) obtienen la clasificaci\u00f3n 5.\" \/>\n<meta property=\"og:url\" content=\"https:\/\/www.milesi.com\/es\/producto\/soluciones-para-la-madera\/resistencia-quimica\/resistencia-a-la-resencion-de-la-suciedad\/\" \/>\n<meta property=\"og:site_name\" content=\"Milesi\" \/>\n<meta property=\"article:publisher\" content=\"https:\/\/www.facebook.com\/MilesiVernici\" \/>\n<meta property=\"article:modified_time\" content=\"2021-03-29T15:27:27+00:00\" \/>\n<meta property=\"og:image\" content=\"https:\/\/www.milesi.com\/wp-content\/uploads\/2019\/11\/Dirt_1200x1200_bordo.jpg\" \/>\n\t<meta property=\"og:image:width\" content=\"1200\" \/>\n\t<meta property=\"og:image:height\" content=\"1200\" \/>\n\t<meta property=\"og:image:type\" content=\"image\/jpeg\" \/>\n<meta name=\"twitter:card\" content=\"summary_large_image\" \/>\n<script type=\"application\/ld+json\" class=\"yoast-schema-graph\">{\"@context\":\"https:\\\/\\\/schema.org\",\"@graph\":[{\"@type\":\"WebPage\",\"@id\":\"https:\\\/\\\/www.milesi.com\\\/es\\\/producto\\\/soluciones-para-la-madera\\\/resistencia-quimica\\\/resistencia-a-la-resencion-de-la-suciedad\\\/\",\"url\":\"https:\\\/\\\/www.milesi.com\\\/es\\\/producto\\\/soluciones-para-la-madera\\\/resistencia-quimica\\\/resistencia-a-la-resencion-de-la-suciedad\\\/\",\"name\":\"Resistencia a la retenci\u00f3n de la suciedad - Milesi\",\"isPartOf\":{\"@id\":\"https:\\\/\\\/www.milesi.com\\\/es\\\/#website\"},\"primaryImageOfPage\":{\"@id\":\"https:\\\/\\\/www.milesi.com\\\/es\\\/producto\\\/soluciones-para-la-madera\\\/resistencia-quimica\\\/resistencia-a-la-resencion-de-la-suciedad\\\/#primaryimage\"},\"image\":{\"@id\":\"https:\\\/\\\/www.milesi.com\\\/es\\\/producto\\\/soluciones-para-la-madera\\\/resistencia-quimica\\\/resistencia-a-la-resencion-de-la-suciedad\\\/#primaryimage\"},\"thumbnailUrl\":\"https:\\\/\\\/www.milesi.com\\\/wp-content\\\/uploads\\\/2019\\\/11\\\/Dirt_1200x1200_bordo.jpg\",\"datePublished\":\"2019-11-11T15:02:01+00:00\",\"dateModified\":\"2021-03-29T15:27:27+00:00\",\"breadcrumb\":{\"@id\":\"https:\\\/\\\/www.milesi.com\\\/es\\\/producto\\\/soluciones-para-la-madera\\\/resistencia-quimica\\\/resistencia-a-la-resencion-de-la-suciedad\\\/#breadcrumb\"},\"inLanguage\":\"es-ES\",\"potentialAction\":[{\"@type\":\"ReadAction\",\"target\":[\"https:\\\/\\\/www.milesi.com\\\/es\\\/producto\\\/soluciones-para-la-madera\\\/resistencia-quimica\\\/resistencia-a-la-resencion-de-la-suciedad\\\/\"]}]},{\"@type\":\"ImageObject\",\"inLanguage\":\"es-ES\",\"@id\":\"https:\\\/\\\/www.milesi.com\\\/es\\\/producto\\\/soluciones-para-la-madera\\\/resistencia-quimica\\\/resistencia-a-la-resencion-de-la-suciedad\\\/#primaryimage\",\"url\":\"https:\\\/\\\/www.milesi.com\\\/wp-content\\\/uploads\\\/2019\\\/11\\\/Dirt_1200x1200_bordo.jpg\",\"contentUrl\":\"https:\\\/\\\/www.milesi.com\\\/wp-content\\\/uploads\\\/2019\\\/11\\\/Dirt_1200x1200_bordo.jpg\",\"width\":1200,\"height\":1200,\"caption\":\"Vernici per legno resistente alla polvere\"},{\"@type\":\"BreadcrumbList\",\"@id\":\"https:\\\/\\\/www.milesi.com\\\/es\\\/producto\\\/soluciones-para-la-madera\\\/resistencia-quimica\\\/resistencia-a-la-resencion-de-la-suciedad\\\/#breadcrumb\",\"itemListElement\":[{\"@type\":\"ListItem\",\"position\":1,\"name\":\"Milesi - Barnices para Madera\",\"item\":\"https:\\\/\\\/www.milesi.com\\\/es\\\/\"},{\"@type\":\"ListItem\",\"position\":2,\"name\":\"Prodotti\",\"item\":\"https:\\\/\\\/www.milesi.com\\\/prodotti\\\/\"},{\"@type\":\"ListItem\",\"position\":3,\"name\":\"Resistencia a la retenci\u00f3n de la suciedad\"}]},{\"@type\":\"WebSite\",\"@id\":\"https:\\\/\\\/www.milesi.com\\\/es\\\/#website\",\"url\":\"https:\\\/\\\/www.milesi.com\\\/es\\\/\",\"name\":\"Milesi Vernici per il legno\",\"description\":\"Barnices para Madera\",\"publisher\":{\"@id\":\"https:\\\/\\\/www.milesi.com\\\/es\\\/#organization\"},\"alternateName\":\"Milesi\",\"potentialAction\":[{\"@type\":\"SearchAction\",\"target\":{\"@type\":\"EntryPoint\",\"urlTemplate\":\"https:\\\/\\\/www.milesi.com\\\/es\\\/?s={search_term_string}\"},\"query-input\":{\"@type\":\"PropertyValueSpecification\",\"valueRequired\":true,\"valueName\":\"search_term_string\"}}],\"inLanguage\":\"es-ES\"},{\"@type\":\"Organization\",\"@id\":\"https:\\\/\\\/www.milesi.com\\\/es\\\/#organization\",\"name\":\"Milesi Vernici\",\"alternateName\":\"Milesi\",\"url\":\"https:\\\/\\\/www.milesi.com\\\/es\\\/\",\"logo\":{\"@type\":\"ImageObject\",\"inLanguage\":\"es-ES\",\"@id\":\"https:\\\/\\\/www.milesi.com\\\/es\\\/#\\\/schema\\\/logo\\\/image\\\/\",\"url\":\"https:\\\/\\\/www.milesi.com\\\/wp-content\\\/uploads\\\/2022\\\/12\\\/milesi-web.png\",\"contentUrl\":\"https:\\\/\\\/www.milesi.com\\\/wp-content\\\/uploads\\\/2022\\\/12\\\/milesi-web.png\",\"width\":100,\"height\":101,\"caption\":\"Milesi Vernici\"},\"image\":{\"@id\":\"https:\\\/\\\/www.milesi.com\\\/es\\\/#\\\/schema\\\/logo\\\/image\\\/\"},\"sameAs\":[\"https:\\\/\\\/www.facebook.com\\\/MilesiVernici\",\"https:\\\/\\\/www.youtube.com\\\/channel\\\/UCgULN6yzPgE9usmMi3CP5hQ\",\"https:\\\/\\\/www.instagram.com\\\/milesiverniciperlegno\\\/\",\"https:\\\/\\\/vimeo.com\\\/user117001108\",\"https:\\\/\\\/www.linkedin.com\\\/company\\\/milesiwoodcoatings\\\/\"]}]}<\/script>\n<!-- \/ Yoast SEO plugin. -->","yoast_head_json":{"title":"Resistencia a la retenci\u00f3n de la suciedad - Milesi","robots":{"index":"index","follow":"follow","max-snippet":"max-snippet:-1","max-image-preview":"max-image-preview:large","max-video-preview":"max-video-preview:-1"},"canonical":"https:\/\/www.milesi.com\/es\/producto\/soluciones-para-la-madera\/resistencia-quimica\/resistencia-a-la-resencion-de-la-suciedad\/","og_locale":"es_ES","og_type":"article","og_title":"Resistencia a la retenci\u00f3n de la suciedad - Milesi","og_description":"Acabados resistentes a la retenci\u00f3n de suciedad: las superficies barnizadas no dejan que se deposite el polvo. Probados seg\u00fan\u00a0 UNI 9300: 2015 (resistencia de las superficies para retener la suciedad) obtienen la clasificaci\u00f3n 5.","og_url":"https:\/\/www.milesi.com\/es\/producto\/soluciones-para-la-madera\/resistencia-quimica\/resistencia-a-la-resencion-de-la-suciedad\/","og_site_name":"Milesi","article_publisher":"https:\/\/www.facebook.com\/MilesiVernici","article_modified_time":"2021-03-29T15:27:27+00:00","og_image":[{"width":1200,"height":1200,"url":"https:\/\/www.milesi.com\/wp-content\/uploads\/2019\/11\/Dirt_1200x1200_bordo.jpg","type":"image\/jpeg"}],"twitter_card":"summary_large_image","schema":{"@context":"https:\/\/schema.org","@graph":[{"@type":"WebPage","@id":"https:\/\/www.milesi.com\/es\/producto\/soluciones-para-la-madera\/resistencia-quimica\/resistencia-a-la-resencion-de-la-suciedad\/","url":"https:\/\/www.milesi.com\/es\/producto\/soluciones-para-la-madera\/resistencia-quimica\/resistencia-a-la-resencion-de-la-suciedad\/","name":"Resistencia a la retenci\u00f3n de la suciedad - Milesi","isPartOf":{"@id":"https:\/\/www.milesi.com\/es\/#website"},"primaryImageOfPage":{"@id":"https:\/\/www.milesi.com\/es\/producto\/soluciones-para-la-madera\/resistencia-quimica\/resistencia-a-la-resencion-de-la-suciedad\/#primaryimage"},"image":{"@id":"https:\/\/www.milesi.com\/es\/producto\/soluciones-para-la-madera\/resistencia-quimica\/resistencia-a-la-resencion-de-la-suciedad\/#primaryimage"},"thumbnailUrl":"https:\/\/www.milesi.com\/wp-content\/uploads\/2019\/11\/Dirt_1200x1200_bordo.jpg","datePublished":"2019-11-11T15:02:01+00:00","dateModified":"2021-03-29T15:27:27+00:00","breadcrumb":{"@id":"https:\/\/www.milesi.com\/es\/producto\/soluciones-para-la-madera\/resistencia-quimica\/resistencia-a-la-resencion-de-la-suciedad\/#breadcrumb"},"inLanguage":"es-ES","potentialAction":[{"@type":"ReadAction","target":["https:\/\/www.milesi.com\/es\/producto\/soluciones-para-la-madera\/resistencia-quimica\/resistencia-a-la-resencion-de-la-suciedad\/"]}]},{"@type":"ImageObject","inLanguage":"es-ES","@id":"https:\/\/www.milesi.com\/es\/producto\/soluciones-para-la-madera\/resistencia-quimica\/resistencia-a-la-resencion-de-la-suciedad\/#primaryimage","url":"https:\/\/www.milesi.com\/wp-content\/uploads\/2019\/11\/Dirt_1200x1200_bordo.jpg","contentUrl":"https:\/\/www.milesi.com\/wp-content\/uploads\/2019\/11\/Dirt_1200x1200_bordo.jpg","width":1200,"height":1200,"caption":"Vernici per legno resistente alla polvere"},{"@type":"BreadcrumbList","@id":"https:\/\/www.milesi.com\/es\/producto\/soluciones-para-la-madera\/resistencia-quimica\/resistencia-a-la-resencion-de-la-suciedad\/#breadcrumb","itemListElement":[{"@type":"ListItem","position":1,"name":"Milesi - Barnices para Madera","item":"https:\/\/www.milesi.com\/es\/"},{"@type":"ListItem","position":2,"name":"Prodotti","item":"https:\/\/www.milesi.com\/prodotti\/"},{"@type":"ListItem","position":3,"name":"Resistencia a la retenci\u00f3n de la suciedad"}]},{"@type":"WebSite","@id":"https:\/\/www.milesi.com\/es\/#website","url":"https:\/\/www.milesi.com\/es\/","name":"Milesi Vernici per il legno","description":"Barnices para Madera","publisher":{"@id":"https:\/\/www.milesi.com\/es\/#organization"},"alternateName":"Milesi","potentialAction":[{"@type":"SearchAction","target":{"@type":"EntryPoint","urlTemplate":"https:\/\/www.milesi.com\/es\/?s={search_term_string}"},"query-input":{"@type":"PropertyValueSpecification","valueRequired":true,"valueName":"search_term_string"}}],"inLanguage":"es-ES"},{"@type":"Organization","@id":"https:\/\/www.milesi.com\/es\/#organization","name":"Milesi Vernici","alternateName":"Milesi","url":"https:\/\/www.milesi.com\/es\/","logo":{"@type":"ImageObject","inLanguage":"es-ES","@id":"https:\/\/www.milesi.com\/es\/#\/schema\/logo\/image\/","url":"https:\/\/www.milesi.com\/wp-content\/uploads\/2022\/12\/milesi-web.png","contentUrl":"https:\/\/www.milesi.com\/wp-content\/uploads\/2022\/12\/milesi-web.png","width":100,"height":101,"caption":"Milesi Vernici"},"image":{"@id":"https:\/\/www.milesi.com\/es\/#\/schema\/logo\/image\/"},"sameAs":["https:\/\/www.facebook.com\/MilesiVernici","https:\/\/www.youtube.com\/channel\/UCgULN6yzPgE9usmMi3CP5hQ","https:\/\/www.instagram.com\/milesiverniciperlegno\/","https:\/\/vimeo.com\/user117001108","https:\/\/www.linkedin.com\/company\/milesiwoodcoatings\/"]}]}},"_links":{"self":[{"href":"https:\/\/www.milesi.com\/es\/wp-json\/wp\/v2\/product\/9923","targetHints":{"allow":["GET"]}}],"collection":[{"href":"https:\/\/www.milesi.com\/es\/wp-json\/wp\/v2\/product"}],"about":[{"href":"https:\/\/www.milesi.com\/es\/wp-json\/wp\/v2\/types\/product"}],"replies":[{"embeddable":true,"href":"https:\/\/www.milesi.com\/es\/wp-json\/wp\/v2\/comments?post=9923"}],"wp:featuredmedia":[{"embeddable":true,"href":"https:\/\/www.milesi.com\/es\/wp-json\/wp\/v2\/media\/8472"}],"wp:attachment":[{"href":"https:\/\/www.milesi.com\/es\/wp-json\/wp\/v2\/media?parent=9923"}],"wp:term":[{"taxonomy":"product_brand","embeddable":true,"href":"https:\/\/www.milesi.com\/es\/wp-json\/wp\/v2\/product_brand?post=9923"},{"taxonomy":"product_cat","embeddable":true,"href":"https:\/\/www.milesi.com\/es\/wp-json\/wp\/v2\/product_cat?post=9923"},{"taxonomy":"product_tag","embeddable":true,"href":"https:\/\/www.milesi.com\/es\/wp-json\/wp\/v2\/product_tag?post=9923"}],"curies":[{"name":"wp","href":"https:\/\/api.w.org\/{rel}","templated":true}]}}