{"id":9959,"date":"2019-11-11T16:46:24","date_gmt":"2019-11-11T15:46:24","guid":{"rendered":"http:\/\/www.milesi.com\/shop\/sin%20categor\u00eda\/barnices-para-huella-digital\/"},"modified":"2021-03-29T17:31:09","modified_gmt":"2021-03-29T15:31:09","slug":"barnices-para-huella-digital","status":"publish","type":"product","link":"https:\/\/www.milesi.com\/es\/producto\/soluciones-para-otros-materiales\/barnices-para-huella-digital\/","title":{"rendered":"Barnices para Impresi\u00f3n Digital"},"content":{"rendered":"","protected":false},"excerpt":{"rendered":"<p>Soluciones innovadoras destinadas a las empresas que usan procesos de impresi\u00f3n digital sobre distintos soportes como madera, paneles de madera, papel, laminados o corcho.<\/p>\n<p>Ofrecen excelentes prestaciones mec\u00e1nicas superficiales. Son v\u00e1lidas para distintos tipos de tinta y permiten exaltar el brillo de los colores y la alta definici\u00f3n de la impresi\u00f3n asegurando la m\u00e1xima duraci\u00f3n de los recubrimientos.<\/p>\n<p>Los ciclos de barnizado de superficies de impresi\u00f3n digital sobre pavimentaci\u00f3n se caracterizan por una inimitable resistencia al uso peatonal.<\/p>\n","protected":false},"featured_media":11162,"comment_status":"open","ping_status":"closed","template":"","meta":{"_et_pb_use_builder":"","_et_pb_old_content":"","_et_gb_content_width":""},"product_brand":[],"product_cat":[745],"product_tag":[],"class_list":{"0":"post-9959","1":"product","2":"type-product","3":"status-publish","4":"has-post-thumbnail","6":"product_cat-soluciones-para-otros-materiales","8":"first","9":"instock","10":"featured","11":"shipping-taxable","12":"product-type-simple"},"yoast_head":"<!-- This site is optimized with the Yoast SEO plugin v27.3 - https:\/\/yoast.com\/product\/yoast-seo-wordpress\/ -->\n<title>Barnices para Impresi\u00f3n Digital - Milesi<\/title>\n<meta name=\"robots\" content=\"index, follow, max-snippet:-1, max-image-preview:large, max-video-preview:-1\" \/>\n<link rel=\"canonical\" href=\"https:\/\/www.milesi.com\/es\/producto\/soluciones-para-otros-materiales\/barnices-para-huella-digital\/\" \/>\n<meta property=\"og:locale\" content=\"es_ES\" \/>\n<meta property=\"og:type\" content=\"article\" \/>\n<meta property=\"og:title\" content=\"Barnices para Impresi\u00f3n Digital - Milesi\" \/>\n<meta property=\"og:description\" content=\"Soluciones innovadoras destinadas a las empresas que usan procesos de impresi\u00f3n digital sobre distintos soportes como madera, paneles de madera, papel, laminados o corcho.  Ofrecen excelentes prestaciones mec\u00e1nicas superficiales. Son v\u00e1lidas para distintos tipos de tinta y permiten exaltar el brillo de los colores y la alta definici\u00f3n de la impresi\u00f3n asegurando la m\u00e1xima duraci\u00f3n de los recubrimientos.  Los ciclos de barnizado de superficies de impresi\u00f3n digital sobre pavimentaci\u00f3n se caracterizan por una inimitable resistencia al uso peatonal.\" \/>\n<meta property=\"og:url\" content=\"https:\/\/www.milesi.com\/es\/producto\/soluciones-para-otros-materiales\/barnices-para-huella-digital\/\" \/>\n<meta property=\"og:site_name\" content=\"Milesi\" \/>\n<meta property=\"article:publisher\" content=\"https:\/\/www.facebook.com\/MilesiVernici\" \/>\n<meta property=\"article:modified_time\" content=\"2021-03-29T15:31:09+00:00\" \/>\n<meta property=\"og:image\" content=\"https:\/\/www.milesi.com\/wp-content\/uploads\/2020\/12\/digital-printing.jpg\" \/>\n\t<meta property=\"og:image:width\" content=\"600\" \/>\n\t<meta property=\"og:image:height\" content=\"600\" \/>\n\t<meta property=\"og:image:type\" content=\"image\/jpeg\" \/>\n<meta name=\"twitter:card\" content=\"summary_large_image\" \/>\n<script type=\"application\/ld+json\" class=\"yoast-schema-graph\">{\"@context\":\"https:\\\/\\\/schema.org\",\"@graph\":[{\"@type\":\"WebPage\",\"@id\":\"https:\\\/\\\/www.milesi.com\\\/es\\\/producto\\\/soluciones-para-otros-materiales\\\/barnices-para-huella-digital\\\/\",\"url\":\"https:\\\/\\\/www.milesi.com\\\/es\\\/producto\\\/soluciones-para-otros-materiales\\\/barnices-para-huella-digital\\\/\",\"name\":\"Barnices para Impresi\u00f3n Digital - Milesi\",\"isPartOf\":{\"@id\":\"https:\\\/\\\/www.milesi.com\\\/es\\\/#website\"},\"primaryImageOfPage\":{\"@id\":\"https:\\\/\\\/www.milesi.com\\\/es\\\/producto\\\/soluciones-para-otros-materiales\\\/barnices-para-huella-digital\\\/#primaryimage\"},\"image\":{\"@id\":\"https:\\\/\\\/www.milesi.com\\\/es\\\/producto\\\/soluciones-para-otros-materiales\\\/barnices-para-huella-digital\\\/#primaryimage\"},\"thumbnailUrl\":\"https:\\\/\\\/www.milesi.com\\\/wp-content\\\/uploads\\\/2020\\\/12\\\/digital-printing.jpg\",\"datePublished\":\"2019-11-11T15:46:24+00:00\",\"dateModified\":\"2021-03-29T15:31:09+00:00\",\"breadcrumb\":{\"@id\":\"https:\\\/\\\/www.milesi.com\\\/es\\\/producto\\\/soluciones-para-otros-materiales\\\/barnices-para-huella-digital\\\/#breadcrumb\"},\"inLanguage\":\"es-ES\",\"potentialAction\":[{\"@type\":\"ReadAction\",\"target\":[\"https:\\\/\\\/www.milesi.com\\\/es\\\/producto\\\/soluciones-para-otros-materiales\\\/barnices-para-huella-digital\\\/\"]}]},{\"@type\":\"ImageObject\",\"inLanguage\":\"es-ES\",\"@id\":\"https:\\\/\\\/www.milesi.com\\\/es\\\/producto\\\/soluciones-para-otros-materiales\\\/barnices-para-huella-digital\\\/#primaryimage\",\"url\":\"https:\\\/\\\/www.milesi.com\\\/wp-content\\\/uploads\\\/2020\\\/12\\\/digital-printing.jpg\",\"contentUrl\":\"https:\\\/\\\/www.milesi.com\\\/wp-content\\\/uploads\\\/2020\\\/12\\\/digital-printing.jpg\",\"width\":600,\"height\":600,\"caption\":\"Vernici per digital printing per l\u2019industria\"},{\"@type\":\"BreadcrumbList\",\"@id\":\"https:\\\/\\\/www.milesi.com\\\/es\\\/producto\\\/soluciones-para-otros-materiales\\\/barnices-para-huella-digital\\\/#breadcrumb\",\"itemListElement\":[{\"@type\":\"ListItem\",\"position\":1,\"name\":\"Milesi - Barnices para Madera\",\"item\":\"https:\\\/\\\/www.milesi.com\\\/es\\\/\"},{\"@type\":\"ListItem\",\"position\":2,\"name\":\"Prodotti\",\"item\":\"https:\\\/\\\/www.milesi.com\\\/prodotti\\\/\"},{\"@type\":\"ListItem\",\"position\":3,\"name\":\"Barnices para Impresi\u00f3n Digital\"}]},{\"@type\":\"WebSite\",\"@id\":\"https:\\\/\\\/www.milesi.com\\\/es\\\/#website\",\"url\":\"https:\\\/\\\/www.milesi.com\\\/es\\\/\",\"name\":\"Milesi Vernici per il legno\",\"description\":\"Barnices para Madera\",\"publisher\":{\"@id\":\"https:\\\/\\\/www.milesi.com\\\/es\\\/#organization\"},\"alternateName\":\"Milesi\",\"potentialAction\":[{\"@type\":\"SearchAction\",\"target\":{\"@type\":\"EntryPoint\",\"urlTemplate\":\"https:\\\/\\\/www.milesi.com\\\/es\\\/?s={search_term_string}\"},\"query-input\":{\"@type\":\"PropertyValueSpecification\",\"valueRequired\":true,\"valueName\":\"search_term_string\"}}],\"inLanguage\":\"es-ES\"},{\"@type\":\"Organization\",\"@id\":\"https:\\\/\\\/www.milesi.com\\\/es\\\/#organization\",\"name\":\"Milesi Vernici\",\"alternateName\":\"Milesi\",\"url\":\"https:\\\/\\\/www.milesi.com\\\/es\\\/\",\"logo\":{\"@type\":\"ImageObject\",\"inLanguage\":\"es-ES\",\"@id\":\"https:\\\/\\\/www.milesi.com\\\/es\\\/#\\\/schema\\\/logo\\\/image\\\/\",\"url\":\"https:\\\/\\\/www.milesi.com\\\/wp-content\\\/uploads\\\/2022\\\/12\\\/milesi-web.png\",\"contentUrl\":\"https:\\\/\\\/www.milesi.com\\\/wp-content\\\/uploads\\\/2022\\\/12\\\/milesi-web.png\",\"width\":100,\"height\":101,\"caption\":\"Milesi Vernici\"},\"image\":{\"@id\":\"https:\\\/\\\/www.milesi.com\\\/es\\\/#\\\/schema\\\/logo\\\/image\\\/\"},\"sameAs\":[\"https:\\\/\\\/www.facebook.com\\\/MilesiVernici\",\"https:\\\/\\\/www.youtube.com\\\/channel\\\/UCgULN6yzPgE9usmMi3CP5hQ\",\"https:\\\/\\\/www.instagram.com\\\/milesiverniciperlegno\\\/\",\"https:\\\/\\\/vimeo.com\\\/user117001108\",\"https:\\\/\\\/www.linkedin.com\\\/company\\\/milesiwoodcoatings\\\/\"]}]}<\/script>\n<!-- \/ Yoast SEO plugin. -->","yoast_head_json":{"title":"Barnices para Impresi\u00f3n Digital - Milesi","robots":{"index":"index","follow":"follow","max-snippet":"max-snippet:-1","max-image-preview":"max-image-preview:large","max-video-preview":"max-video-preview:-1"},"canonical":"https:\/\/www.milesi.com\/es\/producto\/soluciones-para-otros-materiales\/barnices-para-huella-digital\/","og_locale":"es_ES","og_type":"article","og_title":"Barnices para Impresi\u00f3n Digital - Milesi","og_description":"Soluciones innovadoras destinadas a las empresas que usan procesos de impresi\u00f3n digital sobre distintos soportes como madera, paneles de madera, papel, laminados o corcho.  Ofrecen excelentes prestaciones mec\u00e1nicas superficiales. Son v\u00e1lidas para distintos tipos de tinta y permiten exaltar el brillo de los colores y la alta definici\u00f3n de la impresi\u00f3n asegurando la m\u00e1xima duraci\u00f3n de los recubrimientos.  Los ciclos de barnizado de superficies de impresi\u00f3n digital sobre pavimentaci\u00f3n se caracterizan por una inimitable resistencia al uso peatonal.","og_url":"https:\/\/www.milesi.com\/es\/producto\/soluciones-para-otros-materiales\/barnices-para-huella-digital\/","og_site_name":"Milesi","article_publisher":"https:\/\/www.facebook.com\/MilesiVernici","article_modified_time":"2021-03-29T15:31:09+00:00","og_image":[{"width":600,"height":600,"url":"https:\/\/www.milesi.com\/wp-content\/uploads\/2020\/12\/digital-printing.jpg","type":"image\/jpeg"}],"twitter_card":"summary_large_image","schema":{"@context":"https:\/\/schema.org","@graph":[{"@type":"WebPage","@id":"https:\/\/www.milesi.com\/es\/producto\/soluciones-para-otros-materiales\/barnices-para-huella-digital\/","url":"https:\/\/www.milesi.com\/es\/producto\/soluciones-para-otros-materiales\/barnices-para-huella-digital\/","name":"Barnices para Impresi\u00f3n Digital - Milesi","isPartOf":{"@id":"https:\/\/www.milesi.com\/es\/#website"},"primaryImageOfPage":{"@id":"https:\/\/www.milesi.com\/es\/producto\/soluciones-para-otros-materiales\/barnices-para-huella-digital\/#primaryimage"},"image":{"@id":"https:\/\/www.milesi.com\/es\/producto\/soluciones-para-otros-materiales\/barnices-para-huella-digital\/#primaryimage"},"thumbnailUrl":"https:\/\/www.milesi.com\/wp-content\/uploads\/2020\/12\/digital-printing.jpg","datePublished":"2019-11-11T15:46:24+00:00","dateModified":"2021-03-29T15:31:09+00:00","breadcrumb":{"@id":"https:\/\/www.milesi.com\/es\/producto\/soluciones-para-otros-materiales\/barnices-para-huella-digital\/#breadcrumb"},"inLanguage":"es-ES","potentialAction":[{"@type":"ReadAction","target":["https:\/\/www.milesi.com\/es\/producto\/soluciones-para-otros-materiales\/barnices-para-huella-digital\/"]}]},{"@type":"ImageObject","inLanguage":"es-ES","@id":"https:\/\/www.milesi.com\/es\/producto\/soluciones-para-otros-materiales\/barnices-para-huella-digital\/#primaryimage","url":"https:\/\/www.milesi.com\/wp-content\/uploads\/2020\/12\/digital-printing.jpg","contentUrl":"https:\/\/www.milesi.com\/wp-content\/uploads\/2020\/12\/digital-printing.jpg","width":600,"height":600,"caption":"Vernici per digital printing per l\u2019industria"},{"@type":"BreadcrumbList","@id":"https:\/\/www.milesi.com\/es\/producto\/soluciones-para-otros-materiales\/barnices-para-huella-digital\/#breadcrumb","itemListElement":[{"@type":"ListItem","position":1,"name":"Milesi - Barnices para Madera","item":"https:\/\/www.milesi.com\/es\/"},{"@type":"ListItem","position":2,"name":"Prodotti","item":"https:\/\/www.milesi.com\/prodotti\/"},{"@type":"ListItem","position":3,"name":"Barnices para Impresi\u00f3n Digital"}]},{"@type":"WebSite","@id":"https:\/\/www.milesi.com\/es\/#website","url":"https:\/\/www.milesi.com\/es\/","name":"Milesi Vernici per il legno","description":"Barnices para Madera","publisher":{"@id":"https:\/\/www.milesi.com\/es\/#organization"},"alternateName":"Milesi","potentialAction":[{"@type":"SearchAction","target":{"@type":"EntryPoint","urlTemplate":"https:\/\/www.milesi.com\/es\/?s={search_term_string}"},"query-input":{"@type":"PropertyValueSpecification","valueRequired":true,"valueName":"search_term_string"}}],"inLanguage":"es-ES"},{"@type":"Organization","@id":"https:\/\/www.milesi.com\/es\/#organization","name":"Milesi Vernici","alternateName":"Milesi","url":"https:\/\/www.milesi.com\/es\/","logo":{"@type":"ImageObject","inLanguage":"es-ES","@id":"https:\/\/www.milesi.com\/es\/#\/schema\/logo\/image\/","url":"https:\/\/www.milesi.com\/wp-content\/uploads\/2022\/12\/milesi-web.png","contentUrl":"https:\/\/www.milesi.com\/wp-content\/uploads\/2022\/12\/milesi-web.png","width":100,"height":101,"caption":"Milesi Vernici"},"image":{"@id":"https:\/\/www.milesi.com\/es\/#\/schema\/logo\/image\/"},"sameAs":["https:\/\/www.facebook.com\/MilesiVernici","https:\/\/www.youtube.com\/channel\/UCgULN6yzPgE9usmMi3CP5hQ","https:\/\/www.instagram.com\/milesiverniciperlegno\/","https:\/\/vimeo.com\/user117001108","https:\/\/www.linkedin.com\/company\/milesiwoodcoatings\/"]}]}},"_links":{"self":[{"href":"https:\/\/www.milesi.com\/es\/wp-json\/wp\/v2\/product\/9959","targetHints":{"allow":["GET"]}}],"collection":[{"href":"https:\/\/www.milesi.com\/es\/wp-json\/wp\/v2\/product"}],"about":[{"href":"https:\/\/www.milesi.com\/es\/wp-json\/wp\/v2\/types\/product"}],"replies":[{"embeddable":true,"href":"https:\/\/www.milesi.com\/es\/wp-json\/wp\/v2\/comments?post=9959"}],"wp:featuredmedia":[{"embeddable":true,"href":"https:\/\/www.milesi.com\/es\/wp-json\/wp\/v2\/media\/11162"}],"wp:attachment":[{"href":"https:\/\/www.milesi.com\/es\/wp-json\/wp\/v2\/media?parent=9959"}],"wp:term":[{"taxonomy":"product_brand","embeddable":true,"href":"https:\/\/www.milesi.com\/es\/wp-json\/wp\/v2\/product_brand?post=9959"},{"taxonomy":"product_cat","embeddable":true,"href":"https:\/\/www.milesi.com\/es\/wp-json\/wp\/v2\/product_cat?post=9959"},{"taxonomy":"product_tag","embeddable":true,"href":"https:\/\/www.milesi.com\/es\/wp-json\/wp\/v2\/product_tag?post=9959"}],"curies":[{"name":"wp","href":"https:\/\/api.w.org\/{rel}","templated":true}]}}