{"id":9971,"date":"2020-07-29T16:46:24","date_gmt":"2020-07-29T14:46:24","guid":{"rendered":"http:\/\/www.milesi.com\/shop\/sin%20categor\u00eda\/bca-es\/"},"modified":"2020-09-18T08:01:44","modified_gmt":"2020-09-18T06:01:44","slug":"bca-es","status":"publish","type":"product","link":"https:\/\/www.milesi.com\/es\/producto\/soluciones-para-la-madera\/bca-es\/","title":{"rendered":"BCA &#8211; Block Chain Addition"},"content":{"rendered":"<p style=\"text-align: justify;\"><span style=\"font-size: 10pt;\"><strong><em>Leyenda<\/em><\/strong><\/span><\/p>\n<p><span style=\"font-size: 10pt;\"><em>El test de la resistencia al rayado, mide la fuerza necesaria para incidir sobre una superficie (unidad de medida Newton). Mayor es la fuerza que se ejerce, mejor es la resistencia de la superficie.<\/em><\/span><br \/>\n<span style=\"font-size: 10pt;\"><em>El test de la resistencia a la\u00a0 luz, mide las variaciones de color de la superficie expuesta a la luz artificial.\u00a0 Se utiliza\u00a0 una\u00a0 escala de 1 a 5, donde\u00a0 5 indica la resistencia m\u00e1xima.<\/em><\/span><br \/>\n<span style=\"font-size: 10pt;\"><em>El test relativo a la dureza superficial, mide la resistencia de la superficie barnizada\u00a0 al ara\u00f1azo producido por un l\u00e1piz de grafito. Cuanto mayor es la dureza del l\u00e1piz, mayor es la resistencia de la superficie (la dureza m\u00e1xima de un l\u00e1piz de grafito es de\u00a0 9H y la menor es de 9B).<\/em><\/span><br \/>\n<span style=\"font-size: 10pt;\"><em>El test de resistencia a los l\u00edquidos fr\u00edos, mide el grado de resistencia de la superficie barnizada a las manchas causadas por los l\u00edquidos seleccionados. Se utiliza una escala de A a D, donde A indica la resistencia m\u00e1xima.<\/em><\/span><\/p>\n<p>&nbsp;<\/p>\n","protected":false},"excerpt":{"rendered":"<p><img loading=\"lazy\" decoding=\"async\" class=\"aligncenter wp-image-8848\" src=\"http:\/\/www.milesi.com\/wp-content\/uploads\/2020\/07\/bca-stemma-logo-bianco-rosso-bca-300x300.png\" alt=\"\" width=\"76\" height=\"76\" srcset=\"https:\/\/www.milesi.com\/wp-content\/uploads\/2020\/07\/bca-stemma-logo-bianco-rosso-bca-300x300.png 300w, https:\/\/www.milesi.com\/wp-content\/uploads\/2020\/07\/bca-stemma-logo-bianco-rosso-bca-100x100.png 100w, https:\/\/www.milesi.com\/wp-content\/uploads\/2020\/07\/bca-stemma-logo-bianco-rosso-bca-150x150.png 150w, https:\/\/www.milesi.com\/wp-content\/uploads\/2020\/07\/bca-stemma-logo-bianco-rosso-bca-24x24.png 24w, https:\/\/www.milesi.com\/wp-content\/uploads\/2020\/07\/bca-stemma-logo-bianco-rosso-bca-36x36.png 36w, https:\/\/www.milesi.com\/wp-content\/uploads\/2020\/07\/bca-stemma-logo-bianco-rosso-bca-256x256.png 256w, https:\/\/www.milesi.com\/wp-content\/uploads\/2020\/07\/bca-stemma-logo-bianco-rosso-bca.png 407w\" sizes=\"(max-width: 76px) 100vw, 76px\" \/><\/p>\n<p>&nbsp;<\/p>\n<p><strong>La nueva tecnolog\u00eda que revoluciona los barnices para madera<\/strong><\/p>\n<p><strong>BCA Milesi <\/strong>nace del proceso que permite la filmaci\u00f3n del barniz y que asegura<strong> tiempos de secado muy r\u00e1pidos, un pot-life muy largo,\u00a0 m\u00e1xima facilidad de uso, <\/strong>y todo esto con una<strong> excelente est\u00e9tica<\/strong><\/p>\n<p><strong>\u2013 Green <\/strong>Sin isocianatos, sin formaldeh\u00eddo, sin formar formaldeh\u00eddo, sin compuestos arom\u00e1ticos<\/p>\n<p><strong>\u2013 Resistencia Mec\u00e1nica, <\/strong>Resistencia al rayado seg\u00fan la norma UNI EN 15186 (Method B)<strong>\u00a0\u00a0<\/strong><strong>\u2265 0,6 Newton<\/strong><strong>\u00a0;\u00a0<\/strong>Dureza superficial seg\u00fan la norma UNI EN 10782<strong>\u2265 HB<\/strong><\/p>\n<p><strong>\u2013 Resistencia Qu\u00edmica, <\/strong>Resistencia a los l\u00edquidos fr\u00edos seg\u00fan la\u00a0 norma UNI EN 12720<strong>\u00a0<\/strong><strong>Nivel<\/strong><strong>\u00a0<\/strong><strong>B<\/strong><\/p>\n<p><strong>\u2013 Resistencia al cambio de color, \u00a0<\/strong>Resistencia a la luz (escala de grises) seg\u00fan la norma UNI EN 15187<strong>:\u00a0<\/strong><strong>entre 4 y 5 (elevada resistencia)<\/strong><\/p>\n<p><strong>\u2013 Pot-life <\/strong>Almenos 3 d\u00edas<\/p>\n<p><strong>\u2013 Tiempo de secado <\/strong>* 30 minutos<\/p>\n<p><strong>\u2013 Facilidad de uso <\/strong>Parecido a un producto\u00a0 monocomponente<strong><em><br \/>\n<\/em><\/strong><em><br \/>\n<\/em><span style=\"font-size: 10pt;\"><em>*a temperatura ambiente en condiciones de humedad est\u00e1ndar y el producto listo para su uso<\/em><\/span><\/p>\n","protected":false},"featured_media":7981,"comment_status":"open","ping_status":"closed","template":"","meta":{"_et_pb_use_builder":"","_et_pb_old_content":"","_et_gb_content_width":""},"product_brand":[],"product_cat":[301],"product_tag":[791,792,626,793,794],"class_list":{"0":"post-9971","1":"product","2":"type-product","3":"status-publish","4":"has-post-thumbnail","6":"product_cat-soluciones-para-la-madera","7":"product_tag-abrasion-es","8":"product_tag-amarilleo","9":"product_tag-bca-es","10":"product_tag-liquidos","11":"product_tag-milesi-es","13":"first","14":"instock","15":"shipping-taxable","16":"product-type-simple"},"yoast_head":"<!-- This site is optimized with the Yoast SEO plugin v27.3 - https:\/\/yoast.com\/product\/yoast-seo-wordpress\/ -->\n<title>BCA - Block Chain Addition - Milesi<\/title>\n<meta name=\"robots\" content=\"index, follow, max-snippet:-1, max-image-preview:large, max-video-preview:-1\" \/>\n<link rel=\"canonical\" href=\"https:\/\/www.milesi.com\/es\/producto\/soluciones-para-la-madera\/bca-es\/\" \/>\n<meta property=\"og:locale\" content=\"es_ES\" \/>\n<meta property=\"og:type\" content=\"article\" \/>\n<meta property=\"og:title\" content=\"BCA - Block Chain Addition - Milesi\" \/>\n<meta property=\"og:description\" content=\"&nbsp;  La nueva tecnolog\u00eda que revoluciona los barnices para madera  BCA Milesi nace del proceso que permite la filmaci\u00f3n del barniz y que asegura tiempos de secado muy r\u00e1pidos, un pot-life muy largo,\u00a0 m\u00e1xima facilidad de uso, y todo esto con una excelente est\u00e9tica  \u2013 Green Sin isocianatos, sin formaldeh\u00eddo, sin formar formaldeh\u00eddo, sin compuestos arom\u00e1ticos  \u2013 Resistencia Mec\u00e1nica, Resistencia al rayado seg\u00fan la norma UNI EN 15186 (Method B)\u00a0\u00a0\u2265 0,6 Newton\u00a0;\u00a0Dureza superficial seg\u00fan la norma UNI EN 10782\u2265 HB  \u2013 Resistencia Qu\u00edmica, Resistencia a los l\u00edquidos fr\u00edos seg\u00fan la\u00a0 norma UNI EN 12720\u00a0Nivel\u00a0B  \u2013 Resistencia al cambio de color, \u00a0Resistencia a la luz (escala de grises) seg\u00fan la norma UNI EN 15187:\u00a0entre 4 y 5 (elevada resistencia)  \u2013 Pot-life Almenos 3 d\u00edas  \u2013 Tiempo de secado * 30 minutos  \u2013 Facilidad de uso Parecido a un producto\u00a0 monocomponente  *a temperatura ambiente en condiciones de humedad est\u00e1ndar y el producto listo para su uso\" \/>\n<meta property=\"og:url\" content=\"https:\/\/www.milesi.com\/es\/producto\/soluciones-para-la-madera\/bca-es\/\" \/>\n<meta property=\"og:site_name\" content=\"Milesi\" \/>\n<meta property=\"article:publisher\" content=\"https:\/\/www.facebook.com\/MilesiVernici\" \/>\n<meta property=\"article:modified_time\" content=\"2020-09-18T06:01:44+00:00\" \/>\n<meta property=\"og:image\" content=\"https:\/\/www.milesi.com\/wp-content\/uploads\/2019\/08\/Vernice_Bca_1200x1200bordo.jpg\" \/>\n\t<meta property=\"og:image:width\" content=\"1200\" \/>\n\t<meta property=\"og:image:height\" content=\"1200\" \/>\n\t<meta property=\"og:image:type\" content=\"image\/jpeg\" \/>\n<meta name=\"twitter:card\" content=\"summary_large_image\" \/>\n<meta name=\"twitter:label1\" content=\"Tiempo de lectura\" \/>\n\t<meta name=\"twitter:data1\" content=\"1 minute\" \/>\n<script type=\"application\/ld+json\" class=\"yoast-schema-graph\">{\"@context\":\"https:\\\/\\\/schema.org\",\"@graph\":[{\"@type\":\"WebPage\",\"@id\":\"https:\\\/\\\/www.milesi.com\\\/es\\\/producto\\\/soluciones-para-la-madera\\\/bca-es\\\/\",\"url\":\"https:\\\/\\\/www.milesi.com\\\/es\\\/producto\\\/soluciones-para-la-madera\\\/bca-es\\\/\",\"name\":\"BCA - Block Chain Addition - Milesi\",\"isPartOf\":{\"@id\":\"https:\\\/\\\/www.milesi.com\\\/es\\\/#website\"},\"primaryImageOfPage\":{\"@id\":\"https:\\\/\\\/www.milesi.com\\\/es\\\/producto\\\/soluciones-para-la-madera\\\/bca-es\\\/#primaryimage\"},\"image\":{\"@id\":\"https:\\\/\\\/www.milesi.com\\\/es\\\/producto\\\/soluciones-para-la-madera\\\/bca-es\\\/#primaryimage\"},\"thumbnailUrl\":\"https:\\\/\\\/www.milesi.com\\\/wp-content\\\/uploads\\\/2019\\\/08\\\/Vernice_Bca_1200x1200bordo.jpg\",\"datePublished\":\"2020-07-29T14:46:24+00:00\",\"dateModified\":\"2020-09-18T06:01:44+00:00\",\"breadcrumb\":{\"@id\":\"https:\\\/\\\/www.milesi.com\\\/es\\\/producto\\\/soluciones-para-la-madera\\\/bca-es\\\/#breadcrumb\"},\"inLanguage\":\"es-ES\",\"potentialAction\":[{\"@type\":\"ReadAction\",\"target\":[\"https:\\\/\\\/www.milesi.com\\\/es\\\/producto\\\/soluciones-para-la-madera\\\/bca-es\\\/\"]}]},{\"@type\":\"ImageObject\",\"inLanguage\":\"es-ES\",\"@id\":\"https:\\\/\\\/www.milesi.com\\\/es\\\/producto\\\/soluciones-para-la-madera\\\/bca-es\\\/#primaryimage\",\"url\":\"https:\\\/\\\/www.milesi.com\\\/wp-content\\\/uploads\\\/2019\\\/08\\\/Vernice_Bca_1200x1200bordo.jpg\",\"contentUrl\":\"https:\\\/\\\/www.milesi.com\\\/wp-content\\\/uploads\\\/2019\\\/08\\\/Vernice_Bca_1200x1200bordo.jpg\",\"width\":1200,\"height\":1200},{\"@type\":\"BreadcrumbList\",\"@id\":\"https:\\\/\\\/www.milesi.com\\\/es\\\/producto\\\/soluciones-para-la-madera\\\/bca-es\\\/#breadcrumb\",\"itemListElement\":[{\"@type\":\"ListItem\",\"position\":1,\"name\":\"Milesi - Barnices para Madera\",\"item\":\"https:\\\/\\\/www.milesi.com\\\/es\\\/\"},{\"@type\":\"ListItem\",\"position\":2,\"name\":\"Prodotti\",\"item\":\"https:\\\/\\\/www.milesi.com\\\/prodotti\\\/\"},{\"@type\":\"ListItem\",\"position\":3,\"name\":\"BCA &#8211; Block Chain Addition\"}]},{\"@type\":\"WebSite\",\"@id\":\"https:\\\/\\\/www.milesi.com\\\/es\\\/#website\",\"url\":\"https:\\\/\\\/www.milesi.com\\\/es\\\/\",\"name\":\"Milesi Vernici per il legno\",\"description\":\"Barnices para Madera\",\"publisher\":{\"@id\":\"https:\\\/\\\/www.milesi.com\\\/es\\\/#organization\"},\"alternateName\":\"Milesi\",\"potentialAction\":[{\"@type\":\"SearchAction\",\"target\":{\"@type\":\"EntryPoint\",\"urlTemplate\":\"https:\\\/\\\/www.milesi.com\\\/es\\\/?s={search_term_string}\"},\"query-input\":{\"@type\":\"PropertyValueSpecification\",\"valueRequired\":true,\"valueName\":\"search_term_string\"}}],\"inLanguage\":\"es-ES\"},{\"@type\":\"Organization\",\"@id\":\"https:\\\/\\\/www.milesi.com\\\/es\\\/#organization\",\"name\":\"Milesi Vernici\",\"alternateName\":\"Milesi\",\"url\":\"https:\\\/\\\/www.milesi.com\\\/es\\\/\",\"logo\":{\"@type\":\"ImageObject\",\"inLanguage\":\"es-ES\",\"@id\":\"https:\\\/\\\/www.milesi.com\\\/es\\\/#\\\/schema\\\/logo\\\/image\\\/\",\"url\":\"https:\\\/\\\/www.milesi.com\\\/wp-content\\\/uploads\\\/2022\\\/12\\\/milesi-web.png\",\"contentUrl\":\"https:\\\/\\\/www.milesi.com\\\/wp-content\\\/uploads\\\/2022\\\/12\\\/milesi-web.png\",\"width\":100,\"height\":101,\"caption\":\"Milesi Vernici\"},\"image\":{\"@id\":\"https:\\\/\\\/www.milesi.com\\\/es\\\/#\\\/schema\\\/logo\\\/image\\\/\"},\"sameAs\":[\"https:\\\/\\\/www.facebook.com\\\/MilesiVernici\",\"https:\\\/\\\/www.youtube.com\\\/channel\\\/UCgULN6yzPgE9usmMi3CP5hQ\",\"https:\\\/\\\/www.instagram.com\\\/milesiverniciperlegno\\\/\",\"https:\\\/\\\/vimeo.com\\\/user117001108\",\"https:\\\/\\\/www.linkedin.com\\\/company\\\/milesiwoodcoatings\\\/\"]}]}<\/script>\n<!-- \/ Yoast SEO plugin. -->","yoast_head_json":{"title":"BCA - Block Chain Addition - Milesi","robots":{"index":"index","follow":"follow","max-snippet":"max-snippet:-1","max-image-preview":"max-image-preview:large","max-video-preview":"max-video-preview:-1"},"canonical":"https:\/\/www.milesi.com\/es\/producto\/soluciones-para-la-madera\/bca-es\/","og_locale":"es_ES","og_type":"article","og_title":"BCA - Block Chain Addition - Milesi","og_description":"&nbsp;  La nueva tecnolog\u00eda que revoluciona los barnices para madera  BCA Milesi nace del proceso que permite la filmaci\u00f3n del barniz y que asegura tiempos de secado muy r\u00e1pidos, un pot-life muy largo,\u00a0 m\u00e1xima facilidad de uso, y todo esto con una excelente est\u00e9tica  \u2013 Green Sin isocianatos, sin formaldeh\u00eddo, sin formar formaldeh\u00eddo, sin compuestos arom\u00e1ticos  \u2013 Resistencia Mec\u00e1nica, Resistencia al rayado seg\u00fan la norma UNI EN 15186 (Method B)\u00a0\u00a0\u2265 0,6 Newton\u00a0;\u00a0Dureza superficial seg\u00fan la norma UNI EN 10782\u2265 HB  \u2013 Resistencia Qu\u00edmica, Resistencia a los l\u00edquidos fr\u00edos seg\u00fan la\u00a0 norma UNI EN 12720\u00a0Nivel\u00a0B  \u2013 Resistencia al cambio de color, \u00a0Resistencia a la luz (escala de grises) seg\u00fan la norma UNI EN 15187:\u00a0entre 4 y 5 (elevada resistencia)  \u2013 Pot-life Almenos 3 d\u00edas  \u2013 Tiempo de secado * 30 minutos  \u2013 Facilidad de uso Parecido a un producto\u00a0 monocomponente  *a temperatura ambiente en condiciones de humedad est\u00e1ndar y el producto listo para su uso","og_url":"https:\/\/www.milesi.com\/es\/producto\/soluciones-para-la-madera\/bca-es\/","og_site_name":"Milesi","article_publisher":"https:\/\/www.facebook.com\/MilesiVernici","article_modified_time":"2020-09-18T06:01:44+00:00","og_image":[{"width":1200,"height":1200,"url":"https:\/\/www.milesi.com\/wp-content\/uploads\/2019\/08\/Vernice_Bca_1200x1200bordo.jpg","type":"image\/jpeg"}],"twitter_card":"summary_large_image","twitter_misc":{"Tiempo de lectura":"1 minute"},"schema":{"@context":"https:\/\/schema.org","@graph":[{"@type":"WebPage","@id":"https:\/\/www.milesi.com\/es\/producto\/soluciones-para-la-madera\/bca-es\/","url":"https:\/\/www.milesi.com\/es\/producto\/soluciones-para-la-madera\/bca-es\/","name":"BCA - Block Chain Addition - Milesi","isPartOf":{"@id":"https:\/\/www.milesi.com\/es\/#website"},"primaryImageOfPage":{"@id":"https:\/\/www.milesi.com\/es\/producto\/soluciones-para-la-madera\/bca-es\/#primaryimage"},"image":{"@id":"https:\/\/www.milesi.com\/es\/producto\/soluciones-para-la-madera\/bca-es\/#primaryimage"},"thumbnailUrl":"https:\/\/www.milesi.com\/wp-content\/uploads\/2019\/08\/Vernice_Bca_1200x1200bordo.jpg","datePublished":"2020-07-29T14:46:24+00:00","dateModified":"2020-09-18T06:01:44+00:00","breadcrumb":{"@id":"https:\/\/www.milesi.com\/es\/producto\/soluciones-para-la-madera\/bca-es\/#breadcrumb"},"inLanguage":"es-ES","potentialAction":[{"@type":"ReadAction","target":["https:\/\/www.milesi.com\/es\/producto\/soluciones-para-la-madera\/bca-es\/"]}]},{"@type":"ImageObject","inLanguage":"es-ES","@id":"https:\/\/www.milesi.com\/es\/producto\/soluciones-para-la-madera\/bca-es\/#primaryimage","url":"https:\/\/www.milesi.com\/wp-content\/uploads\/2019\/08\/Vernice_Bca_1200x1200bordo.jpg","contentUrl":"https:\/\/www.milesi.com\/wp-content\/uploads\/2019\/08\/Vernice_Bca_1200x1200bordo.jpg","width":1200,"height":1200},{"@type":"BreadcrumbList","@id":"https:\/\/www.milesi.com\/es\/producto\/soluciones-para-la-madera\/bca-es\/#breadcrumb","itemListElement":[{"@type":"ListItem","position":1,"name":"Milesi - Barnices para Madera","item":"https:\/\/www.milesi.com\/es\/"},{"@type":"ListItem","position":2,"name":"Prodotti","item":"https:\/\/www.milesi.com\/prodotti\/"},{"@type":"ListItem","position":3,"name":"BCA &#8211; Block Chain Addition"}]},{"@type":"WebSite","@id":"https:\/\/www.milesi.com\/es\/#website","url":"https:\/\/www.milesi.com\/es\/","name":"Milesi Vernici per il legno","description":"Barnices para Madera","publisher":{"@id":"https:\/\/www.milesi.com\/es\/#organization"},"alternateName":"Milesi","potentialAction":[{"@type":"SearchAction","target":{"@type":"EntryPoint","urlTemplate":"https:\/\/www.milesi.com\/es\/?s={search_term_string}"},"query-input":{"@type":"PropertyValueSpecification","valueRequired":true,"valueName":"search_term_string"}}],"inLanguage":"es-ES"},{"@type":"Organization","@id":"https:\/\/www.milesi.com\/es\/#organization","name":"Milesi Vernici","alternateName":"Milesi","url":"https:\/\/www.milesi.com\/es\/","logo":{"@type":"ImageObject","inLanguage":"es-ES","@id":"https:\/\/www.milesi.com\/es\/#\/schema\/logo\/image\/","url":"https:\/\/www.milesi.com\/wp-content\/uploads\/2022\/12\/milesi-web.png","contentUrl":"https:\/\/www.milesi.com\/wp-content\/uploads\/2022\/12\/milesi-web.png","width":100,"height":101,"caption":"Milesi Vernici"},"image":{"@id":"https:\/\/www.milesi.com\/es\/#\/schema\/logo\/image\/"},"sameAs":["https:\/\/www.facebook.com\/MilesiVernici","https:\/\/www.youtube.com\/channel\/UCgULN6yzPgE9usmMi3CP5hQ","https:\/\/www.instagram.com\/milesiverniciperlegno\/","https:\/\/vimeo.com\/user117001108","https:\/\/www.linkedin.com\/company\/milesiwoodcoatings\/"]}]}},"_links":{"self":[{"href":"https:\/\/www.milesi.com\/es\/wp-json\/wp\/v2\/product\/9971","targetHints":{"allow":["GET"]}}],"collection":[{"href":"https:\/\/www.milesi.com\/es\/wp-json\/wp\/v2\/product"}],"about":[{"href":"https:\/\/www.milesi.com\/es\/wp-json\/wp\/v2\/types\/product"}],"replies":[{"embeddable":true,"href":"https:\/\/www.milesi.com\/es\/wp-json\/wp\/v2\/comments?post=9971"}],"wp:featuredmedia":[{"embeddable":true,"href":"https:\/\/www.milesi.com\/es\/wp-json\/wp\/v2\/media\/7981"}],"wp:attachment":[{"href":"https:\/\/www.milesi.com\/es\/wp-json\/wp\/v2\/media?parent=9971"}],"wp:term":[{"taxonomy":"product_brand","embeddable":true,"href":"https:\/\/www.milesi.com\/es\/wp-json\/wp\/v2\/product_brand?post=9971"},{"taxonomy":"product_cat","embeddable":true,"href":"https:\/\/www.milesi.com\/es\/wp-json\/wp\/v2\/product_cat?post=9971"},{"taxonomy":"product_tag","embeddable":true,"href":"https:\/\/www.milesi.com\/es\/wp-json\/wp\/v2\/product_tag?post=9971"}],"curies":[{"name":"wp","href":"https:\/\/api.w.org\/{rel}","templated":true}]}}