{"id":9977,"date":"2020-07-29T15:57:13","date_gmt":"2020-07-29T13:57:13","guid":{"rendered":"http:\/\/www.milesi.com\/shop\/sin%20categor\u00eda\/healthy-wood-es\/"},"modified":"2020-12-14T10:22:42","modified_gmt":"2020-12-14T09:22:42","slug":"healthy-wood-milesi-es","status":"publish","type":"product","link":"https:\/\/www.milesi.com\/es\/producto\/soluciones-para-la-madera\/healthy-wood-milesi-es\/","title":{"rendered":"HEALTHY.WOOD Milesi"},"content":{"rendered":"<div class=\"wrap_menucontattiprimo\">\n<div class=\"menucontattiprimo\">\n<p style=\"text-align: center;\"><a href=\"http:\/\/www.milesi.com\/news\/davide-ol\u00ecdani-sceglie-healthywood\/\" target=\"_blank\" rel=\"noopener noreferrer\"><img loading=\"lazy\" decoding=\"async\" class=\"alignnone wp-image-9990\" src=\"http:\/\/www.milesi.com\/wp-content\/uploads\/2020\/07\/DO-ridotto-proporzionato-94x71-1.jpg\" alt=\"\" width=\"84\" height=\"57\" srcset=\"https:\/\/www.milesi.com\/wp-content\/uploads\/2020\/07\/DO-ridotto-proporzionato-94x71-1.jpg 94w, https:\/\/www.milesi.com\/wp-content\/uploads\/2020\/07\/DO-ridotto-proporzionato-94x71-1-24x16.jpg 24w, https:\/\/www.milesi.com\/wp-content\/uploads\/2020\/07\/DO-ridotto-proporzionato-94x71-1-36x25.jpg 36w\" sizes=\"(max-width: 84px) 100vw, 84px\" \/><\/a><\/p>\n<p>&nbsp;<\/p>\n<p style=\"text-align: center;\">El\u00a0 chef Davide Oldani tambi\u00e9n elige<\/p>\n<p style=\"text-align: center;\"><strong>HEALTHY.WOOD <\/strong>para su restauramte<\/p>\n<p style=\"text-align: center;\"><a href=\"http:\/\/www.milesi.com\/news\/davide-ol\u00ecdani-sceglie-healthywood\/\" target=\"_blank\" rel=\"noopener noreferrer\"><img loading=\"lazy\" decoding=\"async\" class=\"alignnone wp-image-9821\" src=\"http:\/\/www.milesi.com\/wp-content\/uploads\/2020\/07\/manina-per-click-con-sfondo-ok.png\" alt=\"\" width=\"32\" height=\"32\" srcset=\"https:\/\/www.milesi.com\/wp-content\/uploads\/2020\/07\/manina-per-click-con-sfondo-ok.png 130w, https:\/\/www.milesi.com\/wp-content\/uploads\/2020\/07\/manina-per-click-con-sfondo-ok-100x100.png 100w, https:\/\/www.milesi.com\/wp-content\/uploads\/2020\/07\/manina-per-click-con-sfondo-ok-24x24.png 24w, https:\/\/www.milesi.com\/wp-content\/uploads\/2020\/07\/manina-per-click-con-sfondo-ok-36x36.png 36w\" sizes=\"(max-width: 32px) 100vw, 32px\" \/><\/a><\/p>\n<\/div>\n<div class=\"menucontattiprimo\">\n<p style=\"text-align: center;\"><a href=\"https:\/\/fuorisalonemagazine.it\/en\/focus\/article\/275\/limportanza-di-igienizzare-il-tuo-mondo-salute-e-sicurezza-prima-di-tutto-con-healthywood-milesi\" target=\"_blank\" rel=\"noopener noreferrer\"><img loading=\"lazy\" decoding=\"async\" class=\"alignnone wp-image-9996\" src=\"http:\/\/www.milesi.com\/wp-content\/uploads\/2020\/07\/fuorisalone-logo-png-sfondo-colore-grigio.jpg\" alt=\"\" width=\"60\" height=\"60\" srcset=\"https:\/\/www.milesi.com\/wp-content\/uploads\/2020\/07\/fuorisalone-logo-png-sfondo-colore-grigio.jpg 225w, https:\/\/www.milesi.com\/wp-content\/uploads\/2020\/07\/fuorisalone-logo-png-sfondo-colore-grigio-100x100.jpg 100w, https:\/\/www.milesi.com\/wp-content\/uploads\/2020\/07\/fuorisalone-logo-png-sfondo-colore-grigio-150x150.jpg 150w, https:\/\/www.milesi.com\/wp-content\/uploads\/2020\/07\/fuorisalone-logo-png-sfondo-colore-grigio-24x24.jpg 24w, https:\/\/www.milesi.com\/wp-content\/uploads\/2020\/07\/fuorisalone-logo-png-sfondo-colore-grigio-36x36.jpg 36w\" sizes=\"(max-width: 60px) 100vw, 60px\" \/><\/a><\/p>\n<p>&nbsp;<\/p>\n<p style=\"text-align: center;\">Fuorisalone TV<\/p>\n<p style=\"text-align: center;\">Live Talk<\/p>\n<p style=\"text-align: center;\">19 Junio 2020<\/p>\n<p>&nbsp;<\/p>\n<p style=\"text-align: center;\"><a href=\"video2\" target=\"_blank\" rel=\"noopener noreferrer\"><img loading=\"lazy\" decoding=\"async\" class=\"alignnone wp-image-10002\" src=\"http:\/\/www.milesi.com\/wp-content\/uploads\/2020\/07\/immagine-video-rosso-300x187.jpg\" alt=\"\" width=\"41\" height=\"26\" srcset=\"https:\/\/www.milesi.com\/wp-content\/uploads\/2020\/07\/immagine-video-rosso-300x187.jpg 300w, https:\/\/www.milesi.com\/wp-content\/uploads\/2020\/07\/immagine-video-rosso-24x15.jpg 24w, https:\/\/www.milesi.com\/wp-content\/uploads\/2020\/07\/immagine-video-rosso-36x22.jpg 36w, https:\/\/www.milesi.com\/wp-content\/uploads\/2020\/07\/immagine-video-rosso-256x160.jpg 256w, https:\/\/www.milesi.com\/wp-content\/uploads\/2020\/07\/immagine-video-rosso.jpg 512w\" sizes=\"(max-width: 41px) 100vw, 41px\" \/><\/a><\/p>\n<\/div>\n<\/div>\n<p><strong>HEALTHY.WOOD Milesi es una l\u00ednea completa\u00a0 compuesta de Fondos-Acabados y de Acabados Poliuret\u00e1nicos, Acr\u00edlicos, UV, Nitro, Agua para interiores,\u00a0 Agua y Disolvente para exteriores con propiedades antibacterianas y desinfectantes muy innovadoras <\/strong><\/p>\n<p><strong>\u00a0<\/strong><\/p>\n<p>Test de laboratorio, conformes a la norma ISO22196, han demostrado que las superficies en donde se ha aplicado el producto, <strong>la proliferaci\u00f3n\u00a0 bactericida se reduce en m\u00e1s del 99,9%<\/strong> garantizando el nivel m\u00e1s alto de higiene y protecci\u00f3n.<\/p>\n<p>&nbsp;<\/p>\n<p>Los barnices <strong>HEALTHY.WOOD Milesi <\/strong>son ideales para todos aquellos entornos en los que la higiene es un requisito indispensable: desde espacios dom\u00e9sticos como cocinas, ba\u00f1os, habitaciones infantiles o lugares p\u00fablicos como bares y restaurantes, cines, hoteles, escuelas, etc. tiendas, espacios de exposici\u00f3n, consultorios m\u00e9dicos y profesionales, as\u00ed como para todos los objetos que se sostienen repetidamente en las manos, como las carcasas de los tel\u00e9fonos m\u00f3viles, ordenadores port\u00e1tiles, gafas, volantes o juguetes.<\/p>\n<p>&nbsp;<\/p>\n<p>Contienen part\u00edculas antibacterianas <strong>incorporadas directamente<\/strong> en la formulaci\u00f3n: esto garantiza que se distribuyan de manera uniforme: la superficie barnizada es, por lo tanto, <strong>perfectamente resistente a las bacterias en toda la superficie.<\/strong><\/p>\n<p><strong>\u00a0<\/strong><\/p>\n<p>Al no evaporarse, su <strong>acci\u00f3n antibacteriana dura para siempre<\/strong>, incluso en superficies que se limpian frecuentemente con detergentes particularmente agresivos.<\/p>\n<p>&nbsp;<\/p>\n<p>Las superficies tratadas con los acabados <strong>HEALTHY.WOOD <\/strong>hacen que el uso de desinfectantes sea superfluo.<\/p>\n<p>&nbsp;<\/p>\n","protected":false},"excerpt":{"rendered":"<p><img loading=\"lazy\" decoding=\"async\" class=\"aligncenter wp-image-859 \" src=\"https:\/\/www.healthy-woodmilesi.com\/wp-content\/uploads\/2020\/05\/Healthy.Wood_Scudo-150x150.png\" alt=\"\" width=\"76\" height=\"76\" \/><\/p>\n<p>&nbsp;<\/p>\n<p>\u00bfSi os dij\u00e9ramos que en las superficies de los muebles que te rodean, <strong>la proliferaci\u00f3n de bacterias <\/strong>puede<strong> reducirse en m\u00e1s del 99,9%?<\/strong><\/p>\n<p><strong>\u00a0<\/strong><\/p>\n<p>Qu\u00e9 en las encimeras \u00a0donde se cocina, en los escritorios donde estudian vuestros hijos o en los suelos de madera donde juegan, en la mesa de vuestro restaurante preferido o en los muebles de vuestra habitaci\u00f3n de hotel, <strong>\u00bfpueden ser desinfectados incluso si no se limpia con los detergentes adecuados?<\/strong><\/p>\n<p><strong>\u00a0<\/strong><\/p>\n<p><strong>\u00bfSi os dij\u00e9ramos que con los innovadores barnices antibacterias para madera HEALTHY.WOOD Milesi todo esto es posible?<\/strong><\/p>\n","protected":false},"featured_media":10031,"comment_status":"open","ping_status":"closed","template":"","meta":{"_et_pb_use_builder":"","_et_pb_old_content":"","_et_gb_content_width":""},"product_brand":[],"product_cat":[301],"product_tag":[],"class_list":{"0":"post-9977","1":"product","2":"type-product","3":"status-publish","4":"has-post-thumbnail","6":"product_cat-soluciones-para-la-madera","8":"first","9":"instock","10":"shipping-taxable","11":"product-type-simple"},"yoast_head":"<!-- This site is optimized with the Yoast SEO plugin v27.3 - https:\/\/yoast.com\/product\/yoast-seo-wordpress\/ -->\n<title>HEALTHY.WOOD Milesi - Milesi<\/title>\n<meta name=\"robots\" content=\"index, follow, max-snippet:-1, max-image-preview:large, max-video-preview:-1\" \/>\n<link rel=\"canonical\" href=\"https:\/\/www.milesi.com\/es\/producto\/soluciones-para-la-madera\/healthy-wood-milesi-es\/\" \/>\n<meta property=\"og:locale\" content=\"es_ES\" \/>\n<meta property=\"og:type\" content=\"article\" \/>\n<meta property=\"og:title\" content=\"HEALTHY.WOOD Milesi - Milesi\" \/>\n<meta property=\"og:description\" content=\"&nbsp;  \u00bfSi os dij\u00e9ramos que en las superficies de los muebles que te rodean, la proliferaci\u00f3n de bacterias puede reducirse en m\u00e1s del 99,9%?  \u00a0  Qu\u00e9 en las encimeras \u00a0donde se cocina, en los escritorios donde estudian vuestros hijos o en los suelos de madera donde juegan, en la mesa de vuestro restaurante preferido o en los muebles de vuestra habitaci\u00f3n de hotel, \u00bfpueden ser desinfectados incluso si no se limpia con los detergentes adecuados?  \u00a0  \u00bfSi os dij\u00e9ramos que con los innovadores barnices antibacterias para madera HEALTHY.WOOD Milesi todo esto es posible?\" \/>\n<meta property=\"og:url\" content=\"https:\/\/www.milesi.com\/es\/producto\/soluciones-para-la-madera\/healthy-wood-milesi-es\/\" \/>\n<meta property=\"og:site_name\" content=\"Milesi\" \/>\n<meta property=\"article:publisher\" content=\"https:\/\/www.facebook.com\/MilesiVernici\" \/>\n<meta property=\"article:modified_time\" content=\"2020-12-14T09:22:42+00:00\" \/>\n<meta property=\"og:image\" content=\"https:\/\/www.milesi.com\/wp-content\/uploads\/2020\/07\/HEALTHY.WOOD_InfograficaTestBatteri_suLegno_web-spa-con-bordo-1.jpg\" \/>\n\t<meta property=\"og:image:width\" content=\"600\" \/>\n\t<meta property=\"og:image:height\" content=\"600\" \/>\n\t<meta property=\"og:image:type\" content=\"image\/jpeg\" \/>\n<meta name=\"twitter:card\" content=\"summary_large_image\" \/>\n<meta name=\"twitter:label1\" content=\"Tiempo de lectura\" \/>\n\t<meta name=\"twitter:data1\" content=\"1 minute\" \/>\n<script type=\"application\/ld+json\" class=\"yoast-schema-graph\">{\"@context\":\"https:\\\/\\\/schema.org\",\"@graph\":[{\"@type\":\"WebPage\",\"@id\":\"https:\\\/\\\/www.milesi.com\\\/es\\\/producto\\\/soluciones-para-la-madera\\\/healthy-wood-milesi-es\\\/\",\"url\":\"https:\\\/\\\/www.milesi.com\\\/es\\\/producto\\\/soluciones-para-la-madera\\\/healthy-wood-milesi-es\\\/\",\"name\":\"HEALTHY.WOOD Milesi - Milesi\",\"isPartOf\":{\"@id\":\"https:\\\/\\\/www.milesi.com\\\/es\\\/#website\"},\"primaryImageOfPage\":{\"@id\":\"https:\\\/\\\/www.milesi.com\\\/es\\\/producto\\\/soluciones-para-la-madera\\\/healthy-wood-milesi-es\\\/#primaryimage\"},\"image\":{\"@id\":\"https:\\\/\\\/www.milesi.com\\\/es\\\/producto\\\/soluciones-para-la-madera\\\/healthy-wood-milesi-es\\\/#primaryimage\"},\"thumbnailUrl\":\"https:\\\/\\\/www.milesi.com\\\/wp-content\\\/uploads\\\/2020\\\/07\\\/HEALTHY.WOOD_InfograficaTestBatteri_suLegno_web-spa-con-bordo-1.jpg\",\"datePublished\":\"2020-07-29T13:57:13+00:00\",\"dateModified\":\"2020-12-14T09:22:42+00:00\",\"breadcrumb\":{\"@id\":\"https:\\\/\\\/www.milesi.com\\\/es\\\/producto\\\/soluciones-para-la-madera\\\/healthy-wood-milesi-es\\\/#breadcrumb\"},\"inLanguage\":\"es-ES\",\"potentialAction\":[{\"@type\":\"ReadAction\",\"target\":[\"https:\\\/\\\/www.milesi.com\\\/es\\\/producto\\\/soluciones-para-la-madera\\\/healthy-wood-milesi-es\\\/\"]}]},{\"@type\":\"ImageObject\",\"inLanguage\":\"es-ES\",\"@id\":\"https:\\\/\\\/www.milesi.com\\\/es\\\/producto\\\/soluciones-para-la-madera\\\/healthy-wood-milesi-es\\\/#primaryimage\",\"url\":\"https:\\\/\\\/www.milesi.com\\\/wp-content\\\/uploads\\\/2020\\\/07\\\/HEALTHY.WOOD_InfograficaTestBatteri_suLegno_web-spa-con-bordo-1.jpg\",\"contentUrl\":\"https:\\\/\\\/www.milesi.com\\\/wp-content\\\/uploads\\\/2020\\\/07\\\/HEALTHY.WOOD_InfograficaTestBatteri_suLegno_web-spa-con-bordo-1.jpg\",\"width\":600,\"height\":600},{\"@type\":\"BreadcrumbList\",\"@id\":\"https:\\\/\\\/www.milesi.com\\\/es\\\/producto\\\/soluciones-para-la-madera\\\/healthy-wood-milesi-es\\\/#breadcrumb\",\"itemListElement\":[{\"@type\":\"ListItem\",\"position\":1,\"name\":\"Milesi - Barnices para Madera\",\"item\":\"https:\\\/\\\/www.milesi.com\\\/es\\\/\"},{\"@type\":\"ListItem\",\"position\":2,\"name\":\"Prodotti\",\"item\":\"https:\\\/\\\/www.milesi.com\\\/prodotti\\\/\"},{\"@type\":\"ListItem\",\"position\":3,\"name\":\"HEALTHY.WOOD Milesi\"}]},{\"@type\":\"WebSite\",\"@id\":\"https:\\\/\\\/www.milesi.com\\\/es\\\/#website\",\"url\":\"https:\\\/\\\/www.milesi.com\\\/es\\\/\",\"name\":\"Milesi Vernici per il legno\",\"description\":\"Barnices para Madera\",\"publisher\":{\"@id\":\"https:\\\/\\\/www.milesi.com\\\/es\\\/#organization\"},\"alternateName\":\"Milesi\",\"potentialAction\":[{\"@type\":\"SearchAction\",\"target\":{\"@type\":\"EntryPoint\",\"urlTemplate\":\"https:\\\/\\\/www.milesi.com\\\/es\\\/?s={search_term_string}\"},\"query-input\":{\"@type\":\"PropertyValueSpecification\",\"valueRequired\":true,\"valueName\":\"search_term_string\"}}],\"inLanguage\":\"es-ES\"},{\"@type\":\"Organization\",\"@id\":\"https:\\\/\\\/www.milesi.com\\\/es\\\/#organization\",\"name\":\"Milesi Vernici\",\"alternateName\":\"Milesi\",\"url\":\"https:\\\/\\\/www.milesi.com\\\/es\\\/\",\"logo\":{\"@type\":\"ImageObject\",\"inLanguage\":\"es-ES\",\"@id\":\"https:\\\/\\\/www.milesi.com\\\/es\\\/#\\\/schema\\\/logo\\\/image\\\/\",\"url\":\"https:\\\/\\\/www.milesi.com\\\/wp-content\\\/uploads\\\/2022\\\/12\\\/milesi-web.png\",\"contentUrl\":\"https:\\\/\\\/www.milesi.com\\\/wp-content\\\/uploads\\\/2022\\\/12\\\/milesi-web.png\",\"width\":100,\"height\":101,\"caption\":\"Milesi Vernici\"},\"image\":{\"@id\":\"https:\\\/\\\/www.milesi.com\\\/es\\\/#\\\/schema\\\/logo\\\/image\\\/\"},\"sameAs\":[\"https:\\\/\\\/www.facebook.com\\\/MilesiVernici\",\"https:\\\/\\\/www.youtube.com\\\/channel\\\/UCgULN6yzPgE9usmMi3CP5hQ\",\"https:\\\/\\\/www.instagram.com\\\/milesiverniciperlegno\\\/\",\"https:\\\/\\\/vimeo.com\\\/user117001108\",\"https:\\\/\\\/www.linkedin.com\\\/company\\\/milesiwoodcoatings\\\/\"]}]}<\/script>\n<!-- \/ Yoast SEO plugin. -->","yoast_head_json":{"title":"HEALTHY.WOOD Milesi - Milesi","robots":{"index":"index","follow":"follow","max-snippet":"max-snippet:-1","max-image-preview":"max-image-preview:large","max-video-preview":"max-video-preview:-1"},"canonical":"https:\/\/www.milesi.com\/es\/producto\/soluciones-para-la-madera\/healthy-wood-milesi-es\/","og_locale":"es_ES","og_type":"article","og_title":"HEALTHY.WOOD Milesi - Milesi","og_description":"&nbsp;  \u00bfSi os dij\u00e9ramos que en las superficies de los muebles que te rodean, la proliferaci\u00f3n de bacterias puede reducirse en m\u00e1s del 99,9%?  \u00a0  Qu\u00e9 en las encimeras \u00a0donde se cocina, en los escritorios donde estudian vuestros hijos o en los suelos de madera donde juegan, en la mesa de vuestro restaurante preferido o en los muebles de vuestra habitaci\u00f3n de hotel, \u00bfpueden ser desinfectados incluso si no se limpia con los detergentes adecuados?  \u00a0  \u00bfSi os dij\u00e9ramos que con los innovadores barnices antibacterias para madera HEALTHY.WOOD Milesi todo esto es posible?","og_url":"https:\/\/www.milesi.com\/es\/producto\/soluciones-para-la-madera\/healthy-wood-milesi-es\/","og_site_name":"Milesi","article_publisher":"https:\/\/www.facebook.com\/MilesiVernici","article_modified_time":"2020-12-14T09:22:42+00:00","og_image":[{"width":600,"height":600,"url":"https:\/\/www.milesi.com\/wp-content\/uploads\/2020\/07\/HEALTHY.WOOD_InfograficaTestBatteri_suLegno_web-spa-con-bordo-1.jpg","type":"image\/jpeg"}],"twitter_card":"summary_large_image","twitter_misc":{"Tiempo de lectura":"1 minute"},"schema":{"@context":"https:\/\/schema.org","@graph":[{"@type":"WebPage","@id":"https:\/\/www.milesi.com\/es\/producto\/soluciones-para-la-madera\/healthy-wood-milesi-es\/","url":"https:\/\/www.milesi.com\/es\/producto\/soluciones-para-la-madera\/healthy-wood-milesi-es\/","name":"HEALTHY.WOOD Milesi - Milesi","isPartOf":{"@id":"https:\/\/www.milesi.com\/es\/#website"},"primaryImageOfPage":{"@id":"https:\/\/www.milesi.com\/es\/producto\/soluciones-para-la-madera\/healthy-wood-milesi-es\/#primaryimage"},"image":{"@id":"https:\/\/www.milesi.com\/es\/producto\/soluciones-para-la-madera\/healthy-wood-milesi-es\/#primaryimage"},"thumbnailUrl":"https:\/\/www.milesi.com\/wp-content\/uploads\/2020\/07\/HEALTHY.WOOD_InfograficaTestBatteri_suLegno_web-spa-con-bordo-1.jpg","datePublished":"2020-07-29T13:57:13+00:00","dateModified":"2020-12-14T09:22:42+00:00","breadcrumb":{"@id":"https:\/\/www.milesi.com\/es\/producto\/soluciones-para-la-madera\/healthy-wood-milesi-es\/#breadcrumb"},"inLanguage":"es-ES","potentialAction":[{"@type":"ReadAction","target":["https:\/\/www.milesi.com\/es\/producto\/soluciones-para-la-madera\/healthy-wood-milesi-es\/"]}]},{"@type":"ImageObject","inLanguage":"es-ES","@id":"https:\/\/www.milesi.com\/es\/producto\/soluciones-para-la-madera\/healthy-wood-milesi-es\/#primaryimage","url":"https:\/\/www.milesi.com\/wp-content\/uploads\/2020\/07\/HEALTHY.WOOD_InfograficaTestBatteri_suLegno_web-spa-con-bordo-1.jpg","contentUrl":"https:\/\/www.milesi.com\/wp-content\/uploads\/2020\/07\/HEALTHY.WOOD_InfograficaTestBatteri_suLegno_web-spa-con-bordo-1.jpg","width":600,"height":600},{"@type":"BreadcrumbList","@id":"https:\/\/www.milesi.com\/es\/producto\/soluciones-para-la-madera\/healthy-wood-milesi-es\/#breadcrumb","itemListElement":[{"@type":"ListItem","position":1,"name":"Milesi - Barnices para Madera","item":"https:\/\/www.milesi.com\/es\/"},{"@type":"ListItem","position":2,"name":"Prodotti","item":"https:\/\/www.milesi.com\/prodotti\/"},{"@type":"ListItem","position":3,"name":"HEALTHY.WOOD Milesi"}]},{"@type":"WebSite","@id":"https:\/\/www.milesi.com\/es\/#website","url":"https:\/\/www.milesi.com\/es\/","name":"Milesi Vernici per il legno","description":"Barnices para Madera","publisher":{"@id":"https:\/\/www.milesi.com\/es\/#organization"},"alternateName":"Milesi","potentialAction":[{"@type":"SearchAction","target":{"@type":"EntryPoint","urlTemplate":"https:\/\/www.milesi.com\/es\/?s={search_term_string}"},"query-input":{"@type":"PropertyValueSpecification","valueRequired":true,"valueName":"search_term_string"}}],"inLanguage":"es-ES"},{"@type":"Organization","@id":"https:\/\/www.milesi.com\/es\/#organization","name":"Milesi Vernici","alternateName":"Milesi","url":"https:\/\/www.milesi.com\/es\/","logo":{"@type":"ImageObject","inLanguage":"es-ES","@id":"https:\/\/www.milesi.com\/es\/#\/schema\/logo\/image\/","url":"https:\/\/www.milesi.com\/wp-content\/uploads\/2022\/12\/milesi-web.png","contentUrl":"https:\/\/www.milesi.com\/wp-content\/uploads\/2022\/12\/milesi-web.png","width":100,"height":101,"caption":"Milesi Vernici"},"image":{"@id":"https:\/\/www.milesi.com\/es\/#\/schema\/logo\/image\/"},"sameAs":["https:\/\/www.facebook.com\/MilesiVernici","https:\/\/www.youtube.com\/channel\/UCgULN6yzPgE9usmMi3CP5hQ","https:\/\/www.instagram.com\/milesiverniciperlegno\/","https:\/\/vimeo.com\/user117001108","https:\/\/www.linkedin.com\/company\/milesiwoodcoatings\/"]}]}},"_links":{"self":[{"href":"https:\/\/www.milesi.com\/es\/wp-json\/wp\/v2\/product\/9977","targetHints":{"allow":["GET"]}}],"collection":[{"href":"https:\/\/www.milesi.com\/es\/wp-json\/wp\/v2\/product"}],"about":[{"href":"https:\/\/www.milesi.com\/es\/wp-json\/wp\/v2\/types\/product"}],"replies":[{"embeddable":true,"href":"https:\/\/www.milesi.com\/es\/wp-json\/wp\/v2\/comments?post=9977"}],"wp:featuredmedia":[{"embeddable":true,"href":"https:\/\/www.milesi.com\/es\/wp-json\/wp\/v2\/media\/10031"}],"wp:attachment":[{"href":"https:\/\/www.milesi.com\/es\/wp-json\/wp\/v2\/media?parent=9977"}],"wp:term":[{"taxonomy":"product_brand","embeddable":true,"href":"https:\/\/www.milesi.com\/es\/wp-json\/wp\/v2\/product_brand?post=9977"},{"taxonomy":"product_cat","embeddable":true,"href":"https:\/\/www.milesi.com\/es\/wp-json\/wp\/v2\/product_cat?post=9977"},{"taxonomy":"product_tag","embeddable":true,"href":"https:\/\/www.milesi.com\/es\/wp-json\/wp\/v2\/product_tag?post=9977"}],"curies":[{"name":"wp","href":"https:\/\/api.w.org\/{rel}","templated":true}]}}