{"id":10186,"date":"2020-09-21T15:42:16","date_gmt":"2020-09-21T13:42:16","guid":{"rendered":"http:\/\/www.milesi.com\/?page_id=10186"},"modified":"2025-04-15T17:48:15","modified_gmt":"2025-04-15T15:48:15","slug":"notre-mission","status":"publish","type":"page","link":"https:\/\/www.milesi.com\/fr\/notre-mission\/","title":{"rendered":"Notre Mission"},"content":{"rendered":"<p><img loading=\"lazy\" decoding=\"async\" class=\"alignleft wp-image-9346\" src=\"https:\/\/www.milesi.com\/wp-content\/uploads\/2020\/08\/mission_1561885906-500x300_menobordo-2-300x186.jpg\" alt=\"\" width=\"508\" height=\"315\" srcset=\"https:\/\/www.milesi.com\/wp-content\/uploads\/2020\/08\/mission_1561885906-500x300_menobordo-2-300x186.jpg 300w, https:\/\/www.milesi.com\/wp-content\/uploads\/2020\/08\/mission_1561885906-500x300_menobordo-2-24x15.jpg 24w, https:\/\/www.milesi.com\/wp-content\/uploads\/2020\/08\/mission_1561885906-500x300_menobordo-2-36x22.jpg 36w, https:\/\/www.milesi.com\/wp-content\/uploads\/2020\/08\/mission_1561885906-500x300_menobordo-2-256x159.jpg 256w, https:\/\/www.milesi.com\/wp-content\/uploads\/2020\/08\/mission_1561885906-500x300_menobordo-2.jpg 466w\" sizes=\"(max-width: 508px) 100vw, 508px\" \/><\/p>\n<p><strong>Le Groupe IVM a pour mission de fournir \u00e0 tous les fabricants de meubles ou d\u2019\u00e9l\u00e9ments de construction des solutions responsables et innovantes au service de la qualit\u00e9 de l\u2019habitat<\/strong>.<\/p>\n<p>La recherche de produits de pointe se conjugue avec une profonde sensibilit\u00e9 envers les probl\u00e9matiques li\u00e9es \u00e0 l\u2019environnement, \u00e0 l\u2019\u00e9cologie et \u00e0 la sant\u00e9 humaine.<\/p>\n<p>Ceci se refl\u00e8te dans chaque choix et activit\u00e9 de l\u2019entreprise: tous les collaborateurs sont constamment soucieux d\u2019optimiser les proc\u00e9d\u00e9s, les produits et les services pour garantir les plus hauts niveaux de s\u00e9curit\u00e9 et de r\u00e9duction de l\u2019impact environnemental.<\/p>\n","protected":false},"excerpt":{"rendered":"<p>Le Groupe IVM a pour mission de fournir \u00e0 tous les fabricants de meubles ou d\u2019\u00e9l\u00e9ments de construction des solutions responsables et innovantes au service de la qualit\u00e9 de l\u2019habitat. La recherche de produits de pointe se conjugue avec une profonde sensibilit\u00e9 envers les probl\u00e9matiques li\u00e9es \u00e0 l\u2019environnement, \u00e0 l\u2019\u00e9cologie et \u00e0 la sant\u00e9 humaine. [&hellip;]<\/p>\n","protected":false},"author":5,"featured_media":8995,"parent":0,"menu_order":58,"comment_status":"closed","ping_status":"closed","template":"","meta":{"_et_pb_use_builder":"","_et_pb_old_content":"","_et_gb_content_width":"","footnotes":""},"class_list":["post-10186","page","type-page","status-publish","has-post-thumbnail","hentry"],"yoast_head":"<!-- This site is optimized with the Yoast SEO plugin v27.3 - https:\/\/yoast.com\/product\/yoast-seo-wordpress\/ -->\n<title>Notre Mission - Milesi<\/title>\n<meta name=\"robots\" content=\"noindex, follow\" \/>\n<meta property=\"og:locale\" content=\"fr_FR\" \/>\n<meta property=\"og:type\" content=\"article\" \/>\n<meta property=\"og:title\" content=\"Notre Mission - Milesi\" \/>\n<meta property=\"og:description\" content=\"Le Groupe IVM a pour mission de fournir \u00e0 tous les fabricants de meubles ou d\u2019\u00e9l\u00e9ments de construction des solutions responsables et innovantes au service de la qualit\u00e9 de l\u2019habitat. La recherche de produits de pointe se conjugue avec une profonde sensibilit\u00e9 envers les probl\u00e9matiques li\u00e9es \u00e0 l\u2019environnement, \u00e0 l\u2019\u00e9cologie et \u00e0 la sant\u00e9 humaine. [&hellip;]\" \/>\n<meta property=\"og:url\" content=\"https:\/\/www.milesi.com\/fr\/notre-mission\/\" \/>\n<meta property=\"og:site_name\" content=\"Milesi\" \/>\n<meta property=\"article:publisher\" content=\"https:\/\/www.facebook.com\/MilesiVernici\" \/>\n<meta property=\"article:modified_time\" content=\"2025-04-15T15:48:15+00:00\" \/>\n<meta property=\"og:image\" content=\"https:\/\/www.milesi.com\/wp-content\/uploads\/2020\/08\/mission_1561885906-500x300_bordo.jpg\" \/>\n\t<meta property=\"og:image:width\" content=\"250\" \/>\n\t<meta property=\"og:image:height\" content=\"171\" \/>\n\t<meta property=\"og:image:type\" content=\"image\/jpeg\" \/>\n<meta name=\"twitter:card\" content=\"summary_large_image\" \/>\n<meta name=\"twitter:label1\" content=\"Dur\u00e9e de lecture estim\u00e9e\" \/>\n\t<meta name=\"twitter:data1\" content=\"1 minute\" \/>\n<script type=\"application\/ld+json\" class=\"yoast-schema-graph\">{\"@context\":\"https:\\\/\\\/schema.org\",\"@graph\":[{\"@type\":\"WebPage\",\"@id\":\"https:\\\/\\\/www.milesi.com\\\/fr\\\/notre-mission\\\/\",\"url\":\"https:\\\/\\\/www.milesi.com\\\/fr\\\/notre-mission\\\/\",\"name\":\"Notre Mission - Milesi\",\"isPartOf\":{\"@id\":\"https:\\\/\\\/www.milesi.com\\\/fr\\\/#website\"},\"primaryImageOfPage\":{\"@id\":\"https:\\\/\\\/www.milesi.com\\\/fr\\\/notre-mission\\\/#primaryimage\"},\"image\":{\"@id\":\"https:\\\/\\\/www.milesi.com\\\/fr\\\/notre-mission\\\/#primaryimage\"},\"thumbnailUrl\":\"https:\\\/\\\/www.milesi.com\\\/wp-content\\\/uploads\\\/2020\\\/08\\\/mission_1561885906-500x300_bordo.jpg\",\"datePublished\":\"2020-09-21T13:42:16+00:00\",\"dateModified\":\"2025-04-15T15:48:15+00:00\",\"breadcrumb\":{\"@id\":\"https:\\\/\\\/www.milesi.com\\\/fr\\\/notre-mission\\\/#breadcrumb\"},\"inLanguage\":\"fr-FR\",\"potentialAction\":[{\"@type\":\"ReadAction\",\"target\":[\"https:\\\/\\\/www.milesi.com\\\/fr\\\/notre-mission\\\/\"]}]},{\"@type\":\"ImageObject\",\"inLanguage\":\"fr-FR\",\"@id\":\"https:\\\/\\\/www.milesi.com\\\/fr\\\/notre-mission\\\/#primaryimage\",\"url\":\"https:\\\/\\\/www.milesi.com\\\/wp-content\\\/uploads\\\/2020\\\/08\\\/mission_1561885906-500x300_bordo.jpg\",\"contentUrl\":\"https:\\\/\\\/www.milesi.com\\\/wp-content\\\/uploads\\\/2020\\\/08\\\/mission_1561885906-500x300_bordo.jpg\",\"width\":250,\"height\":171},{\"@type\":\"BreadcrumbList\",\"@id\":\"https:\\\/\\\/www.milesi.com\\\/fr\\\/notre-mission\\\/#breadcrumb\",\"itemListElement\":[{\"@type\":\"ListItem\",\"position\":1,\"name\":\"Milesi - Vernis pour bois\",\"item\":\"https:\\\/\\\/www.milesi.com\\\/fr\\\/\"},{\"@type\":\"ListItem\",\"position\":2,\"name\":\"Notre Mission\"}]},{\"@type\":\"WebSite\",\"@id\":\"https:\\\/\\\/www.milesi.com\\\/fr\\\/#website\",\"url\":\"https:\\\/\\\/www.milesi.com\\\/fr\\\/\",\"name\":\"Milesi Vernici per il legno\",\"description\":\"Vernis pour bois\",\"publisher\":{\"@id\":\"https:\\\/\\\/www.milesi.com\\\/fr\\\/#organization\"},\"alternateName\":\"Milesi\",\"potentialAction\":[{\"@type\":\"SearchAction\",\"target\":{\"@type\":\"EntryPoint\",\"urlTemplate\":\"https:\\\/\\\/www.milesi.com\\\/fr\\\/?s={search_term_string}\"},\"query-input\":{\"@type\":\"PropertyValueSpecification\",\"valueRequired\":true,\"valueName\":\"search_term_string\"}}],\"inLanguage\":\"fr-FR\"},{\"@type\":\"Organization\",\"@id\":\"https:\\\/\\\/www.milesi.com\\\/fr\\\/#organization\",\"name\":\"Milesi Vernici\",\"alternateName\":\"Milesi\",\"url\":\"https:\\\/\\\/www.milesi.com\\\/fr\\\/\",\"logo\":{\"@type\":\"ImageObject\",\"inLanguage\":\"fr-FR\",\"@id\":\"https:\\\/\\\/www.milesi.com\\\/fr\\\/#\\\/schema\\\/logo\\\/image\\\/\",\"url\":\"https:\\\/\\\/www.milesi.com\\\/wp-content\\\/uploads\\\/2022\\\/12\\\/milesi-web.png\",\"contentUrl\":\"https:\\\/\\\/www.milesi.com\\\/wp-content\\\/uploads\\\/2022\\\/12\\\/milesi-web.png\",\"width\":100,\"height\":101,\"caption\":\"Milesi Vernici\"},\"image\":{\"@id\":\"https:\\\/\\\/www.milesi.com\\\/fr\\\/#\\\/schema\\\/logo\\\/image\\\/\"},\"sameAs\":[\"https:\\\/\\\/www.facebook.com\\\/MilesiVernici\",\"https:\\\/\\\/www.youtube.com\\\/channel\\\/UCgULN6yzPgE9usmMi3CP5hQ\",\"https:\\\/\\\/www.instagram.com\\\/milesiverniciperlegno\\\/\",\"https:\\\/\\\/vimeo.com\\\/user117001108\",\"https:\\\/\\\/www.linkedin.com\\\/company\\\/milesiwoodcoatings\\\/\"]}]}<\/script>\n<!-- \/ Yoast SEO plugin. -->","yoast_head_json":{"title":"Notre Mission - Milesi","robots":{"index":"noindex","follow":"follow"},"og_locale":"fr_FR","og_type":"article","og_title":"Notre Mission - Milesi","og_description":"Le Groupe IVM a pour mission de fournir \u00e0 tous les fabricants de meubles ou d\u2019\u00e9l\u00e9ments de construction des solutions responsables et innovantes au service de la qualit\u00e9 de l\u2019habitat. La recherche de produits de pointe se conjugue avec une profonde sensibilit\u00e9 envers les probl\u00e9matiques li\u00e9es \u00e0 l\u2019environnement, \u00e0 l\u2019\u00e9cologie et \u00e0 la sant\u00e9 humaine. [&hellip;]","og_url":"https:\/\/www.milesi.com\/fr\/notre-mission\/","og_site_name":"Milesi","article_publisher":"https:\/\/www.facebook.com\/MilesiVernici","article_modified_time":"2025-04-15T15:48:15+00:00","og_image":[{"width":250,"height":171,"url":"https:\/\/www.milesi.com\/wp-content\/uploads\/2020\/08\/mission_1561885906-500x300_bordo.jpg","type":"image\/jpeg"}],"twitter_card":"summary_large_image","twitter_misc":{"Dur\u00e9e de lecture estim\u00e9e":"1 minute"},"schema":{"@context":"https:\/\/schema.org","@graph":[{"@type":"WebPage","@id":"https:\/\/www.milesi.com\/fr\/notre-mission\/","url":"https:\/\/www.milesi.com\/fr\/notre-mission\/","name":"Notre Mission - Milesi","isPartOf":{"@id":"https:\/\/www.milesi.com\/fr\/#website"},"primaryImageOfPage":{"@id":"https:\/\/www.milesi.com\/fr\/notre-mission\/#primaryimage"},"image":{"@id":"https:\/\/www.milesi.com\/fr\/notre-mission\/#primaryimage"},"thumbnailUrl":"https:\/\/www.milesi.com\/wp-content\/uploads\/2020\/08\/mission_1561885906-500x300_bordo.jpg","datePublished":"2020-09-21T13:42:16+00:00","dateModified":"2025-04-15T15:48:15+00:00","breadcrumb":{"@id":"https:\/\/www.milesi.com\/fr\/notre-mission\/#breadcrumb"},"inLanguage":"fr-FR","potentialAction":[{"@type":"ReadAction","target":["https:\/\/www.milesi.com\/fr\/notre-mission\/"]}]},{"@type":"ImageObject","inLanguage":"fr-FR","@id":"https:\/\/www.milesi.com\/fr\/notre-mission\/#primaryimage","url":"https:\/\/www.milesi.com\/wp-content\/uploads\/2020\/08\/mission_1561885906-500x300_bordo.jpg","contentUrl":"https:\/\/www.milesi.com\/wp-content\/uploads\/2020\/08\/mission_1561885906-500x300_bordo.jpg","width":250,"height":171},{"@type":"BreadcrumbList","@id":"https:\/\/www.milesi.com\/fr\/notre-mission\/#breadcrumb","itemListElement":[{"@type":"ListItem","position":1,"name":"Milesi - Vernis pour bois","item":"https:\/\/www.milesi.com\/fr\/"},{"@type":"ListItem","position":2,"name":"Notre Mission"}]},{"@type":"WebSite","@id":"https:\/\/www.milesi.com\/fr\/#website","url":"https:\/\/www.milesi.com\/fr\/","name":"Milesi Vernici per il legno","description":"Vernis pour bois","publisher":{"@id":"https:\/\/www.milesi.com\/fr\/#organization"},"alternateName":"Milesi","potentialAction":[{"@type":"SearchAction","target":{"@type":"EntryPoint","urlTemplate":"https:\/\/www.milesi.com\/fr\/?s={search_term_string}"},"query-input":{"@type":"PropertyValueSpecification","valueRequired":true,"valueName":"search_term_string"}}],"inLanguage":"fr-FR"},{"@type":"Organization","@id":"https:\/\/www.milesi.com\/fr\/#organization","name":"Milesi Vernici","alternateName":"Milesi","url":"https:\/\/www.milesi.com\/fr\/","logo":{"@type":"ImageObject","inLanguage":"fr-FR","@id":"https:\/\/www.milesi.com\/fr\/#\/schema\/logo\/image\/","url":"https:\/\/www.milesi.com\/wp-content\/uploads\/2022\/12\/milesi-web.png","contentUrl":"https:\/\/www.milesi.com\/wp-content\/uploads\/2022\/12\/milesi-web.png","width":100,"height":101,"caption":"Milesi Vernici"},"image":{"@id":"https:\/\/www.milesi.com\/fr\/#\/schema\/logo\/image\/"},"sameAs":["https:\/\/www.facebook.com\/MilesiVernici","https:\/\/www.youtube.com\/channel\/UCgULN6yzPgE9usmMi3CP5hQ","https:\/\/www.instagram.com\/milesiverniciperlegno\/","https:\/\/vimeo.com\/user117001108","https:\/\/www.linkedin.com\/company\/milesiwoodcoatings\/"]}]}},"_links":{"self":[{"href":"https:\/\/www.milesi.com\/fr\/wp-json\/wp\/v2\/pages\/10186","targetHints":{"allow":["GET"]}}],"collection":[{"href":"https:\/\/www.milesi.com\/fr\/wp-json\/wp\/v2\/pages"}],"about":[{"href":"https:\/\/www.milesi.com\/fr\/wp-json\/wp\/v2\/types\/page"}],"author":[{"embeddable":true,"href":"https:\/\/www.milesi.com\/fr\/wp-json\/wp\/v2\/users\/5"}],"replies":[{"embeddable":true,"href":"https:\/\/www.milesi.com\/fr\/wp-json\/wp\/v2\/comments?post=10186"}],"version-history":[{"count":1,"href":"https:\/\/www.milesi.com\/fr\/wp-json\/wp\/v2\/pages\/10186\/revisions"}],"predecessor-version":[{"id":26676,"href":"https:\/\/www.milesi.com\/fr\/wp-json\/wp\/v2\/pages\/10186\/revisions\/26676"}],"wp:featuredmedia":[{"embeddable":true,"href":"https:\/\/www.milesi.com\/fr\/wp-json\/wp\/v2\/media\/8995"}],"wp:attachment":[{"href":"https:\/\/www.milesi.com\/fr\/wp-json\/wp\/v2\/media?parent=10186"}],"curies":[{"name":"wp","href":"https:\/\/api.w.org\/{rel}","templated":true}]}}