{"id":10202,"date":"2019-11-08T01:28:45","date_gmt":"2019-11-08T00:28:45","guid":{"rendered":"http:\/\/www.milesi.com\/?page_id=10202"},"modified":"2021-02-25T12:42:57","modified_gmt":"2021-02-25T11:42:57","slug":"ricerca-e-innovazione","status":"publish","type":"page","link":"https:\/\/www.milesi.com\/fr\/ricerca-e-innovazione\/","title":{"rendered":"Recherche et Innovation"},"content":{"rendered":"\r\n\r\n\r\n\r\n\r\n<p><strong><img loading=\"lazy\" decoding=\"async\" class=\"wp-image-13692  alignleft\" src=\"http:\/\/www.milesi.com\/wp-content\/uploads\/2021\/02\/ricerca-innovazione-1024x648.jpg\" alt=\"\" width=\"479\" height=\"303\" srcset=\"https:\/\/www.milesi.com\/wp-content\/uploads\/2021\/02\/ricerca-innovazione-1024x648.jpg 1024w, https:\/\/www.milesi.com\/wp-content\/uploads\/2021\/02\/ricerca-innovazione-600x380.jpg 600w, https:\/\/www.milesi.com\/wp-content\/uploads\/2021\/02\/ricerca-innovazione-300x190.jpg 300w, https:\/\/www.milesi.com\/wp-content\/uploads\/2021\/02\/ricerca-innovazione-768x486.jpg 768w, https:\/\/www.milesi.com\/wp-content\/uploads\/2021\/02\/ricerca-innovazione-1536x972.jpg 1536w, https:\/\/www.milesi.com\/wp-content\/uploads\/2021\/02\/ricerca-innovazione-24x15.jpg 24w, https:\/\/www.milesi.com\/wp-content\/uploads\/2021\/02\/ricerca-innovazione-36x23.jpg 36w, https:\/\/www.milesi.com\/wp-content\/uploads\/2021\/02\/ricerca-innovazione-256x162.jpg 256w, https:\/\/www.milesi.com\/wp-content\/uploads\/2021\/02\/ricerca-innovazione.jpg 1772w\" sizes=\"(max-width: 479px) 100vw, 479px\" \/><\/strong><\/p>\r\n<p><strong>Les vernis Milesi sont \u00e9tudi\u00e9s et d\u00e9velopp\u00e9s par plus de 200 chercheurs et techniciens sp\u00e9cialis\u00e9s qui travaillent dans les laboratoires de recherche et de d\u00e9veloppement du <a href=\"http:\/\/www.ivmgroup.com\" target=\"_blank\" rel=\"noopener\">Groupe IVM<\/a> en Europe et aux Etats-Unis.<\/strong><\/p>\r\n<p>Ils disposent d\u2019importants investissements d\u00e9di\u00e9s \u00e0 leur activit\u00e9 de recherche : le Groupe IVM consacre \u00e0 ses laboratoires plus de 8% de son chiffre d\u2019affaires. Les produits sont \u00e9tudi\u00e9s pour offrir une solution \u00e0 toutes les exigences applicatives, esth\u00e9tiques ou fonctionnelles.<\/p>\r\n<p><strong>Leurs caract\u00e9ristiques sont \u00e9valu\u00e9es selon des param\u00e8tres internationaux et certifi\u00e9es par des laboratoires internationaux accr\u00e9dit\u00e9s.<\/strong><\/p>\r\n<p>&nbsp;<\/p>\r\n<p style=\"text-align: center;\"><img loading=\"lazy\" decoding=\"async\" class=\"wp-image-13772 aligncenter\" src=\"http:\/\/www.milesi.com\/wp-content\/uploads\/2021\/02\/slider-ricerca-innovazione-foto-quadrate-3-1024x353.jpg\" alt=\"\" width=\"1186\" height=\"409\" srcset=\"https:\/\/www.milesi.com\/wp-content\/uploads\/2021\/02\/slider-ricerca-innovazione-foto-quadrate-3-1024x353.jpg 1024w, https:\/\/www.milesi.com\/wp-content\/uploads\/2021\/02\/slider-ricerca-innovazione-foto-quadrate-3-600x207.jpg 600w, https:\/\/www.milesi.com\/wp-content\/uploads\/2021\/02\/slider-ricerca-innovazione-foto-quadrate-3-300x104.jpg 300w, https:\/\/www.milesi.com\/wp-content\/uploads\/2021\/02\/slider-ricerca-innovazione-foto-quadrate-3-768x265.jpg 768w, https:\/\/www.milesi.com\/wp-content\/uploads\/2021\/02\/slider-ricerca-innovazione-foto-quadrate-3-1536x530.jpg 1536w, https:\/\/www.milesi.com\/wp-content\/uploads\/2021\/02\/slider-ricerca-innovazione-foto-quadrate-3-24x8.jpg 24w, https:\/\/www.milesi.com\/wp-content\/uploads\/2021\/02\/slider-ricerca-innovazione-foto-quadrate-3-36x12.jpg 36w, https:\/\/www.milesi.com\/wp-content\/uploads\/2021\/02\/slider-ricerca-innovazione-foto-quadrate-3-256x88.jpg 256w, https:\/\/www.milesi.com\/wp-content\/uploads\/2021\/02\/slider-ricerca-innovazione-foto-quadrate-3.jpg 1600w\" sizes=\"(max-width: 1186px) 100vw, 1186px\" \/><\/p>\r\n","protected":false},"excerpt":{"rendered":"<p>Les vernis Milesi sont \u00e9tudi\u00e9s et d\u00e9velopp\u00e9s par plus de 200 chercheurs et techniciens sp\u00e9cialis\u00e9s qui travaillent dans les laboratoires de recherche et de d\u00e9veloppement du Groupe IVM en Europe et aux Etats-Unis. Ils disposent d\u2019importants investissements d\u00e9di\u00e9s \u00e0 leur activit\u00e9 de recherche : le Groupe IVM consacre \u00e0 ses laboratoires plus de 8% de [&hellip;]<\/p>\n","protected":false},"author":10,"featured_media":0,"parent":0,"menu_order":53,"comment_status":"closed","ping_status":"closed","template":"pagina.php","meta":{"_et_pb_use_builder":"","_et_pb_old_content":"","_et_gb_content_width":"","footnotes":""},"class_list":["post-10202","page","type-page","status-publish","hentry"],"yoast_head":"<!-- This site is optimized with the Yoast SEO plugin v27.3 - https:\/\/yoast.com\/product\/yoast-seo-wordpress\/ -->\n<title>Recherche et Innovation - Milesi<\/title>\n<meta name=\"robots\" content=\"index, follow, max-snippet:-1, max-image-preview:large, max-video-preview:-1\" \/>\n<link rel=\"canonical\" href=\"https:\/\/www.milesi.com\/fr\/ricerca-e-innovazione\/\" \/>\n<meta property=\"og:locale\" content=\"fr_FR\" \/>\n<meta property=\"og:type\" content=\"article\" \/>\n<meta property=\"og:title\" content=\"Recherche et Innovation - Milesi\" \/>\n<meta property=\"og:description\" content=\"Les vernis Milesi sont \u00e9tudi\u00e9s et d\u00e9velopp\u00e9s par plus de 200 chercheurs et techniciens sp\u00e9cialis\u00e9s qui travaillent dans les laboratoires de recherche et de d\u00e9veloppement du Groupe IVM en Europe et aux Etats-Unis. Ils disposent d\u2019importants investissements d\u00e9di\u00e9s \u00e0 leur activit\u00e9 de recherche : le Groupe IVM consacre \u00e0 ses laboratoires plus de 8% de [&hellip;]\" \/>\n<meta property=\"og:url\" content=\"https:\/\/www.milesi.com\/fr\/ricerca-e-innovazione\/\" \/>\n<meta property=\"og:site_name\" content=\"Milesi\" \/>\n<meta property=\"article:publisher\" content=\"https:\/\/www.facebook.com\/MilesiVernici\" \/>\n<meta property=\"article:modified_time\" content=\"2021-02-25T11:42:57+00:00\" \/>\n<meta property=\"og:image\" content=\"http:\/\/www.milesi.com\/wp-content\/uploads\/2021\/02\/ricerca-innovazione-1024x648.jpg\" \/>\n<meta name=\"twitter:card\" content=\"summary_large_image\" \/>\n<meta name=\"twitter:label1\" content=\"Dur\u00e9e de lecture estim\u00e9e\" \/>\n\t<meta name=\"twitter:data1\" content=\"1 minute\" \/>\n<script type=\"application\/ld+json\" class=\"yoast-schema-graph\">{\"@context\":\"https:\\\/\\\/schema.org\",\"@graph\":[{\"@type\":\"WebPage\",\"@id\":\"https:\\\/\\\/www.milesi.com\\\/fr\\\/ricerca-e-innovazione\\\/\",\"url\":\"https:\\\/\\\/www.milesi.com\\\/fr\\\/ricerca-e-innovazione\\\/\",\"name\":\"Recherche et Innovation - Milesi\",\"isPartOf\":{\"@id\":\"https:\\\/\\\/www.milesi.com\\\/fr\\\/#website\"},\"primaryImageOfPage\":{\"@id\":\"https:\\\/\\\/www.milesi.com\\\/fr\\\/ricerca-e-innovazione\\\/#primaryimage\"},\"image\":{\"@id\":\"https:\\\/\\\/www.milesi.com\\\/fr\\\/ricerca-e-innovazione\\\/#primaryimage\"},\"thumbnailUrl\":\"http:\\\/\\\/www.milesi.com\\\/wp-content\\\/uploads\\\/2021\\\/02\\\/ricerca-innovazione-1024x648.jpg\",\"datePublished\":\"2019-11-08T00:28:45+00:00\",\"dateModified\":\"2021-02-25T11:42:57+00:00\",\"breadcrumb\":{\"@id\":\"https:\\\/\\\/www.milesi.com\\\/fr\\\/ricerca-e-innovazione\\\/#breadcrumb\"},\"inLanguage\":\"fr-FR\",\"potentialAction\":[{\"@type\":\"ReadAction\",\"target\":[\"https:\\\/\\\/www.milesi.com\\\/fr\\\/ricerca-e-innovazione\\\/\"]}]},{\"@type\":\"ImageObject\",\"inLanguage\":\"fr-FR\",\"@id\":\"https:\\\/\\\/www.milesi.com\\\/fr\\\/ricerca-e-innovazione\\\/#primaryimage\",\"url\":\"http:\\\/\\\/www.milesi.com\\\/wp-content\\\/uploads\\\/2021\\\/02\\\/ricerca-innovazione-1024x648.jpg\",\"contentUrl\":\"http:\\\/\\\/www.milesi.com\\\/wp-content\\\/uploads\\\/2021\\\/02\\\/ricerca-innovazione-1024x648.jpg\"},{\"@type\":\"BreadcrumbList\",\"@id\":\"https:\\\/\\\/www.milesi.com\\\/fr\\\/ricerca-e-innovazione\\\/#breadcrumb\",\"itemListElement\":[{\"@type\":\"ListItem\",\"position\":1,\"name\":\"Milesi - Vernis pour bois\",\"item\":\"https:\\\/\\\/www.milesi.com\\\/fr\\\/\"},{\"@type\":\"ListItem\",\"position\":2,\"name\":\"Recherche et Innovation\"}]},{\"@type\":\"WebSite\",\"@id\":\"https:\\\/\\\/www.milesi.com\\\/fr\\\/#website\",\"url\":\"https:\\\/\\\/www.milesi.com\\\/fr\\\/\",\"name\":\"Milesi Vernici per il legno\",\"description\":\"Vernis pour bois\",\"publisher\":{\"@id\":\"https:\\\/\\\/www.milesi.com\\\/fr\\\/#organization\"},\"alternateName\":\"Milesi\",\"potentialAction\":[{\"@type\":\"SearchAction\",\"target\":{\"@type\":\"EntryPoint\",\"urlTemplate\":\"https:\\\/\\\/www.milesi.com\\\/fr\\\/?s={search_term_string}\"},\"query-input\":{\"@type\":\"PropertyValueSpecification\",\"valueRequired\":true,\"valueName\":\"search_term_string\"}}],\"inLanguage\":\"fr-FR\"},{\"@type\":\"Organization\",\"@id\":\"https:\\\/\\\/www.milesi.com\\\/fr\\\/#organization\",\"name\":\"Milesi Vernici\",\"alternateName\":\"Milesi\",\"url\":\"https:\\\/\\\/www.milesi.com\\\/fr\\\/\",\"logo\":{\"@type\":\"ImageObject\",\"inLanguage\":\"fr-FR\",\"@id\":\"https:\\\/\\\/www.milesi.com\\\/fr\\\/#\\\/schema\\\/logo\\\/image\\\/\",\"url\":\"https:\\\/\\\/www.milesi.com\\\/wp-content\\\/uploads\\\/2022\\\/12\\\/milesi-web.png\",\"contentUrl\":\"https:\\\/\\\/www.milesi.com\\\/wp-content\\\/uploads\\\/2022\\\/12\\\/milesi-web.png\",\"width\":100,\"height\":101,\"caption\":\"Milesi Vernici\"},\"image\":{\"@id\":\"https:\\\/\\\/www.milesi.com\\\/fr\\\/#\\\/schema\\\/logo\\\/image\\\/\"},\"sameAs\":[\"https:\\\/\\\/www.facebook.com\\\/MilesiVernici\",\"https:\\\/\\\/www.youtube.com\\\/channel\\\/UCgULN6yzPgE9usmMi3CP5hQ\",\"https:\\\/\\\/www.instagram.com\\\/milesiverniciperlegno\\\/\",\"https:\\\/\\\/vimeo.com\\\/user117001108\",\"https:\\\/\\\/www.linkedin.com\\\/company\\\/milesiwoodcoatings\\\/\"]}]}<\/script>\n<!-- \/ Yoast SEO plugin. -->","yoast_head_json":{"title":"Recherche et Innovation - Milesi","robots":{"index":"index","follow":"follow","max-snippet":"max-snippet:-1","max-image-preview":"max-image-preview:large","max-video-preview":"max-video-preview:-1"},"canonical":"https:\/\/www.milesi.com\/fr\/ricerca-e-innovazione\/","og_locale":"fr_FR","og_type":"article","og_title":"Recherche et Innovation - Milesi","og_description":"Les vernis Milesi sont \u00e9tudi\u00e9s et d\u00e9velopp\u00e9s par plus de 200 chercheurs et techniciens sp\u00e9cialis\u00e9s qui travaillent dans les laboratoires de recherche et de d\u00e9veloppement du Groupe IVM en Europe et aux Etats-Unis. Ils disposent d\u2019importants investissements d\u00e9di\u00e9s \u00e0 leur activit\u00e9 de recherche : le Groupe IVM consacre \u00e0 ses laboratoires plus de 8% de [&hellip;]","og_url":"https:\/\/www.milesi.com\/fr\/ricerca-e-innovazione\/","og_site_name":"Milesi","article_publisher":"https:\/\/www.facebook.com\/MilesiVernici","article_modified_time":"2021-02-25T11:42:57+00:00","og_image":[{"url":"http:\/\/www.milesi.com\/wp-content\/uploads\/2021\/02\/ricerca-innovazione-1024x648.jpg","type":"","width":"","height":""}],"twitter_card":"summary_large_image","twitter_misc":{"Dur\u00e9e de lecture estim\u00e9e":"1 minute"},"schema":{"@context":"https:\/\/schema.org","@graph":[{"@type":"WebPage","@id":"https:\/\/www.milesi.com\/fr\/ricerca-e-innovazione\/","url":"https:\/\/www.milesi.com\/fr\/ricerca-e-innovazione\/","name":"Recherche et Innovation - Milesi","isPartOf":{"@id":"https:\/\/www.milesi.com\/fr\/#website"},"primaryImageOfPage":{"@id":"https:\/\/www.milesi.com\/fr\/ricerca-e-innovazione\/#primaryimage"},"image":{"@id":"https:\/\/www.milesi.com\/fr\/ricerca-e-innovazione\/#primaryimage"},"thumbnailUrl":"http:\/\/www.milesi.com\/wp-content\/uploads\/2021\/02\/ricerca-innovazione-1024x648.jpg","datePublished":"2019-11-08T00:28:45+00:00","dateModified":"2021-02-25T11:42:57+00:00","breadcrumb":{"@id":"https:\/\/www.milesi.com\/fr\/ricerca-e-innovazione\/#breadcrumb"},"inLanguage":"fr-FR","potentialAction":[{"@type":"ReadAction","target":["https:\/\/www.milesi.com\/fr\/ricerca-e-innovazione\/"]}]},{"@type":"ImageObject","inLanguage":"fr-FR","@id":"https:\/\/www.milesi.com\/fr\/ricerca-e-innovazione\/#primaryimage","url":"http:\/\/www.milesi.com\/wp-content\/uploads\/2021\/02\/ricerca-innovazione-1024x648.jpg","contentUrl":"http:\/\/www.milesi.com\/wp-content\/uploads\/2021\/02\/ricerca-innovazione-1024x648.jpg"},{"@type":"BreadcrumbList","@id":"https:\/\/www.milesi.com\/fr\/ricerca-e-innovazione\/#breadcrumb","itemListElement":[{"@type":"ListItem","position":1,"name":"Milesi - Vernis pour bois","item":"https:\/\/www.milesi.com\/fr\/"},{"@type":"ListItem","position":2,"name":"Recherche et Innovation"}]},{"@type":"WebSite","@id":"https:\/\/www.milesi.com\/fr\/#website","url":"https:\/\/www.milesi.com\/fr\/","name":"Milesi Vernici per il legno","description":"Vernis pour bois","publisher":{"@id":"https:\/\/www.milesi.com\/fr\/#organization"},"alternateName":"Milesi","potentialAction":[{"@type":"SearchAction","target":{"@type":"EntryPoint","urlTemplate":"https:\/\/www.milesi.com\/fr\/?s={search_term_string}"},"query-input":{"@type":"PropertyValueSpecification","valueRequired":true,"valueName":"search_term_string"}}],"inLanguage":"fr-FR"},{"@type":"Organization","@id":"https:\/\/www.milesi.com\/fr\/#organization","name":"Milesi Vernici","alternateName":"Milesi","url":"https:\/\/www.milesi.com\/fr\/","logo":{"@type":"ImageObject","inLanguage":"fr-FR","@id":"https:\/\/www.milesi.com\/fr\/#\/schema\/logo\/image\/","url":"https:\/\/www.milesi.com\/wp-content\/uploads\/2022\/12\/milesi-web.png","contentUrl":"https:\/\/www.milesi.com\/wp-content\/uploads\/2022\/12\/milesi-web.png","width":100,"height":101,"caption":"Milesi Vernici"},"image":{"@id":"https:\/\/www.milesi.com\/fr\/#\/schema\/logo\/image\/"},"sameAs":["https:\/\/www.facebook.com\/MilesiVernici","https:\/\/www.youtube.com\/channel\/UCgULN6yzPgE9usmMi3CP5hQ","https:\/\/www.instagram.com\/milesiverniciperlegno\/","https:\/\/vimeo.com\/user117001108","https:\/\/www.linkedin.com\/company\/milesiwoodcoatings\/"]}]}},"_links":{"self":[{"href":"https:\/\/www.milesi.com\/fr\/wp-json\/wp\/v2\/pages\/10202","targetHints":{"allow":["GET"]}}],"collection":[{"href":"https:\/\/www.milesi.com\/fr\/wp-json\/wp\/v2\/pages"}],"about":[{"href":"https:\/\/www.milesi.com\/fr\/wp-json\/wp\/v2\/types\/page"}],"author":[{"embeddable":true,"href":"https:\/\/www.milesi.com\/fr\/wp-json\/wp\/v2\/users\/10"}],"replies":[{"embeddable":true,"href":"https:\/\/www.milesi.com\/fr\/wp-json\/wp\/v2\/comments?post=10202"}],"version-history":[{"count":0,"href":"https:\/\/www.milesi.com\/fr\/wp-json\/wp\/v2\/pages\/10202\/revisions"}],"wp:attachment":[{"href":"https:\/\/www.milesi.com\/fr\/wp-json\/wp\/v2\/media?parent=10202"}],"curies":[{"name":"wp","href":"https:\/\/api.w.org\/{rel}","templated":true}]}}