{"id":10269,"date":"2020-09-22T08:46:38","date_gmt":"2020-09-22T06:46:38","guid":{"rendered":"http:\/\/www.milesi.com\/?page_id=10269"},"modified":"2021-01-27T18:26:51","modified_gmt":"2021-01-27T17:26:51","slug":"solutions-sur-mesure","status":"publish","type":"page","link":"https:\/\/www.milesi.com\/fr\/solutions-sur-mesure\/","title":{"rendered":"SOLUTIONS SUR MESURE"},"content":{"rendered":"\r\n<div class=\"wp-block-image\">\r\n<figure class=\"alignleft size-large is-resized\"><img loading=\"lazy\" decoding=\"async\" class=\"wp-image-10350\" src=\"https:\/\/www.milesi.com\/wp-content\/uploads\/2020\/09\/bespoke_1379080127_1200x1200_bordo_noleftup-2-1024x1024.jpg\" alt=\"\" width=\"350\" height=\"350\" srcset=\"https:\/\/www.milesi.com\/wp-content\/uploads\/2020\/09\/bespoke_1379080127_1200x1200_bordo_noleftup-2-1024x1024.jpg 1024w, https:\/\/www.milesi.com\/wp-content\/uploads\/2020\/09\/bespoke_1379080127_1200x1200_bordo_noleftup-2-600x600.jpg 600w, https:\/\/www.milesi.com\/wp-content\/uploads\/2020\/09\/bespoke_1379080127_1200x1200_bordo_noleftup-2-100x100.jpg 100w, https:\/\/www.milesi.com\/wp-content\/uploads\/2020\/09\/bespoke_1379080127_1200x1200_bordo_noleftup-2-300x300.jpg 300w, https:\/\/www.milesi.com\/wp-content\/uploads\/2020\/09\/bespoke_1379080127_1200x1200_bordo_noleftup-2-150x150.jpg 150w, https:\/\/www.milesi.com\/wp-content\/uploads\/2020\/09\/bespoke_1379080127_1200x1200_bordo_noleftup-2-768x768.jpg 768w, https:\/\/www.milesi.com\/wp-content\/uploads\/2020\/09\/bespoke_1379080127_1200x1200_bordo_noleftup-2-24x24.jpg 24w, https:\/\/www.milesi.com\/wp-content\/uploads\/2020\/09\/bespoke_1379080127_1200x1200_bordo_noleftup-2-36x36.jpg 36w, https:\/\/www.milesi.com\/wp-content\/uploads\/2020\/09\/bespoke_1379080127_1200x1200_bordo_noleftup-2-256x256.jpg 256w, https:\/\/www.milesi.com\/wp-content\/uploads\/2020\/09\/bespoke_1379080127_1200x1200_bordo_noleftup-2.jpg 1053w\" sizes=\"(max-width: 350px) 100vw, 350px\" \/><\/figure>\r\n<\/div>\r\n\r\n\r\n\r\n<p>La force de Milesi r\u00e9side dans sa capacit\u00e9 \u00e0 savoir concr\u00e9tiser les demandes de ses clients avec des solutions les plus inattendues, \u00e9tudi\u00e9es sur des exigences sp\u00e9cifiques d\u2019utilisation et de prestations techniques, tactiles et visuelles.<\/p>\r\n\r\n\r\n\r\n<p><strong>Une \u00e9quipe de chercheurs est d\u00e9di\u00e9e au rapport avec les Architectes, Architectes d\u2019int\u00e9rieur, designers et donneurs d\u2019ordres\u00a0: leur d\u00e9fi est d\u2019imaginer des effets novateurs qui peuvent inspirer le monde des projets. Rendre concr\u00e8tes les visions des clients, en les transformant en finitions uniques r\u00e9unissant les aspects d\u00e9coratifs, fonctionnels et durables est leur principal objectif.<\/strong><\/p>\r\n\r\n\r\n\r\n<p>Les chercheurs accompagnent les professionnels \u00e0 la d\u00e9couverte d\u2019une gamme en \u00e9volution constante, au service des projets, et pouvant surprendre par les possibilit\u00e9s infinies et souvent m\u00e9connues que peuvent offrir les vernis. Gr\u00e2ce \u00e0 leur profond savoir-faire technique, ils \u00e9coutent et interpr\u00e8tent les moindres exigences pour les traduire en nouvelles formulations.<br \/>Les assistants techniques collaborent constamment avec les clients pour s\u00e9lectionner les cycles les plus appropri\u00e9s aux r\u00e9sultats techniques et esth\u00e9tiques escompt\u00e9s et \u00e0 leurs exigences applicatives, pour mettre au point les produits sur leurs sites, et pour les soutenir dans l\u2019optimisation des proc\u00e9d\u00e9s de finition.<\/p>\r\n\r\n\r\n\r\n<figure class=\"aligncenter size-large is-resized\"><\/figure>\r\n<p><img loading=\"lazy\" decoding=\"async\" class=\"size-full wp-image-12162 aligncenter\" src=\"https:\/\/www.milesi.com\/wp-content\/uploads\/2021\/01\/soluzioni-bespoke-1-scaled.jpg\" alt=\"\" width=\"2560\" height=\"702\" srcset=\"https:\/\/www.milesi.com\/wp-content\/uploads\/2021\/01\/soluzioni-bespoke-1-scaled.jpg 2560w, https:\/\/www.milesi.com\/wp-content\/uploads\/2021\/01\/soluzioni-bespoke-1-scaled-600x165.jpg 600w, https:\/\/www.milesi.com\/wp-content\/uploads\/2021\/01\/soluzioni-bespoke-1-300x82.jpg 300w, https:\/\/www.milesi.com\/wp-content\/uploads\/2021\/01\/soluzioni-bespoke-1-1024x281.jpg 1024w, https:\/\/www.milesi.com\/wp-content\/uploads\/2021\/01\/soluzioni-bespoke-1-768x211.jpg 768w, https:\/\/www.milesi.com\/wp-content\/uploads\/2021\/01\/soluzioni-bespoke-1-1536x421.jpg 1536w, https:\/\/www.milesi.com\/wp-content\/uploads\/2021\/01\/soluzioni-bespoke-1-2048x562.jpg 2048w, https:\/\/www.milesi.com\/wp-content\/uploads\/2021\/01\/soluzioni-bespoke-1-24x7.jpg 24w, https:\/\/www.milesi.com\/wp-content\/uploads\/2021\/01\/soluzioni-bespoke-1-36x10.jpg 36w, https:\/\/www.milesi.com\/wp-content\/uploads\/2021\/01\/soluzioni-bespoke-1-256x70.jpg 256w\" sizes=\"(max-width: 2560px) 100vw, 2560px\" \/><\/p>\r\n","protected":false},"excerpt":{"rendered":"<p>La force de Milesi r\u00e9side dans sa capacit\u00e9 \u00e0 savoir concr\u00e9tiser les demandes de ses clients avec des solutions les plus inattendues, \u00e9tudi\u00e9es sur des exigences sp\u00e9cifiques d\u2019utilisation et de prestations techniques, tactiles et visuelles. Une \u00e9quipe de chercheurs est d\u00e9di\u00e9e au rapport avec les Architectes, Architectes d\u2019int\u00e9rieur, designers et donneurs d\u2019ordres\u00a0: leur d\u00e9fi est [&hellip;]<\/p>\n","protected":false},"author":5,"featured_media":8493,"parent":0,"menu_order":19,"comment_status":"closed","ping_status":"closed","template":"","meta":{"_et_pb_use_builder":"","_et_pb_old_content":"","_et_gb_content_width":"","footnotes":""},"class_list":["post-10269","page","type-page","status-publish","has-post-thumbnail","hentry"],"yoast_head":"<!-- This site is optimized with the Yoast SEO plugin v27.3 - https:\/\/yoast.com\/product\/yoast-seo-wordpress\/ -->\n<title>SOLUTIONS SUR MESURE - Milesi<\/title>\n<meta name=\"robots\" content=\"index, follow, max-snippet:-1, max-image-preview:large, max-video-preview:-1\" \/>\n<link rel=\"canonical\" href=\"https:\/\/www.milesi.com\/fr\/solutions-sur-mesure\/\" \/>\n<meta property=\"og:locale\" content=\"fr_FR\" \/>\n<meta property=\"og:type\" content=\"article\" \/>\n<meta property=\"og:title\" content=\"SOLUTIONS SUR MESURE - Milesi\" \/>\n<meta property=\"og:description\" content=\"La force de Milesi r\u00e9side dans sa capacit\u00e9 \u00e0 savoir concr\u00e9tiser les demandes de ses clients avec des solutions les plus inattendues, \u00e9tudi\u00e9es sur des exigences sp\u00e9cifiques d\u2019utilisation et de prestations techniques, tactiles et visuelles. Une \u00e9quipe de chercheurs est d\u00e9di\u00e9e au rapport avec les Architectes, Architectes d\u2019int\u00e9rieur, designers et donneurs d\u2019ordres\u00a0: leur d\u00e9fi est [&hellip;]\" \/>\n<meta property=\"og:url\" content=\"https:\/\/www.milesi.com\/fr\/solutions-sur-mesure\/\" \/>\n<meta property=\"og:site_name\" content=\"Milesi\" \/>\n<meta property=\"article:publisher\" content=\"https:\/\/www.facebook.com\/MilesiVernici\" \/>\n<meta property=\"article:modified_time\" content=\"2021-01-27T17:26:51+00:00\" \/>\n<meta property=\"og:image\" content=\"https:\/\/www.milesi.com\/wp-content\/uploads\/2020\/07\/bespoke_1379080127_1200x1200_bordo.jpg\" \/>\n\t<meta property=\"og:image:width\" content=\"600\" \/>\n\t<meta property=\"og:image:height\" content=\"600\" \/>\n\t<meta property=\"og:image:type\" content=\"image\/jpeg\" \/>\n<meta name=\"twitter:card\" content=\"summary_large_image\" \/>\n<meta name=\"twitter:label1\" content=\"Dur\u00e9e de lecture estim\u00e9e\" \/>\n\t<meta name=\"twitter:data1\" content=\"1 minute\" \/>\n<script type=\"application\/ld+json\" class=\"yoast-schema-graph\">{\"@context\":\"https:\\\/\\\/schema.org\",\"@graph\":[{\"@type\":\"WebPage\",\"@id\":\"https:\\\/\\\/www.milesi.com\\\/fr\\\/solutions-sur-mesure\\\/\",\"url\":\"https:\\\/\\\/www.milesi.com\\\/fr\\\/solutions-sur-mesure\\\/\",\"name\":\"SOLUTIONS SUR MESURE - Milesi\",\"isPartOf\":{\"@id\":\"https:\\\/\\\/www.milesi.com\\\/fr\\\/#website\"},\"primaryImageOfPage\":{\"@id\":\"https:\\\/\\\/www.milesi.com\\\/fr\\\/solutions-sur-mesure\\\/#primaryimage\"},\"image\":{\"@id\":\"https:\\\/\\\/www.milesi.com\\\/fr\\\/solutions-sur-mesure\\\/#primaryimage\"},\"thumbnailUrl\":\"https:\\\/\\\/www.milesi.com\\\/wp-content\\\/uploads\\\/2020\\\/07\\\/bespoke_1379080127_1200x1200_bordo.jpg\",\"datePublished\":\"2020-09-22T06:46:38+00:00\",\"dateModified\":\"2021-01-27T17:26:51+00:00\",\"breadcrumb\":{\"@id\":\"https:\\\/\\\/www.milesi.com\\\/fr\\\/solutions-sur-mesure\\\/#breadcrumb\"},\"inLanguage\":\"fr-FR\",\"potentialAction\":[{\"@type\":\"ReadAction\",\"target\":[\"https:\\\/\\\/www.milesi.com\\\/fr\\\/solutions-sur-mesure\\\/\"]}]},{\"@type\":\"ImageObject\",\"inLanguage\":\"fr-FR\",\"@id\":\"https:\\\/\\\/www.milesi.com\\\/fr\\\/solutions-sur-mesure\\\/#primaryimage\",\"url\":\"https:\\\/\\\/www.milesi.com\\\/wp-content\\\/uploads\\\/2020\\\/07\\\/bespoke_1379080127_1200x1200_bordo.jpg\",\"contentUrl\":\"https:\\\/\\\/www.milesi.com\\\/wp-content\\\/uploads\\\/2020\\\/07\\\/bespoke_1379080127_1200x1200_bordo.jpg\",\"width\":600,\"height\":600},{\"@type\":\"BreadcrumbList\",\"@id\":\"https:\\\/\\\/www.milesi.com\\\/fr\\\/solutions-sur-mesure\\\/#breadcrumb\",\"itemListElement\":[{\"@type\":\"ListItem\",\"position\":1,\"name\":\"Milesi - Vernis pour bois\",\"item\":\"https:\\\/\\\/www.milesi.com\\\/fr\\\/\"},{\"@type\":\"ListItem\",\"position\":2,\"name\":\"SOLUTIONS SUR MESURE\"}]},{\"@type\":\"WebSite\",\"@id\":\"https:\\\/\\\/www.milesi.com\\\/fr\\\/#website\",\"url\":\"https:\\\/\\\/www.milesi.com\\\/fr\\\/\",\"name\":\"Milesi Vernici per il legno\",\"description\":\"Vernis pour bois\",\"publisher\":{\"@id\":\"https:\\\/\\\/www.milesi.com\\\/fr\\\/#organization\"},\"alternateName\":\"Milesi\",\"potentialAction\":[{\"@type\":\"SearchAction\",\"target\":{\"@type\":\"EntryPoint\",\"urlTemplate\":\"https:\\\/\\\/www.milesi.com\\\/fr\\\/?s={search_term_string}\"},\"query-input\":{\"@type\":\"PropertyValueSpecification\",\"valueRequired\":true,\"valueName\":\"search_term_string\"}}],\"inLanguage\":\"fr-FR\"},{\"@type\":\"Organization\",\"@id\":\"https:\\\/\\\/www.milesi.com\\\/fr\\\/#organization\",\"name\":\"Milesi Vernici\",\"alternateName\":\"Milesi\",\"url\":\"https:\\\/\\\/www.milesi.com\\\/fr\\\/\",\"logo\":{\"@type\":\"ImageObject\",\"inLanguage\":\"fr-FR\",\"@id\":\"https:\\\/\\\/www.milesi.com\\\/fr\\\/#\\\/schema\\\/logo\\\/image\\\/\",\"url\":\"https:\\\/\\\/www.milesi.com\\\/wp-content\\\/uploads\\\/2022\\\/12\\\/milesi-web.png\",\"contentUrl\":\"https:\\\/\\\/www.milesi.com\\\/wp-content\\\/uploads\\\/2022\\\/12\\\/milesi-web.png\",\"width\":100,\"height\":101,\"caption\":\"Milesi Vernici\"},\"image\":{\"@id\":\"https:\\\/\\\/www.milesi.com\\\/fr\\\/#\\\/schema\\\/logo\\\/image\\\/\"},\"sameAs\":[\"https:\\\/\\\/www.facebook.com\\\/MilesiVernici\",\"https:\\\/\\\/www.youtube.com\\\/channel\\\/UCgULN6yzPgE9usmMi3CP5hQ\",\"https:\\\/\\\/www.instagram.com\\\/milesiverniciperlegno\\\/\",\"https:\\\/\\\/vimeo.com\\\/user117001108\",\"https:\\\/\\\/www.linkedin.com\\\/company\\\/milesiwoodcoatings\\\/\"]}]}<\/script>\n<!-- \/ Yoast SEO plugin. -->","yoast_head_json":{"title":"SOLUTIONS SUR MESURE - Milesi","robots":{"index":"index","follow":"follow","max-snippet":"max-snippet:-1","max-image-preview":"max-image-preview:large","max-video-preview":"max-video-preview:-1"},"canonical":"https:\/\/www.milesi.com\/fr\/solutions-sur-mesure\/","og_locale":"fr_FR","og_type":"article","og_title":"SOLUTIONS SUR MESURE - Milesi","og_description":"La force de Milesi r\u00e9side dans sa capacit\u00e9 \u00e0 savoir concr\u00e9tiser les demandes de ses clients avec des solutions les plus inattendues, \u00e9tudi\u00e9es sur des exigences sp\u00e9cifiques d\u2019utilisation et de prestations techniques, tactiles et visuelles. Une \u00e9quipe de chercheurs est d\u00e9di\u00e9e au rapport avec les Architectes, Architectes d\u2019int\u00e9rieur, designers et donneurs d\u2019ordres\u00a0: leur d\u00e9fi est [&hellip;]","og_url":"https:\/\/www.milesi.com\/fr\/solutions-sur-mesure\/","og_site_name":"Milesi","article_publisher":"https:\/\/www.facebook.com\/MilesiVernici","article_modified_time":"2021-01-27T17:26:51+00:00","og_image":[{"width":600,"height":600,"url":"https:\/\/www.milesi.com\/wp-content\/uploads\/2020\/07\/bespoke_1379080127_1200x1200_bordo.jpg","type":"image\/jpeg"}],"twitter_card":"summary_large_image","twitter_misc":{"Dur\u00e9e de lecture estim\u00e9e":"1 minute"},"schema":{"@context":"https:\/\/schema.org","@graph":[{"@type":"WebPage","@id":"https:\/\/www.milesi.com\/fr\/solutions-sur-mesure\/","url":"https:\/\/www.milesi.com\/fr\/solutions-sur-mesure\/","name":"SOLUTIONS SUR MESURE - Milesi","isPartOf":{"@id":"https:\/\/www.milesi.com\/fr\/#website"},"primaryImageOfPage":{"@id":"https:\/\/www.milesi.com\/fr\/solutions-sur-mesure\/#primaryimage"},"image":{"@id":"https:\/\/www.milesi.com\/fr\/solutions-sur-mesure\/#primaryimage"},"thumbnailUrl":"https:\/\/www.milesi.com\/wp-content\/uploads\/2020\/07\/bespoke_1379080127_1200x1200_bordo.jpg","datePublished":"2020-09-22T06:46:38+00:00","dateModified":"2021-01-27T17:26:51+00:00","breadcrumb":{"@id":"https:\/\/www.milesi.com\/fr\/solutions-sur-mesure\/#breadcrumb"},"inLanguage":"fr-FR","potentialAction":[{"@type":"ReadAction","target":["https:\/\/www.milesi.com\/fr\/solutions-sur-mesure\/"]}]},{"@type":"ImageObject","inLanguage":"fr-FR","@id":"https:\/\/www.milesi.com\/fr\/solutions-sur-mesure\/#primaryimage","url":"https:\/\/www.milesi.com\/wp-content\/uploads\/2020\/07\/bespoke_1379080127_1200x1200_bordo.jpg","contentUrl":"https:\/\/www.milesi.com\/wp-content\/uploads\/2020\/07\/bespoke_1379080127_1200x1200_bordo.jpg","width":600,"height":600},{"@type":"BreadcrumbList","@id":"https:\/\/www.milesi.com\/fr\/solutions-sur-mesure\/#breadcrumb","itemListElement":[{"@type":"ListItem","position":1,"name":"Milesi - Vernis pour bois","item":"https:\/\/www.milesi.com\/fr\/"},{"@type":"ListItem","position":2,"name":"SOLUTIONS SUR MESURE"}]},{"@type":"WebSite","@id":"https:\/\/www.milesi.com\/fr\/#website","url":"https:\/\/www.milesi.com\/fr\/","name":"Milesi Vernici per il legno","description":"Vernis pour bois","publisher":{"@id":"https:\/\/www.milesi.com\/fr\/#organization"},"alternateName":"Milesi","potentialAction":[{"@type":"SearchAction","target":{"@type":"EntryPoint","urlTemplate":"https:\/\/www.milesi.com\/fr\/?s={search_term_string}"},"query-input":{"@type":"PropertyValueSpecification","valueRequired":true,"valueName":"search_term_string"}}],"inLanguage":"fr-FR"},{"@type":"Organization","@id":"https:\/\/www.milesi.com\/fr\/#organization","name":"Milesi Vernici","alternateName":"Milesi","url":"https:\/\/www.milesi.com\/fr\/","logo":{"@type":"ImageObject","inLanguage":"fr-FR","@id":"https:\/\/www.milesi.com\/fr\/#\/schema\/logo\/image\/","url":"https:\/\/www.milesi.com\/wp-content\/uploads\/2022\/12\/milesi-web.png","contentUrl":"https:\/\/www.milesi.com\/wp-content\/uploads\/2022\/12\/milesi-web.png","width":100,"height":101,"caption":"Milesi Vernici"},"image":{"@id":"https:\/\/www.milesi.com\/fr\/#\/schema\/logo\/image\/"},"sameAs":["https:\/\/www.facebook.com\/MilesiVernici","https:\/\/www.youtube.com\/channel\/UCgULN6yzPgE9usmMi3CP5hQ","https:\/\/www.instagram.com\/milesiverniciperlegno\/","https:\/\/vimeo.com\/user117001108","https:\/\/www.linkedin.com\/company\/milesiwoodcoatings\/"]}]}},"_links":{"self":[{"href":"https:\/\/www.milesi.com\/fr\/wp-json\/wp\/v2\/pages\/10269","targetHints":{"allow":["GET"]}}],"collection":[{"href":"https:\/\/www.milesi.com\/fr\/wp-json\/wp\/v2\/pages"}],"about":[{"href":"https:\/\/www.milesi.com\/fr\/wp-json\/wp\/v2\/types\/page"}],"author":[{"embeddable":true,"href":"https:\/\/www.milesi.com\/fr\/wp-json\/wp\/v2\/users\/5"}],"replies":[{"embeddable":true,"href":"https:\/\/www.milesi.com\/fr\/wp-json\/wp\/v2\/comments?post=10269"}],"version-history":[{"count":0,"href":"https:\/\/www.milesi.com\/fr\/wp-json\/wp\/v2\/pages\/10269\/revisions"}],"wp:featuredmedia":[{"embeddable":true,"href":"https:\/\/www.milesi.com\/fr\/wp-json\/wp\/v2\/media\/8493"}],"wp:attachment":[{"href":"https:\/\/www.milesi.com\/fr\/wp-json\/wp\/v2\/media?parent=10269"}],"curies":[{"name":"wp","href":"https:\/\/api.w.org\/{rel}","templated":true}]}}