{"id":10308,"date":"2020-09-22T10:01:47","date_gmt":"2020-09-22T08:01:47","guid":{"rendered":"http:\/\/www.milesi.com\/?page_id=10308"},"modified":"2021-03-11T13:24:45","modified_gmt":"2021-03-11T12:24:45","slug":"ce-que-nous-rechechons-chez-un-collaborateur","status":"publish","type":"page","link":"https:\/\/www.milesi.com\/fr\/candidature\/ce-que-nous-rechechons-chez-un-collaborateur\/","title":{"rendered":"Ce que nous rechechons chez un collaborateur"},"content":{"rendered":"<p><img loading=\"lazy\" decoding=\"async\" class=\" wp-image-14517 alignleft\" src=\"https:\/\/www.milesi.com\/wp-content\/uploads\/2021\/03\/cosa-cerchiamo3-459x1024.jpg\" alt=\"\" width=\"353\" height=\"787\" srcset=\"https:\/\/www.milesi.com\/wp-content\/uploads\/2021\/03\/cosa-cerchiamo3-459x1024.jpg 459w, https:\/\/www.milesi.com\/wp-content\/uploads\/2021\/03\/cosa-cerchiamo3-135x300.jpg 135w, https:\/\/www.milesi.com\/wp-content\/uploads\/2021\/03\/cosa-cerchiamo3-11x24.jpg 11w, https:\/\/www.milesi.com\/wp-content\/uploads\/2021\/03\/cosa-cerchiamo3-16x36.jpg 16w, https:\/\/www.milesi.com\/wp-content\/uploads\/2021\/03\/cosa-cerchiamo3-115x256.jpg 115w, https:\/\/www.milesi.com\/wp-content\/uploads\/2021\/03\/cosa-cerchiamo3.jpg 582w\" sizes=\"(max-width: 353px) 100vw, 353px\" \/>Quel que soit le poste qui vous int\u00e9resse, avant de prendre contact avec le Groupe IVM, veuillez \u00e9valuer si vous vous reconnaissez dans les d\u00e9clarations suivantes. Ceci est essentiel pour nous.<\/p>\n<p><em><strong>\u2013<\/strong>\u00a0Je suis dot\u00e9(e) d\u2019un grand sens de l\u2019\u00e9thique. Je suis convaincu(e) du bien-fond\u00e9 du respect des lois, d\u2019un comportement reposant sur de <strong>solides principes moraux<\/strong>, dans la collaboration respectueuse avec tous, sans distinction de sexe, d\u2019origine et de religion, ainsi que du respect de la parole donn\u00e9e et les accords conclus.<\/em><\/p>\n<p><em><strong>\u2013<\/strong>\u00a0J\u2019ai choisi l\u2019avenir auquel j\u2019aspire pour ma famille et moi-m\u00eame. Je suis conscient(e) de mes priorit\u00e9s, de l\u2019\u00e9quilibre que je veux maintenir entre mon travail et ma vie priv\u00e9e, de mes limites, et je n\u2019assume pas des engagements qui ne sont pas compatibles. Une fois les objectifs fix\u00e9s, je les poursuis en m\u2019impliquant \u00e0 fond, avec sinc\u00e9rit\u00e9 dans mes rapports, et <strong>d\u00e9termination<\/strong>.\u00a0<strong>Je NE repousse PAS au lendemain ce qui peut et doit \u00eatre d\u00e9cid\u00e9 et fait aujourd\u2019hui.<\/strong><\/em><\/p>\n<p><em><strong>\u2013<\/strong>\u00a0Je recherche une <strong>collaboration stable au fil des ann\u00e9es<\/strong>, sachant que l\u2019investissement dans les activit\u00e9s, les plans et les projets \u00e0 long terme sont les conditions d\u2019une croissance et d\u2019un succ\u00e8s solides et durables.<\/em><\/p>\n<p><em><strong>\u2013<\/strong>\u00a0Je reconnais que pour \u00eatre satisfait de son travail, et pas seulement au plan \u00e9conomique, il est indispensable d\u2019y investir de <strong>l&rsquo;\u00e9nergie, de la passion, de l&rsquo;engagement<\/strong> et de la disponibilit\u00e9 qui ne sont pas toujours codifiables dans un contrat.<\/em><\/p>\n<p><em><strong>\u2013<\/strong>\u00a0Je sais que mon activit\u00e9, comme celle de tout autre prestataire de services, est \u00e9valu\u00e9e en fonction des r\u00e9sultats qu\u2019elle va apporter (les meilleurs produits ou services au co\u00fbt le plus bas), et non des \u00ab\u00a0bonnes intentions\u00a0\u00bb, comme je le fais d\u2019ailleurs lorsque je d\u00e9pense mon argent. En tant que Client, je d\u00e9cide de choisir, r\u00e9compenser ou me s\u00e9parer de celui qui ne donne pas le meilleur de lui-m\u00eame.<\/em><\/p>\n<p><em><strong>\u2013<\/strong>\u00a0Je suis d\u00e9sireux d\u2019apprendre, d\u2019\u00e9tudier, de conna\u00eetre et d\u2019<strong>am\u00e9liorer en permanence<\/strong> les r\u00e9sultats de mon travail \u00e0 travers la formation, convaincu(e) que \u00ab\u00a0l\u2019on a jamais fini d\u2019apprendre\u00a0\u00bb et que nous traitons avec le monde entier.<\/em><\/p>\n<p><em><strong>\u2013<\/strong>\u00a0Je poss\u00e8de le niveau scolaire et la formation technique requis pour le poste qui m\u2019int\u00e9resse ainsi que les connaissances et l\u2019exp\u00e9rience n\u00e9cessaires pour atteindre les r\u00e9sultats qui me sont demand\u00e9s.<\/em><\/p>\n<p>&nbsp;<\/p>\n<p style=\"text-align: right;\">Pr\u00e9sident du Groupe IVM<\/p>\n<p style=\"text-align: right;\">Adriano Teso<\/p>\n<p>&nbsp;<\/p>\n<p>&nbsp;<\/p>\n","protected":false},"excerpt":{"rendered":"<p>Quel que soit le poste qui vous int\u00e9resse, avant de prendre contact avec le Groupe IVM, veuillez \u00e9valuer si vous vous reconnaissez dans les d\u00e9clarations suivantes. Ceci est essentiel pour nous. \u2013\u00a0Je suis dot\u00e9(e) d\u2019un grand sens de l\u2019\u00e9thique. Je suis convaincu(e) du bien-fond\u00e9 du respect des lois, d\u2019un comportement reposant sur de solides principes [&hellip;]<\/p>\n","protected":false},"author":5,"featured_media":0,"parent":10304,"menu_order":50,"comment_status":"closed","ping_status":"closed","template":"","meta":{"_et_pb_use_builder":"","_et_pb_old_content":"","_et_gb_content_width":"","footnotes":""},"class_list":["post-10308","page","type-page","status-publish","hentry"],"yoast_head":"<!-- This site is optimized with the Yoast SEO plugin v27.3 - https:\/\/yoast.com\/product\/yoast-seo-wordpress\/ -->\n<title>Ce que nous rechechons chez un collaborateur - Milesi<\/title>\n<meta name=\"robots\" content=\"index, follow, max-snippet:-1, max-image-preview:large, max-video-preview:-1\" \/>\n<link rel=\"canonical\" href=\"https:\/\/www.milesi.com\/fr\/candidature\/ce-que-nous-rechechons-chez-un-collaborateur\/\" \/>\n<meta property=\"og:locale\" content=\"fr_FR\" \/>\n<meta property=\"og:type\" content=\"article\" \/>\n<meta property=\"og:title\" content=\"Ce que nous rechechons chez un collaborateur - Milesi\" \/>\n<meta property=\"og:description\" content=\"Quel que soit le poste qui vous int\u00e9resse, avant de prendre contact avec le Groupe IVM, veuillez \u00e9valuer si vous vous reconnaissez dans les d\u00e9clarations suivantes. Ceci est essentiel pour nous. \u2013\u00a0Je suis dot\u00e9(e) d\u2019un grand sens de l\u2019\u00e9thique. Je suis convaincu(e) du bien-fond\u00e9 du respect des lois, d\u2019un comportement reposant sur de solides principes [&hellip;]\" \/>\n<meta property=\"og:url\" content=\"https:\/\/www.milesi.com\/fr\/candidature\/ce-que-nous-rechechons-chez-un-collaborateur\/\" \/>\n<meta property=\"og:site_name\" content=\"Milesi\" \/>\n<meta property=\"article:publisher\" content=\"https:\/\/www.facebook.com\/MilesiVernici\" \/>\n<meta property=\"article:modified_time\" content=\"2021-03-11T12:24:45+00:00\" \/>\n<meta property=\"og:image\" content=\"https:\/\/www.milesi.com\/wp-content\/uploads\/2021\/03\/cosa-cerchiamo3-459x1024.jpg\" \/>\n<meta name=\"twitter:card\" content=\"summary_large_image\" \/>\n<meta name=\"twitter:label1\" content=\"Dur\u00e9e de lecture estim\u00e9e\" \/>\n\t<meta name=\"twitter:data1\" content=\"2 minutes\" \/>\n<script type=\"application\/ld+json\" class=\"yoast-schema-graph\">{\"@context\":\"https:\\\/\\\/schema.org\",\"@graph\":[{\"@type\":\"WebPage\",\"@id\":\"https:\\\/\\\/www.milesi.com\\\/fr\\\/candidature\\\/ce-que-nous-rechechons-chez-un-collaborateur\\\/\",\"url\":\"https:\\\/\\\/www.milesi.com\\\/fr\\\/candidature\\\/ce-que-nous-rechechons-chez-un-collaborateur\\\/\",\"name\":\"Ce que nous rechechons chez un collaborateur - Milesi\",\"isPartOf\":{\"@id\":\"https:\\\/\\\/www.milesi.com\\\/fr\\\/#website\"},\"primaryImageOfPage\":{\"@id\":\"https:\\\/\\\/www.milesi.com\\\/fr\\\/candidature\\\/ce-que-nous-rechechons-chez-un-collaborateur\\\/#primaryimage\"},\"image\":{\"@id\":\"https:\\\/\\\/www.milesi.com\\\/fr\\\/candidature\\\/ce-que-nous-rechechons-chez-un-collaborateur\\\/#primaryimage\"},\"thumbnailUrl\":\"https:\\\/\\\/www.milesi.com\\\/wp-content\\\/uploads\\\/2021\\\/03\\\/cosa-cerchiamo3-459x1024.jpg\",\"datePublished\":\"2020-09-22T08:01:47+00:00\",\"dateModified\":\"2021-03-11T12:24:45+00:00\",\"breadcrumb\":{\"@id\":\"https:\\\/\\\/www.milesi.com\\\/fr\\\/candidature\\\/ce-que-nous-rechechons-chez-un-collaborateur\\\/#breadcrumb\"},\"inLanguage\":\"fr-FR\",\"potentialAction\":[{\"@type\":\"ReadAction\",\"target\":[\"https:\\\/\\\/www.milesi.com\\\/fr\\\/candidature\\\/ce-que-nous-rechechons-chez-un-collaborateur\\\/\"]}]},{\"@type\":\"ImageObject\",\"inLanguage\":\"fr-FR\",\"@id\":\"https:\\\/\\\/www.milesi.com\\\/fr\\\/candidature\\\/ce-que-nous-rechechons-chez-un-collaborateur\\\/#primaryimage\",\"url\":\"https:\\\/\\\/www.milesi.com\\\/wp-content\\\/uploads\\\/2021\\\/03\\\/cosa-cerchiamo3-459x1024.jpg\",\"contentUrl\":\"https:\\\/\\\/www.milesi.com\\\/wp-content\\\/uploads\\\/2021\\\/03\\\/cosa-cerchiamo3-459x1024.jpg\"},{\"@type\":\"BreadcrumbList\",\"@id\":\"https:\\\/\\\/www.milesi.com\\\/fr\\\/candidature\\\/ce-que-nous-rechechons-chez-un-collaborateur\\\/#breadcrumb\",\"itemListElement\":[{\"@type\":\"ListItem\",\"position\":1,\"name\":\"Milesi - Vernis pour bois\",\"item\":\"https:\\\/\\\/www.milesi.com\\\/fr\\\/\"},{\"@type\":\"ListItem\",\"position\":2,\"name\":\"Candidatures\",\"item\":\"https:\\\/\\\/www.milesi.com\\\/fr\\\/candidature\\\/\"},{\"@type\":\"ListItem\",\"position\":3,\"name\":\"Ce que nous rechechons chez un collaborateur\"}]},{\"@type\":\"WebSite\",\"@id\":\"https:\\\/\\\/www.milesi.com\\\/fr\\\/#website\",\"url\":\"https:\\\/\\\/www.milesi.com\\\/fr\\\/\",\"name\":\"Milesi Vernici per il legno\",\"description\":\"Vernis pour bois\",\"publisher\":{\"@id\":\"https:\\\/\\\/www.milesi.com\\\/fr\\\/#organization\"},\"alternateName\":\"Milesi\",\"potentialAction\":[{\"@type\":\"SearchAction\",\"target\":{\"@type\":\"EntryPoint\",\"urlTemplate\":\"https:\\\/\\\/www.milesi.com\\\/fr\\\/?s={search_term_string}\"},\"query-input\":{\"@type\":\"PropertyValueSpecification\",\"valueRequired\":true,\"valueName\":\"search_term_string\"}}],\"inLanguage\":\"fr-FR\"},{\"@type\":\"Organization\",\"@id\":\"https:\\\/\\\/www.milesi.com\\\/fr\\\/#organization\",\"name\":\"Milesi Vernici\",\"alternateName\":\"Milesi\",\"url\":\"https:\\\/\\\/www.milesi.com\\\/fr\\\/\",\"logo\":{\"@type\":\"ImageObject\",\"inLanguage\":\"fr-FR\",\"@id\":\"https:\\\/\\\/www.milesi.com\\\/fr\\\/#\\\/schema\\\/logo\\\/image\\\/\",\"url\":\"https:\\\/\\\/www.milesi.com\\\/wp-content\\\/uploads\\\/2022\\\/12\\\/milesi-web.png\",\"contentUrl\":\"https:\\\/\\\/www.milesi.com\\\/wp-content\\\/uploads\\\/2022\\\/12\\\/milesi-web.png\",\"width\":100,\"height\":101,\"caption\":\"Milesi Vernici\"},\"image\":{\"@id\":\"https:\\\/\\\/www.milesi.com\\\/fr\\\/#\\\/schema\\\/logo\\\/image\\\/\"},\"sameAs\":[\"https:\\\/\\\/www.facebook.com\\\/MilesiVernici\",\"https:\\\/\\\/www.youtube.com\\\/channel\\\/UCgULN6yzPgE9usmMi3CP5hQ\",\"https:\\\/\\\/www.instagram.com\\\/milesiverniciperlegno\\\/\",\"https:\\\/\\\/vimeo.com\\\/user117001108\",\"https:\\\/\\\/www.linkedin.com\\\/company\\\/milesiwoodcoatings\\\/\"]}]}<\/script>\n<!-- \/ Yoast SEO plugin. -->","yoast_head_json":{"title":"Ce que nous rechechons chez un collaborateur - Milesi","robots":{"index":"index","follow":"follow","max-snippet":"max-snippet:-1","max-image-preview":"max-image-preview:large","max-video-preview":"max-video-preview:-1"},"canonical":"https:\/\/www.milesi.com\/fr\/candidature\/ce-que-nous-rechechons-chez-un-collaborateur\/","og_locale":"fr_FR","og_type":"article","og_title":"Ce que nous rechechons chez un collaborateur - Milesi","og_description":"Quel que soit le poste qui vous int\u00e9resse, avant de prendre contact avec le Groupe IVM, veuillez \u00e9valuer si vous vous reconnaissez dans les d\u00e9clarations suivantes. Ceci est essentiel pour nous. \u2013\u00a0Je suis dot\u00e9(e) d\u2019un grand sens de l\u2019\u00e9thique. Je suis convaincu(e) du bien-fond\u00e9 du respect des lois, d\u2019un comportement reposant sur de solides principes [&hellip;]","og_url":"https:\/\/www.milesi.com\/fr\/candidature\/ce-que-nous-rechechons-chez-un-collaborateur\/","og_site_name":"Milesi","article_publisher":"https:\/\/www.facebook.com\/MilesiVernici","article_modified_time":"2021-03-11T12:24:45+00:00","og_image":[{"url":"https:\/\/www.milesi.com\/wp-content\/uploads\/2021\/03\/cosa-cerchiamo3-459x1024.jpg","type":"","width":"","height":""}],"twitter_card":"summary_large_image","twitter_misc":{"Dur\u00e9e de lecture estim\u00e9e":"2 minutes"},"schema":{"@context":"https:\/\/schema.org","@graph":[{"@type":"WebPage","@id":"https:\/\/www.milesi.com\/fr\/candidature\/ce-que-nous-rechechons-chez-un-collaborateur\/","url":"https:\/\/www.milesi.com\/fr\/candidature\/ce-que-nous-rechechons-chez-un-collaborateur\/","name":"Ce que nous rechechons chez un collaborateur - Milesi","isPartOf":{"@id":"https:\/\/www.milesi.com\/fr\/#website"},"primaryImageOfPage":{"@id":"https:\/\/www.milesi.com\/fr\/candidature\/ce-que-nous-rechechons-chez-un-collaborateur\/#primaryimage"},"image":{"@id":"https:\/\/www.milesi.com\/fr\/candidature\/ce-que-nous-rechechons-chez-un-collaborateur\/#primaryimage"},"thumbnailUrl":"https:\/\/www.milesi.com\/wp-content\/uploads\/2021\/03\/cosa-cerchiamo3-459x1024.jpg","datePublished":"2020-09-22T08:01:47+00:00","dateModified":"2021-03-11T12:24:45+00:00","breadcrumb":{"@id":"https:\/\/www.milesi.com\/fr\/candidature\/ce-que-nous-rechechons-chez-un-collaborateur\/#breadcrumb"},"inLanguage":"fr-FR","potentialAction":[{"@type":"ReadAction","target":["https:\/\/www.milesi.com\/fr\/candidature\/ce-que-nous-rechechons-chez-un-collaborateur\/"]}]},{"@type":"ImageObject","inLanguage":"fr-FR","@id":"https:\/\/www.milesi.com\/fr\/candidature\/ce-que-nous-rechechons-chez-un-collaborateur\/#primaryimage","url":"https:\/\/www.milesi.com\/wp-content\/uploads\/2021\/03\/cosa-cerchiamo3-459x1024.jpg","contentUrl":"https:\/\/www.milesi.com\/wp-content\/uploads\/2021\/03\/cosa-cerchiamo3-459x1024.jpg"},{"@type":"BreadcrumbList","@id":"https:\/\/www.milesi.com\/fr\/candidature\/ce-que-nous-rechechons-chez-un-collaborateur\/#breadcrumb","itemListElement":[{"@type":"ListItem","position":1,"name":"Milesi - Vernis pour bois","item":"https:\/\/www.milesi.com\/fr\/"},{"@type":"ListItem","position":2,"name":"Candidatures","item":"https:\/\/www.milesi.com\/fr\/candidature\/"},{"@type":"ListItem","position":3,"name":"Ce que nous rechechons chez un collaborateur"}]},{"@type":"WebSite","@id":"https:\/\/www.milesi.com\/fr\/#website","url":"https:\/\/www.milesi.com\/fr\/","name":"Milesi Vernici per il legno","description":"Vernis pour bois","publisher":{"@id":"https:\/\/www.milesi.com\/fr\/#organization"},"alternateName":"Milesi","potentialAction":[{"@type":"SearchAction","target":{"@type":"EntryPoint","urlTemplate":"https:\/\/www.milesi.com\/fr\/?s={search_term_string}"},"query-input":{"@type":"PropertyValueSpecification","valueRequired":true,"valueName":"search_term_string"}}],"inLanguage":"fr-FR"},{"@type":"Organization","@id":"https:\/\/www.milesi.com\/fr\/#organization","name":"Milesi Vernici","alternateName":"Milesi","url":"https:\/\/www.milesi.com\/fr\/","logo":{"@type":"ImageObject","inLanguage":"fr-FR","@id":"https:\/\/www.milesi.com\/fr\/#\/schema\/logo\/image\/","url":"https:\/\/www.milesi.com\/wp-content\/uploads\/2022\/12\/milesi-web.png","contentUrl":"https:\/\/www.milesi.com\/wp-content\/uploads\/2022\/12\/milesi-web.png","width":100,"height":101,"caption":"Milesi Vernici"},"image":{"@id":"https:\/\/www.milesi.com\/fr\/#\/schema\/logo\/image\/"},"sameAs":["https:\/\/www.facebook.com\/MilesiVernici","https:\/\/www.youtube.com\/channel\/UCgULN6yzPgE9usmMi3CP5hQ","https:\/\/www.instagram.com\/milesiverniciperlegno\/","https:\/\/vimeo.com\/user117001108","https:\/\/www.linkedin.com\/company\/milesiwoodcoatings\/"]}]}},"_links":{"self":[{"href":"https:\/\/www.milesi.com\/fr\/wp-json\/wp\/v2\/pages\/10308","targetHints":{"allow":["GET"]}}],"collection":[{"href":"https:\/\/www.milesi.com\/fr\/wp-json\/wp\/v2\/pages"}],"about":[{"href":"https:\/\/www.milesi.com\/fr\/wp-json\/wp\/v2\/types\/page"}],"author":[{"embeddable":true,"href":"https:\/\/www.milesi.com\/fr\/wp-json\/wp\/v2\/users\/5"}],"replies":[{"embeddable":true,"href":"https:\/\/www.milesi.com\/fr\/wp-json\/wp\/v2\/comments?post=10308"}],"version-history":[{"count":0,"href":"https:\/\/www.milesi.com\/fr\/wp-json\/wp\/v2\/pages\/10308\/revisions"}],"up":[{"embeddable":true,"href":"https:\/\/www.milesi.com\/fr\/wp-json\/wp\/v2\/pages\/10304"}],"wp:attachment":[{"href":"https:\/\/www.milesi.com\/fr\/wp-json\/wp\/v2\/media?parent=10308"}],"curies":[{"name":"wp","href":"https:\/\/api.w.org\/{rel}","templated":true}]}}