{"id":10716,"date":"2020-09-25T18:17:02","date_gmt":"2020-09-25T16:17:02","guid":{"rendered":"http:\/\/www.milesi.com\/?page_id=10716"},"modified":"2025-04-15T17:57:02","modified_gmt":"2025-04-15T15:57:02","slug":"nos-clients","status":"publish","type":"page","link":"https:\/\/www.milesi.com\/fr\/nos-clients\/","title":{"rendered":"Nos Clients"},"content":{"rendered":"<p style=\"text-align: justify;\">Les produits <strong>Milesi<\/strong> sont mis au point pour r\u00e9pondre \u00e0 toutes les exigences de tous les utilisateurs professionnels, de l\u2019artisanat \u00e0 la grande industrie.<\/p>\n<p style=\"text-align: justify;\">Chaque <strong>client<\/strong> est guid\u00e9 et conseill\u00e9 par une <strong>assistance technique<\/strong> d\u00e9ploy\u00e9e partout et qualifi\u00e9e, dans le choix des solutions les plus adapt\u00e9es, en fonction de sa production, des mat\u00e9riaux utilis\u00e9s, des syst\u00e8mes d\u2019application et de s\u00e9chage dont il dispose, et des objectifs qu\u2019il d\u00e9sire atteindre\u00a0: des caract\u00e9ristiques de la finition, aussi bien chimiques qu\u2019esth\u00e9tiques, \u00e0 la productivit\u00e9 dans la r\u00e9alisation d\u2019un cycle de vernissage, de la r\u00e9duction maximale de l\u2019impact environnemental de son activit\u00e9 \u00e0 la facilit\u00e9 d\u2019utilisation des produits.<\/p>\n<p style=\"text-align: justify;\"><img loading=\"lazy\" decoding=\"async\" class=\"wp-image-14240  aligncenter\" src=\"https:\/\/www.milesi.com\/wp-content\/uploads\/2021\/03\/i-nostri-clienti-1024x683.jpg\" alt=\"\" width=\"1014\" height=\"676\" srcset=\"https:\/\/www.milesi.com\/wp-content\/uploads\/2021\/03\/i-nostri-clienti-1024x683.jpg 1024w, https:\/\/www.milesi.com\/wp-content\/uploads\/2021\/03\/i-nostri-clienti-scaled-600x400.jpg 600w, https:\/\/www.milesi.com\/wp-content\/uploads\/2021\/03\/i-nostri-clienti-300x200.jpg 300w, https:\/\/www.milesi.com\/wp-content\/uploads\/2021\/03\/i-nostri-clienti-768x512.jpg 768w, https:\/\/www.milesi.com\/wp-content\/uploads\/2021\/03\/i-nostri-clienti-1536x1024.jpg 1536w, https:\/\/www.milesi.com\/wp-content\/uploads\/2021\/03\/i-nostri-clienti-2048x1365.jpg 2048w, https:\/\/www.milesi.com\/wp-content\/uploads\/2021\/03\/i-nostri-clienti-24x16.jpg 24w, https:\/\/www.milesi.com\/wp-content\/uploads\/2021\/03\/i-nostri-clienti-36x24.jpg 36w, https:\/\/www.milesi.com\/wp-content\/uploads\/2021\/03\/i-nostri-clienti-256x171.jpg 256w\" sizes=\"(max-width: 1014px) 100vw, 1014px\" \/><\/p>\n","protected":false},"excerpt":{"rendered":"<p>Les produits Milesi sont mis au point pour r\u00e9pondre \u00e0 toutes les exigences de tous les utilisateurs professionnels, de l\u2019artisanat \u00e0 la grande industrie. Chaque client est guid\u00e9 et conseill\u00e9 par une assistance technique d\u00e9ploy\u00e9e partout et qualifi\u00e9e, dans le choix des solutions les plus adapt\u00e9es, en fonction de sa production, des mat\u00e9riaux utilis\u00e9s, des [&hellip;]<\/p>\n","protected":false},"author":5,"featured_media":0,"parent":0,"menu_order":61,"comment_status":"closed","ping_status":"closed","template":"","meta":{"_et_pb_use_builder":"","_et_pb_old_content":"","_et_gb_content_width":"","footnotes":""},"class_list":["post-10716","page","type-page","status-publish","hentry"],"yoast_head":"<!-- This site is optimized with the Yoast SEO plugin v27.3 - https:\/\/yoast.com\/product\/yoast-seo-wordpress\/ -->\n<title>Nos Clients - Milesi<\/title>\n<meta name=\"robots\" content=\"noindex, follow\" \/>\n<meta property=\"og:locale\" content=\"fr_FR\" \/>\n<meta property=\"og:type\" content=\"article\" \/>\n<meta property=\"og:title\" content=\"Nos Clients - Milesi\" \/>\n<meta property=\"og:description\" content=\"Les produits Milesi sont mis au point pour r\u00e9pondre \u00e0 toutes les exigences de tous les utilisateurs professionnels, de l\u2019artisanat \u00e0 la grande industrie. Chaque client est guid\u00e9 et conseill\u00e9 par une assistance technique d\u00e9ploy\u00e9e partout et qualifi\u00e9e, dans le choix des solutions les plus adapt\u00e9es, en fonction de sa production, des mat\u00e9riaux utilis\u00e9s, des [&hellip;]\" \/>\n<meta property=\"og:url\" content=\"https:\/\/www.milesi.com\/fr\/nos-clients\/\" \/>\n<meta property=\"og:site_name\" content=\"Milesi\" \/>\n<meta property=\"article:publisher\" content=\"https:\/\/www.facebook.com\/MilesiVernici\" \/>\n<meta property=\"article:modified_time\" content=\"2025-04-15T15:57:02+00:00\" \/>\n<meta property=\"og:image\" content=\"https:\/\/www.milesi.com\/wp-content\/uploads\/2021\/03\/i-nostri-clienti-1024x683.jpg\" \/>\n<meta name=\"twitter:card\" content=\"summary_large_image\" \/>\n<meta name=\"twitter:label1\" content=\"Dur\u00e9e de lecture estim\u00e9e\" \/>\n\t<meta name=\"twitter:data1\" content=\"1 minute\" \/>\n<script type=\"application\/ld+json\" class=\"yoast-schema-graph\">{\"@context\":\"https:\\\/\\\/schema.org\",\"@graph\":[{\"@type\":\"WebPage\",\"@id\":\"https:\\\/\\\/www.milesi.com\\\/fr\\\/nos-clients\\\/\",\"url\":\"https:\\\/\\\/www.milesi.com\\\/fr\\\/nos-clients\\\/\",\"name\":\"Nos Clients - Milesi\",\"isPartOf\":{\"@id\":\"https:\\\/\\\/www.milesi.com\\\/fr\\\/#website\"},\"primaryImageOfPage\":{\"@id\":\"https:\\\/\\\/www.milesi.com\\\/fr\\\/nos-clients\\\/#primaryimage\"},\"image\":{\"@id\":\"https:\\\/\\\/www.milesi.com\\\/fr\\\/nos-clients\\\/#primaryimage\"},\"thumbnailUrl\":\"https:\\\/\\\/www.milesi.com\\\/wp-content\\\/uploads\\\/2021\\\/03\\\/i-nostri-clienti-1024x683.jpg\",\"datePublished\":\"2020-09-25T16:17:02+00:00\",\"dateModified\":\"2025-04-15T15:57:02+00:00\",\"breadcrumb\":{\"@id\":\"https:\\\/\\\/www.milesi.com\\\/fr\\\/nos-clients\\\/#breadcrumb\"},\"inLanguage\":\"fr-FR\",\"potentialAction\":[{\"@type\":\"ReadAction\",\"target\":[\"https:\\\/\\\/www.milesi.com\\\/fr\\\/nos-clients\\\/\"]}]},{\"@type\":\"ImageObject\",\"inLanguage\":\"fr-FR\",\"@id\":\"https:\\\/\\\/www.milesi.com\\\/fr\\\/nos-clients\\\/#primaryimage\",\"url\":\"https:\\\/\\\/www.milesi.com\\\/wp-content\\\/uploads\\\/2021\\\/03\\\/i-nostri-clienti-1024x683.jpg\",\"contentUrl\":\"https:\\\/\\\/www.milesi.com\\\/wp-content\\\/uploads\\\/2021\\\/03\\\/i-nostri-clienti-1024x683.jpg\"},{\"@type\":\"BreadcrumbList\",\"@id\":\"https:\\\/\\\/www.milesi.com\\\/fr\\\/nos-clients\\\/#breadcrumb\",\"itemListElement\":[{\"@type\":\"ListItem\",\"position\":1,\"name\":\"Milesi - Vernis pour bois\",\"item\":\"https:\\\/\\\/www.milesi.com\\\/fr\\\/\"},{\"@type\":\"ListItem\",\"position\":2,\"name\":\"Nos Clients\"}]},{\"@type\":\"WebSite\",\"@id\":\"https:\\\/\\\/www.milesi.com\\\/fr\\\/#website\",\"url\":\"https:\\\/\\\/www.milesi.com\\\/fr\\\/\",\"name\":\"Milesi Vernici per il legno\",\"description\":\"Vernis pour bois\",\"publisher\":{\"@id\":\"https:\\\/\\\/www.milesi.com\\\/fr\\\/#organization\"},\"alternateName\":\"Milesi\",\"potentialAction\":[{\"@type\":\"SearchAction\",\"target\":{\"@type\":\"EntryPoint\",\"urlTemplate\":\"https:\\\/\\\/www.milesi.com\\\/fr\\\/?s={search_term_string}\"},\"query-input\":{\"@type\":\"PropertyValueSpecification\",\"valueRequired\":true,\"valueName\":\"search_term_string\"}}],\"inLanguage\":\"fr-FR\"},{\"@type\":\"Organization\",\"@id\":\"https:\\\/\\\/www.milesi.com\\\/fr\\\/#organization\",\"name\":\"Milesi Vernici\",\"alternateName\":\"Milesi\",\"url\":\"https:\\\/\\\/www.milesi.com\\\/fr\\\/\",\"logo\":{\"@type\":\"ImageObject\",\"inLanguage\":\"fr-FR\",\"@id\":\"https:\\\/\\\/www.milesi.com\\\/fr\\\/#\\\/schema\\\/logo\\\/image\\\/\",\"url\":\"https:\\\/\\\/www.milesi.com\\\/wp-content\\\/uploads\\\/2022\\\/12\\\/milesi-web.png\",\"contentUrl\":\"https:\\\/\\\/www.milesi.com\\\/wp-content\\\/uploads\\\/2022\\\/12\\\/milesi-web.png\",\"width\":100,\"height\":101,\"caption\":\"Milesi Vernici\"},\"image\":{\"@id\":\"https:\\\/\\\/www.milesi.com\\\/fr\\\/#\\\/schema\\\/logo\\\/image\\\/\"},\"sameAs\":[\"https:\\\/\\\/www.facebook.com\\\/MilesiVernici\",\"https:\\\/\\\/www.youtube.com\\\/channel\\\/UCgULN6yzPgE9usmMi3CP5hQ\",\"https:\\\/\\\/www.instagram.com\\\/milesiverniciperlegno\\\/\",\"https:\\\/\\\/vimeo.com\\\/user117001108\",\"https:\\\/\\\/www.linkedin.com\\\/company\\\/milesiwoodcoatings\\\/\"]}]}<\/script>\n<!-- \/ Yoast SEO plugin. -->","yoast_head_json":{"title":"Nos Clients - Milesi","robots":{"index":"noindex","follow":"follow"},"og_locale":"fr_FR","og_type":"article","og_title":"Nos Clients - Milesi","og_description":"Les produits Milesi sont mis au point pour r\u00e9pondre \u00e0 toutes les exigences de tous les utilisateurs professionnels, de l\u2019artisanat \u00e0 la grande industrie. Chaque client est guid\u00e9 et conseill\u00e9 par une assistance technique d\u00e9ploy\u00e9e partout et qualifi\u00e9e, dans le choix des solutions les plus adapt\u00e9es, en fonction de sa production, des mat\u00e9riaux utilis\u00e9s, des [&hellip;]","og_url":"https:\/\/www.milesi.com\/fr\/nos-clients\/","og_site_name":"Milesi","article_publisher":"https:\/\/www.facebook.com\/MilesiVernici","article_modified_time":"2025-04-15T15:57:02+00:00","og_image":[{"url":"https:\/\/www.milesi.com\/wp-content\/uploads\/2021\/03\/i-nostri-clienti-1024x683.jpg","type":"","width":"","height":""}],"twitter_card":"summary_large_image","twitter_misc":{"Dur\u00e9e de lecture estim\u00e9e":"1 minute"},"schema":{"@context":"https:\/\/schema.org","@graph":[{"@type":"WebPage","@id":"https:\/\/www.milesi.com\/fr\/nos-clients\/","url":"https:\/\/www.milesi.com\/fr\/nos-clients\/","name":"Nos Clients - Milesi","isPartOf":{"@id":"https:\/\/www.milesi.com\/fr\/#website"},"primaryImageOfPage":{"@id":"https:\/\/www.milesi.com\/fr\/nos-clients\/#primaryimage"},"image":{"@id":"https:\/\/www.milesi.com\/fr\/nos-clients\/#primaryimage"},"thumbnailUrl":"https:\/\/www.milesi.com\/wp-content\/uploads\/2021\/03\/i-nostri-clienti-1024x683.jpg","datePublished":"2020-09-25T16:17:02+00:00","dateModified":"2025-04-15T15:57:02+00:00","breadcrumb":{"@id":"https:\/\/www.milesi.com\/fr\/nos-clients\/#breadcrumb"},"inLanguage":"fr-FR","potentialAction":[{"@type":"ReadAction","target":["https:\/\/www.milesi.com\/fr\/nos-clients\/"]}]},{"@type":"ImageObject","inLanguage":"fr-FR","@id":"https:\/\/www.milesi.com\/fr\/nos-clients\/#primaryimage","url":"https:\/\/www.milesi.com\/wp-content\/uploads\/2021\/03\/i-nostri-clienti-1024x683.jpg","contentUrl":"https:\/\/www.milesi.com\/wp-content\/uploads\/2021\/03\/i-nostri-clienti-1024x683.jpg"},{"@type":"BreadcrumbList","@id":"https:\/\/www.milesi.com\/fr\/nos-clients\/#breadcrumb","itemListElement":[{"@type":"ListItem","position":1,"name":"Milesi - Vernis pour bois","item":"https:\/\/www.milesi.com\/fr\/"},{"@type":"ListItem","position":2,"name":"Nos Clients"}]},{"@type":"WebSite","@id":"https:\/\/www.milesi.com\/fr\/#website","url":"https:\/\/www.milesi.com\/fr\/","name":"Milesi Vernici per il legno","description":"Vernis pour bois","publisher":{"@id":"https:\/\/www.milesi.com\/fr\/#organization"},"alternateName":"Milesi","potentialAction":[{"@type":"SearchAction","target":{"@type":"EntryPoint","urlTemplate":"https:\/\/www.milesi.com\/fr\/?s={search_term_string}"},"query-input":{"@type":"PropertyValueSpecification","valueRequired":true,"valueName":"search_term_string"}}],"inLanguage":"fr-FR"},{"@type":"Organization","@id":"https:\/\/www.milesi.com\/fr\/#organization","name":"Milesi Vernici","alternateName":"Milesi","url":"https:\/\/www.milesi.com\/fr\/","logo":{"@type":"ImageObject","inLanguage":"fr-FR","@id":"https:\/\/www.milesi.com\/fr\/#\/schema\/logo\/image\/","url":"https:\/\/www.milesi.com\/wp-content\/uploads\/2022\/12\/milesi-web.png","contentUrl":"https:\/\/www.milesi.com\/wp-content\/uploads\/2022\/12\/milesi-web.png","width":100,"height":101,"caption":"Milesi Vernici"},"image":{"@id":"https:\/\/www.milesi.com\/fr\/#\/schema\/logo\/image\/"},"sameAs":["https:\/\/www.facebook.com\/MilesiVernici","https:\/\/www.youtube.com\/channel\/UCgULN6yzPgE9usmMi3CP5hQ","https:\/\/www.instagram.com\/milesiverniciperlegno\/","https:\/\/vimeo.com\/user117001108","https:\/\/www.linkedin.com\/company\/milesiwoodcoatings\/"]}]}},"_links":{"self":[{"href":"https:\/\/www.milesi.com\/fr\/wp-json\/wp\/v2\/pages\/10716","targetHints":{"allow":["GET"]}}],"collection":[{"href":"https:\/\/www.milesi.com\/fr\/wp-json\/wp\/v2\/pages"}],"about":[{"href":"https:\/\/www.milesi.com\/fr\/wp-json\/wp\/v2\/types\/page"}],"author":[{"embeddable":true,"href":"https:\/\/www.milesi.com\/fr\/wp-json\/wp\/v2\/users\/5"}],"replies":[{"embeddable":true,"href":"https:\/\/www.milesi.com\/fr\/wp-json\/wp\/v2\/comments?post=10716"}],"version-history":[{"count":1,"href":"https:\/\/www.milesi.com\/fr\/wp-json\/wp\/v2\/pages\/10716\/revisions"}],"predecessor-version":[{"id":26683,"href":"https:\/\/www.milesi.com\/fr\/wp-json\/wp\/v2\/pages\/10716\/revisions\/26683"}],"wp:attachment":[{"href":"https:\/\/www.milesi.com\/fr\/wp-json\/wp\/v2\/media?parent=10716"}],"curies":[{"name":"wp","href":"https:\/\/api.w.org\/{rel}","templated":true}]}}