{"id":23955,"date":"2023-07-14T09:23:51","date_gmt":"2023-07-14T07:23:51","guid":{"rendered":"https:\/\/www.milesi.com\/?page_id=23955"},"modified":"2023-07-14T09:23:52","modified_gmt":"2023-07-14T07:23:52","slug":"informations-sur-les-cookies","status":"publish","type":"page","link":"https:\/\/www.milesi.com\/fr\/informations-sur-les-cookies\/","title":{"rendered":"Informations sur les cookies"},"content":{"rendered":"\n<p><strong>Utilisation des cookies<\/strong><\/p>\n\n\n\n<p>Les informations suivantes sont faites \u00e0 l\u2019utilisateur lors de la mise en \u0153uvre de l\u2019ordonnance du 8 mai 2014 de l\u2019Autorit\u00e9 de protection des donn\u00e9es personnelles \u00ab\u00a0Identifier des moyens simplifi\u00e9s d\u2019informer et d\u2019obtenir le consentement pour l\u2019utilisation de cookies\u00a0\u00bb.<\/p>\n\n\n\n<p><strong>QU\u2019EST-CE QUE LES COOKIES?<\/strong><\/p>\n\n\n\n<p>Les cookies sont de petites lignes de texte qu\u2019un site Web peut envoyer, lors de la navigation, \u00e0 votre appareil (que ce soit un PC, un ordinateur portable, un smartphone, une tablette, ils sont g\u00e9n\u00e9ralement stock\u00e9s directement sur le navigateur internet utilis\u00e9 pour la navigation). Le m\u00eame site Web qui les a transmis, peut ensuite lire et enregistrer les cookies qui sont sur le m\u00eame appareil pour obtenir diff\u00e9rents types d\u2019informations. Lesquelles? Chaque type de cookie a un r\u00f4le bien d\u00e9fini.<\/p>\n\n\n\n<p><strong>COMBIEN EXISTE-T-IL DE TYPES DE COOKIES ?<\/strong><\/p>\n\n\n\n<p>Il existe deux macro-cat\u00e9gories de base, avec des caract\u00e9ristiques diff\u00e9rentes: les cookies techniques et les cookies de profilage.<\/p>\n\n\n\n<p>Les cookies techniques sont g\u00e9n\u00e9ralement n\u00e9cessaires pour le bon fonctionnement du site Web et pour permettre la navigation. Sans eux, vous ne pouvez pas \u00eatre en mesure de visualiser correctement les pages ou d\u2019utiliser certains services. Par exemple, un cookie technique est essentiel pour garder l\u2019utilisateur connect\u00e9 tout au long de la visite d\u2019un site Web, ou pour stocker la langue, les param\u00e8tres d\u2019affichage, et ainsi de suite. Les cookies techniques peuvent \u00eatre distingu\u00e9s selon :<\/p>\n\n\n\n<ul class=\"wp-block-list\">\n<li>les cookies de navigation, qui garantissent la navigation normale et la jouissance du site Web (permettant, par exemple, de faire un achat ou d\u2019authentifier pour acc\u00e9der aux zones r\u00e9serv\u00e9es),<\/li>\n\n\n\n<li>les cookies d\u2019analyse, assimil\u00e9e aux cookies techniques uniquement lorsqu\u2019ils sont utilis\u00e9s directement par le gestionnaire du site pour recueillir des informations, sous forme agr\u00e9g\u00e9e, sur le nombre d\u2019utilisateurs et la fa\u00e7on dont ils visitent le site lui-m\u00eame.<\/li>\n\n\n\n<li>Cookies de fonctionnement, qui permettent \u00e0 l\u2019utilisateur de naviguer selon un ensemble de crit\u00e8res s\u00e9lectionn\u00e9s (par exemple, la langue, les produits s\u00e9lectionn\u00e9s pour l\u2019achat) afin d\u2019am\u00e9liorer le service rendu.<\/li>\n<\/ul>\n\n\n\n<p>Les cookies de profilage sont plus complexes. Ces cookies sont charg\u00e9s de profiler l\u2019utilisateur et sont utilis\u00e9s afin d\u2019envoyer des publicit\u00e9s en conformit\u00e9 avec les pr\u00e9f\u00e9rences exprim\u00e9es par l\u2019utilisateur lors de sa navigation.<\/p>\n\n\n\n<p>Les cookies peuvent toujours \u00eatre class\u00e9s comme :<\/p>\n\n\n\n<ul class=\"wp-block-list\">\n<li>cookies de session, qui sont supprim\u00e9s imm\u00e9diatement lorsque le navigateur est referm\u00e9<\/li>\n\n\n\n<li>cookies persistants, qui &#8211; contrairement aux cookies de session &#8211; restent dans le navigateur pendant une certaine p\u00e9riode de temps. Ils sont utilis\u00e9s, par exemple, pour reconna\u00eetre l\u2019appareil qui se connecte au site en facilitant les op\u00e9rations d\u2019authentification pour l\u2019utilisateur.<\/li>\n\n\n\n<li>cookies de premi\u00e8re partie (first-part cookies), qui sont des cookies g\u00e9n\u00e9r\u00e9s et g\u00e9r\u00e9s directement par l\u2019op\u00e9rateur du site Web sur lequel l\u2019utilisateur navigue.<\/li>\n\n\n\n<li>cookies de tierce partie (third-part cookie), qui sont g\u00e9n\u00e9r\u00e9s et g\u00e9r\u00e9s par des personnes autres que le gestionnaire du site Web sur lequel l\u2019utilisateur navigue (en r\u00e8gle g\u00e9n\u00e9rale, un contrat entre le propri\u00e9taire du site et le tiers).<\/li>\n<\/ul>\n\n\n\n<p><strong>QUELS COOKIES SONT UTILISES PAR IVM Chemicals srl?<\/strong><\/p>\n\n\n\n<p>Ce site, exploit\u00e9 par IVM Chemicals srl, bas\u00e9 \u00e0 Milan &#8211; Italie, Via Torquato Tasso 10, qui assume donc la qualit\u00e9 du titulaire du traitement dans le cadre du r\u00e8glement l\u2019U.E 2016\/679, utilise uniquement des cookies techniques, d\u00e9finis comme ceux utilis\u00e9s dans le seul but de \u00ab\u00a0transmettre une communication sur un r\u00e9seau de communication \u00e9lectronique, ou dans la mesure strictement n\u00e9cessaire au fournisseur d\u2019un service de soci\u00e9t\u00e9 de l\u2019information explicitement demand\u00e9 par l\u2019abonn\u00e9 ou l\u2019utilisateur pour fournir un tel service\u00a0\u00bb et les cookies \u00ab\u00a0Google Analytics\u00a0\u00bb assimil\u00e9 aux cookies techniques lorsque cela est utilis\u00e9 directement par le gestionnaire du site pour recueillir des informations, dans l\u2019ensemble, sur le nombre d\u2019utilisateurs et sur la fa\u00e7on dont ils visitent le site.<\/p>\n\n\n\n<p>Ce site, g\u00e9r\u00e9 par IVM Chemicals srl, dont le si\u00e8ge social est \u00e0 Milan, Via Torquato Tasso 10, qui assume donc la qualit\u00e9 titulaire du traitement des donn\u00e9es conform\u00e9ment \u00e0 l&rsquo;U.E. 2016\/679, n&rsquo;utilise que des cookies techniques, d\u00e9finis comme ceux utilis\u00e9s dans le seul but de \u00ab\u00a0r\u00e9aliser la transmission d&rsquo;une communication sur un r\u00e9seau de communications \u00e9lectroniques, ou dans la mesure strictement n\u00e9cessaire pour le fournisseur d&rsquo;un service de la soci\u00e9t\u00e9 de l&rsquo;information explicitement demand\u00e9 par&nbsp; l&rsquo;abonn\u00e9 ou l&rsquo;utilisateur pour fournir ce service\u00a0\u00bb et les cookies \u00ab\u00a0Google Analytics\u00a0\u00bb assimil\u00e9s aux cookies techniques lorsqu&rsquo;ils sont utilis\u00e9s directement par l&rsquo;exploitant du site pour collecter des informations, sous forme agr\u00e9g\u00e9e, sur le nombre d&rsquo;utilisateurs et la fa\u00e7on dont ils visitent le site.<\/p>\n\n\n\n<p>Il s\u2019agit notamment de :<\/p>\n\n\n\n<figure class=\"wp-block-table\"><table><tbody><tr><td><strong>Cookie<\/strong><\/td><td><strong>Fonction<\/strong><\/td><\/tr><tr><td>_session_id<\/td><td>cookies de session<\/td><\/tr><tr><td>Google Analytics Cookies (GA)<\/td><td>cookies d\u2019analyse<\/td><\/tr><\/tbody><\/table><\/figure>\n\n\n\n<p>Vous pouvez avoir une liste compl\u00e8te et toujours \u00e0 jour des cookies Google Analytics \u00e0 l\u2019adresse suivante :<\/p>\n\n\n\n<p><a href=\"https:\/\/developers.google.com\/analytics\/devguides\/collection\/analyticsjs\/cookie-usage\">D\u00e9veloppeurs Google<\/a><\/p>\n\n\n\n<p>L\u2019installation et l\u2019utilisation de ces cookies ne n\u00e9cessitent pas le consentement pr\u00e9alable de l\u2019utilisateur car ils sont des cookies n\u00e9cessaires et indispensables pour le bon fonctionnement des applications.<\/p>\n\n\n\n<p>Ce site vous permet de s\u00e9lectionner \/ d\u00e9cocher des cookies individuels, avec les m\u00e9thodes suivantes, mais vous verrez que, en cas de d\u00e9sactivation, la facilit\u00e9 d\u2019utilisation du site ne peut pas \u00eatre garantie.<\/p>\n\n\n\n<p><strong>Sauf s\u2019ils sont d\u00e9sactiv\u00e9s sur notre site, en utilisant le site, vous acceptez notre politique de cookies.<\/strong><\/p>\n\n\n\n<p>Pour d\u00e9sactiver, supprimer ou bloquer les cookies, vous pouvez utiliser les param\u00e8tres de votre navigateur, comme suit :<\/p>\n\n\n\n<p><strong>Activer\/d\u00e9sactiver les cookies via le navigateur<\/strong><\/p>\n\n\n\n<p>Il existe plusieurs fa\u00e7ons de g\u00e9rer les cookies. En modifiant les param\u00e8tres de votre navigateur, vous pouvez accepter ou refuser des cookies ou choisir de recevoir un message d\u2019avertissement avant d\u2019accepter un cookie des sites Web que vous visitez. Vous pouvez supprimer tous les cookies install\u00e9s dans le dossier de cookies de votre navigateur. Chaque navigateur a des proc\u00e9dures diff\u00e9rentes pour g\u00e9rer les param\u00e8tres. Les liens ci-dessous fournissent des instructions sp\u00e9cifiques pour les navigateurs les plus courants<\/p>\n\n\n\n<p><a href=\"https:\/\/support.microsoft.com\/fr-fr\/help\/4468242\/microsoft-edge-browsing-data-and-privacy\" target=\"_blank\" rel=\"noreferrer noopener\">Microsoft Edge<\/a><\/p>\n\n\n\n<p><a href=\"https:\/\/support.google.com\/chrome\/answer\/95647?hl=fr&amp;p=cpn_cookies\" target=\"_blank\" rel=\"noreferrer noopener\">Google Chrome<\/a><\/p>\n\n\n\n<p><a href=\"https:\/\/support.mozilla.org\/fr\/kb\/protection-renforcee-contre-pistage-firefox-ordinateur\" target=\"_blank\" rel=\"noreferrer noopener\">Mozilla Firefox<\/a><\/p>\n\n\n\n<p><a href=\"https:\/\/support.apple.com\/fr-fr\/guide\/safari\/sfri11471\/mac\" target=\"_blank\" rel=\"noreferrer noopener\">Apple Safari<\/a><\/p>\n\n\n\n<p>Si vous n\u2019utilisez aucun des navigateurs \u00e9num\u00e9r\u00e9s ci-dessus, s\u00e9lectionnez \u00ab\u00a0cookies\u00a0\u00bb dans la section d\u2019aide de votre navigateur pour savoir o\u00f9 se trouve votre dossier de cookies.<\/p>\n\n\n\n<p>Pour plus d\u2019informations sur l\u2019utilisation des cookies, chaque personne concern\u00e9e peut contacter directement le propri\u00e9taire, par e-mail, \u00e0: <a href=\"mailto:info@ivmchemicals.com\">info@ivmchemicals.com,<\/a>\u00e9galement afin de demander la liste compl\u00e8te des responsables du traitement des donn\u00e9es.<\/p>\n","protected":false},"excerpt":{"rendered":"<p>Utilisation des cookies Les informations suivantes sont faites \u00e0 l\u2019utilisateur lors de la mise en \u0153uvre de l\u2019ordonnance du 8 mai 2014 de l\u2019Autorit\u00e9 de protection des donn\u00e9es personnelles \u00ab\u00a0Identifier des moyens simplifi\u00e9s d\u2019informer et d\u2019obtenir le consentement pour l\u2019utilisation de cookies\u00a0\u00bb. QU\u2019EST-CE QUE LES COOKIES? Les cookies sont de petites lignes de texte qu\u2019un [&hellip;]<\/p>\n","protected":false},"author":10,"featured_media":0,"parent":0,"menu_order":14,"comment_status":"closed","ping_status":"closed","template":"","meta":{"_et_pb_use_builder":"","_et_pb_old_content":"","_et_gb_content_width":"","footnotes":""},"class_list":["post-23955","page","type-page","status-publish","hentry"],"yoast_head":"<!-- This site is optimized with the Yoast SEO plugin v27.3 - https:\/\/yoast.com\/product\/yoast-seo-wordpress\/ -->\n<title>Informations sur les cookies - Milesi<\/title>\n<meta name=\"robots\" content=\"noindex, nofollow\" \/>\n<meta property=\"og:locale\" content=\"fr_FR\" \/>\n<meta property=\"og:type\" content=\"article\" \/>\n<meta property=\"og:title\" content=\"Informations sur les cookies - Milesi\" \/>\n<meta property=\"og:description\" content=\"Utilisation des cookies Les informations suivantes sont faites \u00e0 l\u2019utilisateur lors de la mise en \u0153uvre de l\u2019ordonnance du 8 mai 2014 de l\u2019Autorit\u00e9 de protection des donn\u00e9es personnelles \u00ab\u00a0Identifier des moyens simplifi\u00e9s d\u2019informer et d\u2019obtenir le consentement pour l\u2019utilisation de cookies\u00a0\u00bb. QU\u2019EST-CE QUE LES COOKIES? Les cookies sont de petites lignes de texte qu\u2019un [&hellip;]\" \/>\n<meta property=\"og:url\" content=\"https:\/\/www.milesi.com\/fr\/informations-sur-les-cookies\/\" \/>\n<meta property=\"og:site_name\" content=\"Milesi\" \/>\n<meta property=\"article:publisher\" content=\"https:\/\/www.facebook.com\/MilesiVernici\" \/>\n<meta property=\"article:modified_time\" content=\"2023-07-14T07:23:52+00:00\" \/>\n<meta name=\"twitter:card\" content=\"summary_large_image\" \/>\n<meta name=\"twitter:label1\" content=\"Dur\u00e9e de lecture estim\u00e9e\" \/>\n\t<meta name=\"twitter:data1\" content=\"6 minutes\" \/>\n<script type=\"application\/ld+json\" class=\"yoast-schema-graph\">{\"@context\":\"https:\\\/\\\/schema.org\",\"@graph\":[{\"@type\":\"WebPage\",\"@id\":\"https:\\\/\\\/www.milesi.com\\\/fr\\\/informations-sur-les-cookies\\\/\",\"url\":\"https:\\\/\\\/www.milesi.com\\\/fr\\\/informations-sur-les-cookies\\\/\",\"name\":\"Informations sur les cookies - Milesi\",\"isPartOf\":{\"@id\":\"https:\\\/\\\/www.milesi.com\\\/fr\\\/#website\"},\"datePublished\":\"2023-07-14T07:23:51+00:00\",\"dateModified\":\"2023-07-14T07:23:52+00:00\",\"breadcrumb\":{\"@id\":\"https:\\\/\\\/www.milesi.com\\\/fr\\\/informations-sur-les-cookies\\\/#breadcrumb\"},\"inLanguage\":\"fr-FR\",\"potentialAction\":[{\"@type\":\"ReadAction\",\"target\":[\"https:\\\/\\\/www.milesi.com\\\/fr\\\/informations-sur-les-cookies\\\/\"]}]},{\"@type\":\"BreadcrumbList\",\"@id\":\"https:\\\/\\\/www.milesi.com\\\/fr\\\/informations-sur-les-cookies\\\/#breadcrumb\",\"itemListElement\":[{\"@type\":\"ListItem\",\"position\":1,\"name\":\"Milesi - Vernis pour bois\",\"item\":\"https:\\\/\\\/www.milesi.com\\\/fr\\\/\"},{\"@type\":\"ListItem\",\"position\":2,\"name\":\"Informations sur les cookies\"}]},{\"@type\":\"WebSite\",\"@id\":\"https:\\\/\\\/www.milesi.com\\\/fr\\\/#website\",\"url\":\"https:\\\/\\\/www.milesi.com\\\/fr\\\/\",\"name\":\"Milesi Vernici per il legno\",\"description\":\"Vernis pour bois\",\"publisher\":{\"@id\":\"https:\\\/\\\/www.milesi.com\\\/fr\\\/#organization\"},\"alternateName\":\"Milesi\",\"potentialAction\":[{\"@type\":\"SearchAction\",\"target\":{\"@type\":\"EntryPoint\",\"urlTemplate\":\"https:\\\/\\\/www.milesi.com\\\/fr\\\/?s={search_term_string}\"},\"query-input\":{\"@type\":\"PropertyValueSpecification\",\"valueRequired\":true,\"valueName\":\"search_term_string\"}}],\"inLanguage\":\"fr-FR\"},{\"@type\":\"Organization\",\"@id\":\"https:\\\/\\\/www.milesi.com\\\/fr\\\/#organization\",\"name\":\"Milesi Vernici\",\"alternateName\":\"Milesi\",\"url\":\"https:\\\/\\\/www.milesi.com\\\/fr\\\/\",\"logo\":{\"@type\":\"ImageObject\",\"inLanguage\":\"fr-FR\",\"@id\":\"https:\\\/\\\/www.milesi.com\\\/fr\\\/#\\\/schema\\\/logo\\\/image\\\/\",\"url\":\"https:\\\/\\\/www.milesi.com\\\/wp-content\\\/uploads\\\/2022\\\/12\\\/milesi-web.png\",\"contentUrl\":\"https:\\\/\\\/www.milesi.com\\\/wp-content\\\/uploads\\\/2022\\\/12\\\/milesi-web.png\",\"width\":100,\"height\":101,\"caption\":\"Milesi Vernici\"},\"image\":{\"@id\":\"https:\\\/\\\/www.milesi.com\\\/fr\\\/#\\\/schema\\\/logo\\\/image\\\/\"},\"sameAs\":[\"https:\\\/\\\/www.facebook.com\\\/MilesiVernici\",\"https:\\\/\\\/www.youtube.com\\\/channel\\\/UCgULN6yzPgE9usmMi3CP5hQ\",\"https:\\\/\\\/www.instagram.com\\\/milesiverniciperlegno\\\/\",\"https:\\\/\\\/vimeo.com\\\/user117001108\",\"https:\\\/\\\/www.linkedin.com\\\/company\\\/milesiwoodcoatings\\\/\"]}]}<\/script>\n<!-- \/ Yoast SEO plugin. -->","yoast_head_json":{"title":"Informations sur les cookies - Milesi","robots":{"index":"noindex","follow":"nofollow"},"og_locale":"fr_FR","og_type":"article","og_title":"Informations sur les cookies - Milesi","og_description":"Utilisation des cookies Les informations suivantes sont faites \u00e0 l\u2019utilisateur lors de la mise en \u0153uvre de l\u2019ordonnance du 8 mai 2014 de l\u2019Autorit\u00e9 de protection des donn\u00e9es personnelles \u00ab\u00a0Identifier des moyens simplifi\u00e9s d\u2019informer et d\u2019obtenir le consentement pour l\u2019utilisation de cookies\u00a0\u00bb. QU\u2019EST-CE QUE LES COOKIES? Les cookies sont de petites lignes de texte qu\u2019un [&hellip;]","og_url":"https:\/\/www.milesi.com\/fr\/informations-sur-les-cookies\/","og_site_name":"Milesi","article_publisher":"https:\/\/www.facebook.com\/MilesiVernici","article_modified_time":"2023-07-14T07:23:52+00:00","twitter_card":"summary_large_image","twitter_misc":{"Dur\u00e9e de lecture estim\u00e9e":"6 minutes"},"schema":{"@context":"https:\/\/schema.org","@graph":[{"@type":"WebPage","@id":"https:\/\/www.milesi.com\/fr\/informations-sur-les-cookies\/","url":"https:\/\/www.milesi.com\/fr\/informations-sur-les-cookies\/","name":"Informations sur les cookies - Milesi","isPartOf":{"@id":"https:\/\/www.milesi.com\/fr\/#website"},"datePublished":"2023-07-14T07:23:51+00:00","dateModified":"2023-07-14T07:23:52+00:00","breadcrumb":{"@id":"https:\/\/www.milesi.com\/fr\/informations-sur-les-cookies\/#breadcrumb"},"inLanguage":"fr-FR","potentialAction":[{"@type":"ReadAction","target":["https:\/\/www.milesi.com\/fr\/informations-sur-les-cookies\/"]}]},{"@type":"BreadcrumbList","@id":"https:\/\/www.milesi.com\/fr\/informations-sur-les-cookies\/#breadcrumb","itemListElement":[{"@type":"ListItem","position":1,"name":"Milesi - Vernis pour bois","item":"https:\/\/www.milesi.com\/fr\/"},{"@type":"ListItem","position":2,"name":"Informations sur les cookies"}]},{"@type":"WebSite","@id":"https:\/\/www.milesi.com\/fr\/#website","url":"https:\/\/www.milesi.com\/fr\/","name":"Milesi Vernici per il legno","description":"Vernis pour bois","publisher":{"@id":"https:\/\/www.milesi.com\/fr\/#organization"},"alternateName":"Milesi","potentialAction":[{"@type":"SearchAction","target":{"@type":"EntryPoint","urlTemplate":"https:\/\/www.milesi.com\/fr\/?s={search_term_string}"},"query-input":{"@type":"PropertyValueSpecification","valueRequired":true,"valueName":"search_term_string"}}],"inLanguage":"fr-FR"},{"@type":"Organization","@id":"https:\/\/www.milesi.com\/fr\/#organization","name":"Milesi Vernici","alternateName":"Milesi","url":"https:\/\/www.milesi.com\/fr\/","logo":{"@type":"ImageObject","inLanguage":"fr-FR","@id":"https:\/\/www.milesi.com\/fr\/#\/schema\/logo\/image\/","url":"https:\/\/www.milesi.com\/wp-content\/uploads\/2022\/12\/milesi-web.png","contentUrl":"https:\/\/www.milesi.com\/wp-content\/uploads\/2022\/12\/milesi-web.png","width":100,"height":101,"caption":"Milesi Vernici"},"image":{"@id":"https:\/\/www.milesi.com\/fr\/#\/schema\/logo\/image\/"},"sameAs":["https:\/\/www.facebook.com\/MilesiVernici","https:\/\/www.youtube.com\/channel\/UCgULN6yzPgE9usmMi3CP5hQ","https:\/\/www.instagram.com\/milesiverniciperlegno\/","https:\/\/vimeo.com\/user117001108","https:\/\/www.linkedin.com\/company\/milesiwoodcoatings\/"]}]}},"_links":{"self":[{"href":"https:\/\/www.milesi.com\/fr\/wp-json\/wp\/v2\/pages\/23955","targetHints":{"allow":["GET"]}}],"collection":[{"href":"https:\/\/www.milesi.com\/fr\/wp-json\/wp\/v2\/pages"}],"about":[{"href":"https:\/\/www.milesi.com\/fr\/wp-json\/wp\/v2\/types\/page"}],"author":[{"embeddable":true,"href":"https:\/\/www.milesi.com\/fr\/wp-json\/wp\/v2\/users\/10"}],"replies":[{"embeddable":true,"href":"https:\/\/www.milesi.com\/fr\/wp-json\/wp\/v2\/comments?post=23955"}],"version-history":[{"count":1,"href":"https:\/\/www.milesi.com\/fr\/wp-json\/wp\/v2\/pages\/23955\/revisions"}],"predecessor-version":[{"id":23956,"href":"https:\/\/www.milesi.com\/fr\/wp-json\/wp\/v2\/pages\/23955\/revisions\/23956"}],"wp:attachment":[{"href":"https:\/\/www.milesi.com\/fr\/wp-json\/wp\/v2\/media?parent=23955"}],"curies":[{"name":"wp","href":"https:\/\/api.w.org\/{rel}","templated":true}]}}