{"id":9054,"date":"2019-11-08T16:31:00","date_gmt":"2019-11-08T15:31:00","guid":{"rendered":"http:\/\/www.milesi.com\/shop\/non%20class\u00e9\/tableau-mat\/"},"modified":"2020-12-11T18:19:18","modified_gmt":"2020-12-11T17:19:18","slug":"tableau-mat","status":"publish","type":"product","link":"https:\/\/www.milesi.com\/fr\/produit\/solutions-pour-le-bois\/inspiration-fr\/les-matieres\/tableau-mat\/","title":{"rendered":"Tableau mat"},"content":{"rendered":"","protected":false},"excerpt":{"rendered":"<p style=\"text-align: left;\">Procure aux surfaces peintes la possibilit\u00e9 d\u2019\u00e9crire, d\u2019effacer, de r\u00e9\u00e9crire ou de dessiner dessus. Les diff\u00e9rents \u00e9l\u00e9ments d\u2019un meuble peuvent \u00eatre personnalis\u00e9s par une citation, les portes par des dessins, les tables par un menu.<\/p>\n<p style=\"text-align: left;\">Peuvent \u00eatre choisies dans la version ardoise, dans les tonalit\u00e9s d\u00e9sir\u00e9es ou dans les couleurs sombres caract\u00e9ristiques des tableaux noirs permettant de griffonner avec des craies de couleur.<\/p>\n","protected":false},"featured_media":9214,"comment_status":"open","ping_status":"closed","template":"","meta":{"_et_pb_use_builder":"","_et_pb_old_content":"","_et_gb_content_width":""},"product_brand":[],"product_cat":[278,335,277],"product_tag":[283,281,284,360,466,280,469,467,468,279],"class_list":{"0":"post-9054","1":"product","2":"type-product","3":"status-publish","4":"has-post-thumbnail","6":"product_cat-inspiration-fr","7":"product_cat-les-matieres","8":"product_cat-solutions-pour-le-bois","9":"product_tag-bleu","10":"product_tag-bois","11":"product_tag-inspiration-fr","12":"product_tag-laque","13":"product_tag-noir","14":"product_tag-panneau","15":"product_tag-petrole","16":"product_tag-rouge","17":"product_tag-tableau-mat","18":"product_tag-vernis","20":"first","21":"instock","22":"shipping-taxable","23":"product-type-simple"},"yoast_head":"<!-- This site is optimized with the Yoast SEO plugin v27.3 - https:\/\/yoast.com\/product\/yoast-seo-wordpress\/ -->\n<title>Tableau mat - Milesi<\/title>\n<meta name=\"robots\" content=\"index, follow, max-snippet:-1, max-image-preview:large, max-video-preview:-1\" \/>\n<link rel=\"canonical\" href=\"https:\/\/www.milesi.com\/fr\/produit\/solutions-pour-le-bois\/inspiration-fr\/les-matieres\/tableau-mat\/\" \/>\n<meta property=\"og:locale\" content=\"fr_FR\" \/>\n<meta property=\"og:type\" content=\"article\" \/>\n<meta property=\"og:title\" content=\"Tableau mat - Milesi\" \/>\n<meta property=\"og:description\" content=\"Procure aux surfaces peintes la possibilit\u00e9 d\u2019\u00e9crire, d\u2019effacer, de r\u00e9\u00e9crire ou de dessiner dessus. Les diff\u00e9rents \u00e9l\u00e9ments d\u2019un meuble peuvent \u00eatre personnalis\u00e9s par une citation, les portes par des dessins, les tables par un menu. Peuvent \u00eatre choisies dans la version ardoise, dans les tonalit\u00e9s d\u00e9sir\u00e9es ou dans les couleurs sombres caract\u00e9ristiques des tableaux noirs permettant de griffonner avec des craies de couleur.\" \/>\n<meta property=\"og:url\" content=\"https:\/\/www.milesi.com\/fr\/produit\/solutions-pour-le-bois\/inspiration-fr\/les-matieres\/tableau-mat\/\" \/>\n<meta property=\"og:site_name\" content=\"Milesi\" \/>\n<meta property=\"article:publisher\" content=\"https:\/\/www.facebook.com\/MilesiVernici\" \/>\n<meta property=\"article:modified_time\" content=\"2020-12-11T17:19:18+00:00\" \/>\n<meta property=\"og:image\" content=\"https:\/\/www.milesi.com\/wp-content\/uploads\/2019\/11\/lavagna_opaca_1200x1200_bordo.jpg\" \/>\n\t<meta property=\"og:image:width\" content=\"1200\" \/>\n\t<meta property=\"og:image:height\" content=\"1200\" \/>\n\t<meta property=\"og:image:type\" content=\"image\/jpeg\" \/>\n<meta name=\"twitter:card\" content=\"summary_large_image\" \/>\n<script type=\"application\/ld+json\" class=\"yoast-schema-graph\">{\"@context\":\"https:\\\/\\\/schema.org\",\"@graph\":[{\"@type\":\"WebPage\",\"@id\":\"https:\\\/\\\/www.milesi.com\\\/fr\\\/produit\\\/solutions-pour-le-bois\\\/inspiration-fr\\\/les-matieres\\\/tableau-mat\\\/\",\"url\":\"https:\\\/\\\/www.milesi.com\\\/fr\\\/produit\\\/solutions-pour-le-bois\\\/inspiration-fr\\\/les-matieres\\\/tableau-mat\\\/\",\"name\":\"Tableau mat - Milesi\",\"isPartOf\":{\"@id\":\"https:\\\/\\\/www.milesi.com\\\/fr\\\/#website\"},\"primaryImageOfPage\":{\"@id\":\"https:\\\/\\\/www.milesi.com\\\/fr\\\/produit\\\/solutions-pour-le-bois\\\/inspiration-fr\\\/les-matieres\\\/tableau-mat\\\/#primaryimage\"},\"image\":{\"@id\":\"https:\\\/\\\/www.milesi.com\\\/fr\\\/produit\\\/solutions-pour-le-bois\\\/inspiration-fr\\\/les-matieres\\\/tableau-mat\\\/#primaryimage\"},\"thumbnailUrl\":\"https:\\\/\\\/www.milesi.com\\\/wp-content\\\/uploads\\\/2019\\\/11\\\/lavagna_opaca_1200x1200_bordo.jpg\",\"datePublished\":\"2019-11-08T15:31:00+00:00\",\"dateModified\":\"2020-12-11T17:19:18+00:00\",\"breadcrumb\":{\"@id\":\"https:\\\/\\\/www.milesi.com\\\/fr\\\/produit\\\/solutions-pour-le-bois\\\/inspiration-fr\\\/les-matieres\\\/tableau-mat\\\/#breadcrumb\"},\"inLanguage\":\"fr-FR\",\"potentialAction\":[{\"@type\":\"ReadAction\",\"target\":[\"https:\\\/\\\/www.milesi.com\\\/fr\\\/produit\\\/solutions-pour-le-bois\\\/inspiration-fr\\\/les-matieres\\\/tableau-mat\\\/\"]}]},{\"@type\":\"ImageObject\",\"inLanguage\":\"fr-FR\",\"@id\":\"https:\\\/\\\/www.milesi.com\\\/fr\\\/produit\\\/solutions-pour-le-bois\\\/inspiration-fr\\\/les-matieres\\\/tableau-mat\\\/#primaryimage\",\"url\":\"https:\\\/\\\/www.milesi.com\\\/wp-content\\\/uploads\\\/2019\\\/11\\\/lavagna_opaca_1200x1200_bordo.jpg\",\"contentUrl\":\"https:\\\/\\\/www.milesi.com\\\/wp-content\\\/uploads\\\/2019\\\/11\\\/lavagna_opaca_1200x1200_bordo.jpg\",\"width\":1200,\"height\":1200,\"caption\":\"Vernice per legno effetto lavagna opaca\"},{\"@type\":\"BreadcrumbList\",\"@id\":\"https:\\\/\\\/www.milesi.com\\\/fr\\\/produit\\\/solutions-pour-le-bois\\\/inspiration-fr\\\/les-matieres\\\/tableau-mat\\\/#breadcrumb\",\"itemListElement\":[{\"@type\":\"ListItem\",\"position\":1,\"name\":\"Milesi - Vernis pour bois\",\"item\":\"https:\\\/\\\/www.milesi.com\\\/fr\\\/\"},{\"@type\":\"ListItem\",\"position\":2,\"name\":\"Prodotti\",\"item\":\"https:\\\/\\\/www.milesi.com\\\/prodotti\\\/\"},{\"@type\":\"ListItem\",\"position\":3,\"name\":\"Tableau mat\"}]},{\"@type\":\"WebSite\",\"@id\":\"https:\\\/\\\/www.milesi.com\\\/fr\\\/#website\",\"url\":\"https:\\\/\\\/www.milesi.com\\\/fr\\\/\",\"name\":\"Milesi Vernici per il legno\",\"description\":\"Vernis pour bois\",\"publisher\":{\"@id\":\"https:\\\/\\\/www.milesi.com\\\/fr\\\/#organization\"},\"alternateName\":\"Milesi\",\"potentialAction\":[{\"@type\":\"SearchAction\",\"target\":{\"@type\":\"EntryPoint\",\"urlTemplate\":\"https:\\\/\\\/www.milesi.com\\\/fr\\\/?s={search_term_string}\"},\"query-input\":{\"@type\":\"PropertyValueSpecification\",\"valueRequired\":true,\"valueName\":\"search_term_string\"}}],\"inLanguage\":\"fr-FR\"},{\"@type\":\"Organization\",\"@id\":\"https:\\\/\\\/www.milesi.com\\\/fr\\\/#organization\",\"name\":\"Milesi Vernici\",\"alternateName\":\"Milesi\",\"url\":\"https:\\\/\\\/www.milesi.com\\\/fr\\\/\",\"logo\":{\"@type\":\"ImageObject\",\"inLanguage\":\"fr-FR\",\"@id\":\"https:\\\/\\\/www.milesi.com\\\/fr\\\/#\\\/schema\\\/logo\\\/image\\\/\",\"url\":\"https:\\\/\\\/www.milesi.com\\\/wp-content\\\/uploads\\\/2022\\\/12\\\/milesi-web.png\",\"contentUrl\":\"https:\\\/\\\/www.milesi.com\\\/wp-content\\\/uploads\\\/2022\\\/12\\\/milesi-web.png\",\"width\":100,\"height\":101,\"caption\":\"Milesi Vernici\"},\"image\":{\"@id\":\"https:\\\/\\\/www.milesi.com\\\/fr\\\/#\\\/schema\\\/logo\\\/image\\\/\"},\"sameAs\":[\"https:\\\/\\\/www.facebook.com\\\/MilesiVernici\",\"https:\\\/\\\/www.youtube.com\\\/channel\\\/UCgULN6yzPgE9usmMi3CP5hQ\",\"https:\\\/\\\/www.instagram.com\\\/milesiverniciperlegno\\\/\",\"https:\\\/\\\/vimeo.com\\\/user117001108\",\"https:\\\/\\\/www.linkedin.com\\\/company\\\/milesiwoodcoatings\\\/\"]}]}<\/script>\n<!-- \/ Yoast SEO plugin. -->","yoast_head_json":{"title":"Tableau mat - Milesi","robots":{"index":"index","follow":"follow","max-snippet":"max-snippet:-1","max-image-preview":"max-image-preview:large","max-video-preview":"max-video-preview:-1"},"canonical":"https:\/\/www.milesi.com\/fr\/produit\/solutions-pour-le-bois\/inspiration-fr\/les-matieres\/tableau-mat\/","og_locale":"fr_FR","og_type":"article","og_title":"Tableau mat - Milesi","og_description":"Procure aux surfaces peintes la possibilit\u00e9 d\u2019\u00e9crire, d\u2019effacer, de r\u00e9\u00e9crire ou de dessiner dessus. Les diff\u00e9rents \u00e9l\u00e9ments d\u2019un meuble peuvent \u00eatre personnalis\u00e9s par une citation, les portes par des dessins, les tables par un menu. Peuvent \u00eatre choisies dans la version ardoise, dans les tonalit\u00e9s d\u00e9sir\u00e9es ou dans les couleurs sombres caract\u00e9ristiques des tableaux noirs permettant de griffonner avec des craies de couleur.","og_url":"https:\/\/www.milesi.com\/fr\/produit\/solutions-pour-le-bois\/inspiration-fr\/les-matieres\/tableau-mat\/","og_site_name":"Milesi","article_publisher":"https:\/\/www.facebook.com\/MilesiVernici","article_modified_time":"2020-12-11T17:19:18+00:00","og_image":[{"width":1200,"height":1200,"url":"https:\/\/www.milesi.com\/wp-content\/uploads\/2019\/11\/lavagna_opaca_1200x1200_bordo.jpg","type":"image\/jpeg"}],"twitter_card":"summary_large_image","schema":{"@context":"https:\/\/schema.org","@graph":[{"@type":"WebPage","@id":"https:\/\/www.milesi.com\/fr\/produit\/solutions-pour-le-bois\/inspiration-fr\/les-matieres\/tableau-mat\/","url":"https:\/\/www.milesi.com\/fr\/produit\/solutions-pour-le-bois\/inspiration-fr\/les-matieres\/tableau-mat\/","name":"Tableau mat - Milesi","isPartOf":{"@id":"https:\/\/www.milesi.com\/fr\/#website"},"primaryImageOfPage":{"@id":"https:\/\/www.milesi.com\/fr\/produit\/solutions-pour-le-bois\/inspiration-fr\/les-matieres\/tableau-mat\/#primaryimage"},"image":{"@id":"https:\/\/www.milesi.com\/fr\/produit\/solutions-pour-le-bois\/inspiration-fr\/les-matieres\/tableau-mat\/#primaryimage"},"thumbnailUrl":"https:\/\/www.milesi.com\/wp-content\/uploads\/2019\/11\/lavagna_opaca_1200x1200_bordo.jpg","datePublished":"2019-11-08T15:31:00+00:00","dateModified":"2020-12-11T17:19:18+00:00","breadcrumb":{"@id":"https:\/\/www.milesi.com\/fr\/produit\/solutions-pour-le-bois\/inspiration-fr\/les-matieres\/tableau-mat\/#breadcrumb"},"inLanguage":"fr-FR","potentialAction":[{"@type":"ReadAction","target":["https:\/\/www.milesi.com\/fr\/produit\/solutions-pour-le-bois\/inspiration-fr\/les-matieres\/tableau-mat\/"]}]},{"@type":"ImageObject","inLanguage":"fr-FR","@id":"https:\/\/www.milesi.com\/fr\/produit\/solutions-pour-le-bois\/inspiration-fr\/les-matieres\/tableau-mat\/#primaryimage","url":"https:\/\/www.milesi.com\/wp-content\/uploads\/2019\/11\/lavagna_opaca_1200x1200_bordo.jpg","contentUrl":"https:\/\/www.milesi.com\/wp-content\/uploads\/2019\/11\/lavagna_opaca_1200x1200_bordo.jpg","width":1200,"height":1200,"caption":"Vernice per legno effetto lavagna opaca"},{"@type":"BreadcrumbList","@id":"https:\/\/www.milesi.com\/fr\/produit\/solutions-pour-le-bois\/inspiration-fr\/les-matieres\/tableau-mat\/#breadcrumb","itemListElement":[{"@type":"ListItem","position":1,"name":"Milesi - Vernis pour bois","item":"https:\/\/www.milesi.com\/fr\/"},{"@type":"ListItem","position":2,"name":"Prodotti","item":"https:\/\/www.milesi.com\/prodotti\/"},{"@type":"ListItem","position":3,"name":"Tableau mat"}]},{"@type":"WebSite","@id":"https:\/\/www.milesi.com\/fr\/#website","url":"https:\/\/www.milesi.com\/fr\/","name":"Milesi Vernici per il legno","description":"Vernis pour bois","publisher":{"@id":"https:\/\/www.milesi.com\/fr\/#organization"},"alternateName":"Milesi","potentialAction":[{"@type":"SearchAction","target":{"@type":"EntryPoint","urlTemplate":"https:\/\/www.milesi.com\/fr\/?s={search_term_string}"},"query-input":{"@type":"PropertyValueSpecification","valueRequired":true,"valueName":"search_term_string"}}],"inLanguage":"fr-FR"},{"@type":"Organization","@id":"https:\/\/www.milesi.com\/fr\/#organization","name":"Milesi Vernici","alternateName":"Milesi","url":"https:\/\/www.milesi.com\/fr\/","logo":{"@type":"ImageObject","inLanguage":"fr-FR","@id":"https:\/\/www.milesi.com\/fr\/#\/schema\/logo\/image\/","url":"https:\/\/www.milesi.com\/wp-content\/uploads\/2022\/12\/milesi-web.png","contentUrl":"https:\/\/www.milesi.com\/wp-content\/uploads\/2022\/12\/milesi-web.png","width":100,"height":101,"caption":"Milesi Vernici"},"image":{"@id":"https:\/\/www.milesi.com\/fr\/#\/schema\/logo\/image\/"},"sameAs":["https:\/\/www.facebook.com\/MilesiVernici","https:\/\/www.youtube.com\/channel\/UCgULN6yzPgE9usmMi3CP5hQ","https:\/\/www.instagram.com\/milesiverniciperlegno\/","https:\/\/vimeo.com\/user117001108","https:\/\/www.linkedin.com\/company\/milesiwoodcoatings\/"]}]}},"_links":{"self":[{"href":"https:\/\/www.milesi.com\/fr\/wp-json\/wp\/v2\/product\/9054","targetHints":{"allow":["GET"]}}],"collection":[{"href":"https:\/\/www.milesi.com\/fr\/wp-json\/wp\/v2\/product"}],"about":[{"href":"https:\/\/www.milesi.com\/fr\/wp-json\/wp\/v2\/types\/product"}],"replies":[{"embeddable":true,"href":"https:\/\/www.milesi.com\/fr\/wp-json\/wp\/v2\/comments?post=9054"}],"wp:featuredmedia":[{"embeddable":true,"href":"https:\/\/www.milesi.com\/fr\/wp-json\/wp\/v2\/media\/9214"}],"wp:attachment":[{"href":"https:\/\/www.milesi.com\/fr\/wp-json\/wp\/v2\/media?parent=9054"}],"wp:term":[{"taxonomy":"product_brand","embeddable":true,"href":"https:\/\/www.milesi.com\/fr\/wp-json\/wp\/v2\/product_brand?post=9054"},{"taxonomy":"product_cat","embeddable":true,"href":"https:\/\/www.milesi.com\/fr\/wp-json\/wp\/v2\/product_cat?post=9054"},{"taxonomy":"product_tag","embeddable":true,"href":"https:\/\/www.milesi.com\/fr\/wp-json\/wp\/v2\/product_tag?post=9054"}],"curies":[{"name":"wp","href":"https:\/\/api.w.org\/{rel}","templated":true}]}}