{"id":9272,"date":"2019-08-02T17:41:20","date_gmt":"2019-08-02T15:41:20","guid":{"rendered":"http:\/\/www.milesi.com\/shop\/non%20class\u00e9\/vernis\/"},"modified":"2023-07-14T09:30:34","modified_gmt":"2023-07-14T07:30:34","slug":"vernis-bca","status":"publish","type":"product","link":"https:\/\/www.milesi.com\/fr\/produit\/solutions-pour-le-bois\/highlights-fr\/vernis-bca\/","title":{"rendered":"Vernis BCA"},"content":{"rendered":"","protected":false},"excerpt":{"rendered":"<p style=\"text-align: left;\"><strong>La nouvelle technologie qui r\u00e9volutionne les vernis pour bois.<br \/>\n<\/strong>Les produits BCA concentrent les meilleures caract\u00e9ristiques des vernis polyur\u00e9thanes, acryliques, pr\u00e9-catalys\u00e9s et post-catalys\u00e9s, en offrant des <strong>potentialit\u00e9s fonctionnelles<\/strong> <strong>inimaginables<\/strong> jusqu\u2019\u00e0 aujourd\u2019hui:<\/p>\n<ul style=\"text-align: left;\">\n<li>temps de s\u00e9chage\u00a0: 30 min et dur\u00e9e de vie en pot sup\u00e9rieure \u00e0 3 jours<\/li>\n<li>ne contiennent ni isocyanates ni compos\u00e9s aromatiques,<\/li>\n<li>esth\u00e9tique parfaite, comparable \u00e0 celle des meilleures finitions PU et acryliques<\/li>\n<li>facilit\u00e9 d\u2019utilisation comparable \u00e0 celle d\u2019un produit mono-composant<\/li>\n<li>r\u00e9sistance aux rayures, duret\u00e9 superficielle et r\u00e9sistance aux liquides froids, sup\u00e9rieures \u00e0 celles des meilleures finitions PU et acryliques<\/li>\n<li>r\u00e9sistance \u00e0 la lumi\u00e8re comparable \u00e0 celle des meilleures finitions acryliques<\/li>\n<\/ul>\n<p style=\"text-align: left;\">\n","protected":false},"featured_media":9639,"comment_status":"open","ping_status":"closed","template":"","meta":{"_et_pb_use_builder":"","_et_pb_old_content":"","_et_gb_content_width":""},"product_brand":[],"product_cat":[614,277],"product_tag":[623,281,360,624,622,280,279],"class_list":{"0":"post-9272","1":"product","2":"type-product","3":"status-publish","4":"has-post-thumbnail","6":"product_cat-highlights-fr","7":"product_cat-solutions-pour-le-bois","8":"product_tag-bca-fr","9":"product_tag-bois","10":"product_tag-laque","11":"product_tag-noyer-clair","12":"product_tag-noyer-fonce","13":"product_tag-panneau","14":"product_tag-vernis","16":"first","17":"instock","18":"shipping-taxable","19":"product-type-simple"},"yoast_head":"<!-- This site is optimized with the Yoast SEO plugin v27.3 - https:\/\/yoast.com\/product\/yoast-seo-wordpress\/ -->\n<title>Vernis BCA - Milesi<\/title>\n<meta name=\"robots\" content=\"index, follow, max-snippet:-1, max-image-preview:large, max-video-preview:-1\" \/>\n<link rel=\"canonical\" href=\"https:\/\/www.milesi.com\/fr\/produit\/solutions-pour-le-bois\/highlights-fr\/vernis-bca\/\" \/>\n<meta property=\"og:locale\" content=\"fr_FR\" \/>\n<meta property=\"og:type\" content=\"article\" \/>\n<meta property=\"og:title\" content=\"Vernis BCA - Milesi\" \/>\n<meta property=\"og:description\" content=\"La nouvelle technologie qui r\u00e9volutionne les vernis pour bois. Les produits BCA concentrent les meilleures caract\u00e9ristiques des vernis polyur\u00e9thanes, acryliques, pr\u00e9-catalys\u00e9s et post-catalys\u00e9s, en offrant des potentialit\u00e9s fonctionnelles inimaginables jusqu\u2019\u00e0 aujourd\u2019hui:    temps de s\u00e9chage\u00a0: 30 min et dur\u00e9e de vie en pot sup\u00e9rieure \u00e0 3 jours  ne contiennent ni isocyanates ni compos\u00e9s aromatiques,  esth\u00e9tique parfaite, comparable \u00e0 celle des meilleures finitions PU et acryliques  facilit\u00e9 d\u2019utilisation comparable \u00e0 celle d\u2019un produit mono-composant  r\u00e9sistance aux rayures, duret\u00e9 superficielle et r\u00e9sistance aux liquides froids, sup\u00e9rieures \u00e0 celles des meilleures finitions PU et acryliques  r\u00e9sistance \u00e0 la lumi\u00e8re comparable \u00e0 celle des meilleures finitions acryliques\" \/>\n<meta property=\"og:url\" content=\"https:\/\/www.milesi.com\/fr\/produit\/solutions-pour-le-bois\/highlights-fr\/vernis-bca\/\" \/>\n<meta property=\"og:site_name\" content=\"Milesi\" \/>\n<meta property=\"article:publisher\" content=\"https:\/\/www.facebook.com\/MilesiVernici\" \/>\n<meta property=\"article:modified_time\" content=\"2023-07-14T07:30:34+00:00\" \/>\n<meta property=\"og:image\" content=\"https:\/\/www.milesi.com\/wp-content\/uploads\/2020\/07\/BAC_379389523_bordo_1200x1200.jpg\" \/>\n\t<meta property=\"og:image:width\" content=\"600\" \/>\n\t<meta property=\"og:image:height\" content=\"600\" \/>\n\t<meta property=\"og:image:type\" content=\"image\/jpeg\" \/>\n<meta name=\"twitter:card\" content=\"summary_large_image\" \/>\n<script type=\"application\/ld+json\" class=\"yoast-schema-graph\">{\"@context\":\"https:\\\/\\\/schema.org\",\"@graph\":[{\"@type\":\"WebPage\",\"@id\":\"https:\\\/\\\/www.milesi.com\\\/fr\\\/produit\\\/solutions-pour-le-bois\\\/highlights-fr\\\/vernis-bca\\\/\",\"url\":\"https:\\\/\\\/www.milesi.com\\\/fr\\\/produit\\\/solutions-pour-le-bois\\\/highlights-fr\\\/vernis-bca\\\/\",\"name\":\"Vernis BCA - Milesi\",\"isPartOf\":{\"@id\":\"https:\\\/\\\/www.milesi.com\\\/fr\\\/#website\"},\"primaryImageOfPage\":{\"@id\":\"https:\\\/\\\/www.milesi.com\\\/fr\\\/produit\\\/solutions-pour-le-bois\\\/highlights-fr\\\/vernis-bca\\\/#primaryimage\"},\"image\":{\"@id\":\"https:\\\/\\\/www.milesi.com\\\/fr\\\/produit\\\/solutions-pour-le-bois\\\/highlights-fr\\\/vernis-bca\\\/#primaryimage\"},\"thumbnailUrl\":\"https:\\\/\\\/www.milesi.com\\\/wp-content\\\/uploads\\\/2020\\\/07\\\/BAC_379389523_bordo_1200x1200.jpg\",\"datePublished\":\"2019-08-02T15:41:20+00:00\",\"dateModified\":\"2023-07-14T07:30:34+00:00\",\"breadcrumb\":{\"@id\":\"https:\\\/\\\/www.milesi.com\\\/fr\\\/produit\\\/solutions-pour-le-bois\\\/highlights-fr\\\/vernis-bca\\\/#breadcrumb\"},\"inLanguage\":\"fr-FR\",\"potentialAction\":[{\"@type\":\"ReadAction\",\"target\":[\"https:\\\/\\\/www.milesi.com\\\/fr\\\/produit\\\/solutions-pour-le-bois\\\/highlights-fr\\\/vernis-bca\\\/\"]}]},{\"@type\":\"ImageObject\",\"inLanguage\":\"fr-FR\",\"@id\":\"https:\\\/\\\/www.milesi.com\\\/fr\\\/produit\\\/solutions-pour-le-bois\\\/highlights-fr\\\/vernis-bca\\\/#primaryimage\",\"url\":\"https:\\\/\\\/www.milesi.com\\\/wp-content\\\/uploads\\\/2020\\\/07\\\/BAC_379389523_bordo_1200x1200.jpg\",\"contentUrl\":\"https:\\\/\\\/www.milesi.com\\\/wp-content\\\/uploads\\\/2020\\\/07\\\/BAC_379389523_bordo_1200x1200.jpg\",\"width\":600,\"height\":600,\"caption\":\"Superfici protette contro i batteri grazie alle vernici BCA\"},{\"@type\":\"BreadcrumbList\",\"@id\":\"https:\\\/\\\/www.milesi.com\\\/fr\\\/produit\\\/solutions-pour-le-bois\\\/highlights-fr\\\/vernis-bca\\\/#breadcrumb\",\"itemListElement\":[{\"@type\":\"ListItem\",\"position\":1,\"name\":\"Milesi - Vernis pour bois\",\"item\":\"https:\\\/\\\/www.milesi.com\\\/fr\\\/\"},{\"@type\":\"ListItem\",\"position\":2,\"name\":\"Prodotti\",\"item\":\"https:\\\/\\\/www.milesi.com\\\/prodotti\\\/\"},{\"@type\":\"ListItem\",\"position\":3,\"name\":\"Vernis BCA\"}]},{\"@type\":\"WebSite\",\"@id\":\"https:\\\/\\\/www.milesi.com\\\/fr\\\/#website\",\"url\":\"https:\\\/\\\/www.milesi.com\\\/fr\\\/\",\"name\":\"Milesi Vernici per il legno\",\"description\":\"Vernis pour bois\",\"publisher\":{\"@id\":\"https:\\\/\\\/www.milesi.com\\\/fr\\\/#organization\"},\"alternateName\":\"Milesi\",\"potentialAction\":[{\"@type\":\"SearchAction\",\"target\":{\"@type\":\"EntryPoint\",\"urlTemplate\":\"https:\\\/\\\/www.milesi.com\\\/fr\\\/?s={search_term_string}\"},\"query-input\":{\"@type\":\"PropertyValueSpecification\",\"valueRequired\":true,\"valueName\":\"search_term_string\"}}],\"inLanguage\":\"fr-FR\"},{\"@type\":\"Organization\",\"@id\":\"https:\\\/\\\/www.milesi.com\\\/fr\\\/#organization\",\"name\":\"Milesi Vernici\",\"alternateName\":\"Milesi\",\"url\":\"https:\\\/\\\/www.milesi.com\\\/fr\\\/\",\"logo\":{\"@type\":\"ImageObject\",\"inLanguage\":\"fr-FR\",\"@id\":\"https:\\\/\\\/www.milesi.com\\\/fr\\\/#\\\/schema\\\/logo\\\/image\\\/\",\"url\":\"https:\\\/\\\/www.milesi.com\\\/wp-content\\\/uploads\\\/2022\\\/12\\\/milesi-web.png\",\"contentUrl\":\"https:\\\/\\\/www.milesi.com\\\/wp-content\\\/uploads\\\/2022\\\/12\\\/milesi-web.png\",\"width\":100,\"height\":101,\"caption\":\"Milesi Vernici\"},\"image\":{\"@id\":\"https:\\\/\\\/www.milesi.com\\\/fr\\\/#\\\/schema\\\/logo\\\/image\\\/\"},\"sameAs\":[\"https:\\\/\\\/www.facebook.com\\\/MilesiVernici\",\"https:\\\/\\\/www.youtube.com\\\/channel\\\/UCgULN6yzPgE9usmMi3CP5hQ\",\"https:\\\/\\\/www.instagram.com\\\/milesiverniciperlegno\\\/\",\"https:\\\/\\\/vimeo.com\\\/user117001108\",\"https:\\\/\\\/www.linkedin.com\\\/company\\\/milesiwoodcoatings\\\/\"]}]}<\/script>\n<!-- \/ Yoast SEO plugin. -->","yoast_head_json":{"title":"Vernis BCA - Milesi","robots":{"index":"index","follow":"follow","max-snippet":"max-snippet:-1","max-image-preview":"max-image-preview:large","max-video-preview":"max-video-preview:-1"},"canonical":"https:\/\/www.milesi.com\/fr\/produit\/solutions-pour-le-bois\/highlights-fr\/vernis-bca\/","og_locale":"fr_FR","og_type":"article","og_title":"Vernis BCA - Milesi","og_description":"La nouvelle technologie qui r\u00e9volutionne les vernis pour bois. Les produits BCA concentrent les meilleures caract\u00e9ristiques des vernis polyur\u00e9thanes, acryliques, pr\u00e9-catalys\u00e9s et post-catalys\u00e9s, en offrant des potentialit\u00e9s fonctionnelles inimaginables jusqu\u2019\u00e0 aujourd\u2019hui:    temps de s\u00e9chage\u00a0: 30 min et dur\u00e9e de vie en pot sup\u00e9rieure \u00e0 3 jours  ne contiennent ni isocyanates ni compos\u00e9s aromatiques,  esth\u00e9tique parfaite, comparable \u00e0 celle des meilleures finitions PU et acryliques  facilit\u00e9 d\u2019utilisation comparable \u00e0 celle d\u2019un produit mono-composant  r\u00e9sistance aux rayures, duret\u00e9 superficielle et r\u00e9sistance aux liquides froids, sup\u00e9rieures \u00e0 celles des meilleures finitions PU et acryliques  r\u00e9sistance \u00e0 la lumi\u00e8re comparable \u00e0 celle des meilleures finitions acryliques","og_url":"https:\/\/www.milesi.com\/fr\/produit\/solutions-pour-le-bois\/highlights-fr\/vernis-bca\/","og_site_name":"Milesi","article_publisher":"https:\/\/www.facebook.com\/MilesiVernici","article_modified_time":"2023-07-14T07:30:34+00:00","og_image":[{"width":600,"height":600,"url":"https:\/\/www.milesi.com\/wp-content\/uploads\/2020\/07\/BAC_379389523_bordo_1200x1200.jpg","type":"image\/jpeg"}],"twitter_card":"summary_large_image","schema":{"@context":"https:\/\/schema.org","@graph":[{"@type":"WebPage","@id":"https:\/\/www.milesi.com\/fr\/produit\/solutions-pour-le-bois\/highlights-fr\/vernis-bca\/","url":"https:\/\/www.milesi.com\/fr\/produit\/solutions-pour-le-bois\/highlights-fr\/vernis-bca\/","name":"Vernis BCA - Milesi","isPartOf":{"@id":"https:\/\/www.milesi.com\/fr\/#website"},"primaryImageOfPage":{"@id":"https:\/\/www.milesi.com\/fr\/produit\/solutions-pour-le-bois\/highlights-fr\/vernis-bca\/#primaryimage"},"image":{"@id":"https:\/\/www.milesi.com\/fr\/produit\/solutions-pour-le-bois\/highlights-fr\/vernis-bca\/#primaryimage"},"thumbnailUrl":"https:\/\/www.milesi.com\/wp-content\/uploads\/2020\/07\/BAC_379389523_bordo_1200x1200.jpg","datePublished":"2019-08-02T15:41:20+00:00","dateModified":"2023-07-14T07:30:34+00:00","breadcrumb":{"@id":"https:\/\/www.milesi.com\/fr\/produit\/solutions-pour-le-bois\/highlights-fr\/vernis-bca\/#breadcrumb"},"inLanguage":"fr-FR","potentialAction":[{"@type":"ReadAction","target":["https:\/\/www.milesi.com\/fr\/produit\/solutions-pour-le-bois\/highlights-fr\/vernis-bca\/"]}]},{"@type":"ImageObject","inLanguage":"fr-FR","@id":"https:\/\/www.milesi.com\/fr\/produit\/solutions-pour-le-bois\/highlights-fr\/vernis-bca\/#primaryimage","url":"https:\/\/www.milesi.com\/wp-content\/uploads\/2020\/07\/BAC_379389523_bordo_1200x1200.jpg","contentUrl":"https:\/\/www.milesi.com\/wp-content\/uploads\/2020\/07\/BAC_379389523_bordo_1200x1200.jpg","width":600,"height":600,"caption":"Superfici protette contro i batteri grazie alle vernici BCA"},{"@type":"BreadcrumbList","@id":"https:\/\/www.milesi.com\/fr\/produit\/solutions-pour-le-bois\/highlights-fr\/vernis-bca\/#breadcrumb","itemListElement":[{"@type":"ListItem","position":1,"name":"Milesi - Vernis pour bois","item":"https:\/\/www.milesi.com\/fr\/"},{"@type":"ListItem","position":2,"name":"Prodotti","item":"https:\/\/www.milesi.com\/prodotti\/"},{"@type":"ListItem","position":3,"name":"Vernis BCA"}]},{"@type":"WebSite","@id":"https:\/\/www.milesi.com\/fr\/#website","url":"https:\/\/www.milesi.com\/fr\/","name":"Milesi Vernici per il legno","description":"Vernis pour bois","publisher":{"@id":"https:\/\/www.milesi.com\/fr\/#organization"},"alternateName":"Milesi","potentialAction":[{"@type":"SearchAction","target":{"@type":"EntryPoint","urlTemplate":"https:\/\/www.milesi.com\/fr\/?s={search_term_string}"},"query-input":{"@type":"PropertyValueSpecification","valueRequired":true,"valueName":"search_term_string"}}],"inLanguage":"fr-FR"},{"@type":"Organization","@id":"https:\/\/www.milesi.com\/fr\/#organization","name":"Milesi Vernici","alternateName":"Milesi","url":"https:\/\/www.milesi.com\/fr\/","logo":{"@type":"ImageObject","inLanguage":"fr-FR","@id":"https:\/\/www.milesi.com\/fr\/#\/schema\/logo\/image\/","url":"https:\/\/www.milesi.com\/wp-content\/uploads\/2022\/12\/milesi-web.png","contentUrl":"https:\/\/www.milesi.com\/wp-content\/uploads\/2022\/12\/milesi-web.png","width":100,"height":101,"caption":"Milesi Vernici"},"image":{"@id":"https:\/\/www.milesi.com\/fr\/#\/schema\/logo\/image\/"},"sameAs":["https:\/\/www.facebook.com\/MilesiVernici","https:\/\/www.youtube.com\/channel\/UCgULN6yzPgE9usmMi3CP5hQ","https:\/\/www.instagram.com\/milesiverniciperlegno\/","https:\/\/vimeo.com\/user117001108","https:\/\/www.linkedin.com\/company\/milesiwoodcoatings\/"]}]}},"_links":{"self":[{"href":"https:\/\/www.milesi.com\/fr\/wp-json\/wp\/v2\/product\/9272","targetHints":{"allow":["GET"]}}],"collection":[{"href":"https:\/\/www.milesi.com\/fr\/wp-json\/wp\/v2\/product"}],"about":[{"href":"https:\/\/www.milesi.com\/fr\/wp-json\/wp\/v2\/types\/product"}],"replies":[{"embeddable":true,"href":"https:\/\/www.milesi.com\/fr\/wp-json\/wp\/v2\/comments?post=9272"}],"wp:featuredmedia":[{"embeddable":true,"href":"https:\/\/www.milesi.com\/fr\/wp-json\/wp\/v2\/media\/9639"}],"wp:attachment":[{"href":"https:\/\/www.milesi.com\/fr\/wp-json\/wp\/v2\/media?parent=9272"}],"wp:term":[{"taxonomy":"product_brand","embeddable":true,"href":"https:\/\/www.milesi.com\/fr\/wp-json\/wp\/v2\/product_brand?post=9272"},{"taxonomy":"product_cat","embeddable":true,"href":"https:\/\/www.milesi.com\/fr\/wp-json\/wp\/v2\/product_cat?post=9272"},{"taxonomy":"product_tag","embeddable":true,"href":"https:\/\/www.milesi.com\/fr\/wp-json\/wp\/v2\/product_tag?post=9272"}],"curies":[{"name":"wp","href":"https:\/\/api.w.org\/{rel}","templated":true}]}}