{"id":9281,"date":"2019-08-01T17:41:33","date_gmt":"2019-08-01T15:41:33","guid":{"rendered":"http:\/\/www.milesi.com\/shop\/non%20class\u00e9\/finitions-uv-a-excimeres\/"},"modified":"2020-12-15T18:12:32","modified_gmt":"2020-12-15T17:12:32","slug":"finitions-uv-a-excimeres","status":"publish","type":"product","link":"https:\/\/www.milesi.com\/fr\/produit\/solutions-pour-le-bois\/highlights-fr\/finitions-uv-a-excimeres\/","title":{"rendered":"Finitions UV \u00e0 Excim\u00e8res"},"content":{"rendered":"","protected":false},"excerpt":{"rendered":"<p style=\"text-align: left;\">Les finitions UV innovantes \u00e9tudi\u00e9es pour les \u00e9quipements \u00e0 excim\u00e8res associent des caract\u00e9ristiques exceptionnelles dans un produit unique. Ils offrent une r\u00e9sistance physico-chimique importante et des caract\u00e9ristiques esth\u00e9tiques excellentes.<\/p>\n<p>&nbsp;<\/p>\n<ul style=\"text-align: left;\">\n<li style=\"list-style-type: none;\">\n<ul>\n<li><span style=\"text-decoration: underline;\">R\u00e9sistance aux rayures<\/span>: r\u00e9sistance aux rayures contr\u00f4l\u00e9e selon l\u2019UNI EN 15186 (M\u00e9thode B)\u00a0: 1,5 Newton (N)<\/li>\n<li><span style=\"text-decoration: underline;\">R\u00e9sistance \u00e0 l\u2019abrasion<\/span>: contr\u00f4l\u00e9e selon le proc\u00e9d\u00e9 &#8211; M\u00e9thode interne, gloss Delta 0,2<\/li>\n<li><span style=\"text-decoration: underline;\">R\u00e9sistance au marquage des m\u00e9taux et au lustrage<\/span>: garantit la beaut\u00e9 et l\u2019opacit\u00e9 de la surface soumise au frottement<\/li>\n<li><span style=\"text-decoration: underline;\">Adh\u00e9rence<\/span>: mesur\u00e9e par l\u2019essai de quadrillage selon la norme ISO 2409 Classe 0 (adh\u00e9rence maximale)<\/li>\n<li><span style=\"text-decoration: underline;\">R\u00e9sistance aux liquides froids<\/span>: selon la norme UNI EN 12720 Classe B<\/li>\n<li><span style=\"text-decoration: underline;\">R\u00e9sistance \u00e0 la lumi\u00e8re<\/span>: r\u00e9sistance \u00e0 l\u2019exposition \u00e0 la lumi\u00e8re selon la norme UNI EN 15187 &#8211; 4\/5 \u00c9chelle de gris<\/li>\n<\/ul>\n<\/li>\n<\/ul>\n<p>&nbsp;<\/p>\n<p style=\"text-align: left;\">Disponibles en version transparente et pigment\u00e9e, dans toutes les couleurs d\u00e9sir\u00e9es, les finitions UV \u00e0 excim\u00e8res<\/p>\n<ul>\n<li style=\"text-align: left;\">ont une opacit\u00e9 proche de z\u00e9ro<\/li>\n<li style=\"text-align: left;\">sont anti-empreinte<\/li>\n<li style=\"text-align: left;\">ont un effet doux au toucher<\/li>\n<\/ul>\n","protected":false},"featured_media":11540,"comment_status":"open","ping_status":"closed","template":"","meta":{"_et_pb_use_builder":"","_et_pb_old_content":"","_et_gb_content_width":""},"product_brand":[],"product_cat":[614,277],"product_tag":[281,634,360,622,280,633,279],"class_list":{"0":"post-9281","1":"product","2":"type-product","3":"status-publish","4":"has-post-thumbnail","6":"product_cat-highlights-fr","7":"product_cat-solutions-pour-le-bois","8":"product_tag-bois","9":"product_tag-excimeres","10":"product_tag-laque","11":"product_tag-noyer-fonce","12":"product_tag-panneau","13":"product_tag-uv-fr","14":"product_tag-vernis","16":"first","17":"instock","18":"shipping-taxable","19":"product-type-simple"},"yoast_head":"<!-- This site is optimized with the Yoast SEO plugin v27.3 - https:\/\/yoast.com\/product\/yoast-seo-wordpress\/ -->\n<title>Finitions UV \u00e0 Excim\u00e8res - Milesi<\/title>\n<meta name=\"robots\" content=\"index, follow, max-snippet:-1, max-image-preview:large, max-video-preview:-1\" \/>\n<link rel=\"canonical\" href=\"https:\/\/www.milesi.com\/fr\/produit\/solutions-pour-le-bois\/highlights-fr\/finitions-uv-a-excimeres\/\" \/>\n<meta property=\"og:locale\" content=\"fr_FR\" \/>\n<meta property=\"og:type\" content=\"article\" \/>\n<meta property=\"og:title\" content=\"Finitions UV \u00e0 Excim\u00e8res - Milesi\" \/>\n<meta property=\"og:description\" content=\"Les finitions UV innovantes \u00e9tudi\u00e9es pour les \u00e9quipements \u00e0 excim\u00e8res associent des caract\u00e9ristiques exceptionnelles dans un produit unique. Ils offrent une r\u00e9sistance physico-chimique importante et des caract\u00e9ristiques esth\u00e9tiques excellentes. &nbsp;      R\u00e9sistance aux rayures: r\u00e9sistance aux rayures contr\u00f4l\u00e9e selon l\u2019UNI EN 15186 (M\u00e9thode B)\u00a0: 1,5 Newton (N)  R\u00e9sistance \u00e0 l\u2019abrasion: contr\u00f4l\u00e9e selon le proc\u00e9d\u00e9 - M\u00e9thode interne, gloss Delta 0,2  R\u00e9sistance au marquage des m\u00e9taux et au lustrage: garantit la beaut\u00e9 et l\u2019opacit\u00e9 de la surface soumise au frottement  Adh\u00e9rence: mesur\u00e9e par l\u2019essai de quadrillage selon la norme ISO 2409 Classe 0 (adh\u00e9rence maximale)  R\u00e9sistance aux liquides froids: selon la norme UNI EN 12720 Classe B  R\u00e9sistance \u00e0 la lumi\u00e8re: r\u00e9sistance \u00e0 l\u2019exposition \u00e0 la lumi\u00e8re selon la norme UNI EN 15187 - 4\/5 \u00c9chelle de gris    &nbsp; Disponibles en version transparente et pigment\u00e9e, dans toutes les couleurs d\u00e9sir\u00e9es, les finitions UV \u00e0 excim\u00e8res    ont une opacit\u00e9 proche de z\u00e9ro  sont anti-empreinte  ont un effet doux au toucher\" \/>\n<meta property=\"og:url\" content=\"https:\/\/www.milesi.com\/fr\/produit\/solutions-pour-le-bois\/highlights-fr\/finitions-uv-a-excimeres\/\" \/>\n<meta property=\"og:site_name\" content=\"Milesi\" \/>\n<meta property=\"article:publisher\" content=\"https:\/\/www.facebook.com\/MilesiVernici\" \/>\n<meta property=\"article:modified_time\" content=\"2020-12-15T17:12:32+00:00\" \/>\n<meta property=\"og:image\" content=\"https:\/\/www.milesi.com\/wp-content\/uploads\/2019\/11\/UV-eccimeri-1.jpg\" \/>\n\t<meta property=\"og:image:width\" content=\"1200\" \/>\n\t<meta property=\"og:image:height\" content=\"1185\" \/>\n\t<meta property=\"og:image:type\" content=\"image\/jpeg\" \/>\n<meta name=\"twitter:card\" content=\"summary_large_image\" \/>\n<script type=\"application\/ld+json\" class=\"yoast-schema-graph\">{\"@context\":\"https:\\\/\\\/schema.org\",\"@graph\":[{\"@type\":\"WebPage\",\"@id\":\"https:\\\/\\\/www.milesi.com\\\/fr\\\/produit\\\/solutions-pour-le-bois\\\/highlights-fr\\\/finitions-uv-a-excimeres\\\/\",\"url\":\"https:\\\/\\\/www.milesi.com\\\/fr\\\/produit\\\/solutions-pour-le-bois\\\/highlights-fr\\\/finitions-uv-a-excimeres\\\/\",\"name\":\"Finitions UV \u00e0 Excim\u00e8res - Milesi\",\"isPartOf\":{\"@id\":\"https:\\\/\\\/www.milesi.com\\\/fr\\\/#website\"},\"primaryImageOfPage\":{\"@id\":\"https:\\\/\\\/www.milesi.com\\\/fr\\\/produit\\\/solutions-pour-le-bois\\\/highlights-fr\\\/finitions-uv-a-excimeres\\\/#primaryimage\"},\"image\":{\"@id\":\"https:\\\/\\\/www.milesi.com\\\/fr\\\/produit\\\/solutions-pour-le-bois\\\/highlights-fr\\\/finitions-uv-a-excimeres\\\/#primaryimage\"},\"thumbnailUrl\":\"https:\\\/\\\/www.milesi.com\\\/wp-content\\\/uploads\\\/2019\\\/11\\\/UV-eccimeri-1.jpg\",\"datePublished\":\"2019-08-01T15:41:33+00:00\",\"dateModified\":\"2020-12-15T17:12:32+00:00\",\"breadcrumb\":{\"@id\":\"https:\\\/\\\/www.milesi.com\\\/fr\\\/produit\\\/solutions-pour-le-bois\\\/highlights-fr\\\/finitions-uv-a-excimeres\\\/#breadcrumb\"},\"inLanguage\":\"fr-FR\",\"potentialAction\":[{\"@type\":\"ReadAction\",\"target\":[\"https:\\\/\\\/www.milesi.com\\\/fr\\\/produit\\\/solutions-pour-le-bois\\\/highlights-fr\\\/finitions-uv-a-excimeres\\\/\"]}]},{\"@type\":\"ImageObject\",\"inLanguage\":\"fr-FR\",\"@id\":\"https:\\\/\\\/www.milesi.com\\\/fr\\\/produit\\\/solutions-pour-le-bois\\\/highlights-fr\\\/finitions-uv-a-excimeres\\\/#primaryimage\",\"url\":\"https:\\\/\\\/www.milesi.com\\\/wp-content\\\/uploads\\\/2019\\\/11\\\/UV-eccimeri-1.jpg\",\"contentUrl\":\"https:\\\/\\\/www.milesi.com\\\/wp-content\\\/uploads\\\/2019\\\/11\\\/UV-eccimeri-1.jpg\",\"width\":1200,\"height\":1185,\"caption\":\"UV-Eccimeri per rendere il legno piu\u0300 resistente\"},{\"@type\":\"BreadcrumbList\",\"@id\":\"https:\\\/\\\/www.milesi.com\\\/fr\\\/produit\\\/solutions-pour-le-bois\\\/highlights-fr\\\/finitions-uv-a-excimeres\\\/#breadcrumb\",\"itemListElement\":[{\"@type\":\"ListItem\",\"position\":1,\"name\":\"Milesi - Vernis pour bois\",\"item\":\"https:\\\/\\\/www.milesi.com\\\/fr\\\/\"},{\"@type\":\"ListItem\",\"position\":2,\"name\":\"Prodotti\",\"item\":\"https:\\\/\\\/www.milesi.com\\\/prodotti\\\/\"},{\"@type\":\"ListItem\",\"position\":3,\"name\":\"Finitions UV \u00e0 Excim\u00e8res\"}]},{\"@type\":\"WebSite\",\"@id\":\"https:\\\/\\\/www.milesi.com\\\/fr\\\/#website\",\"url\":\"https:\\\/\\\/www.milesi.com\\\/fr\\\/\",\"name\":\"Milesi Vernici per il legno\",\"description\":\"Vernis pour bois\",\"publisher\":{\"@id\":\"https:\\\/\\\/www.milesi.com\\\/fr\\\/#organization\"},\"alternateName\":\"Milesi\",\"potentialAction\":[{\"@type\":\"SearchAction\",\"target\":{\"@type\":\"EntryPoint\",\"urlTemplate\":\"https:\\\/\\\/www.milesi.com\\\/fr\\\/?s={search_term_string}\"},\"query-input\":{\"@type\":\"PropertyValueSpecification\",\"valueRequired\":true,\"valueName\":\"search_term_string\"}}],\"inLanguage\":\"fr-FR\"},{\"@type\":\"Organization\",\"@id\":\"https:\\\/\\\/www.milesi.com\\\/fr\\\/#organization\",\"name\":\"Milesi Vernici\",\"alternateName\":\"Milesi\",\"url\":\"https:\\\/\\\/www.milesi.com\\\/fr\\\/\",\"logo\":{\"@type\":\"ImageObject\",\"inLanguage\":\"fr-FR\",\"@id\":\"https:\\\/\\\/www.milesi.com\\\/fr\\\/#\\\/schema\\\/logo\\\/image\\\/\",\"url\":\"https:\\\/\\\/www.milesi.com\\\/wp-content\\\/uploads\\\/2022\\\/12\\\/milesi-web.png\",\"contentUrl\":\"https:\\\/\\\/www.milesi.com\\\/wp-content\\\/uploads\\\/2022\\\/12\\\/milesi-web.png\",\"width\":100,\"height\":101,\"caption\":\"Milesi Vernici\"},\"image\":{\"@id\":\"https:\\\/\\\/www.milesi.com\\\/fr\\\/#\\\/schema\\\/logo\\\/image\\\/\"},\"sameAs\":[\"https:\\\/\\\/www.facebook.com\\\/MilesiVernici\",\"https:\\\/\\\/www.youtube.com\\\/channel\\\/UCgULN6yzPgE9usmMi3CP5hQ\",\"https:\\\/\\\/www.instagram.com\\\/milesiverniciperlegno\\\/\",\"https:\\\/\\\/vimeo.com\\\/user117001108\",\"https:\\\/\\\/www.linkedin.com\\\/company\\\/milesiwoodcoatings\\\/\"]}]}<\/script>\n<!-- \/ Yoast SEO plugin. -->","yoast_head_json":{"title":"Finitions UV \u00e0 Excim\u00e8res - Milesi","robots":{"index":"index","follow":"follow","max-snippet":"max-snippet:-1","max-image-preview":"max-image-preview:large","max-video-preview":"max-video-preview:-1"},"canonical":"https:\/\/www.milesi.com\/fr\/produit\/solutions-pour-le-bois\/highlights-fr\/finitions-uv-a-excimeres\/","og_locale":"fr_FR","og_type":"article","og_title":"Finitions UV \u00e0 Excim\u00e8res - Milesi","og_description":"Les finitions UV innovantes \u00e9tudi\u00e9es pour les \u00e9quipements \u00e0 excim\u00e8res associent des caract\u00e9ristiques exceptionnelles dans un produit unique. Ils offrent une r\u00e9sistance physico-chimique importante et des caract\u00e9ristiques esth\u00e9tiques excellentes. &nbsp;      R\u00e9sistance aux rayures: r\u00e9sistance aux rayures contr\u00f4l\u00e9e selon l\u2019UNI EN 15186 (M\u00e9thode B)\u00a0: 1,5 Newton (N)  R\u00e9sistance \u00e0 l\u2019abrasion: contr\u00f4l\u00e9e selon le proc\u00e9d\u00e9 - M\u00e9thode interne, gloss Delta 0,2  R\u00e9sistance au marquage des m\u00e9taux et au lustrage: garantit la beaut\u00e9 et l\u2019opacit\u00e9 de la surface soumise au frottement  Adh\u00e9rence: mesur\u00e9e par l\u2019essai de quadrillage selon la norme ISO 2409 Classe 0 (adh\u00e9rence maximale)  R\u00e9sistance aux liquides froids: selon la norme UNI EN 12720 Classe B  R\u00e9sistance \u00e0 la lumi\u00e8re: r\u00e9sistance \u00e0 l\u2019exposition \u00e0 la lumi\u00e8re selon la norme UNI EN 15187 - 4\/5 \u00c9chelle de gris    &nbsp; Disponibles en version transparente et pigment\u00e9e, dans toutes les couleurs d\u00e9sir\u00e9es, les finitions UV \u00e0 excim\u00e8res    ont une opacit\u00e9 proche de z\u00e9ro  sont anti-empreinte  ont un effet doux au toucher","og_url":"https:\/\/www.milesi.com\/fr\/produit\/solutions-pour-le-bois\/highlights-fr\/finitions-uv-a-excimeres\/","og_site_name":"Milesi","article_publisher":"https:\/\/www.facebook.com\/MilesiVernici","article_modified_time":"2020-12-15T17:12:32+00:00","og_image":[{"width":1200,"height":1185,"url":"https:\/\/www.milesi.com\/wp-content\/uploads\/2019\/11\/UV-eccimeri-1.jpg","type":"image\/jpeg"}],"twitter_card":"summary_large_image","schema":{"@context":"https:\/\/schema.org","@graph":[{"@type":"WebPage","@id":"https:\/\/www.milesi.com\/fr\/produit\/solutions-pour-le-bois\/highlights-fr\/finitions-uv-a-excimeres\/","url":"https:\/\/www.milesi.com\/fr\/produit\/solutions-pour-le-bois\/highlights-fr\/finitions-uv-a-excimeres\/","name":"Finitions UV \u00e0 Excim\u00e8res - Milesi","isPartOf":{"@id":"https:\/\/www.milesi.com\/fr\/#website"},"primaryImageOfPage":{"@id":"https:\/\/www.milesi.com\/fr\/produit\/solutions-pour-le-bois\/highlights-fr\/finitions-uv-a-excimeres\/#primaryimage"},"image":{"@id":"https:\/\/www.milesi.com\/fr\/produit\/solutions-pour-le-bois\/highlights-fr\/finitions-uv-a-excimeres\/#primaryimage"},"thumbnailUrl":"https:\/\/www.milesi.com\/wp-content\/uploads\/2019\/11\/UV-eccimeri-1.jpg","datePublished":"2019-08-01T15:41:33+00:00","dateModified":"2020-12-15T17:12:32+00:00","breadcrumb":{"@id":"https:\/\/www.milesi.com\/fr\/produit\/solutions-pour-le-bois\/highlights-fr\/finitions-uv-a-excimeres\/#breadcrumb"},"inLanguage":"fr-FR","potentialAction":[{"@type":"ReadAction","target":["https:\/\/www.milesi.com\/fr\/produit\/solutions-pour-le-bois\/highlights-fr\/finitions-uv-a-excimeres\/"]}]},{"@type":"ImageObject","inLanguage":"fr-FR","@id":"https:\/\/www.milesi.com\/fr\/produit\/solutions-pour-le-bois\/highlights-fr\/finitions-uv-a-excimeres\/#primaryimage","url":"https:\/\/www.milesi.com\/wp-content\/uploads\/2019\/11\/UV-eccimeri-1.jpg","contentUrl":"https:\/\/www.milesi.com\/wp-content\/uploads\/2019\/11\/UV-eccimeri-1.jpg","width":1200,"height":1185,"caption":"UV-Eccimeri per rendere il legno piu\u0300 resistente"},{"@type":"BreadcrumbList","@id":"https:\/\/www.milesi.com\/fr\/produit\/solutions-pour-le-bois\/highlights-fr\/finitions-uv-a-excimeres\/#breadcrumb","itemListElement":[{"@type":"ListItem","position":1,"name":"Milesi - Vernis pour bois","item":"https:\/\/www.milesi.com\/fr\/"},{"@type":"ListItem","position":2,"name":"Prodotti","item":"https:\/\/www.milesi.com\/prodotti\/"},{"@type":"ListItem","position":3,"name":"Finitions UV \u00e0 Excim\u00e8res"}]},{"@type":"WebSite","@id":"https:\/\/www.milesi.com\/fr\/#website","url":"https:\/\/www.milesi.com\/fr\/","name":"Milesi Vernici per il legno","description":"Vernis pour bois","publisher":{"@id":"https:\/\/www.milesi.com\/fr\/#organization"},"alternateName":"Milesi","potentialAction":[{"@type":"SearchAction","target":{"@type":"EntryPoint","urlTemplate":"https:\/\/www.milesi.com\/fr\/?s={search_term_string}"},"query-input":{"@type":"PropertyValueSpecification","valueRequired":true,"valueName":"search_term_string"}}],"inLanguage":"fr-FR"},{"@type":"Organization","@id":"https:\/\/www.milesi.com\/fr\/#organization","name":"Milesi Vernici","alternateName":"Milesi","url":"https:\/\/www.milesi.com\/fr\/","logo":{"@type":"ImageObject","inLanguage":"fr-FR","@id":"https:\/\/www.milesi.com\/fr\/#\/schema\/logo\/image\/","url":"https:\/\/www.milesi.com\/wp-content\/uploads\/2022\/12\/milesi-web.png","contentUrl":"https:\/\/www.milesi.com\/wp-content\/uploads\/2022\/12\/milesi-web.png","width":100,"height":101,"caption":"Milesi Vernici"},"image":{"@id":"https:\/\/www.milesi.com\/fr\/#\/schema\/logo\/image\/"},"sameAs":["https:\/\/www.facebook.com\/MilesiVernici","https:\/\/www.youtube.com\/channel\/UCgULN6yzPgE9usmMi3CP5hQ","https:\/\/www.instagram.com\/milesiverniciperlegno\/","https:\/\/vimeo.com\/user117001108","https:\/\/www.linkedin.com\/company\/milesiwoodcoatings\/"]}]}},"_links":{"self":[{"href":"https:\/\/www.milesi.com\/fr\/wp-json\/wp\/v2\/product\/9281","targetHints":{"allow":["GET"]}}],"collection":[{"href":"https:\/\/www.milesi.com\/fr\/wp-json\/wp\/v2\/product"}],"about":[{"href":"https:\/\/www.milesi.com\/fr\/wp-json\/wp\/v2\/types\/product"}],"replies":[{"embeddable":true,"href":"https:\/\/www.milesi.com\/fr\/wp-json\/wp\/v2\/comments?post=9281"}],"wp:featuredmedia":[{"embeddable":true,"href":"https:\/\/www.milesi.com\/fr\/wp-json\/wp\/v2\/media\/11540"}],"wp:attachment":[{"href":"https:\/\/www.milesi.com\/fr\/wp-json\/wp\/v2\/media?parent=9281"}],"wp:term":[{"taxonomy":"product_brand","embeddable":true,"href":"https:\/\/www.milesi.com\/fr\/wp-json\/wp\/v2\/product_brand?post=9281"},{"taxonomy":"product_cat","embeddable":true,"href":"https:\/\/www.milesi.com\/fr\/wp-json\/wp\/v2\/product_cat?post=9281"},{"taxonomy":"product_tag","embeddable":true,"href":"https:\/\/www.milesi.com\/fr\/wp-json\/wp\/v2\/product_tag?post=9281"}],"curies":[{"name":"wp","href":"https:\/\/api.w.org\/{rel}","templated":true}]}}