{"id":9850,"date":"2020-02-05T11:38:46","date_gmt":"2020-02-05T10:38:46","guid":{"rendered":"http:\/\/www.milesi.com\/shop\/non%20class\u00e9\/resistance-a-la-lumiere\/"},"modified":"2020-12-16T10:54:47","modified_gmt":"2020-12-16T09:54:47","slug":"resistance-a-la-lumiere","status":"publish","type":"product","link":"https:\/\/www.milesi.com\/fr\/produit\/solutions-pour-le-bois\/resistance-a-l-evolution-de-la-couleur\/resistance-a-la-lumiere\/","title":{"rendered":"R\u00e9sistance \u00e0 la lumi\u00e8re"},"content":{"rendered":"","protected":false},"excerpt":{"rendered":"<p>Finitions dont la couleur est tr\u00e8s r\u00e9sistante aux effets de l\u2019exposition \u00e0 la lumi\u00e8re.<\/p>\n<p>Test\u00e9s selon UNI EN 15187 (<em>\u00e9valuation des effets de l&rsquo;exposition \u00e0 la lumi\u00e8re<\/em>), ils obtiennent la valeur minimale indiqu\u00e9e:<\/p>\n<table style=\"width: 98.1542%;\">\n<tbody>\n<tr>\n<td style=\"width: 95.6081%;\">\u00b7\u00a0 \u00a0 \u00a0 \u00c0 <span style=\"font-family: inherit; font-size: inherit;\">l&rsquo;eau pour int\u00e9rieur 1K<\/span><\/td>\n<td style=\"width: 15.1754%;\">4\/5<\/td>\n<\/tr>\n<tr>\n<td style=\"width: 95.6081%;\">\u00b7\u00a0 \u00a0 \u00a0 \u00c0 l&rsquo;eau pour int\u00e9rieur 2K<\/td>\n<td style=\"width: 15.1754%;\">4\/5<\/td>\n<\/tr>\n<tr>\n<td style=\"width: 95.6081%;\">\u00b7\u00a0 \u00a0 \u00a0 UV hydro<\/td>\n<td style=\"width: 15.1754%;\">4<\/td>\n<\/tr>\n<tr>\n<td style=\"width: 95.6081%;\">\u00b7\u00a0 \u00a0 \u00a0 UV solvant<\/td>\n<td style=\"width: 15.1754%;\">4<\/td>\n<\/tr>\n<tr>\n<td style=\"width: 95.6081%;\">\u00b7\u00a0\u00a0\u00a0\u00a0\u00a0 UV 100%<\/td>\n<td style=\"width: 15.1754%;\">4<\/td>\n<\/tr>\n<tr>\n<td style=\"width: 95.6081%;\">\u00b7\u00a0 \u00a0 \u00a0 Polyur\u00e9thanes<\/td>\n<td style=\"width: 15.1754%;\">4<\/td>\n<\/tr>\n<tr>\n<td style=\"width: 95.6081%;\">\u00b7\u00a0 \u00a0 \u00a0 Acryliques<\/td>\n<td style=\"width: 15.1754%;\">4\/5<\/td>\n<\/tr>\n<tr>\n<td style=\"width: 95.6081%;\">\u00b7\u00a0 \u00a0 \u00a0 Polyester<\/td>\n<td style=\"width: 15.1754%;\">4<\/td>\n<\/tr>\n<tr>\n<td style=\"width: 95.6081%;\">\u00b7\u00a0\u00a0\u00a0\u00a0\u00a0 Precatalys\u00e9<\/td>\n<td style=\"width: 15.1754%;\">3\/4<\/td>\n<\/tr>\n<tr>\n<td style=\"width: 95.6081%;\">\u00b7\u00a0\u00a0\u00a0\u00a0\u00a0 BCA<\/td>\n<td style=\"width: 15.1754%;\">4\/5<\/td>\n<\/tr>\n<\/tbody>\n<\/table>\n","protected":false},"featured_media":7713,"comment_status":"closed","ping_status":"closed","template":"","meta":{"_et_pb_use_builder":"","_et_pb_old_content":"","_et_gb_content_width":""},"product_brand":[],"product_cat":[749,277],"product_tag":[],"class_list":{"0":"post-9850","1":"product","2":"type-product","3":"status-publish","4":"has-post-thumbnail","6":"product_cat-resistance-a-l-evolution-de-la-couleur","7":"product_cat-solutions-pour-le-bois","9":"first","10":"instock","11":"shipping-taxable","12":"product-type-simple"},"yoast_head":"<!-- This site is optimized with the Yoast SEO plugin v27.3 - https:\/\/yoast.com\/product\/yoast-seo-wordpress\/ -->\n<title>R\u00e9sistance \u00e0 la lumi\u00e8re - Milesi<\/title>\n<meta name=\"robots\" content=\"index, follow, max-snippet:-1, max-image-preview:large, max-video-preview:-1\" \/>\n<link rel=\"canonical\" href=\"https:\/\/www.milesi.com\/fr\/produit\/solutions-pour-le-bois\/resistance-a-l-evolution-de-la-couleur\/resistance-a-la-lumiere\/\" \/>\n<meta property=\"og:locale\" content=\"fr_FR\" \/>\n<meta property=\"og:type\" content=\"article\" \/>\n<meta property=\"og:title\" content=\"R\u00e9sistance \u00e0 la lumi\u00e8re - Milesi\" \/>\n<meta property=\"og:description\" content=\"Finitions dont la couleur est tr\u00e8s r\u00e9sistante aux effets de l\u2019exposition \u00e0 la lumi\u00e8re.  Test\u00e9s selon UNI EN 15187 (\u00e9valuation des effets de l&#039;exposition \u00e0 la lumi\u00e8re), ils obtiennent la valeur minimale indiqu\u00e9e:    \u00b7\u00a0 \u00a0 \u00a0 \u00c0 l&#039;eau pour int\u00e9rieur 1K 4\/5   \u00b7\u00a0 \u00a0 \u00a0 \u00c0 l&#039;eau pour int\u00e9rieur 2K 4\/5   \u00b7\u00a0 \u00a0 \u00a0 UV hydro 4   \u00b7\u00a0 \u00a0 \u00a0 UV solvant 4   \u00b7\u00a0\u00a0\u00a0\u00a0\u00a0 UV 100% 4   \u00b7\u00a0 \u00a0 \u00a0 Polyur\u00e9thanes 4   \u00b7\u00a0 \u00a0 \u00a0 Acryliques 4\/5   \u00b7\u00a0 \u00a0 \u00a0 Polyester 4   \u00b7\u00a0\u00a0\u00a0\u00a0\u00a0 Precatalys\u00e9 3\/4   \u00b7\u00a0\u00a0\u00a0\u00a0\u00a0 BCA 4\/5\" \/>\n<meta property=\"og:url\" content=\"https:\/\/www.milesi.com\/fr\/produit\/solutions-pour-le-bois\/resistance-a-l-evolution-de-la-couleur\/resistance-a-la-lumiere\/\" \/>\n<meta property=\"og:site_name\" content=\"Milesi\" \/>\n<meta property=\"article:publisher\" content=\"https:\/\/www.facebook.com\/MilesiVernici\" \/>\n<meta property=\"article:modified_time\" content=\"2020-12-16T09:54:47+00:00\" \/>\n<meta property=\"og:image\" content=\"https:\/\/www.milesi.com\/wp-content\/uploads\/2020\/02\/light_resistance_1432277291_1200x1200_bordo.jpg\" \/>\n\t<meta property=\"og:image:width\" content=\"1200\" \/>\n\t<meta property=\"og:image:height\" content=\"1200\" \/>\n\t<meta property=\"og:image:type\" content=\"image\/jpeg\" \/>\n<meta name=\"twitter:card\" content=\"summary_large_image\" \/>\n<script type=\"application\/ld+json\" class=\"yoast-schema-graph\">{\"@context\":\"https:\\\/\\\/schema.org\",\"@graph\":[{\"@type\":\"WebPage\",\"@id\":\"https:\\\/\\\/www.milesi.com\\\/fr\\\/produit\\\/solutions-pour-le-bois\\\/resistance-a-l-evolution-de-la-couleur\\\/resistance-a-la-lumiere\\\/\",\"url\":\"https:\\\/\\\/www.milesi.com\\\/fr\\\/produit\\\/solutions-pour-le-bois\\\/resistance-a-l-evolution-de-la-couleur\\\/resistance-a-la-lumiere\\\/\",\"name\":\"R\u00e9sistance \u00e0 la lumi\u00e8re - Milesi\",\"isPartOf\":{\"@id\":\"https:\\\/\\\/www.milesi.com\\\/fr\\\/#website\"},\"primaryImageOfPage\":{\"@id\":\"https:\\\/\\\/www.milesi.com\\\/fr\\\/produit\\\/solutions-pour-le-bois\\\/resistance-a-l-evolution-de-la-couleur\\\/resistance-a-la-lumiere\\\/#primaryimage\"},\"image\":{\"@id\":\"https:\\\/\\\/www.milesi.com\\\/fr\\\/produit\\\/solutions-pour-le-bois\\\/resistance-a-l-evolution-de-la-couleur\\\/resistance-a-la-lumiere\\\/#primaryimage\"},\"thumbnailUrl\":\"https:\\\/\\\/www.milesi.com\\\/wp-content\\\/uploads\\\/2020\\\/02\\\/light_resistance_1432277291_1200x1200_bordo.jpg\",\"datePublished\":\"2020-02-05T10:38:46+00:00\",\"dateModified\":\"2020-12-16T09:54:47+00:00\",\"breadcrumb\":{\"@id\":\"https:\\\/\\\/www.milesi.com\\\/fr\\\/produit\\\/solutions-pour-le-bois\\\/resistance-a-l-evolution-de-la-couleur\\\/resistance-a-la-lumiere\\\/#breadcrumb\"},\"inLanguage\":\"fr-FR\",\"potentialAction\":[{\"@type\":\"ReadAction\",\"target\":[\"https:\\\/\\\/www.milesi.com\\\/fr\\\/produit\\\/solutions-pour-le-bois\\\/resistance-a-l-evolution-de-la-couleur\\\/resistance-a-la-lumiere\\\/\"]}]},{\"@type\":\"ImageObject\",\"inLanguage\":\"fr-FR\",\"@id\":\"https:\\\/\\\/www.milesi.com\\\/fr\\\/produit\\\/solutions-pour-le-bois\\\/resistance-a-l-evolution-de-la-couleur\\\/resistance-a-la-lumiere\\\/#primaryimage\",\"url\":\"https:\\\/\\\/www.milesi.com\\\/wp-content\\\/uploads\\\/2020\\\/02\\\/light_resistance_1432277291_1200x1200_bordo.jpg\",\"contentUrl\":\"https:\\\/\\\/www.milesi.com\\\/wp-content\\\/uploads\\\/2020\\\/02\\\/light_resistance_1432277291_1200x1200_bordo.jpg\",\"width\":1200,\"height\":1200,\"caption\":\"Serramenti in legno e parquet trattati con vernici che non si alterano alla luce\"},{\"@type\":\"BreadcrumbList\",\"@id\":\"https:\\\/\\\/www.milesi.com\\\/fr\\\/produit\\\/solutions-pour-le-bois\\\/resistance-a-l-evolution-de-la-couleur\\\/resistance-a-la-lumiere\\\/#breadcrumb\",\"itemListElement\":[{\"@type\":\"ListItem\",\"position\":1,\"name\":\"Milesi - Vernis pour bois\",\"item\":\"https:\\\/\\\/www.milesi.com\\\/fr\\\/\"},{\"@type\":\"ListItem\",\"position\":2,\"name\":\"Prodotti\",\"item\":\"https:\\\/\\\/www.milesi.com\\\/prodotti\\\/\"},{\"@type\":\"ListItem\",\"position\":3,\"name\":\"R\u00e9sistance \u00e0 la lumi\u00e8re\"}]},{\"@type\":\"WebSite\",\"@id\":\"https:\\\/\\\/www.milesi.com\\\/fr\\\/#website\",\"url\":\"https:\\\/\\\/www.milesi.com\\\/fr\\\/\",\"name\":\"Milesi Vernici per il legno\",\"description\":\"Vernis pour bois\",\"publisher\":{\"@id\":\"https:\\\/\\\/www.milesi.com\\\/fr\\\/#organization\"},\"alternateName\":\"Milesi\",\"potentialAction\":[{\"@type\":\"SearchAction\",\"target\":{\"@type\":\"EntryPoint\",\"urlTemplate\":\"https:\\\/\\\/www.milesi.com\\\/fr\\\/?s={search_term_string}\"},\"query-input\":{\"@type\":\"PropertyValueSpecification\",\"valueRequired\":true,\"valueName\":\"search_term_string\"}}],\"inLanguage\":\"fr-FR\"},{\"@type\":\"Organization\",\"@id\":\"https:\\\/\\\/www.milesi.com\\\/fr\\\/#organization\",\"name\":\"Milesi Vernici\",\"alternateName\":\"Milesi\",\"url\":\"https:\\\/\\\/www.milesi.com\\\/fr\\\/\",\"logo\":{\"@type\":\"ImageObject\",\"inLanguage\":\"fr-FR\",\"@id\":\"https:\\\/\\\/www.milesi.com\\\/fr\\\/#\\\/schema\\\/logo\\\/image\\\/\",\"url\":\"https:\\\/\\\/www.milesi.com\\\/wp-content\\\/uploads\\\/2022\\\/12\\\/milesi-web.png\",\"contentUrl\":\"https:\\\/\\\/www.milesi.com\\\/wp-content\\\/uploads\\\/2022\\\/12\\\/milesi-web.png\",\"width\":100,\"height\":101,\"caption\":\"Milesi Vernici\"},\"image\":{\"@id\":\"https:\\\/\\\/www.milesi.com\\\/fr\\\/#\\\/schema\\\/logo\\\/image\\\/\"},\"sameAs\":[\"https:\\\/\\\/www.facebook.com\\\/MilesiVernici\",\"https:\\\/\\\/www.youtube.com\\\/channel\\\/UCgULN6yzPgE9usmMi3CP5hQ\",\"https:\\\/\\\/www.instagram.com\\\/milesiverniciperlegno\\\/\",\"https:\\\/\\\/vimeo.com\\\/user117001108\",\"https:\\\/\\\/www.linkedin.com\\\/company\\\/milesiwoodcoatings\\\/\"]}]}<\/script>\n<!-- \/ Yoast SEO plugin. -->","yoast_head_json":{"title":"R\u00e9sistance \u00e0 la lumi\u00e8re - Milesi","robots":{"index":"index","follow":"follow","max-snippet":"max-snippet:-1","max-image-preview":"max-image-preview:large","max-video-preview":"max-video-preview:-1"},"canonical":"https:\/\/www.milesi.com\/fr\/produit\/solutions-pour-le-bois\/resistance-a-l-evolution-de-la-couleur\/resistance-a-la-lumiere\/","og_locale":"fr_FR","og_type":"article","og_title":"R\u00e9sistance \u00e0 la lumi\u00e8re - Milesi","og_description":"Finitions dont la couleur est tr\u00e8s r\u00e9sistante aux effets de l\u2019exposition \u00e0 la lumi\u00e8re.  Test\u00e9s selon UNI EN 15187 (\u00e9valuation des effets de l'exposition \u00e0 la lumi\u00e8re), ils obtiennent la valeur minimale indiqu\u00e9e:    \u00b7\u00a0 \u00a0 \u00a0 \u00c0 l'eau pour int\u00e9rieur 1K 4\/5   \u00b7\u00a0 \u00a0 \u00a0 \u00c0 l'eau pour int\u00e9rieur 2K 4\/5   \u00b7\u00a0 \u00a0 \u00a0 UV hydro 4   \u00b7\u00a0 \u00a0 \u00a0 UV solvant 4   \u00b7\u00a0\u00a0\u00a0\u00a0\u00a0 UV 100% 4   \u00b7\u00a0 \u00a0 \u00a0 Polyur\u00e9thanes 4   \u00b7\u00a0 \u00a0 \u00a0 Acryliques 4\/5   \u00b7\u00a0 \u00a0 \u00a0 Polyester 4   \u00b7\u00a0\u00a0\u00a0\u00a0\u00a0 Precatalys\u00e9 3\/4   \u00b7\u00a0\u00a0\u00a0\u00a0\u00a0 BCA 4\/5","og_url":"https:\/\/www.milesi.com\/fr\/produit\/solutions-pour-le-bois\/resistance-a-l-evolution-de-la-couleur\/resistance-a-la-lumiere\/","og_site_name":"Milesi","article_publisher":"https:\/\/www.facebook.com\/MilesiVernici","article_modified_time":"2020-12-16T09:54:47+00:00","og_image":[{"width":1200,"height":1200,"url":"https:\/\/www.milesi.com\/wp-content\/uploads\/2020\/02\/light_resistance_1432277291_1200x1200_bordo.jpg","type":"image\/jpeg"}],"twitter_card":"summary_large_image","schema":{"@context":"https:\/\/schema.org","@graph":[{"@type":"WebPage","@id":"https:\/\/www.milesi.com\/fr\/produit\/solutions-pour-le-bois\/resistance-a-l-evolution-de-la-couleur\/resistance-a-la-lumiere\/","url":"https:\/\/www.milesi.com\/fr\/produit\/solutions-pour-le-bois\/resistance-a-l-evolution-de-la-couleur\/resistance-a-la-lumiere\/","name":"R\u00e9sistance \u00e0 la lumi\u00e8re - Milesi","isPartOf":{"@id":"https:\/\/www.milesi.com\/fr\/#website"},"primaryImageOfPage":{"@id":"https:\/\/www.milesi.com\/fr\/produit\/solutions-pour-le-bois\/resistance-a-l-evolution-de-la-couleur\/resistance-a-la-lumiere\/#primaryimage"},"image":{"@id":"https:\/\/www.milesi.com\/fr\/produit\/solutions-pour-le-bois\/resistance-a-l-evolution-de-la-couleur\/resistance-a-la-lumiere\/#primaryimage"},"thumbnailUrl":"https:\/\/www.milesi.com\/wp-content\/uploads\/2020\/02\/light_resistance_1432277291_1200x1200_bordo.jpg","datePublished":"2020-02-05T10:38:46+00:00","dateModified":"2020-12-16T09:54:47+00:00","breadcrumb":{"@id":"https:\/\/www.milesi.com\/fr\/produit\/solutions-pour-le-bois\/resistance-a-l-evolution-de-la-couleur\/resistance-a-la-lumiere\/#breadcrumb"},"inLanguage":"fr-FR","potentialAction":[{"@type":"ReadAction","target":["https:\/\/www.milesi.com\/fr\/produit\/solutions-pour-le-bois\/resistance-a-l-evolution-de-la-couleur\/resistance-a-la-lumiere\/"]}]},{"@type":"ImageObject","inLanguage":"fr-FR","@id":"https:\/\/www.milesi.com\/fr\/produit\/solutions-pour-le-bois\/resistance-a-l-evolution-de-la-couleur\/resistance-a-la-lumiere\/#primaryimage","url":"https:\/\/www.milesi.com\/wp-content\/uploads\/2020\/02\/light_resistance_1432277291_1200x1200_bordo.jpg","contentUrl":"https:\/\/www.milesi.com\/wp-content\/uploads\/2020\/02\/light_resistance_1432277291_1200x1200_bordo.jpg","width":1200,"height":1200,"caption":"Serramenti in legno e parquet trattati con vernici che non si alterano alla luce"},{"@type":"BreadcrumbList","@id":"https:\/\/www.milesi.com\/fr\/produit\/solutions-pour-le-bois\/resistance-a-l-evolution-de-la-couleur\/resistance-a-la-lumiere\/#breadcrumb","itemListElement":[{"@type":"ListItem","position":1,"name":"Milesi - Vernis pour bois","item":"https:\/\/www.milesi.com\/fr\/"},{"@type":"ListItem","position":2,"name":"Prodotti","item":"https:\/\/www.milesi.com\/prodotti\/"},{"@type":"ListItem","position":3,"name":"R\u00e9sistance \u00e0 la lumi\u00e8re"}]},{"@type":"WebSite","@id":"https:\/\/www.milesi.com\/fr\/#website","url":"https:\/\/www.milesi.com\/fr\/","name":"Milesi Vernici per il legno","description":"Vernis pour bois","publisher":{"@id":"https:\/\/www.milesi.com\/fr\/#organization"},"alternateName":"Milesi","potentialAction":[{"@type":"SearchAction","target":{"@type":"EntryPoint","urlTemplate":"https:\/\/www.milesi.com\/fr\/?s={search_term_string}"},"query-input":{"@type":"PropertyValueSpecification","valueRequired":true,"valueName":"search_term_string"}}],"inLanguage":"fr-FR"},{"@type":"Organization","@id":"https:\/\/www.milesi.com\/fr\/#organization","name":"Milesi Vernici","alternateName":"Milesi","url":"https:\/\/www.milesi.com\/fr\/","logo":{"@type":"ImageObject","inLanguage":"fr-FR","@id":"https:\/\/www.milesi.com\/fr\/#\/schema\/logo\/image\/","url":"https:\/\/www.milesi.com\/wp-content\/uploads\/2022\/12\/milesi-web.png","contentUrl":"https:\/\/www.milesi.com\/wp-content\/uploads\/2022\/12\/milesi-web.png","width":100,"height":101,"caption":"Milesi Vernici"},"image":{"@id":"https:\/\/www.milesi.com\/fr\/#\/schema\/logo\/image\/"},"sameAs":["https:\/\/www.facebook.com\/MilesiVernici","https:\/\/www.youtube.com\/channel\/UCgULN6yzPgE9usmMi3CP5hQ","https:\/\/www.instagram.com\/milesiverniciperlegno\/","https:\/\/vimeo.com\/user117001108","https:\/\/www.linkedin.com\/company\/milesiwoodcoatings\/"]}]}},"_links":{"self":[{"href":"https:\/\/www.milesi.com\/fr\/wp-json\/wp\/v2\/product\/9850","targetHints":{"allow":["GET"]}}],"collection":[{"href":"https:\/\/www.milesi.com\/fr\/wp-json\/wp\/v2\/product"}],"about":[{"href":"https:\/\/www.milesi.com\/fr\/wp-json\/wp\/v2\/types\/product"}],"replies":[{"embeddable":true,"href":"https:\/\/www.milesi.com\/fr\/wp-json\/wp\/v2\/comments?post=9850"}],"wp:featuredmedia":[{"embeddable":true,"href":"https:\/\/www.milesi.com\/fr\/wp-json\/wp\/v2\/media\/7713"}],"wp:attachment":[{"href":"https:\/\/www.milesi.com\/fr\/wp-json\/wp\/v2\/media?parent=9850"}],"wp:term":[{"taxonomy":"product_brand","embeddable":true,"href":"https:\/\/www.milesi.com\/fr\/wp-json\/wp\/v2\/product_brand?post=9850"},{"taxonomy":"product_cat","embeddable":true,"href":"https:\/\/www.milesi.com\/fr\/wp-json\/wp\/v2\/product_cat?post=9850"},{"taxonomy":"product_tag","embeddable":true,"href":"https:\/\/www.milesi.com\/fr\/wp-json\/wp\/v2\/product_tag?post=9850"}],"curies":[{"name":"wp","href":"https:\/\/api.w.org\/{rel}","templated":true}]}}