{"id":9864,"date":"2020-07-30T10:22:46","date_gmt":"2020-07-30T08:22:46","guid":{"rendered":"http:\/\/www.milesi.com\/shop\/non%20class\u00e9\/vert\/"},"modified":"2020-12-18T13:50:20","modified_gmt":"2020-12-18T12:50:20","slug":"green","status":"publish","type":"product","link":"https:\/\/www.milesi.com\/fr\/produit\/solutions-pour-le-bois\/vert\/green\/","title":{"rendered":"Green"},"content":{"rendered":"","protected":false},"excerpt":{"rendered":"<p style=\"text-align: left;\">Produits d\u2019avant-garde sur le plan technologique, \u00e9tudi\u00e9s pour garantir une durabilit\u00e9 maximale:<\/p>\n<p style=\"text-align: left;\"><strong>&#8211; Renouvelables<\/strong>: Produits \u00e0 l\u2019eau qui int\u00e8grent au moins 70% de mati\u00e8res premi\u00e8res issues de sources renouvelables, contenant elles-m\u00eames au moins 90% de mati\u00e8res biosourc\u00e9es, ou en solvant qui int\u00e8grent au moins 30% de mati\u00e8res premi\u00e8res issues de sources renouvelables, contenant elles-m\u00eames au moins 90% de mati\u00e8res premi\u00e8res biosourc\u00e9es.<\/p>\n<p style=\"text-align: left;\"><strong>&#8211; <\/strong><strong>Teneur r\u00e9duite en monom\u00e8res et photoinitiateurs libres<\/strong><\/p>\n<p style=\"text-align: left;\"><strong>&#8211; <\/strong><strong>Conformit\u00e9 \u00e0 la norme IOS MAT<\/strong>: Vernis conformes aux directives pr\u00e9vues dans la sp\u00e9cification IOS-MAT-0066 chez IKEA.<\/p>\n<p style=\"text-align: left;\"><strong>&#8211; <\/strong><strong>Produits \u00e0 haut extrait sec et \u00e0 tr\u00e8s haut extrait sec<\/strong>: Vernis pr\u00eats \u00e0 l\u2019emploi ayant une teneur en r\u00e9sidu sec sup\u00e9rieure \u00e0 60% (haut extrait sec) et 90% (tr\u00e8s haut extrait sec).<\/p>\n<p style=\"text-align: left;\"><strong>&#8211; <\/strong><strong>Conforme \u00e0 la norme EN71\/3<\/strong>: Vernis conformes \u00e0 la norme EN71\/3 relative \u00e0 la meneur en m\u00e9taux lourds.<\/p>\n<p style=\"text-align: left;\"><strong>&#8211; <\/strong><strong>Sans COV<\/strong>: Produits \u00e0 base de solvant exempts de compos\u00e9s organiques volatils (VOC), donc avec un extrait sec de 100%.<\/p>\n<p style=\"text-align: left;\"><strong>&#8211; <\/strong><strong>Protection de la couche d\u2019ozone<\/strong>: Vernis formul\u00e9s avec des substances ayant un impact minimum sur l\u2019ozone.<\/p>\n<p style=\"text-align: left;\"><strong>&#8211; Sans aromatique<\/strong>: Vernis exempts de solvants aromatiques.<\/p>\n<p class=\"product_title entry-title\" style=\"text-align: left;\"><strong>&#8211; Sans formald\u00e9hyde<\/strong>: Vernis exempts de formald\u00e9hyde.<\/p>\n<p class=\"product_title entry-title\" style=\"text-align: left;\"><strong>&#8211; <\/strong><strong>Sans styr\u00e8ne<\/strong>: Produits exempts de styr\u00e8ne.<\/p>\n","protected":false},"featured_media":11171,"comment_status":"open","ping_status":"closed","template":"","meta":{"_et_pb_use_builder":"","_et_pb_old_content":"","_et_gb_content_width":""},"product_brand":[],"product_cat":[277,757],"product_tag":[],"class_list":{"0":"post-9864","1":"product","2":"type-product","3":"status-publish","4":"has-post-thumbnail","6":"product_cat-solutions-pour-le-bois","7":"product_cat-vert","9":"first","10":"instock","11":"shipping-taxable","12":"product-type-simple"},"yoast_head":"<!-- This site is optimized with the Yoast SEO plugin v27.3 - https:\/\/yoast.com\/product\/yoast-seo-wordpress\/ -->\n<title>Green - Milesi<\/title>\n<meta name=\"description\" content=\"Produits d\u2019avant-garde sur le plan technologique: Renouvelables, Teneur r\u00e9duite en monom\u00e8res et photoinitiateurs libres, IOS MAT, EN71\/3...\" \/>\n<meta name=\"robots\" content=\"index, follow, max-snippet:-1, max-image-preview:large, max-video-preview:-1\" \/>\n<link rel=\"canonical\" href=\"https:\/\/www.milesi.com\/fr\/produit\/solutions-pour-le-bois\/vert\/green\/\" \/>\n<meta property=\"og:locale\" content=\"fr_FR\" \/>\n<meta property=\"og:type\" content=\"article\" \/>\n<meta property=\"og:title\" content=\"Green - Milesi\" \/>\n<meta property=\"og:description\" content=\"Produits d\u2019avant-garde sur le plan technologique: Renouvelables, Teneur r\u00e9duite en monom\u00e8res et photoinitiateurs libres, IOS MAT, EN71\/3...\" \/>\n<meta property=\"og:url\" content=\"https:\/\/www.milesi.com\/fr\/produit\/solutions-pour-le-bois\/vert\/green\/\" \/>\n<meta property=\"og:site_name\" content=\"Milesi\" \/>\n<meta property=\"article:publisher\" content=\"https:\/\/www.facebook.com\/MilesiVernici\" \/>\n<meta property=\"article:modified_time\" content=\"2020-12-18T12:50:20+00:00\" \/>\n<meta property=\"og:image\" content=\"https:\/\/www.milesi.com\/wp-content\/uploads\/2020\/12\/green.jpg\" \/>\n\t<meta property=\"og:image:width\" content=\"600\" \/>\n\t<meta property=\"og:image:height\" content=\"600\" \/>\n\t<meta property=\"og:image:type\" content=\"image\/jpeg\" \/>\n<meta name=\"twitter:card\" content=\"summary_large_image\" \/>\n<script type=\"application\/ld+json\" class=\"yoast-schema-graph\">{\"@context\":\"https:\\\/\\\/schema.org\",\"@graph\":[{\"@type\":\"WebPage\",\"@id\":\"https:\\\/\\\/www.milesi.com\\\/fr\\\/produit\\\/solutions-pour-le-bois\\\/vert\\\/green\\\/\",\"url\":\"https:\\\/\\\/www.milesi.com\\\/fr\\\/produit\\\/solutions-pour-le-bois\\\/vert\\\/green\\\/\",\"name\":\"Green - Milesi\",\"isPartOf\":{\"@id\":\"https:\\\/\\\/www.milesi.com\\\/fr\\\/#website\"},\"primaryImageOfPage\":{\"@id\":\"https:\\\/\\\/www.milesi.com\\\/fr\\\/produit\\\/solutions-pour-le-bois\\\/vert\\\/green\\\/#primaryimage\"},\"image\":{\"@id\":\"https:\\\/\\\/www.milesi.com\\\/fr\\\/produit\\\/solutions-pour-le-bois\\\/vert\\\/green\\\/#primaryimage\"},\"thumbnailUrl\":\"https:\\\/\\\/www.milesi.com\\\/wp-content\\\/uploads\\\/2020\\\/12\\\/green.jpg\",\"datePublished\":\"2020-07-30T08:22:46+00:00\",\"dateModified\":\"2020-12-18T12:50:20+00:00\",\"description\":\"Produits d\u2019avant-garde sur le plan technologique: Renouvelables, Teneur r\u00e9duite en monom\u00e8res et photoinitiateurs libres, IOS MAT, EN71\\\/3...\",\"breadcrumb\":{\"@id\":\"https:\\\/\\\/www.milesi.com\\\/fr\\\/produit\\\/solutions-pour-le-bois\\\/vert\\\/green\\\/#breadcrumb\"},\"inLanguage\":\"fr-FR\",\"potentialAction\":[{\"@type\":\"ReadAction\",\"target\":[\"https:\\\/\\\/www.milesi.com\\\/fr\\\/produit\\\/solutions-pour-le-bois\\\/vert\\\/green\\\/\"]}]},{\"@type\":\"ImageObject\",\"inLanguage\":\"fr-FR\",\"@id\":\"https:\\\/\\\/www.milesi.com\\\/fr\\\/produit\\\/solutions-pour-le-bois\\\/vert\\\/green\\\/#primaryimage\",\"url\":\"https:\\\/\\\/www.milesi.com\\\/wp-content\\\/uploads\\\/2020\\\/12\\\/green.jpg\",\"contentUrl\":\"https:\\\/\\\/www.milesi.com\\\/wp-content\\\/uploads\\\/2020\\\/12\\\/green.jpg\",\"width\":600,\"height\":600,\"caption\":\"Vernici per legno ecosostenibili\"},{\"@type\":\"BreadcrumbList\",\"@id\":\"https:\\\/\\\/www.milesi.com\\\/fr\\\/produit\\\/solutions-pour-le-bois\\\/vert\\\/green\\\/#breadcrumb\",\"itemListElement\":[{\"@type\":\"ListItem\",\"position\":1,\"name\":\"Milesi - Vernis pour bois\",\"item\":\"https:\\\/\\\/www.milesi.com\\\/fr\\\/\"},{\"@type\":\"ListItem\",\"position\":2,\"name\":\"Prodotti\",\"item\":\"https:\\\/\\\/www.milesi.com\\\/prodotti\\\/\"},{\"@type\":\"ListItem\",\"position\":3,\"name\":\"Green\"}]},{\"@type\":\"WebSite\",\"@id\":\"https:\\\/\\\/www.milesi.com\\\/fr\\\/#website\",\"url\":\"https:\\\/\\\/www.milesi.com\\\/fr\\\/\",\"name\":\"Milesi Vernici per il legno\",\"description\":\"Vernis pour bois\",\"publisher\":{\"@id\":\"https:\\\/\\\/www.milesi.com\\\/fr\\\/#organization\"},\"alternateName\":\"Milesi\",\"potentialAction\":[{\"@type\":\"SearchAction\",\"target\":{\"@type\":\"EntryPoint\",\"urlTemplate\":\"https:\\\/\\\/www.milesi.com\\\/fr\\\/?s={search_term_string}\"},\"query-input\":{\"@type\":\"PropertyValueSpecification\",\"valueRequired\":true,\"valueName\":\"search_term_string\"}}],\"inLanguage\":\"fr-FR\"},{\"@type\":\"Organization\",\"@id\":\"https:\\\/\\\/www.milesi.com\\\/fr\\\/#organization\",\"name\":\"Milesi Vernici\",\"alternateName\":\"Milesi\",\"url\":\"https:\\\/\\\/www.milesi.com\\\/fr\\\/\",\"logo\":{\"@type\":\"ImageObject\",\"inLanguage\":\"fr-FR\",\"@id\":\"https:\\\/\\\/www.milesi.com\\\/fr\\\/#\\\/schema\\\/logo\\\/image\\\/\",\"url\":\"https:\\\/\\\/www.milesi.com\\\/wp-content\\\/uploads\\\/2022\\\/12\\\/milesi-web.png\",\"contentUrl\":\"https:\\\/\\\/www.milesi.com\\\/wp-content\\\/uploads\\\/2022\\\/12\\\/milesi-web.png\",\"width\":100,\"height\":101,\"caption\":\"Milesi Vernici\"},\"image\":{\"@id\":\"https:\\\/\\\/www.milesi.com\\\/fr\\\/#\\\/schema\\\/logo\\\/image\\\/\"},\"sameAs\":[\"https:\\\/\\\/www.facebook.com\\\/MilesiVernici\",\"https:\\\/\\\/www.youtube.com\\\/channel\\\/UCgULN6yzPgE9usmMi3CP5hQ\",\"https:\\\/\\\/www.instagram.com\\\/milesiverniciperlegno\\\/\",\"https:\\\/\\\/vimeo.com\\\/user117001108\",\"https:\\\/\\\/www.linkedin.com\\\/company\\\/milesiwoodcoatings\\\/\"]}]}<\/script>\n<!-- \/ Yoast SEO plugin. -->","yoast_head_json":{"title":"Green - Milesi","description":"Produits d\u2019avant-garde sur le plan technologique: Renouvelables, Teneur r\u00e9duite en monom\u00e8res et photoinitiateurs libres, IOS MAT, EN71\/3...","robots":{"index":"index","follow":"follow","max-snippet":"max-snippet:-1","max-image-preview":"max-image-preview:large","max-video-preview":"max-video-preview:-1"},"canonical":"https:\/\/www.milesi.com\/fr\/produit\/solutions-pour-le-bois\/vert\/green\/","og_locale":"fr_FR","og_type":"article","og_title":"Green - Milesi","og_description":"Produits d\u2019avant-garde sur le plan technologique: Renouvelables, Teneur r\u00e9duite en monom\u00e8res et photoinitiateurs libres, IOS MAT, EN71\/3...","og_url":"https:\/\/www.milesi.com\/fr\/produit\/solutions-pour-le-bois\/vert\/green\/","og_site_name":"Milesi","article_publisher":"https:\/\/www.facebook.com\/MilesiVernici","article_modified_time":"2020-12-18T12:50:20+00:00","og_image":[{"width":600,"height":600,"url":"https:\/\/www.milesi.com\/wp-content\/uploads\/2020\/12\/green.jpg","type":"image\/jpeg"}],"twitter_card":"summary_large_image","schema":{"@context":"https:\/\/schema.org","@graph":[{"@type":"WebPage","@id":"https:\/\/www.milesi.com\/fr\/produit\/solutions-pour-le-bois\/vert\/green\/","url":"https:\/\/www.milesi.com\/fr\/produit\/solutions-pour-le-bois\/vert\/green\/","name":"Green - Milesi","isPartOf":{"@id":"https:\/\/www.milesi.com\/fr\/#website"},"primaryImageOfPage":{"@id":"https:\/\/www.milesi.com\/fr\/produit\/solutions-pour-le-bois\/vert\/green\/#primaryimage"},"image":{"@id":"https:\/\/www.milesi.com\/fr\/produit\/solutions-pour-le-bois\/vert\/green\/#primaryimage"},"thumbnailUrl":"https:\/\/www.milesi.com\/wp-content\/uploads\/2020\/12\/green.jpg","datePublished":"2020-07-30T08:22:46+00:00","dateModified":"2020-12-18T12:50:20+00:00","description":"Produits d\u2019avant-garde sur le plan technologique: Renouvelables, Teneur r\u00e9duite en monom\u00e8res et photoinitiateurs libres, IOS MAT, EN71\/3...","breadcrumb":{"@id":"https:\/\/www.milesi.com\/fr\/produit\/solutions-pour-le-bois\/vert\/green\/#breadcrumb"},"inLanguage":"fr-FR","potentialAction":[{"@type":"ReadAction","target":["https:\/\/www.milesi.com\/fr\/produit\/solutions-pour-le-bois\/vert\/green\/"]}]},{"@type":"ImageObject","inLanguage":"fr-FR","@id":"https:\/\/www.milesi.com\/fr\/produit\/solutions-pour-le-bois\/vert\/green\/#primaryimage","url":"https:\/\/www.milesi.com\/wp-content\/uploads\/2020\/12\/green.jpg","contentUrl":"https:\/\/www.milesi.com\/wp-content\/uploads\/2020\/12\/green.jpg","width":600,"height":600,"caption":"Vernici per legno ecosostenibili"},{"@type":"BreadcrumbList","@id":"https:\/\/www.milesi.com\/fr\/produit\/solutions-pour-le-bois\/vert\/green\/#breadcrumb","itemListElement":[{"@type":"ListItem","position":1,"name":"Milesi - Vernis pour bois","item":"https:\/\/www.milesi.com\/fr\/"},{"@type":"ListItem","position":2,"name":"Prodotti","item":"https:\/\/www.milesi.com\/prodotti\/"},{"@type":"ListItem","position":3,"name":"Green"}]},{"@type":"WebSite","@id":"https:\/\/www.milesi.com\/fr\/#website","url":"https:\/\/www.milesi.com\/fr\/","name":"Milesi Vernici per il legno","description":"Vernis pour bois","publisher":{"@id":"https:\/\/www.milesi.com\/fr\/#organization"},"alternateName":"Milesi","potentialAction":[{"@type":"SearchAction","target":{"@type":"EntryPoint","urlTemplate":"https:\/\/www.milesi.com\/fr\/?s={search_term_string}"},"query-input":{"@type":"PropertyValueSpecification","valueRequired":true,"valueName":"search_term_string"}}],"inLanguage":"fr-FR"},{"@type":"Organization","@id":"https:\/\/www.milesi.com\/fr\/#organization","name":"Milesi Vernici","alternateName":"Milesi","url":"https:\/\/www.milesi.com\/fr\/","logo":{"@type":"ImageObject","inLanguage":"fr-FR","@id":"https:\/\/www.milesi.com\/fr\/#\/schema\/logo\/image\/","url":"https:\/\/www.milesi.com\/wp-content\/uploads\/2022\/12\/milesi-web.png","contentUrl":"https:\/\/www.milesi.com\/wp-content\/uploads\/2022\/12\/milesi-web.png","width":100,"height":101,"caption":"Milesi Vernici"},"image":{"@id":"https:\/\/www.milesi.com\/fr\/#\/schema\/logo\/image\/"},"sameAs":["https:\/\/www.facebook.com\/MilesiVernici","https:\/\/www.youtube.com\/channel\/UCgULN6yzPgE9usmMi3CP5hQ","https:\/\/www.instagram.com\/milesiverniciperlegno\/","https:\/\/vimeo.com\/user117001108","https:\/\/www.linkedin.com\/company\/milesiwoodcoatings\/"]}]}},"_links":{"self":[{"href":"https:\/\/www.milesi.com\/fr\/wp-json\/wp\/v2\/product\/9864","targetHints":{"allow":["GET"]}}],"collection":[{"href":"https:\/\/www.milesi.com\/fr\/wp-json\/wp\/v2\/product"}],"about":[{"href":"https:\/\/www.milesi.com\/fr\/wp-json\/wp\/v2\/types\/product"}],"replies":[{"embeddable":true,"href":"https:\/\/www.milesi.com\/fr\/wp-json\/wp\/v2\/comments?post=9864"}],"wp:featuredmedia":[{"embeddable":true,"href":"https:\/\/www.milesi.com\/fr\/wp-json\/wp\/v2\/media\/11171"}],"wp:attachment":[{"href":"https:\/\/www.milesi.com\/fr\/wp-json\/wp\/v2\/media?parent=9864"}],"wp:term":[{"taxonomy":"product_brand","embeddable":true,"href":"https:\/\/www.milesi.com\/fr\/wp-json\/wp\/v2\/product_brand?post=9864"},{"taxonomy":"product_cat","embeddable":true,"href":"https:\/\/www.milesi.com\/fr\/wp-json\/wp\/v2\/product_cat?post=9864"},{"taxonomy":"product_tag","embeddable":true,"href":"https:\/\/www.milesi.com\/fr\/wp-json\/wp\/v2\/product_tag?post=9864"}],"curies":[{"name":"wp","href":"https:\/\/api.w.org\/{rel}","templated":true}]}}