{"id":9871,"date":"2019-11-11T15:26:05","date_gmt":"2019-11-11T14:26:05","guid":{"rendered":"http:\/\/www.milesi.com\/shop\/non%20class\u00e9\/produits-conformes-a-la-norme-uni-en-13501-1-europe\/"},"modified":"2023-11-21T11:37:58","modified_gmt":"2023-11-21T10:37:58","slug":"produits-conformes-a-la-norme-uni-en-13501-1-europe","status":"publish","type":"product","link":"https:\/\/www.milesi.com\/fr\/produit\/solutions-pour-le-bois\/resistance-au-feu\/produits-conformes-a-la-norme-uni-en-13501-1-europe\/","title":{"rendered":"Produits conformes \u00e0 la norme UNI EN 13501-1 Europe"},"content":{"rendered":"","protected":false},"excerpt":{"rendered":"<p>Vernis \u00e0 l\u2019eau et en solvant, aux propri\u00e9t\u00e9s ignifuges destin\u00e9es \u00e0 des cycles de peinture conformes \u00e0 la norme europ\u00e9enne UNI EN 13501-1 de classement au feu des produits et \u00e9l\u00e9ments de construction.\u00a0 Ils ralentissent la vitesse de propagation de la flamme, r\u00e9duisent l\u2019\u00e9mission de fum\u00e9es et facilitent l\u2019extinction du feu. Les cycles ignifuges contr\u00f4l\u00e9s selon cette norme ont obtenu des valeurs excellentes.<\/p>\n<p><strong>Download:<\/strong><br \/>\n<a href=\"https:\/\/www.milesi.com\/wp-content\/uploads\/2023\/09\/CERT-HSA646x-SerieGloss_FR_UNI-EN-13501-1-Walls-Ceilings.pdf\" target=\"_blank\" rel=\"noopener\">CERT-HSA646x-SerieGloss_Walls-Ceilings<\/a><br \/>\n<a href=\"https:\/\/www.milesi.com\/wp-content\/uploads\/2023\/09\/CERT-HSA6464_FR_UNI-EN-13501-1-Flooring.pdf\" target=\"_blank\" rel=\"noopener\">CERT-HSA6464_Flooring<\/a><br \/>\n<a href=\"https:\/\/www.milesi.com\/wp-content\/uploads\/2023\/09\/CERT-HSA6464_FR_UNI-EN-13501-1-Walls-Ceilings.pdf\" target=\"_blank\" rel=\"noopener\">CERT-HSA6464_Walls-Ceilings<\/a><br \/>\n<a href=\"https:\/\/www.milesi.com\/wp-content\/uploads\/2023\/09\/CERT-LUA43x-SerieGloss_FR_UNI-EN-13501-1-Walls-Ceilings.pdf\" target=\"_blank\" rel=\"noopener\">CERT-LUA43x-SerieGloss_Walls-Ceilings<\/a><br \/>\n<a href=\"https:\/\/www.milesi.com\/wp-content\/uploads\/2023\/11\/CLASIFICACION-FBA1_FGA1x-Serie-Gloss-FR.01.pdf\" target=\"_blank\" rel=\"noopener\">CLASIFICACION-FBA1_FGA1x-Serie-Gloss<\/a><br \/>\n<a href=\"https:\/\/www.milesi.com\/wp-content\/uploads\/2023\/11\/EXTENSION-GAMA-FBA1_FGA1x-Serie-Gloss-.FR_.01.pdf\" target=\"_blank\" rel=\"noopener\">XTENSION-GAMA-FBA1_FGA1x-Serie-Gloss<\/a><\/p>\n","protected":false},"featured_media":9408,"comment_status":"open","ping_status":"closed","template":"","meta":{"_et_pb_use_builder":"","_et_pb_old_content":"","_et_gb_content_width":""},"product_brand":[],"product_cat":[759,277],"product_tag":[281,647,360,280,467,646,279,282],"class_list":{"0":"post-9871","1":"product","2":"type-product","3":"status-publish","4":"has-post-thumbnail","6":"product_cat-resistance-au-feu","7":"product_cat-solutions-pour-le-bois","8":"product_tag-bois","9":"product_tag-ignifuges","10":"product_tag-laque","11":"product_tag-panneau","12":"product_tag-rouge","13":"product_tag-uni-en-13501-fr","14":"product_tag-vernis","15":"product_tag-vert","17":"first","18":"instock","19":"shipping-taxable","20":"product-type-simple"},"yoast_head":"<!-- This site is optimized with the Yoast SEO plugin v27.3 - https:\/\/yoast.com\/product\/yoast-seo-wordpress\/ -->\n<title>Produits conformes \u00e0 la norme UNI EN 13501-1 Europe - Milesi<\/title>\n<meta name=\"robots\" content=\"index, follow, max-snippet:-1, max-image-preview:large, max-video-preview:-1\" \/>\n<link rel=\"canonical\" href=\"https:\/\/www.milesi.com\/fr\/produit\/solutions-pour-le-bois\/resistance-au-feu\/produits-conformes-a-la-norme-uni-en-13501-1-europe\/\" \/>\n<meta property=\"og:locale\" content=\"fr_FR\" \/>\n<meta property=\"og:type\" content=\"article\" \/>\n<meta property=\"og:title\" content=\"Produits conformes \u00e0 la norme UNI EN 13501-1 Europe - Milesi\" \/>\n<meta property=\"og:description\" content=\"Vernis \u00e0 l\u2019eau et en solvant, aux propri\u00e9t\u00e9s ignifuges destin\u00e9es \u00e0 des cycles de peinture conformes \u00e0 la norme europ\u00e9enne UNI EN 13501-1 de classement au feu des produits et \u00e9l\u00e9ments de construction.\u00a0 Ils ralentissent la vitesse de propagation de la flamme, r\u00e9duisent l\u2019\u00e9mission de fum\u00e9es et facilitent l\u2019extinction du feu. Les cycles ignifuges contr\u00f4l\u00e9s selon cette norme ont obtenu des valeurs excellentes.  Download: CERT-HSA646x-SerieGloss_Walls-Ceilings CERT-HSA6464_Flooring CERT-HSA6464_Walls-Ceilings CERT-LUA43x-SerieGloss_Walls-Ceilings CLASIFICACION-FBA1_FGA1x-Serie-Gloss XTENSION-GAMA-FBA1_FGA1x-Serie-Gloss\" \/>\n<meta property=\"og:url\" content=\"https:\/\/www.milesi.com\/fr\/produit\/solutions-pour-le-bois\/resistance-au-feu\/produits-conformes-a-la-norme-uni-en-13501-1-europe\/\" \/>\n<meta property=\"og:site_name\" content=\"Milesi\" \/>\n<meta property=\"article:publisher\" content=\"https:\/\/www.facebook.com\/MilesiVernici\" \/>\n<meta property=\"article:modified_time\" content=\"2023-11-21T10:37:58+00:00\" \/>\n<meta property=\"og:image\" content=\"https:\/\/www.milesi.com\/wp-content\/uploads\/2019\/11\/finsa-1.jpg\" \/>\n\t<meta property=\"og:image:width\" content=\"1200\" \/>\n\t<meta property=\"og:image:height\" content=\"1200\" \/>\n\t<meta property=\"og:image:type\" content=\"image\/jpeg\" \/>\n<meta name=\"twitter:card\" content=\"summary_large_image\" \/>\n<script type=\"application\/ld+json\" class=\"yoast-schema-graph\">{\"@context\":\"https:\\\/\\\/schema.org\",\"@graph\":[{\"@type\":\"WebPage\",\"@id\":\"https:\\\/\\\/www.milesi.com\\\/fr\\\/produit\\\/solutions-pour-le-bois\\\/resistance-au-feu\\\/produits-conformes-a-la-norme-uni-en-13501-1-europe\\\/\",\"url\":\"https:\\\/\\\/www.milesi.com\\\/fr\\\/produit\\\/solutions-pour-le-bois\\\/resistance-au-feu\\\/produits-conformes-a-la-norme-uni-en-13501-1-europe\\\/\",\"name\":\"Produits conformes \u00e0 la norme UNI EN 13501-1 Europe - Milesi\",\"isPartOf\":{\"@id\":\"https:\\\/\\\/www.milesi.com\\\/fr\\\/#website\"},\"primaryImageOfPage\":{\"@id\":\"https:\\\/\\\/www.milesi.com\\\/fr\\\/produit\\\/solutions-pour-le-bois\\\/resistance-au-feu\\\/produits-conformes-a-la-norme-uni-en-13501-1-europe\\\/#primaryimage\"},\"image\":{\"@id\":\"https:\\\/\\\/www.milesi.com\\\/fr\\\/produit\\\/solutions-pour-le-bois\\\/resistance-au-feu\\\/produits-conformes-a-la-norme-uni-en-13501-1-europe\\\/#primaryimage\"},\"thumbnailUrl\":\"https:\\\/\\\/www.milesi.com\\\/wp-content\\\/uploads\\\/2019\\\/11\\\/finsa-1.jpg\",\"datePublished\":\"2019-11-11T14:26:05+00:00\",\"dateModified\":\"2023-11-21T10:37:58+00:00\",\"breadcrumb\":{\"@id\":\"https:\\\/\\\/www.milesi.com\\\/fr\\\/produit\\\/solutions-pour-le-bois\\\/resistance-au-feu\\\/produits-conformes-a-la-norme-uni-en-13501-1-europe\\\/#breadcrumb\"},\"inLanguage\":\"fr-FR\",\"potentialAction\":[{\"@type\":\"ReadAction\",\"target\":[\"https:\\\/\\\/www.milesi.com\\\/fr\\\/produit\\\/solutions-pour-le-bois\\\/resistance-au-feu\\\/produits-conformes-a-la-norme-uni-en-13501-1-europe\\\/\"]}]},{\"@type\":\"ImageObject\",\"inLanguage\":\"fr-FR\",\"@id\":\"https:\\\/\\\/www.milesi.com\\\/fr\\\/produit\\\/solutions-pour-le-bois\\\/resistance-au-feu\\\/produits-conformes-a-la-norme-uni-en-13501-1-europe\\\/#primaryimage\",\"url\":\"https:\\\/\\\/www.milesi.com\\\/wp-content\\\/uploads\\\/2019\\\/11\\\/finsa-1.jpg\",\"contentUrl\":\"https:\\\/\\\/www.milesi.com\\\/wp-content\\\/uploads\\\/2019\\\/11\\\/finsa-1.jpg\",\"width\":1200,\"height\":1200,\"caption\":\"Interni in legno trattati con vernice ignifuga conforme uni en 13501\"},{\"@type\":\"BreadcrumbList\",\"@id\":\"https:\\\/\\\/www.milesi.com\\\/fr\\\/produit\\\/solutions-pour-le-bois\\\/resistance-au-feu\\\/produits-conformes-a-la-norme-uni-en-13501-1-europe\\\/#breadcrumb\",\"itemListElement\":[{\"@type\":\"ListItem\",\"position\":1,\"name\":\"Milesi - Vernis pour bois\",\"item\":\"https:\\\/\\\/www.milesi.com\\\/fr\\\/\"},{\"@type\":\"ListItem\",\"position\":2,\"name\":\"Prodotti\",\"item\":\"https:\\\/\\\/www.milesi.com\\\/prodotti\\\/\"},{\"@type\":\"ListItem\",\"position\":3,\"name\":\"Produits conformes \u00e0 la norme UNI EN 13501-1 Europe\"}]},{\"@type\":\"WebSite\",\"@id\":\"https:\\\/\\\/www.milesi.com\\\/fr\\\/#website\",\"url\":\"https:\\\/\\\/www.milesi.com\\\/fr\\\/\",\"name\":\"Milesi Vernici per il legno\",\"description\":\"Vernis pour bois\",\"publisher\":{\"@id\":\"https:\\\/\\\/www.milesi.com\\\/fr\\\/#organization\"},\"alternateName\":\"Milesi\",\"potentialAction\":[{\"@type\":\"SearchAction\",\"target\":{\"@type\":\"EntryPoint\",\"urlTemplate\":\"https:\\\/\\\/www.milesi.com\\\/fr\\\/?s={search_term_string}\"},\"query-input\":{\"@type\":\"PropertyValueSpecification\",\"valueRequired\":true,\"valueName\":\"search_term_string\"}}],\"inLanguage\":\"fr-FR\"},{\"@type\":\"Organization\",\"@id\":\"https:\\\/\\\/www.milesi.com\\\/fr\\\/#organization\",\"name\":\"Milesi Vernici\",\"alternateName\":\"Milesi\",\"url\":\"https:\\\/\\\/www.milesi.com\\\/fr\\\/\",\"logo\":{\"@type\":\"ImageObject\",\"inLanguage\":\"fr-FR\",\"@id\":\"https:\\\/\\\/www.milesi.com\\\/fr\\\/#\\\/schema\\\/logo\\\/image\\\/\",\"url\":\"https:\\\/\\\/www.milesi.com\\\/wp-content\\\/uploads\\\/2022\\\/12\\\/milesi-web.png\",\"contentUrl\":\"https:\\\/\\\/www.milesi.com\\\/wp-content\\\/uploads\\\/2022\\\/12\\\/milesi-web.png\",\"width\":100,\"height\":101,\"caption\":\"Milesi Vernici\"},\"image\":{\"@id\":\"https:\\\/\\\/www.milesi.com\\\/fr\\\/#\\\/schema\\\/logo\\\/image\\\/\"},\"sameAs\":[\"https:\\\/\\\/www.facebook.com\\\/MilesiVernici\",\"https:\\\/\\\/www.youtube.com\\\/channel\\\/UCgULN6yzPgE9usmMi3CP5hQ\",\"https:\\\/\\\/www.instagram.com\\\/milesiverniciperlegno\\\/\",\"https:\\\/\\\/vimeo.com\\\/user117001108\",\"https:\\\/\\\/www.linkedin.com\\\/company\\\/milesiwoodcoatings\\\/\"]}]}<\/script>\n<!-- \/ Yoast SEO plugin. -->","yoast_head_json":{"title":"Produits conformes \u00e0 la norme UNI EN 13501-1 Europe - Milesi","robots":{"index":"index","follow":"follow","max-snippet":"max-snippet:-1","max-image-preview":"max-image-preview:large","max-video-preview":"max-video-preview:-1"},"canonical":"https:\/\/www.milesi.com\/fr\/produit\/solutions-pour-le-bois\/resistance-au-feu\/produits-conformes-a-la-norme-uni-en-13501-1-europe\/","og_locale":"fr_FR","og_type":"article","og_title":"Produits conformes \u00e0 la norme UNI EN 13501-1 Europe - Milesi","og_description":"Vernis \u00e0 l\u2019eau et en solvant, aux propri\u00e9t\u00e9s ignifuges destin\u00e9es \u00e0 des cycles de peinture conformes \u00e0 la norme europ\u00e9enne UNI EN 13501-1 de classement au feu des produits et \u00e9l\u00e9ments de construction.\u00a0 Ils ralentissent la vitesse de propagation de la flamme, r\u00e9duisent l\u2019\u00e9mission de fum\u00e9es et facilitent l\u2019extinction du feu. Les cycles ignifuges contr\u00f4l\u00e9s selon cette norme ont obtenu des valeurs excellentes.  Download: CERT-HSA646x-SerieGloss_Walls-Ceilings CERT-HSA6464_Flooring CERT-HSA6464_Walls-Ceilings CERT-LUA43x-SerieGloss_Walls-Ceilings CLASIFICACION-FBA1_FGA1x-Serie-Gloss XTENSION-GAMA-FBA1_FGA1x-Serie-Gloss","og_url":"https:\/\/www.milesi.com\/fr\/produit\/solutions-pour-le-bois\/resistance-au-feu\/produits-conformes-a-la-norme-uni-en-13501-1-europe\/","og_site_name":"Milesi","article_publisher":"https:\/\/www.facebook.com\/MilesiVernici","article_modified_time":"2023-11-21T10:37:58+00:00","og_image":[{"width":1200,"height":1200,"url":"https:\/\/www.milesi.com\/wp-content\/uploads\/2019\/11\/finsa-1.jpg","type":"image\/jpeg"}],"twitter_card":"summary_large_image","schema":{"@context":"https:\/\/schema.org","@graph":[{"@type":"WebPage","@id":"https:\/\/www.milesi.com\/fr\/produit\/solutions-pour-le-bois\/resistance-au-feu\/produits-conformes-a-la-norme-uni-en-13501-1-europe\/","url":"https:\/\/www.milesi.com\/fr\/produit\/solutions-pour-le-bois\/resistance-au-feu\/produits-conformes-a-la-norme-uni-en-13501-1-europe\/","name":"Produits conformes \u00e0 la norme UNI EN 13501-1 Europe - Milesi","isPartOf":{"@id":"https:\/\/www.milesi.com\/fr\/#website"},"primaryImageOfPage":{"@id":"https:\/\/www.milesi.com\/fr\/produit\/solutions-pour-le-bois\/resistance-au-feu\/produits-conformes-a-la-norme-uni-en-13501-1-europe\/#primaryimage"},"image":{"@id":"https:\/\/www.milesi.com\/fr\/produit\/solutions-pour-le-bois\/resistance-au-feu\/produits-conformes-a-la-norme-uni-en-13501-1-europe\/#primaryimage"},"thumbnailUrl":"https:\/\/www.milesi.com\/wp-content\/uploads\/2019\/11\/finsa-1.jpg","datePublished":"2019-11-11T14:26:05+00:00","dateModified":"2023-11-21T10:37:58+00:00","breadcrumb":{"@id":"https:\/\/www.milesi.com\/fr\/produit\/solutions-pour-le-bois\/resistance-au-feu\/produits-conformes-a-la-norme-uni-en-13501-1-europe\/#breadcrumb"},"inLanguage":"fr-FR","potentialAction":[{"@type":"ReadAction","target":["https:\/\/www.milesi.com\/fr\/produit\/solutions-pour-le-bois\/resistance-au-feu\/produits-conformes-a-la-norme-uni-en-13501-1-europe\/"]}]},{"@type":"ImageObject","inLanguage":"fr-FR","@id":"https:\/\/www.milesi.com\/fr\/produit\/solutions-pour-le-bois\/resistance-au-feu\/produits-conformes-a-la-norme-uni-en-13501-1-europe\/#primaryimage","url":"https:\/\/www.milesi.com\/wp-content\/uploads\/2019\/11\/finsa-1.jpg","contentUrl":"https:\/\/www.milesi.com\/wp-content\/uploads\/2019\/11\/finsa-1.jpg","width":1200,"height":1200,"caption":"Interni in legno trattati con vernice ignifuga conforme uni en 13501"},{"@type":"BreadcrumbList","@id":"https:\/\/www.milesi.com\/fr\/produit\/solutions-pour-le-bois\/resistance-au-feu\/produits-conformes-a-la-norme-uni-en-13501-1-europe\/#breadcrumb","itemListElement":[{"@type":"ListItem","position":1,"name":"Milesi - Vernis pour bois","item":"https:\/\/www.milesi.com\/fr\/"},{"@type":"ListItem","position":2,"name":"Prodotti","item":"https:\/\/www.milesi.com\/prodotti\/"},{"@type":"ListItem","position":3,"name":"Produits conformes \u00e0 la norme UNI EN 13501-1 Europe"}]},{"@type":"WebSite","@id":"https:\/\/www.milesi.com\/fr\/#website","url":"https:\/\/www.milesi.com\/fr\/","name":"Milesi Vernici per il legno","description":"Vernis pour bois","publisher":{"@id":"https:\/\/www.milesi.com\/fr\/#organization"},"alternateName":"Milesi","potentialAction":[{"@type":"SearchAction","target":{"@type":"EntryPoint","urlTemplate":"https:\/\/www.milesi.com\/fr\/?s={search_term_string}"},"query-input":{"@type":"PropertyValueSpecification","valueRequired":true,"valueName":"search_term_string"}}],"inLanguage":"fr-FR"},{"@type":"Organization","@id":"https:\/\/www.milesi.com\/fr\/#organization","name":"Milesi Vernici","alternateName":"Milesi","url":"https:\/\/www.milesi.com\/fr\/","logo":{"@type":"ImageObject","inLanguage":"fr-FR","@id":"https:\/\/www.milesi.com\/fr\/#\/schema\/logo\/image\/","url":"https:\/\/www.milesi.com\/wp-content\/uploads\/2022\/12\/milesi-web.png","contentUrl":"https:\/\/www.milesi.com\/wp-content\/uploads\/2022\/12\/milesi-web.png","width":100,"height":101,"caption":"Milesi Vernici"},"image":{"@id":"https:\/\/www.milesi.com\/fr\/#\/schema\/logo\/image\/"},"sameAs":["https:\/\/www.facebook.com\/MilesiVernici","https:\/\/www.youtube.com\/channel\/UCgULN6yzPgE9usmMi3CP5hQ","https:\/\/www.instagram.com\/milesiverniciperlegno\/","https:\/\/vimeo.com\/user117001108","https:\/\/www.linkedin.com\/company\/milesiwoodcoatings\/"]}]}},"_links":{"self":[{"href":"https:\/\/www.milesi.com\/fr\/wp-json\/wp\/v2\/product\/9871","targetHints":{"allow":["GET"]}}],"collection":[{"href":"https:\/\/www.milesi.com\/fr\/wp-json\/wp\/v2\/product"}],"about":[{"href":"https:\/\/www.milesi.com\/fr\/wp-json\/wp\/v2\/types\/product"}],"replies":[{"embeddable":true,"href":"https:\/\/www.milesi.com\/fr\/wp-json\/wp\/v2\/comments?post=9871"}],"wp:featuredmedia":[{"embeddable":true,"href":"https:\/\/www.milesi.com\/fr\/wp-json\/wp\/v2\/media\/9408"}],"wp:attachment":[{"href":"https:\/\/www.milesi.com\/fr\/wp-json\/wp\/v2\/media?parent=9871"}],"wp:term":[{"taxonomy":"product_brand","embeddable":true,"href":"https:\/\/www.milesi.com\/fr\/wp-json\/wp\/v2\/product_brand?post=9871"},{"taxonomy":"product_cat","embeddable":true,"href":"https:\/\/www.milesi.com\/fr\/wp-json\/wp\/v2\/product_cat?post=9871"},{"taxonomy":"product_tag","embeddable":true,"href":"https:\/\/www.milesi.com\/fr\/wp-json\/wp\/v2\/product_tag?post=9871"}],"curies":[{"name":"wp","href":"https:\/\/api.w.org\/{rel}","templated":true}]}}