{"id":9893,"date":"2019-11-11T15:54:09","date_gmt":"2019-11-11T14:54:09","guid":{"rendered":"http:\/\/www.milesi.com\/shop\/non%20class\u00e9\/produits-conformes-a-la-norme-astm-e84\/"},"modified":"2024-11-25T17:13:48","modified_gmt":"2024-11-25T16:13:48","slug":"produits-conformes-a-la-norme-astm-e84","status":"publish","type":"product","link":"https:\/\/www.milesi.com\/fr\/produit\/solutions-pour-le-bois\/resistance-au-feu\/produits-conformes-a-la-norme-astm-e84\/","title":{"rendered":"Produits conformes \u00e0 la norme ASTM E84"},"content":{"rendered":"","protected":false},"excerpt":{"rendered":"<p>Produits composant des cycles de peinture conformes \u00e0 la norme am\u00e9ricaine ASTM E84, qui d\u00e9finit le classement des vernis ignifuges en fonction de leur vitesse de propagation de la flamme selon un param\u00e8tre sp\u00e9cifique (indice de propagation de la flamme). Le classement pr\u00e9voit une \u00e9chelle de A (faible vitesse de propagation) \u00e0 C (vitesse \u00e9lev\u00e9e de propagation). La classe M1 identifie le niveau d\u2019excellence obtenu par un vernis.<\/p>\n<p><strong>Download:<\/strong><br \/>\n<a href=\"https:\/\/www.milesi.com\/wp-content\/uploads\/2023\/09\/CERT-LBR102_EN_ASTM-E84.pdf\" target=\"_blank\" rel=\"noopener\">CERT-LBR102<\/a><br \/>\n<a href=\"https:\/\/www.milesi.com\/wp-content\/uploads\/2023\/09\/CERT-LUA434_EN_ASTM-E84.pdf\" target=\"_blank\" rel=\"noopener\">CERT-LUA434<\/a><\/p>\n","protected":false},"featured_media":8323,"comment_status":"open","ping_status":"closed","template":"","meta":{"_et_pb_use_builder":"off","_et_pb_old_content":"","_et_gb_content_width":""},"product_brand":[],"product_cat":[759,277],"product_tag":[681,283,413,281,360,280,279],"class_list":{"0":"post-9893","1":"product","2":"type-product","3":"status-publish","4":"has-post-thumbnail","6":"product_cat-resistance-au-feu","7":"product_cat-solutions-pour-le-bois","8":"product_tag-astm-e84-fr","9":"product_tag-bleu","10":"product_tag-bleu-clair","11":"product_tag-bois","12":"product_tag-laque","13":"product_tag-panneau","14":"product_tag-vernis","16":"first","17":"instock","18":"shipping-taxable","19":"product-type-simple"},"yoast_head":"<!-- This site is optimized with the Yoast SEO plugin v27.3 - https:\/\/yoast.com\/product\/yoast-seo-wordpress\/ -->\n<title>Produits conformes \u00e0 la norme ASTM E84 - Milesi<\/title>\n<meta name=\"robots\" content=\"index, follow, max-snippet:-1, max-image-preview:large, max-video-preview:-1\" \/>\n<link rel=\"canonical\" href=\"https:\/\/www.milesi.com\/fr\/produit\/solutions-pour-le-bois\/resistance-au-feu\/produits-conformes-a-la-norme-astm-e84\/\" \/>\n<meta property=\"og:locale\" content=\"fr_FR\" \/>\n<meta property=\"og:type\" content=\"article\" \/>\n<meta property=\"og:title\" content=\"Produits conformes \u00e0 la norme ASTM E84 - Milesi\" \/>\n<meta property=\"og:description\" content=\"Produits composant des cycles de peinture conformes \u00e0 la norme am\u00e9ricaine ASTM E84, qui d\u00e9finit le classement des vernis ignifuges en fonction de leur vitesse de propagation de la flamme selon un param\u00e8tre sp\u00e9cifique (indice de propagation de la flamme). Le classement pr\u00e9voit une \u00e9chelle de A (faible vitesse de propagation) \u00e0 C (vitesse \u00e9lev\u00e9e de propagation). La classe M1 identifie le niveau d\u2019excellence obtenu par un vernis.  Download: CERT-LBR102 CERT-LUA434\" \/>\n<meta property=\"og:url\" content=\"https:\/\/www.milesi.com\/fr\/produit\/solutions-pour-le-bois\/resistance-au-feu\/produits-conformes-a-la-norme-astm-e84\/\" \/>\n<meta property=\"og:site_name\" content=\"Milesi\" \/>\n<meta property=\"article:publisher\" content=\"https:\/\/www.facebook.com\/MilesiVernici\" \/>\n<meta property=\"article:modified_time\" content=\"2024-11-25T16:13:48+00:00\" \/>\n<meta property=\"og:image\" content=\"https:\/\/www.milesi.com\/wp-content\/uploads\/2019\/11\/ignifughi_francese_shutterstock_102588002_1200x1200_bordo.jpg\" \/>\n\t<meta property=\"og:image:width\" content=\"1200\" \/>\n\t<meta property=\"og:image:height\" content=\"1200\" \/>\n\t<meta property=\"og:image:type\" content=\"image\/jpeg\" \/>\n<meta name=\"twitter:card\" content=\"summary_large_image\" \/>\n<script type=\"application\/ld+json\" class=\"yoast-schema-graph\">{\"@context\":\"https:\\\/\\\/schema.org\",\"@graph\":[{\"@type\":\"WebPage\",\"@id\":\"https:\\\/\\\/www.milesi.com\\\/fr\\\/produit\\\/solutions-pour-le-bois\\\/resistance-au-feu\\\/produits-conformes-a-la-norme-astm-e84\\\/\",\"url\":\"https:\\\/\\\/www.milesi.com\\\/fr\\\/produit\\\/solutions-pour-le-bois\\\/resistance-au-feu\\\/produits-conformes-a-la-norme-astm-e84\\\/\",\"name\":\"Produits conformes \u00e0 la norme ASTM E84 - Milesi\",\"isPartOf\":{\"@id\":\"https:\\\/\\\/www.milesi.com\\\/fr\\\/#website\"},\"primaryImageOfPage\":{\"@id\":\"https:\\\/\\\/www.milesi.com\\\/fr\\\/produit\\\/solutions-pour-le-bois\\\/resistance-au-feu\\\/produits-conformes-a-la-norme-astm-e84\\\/#primaryimage\"},\"image\":{\"@id\":\"https:\\\/\\\/www.milesi.com\\\/fr\\\/produit\\\/solutions-pour-le-bois\\\/resistance-au-feu\\\/produits-conformes-a-la-norme-astm-e84\\\/#primaryimage\"},\"thumbnailUrl\":\"https:\\\/\\\/www.milesi.com\\\/wp-content\\\/uploads\\\/2019\\\/11\\\/ignifughi_francese_shutterstock_102588002_1200x1200_bordo.jpg\",\"datePublished\":\"2019-11-11T14:54:09+00:00\",\"dateModified\":\"2024-11-25T16:13:48+00:00\",\"breadcrumb\":{\"@id\":\"https:\\\/\\\/www.milesi.com\\\/fr\\\/produit\\\/solutions-pour-le-bois\\\/resistance-au-feu\\\/produits-conformes-a-la-norme-astm-e84\\\/#breadcrumb\"},\"inLanguage\":\"fr-FR\",\"potentialAction\":[{\"@type\":\"ReadAction\",\"target\":[\"https:\\\/\\\/www.milesi.com\\\/fr\\\/produit\\\/solutions-pour-le-bois\\\/resistance-au-feu\\\/produits-conformes-a-la-norme-astm-e84\\\/\"]}]},{\"@type\":\"ImageObject\",\"inLanguage\":\"fr-FR\",\"@id\":\"https:\\\/\\\/www.milesi.com\\\/fr\\\/produit\\\/solutions-pour-le-bois\\\/resistance-au-feu\\\/produits-conformes-a-la-norme-astm-e84\\\/#primaryimage\",\"url\":\"https:\\\/\\\/www.milesi.com\\\/wp-content\\\/uploads\\\/2019\\\/11\\\/ignifughi_francese_shutterstock_102588002_1200x1200_bordo.jpg\",\"contentUrl\":\"https:\\\/\\\/www.milesi.com\\\/wp-content\\\/uploads\\\/2019\\\/11\\\/ignifughi_francese_shutterstock_102588002_1200x1200_bordo.jpg\",\"width\":1200,\"height\":1200,\"caption\":\"Vernice per interni in legno ignifuga conforme alla norma Americana ASTM E84\"},{\"@type\":\"BreadcrumbList\",\"@id\":\"https:\\\/\\\/www.milesi.com\\\/fr\\\/produit\\\/solutions-pour-le-bois\\\/resistance-au-feu\\\/produits-conformes-a-la-norme-astm-e84\\\/#breadcrumb\",\"itemListElement\":[{\"@type\":\"ListItem\",\"position\":1,\"name\":\"Milesi - Vernis pour bois\",\"item\":\"https:\\\/\\\/www.milesi.com\\\/fr\\\/\"},{\"@type\":\"ListItem\",\"position\":2,\"name\":\"Prodotti\",\"item\":\"https:\\\/\\\/www.milesi.com\\\/prodotti\\\/\"},{\"@type\":\"ListItem\",\"position\":3,\"name\":\"Produits conformes \u00e0 la norme ASTM E84\"}]},{\"@type\":\"WebSite\",\"@id\":\"https:\\\/\\\/www.milesi.com\\\/fr\\\/#website\",\"url\":\"https:\\\/\\\/www.milesi.com\\\/fr\\\/\",\"name\":\"Milesi Vernici per il legno\",\"description\":\"Vernis pour bois\",\"publisher\":{\"@id\":\"https:\\\/\\\/www.milesi.com\\\/fr\\\/#organization\"},\"alternateName\":\"Milesi\",\"potentialAction\":[{\"@type\":\"SearchAction\",\"target\":{\"@type\":\"EntryPoint\",\"urlTemplate\":\"https:\\\/\\\/www.milesi.com\\\/fr\\\/?s={search_term_string}\"},\"query-input\":{\"@type\":\"PropertyValueSpecification\",\"valueRequired\":true,\"valueName\":\"search_term_string\"}}],\"inLanguage\":\"fr-FR\"},{\"@type\":\"Organization\",\"@id\":\"https:\\\/\\\/www.milesi.com\\\/fr\\\/#organization\",\"name\":\"Milesi Vernici\",\"alternateName\":\"Milesi\",\"url\":\"https:\\\/\\\/www.milesi.com\\\/fr\\\/\",\"logo\":{\"@type\":\"ImageObject\",\"inLanguage\":\"fr-FR\",\"@id\":\"https:\\\/\\\/www.milesi.com\\\/fr\\\/#\\\/schema\\\/logo\\\/image\\\/\",\"url\":\"https:\\\/\\\/www.milesi.com\\\/wp-content\\\/uploads\\\/2022\\\/12\\\/milesi-web.png\",\"contentUrl\":\"https:\\\/\\\/www.milesi.com\\\/wp-content\\\/uploads\\\/2022\\\/12\\\/milesi-web.png\",\"width\":100,\"height\":101,\"caption\":\"Milesi Vernici\"},\"image\":{\"@id\":\"https:\\\/\\\/www.milesi.com\\\/fr\\\/#\\\/schema\\\/logo\\\/image\\\/\"},\"sameAs\":[\"https:\\\/\\\/www.facebook.com\\\/MilesiVernici\",\"https:\\\/\\\/www.youtube.com\\\/channel\\\/UCgULN6yzPgE9usmMi3CP5hQ\",\"https:\\\/\\\/www.instagram.com\\\/milesiverniciperlegno\\\/\",\"https:\\\/\\\/vimeo.com\\\/user117001108\",\"https:\\\/\\\/www.linkedin.com\\\/company\\\/milesiwoodcoatings\\\/\"]}]}<\/script>\n<!-- \/ Yoast SEO plugin. -->","yoast_head_json":{"title":"Produits conformes \u00e0 la norme ASTM E84 - Milesi","robots":{"index":"index","follow":"follow","max-snippet":"max-snippet:-1","max-image-preview":"max-image-preview:large","max-video-preview":"max-video-preview:-1"},"canonical":"https:\/\/www.milesi.com\/fr\/produit\/solutions-pour-le-bois\/resistance-au-feu\/produits-conformes-a-la-norme-astm-e84\/","og_locale":"fr_FR","og_type":"article","og_title":"Produits conformes \u00e0 la norme ASTM E84 - Milesi","og_description":"Produits composant des cycles de peinture conformes \u00e0 la norme am\u00e9ricaine ASTM E84, qui d\u00e9finit le classement des vernis ignifuges en fonction de leur vitesse de propagation de la flamme selon un param\u00e8tre sp\u00e9cifique (indice de propagation de la flamme). Le classement pr\u00e9voit une \u00e9chelle de A (faible vitesse de propagation) \u00e0 C (vitesse \u00e9lev\u00e9e de propagation). La classe M1 identifie le niveau d\u2019excellence obtenu par un vernis.  Download: CERT-LBR102 CERT-LUA434","og_url":"https:\/\/www.milesi.com\/fr\/produit\/solutions-pour-le-bois\/resistance-au-feu\/produits-conformes-a-la-norme-astm-e84\/","og_site_name":"Milesi","article_publisher":"https:\/\/www.facebook.com\/MilesiVernici","article_modified_time":"2024-11-25T16:13:48+00:00","og_image":[{"width":1200,"height":1200,"url":"https:\/\/www.milesi.com\/wp-content\/uploads\/2019\/11\/ignifughi_francese_shutterstock_102588002_1200x1200_bordo.jpg","type":"image\/jpeg"}],"twitter_card":"summary_large_image","schema":{"@context":"https:\/\/schema.org","@graph":[{"@type":"WebPage","@id":"https:\/\/www.milesi.com\/fr\/produit\/solutions-pour-le-bois\/resistance-au-feu\/produits-conformes-a-la-norme-astm-e84\/","url":"https:\/\/www.milesi.com\/fr\/produit\/solutions-pour-le-bois\/resistance-au-feu\/produits-conformes-a-la-norme-astm-e84\/","name":"Produits conformes \u00e0 la norme ASTM E84 - Milesi","isPartOf":{"@id":"https:\/\/www.milesi.com\/fr\/#website"},"primaryImageOfPage":{"@id":"https:\/\/www.milesi.com\/fr\/produit\/solutions-pour-le-bois\/resistance-au-feu\/produits-conformes-a-la-norme-astm-e84\/#primaryimage"},"image":{"@id":"https:\/\/www.milesi.com\/fr\/produit\/solutions-pour-le-bois\/resistance-au-feu\/produits-conformes-a-la-norme-astm-e84\/#primaryimage"},"thumbnailUrl":"https:\/\/www.milesi.com\/wp-content\/uploads\/2019\/11\/ignifughi_francese_shutterstock_102588002_1200x1200_bordo.jpg","datePublished":"2019-11-11T14:54:09+00:00","dateModified":"2024-11-25T16:13:48+00:00","breadcrumb":{"@id":"https:\/\/www.milesi.com\/fr\/produit\/solutions-pour-le-bois\/resistance-au-feu\/produits-conformes-a-la-norme-astm-e84\/#breadcrumb"},"inLanguage":"fr-FR","potentialAction":[{"@type":"ReadAction","target":["https:\/\/www.milesi.com\/fr\/produit\/solutions-pour-le-bois\/resistance-au-feu\/produits-conformes-a-la-norme-astm-e84\/"]}]},{"@type":"ImageObject","inLanguage":"fr-FR","@id":"https:\/\/www.milesi.com\/fr\/produit\/solutions-pour-le-bois\/resistance-au-feu\/produits-conformes-a-la-norme-astm-e84\/#primaryimage","url":"https:\/\/www.milesi.com\/wp-content\/uploads\/2019\/11\/ignifughi_francese_shutterstock_102588002_1200x1200_bordo.jpg","contentUrl":"https:\/\/www.milesi.com\/wp-content\/uploads\/2019\/11\/ignifughi_francese_shutterstock_102588002_1200x1200_bordo.jpg","width":1200,"height":1200,"caption":"Vernice per interni in legno ignifuga conforme alla norma Americana ASTM E84"},{"@type":"BreadcrumbList","@id":"https:\/\/www.milesi.com\/fr\/produit\/solutions-pour-le-bois\/resistance-au-feu\/produits-conformes-a-la-norme-astm-e84\/#breadcrumb","itemListElement":[{"@type":"ListItem","position":1,"name":"Milesi - Vernis pour bois","item":"https:\/\/www.milesi.com\/fr\/"},{"@type":"ListItem","position":2,"name":"Prodotti","item":"https:\/\/www.milesi.com\/prodotti\/"},{"@type":"ListItem","position":3,"name":"Produits conformes \u00e0 la norme ASTM E84"}]},{"@type":"WebSite","@id":"https:\/\/www.milesi.com\/fr\/#website","url":"https:\/\/www.milesi.com\/fr\/","name":"Milesi Vernici per il legno","description":"Vernis pour bois","publisher":{"@id":"https:\/\/www.milesi.com\/fr\/#organization"},"alternateName":"Milesi","potentialAction":[{"@type":"SearchAction","target":{"@type":"EntryPoint","urlTemplate":"https:\/\/www.milesi.com\/fr\/?s={search_term_string}"},"query-input":{"@type":"PropertyValueSpecification","valueRequired":true,"valueName":"search_term_string"}}],"inLanguage":"fr-FR"},{"@type":"Organization","@id":"https:\/\/www.milesi.com\/fr\/#organization","name":"Milesi Vernici","alternateName":"Milesi","url":"https:\/\/www.milesi.com\/fr\/","logo":{"@type":"ImageObject","inLanguage":"fr-FR","@id":"https:\/\/www.milesi.com\/fr\/#\/schema\/logo\/image\/","url":"https:\/\/www.milesi.com\/wp-content\/uploads\/2022\/12\/milesi-web.png","contentUrl":"https:\/\/www.milesi.com\/wp-content\/uploads\/2022\/12\/milesi-web.png","width":100,"height":101,"caption":"Milesi Vernici"},"image":{"@id":"https:\/\/www.milesi.com\/fr\/#\/schema\/logo\/image\/"},"sameAs":["https:\/\/www.facebook.com\/MilesiVernici","https:\/\/www.youtube.com\/channel\/UCgULN6yzPgE9usmMi3CP5hQ","https:\/\/www.instagram.com\/milesiverniciperlegno\/","https:\/\/vimeo.com\/user117001108","https:\/\/www.linkedin.com\/company\/milesiwoodcoatings\/"]}]}},"_links":{"self":[{"href":"https:\/\/www.milesi.com\/fr\/wp-json\/wp\/v2\/product\/9893","targetHints":{"allow":["GET"]}}],"collection":[{"href":"https:\/\/www.milesi.com\/fr\/wp-json\/wp\/v2\/product"}],"about":[{"href":"https:\/\/www.milesi.com\/fr\/wp-json\/wp\/v2\/types\/product"}],"replies":[{"embeddable":true,"href":"https:\/\/www.milesi.com\/fr\/wp-json\/wp\/v2\/comments?post=9893"}],"wp:featuredmedia":[{"embeddable":true,"href":"https:\/\/www.milesi.com\/fr\/wp-json\/wp\/v2\/media\/8323"}],"wp:attachment":[{"href":"https:\/\/www.milesi.com\/fr\/wp-json\/wp\/v2\/media?parent=9893"}],"wp:term":[{"taxonomy":"product_brand","embeddable":true,"href":"https:\/\/www.milesi.com\/fr\/wp-json\/wp\/v2\/product_brand?post=9893"},{"taxonomy":"product_cat","embeddable":true,"href":"https:\/\/www.milesi.com\/fr\/wp-json\/wp\/v2\/product_cat?post=9893"},{"taxonomy":"product_tag","embeddable":true,"href":"https:\/\/www.milesi.com\/fr\/wp-json\/wp\/v2\/product_tag?post=9893"}],"curies":[{"name":"wp","href":"https:\/\/api.w.org\/{rel}","templated":true}]}}