{"id":9899,"date":"2019-11-11T16:28:42","date_gmt":"2019-11-11T15:28:42","guid":{"rendered":"http:\/\/www.milesi.com\/shop\/non%20class\u00e9\/resistance-a-la-rayure\/"},"modified":"2021-01-29T15:01:52","modified_gmt":"2021-01-29T14:01:52","slug":"resistance-a-la-rayure","status":"publish","type":"product","link":"https:\/\/www.milesi.com\/fr\/produit\/solutions-pour-le-bois\/resistance-mecanique\/resistance-a-la-rayure\/","title":{"rendered":"R\u00e9sistance \u00e0 la rayure"},"content":{"rendered":"","protected":false},"excerpt":{"rendered":"<p>Finitions \u00e0 la duret\u00e9 de surface exceptionnelle offrant une r\u00e9sistance \u00e0 la rayure et aux \u00e9raflures, comparable \u00e0 celle des stratifi\u00e9s.<\/p>\n<p>Test\u00e9s selon <em>UNI<\/em><em>\u00a0<\/em>E.\u00a0<em>15186:2012<\/em><em>,<\/em> m\u00e9thode B (<em>\u00e9valuation de la r\u00e9sistance des surfaces aux rayures par p\u00e9n\u00e9tration<\/em>), ils obtiennent la valeur minimale indiqu\u00e9e:<\/p>\n<table style=\"width: 98.1542%;\">\n<tbody>\n<tr>\n<td style=\"width: 86.6587%;\">\u00b7\u00a0 \u00a0 \u00a0 \u00c0 <span style=\"font-family: inherit; font-size: inherit;\">l&rsquo;eau pour int\u00e9rieur 1K<\/span><\/td>\n<td style=\"width: 24.1248%;\">0,35 N<\/td>\n<\/tr>\n<tr>\n<td style=\"width: 86.6587%;\">\u00b7\u00a0 \u00a0 \u00a0 \u00c0 l&rsquo;eau pour int\u00e9rieur 2K<\/td>\n<td style=\"width: 24.1248%;\">0,4 N<\/td>\n<\/tr>\n<tr>\n<td style=\"width: 86.6587%;\">\u00b7\u00a0 \u00a0 \u00a0 UV hydro<\/td>\n<td style=\"width: 24.1248%;\">0,5 N<\/td>\n<\/tr>\n<tr>\n<td style=\"width: 86.6587%;\">\u00b7\u00a0 \u00a0 \u00a0 UV solvant<\/td>\n<td style=\"width: 24.1248%;\">0,6 N<\/td>\n<\/tr>\n<tr>\n<td style=\"width: 86.6587%;\">\u00b7\u00a0\u00a0\u00a0\u00a0\u00a0 UV 100%<\/td>\n<td style=\"width: 24.1248%;\">0,5 N<\/td>\n<\/tr>\n<tr>\n<td style=\"width: 86.6587%;\">\u00b7\u00a0 \u00a0 \u00a0 Polyur\u00e9thanes<\/td>\n<td style=\"width: 24.1248%;\">0,5 N<\/td>\n<\/tr>\n<tr>\n<td style=\"width: 86.6587%;\">\u00b7\u00a0 \u00a0 \u00a0 Acryliques<\/td>\n<td style=\"width: 24.1248%;\">0,4 N<\/td>\n<\/tr>\n<tr>\n<td style=\"width: 86.6587%;\">\u00b7\u00a0 \u00a0 \u00a0 Polyester<\/td>\n<td style=\"width: 24.1248%;\">0,5 N<\/td>\n<\/tr>\n<tr>\n<td style=\"width: 86.6587%;\">\u00b7\u00a0\u00a0\u00a0\u00a0\u00a0 Precatalys\u00e9<\/td>\n<td style=\"width: 24.1248%;\">0,3 N<\/td>\n<\/tr>\n<tr>\n<td style=\"width: 86.6587%;\">\u00b7\u00a0\u00a0\u00a0\u00a0\u00a0 BCA<\/td>\n<td style=\"width: 24.1248%;\">0,6 N<\/td>\n<\/tr>\n<\/tbody>\n<\/table>\n","protected":false},"featured_media":7725,"comment_status":"open","ping_status":"closed","template":"","meta":{"_et_pb_use_builder":"","_et_pb_old_content":"","_et_gb_content_width":""},"product_brand":[],"product_cat":[704,277],"product_tag":[285,281,527,360,327,280,688,687,842,279],"class_list":{"0":"post-9899","1":"product","2":"type-product","3":"status-publish","4":"has-post-thumbnail","6":"product_cat-resistance-mecanique","7":"product_cat-solutions-pour-le-bois","8":"product_tag-blanc","9":"product_tag-bois","10":"product_tag-gris","11":"product_tag-laque","12":"product_tag-marron","13":"product_tag-panneau","14":"product_tag-resistance-a-la-rayure","15":"product_tag-resistance-mecanique","16":"product_tag-rovere-fr","17":"product_tag-vernis","19":"first","20":"instock","21":"shipping-taxable","22":"product-type-simple"},"yoast_head":"<!-- This site is optimized with the Yoast SEO plugin v27.3 - https:\/\/yoast.com\/product\/yoast-seo-wordpress\/ -->\n<title>R\u00e9sistance \u00e0 la rayure - Milesi<\/title>\n<meta name=\"robots\" content=\"index, follow, max-snippet:-1, max-image-preview:large, max-video-preview:-1\" \/>\n<link rel=\"canonical\" href=\"https:\/\/www.milesi.com\/fr\/produit\/solutions-pour-le-bois\/resistance-mecanique\/resistance-a-la-rayure\/\" \/>\n<meta property=\"og:locale\" content=\"fr_FR\" \/>\n<meta property=\"og:type\" content=\"article\" \/>\n<meta property=\"og:title\" content=\"R\u00e9sistance \u00e0 la rayure - Milesi\" \/>\n<meta property=\"og:description\" content=\"Finitions \u00e0 la duret\u00e9 de surface exceptionnelle offrant une r\u00e9sistance \u00e0 la rayure et aux \u00e9raflures, comparable \u00e0 celle des stratifi\u00e9s.  Test\u00e9s selon UNI\u00a0E.\u00a015186:2012, m\u00e9thode B (\u00e9valuation de la r\u00e9sistance des surfaces aux rayures par p\u00e9n\u00e9tration), ils obtiennent la valeur minimale indiqu\u00e9e:    \u00b7\u00a0 \u00a0 \u00a0 \u00c0 l&#039;eau pour int\u00e9rieur 1K 0,35 N   \u00b7\u00a0 \u00a0 \u00a0 \u00c0 l&#039;eau pour int\u00e9rieur 2K 0,4 N   \u00b7\u00a0 \u00a0 \u00a0 UV hydro 0,5 N   \u00b7\u00a0 \u00a0 \u00a0 UV solvant 0,6 N   \u00b7\u00a0\u00a0\u00a0\u00a0\u00a0 UV 100% 0,5 N   \u00b7\u00a0 \u00a0 \u00a0 Polyur\u00e9thanes 0,5 N   \u00b7\u00a0 \u00a0 \u00a0 Acryliques 0,4 N   \u00b7\u00a0 \u00a0 \u00a0 Polyester 0,5 N   \u00b7\u00a0\u00a0\u00a0\u00a0\u00a0 Precatalys\u00e9 0,3 N   \u00b7\u00a0\u00a0\u00a0\u00a0\u00a0 BCA 0,6 N\" \/>\n<meta property=\"og:url\" content=\"https:\/\/www.milesi.com\/fr\/produit\/solutions-pour-le-bois\/resistance-mecanique\/resistance-a-la-rayure\/\" \/>\n<meta property=\"og:site_name\" content=\"Milesi\" \/>\n<meta property=\"article:publisher\" content=\"https:\/\/www.facebook.com\/MilesiVernici\" \/>\n<meta property=\"article:modified_time\" content=\"2021-01-29T14:01:52+00:00\" \/>\n<meta property=\"og:image\" content=\"https:\/\/www.milesi.com\/wp-content\/uploads\/2019\/11\/scratch_1227041296_1200x1200_bordo.jpg\" \/>\n\t<meta property=\"og:image:width\" content=\"1200\" \/>\n\t<meta property=\"og:image:height\" content=\"1200\" \/>\n\t<meta property=\"og:image:type\" content=\"image\/jpeg\" \/>\n<meta name=\"twitter:card\" content=\"summary_large_image\" \/>\n<script type=\"application\/ld+json\" class=\"yoast-schema-graph\">{\"@context\":\"https:\\\/\\\/schema.org\",\"@graph\":[{\"@type\":\"WebPage\",\"@id\":\"https:\\\/\\\/www.milesi.com\\\/fr\\\/produit\\\/solutions-pour-le-bois\\\/resistance-mecanique\\\/resistance-a-la-rayure\\\/\",\"url\":\"https:\\\/\\\/www.milesi.com\\\/fr\\\/produit\\\/solutions-pour-le-bois\\\/resistance-mecanique\\\/resistance-a-la-rayure\\\/\",\"name\":\"R\u00e9sistance \u00e0 la rayure - Milesi\",\"isPartOf\":{\"@id\":\"https:\\\/\\\/www.milesi.com\\\/fr\\\/#website\"},\"primaryImageOfPage\":{\"@id\":\"https:\\\/\\\/www.milesi.com\\\/fr\\\/produit\\\/solutions-pour-le-bois\\\/resistance-mecanique\\\/resistance-a-la-rayure\\\/#primaryimage\"},\"image\":{\"@id\":\"https:\\\/\\\/www.milesi.com\\\/fr\\\/produit\\\/solutions-pour-le-bois\\\/resistance-mecanique\\\/resistance-a-la-rayure\\\/#primaryimage\"},\"thumbnailUrl\":\"https:\\\/\\\/www.milesi.com\\\/wp-content\\\/uploads\\\/2019\\\/11\\\/scratch_1227041296_1200x1200_bordo.jpg\",\"datePublished\":\"2019-11-11T15:28:42+00:00\",\"dateModified\":\"2021-01-29T14:01:52+00:00\",\"breadcrumb\":{\"@id\":\"https:\\\/\\\/www.milesi.com\\\/fr\\\/produit\\\/solutions-pour-le-bois\\\/resistance-mecanique\\\/resistance-a-la-rayure\\\/#breadcrumb\"},\"inLanguage\":\"fr-FR\",\"potentialAction\":[{\"@type\":\"ReadAction\",\"target\":[\"https:\\\/\\\/www.milesi.com\\\/fr\\\/produit\\\/solutions-pour-le-bois\\\/resistance-mecanique\\\/resistance-a-la-rayure\\\/\"]}]},{\"@type\":\"ImageObject\",\"inLanguage\":\"fr-FR\",\"@id\":\"https:\\\/\\\/www.milesi.com\\\/fr\\\/produit\\\/solutions-pour-le-bois\\\/resistance-mecanique\\\/resistance-a-la-rayure\\\/#primaryimage\",\"url\":\"https:\\\/\\\/www.milesi.com\\\/wp-content\\\/uploads\\\/2019\\\/11\\\/scratch_1227041296_1200x1200_bordo.jpg\",\"contentUrl\":\"https:\\\/\\\/www.milesi.com\\\/wp-content\\\/uploads\\\/2019\\\/11\\\/scratch_1227041296_1200x1200_bordo.jpg\",\"width\":1200,\"height\":1200,\"caption\":\"Superfici in legno verniciato resistenti ai graffi\"},{\"@type\":\"BreadcrumbList\",\"@id\":\"https:\\\/\\\/www.milesi.com\\\/fr\\\/produit\\\/solutions-pour-le-bois\\\/resistance-mecanique\\\/resistance-a-la-rayure\\\/#breadcrumb\",\"itemListElement\":[{\"@type\":\"ListItem\",\"position\":1,\"name\":\"Milesi - Vernis pour bois\",\"item\":\"https:\\\/\\\/www.milesi.com\\\/fr\\\/\"},{\"@type\":\"ListItem\",\"position\":2,\"name\":\"Prodotti\",\"item\":\"https:\\\/\\\/www.milesi.com\\\/prodotti\\\/\"},{\"@type\":\"ListItem\",\"position\":3,\"name\":\"R\u00e9sistance \u00e0 la rayure\"}]},{\"@type\":\"WebSite\",\"@id\":\"https:\\\/\\\/www.milesi.com\\\/fr\\\/#website\",\"url\":\"https:\\\/\\\/www.milesi.com\\\/fr\\\/\",\"name\":\"Milesi Vernici per il legno\",\"description\":\"Vernis pour bois\",\"publisher\":{\"@id\":\"https:\\\/\\\/www.milesi.com\\\/fr\\\/#organization\"},\"alternateName\":\"Milesi\",\"potentialAction\":[{\"@type\":\"SearchAction\",\"target\":{\"@type\":\"EntryPoint\",\"urlTemplate\":\"https:\\\/\\\/www.milesi.com\\\/fr\\\/?s={search_term_string}\"},\"query-input\":{\"@type\":\"PropertyValueSpecification\",\"valueRequired\":true,\"valueName\":\"search_term_string\"}}],\"inLanguage\":\"fr-FR\"},{\"@type\":\"Organization\",\"@id\":\"https:\\\/\\\/www.milesi.com\\\/fr\\\/#organization\",\"name\":\"Milesi Vernici\",\"alternateName\":\"Milesi\",\"url\":\"https:\\\/\\\/www.milesi.com\\\/fr\\\/\",\"logo\":{\"@type\":\"ImageObject\",\"inLanguage\":\"fr-FR\",\"@id\":\"https:\\\/\\\/www.milesi.com\\\/fr\\\/#\\\/schema\\\/logo\\\/image\\\/\",\"url\":\"https:\\\/\\\/www.milesi.com\\\/wp-content\\\/uploads\\\/2022\\\/12\\\/milesi-web.png\",\"contentUrl\":\"https:\\\/\\\/www.milesi.com\\\/wp-content\\\/uploads\\\/2022\\\/12\\\/milesi-web.png\",\"width\":100,\"height\":101,\"caption\":\"Milesi Vernici\"},\"image\":{\"@id\":\"https:\\\/\\\/www.milesi.com\\\/fr\\\/#\\\/schema\\\/logo\\\/image\\\/\"},\"sameAs\":[\"https:\\\/\\\/www.facebook.com\\\/MilesiVernici\",\"https:\\\/\\\/www.youtube.com\\\/channel\\\/UCgULN6yzPgE9usmMi3CP5hQ\",\"https:\\\/\\\/www.instagram.com\\\/milesiverniciperlegno\\\/\",\"https:\\\/\\\/vimeo.com\\\/user117001108\",\"https:\\\/\\\/www.linkedin.com\\\/company\\\/milesiwoodcoatings\\\/\"]}]}<\/script>\n<!-- \/ Yoast SEO plugin. -->","yoast_head_json":{"title":"R\u00e9sistance \u00e0 la rayure - Milesi","robots":{"index":"index","follow":"follow","max-snippet":"max-snippet:-1","max-image-preview":"max-image-preview:large","max-video-preview":"max-video-preview:-1"},"canonical":"https:\/\/www.milesi.com\/fr\/produit\/solutions-pour-le-bois\/resistance-mecanique\/resistance-a-la-rayure\/","og_locale":"fr_FR","og_type":"article","og_title":"R\u00e9sistance \u00e0 la rayure - Milesi","og_description":"Finitions \u00e0 la duret\u00e9 de surface exceptionnelle offrant une r\u00e9sistance \u00e0 la rayure et aux \u00e9raflures, comparable \u00e0 celle des stratifi\u00e9s.  Test\u00e9s selon UNI\u00a0E.\u00a015186:2012, m\u00e9thode B (\u00e9valuation de la r\u00e9sistance des surfaces aux rayures par p\u00e9n\u00e9tration), ils obtiennent la valeur minimale indiqu\u00e9e:    \u00b7\u00a0 \u00a0 \u00a0 \u00c0 l'eau pour int\u00e9rieur 1K 0,35 N   \u00b7\u00a0 \u00a0 \u00a0 \u00c0 l'eau pour int\u00e9rieur 2K 0,4 N   \u00b7\u00a0 \u00a0 \u00a0 UV hydro 0,5 N   \u00b7\u00a0 \u00a0 \u00a0 UV solvant 0,6 N   \u00b7\u00a0\u00a0\u00a0\u00a0\u00a0 UV 100% 0,5 N   \u00b7\u00a0 \u00a0 \u00a0 Polyur\u00e9thanes 0,5 N   \u00b7\u00a0 \u00a0 \u00a0 Acryliques 0,4 N   \u00b7\u00a0 \u00a0 \u00a0 Polyester 0,5 N   \u00b7\u00a0\u00a0\u00a0\u00a0\u00a0 Precatalys\u00e9 0,3 N   \u00b7\u00a0\u00a0\u00a0\u00a0\u00a0 BCA 0,6 N","og_url":"https:\/\/www.milesi.com\/fr\/produit\/solutions-pour-le-bois\/resistance-mecanique\/resistance-a-la-rayure\/","og_site_name":"Milesi","article_publisher":"https:\/\/www.facebook.com\/MilesiVernici","article_modified_time":"2021-01-29T14:01:52+00:00","og_image":[{"width":1200,"height":1200,"url":"https:\/\/www.milesi.com\/wp-content\/uploads\/2019\/11\/scratch_1227041296_1200x1200_bordo.jpg","type":"image\/jpeg"}],"twitter_card":"summary_large_image","schema":{"@context":"https:\/\/schema.org","@graph":[{"@type":"WebPage","@id":"https:\/\/www.milesi.com\/fr\/produit\/solutions-pour-le-bois\/resistance-mecanique\/resistance-a-la-rayure\/","url":"https:\/\/www.milesi.com\/fr\/produit\/solutions-pour-le-bois\/resistance-mecanique\/resistance-a-la-rayure\/","name":"R\u00e9sistance \u00e0 la rayure - Milesi","isPartOf":{"@id":"https:\/\/www.milesi.com\/fr\/#website"},"primaryImageOfPage":{"@id":"https:\/\/www.milesi.com\/fr\/produit\/solutions-pour-le-bois\/resistance-mecanique\/resistance-a-la-rayure\/#primaryimage"},"image":{"@id":"https:\/\/www.milesi.com\/fr\/produit\/solutions-pour-le-bois\/resistance-mecanique\/resistance-a-la-rayure\/#primaryimage"},"thumbnailUrl":"https:\/\/www.milesi.com\/wp-content\/uploads\/2019\/11\/scratch_1227041296_1200x1200_bordo.jpg","datePublished":"2019-11-11T15:28:42+00:00","dateModified":"2021-01-29T14:01:52+00:00","breadcrumb":{"@id":"https:\/\/www.milesi.com\/fr\/produit\/solutions-pour-le-bois\/resistance-mecanique\/resistance-a-la-rayure\/#breadcrumb"},"inLanguage":"fr-FR","potentialAction":[{"@type":"ReadAction","target":["https:\/\/www.milesi.com\/fr\/produit\/solutions-pour-le-bois\/resistance-mecanique\/resistance-a-la-rayure\/"]}]},{"@type":"ImageObject","inLanguage":"fr-FR","@id":"https:\/\/www.milesi.com\/fr\/produit\/solutions-pour-le-bois\/resistance-mecanique\/resistance-a-la-rayure\/#primaryimage","url":"https:\/\/www.milesi.com\/wp-content\/uploads\/2019\/11\/scratch_1227041296_1200x1200_bordo.jpg","contentUrl":"https:\/\/www.milesi.com\/wp-content\/uploads\/2019\/11\/scratch_1227041296_1200x1200_bordo.jpg","width":1200,"height":1200,"caption":"Superfici in legno verniciato resistenti ai graffi"},{"@type":"BreadcrumbList","@id":"https:\/\/www.milesi.com\/fr\/produit\/solutions-pour-le-bois\/resistance-mecanique\/resistance-a-la-rayure\/#breadcrumb","itemListElement":[{"@type":"ListItem","position":1,"name":"Milesi - Vernis pour bois","item":"https:\/\/www.milesi.com\/fr\/"},{"@type":"ListItem","position":2,"name":"Prodotti","item":"https:\/\/www.milesi.com\/prodotti\/"},{"@type":"ListItem","position":3,"name":"R\u00e9sistance \u00e0 la rayure"}]},{"@type":"WebSite","@id":"https:\/\/www.milesi.com\/fr\/#website","url":"https:\/\/www.milesi.com\/fr\/","name":"Milesi Vernici per il legno","description":"Vernis pour bois","publisher":{"@id":"https:\/\/www.milesi.com\/fr\/#organization"},"alternateName":"Milesi","potentialAction":[{"@type":"SearchAction","target":{"@type":"EntryPoint","urlTemplate":"https:\/\/www.milesi.com\/fr\/?s={search_term_string}"},"query-input":{"@type":"PropertyValueSpecification","valueRequired":true,"valueName":"search_term_string"}}],"inLanguage":"fr-FR"},{"@type":"Organization","@id":"https:\/\/www.milesi.com\/fr\/#organization","name":"Milesi Vernici","alternateName":"Milesi","url":"https:\/\/www.milesi.com\/fr\/","logo":{"@type":"ImageObject","inLanguage":"fr-FR","@id":"https:\/\/www.milesi.com\/fr\/#\/schema\/logo\/image\/","url":"https:\/\/www.milesi.com\/wp-content\/uploads\/2022\/12\/milesi-web.png","contentUrl":"https:\/\/www.milesi.com\/wp-content\/uploads\/2022\/12\/milesi-web.png","width":100,"height":101,"caption":"Milesi Vernici"},"image":{"@id":"https:\/\/www.milesi.com\/fr\/#\/schema\/logo\/image\/"},"sameAs":["https:\/\/www.facebook.com\/MilesiVernici","https:\/\/www.youtube.com\/channel\/UCgULN6yzPgE9usmMi3CP5hQ","https:\/\/www.instagram.com\/milesiverniciperlegno\/","https:\/\/vimeo.com\/user117001108","https:\/\/www.linkedin.com\/company\/milesiwoodcoatings\/"]}]}},"_links":{"self":[{"href":"https:\/\/www.milesi.com\/fr\/wp-json\/wp\/v2\/product\/9899","targetHints":{"allow":["GET"]}}],"collection":[{"href":"https:\/\/www.milesi.com\/fr\/wp-json\/wp\/v2\/product"}],"about":[{"href":"https:\/\/www.milesi.com\/fr\/wp-json\/wp\/v2\/types\/product"}],"replies":[{"embeddable":true,"href":"https:\/\/www.milesi.com\/fr\/wp-json\/wp\/v2\/comments?post=9899"}],"wp:featuredmedia":[{"embeddable":true,"href":"https:\/\/www.milesi.com\/fr\/wp-json\/wp\/v2\/media\/7725"}],"wp:attachment":[{"href":"https:\/\/www.milesi.com\/fr\/wp-json\/wp\/v2\/media?parent=9899"}],"wp:term":[{"taxonomy":"product_brand","embeddable":true,"href":"https:\/\/www.milesi.com\/fr\/wp-json\/wp\/v2\/product_brand?post=9899"},{"taxonomy":"product_cat","embeddable":true,"href":"https:\/\/www.milesi.com\/fr\/wp-json\/wp\/v2\/product_cat?post=9899"},{"taxonomy":"product_tag","embeddable":true,"href":"https:\/\/www.milesi.com\/fr\/wp-json\/wp\/v2\/product_tag?post=9899"}],"curies":[{"name":"wp","href":"https:\/\/api.w.org\/{rel}","templated":true}]}}