{"id":9927,"date":"2019-11-11T16:02:59","date_gmt":"2019-11-11T15:02:59","guid":{"rendered":"http:\/\/www.milesi.com\/shop\/non%20class\u00e9\/resistance-aux-liquides-froids\/"},"modified":"2021-01-29T15:12:36","modified_gmt":"2021-01-29T14:12:36","slug":"resistance-aux-liquides-froids","status":"publish","type":"product","link":"https:\/\/www.milesi.com\/fr\/produit\/solutions-pour-le-bois\/resistance-chimique\/resistance-aux-liquides-froids\/","title":{"rendered":"R\u00e9sistance aux liquides froids"},"content":{"rendered":"","protected":false},"excerpt":{"rendered":"<p>Finitions qui ne se tachent pas au contact de liquides couramment utilis\u00e9s dans un cadre domestique, comme le caf\u00e9, l\u2019huile, le vin, les solutions d\u00e9tergentes ou l\u2019alcool.<\/p>\n<p>Test\u00e9s selon UNI EN <em>12720: 2013<\/em> (<em>\u00e9valuation de la r\u00e9sistance de surface aux liquides froids<\/em>), ils obtiennent la valeur minimale indiqu\u00e9e:<\/p>\n<table>\n<tbody>\n<tr>\n<td style=\"width: 956.875px;\">\u00b7\u00a0 \u00a0 \u00a0 \u00c0 <span style=\"font-family: inherit; font-size: inherit;\">l&rsquo;eau pour int\u00e9rieur 1K<\/span><\/td>\n<td style=\"width: 40.2083px;\">C<\/td>\n<\/tr>\n<tr>\n<td style=\"width: 956.875px;\">\u00b7\u00a0 \u00a0 \u00a0 \u00c0 l&rsquo;eau pour int\u00e9rieur 2K<\/td>\n<td style=\"width: 40.2083px;\">B<\/td>\n<\/tr>\n<tr>\n<td style=\"width: 956.875px;\">\u00b7\u00a0 \u00a0 \u00a0 \u00c0 l&rsquo;eau pour ext\u00e9rieur 1K<\/td>\n<td style=\"width: 40.2083px;\">B<\/td>\n<\/tr>\n<tr>\n<td style=\"width: 956.875px;\">\u00b7\u00a0 \u00a0 \u00a0 UV hydro<\/td>\n<td style=\"width: 40.2083px;\">B<\/td>\n<\/tr>\n<tr>\n<td style=\"width: 956.875px;\">\u00b7\u00a0 \u00a0 \u00a0 UV solvant<\/td>\n<td style=\"width: 40.2083px;\">B<\/td>\n<\/tr>\n<tr>\n<td style=\"width: 956.875px;\">\u00b7\u00a0\u00a0\u00a0\u00a0\u00a0 UV 100%<\/td>\n<td style=\"width: 40.2083px;\">B<\/td>\n<\/tr>\n<tr>\n<td style=\"width: 956.875px;\">\u00b7\u00a0 \u00a0 \u00a0 Polyur\u00e9thanes<\/td>\n<td style=\"width: 40.2083px;\">B<\/td>\n<\/tr>\n<tr>\n<td style=\"width: 956.875px;\">\u00b7\u00a0 \u00a0 \u00a0 Acryliques<\/td>\n<td style=\"width: 40.2083px;\">B<\/td>\n<\/tr>\n<tr>\n<td style=\"width: 956.875px;\">\u00b7\u00a0 \u00a0 \u00a0 Polyester<\/td>\n<td style=\"width: 40.2083px;\">B<\/td>\n<\/tr>\n<tr>\n<td style=\"width: 956.875px;\">\u00b7\u00a0\u00a0\u00a0\u00a0\u00a0 Precatalys\u00e9<\/td>\n<td style=\"width: 40.2083px;\">C<\/td>\n<\/tr>\n<tr>\n<td style=\"width: 956.875px;\">\u00b7\u00a0\u00a0\u00a0\u00a0\u00a0 BCA<\/td>\n<td style=\"width: 40.2083px;\">B<\/td>\n<\/tr>\n<\/tbody>\n<\/table>\n<p>Test\u00e9s selon IOS-MAT-0066\u00a0(<em>\u00e9valuation de la r\u00e9sistance de surface aux liquides froids<\/em>), ils obtiennent la valeur minimale indiqu\u00e9e:<\/p>\n<table>\n<tbody>\n<tr>\n<td style=\"width: 956.875px;\">\u00b7\u00a0 \u00a0 \u00a0 \u00c0 <span style=\"font-family: inherit; font-size: inherit;\">l&rsquo;eau pour int\u00e9rieur 1K<\/span><\/td>\n<td style=\"width: 40.2083px;\">R4<\/td>\n<\/tr>\n<tr>\n<td style=\"width: 956.875px;\">\u00b7\u00a0 \u00a0 \u00a0 \u00c0 l&rsquo;eau pour int\u00e9rieur 2K<\/td>\n<td style=\"width: 40.2083px;\">R2<\/td>\n<\/tr>\n<tr>\n<td style=\"width: 956.875px;\">\u00b7\u00a0 \u00a0 \u00a0 UV hydro<\/td>\n<td style=\"width: 40.2083px;\">R2<\/td>\n<\/tr>\n<tr>\n<td style=\"width: 956.875px;\">\u00b7\u00a0\u00a0\u00a0\u00a0\u00a0 UV 100%<\/td>\n<td style=\"width: 40.2083px;\">R2<\/td>\n<\/tr>\n<tr>\n<td style=\"width: 956.875px;\">\u00b7\u00a0 \u00a0 \u00a0 Polyur\u00e9thanes<\/td>\n<td style=\"width: 40.2083px;\">R2<\/td>\n<\/tr>\n<tr>\n<td style=\"width: 956.875px;\">\u00b7\u00a0 \u00a0 \u00a0 Acryliques<\/td>\n<td style=\"width: 40.2083px;\">R2<\/td>\n<\/tr>\n<\/tbody>\n<\/table>\n<p>&nbsp;<\/p>\n","protected":false},"featured_media":5946,"comment_status":"open","ping_status":"closed","template":"","meta":{"_et_pb_use_builder":"","_et_pb_old_content":"","_et_gb_content_width":""},"product_brand":[],"product_cat":[765,277],"product_tag":[413,281,360,280,735,723,279,734],"class_list":{"0":"post-9927","1":"product","2":"type-product","3":"status-publish","4":"has-post-thumbnail","6":"product_cat-resistance-chimique","7":"product_cat-solutions-pour-le-bois","8":"product_tag-bleu-clair","9":"product_tag-bois","10":"product_tag-laque","11":"product_tag-panneau","12":"product_tag-resistance-aux-liquides-froids","13":"product_tag-resistance-chimique","14":"product_tag-vernis","15":"product_tag-wenge-fr","17":"first","18":"instock","19":"shipping-taxable","20":"product-type-simple"},"yoast_head":"<!-- This site is optimized with the Yoast SEO plugin v27.3 - https:\/\/yoast.com\/product\/yoast-seo-wordpress\/ -->\n<title>R\u00e9sistance aux liquides froids - Milesi<\/title>\n<meta name=\"robots\" content=\"index, follow, max-snippet:-1, max-image-preview:large, max-video-preview:-1\" \/>\n<link rel=\"canonical\" href=\"https:\/\/www.milesi.com\/fr\/produit\/solutions-pour-le-bois\/resistance-chimique\/resistance-aux-liquides-froids\/\" \/>\n<meta property=\"og:locale\" content=\"fr_FR\" \/>\n<meta property=\"og:type\" content=\"article\" \/>\n<meta property=\"og:title\" content=\"R\u00e9sistance aux liquides froids - Milesi\" \/>\n<meta property=\"og:description\" content=\"Finitions qui ne se tachent pas au contact de liquides couramment utilis\u00e9s dans un cadre domestique, comme le caf\u00e9, l\u2019huile, le vin, les solutions d\u00e9tergentes ou l\u2019alcool.  Test\u00e9s selon UNI EN 12720: 2013 (\u00e9valuation de la r\u00e9sistance de surface aux liquides froids), ils obtiennent la valeur minimale indiqu\u00e9e:    \u00b7\u00a0 \u00a0 \u00a0 \u00c0 l&#039;eau pour int\u00e9rieur 1K C   \u00b7\u00a0 \u00a0 \u00a0 \u00c0 l&#039;eau pour int\u00e9rieur 2K B   \u00b7\u00a0 \u00a0 \u00a0 \u00c0 l&#039;eau pour ext\u00e9rieur 1K B   \u00b7\u00a0 \u00a0 \u00a0 UV hydro B   \u00b7\u00a0 \u00a0 \u00a0 UV solvant B   \u00b7\u00a0\u00a0\u00a0\u00a0\u00a0 UV 100% B   \u00b7\u00a0 \u00a0 \u00a0 Polyur\u00e9thanes B   \u00b7\u00a0 \u00a0 \u00a0 Acryliques B   \u00b7\u00a0 \u00a0 \u00a0 Polyester B   \u00b7\u00a0\u00a0\u00a0\u00a0\u00a0 Precatalys\u00e9 C   \u00b7\u00a0\u00a0\u00a0\u00a0\u00a0 BCA B    Test\u00e9s selon IOS-MAT-0066\u00a0(\u00e9valuation de la r\u00e9sistance de surface aux liquides froids), ils obtiennent la valeur minimale indiqu\u00e9e:    \u00b7\u00a0 \u00a0 \u00a0 \u00c0 l&#039;eau pour int\u00e9rieur 1K R4   \u00b7\u00a0 \u00a0 \u00a0 \u00c0 l&#039;eau pour int\u00e9rieur 2K R2   \u00b7\u00a0 \u00a0 \u00a0 UV hydro R2   \u00b7\u00a0\u00a0\u00a0\u00a0\u00a0 UV 100% R2   \u00b7\u00a0 \u00a0 \u00a0 Polyur\u00e9thanes R2   \u00b7\u00a0 \u00a0 \u00a0 Acryliques R2    &nbsp;\" \/>\n<meta property=\"og:url\" content=\"https:\/\/www.milesi.com\/fr\/produit\/solutions-pour-le-bois\/resistance-chimique\/resistance-aux-liquides-froids\/\" \/>\n<meta property=\"og:site_name\" content=\"Milesi\" \/>\n<meta property=\"article:publisher\" content=\"https:\/\/www.facebook.com\/MilesiVernici\" \/>\n<meta property=\"article:modified_time\" content=\"2021-01-29T14:12:36+00:00\" \/>\n<meta property=\"og:image\" content=\"https:\/\/www.milesi.com\/wp-content\/uploads\/2019\/11\/cold-liquid.jpg\" \/>\n\t<meta property=\"og:image:width\" content=\"1200\" \/>\n\t<meta property=\"og:image:height\" content=\"1200\" \/>\n\t<meta property=\"og:image:type\" content=\"image\/jpeg\" \/>\n<meta name=\"twitter:card\" content=\"summary_large_image\" \/>\n<script type=\"application\/ld+json\" class=\"yoast-schema-graph\">{\"@context\":\"https:\\\/\\\/schema.org\",\"@graph\":[{\"@type\":\"WebPage\",\"@id\":\"https:\\\/\\\/www.milesi.com\\\/fr\\\/produit\\\/solutions-pour-le-bois\\\/resistance-chimique\\\/resistance-aux-liquides-froids\\\/\",\"url\":\"https:\\\/\\\/www.milesi.com\\\/fr\\\/produit\\\/solutions-pour-le-bois\\\/resistance-chimique\\\/resistance-aux-liquides-froids\\\/\",\"name\":\"R\u00e9sistance aux liquides froids - Milesi\",\"isPartOf\":{\"@id\":\"https:\\\/\\\/www.milesi.com\\\/fr\\\/#website\"},\"primaryImageOfPage\":{\"@id\":\"https:\\\/\\\/www.milesi.com\\\/fr\\\/produit\\\/solutions-pour-le-bois\\\/resistance-chimique\\\/resistance-aux-liquides-froids\\\/#primaryimage\"},\"image\":{\"@id\":\"https:\\\/\\\/www.milesi.com\\\/fr\\\/produit\\\/solutions-pour-le-bois\\\/resistance-chimique\\\/resistance-aux-liquides-froids\\\/#primaryimage\"},\"thumbnailUrl\":\"https:\\\/\\\/www.milesi.com\\\/wp-content\\\/uploads\\\/2019\\\/11\\\/cold-liquid.jpg\",\"datePublished\":\"2019-11-11T15:02:59+00:00\",\"dateModified\":\"2021-01-29T14:12:36+00:00\",\"breadcrumb\":{\"@id\":\"https:\\\/\\\/www.milesi.com\\\/fr\\\/produit\\\/solutions-pour-le-bois\\\/resistance-chimique\\\/resistance-aux-liquides-froids\\\/#breadcrumb\"},\"inLanguage\":\"fr-FR\",\"potentialAction\":[{\"@type\":\"ReadAction\",\"target\":[\"https:\\\/\\\/www.milesi.com\\\/fr\\\/produit\\\/solutions-pour-le-bois\\\/resistance-chimique\\\/resistance-aux-liquides-froids\\\/\"]}]},{\"@type\":\"ImageObject\",\"inLanguage\":\"fr-FR\",\"@id\":\"https:\\\/\\\/www.milesi.com\\\/fr\\\/produit\\\/solutions-pour-le-bois\\\/resistance-chimique\\\/resistance-aux-liquides-froids\\\/#primaryimage\",\"url\":\"https:\\\/\\\/www.milesi.com\\\/wp-content\\\/uploads\\\/2019\\\/11\\\/cold-liquid.jpg\",\"contentUrl\":\"https:\\\/\\\/www.milesi.com\\\/wp-content\\\/uploads\\\/2019\\\/11\\\/cold-liquid.jpg\",\"width\":1200,\"height\":1200,\"caption\":\"Superficie trattata con vernice resistente ai liquidi\"},{\"@type\":\"BreadcrumbList\",\"@id\":\"https:\\\/\\\/www.milesi.com\\\/fr\\\/produit\\\/solutions-pour-le-bois\\\/resistance-chimique\\\/resistance-aux-liquides-froids\\\/#breadcrumb\",\"itemListElement\":[{\"@type\":\"ListItem\",\"position\":1,\"name\":\"Milesi - Vernis pour bois\",\"item\":\"https:\\\/\\\/www.milesi.com\\\/fr\\\/\"},{\"@type\":\"ListItem\",\"position\":2,\"name\":\"Prodotti\",\"item\":\"https:\\\/\\\/www.milesi.com\\\/prodotti\\\/\"},{\"@type\":\"ListItem\",\"position\":3,\"name\":\"R\u00e9sistance aux liquides froids\"}]},{\"@type\":\"WebSite\",\"@id\":\"https:\\\/\\\/www.milesi.com\\\/fr\\\/#website\",\"url\":\"https:\\\/\\\/www.milesi.com\\\/fr\\\/\",\"name\":\"Milesi Vernici per il legno\",\"description\":\"Vernis pour bois\",\"publisher\":{\"@id\":\"https:\\\/\\\/www.milesi.com\\\/fr\\\/#organization\"},\"alternateName\":\"Milesi\",\"potentialAction\":[{\"@type\":\"SearchAction\",\"target\":{\"@type\":\"EntryPoint\",\"urlTemplate\":\"https:\\\/\\\/www.milesi.com\\\/fr\\\/?s={search_term_string}\"},\"query-input\":{\"@type\":\"PropertyValueSpecification\",\"valueRequired\":true,\"valueName\":\"search_term_string\"}}],\"inLanguage\":\"fr-FR\"},{\"@type\":\"Organization\",\"@id\":\"https:\\\/\\\/www.milesi.com\\\/fr\\\/#organization\",\"name\":\"Milesi Vernici\",\"alternateName\":\"Milesi\",\"url\":\"https:\\\/\\\/www.milesi.com\\\/fr\\\/\",\"logo\":{\"@type\":\"ImageObject\",\"inLanguage\":\"fr-FR\",\"@id\":\"https:\\\/\\\/www.milesi.com\\\/fr\\\/#\\\/schema\\\/logo\\\/image\\\/\",\"url\":\"https:\\\/\\\/www.milesi.com\\\/wp-content\\\/uploads\\\/2022\\\/12\\\/milesi-web.png\",\"contentUrl\":\"https:\\\/\\\/www.milesi.com\\\/wp-content\\\/uploads\\\/2022\\\/12\\\/milesi-web.png\",\"width\":100,\"height\":101,\"caption\":\"Milesi Vernici\"},\"image\":{\"@id\":\"https:\\\/\\\/www.milesi.com\\\/fr\\\/#\\\/schema\\\/logo\\\/image\\\/\"},\"sameAs\":[\"https:\\\/\\\/www.facebook.com\\\/MilesiVernici\",\"https:\\\/\\\/www.youtube.com\\\/channel\\\/UCgULN6yzPgE9usmMi3CP5hQ\",\"https:\\\/\\\/www.instagram.com\\\/milesiverniciperlegno\\\/\",\"https:\\\/\\\/vimeo.com\\\/user117001108\",\"https:\\\/\\\/www.linkedin.com\\\/company\\\/milesiwoodcoatings\\\/\"]}]}<\/script>\n<!-- \/ Yoast SEO plugin. -->","yoast_head_json":{"title":"R\u00e9sistance aux liquides froids - Milesi","robots":{"index":"index","follow":"follow","max-snippet":"max-snippet:-1","max-image-preview":"max-image-preview:large","max-video-preview":"max-video-preview:-1"},"canonical":"https:\/\/www.milesi.com\/fr\/produit\/solutions-pour-le-bois\/resistance-chimique\/resistance-aux-liquides-froids\/","og_locale":"fr_FR","og_type":"article","og_title":"R\u00e9sistance aux liquides froids - Milesi","og_description":"Finitions qui ne se tachent pas au contact de liquides couramment utilis\u00e9s dans un cadre domestique, comme le caf\u00e9, l\u2019huile, le vin, les solutions d\u00e9tergentes ou l\u2019alcool.  Test\u00e9s selon UNI EN 12720: 2013 (\u00e9valuation de la r\u00e9sistance de surface aux liquides froids), ils obtiennent la valeur minimale indiqu\u00e9e:    \u00b7\u00a0 \u00a0 \u00a0 \u00c0 l'eau pour int\u00e9rieur 1K C   \u00b7\u00a0 \u00a0 \u00a0 \u00c0 l'eau pour int\u00e9rieur 2K B   \u00b7\u00a0 \u00a0 \u00a0 \u00c0 l'eau pour ext\u00e9rieur 1K B   \u00b7\u00a0 \u00a0 \u00a0 UV hydro B   \u00b7\u00a0 \u00a0 \u00a0 UV solvant B   \u00b7\u00a0\u00a0\u00a0\u00a0\u00a0 UV 100% B   \u00b7\u00a0 \u00a0 \u00a0 Polyur\u00e9thanes B   \u00b7\u00a0 \u00a0 \u00a0 Acryliques B   \u00b7\u00a0 \u00a0 \u00a0 Polyester B   \u00b7\u00a0\u00a0\u00a0\u00a0\u00a0 Precatalys\u00e9 C   \u00b7\u00a0\u00a0\u00a0\u00a0\u00a0 BCA B    Test\u00e9s selon IOS-MAT-0066\u00a0(\u00e9valuation de la r\u00e9sistance de surface aux liquides froids), ils obtiennent la valeur minimale indiqu\u00e9e:    \u00b7\u00a0 \u00a0 \u00a0 \u00c0 l'eau pour int\u00e9rieur 1K R4   \u00b7\u00a0 \u00a0 \u00a0 \u00c0 l'eau pour int\u00e9rieur 2K R2   \u00b7\u00a0 \u00a0 \u00a0 UV hydro R2   \u00b7\u00a0\u00a0\u00a0\u00a0\u00a0 UV 100% R2   \u00b7\u00a0 \u00a0 \u00a0 Polyur\u00e9thanes R2   \u00b7\u00a0 \u00a0 \u00a0 Acryliques R2    &nbsp;","og_url":"https:\/\/www.milesi.com\/fr\/produit\/solutions-pour-le-bois\/resistance-chimique\/resistance-aux-liquides-froids\/","og_site_name":"Milesi","article_publisher":"https:\/\/www.facebook.com\/MilesiVernici","article_modified_time":"2021-01-29T14:12:36+00:00","og_image":[{"width":1200,"height":1200,"url":"https:\/\/www.milesi.com\/wp-content\/uploads\/2019\/11\/cold-liquid.jpg","type":"image\/jpeg"}],"twitter_card":"summary_large_image","schema":{"@context":"https:\/\/schema.org","@graph":[{"@type":"WebPage","@id":"https:\/\/www.milesi.com\/fr\/produit\/solutions-pour-le-bois\/resistance-chimique\/resistance-aux-liquides-froids\/","url":"https:\/\/www.milesi.com\/fr\/produit\/solutions-pour-le-bois\/resistance-chimique\/resistance-aux-liquides-froids\/","name":"R\u00e9sistance aux liquides froids - Milesi","isPartOf":{"@id":"https:\/\/www.milesi.com\/fr\/#website"},"primaryImageOfPage":{"@id":"https:\/\/www.milesi.com\/fr\/produit\/solutions-pour-le-bois\/resistance-chimique\/resistance-aux-liquides-froids\/#primaryimage"},"image":{"@id":"https:\/\/www.milesi.com\/fr\/produit\/solutions-pour-le-bois\/resistance-chimique\/resistance-aux-liquides-froids\/#primaryimage"},"thumbnailUrl":"https:\/\/www.milesi.com\/wp-content\/uploads\/2019\/11\/cold-liquid.jpg","datePublished":"2019-11-11T15:02:59+00:00","dateModified":"2021-01-29T14:12:36+00:00","breadcrumb":{"@id":"https:\/\/www.milesi.com\/fr\/produit\/solutions-pour-le-bois\/resistance-chimique\/resistance-aux-liquides-froids\/#breadcrumb"},"inLanguage":"fr-FR","potentialAction":[{"@type":"ReadAction","target":["https:\/\/www.milesi.com\/fr\/produit\/solutions-pour-le-bois\/resistance-chimique\/resistance-aux-liquides-froids\/"]}]},{"@type":"ImageObject","inLanguage":"fr-FR","@id":"https:\/\/www.milesi.com\/fr\/produit\/solutions-pour-le-bois\/resistance-chimique\/resistance-aux-liquides-froids\/#primaryimage","url":"https:\/\/www.milesi.com\/wp-content\/uploads\/2019\/11\/cold-liquid.jpg","contentUrl":"https:\/\/www.milesi.com\/wp-content\/uploads\/2019\/11\/cold-liquid.jpg","width":1200,"height":1200,"caption":"Superficie trattata con vernice resistente ai liquidi"},{"@type":"BreadcrumbList","@id":"https:\/\/www.milesi.com\/fr\/produit\/solutions-pour-le-bois\/resistance-chimique\/resistance-aux-liquides-froids\/#breadcrumb","itemListElement":[{"@type":"ListItem","position":1,"name":"Milesi - Vernis pour bois","item":"https:\/\/www.milesi.com\/fr\/"},{"@type":"ListItem","position":2,"name":"Prodotti","item":"https:\/\/www.milesi.com\/prodotti\/"},{"@type":"ListItem","position":3,"name":"R\u00e9sistance aux liquides froids"}]},{"@type":"WebSite","@id":"https:\/\/www.milesi.com\/fr\/#website","url":"https:\/\/www.milesi.com\/fr\/","name":"Milesi Vernici per il legno","description":"Vernis pour bois","publisher":{"@id":"https:\/\/www.milesi.com\/fr\/#organization"},"alternateName":"Milesi","potentialAction":[{"@type":"SearchAction","target":{"@type":"EntryPoint","urlTemplate":"https:\/\/www.milesi.com\/fr\/?s={search_term_string}"},"query-input":{"@type":"PropertyValueSpecification","valueRequired":true,"valueName":"search_term_string"}}],"inLanguage":"fr-FR"},{"@type":"Organization","@id":"https:\/\/www.milesi.com\/fr\/#organization","name":"Milesi Vernici","alternateName":"Milesi","url":"https:\/\/www.milesi.com\/fr\/","logo":{"@type":"ImageObject","inLanguage":"fr-FR","@id":"https:\/\/www.milesi.com\/fr\/#\/schema\/logo\/image\/","url":"https:\/\/www.milesi.com\/wp-content\/uploads\/2022\/12\/milesi-web.png","contentUrl":"https:\/\/www.milesi.com\/wp-content\/uploads\/2022\/12\/milesi-web.png","width":100,"height":101,"caption":"Milesi Vernici"},"image":{"@id":"https:\/\/www.milesi.com\/fr\/#\/schema\/logo\/image\/"},"sameAs":["https:\/\/www.facebook.com\/MilesiVernici","https:\/\/www.youtube.com\/channel\/UCgULN6yzPgE9usmMi3CP5hQ","https:\/\/www.instagram.com\/milesiverniciperlegno\/","https:\/\/vimeo.com\/user117001108","https:\/\/www.linkedin.com\/company\/milesiwoodcoatings\/"]}]}},"_links":{"self":[{"href":"https:\/\/www.milesi.com\/fr\/wp-json\/wp\/v2\/product\/9927","targetHints":{"allow":["GET"]}}],"collection":[{"href":"https:\/\/www.milesi.com\/fr\/wp-json\/wp\/v2\/product"}],"about":[{"href":"https:\/\/www.milesi.com\/fr\/wp-json\/wp\/v2\/types\/product"}],"replies":[{"embeddable":true,"href":"https:\/\/www.milesi.com\/fr\/wp-json\/wp\/v2\/comments?post=9927"}],"wp:featuredmedia":[{"embeddable":true,"href":"https:\/\/www.milesi.com\/fr\/wp-json\/wp\/v2\/media\/5946"}],"wp:attachment":[{"href":"https:\/\/www.milesi.com\/fr\/wp-json\/wp\/v2\/media?parent=9927"}],"wp:term":[{"taxonomy":"product_brand","embeddable":true,"href":"https:\/\/www.milesi.com\/fr\/wp-json\/wp\/v2\/product_brand?post=9927"},{"taxonomy":"product_cat","embeddable":true,"href":"https:\/\/www.milesi.com\/fr\/wp-json\/wp\/v2\/product_cat?post=9927"},{"taxonomy":"product_tag","embeddable":true,"href":"https:\/\/www.milesi.com\/fr\/wp-json\/wp\/v2\/product_tag?post=9927"}],"curies":[{"name":"wp","href":"https:\/\/api.w.org\/{rel}","templated":true}]}}