{"id":9956,"date":"2019-11-11T16:35:20","date_gmt":"2019-11-11T15:35:20","guid":{"rendered":"http:\/\/www.milesi.com\/shop\/non class\u00e9\/vernis-pour-papier-decor\/"},"modified":"2019-11-11T16:35:20","modified_gmt":"2019-11-11T15:35:20","slug":"vernis-pour-papier-decor","status":"publish","type":"product","link":"https:\/\/www.milesi.com\/fr\/produit\/solutions-pour-autres-matieres\/vernis-pour-papier-decor\/","title":{"rendered":"Vernis pour Papier Decor"},"content":{"rendered":"","protected":false},"excerpt":{"rendered":"<p>\u00c0 base d\u2019eau et de solvant, ils conviennent parfaitement \u00e0 l\u2019ensemble des papiers d\u00e9coratifs impr\u00e9gn\u00e9s utilis\u00e9s pour le rev\u00eatement de panneaux de particules, MDF et HDF, plats ou profil\u00e9s. Ils procurent aux surfaces une excellente r\u00e9sistance physique et chimique. Les finitions sont disponibles dans une infinit\u00e9 d\u2019effets esth\u00e9tiques et dans toutes les couleurs souhait\u00e9es.<\/p>\n<p>Milesi a d\u00e9velopp\u00e9 \u00e9galement un proc\u00e9d\u00e9 de vernissage innovant avec des finitions UV \u00ab\u00a0toucher doux\u00a0\u00bb de tr\u00e8s faible opacit\u00e9 pour les surfaces caract\u00e9ris\u00e9es par une r\u00e9sistance \u00e9lev\u00e9e aux rayures, \u00e0 l\u2019abrasion et aux empreintes.<\/p>\n","protected":false},"featured_media":11767,"comment_status":"open","ping_status":"closed","template":"","meta":{"_et_pb_use_builder":"","_et_pb_old_content":"","_et_gb_content_width":""},"product_brand":[],"product_cat":[746],"product_tag":[],"class_list":{"0":"post-9956","1":"product","2":"type-product","3":"status-publish","4":"has-post-thumbnail","6":"product_cat-solutions-pour-autres-matieres","8":"first","9":"instock","10":"featured","11":"shipping-taxable","12":"product-type-simple"},"yoast_head":"<!-- This site is optimized with the Yoast SEO plugin v27.3 - https:\/\/yoast.com\/product\/yoast-seo-wordpress\/ -->\n<title>Vernis pour Papier Decor - Milesi<\/title>\n<meta name=\"robots\" content=\"index, follow, max-snippet:-1, max-image-preview:large, max-video-preview:-1\" \/>\n<link rel=\"canonical\" href=\"https:\/\/www.milesi.com\/fr\/produit\/solutions-pour-autres-matieres\/vernis-pour-papier-decor\/\" \/>\n<meta property=\"og:locale\" content=\"fr_FR\" \/>\n<meta property=\"og:type\" content=\"article\" \/>\n<meta property=\"og:title\" content=\"Vernis pour Papier Decor - Milesi\" \/>\n<meta property=\"og:description\" content=\"\u00c0 base d\u2019eau et de solvant, ils conviennent parfaitement \u00e0 l\u2019ensemble des papiers d\u00e9coratifs impr\u00e9gn\u00e9s utilis\u00e9s pour le rev\u00eatement de panneaux de particules, MDF et HDF, plats ou profil\u00e9s. Ils procurent aux surfaces une excellente r\u00e9sistance physique et chimique. Les finitions sont disponibles dans une infinit\u00e9 d\u2019effets esth\u00e9tiques et dans toutes les couleurs souhait\u00e9es.  Milesi a d\u00e9velopp\u00e9 \u00e9galement un proc\u00e9d\u00e9 de vernissage innovant avec des finitions UV \u00ab\u00a0toucher doux\u00a0\u00bb de tr\u00e8s faible opacit\u00e9 pour les surfaces caract\u00e9ris\u00e9es par une r\u00e9sistance \u00e9lev\u00e9e aux rayures, \u00e0 l\u2019abrasion et aux empreintes.\" \/>\n<meta property=\"og:url\" content=\"https:\/\/www.milesi.com\/fr\/produit\/solutions-pour-autres-matieres\/vernis-pour-papier-decor\/\" \/>\n<meta property=\"og:site_name\" content=\"Milesi\" \/>\n<meta property=\"article:publisher\" content=\"https:\/\/www.facebook.com\/MilesiVernici\" \/>\n<meta property=\"og:image\" content=\"https:\/\/www.milesi.com\/wp-content\/uploads\/2019\/08\/carte-impregnate.jpg\" \/>\n\t<meta property=\"og:image:width\" content=\"1200\" \/>\n\t<meta property=\"og:image:height\" content=\"1200\" \/>\n\t<meta property=\"og:image:type\" content=\"image\/jpeg\" \/>\n<meta name=\"twitter:card\" content=\"summary_large_image\" \/>\n<script type=\"application\/ld+json\" class=\"yoast-schema-graph\">{\"@context\":\"https:\\\/\\\/schema.org\",\"@graph\":[{\"@type\":\"WebPage\",\"@id\":\"https:\\\/\\\/www.milesi.com\\\/fr\\\/produit\\\/solutions-pour-autres-matieres\\\/vernis-pour-papier-decor\\\/\",\"url\":\"https:\\\/\\\/www.milesi.com\\\/fr\\\/produit\\\/solutions-pour-autres-matieres\\\/vernis-pour-papier-decor\\\/\",\"name\":\"Vernis pour Papier Decor - Milesi\",\"isPartOf\":{\"@id\":\"https:\\\/\\\/www.milesi.com\\\/fr\\\/#website\"},\"primaryImageOfPage\":{\"@id\":\"https:\\\/\\\/www.milesi.com\\\/fr\\\/produit\\\/solutions-pour-autres-matieres\\\/vernis-pour-papier-decor\\\/#primaryimage\"},\"image\":{\"@id\":\"https:\\\/\\\/www.milesi.com\\\/fr\\\/produit\\\/solutions-pour-autres-matieres\\\/vernis-pour-papier-decor\\\/#primaryimage\"},\"thumbnailUrl\":\"https:\\\/\\\/www.milesi.com\\\/wp-content\\\/uploads\\\/2019\\\/08\\\/carte-impregnate.jpg\",\"datePublished\":\"2019-11-11T15:35:20+00:00\",\"breadcrumb\":{\"@id\":\"https:\\\/\\\/www.milesi.com\\\/fr\\\/produit\\\/solutions-pour-autres-matieres\\\/vernis-pour-papier-decor\\\/#breadcrumb\"},\"inLanguage\":\"fr-FR\",\"potentialAction\":[{\"@type\":\"ReadAction\",\"target\":[\"https:\\\/\\\/www.milesi.com\\\/fr\\\/produit\\\/solutions-pour-autres-matieres\\\/vernis-pour-papier-decor\\\/\"]}]},{\"@type\":\"ImageObject\",\"inLanguage\":\"fr-FR\",\"@id\":\"https:\\\/\\\/www.milesi.com\\\/fr\\\/produit\\\/solutions-pour-autres-matieres\\\/vernis-pour-papier-decor\\\/#primaryimage\",\"url\":\"https:\\\/\\\/www.milesi.com\\\/wp-content\\\/uploads\\\/2019\\\/08\\\/carte-impregnate.jpg\",\"contentUrl\":\"https:\\\/\\\/www.milesi.com\\\/wp-content\\\/uploads\\\/2019\\\/08\\\/carte-impregnate.jpg\",\"width\":1200,\"height\":1200,\"caption\":\"Vernici per carte decorative impregnate\"},{\"@type\":\"BreadcrumbList\",\"@id\":\"https:\\\/\\\/www.milesi.com\\\/fr\\\/produit\\\/solutions-pour-autres-matieres\\\/vernis-pour-papier-decor\\\/#breadcrumb\",\"itemListElement\":[{\"@type\":\"ListItem\",\"position\":1,\"name\":\"Milesi - Vernis pour bois\",\"item\":\"https:\\\/\\\/www.milesi.com\\\/fr\\\/\"},{\"@type\":\"ListItem\",\"position\":2,\"name\":\"Prodotti\",\"item\":\"https:\\\/\\\/www.milesi.com\\\/prodotti\\\/\"},{\"@type\":\"ListItem\",\"position\":3,\"name\":\"Vernis pour Papier Decor\"}]},{\"@type\":\"WebSite\",\"@id\":\"https:\\\/\\\/www.milesi.com\\\/fr\\\/#website\",\"url\":\"https:\\\/\\\/www.milesi.com\\\/fr\\\/\",\"name\":\"Milesi Vernici per il legno\",\"description\":\"Vernis pour bois\",\"publisher\":{\"@id\":\"https:\\\/\\\/www.milesi.com\\\/fr\\\/#organization\"},\"alternateName\":\"Milesi\",\"potentialAction\":[{\"@type\":\"SearchAction\",\"target\":{\"@type\":\"EntryPoint\",\"urlTemplate\":\"https:\\\/\\\/www.milesi.com\\\/fr\\\/?s={search_term_string}\"},\"query-input\":{\"@type\":\"PropertyValueSpecification\",\"valueRequired\":true,\"valueName\":\"search_term_string\"}}],\"inLanguage\":\"fr-FR\"},{\"@type\":\"Organization\",\"@id\":\"https:\\\/\\\/www.milesi.com\\\/fr\\\/#organization\",\"name\":\"Milesi Vernici\",\"alternateName\":\"Milesi\",\"url\":\"https:\\\/\\\/www.milesi.com\\\/fr\\\/\",\"logo\":{\"@type\":\"ImageObject\",\"inLanguage\":\"fr-FR\",\"@id\":\"https:\\\/\\\/www.milesi.com\\\/fr\\\/#\\\/schema\\\/logo\\\/image\\\/\",\"url\":\"https:\\\/\\\/www.milesi.com\\\/wp-content\\\/uploads\\\/2022\\\/12\\\/milesi-web.png\",\"contentUrl\":\"https:\\\/\\\/www.milesi.com\\\/wp-content\\\/uploads\\\/2022\\\/12\\\/milesi-web.png\",\"width\":100,\"height\":101,\"caption\":\"Milesi Vernici\"},\"image\":{\"@id\":\"https:\\\/\\\/www.milesi.com\\\/fr\\\/#\\\/schema\\\/logo\\\/image\\\/\"},\"sameAs\":[\"https:\\\/\\\/www.facebook.com\\\/MilesiVernici\",\"https:\\\/\\\/www.youtube.com\\\/channel\\\/UCgULN6yzPgE9usmMi3CP5hQ\",\"https:\\\/\\\/www.instagram.com\\\/milesiverniciperlegno\\\/\",\"https:\\\/\\\/vimeo.com\\\/user117001108\",\"https:\\\/\\\/www.linkedin.com\\\/company\\\/milesiwoodcoatings\\\/\"]}]}<\/script>\n<!-- \/ Yoast SEO plugin. -->","yoast_head_json":{"title":"Vernis pour Papier Decor - Milesi","robots":{"index":"index","follow":"follow","max-snippet":"max-snippet:-1","max-image-preview":"max-image-preview:large","max-video-preview":"max-video-preview:-1"},"canonical":"https:\/\/www.milesi.com\/fr\/produit\/solutions-pour-autres-matieres\/vernis-pour-papier-decor\/","og_locale":"fr_FR","og_type":"article","og_title":"Vernis pour Papier Decor - Milesi","og_description":"\u00c0 base d\u2019eau et de solvant, ils conviennent parfaitement \u00e0 l\u2019ensemble des papiers d\u00e9coratifs impr\u00e9gn\u00e9s utilis\u00e9s pour le rev\u00eatement de panneaux de particules, MDF et HDF, plats ou profil\u00e9s. Ils procurent aux surfaces une excellente r\u00e9sistance physique et chimique. Les finitions sont disponibles dans une infinit\u00e9 d\u2019effets esth\u00e9tiques et dans toutes les couleurs souhait\u00e9es.  Milesi a d\u00e9velopp\u00e9 \u00e9galement un proc\u00e9d\u00e9 de vernissage innovant avec des finitions UV \u00ab\u00a0toucher doux\u00a0\u00bb de tr\u00e8s faible opacit\u00e9 pour les surfaces caract\u00e9ris\u00e9es par une r\u00e9sistance \u00e9lev\u00e9e aux rayures, \u00e0 l\u2019abrasion et aux empreintes.","og_url":"https:\/\/www.milesi.com\/fr\/produit\/solutions-pour-autres-matieres\/vernis-pour-papier-decor\/","og_site_name":"Milesi","article_publisher":"https:\/\/www.facebook.com\/MilesiVernici","og_image":[{"width":1200,"height":1200,"url":"https:\/\/www.milesi.com\/wp-content\/uploads\/2019\/08\/carte-impregnate.jpg","type":"image\/jpeg"}],"twitter_card":"summary_large_image","schema":{"@context":"https:\/\/schema.org","@graph":[{"@type":"WebPage","@id":"https:\/\/www.milesi.com\/fr\/produit\/solutions-pour-autres-matieres\/vernis-pour-papier-decor\/","url":"https:\/\/www.milesi.com\/fr\/produit\/solutions-pour-autres-matieres\/vernis-pour-papier-decor\/","name":"Vernis pour Papier Decor - Milesi","isPartOf":{"@id":"https:\/\/www.milesi.com\/fr\/#website"},"primaryImageOfPage":{"@id":"https:\/\/www.milesi.com\/fr\/produit\/solutions-pour-autres-matieres\/vernis-pour-papier-decor\/#primaryimage"},"image":{"@id":"https:\/\/www.milesi.com\/fr\/produit\/solutions-pour-autres-matieres\/vernis-pour-papier-decor\/#primaryimage"},"thumbnailUrl":"https:\/\/www.milesi.com\/wp-content\/uploads\/2019\/08\/carte-impregnate.jpg","datePublished":"2019-11-11T15:35:20+00:00","breadcrumb":{"@id":"https:\/\/www.milesi.com\/fr\/produit\/solutions-pour-autres-matieres\/vernis-pour-papier-decor\/#breadcrumb"},"inLanguage":"fr-FR","potentialAction":[{"@type":"ReadAction","target":["https:\/\/www.milesi.com\/fr\/produit\/solutions-pour-autres-matieres\/vernis-pour-papier-decor\/"]}]},{"@type":"ImageObject","inLanguage":"fr-FR","@id":"https:\/\/www.milesi.com\/fr\/produit\/solutions-pour-autres-matieres\/vernis-pour-papier-decor\/#primaryimage","url":"https:\/\/www.milesi.com\/wp-content\/uploads\/2019\/08\/carte-impregnate.jpg","contentUrl":"https:\/\/www.milesi.com\/wp-content\/uploads\/2019\/08\/carte-impregnate.jpg","width":1200,"height":1200,"caption":"Vernici per carte decorative impregnate"},{"@type":"BreadcrumbList","@id":"https:\/\/www.milesi.com\/fr\/produit\/solutions-pour-autres-matieres\/vernis-pour-papier-decor\/#breadcrumb","itemListElement":[{"@type":"ListItem","position":1,"name":"Milesi - Vernis pour bois","item":"https:\/\/www.milesi.com\/fr\/"},{"@type":"ListItem","position":2,"name":"Prodotti","item":"https:\/\/www.milesi.com\/prodotti\/"},{"@type":"ListItem","position":3,"name":"Vernis pour Papier Decor"}]},{"@type":"WebSite","@id":"https:\/\/www.milesi.com\/fr\/#website","url":"https:\/\/www.milesi.com\/fr\/","name":"Milesi Vernici per il legno","description":"Vernis pour bois","publisher":{"@id":"https:\/\/www.milesi.com\/fr\/#organization"},"alternateName":"Milesi","potentialAction":[{"@type":"SearchAction","target":{"@type":"EntryPoint","urlTemplate":"https:\/\/www.milesi.com\/fr\/?s={search_term_string}"},"query-input":{"@type":"PropertyValueSpecification","valueRequired":true,"valueName":"search_term_string"}}],"inLanguage":"fr-FR"},{"@type":"Organization","@id":"https:\/\/www.milesi.com\/fr\/#organization","name":"Milesi Vernici","alternateName":"Milesi","url":"https:\/\/www.milesi.com\/fr\/","logo":{"@type":"ImageObject","inLanguage":"fr-FR","@id":"https:\/\/www.milesi.com\/fr\/#\/schema\/logo\/image\/","url":"https:\/\/www.milesi.com\/wp-content\/uploads\/2022\/12\/milesi-web.png","contentUrl":"https:\/\/www.milesi.com\/wp-content\/uploads\/2022\/12\/milesi-web.png","width":100,"height":101,"caption":"Milesi Vernici"},"image":{"@id":"https:\/\/www.milesi.com\/fr\/#\/schema\/logo\/image\/"},"sameAs":["https:\/\/www.facebook.com\/MilesiVernici","https:\/\/www.youtube.com\/channel\/UCgULN6yzPgE9usmMi3CP5hQ","https:\/\/www.instagram.com\/milesiverniciperlegno\/","https:\/\/vimeo.com\/user117001108","https:\/\/www.linkedin.com\/company\/milesiwoodcoatings\/"]}]}},"_links":{"self":[{"href":"https:\/\/www.milesi.com\/fr\/wp-json\/wp\/v2\/product\/9956","targetHints":{"allow":["GET"]}}],"collection":[{"href":"https:\/\/www.milesi.com\/fr\/wp-json\/wp\/v2\/product"}],"about":[{"href":"https:\/\/www.milesi.com\/fr\/wp-json\/wp\/v2\/types\/product"}],"replies":[{"embeddable":true,"href":"https:\/\/www.milesi.com\/fr\/wp-json\/wp\/v2\/comments?post=9956"}],"wp:featuredmedia":[{"embeddable":true,"href":"https:\/\/www.milesi.com\/fr\/wp-json\/wp\/v2\/media\/11767"}],"wp:attachment":[{"href":"https:\/\/www.milesi.com\/fr\/wp-json\/wp\/v2\/media?parent=9956"}],"wp:term":[{"taxonomy":"product_brand","embeddable":true,"href":"https:\/\/www.milesi.com\/fr\/wp-json\/wp\/v2\/product_brand?post=9956"},{"taxonomy":"product_cat","embeddable":true,"href":"https:\/\/www.milesi.com\/fr\/wp-json\/wp\/v2\/product_cat?post=9956"},{"taxonomy":"product_tag","embeddable":true,"href":"https:\/\/www.milesi.com\/fr\/wp-json\/wp\/v2\/product_tag?post=9956"}],"curies":[{"name":"wp","href":"https:\/\/api.w.org\/{rel}","templated":true}]}}