{"id":10655,"date":"2020-09-25T17:35:04","date_gmt":"2020-09-25T15:35:04","guid":{"rendered":"http:\/\/www.milesi.com\/?page_id=10655"},"modified":"2025-04-15T17:55:53","modified_gmt":"2025-04-15T15:55:53","slug":"nasi-klienci","status":"publish","type":"page","link":"https:\/\/www.milesi.com\/pl\/nasi-klienci\/","title":{"rendered":"Nasi Klienci"},"content":{"rendered":"<p style=\"text-align: justify;\"><strong>Produkty Milesi<\/strong> zosta\u0142y zaprojektowane tak, aby sprosta\u0107 wszelkim potrzebom lakierniczym wszystkich profesjonalnych u\u017cytkownik\u00f3w, od rzemie\u015blnik\u00f3w po du\u017cy przemys\u0142.<\/p>\n<p style=\"text-align: justify;\">Ka\u017cdemu <strong>Klientowi<\/strong> udost\u0119pnia si\u0119 dedykowan\u0105, doradcz\u0105 i wykwalifikowan\u0105 <strong>Pomoc Techniczn\u0105<\/strong>, by go wesprze\u0107 w doborze najbardziej odpowiednich rozwi\u0105za\u0144 w zale\u017cno\u015bci od profilu produkcji, u\u017cytych materia\u0142\u00f3w, dost\u0119pnych system\u00f3w aplikacji i suszenia. Dob\u00f3r ten przyporz\u0105dkowany jest ponadto\u00a0 celom, kt\u00f3re chce si\u0119 osi\u0105gn\u0105\u0107: od w\u0142a\u015bciwo\u015bci wyko\u0144czenia,\u00a0 jego chemicznych\u00a0 i\u00a0 fizycznych\u00a0 odporno\u015bci , jak i estetycznych &#8211; po produktywno\u015b\u0107 podczas wykonywania cyklu lakierowania; od maksymalnego ograniczenia wp\u0142ywu na \u015brodowisko naturalne &#8211; po \u0142atwo\u015b\u0107 stosowania produkt\u00f3w.<\/p>\n<p><img loading=\"lazy\" decoding=\"async\" class=\"wp-image-14242  aligncenter\" src=\"https:\/\/www.milesi.com\/wp-content\/uploads\/2021\/03\/i-nostri-clienti-1024x683.jpg\" alt=\"\" width=\"1015\" height=\"677\" srcset=\"https:\/\/www.milesi.com\/wp-content\/uploads\/2021\/03\/i-nostri-clienti-1024x683.jpg 1024w, https:\/\/www.milesi.com\/wp-content\/uploads\/2021\/03\/i-nostri-clienti-scaled-600x400.jpg 600w, https:\/\/www.milesi.com\/wp-content\/uploads\/2021\/03\/i-nostri-clienti-300x200.jpg 300w, https:\/\/www.milesi.com\/wp-content\/uploads\/2021\/03\/i-nostri-clienti-768x512.jpg 768w, https:\/\/www.milesi.com\/wp-content\/uploads\/2021\/03\/i-nostri-clienti-1536x1024.jpg 1536w, https:\/\/www.milesi.com\/wp-content\/uploads\/2021\/03\/i-nostri-clienti-2048x1365.jpg 2048w, https:\/\/www.milesi.com\/wp-content\/uploads\/2021\/03\/i-nostri-clienti-24x16.jpg 24w, https:\/\/www.milesi.com\/wp-content\/uploads\/2021\/03\/i-nostri-clienti-36x24.jpg 36w, https:\/\/www.milesi.com\/wp-content\/uploads\/2021\/03\/i-nostri-clienti-256x171.jpg 256w\" sizes=\"(max-width: 1015px) 100vw, 1015px\" \/><\/p>\n","protected":false},"excerpt":{"rendered":"<p>Produkty Milesi zosta\u0142y zaprojektowane tak, aby sprosta\u0107 wszelkim potrzebom lakierniczym wszystkich profesjonalnych u\u017cytkownik\u00f3w, od rzemie\u015blnik\u00f3w po du\u017cy przemys\u0142. Ka\u017cdemu Klientowi udost\u0119pnia si\u0119 dedykowan\u0105, doradcz\u0105 i wykwalifikowan\u0105 Pomoc Techniczn\u0105, by go wesprze\u0107 w doborze najbardziej odpowiednich rozwi\u0105za\u0144 w zale\u017cno\u015bci od profilu produkcji, u\u017cytych materia\u0142\u00f3w, dost\u0119pnych system\u00f3w aplikacji i suszenia. Dob\u00f3r ten przyporz\u0105dkowany jest ponadto\u00a0 celom, kt\u00f3re [&hellip;]<\/p>\n","protected":false},"author":5,"featured_media":0,"parent":0,"menu_order":61,"comment_status":"closed","ping_status":"closed","template":"","meta":{"_et_pb_use_builder":"","_et_pb_old_content":"","_et_gb_content_width":"","footnotes":""},"class_list":["post-10655","page","type-page","status-publish","hentry"],"yoast_head":"<!-- This site is optimized with the Yoast SEO plugin v27.3 - https:\/\/yoast.com\/product\/yoast-seo-wordpress\/ -->\n<title>Nasi Klienci - Milesi<\/title>\n<meta name=\"robots\" content=\"noindex, follow\" \/>\n<meta property=\"og:locale\" content=\"pl_PL\" \/>\n<meta property=\"og:type\" content=\"article\" \/>\n<meta property=\"og:title\" content=\"Nasi Klienci - Milesi\" \/>\n<meta property=\"og:description\" content=\"Produkty Milesi zosta\u0142y zaprojektowane tak, aby sprosta\u0107 wszelkim potrzebom lakierniczym wszystkich profesjonalnych u\u017cytkownik\u00f3w, od rzemie\u015blnik\u00f3w po du\u017cy przemys\u0142. Ka\u017cdemu Klientowi udost\u0119pnia si\u0119 dedykowan\u0105, doradcz\u0105 i wykwalifikowan\u0105 Pomoc Techniczn\u0105, by go wesprze\u0107 w doborze najbardziej odpowiednich rozwi\u0105za\u0144 w zale\u017cno\u015bci od profilu produkcji, u\u017cytych materia\u0142\u00f3w, dost\u0119pnych system\u00f3w aplikacji i suszenia. Dob\u00f3r ten przyporz\u0105dkowany jest ponadto\u00a0 celom, kt\u00f3re [&hellip;]\" \/>\n<meta property=\"og:url\" content=\"https:\/\/www.milesi.com\/pl\/nasi-klienci\/\" \/>\n<meta property=\"og:site_name\" content=\"Milesi\" \/>\n<meta property=\"article:publisher\" content=\"https:\/\/www.facebook.com\/MilesiVernici\" \/>\n<meta property=\"article:modified_time\" content=\"2025-04-15T15:55:53+00:00\" \/>\n<meta property=\"og:image\" content=\"https:\/\/www.milesi.com\/wp-content\/uploads\/2021\/03\/i-nostri-clienti-1024x683.jpg\" \/>\n<meta name=\"twitter:card\" content=\"summary_large_image\" \/>\n<meta name=\"twitter:label1\" content=\"Szacowany czas czytania\" \/>\n\t<meta name=\"twitter:data1\" content=\"1 minuta\" \/>\n<script type=\"application\/ld+json\" class=\"yoast-schema-graph\">{\"@context\":\"https:\\\/\\\/schema.org\",\"@graph\":[{\"@type\":\"WebPage\",\"@id\":\"https:\\\/\\\/www.milesi.com\\\/pl\\\/nasi-klienci\\\/\",\"url\":\"https:\\\/\\\/www.milesi.com\\\/pl\\\/nasi-klienci\\\/\",\"name\":\"Nasi Klienci - Milesi\",\"isPartOf\":{\"@id\":\"https:\\\/\\\/www.milesi.com\\\/pl\\\/#website\"},\"primaryImageOfPage\":{\"@id\":\"https:\\\/\\\/www.milesi.com\\\/pl\\\/nasi-klienci\\\/#primaryimage\"},\"image\":{\"@id\":\"https:\\\/\\\/www.milesi.com\\\/pl\\\/nasi-klienci\\\/#primaryimage\"},\"thumbnailUrl\":\"https:\\\/\\\/www.milesi.com\\\/wp-content\\\/uploads\\\/2021\\\/03\\\/i-nostri-clienti-1024x683.jpg\",\"datePublished\":\"2020-09-25T15:35:04+00:00\",\"dateModified\":\"2025-04-15T15:55:53+00:00\",\"breadcrumb\":{\"@id\":\"https:\\\/\\\/www.milesi.com\\\/pl\\\/nasi-klienci\\\/#breadcrumb\"},\"inLanguage\":\"pl-PL\",\"potentialAction\":[{\"@type\":\"ReadAction\",\"target\":[\"https:\\\/\\\/www.milesi.com\\\/pl\\\/nasi-klienci\\\/\"]}]},{\"@type\":\"ImageObject\",\"inLanguage\":\"pl-PL\",\"@id\":\"https:\\\/\\\/www.milesi.com\\\/pl\\\/nasi-klienci\\\/#primaryimage\",\"url\":\"https:\\\/\\\/www.milesi.com\\\/wp-content\\\/uploads\\\/2021\\\/03\\\/i-nostri-clienti-1024x683.jpg\",\"contentUrl\":\"https:\\\/\\\/www.milesi.com\\\/wp-content\\\/uploads\\\/2021\\\/03\\\/i-nostri-clienti-1024x683.jpg\"},{\"@type\":\"BreadcrumbList\",\"@id\":\"https:\\\/\\\/www.milesi.com\\\/pl\\\/nasi-klienci\\\/#breadcrumb\",\"itemListElement\":[{\"@type\":\"ListItem\",\"position\":1,\"name\":\"Milesi - Lakiery do drewna\",\"item\":\"https:\\\/\\\/www.milesi.com\\\/pl\\\/\"},{\"@type\":\"ListItem\",\"position\":2,\"name\":\"Nasi Klienci\"}]},{\"@type\":\"WebSite\",\"@id\":\"https:\\\/\\\/www.milesi.com\\\/pl\\\/#website\",\"url\":\"https:\\\/\\\/www.milesi.com\\\/pl\\\/\",\"name\":\"Milesi Vernici per il legno\",\"description\":\"Lakiery do drewna\",\"publisher\":{\"@id\":\"https:\\\/\\\/www.milesi.com\\\/pl\\\/#organization\"},\"alternateName\":\"Milesi\",\"potentialAction\":[{\"@type\":\"SearchAction\",\"target\":{\"@type\":\"EntryPoint\",\"urlTemplate\":\"https:\\\/\\\/www.milesi.com\\\/pl\\\/?s={search_term_string}\"},\"query-input\":{\"@type\":\"PropertyValueSpecification\",\"valueRequired\":true,\"valueName\":\"search_term_string\"}}],\"inLanguage\":\"pl-PL\"},{\"@type\":\"Organization\",\"@id\":\"https:\\\/\\\/www.milesi.com\\\/pl\\\/#organization\",\"name\":\"Milesi Vernici\",\"alternateName\":\"Milesi\",\"url\":\"https:\\\/\\\/www.milesi.com\\\/pl\\\/\",\"logo\":{\"@type\":\"ImageObject\",\"inLanguage\":\"pl-PL\",\"@id\":\"https:\\\/\\\/www.milesi.com\\\/pl\\\/#\\\/schema\\\/logo\\\/image\\\/\",\"url\":\"https:\\\/\\\/www.milesi.com\\\/wp-content\\\/uploads\\\/2022\\\/12\\\/milesi-web.png\",\"contentUrl\":\"https:\\\/\\\/www.milesi.com\\\/wp-content\\\/uploads\\\/2022\\\/12\\\/milesi-web.png\",\"width\":100,\"height\":101,\"caption\":\"Milesi Vernici\"},\"image\":{\"@id\":\"https:\\\/\\\/www.milesi.com\\\/pl\\\/#\\\/schema\\\/logo\\\/image\\\/\"},\"sameAs\":[\"https:\\\/\\\/www.facebook.com\\\/MilesiVernici\",\"https:\\\/\\\/www.youtube.com\\\/channel\\\/UCgULN6yzPgE9usmMi3CP5hQ\",\"https:\\\/\\\/www.instagram.com\\\/milesiverniciperlegno\\\/\",\"https:\\\/\\\/vimeo.com\\\/user117001108\",\"https:\\\/\\\/www.linkedin.com\\\/company\\\/milesiwoodcoatings\\\/\"]}]}<\/script>\n<!-- \/ Yoast SEO plugin. -->","yoast_head_json":{"title":"Nasi Klienci - Milesi","robots":{"index":"noindex","follow":"follow"},"og_locale":"pl_PL","og_type":"article","og_title":"Nasi Klienci - Milesi","og_description":"Produkty Milesi zosta\u0142y zaprojektowane tak, aby sprosta\u0107 wszelkim potrzebom lakierniczym wszystkich profesjonalnych u\u017cytkownik\u00f3w, od rzemie\u015blnik\u00f3w po du\u017cy przemys\u0142. Ka\u017cdemu Klientowi udost\u0119pnia si\u0119 dedykowan\u0105, doradcz\u0105 i wykwalifikowan\u0105 Pomoc Techniczn\u0105, by go wesprze\u0107 w doborze najbardziej odpowiednich rozwi\u0105za\u0144 w zale\u017cno\u015bci od profilu produkcji, u\u017cytych materia\u0142\u00f3w, dost\u0119pnych system\u00f3w aplikacji i suszenia. Dob\u00f3r ten przyporz\u0105dkowany jest ponadto\u00a0 celom, kt\u00f3re [&hellip;]","og_url":"https:\/\/www.milesi.com\/pl\/nasi-klienci\/","og_site_name":"Milesi","article_publisher":"https:\/\/www.facebook.com\/MilesiVernici","article_modified_time":"2025-04-15T15:55:53+00:00","og_image":[{"url":"https:\/\/www.milesi.com\/wp-content\/uploads\/2021\/03\/i-nostri-clienti-1024x683.jpg","type":"","width":"","height":""}],"twitter_card":"summary_large_image","twitter_misc":{"Szacowany czas czytania":"1 minuta"},"schema":{"@context":"https:\/\/schema.org","@graph":[{"@type":"WebPage","@id":"https:\/\/www.milesi.com\/pl\/nasi-klienci\/","url":"https:\/\/www.milesi.com\/pl\/nasi-klienci\/","name":"Nasi Klienci - Milesi","isPartOf":{"@id":"https:\/\/www.milesi.com\/pl\/#website"},"primaryImageOfPage":{"@id":"https:\/\/www.milesi.com\/pl\/nasi-klienci\/#primaryimage"},"image":{"@id":"https:\/\/www.milesi.com\/pl\/nasi-klienci\/#primaryimage"},"thumbnailUrl":"https:\/\/www.milesi.com\/wp-content\/uploads\/2021\/03\/i-nostri-clienti-1024x683.jpg","datePublished":"2020-09-25T15:35:04+00:00","dateModified":"2025-04-15T15:55:53+00:00","breadcrumb":{"@id":"https:\/\/www.milesi.com\/pl\/nasi-klienci\/#breadcrumb"},"inLanguage":"pl-PL","potentialAction":[{"@type":"ReadAction","target":["https:\/\/www.milesi.com\/pl\/nasi-klienci\/"]}]},{"@type":"ImageObject","inLanguage":"pl-PL","@id":"https:\/\/www.milesi.com\/pl\/nasi-klienci\/#primaryimage","url":"https:\/\/www.milesi.com\/wp-content\/uploads\/2021\/03\/i-nostri-clienti-1024x683.jpg","contentUrl":"https:\/\/www.milesi.com\/wp-content\/uploads\/2021\/03\/i-nostri-clienti-1024x683.jpg"},{"@type":"BreadcrumbList","@id":"https:\/\/www.milesi.com\/pl\/nasi-klienci\/#breadcrumb","itemListElement":[{"@type":"ListItem","position":1,"name":"Milesi - Lakiery do drewna","item":"https:\/\/www.milesi.com\/pl\/"},{"@type":"ListItem","position":2,"name":"Nasi Klienci"}]},{"@type":"WebSite","@id":"https:\/\/www.milesi.com\/pl\/#website","url":"https:\/\/www.milesi.com\/pl\/","name":"Milesi Vernici per il legno","description":"Lakiery do drewna","publisher":{"@id":"https:\/\/www.milesi.com\/pl\/#organization"},"alternateName":"Milesi","potentialAction":[{"@type":"SearchAction","target":{"@type":"EntryPoint","urlTemplate":"https:\/\/www.milesi.com\/pl\/?s={search_term_string}"},"query-input":{"@type":"PropertyValueSpecification","valueRequired":true,"valueName":"search_term_string"}}],"inLanguage":"pl-PL"},{"@type":"Organization","@id":"https:\/\/www.milesi.com\/pl\/#organization","name":"Milesi Vernici","alternateName":"Milesi","url":"https:\/\/www.milesi.com\/pl\/","logo":{"@type":"ImageObject","inLanguage":"pl-PL","@id":"https:\/\/www.milesi.com\/pl\/#\/schema\/logo\/image\/","url":"https:\/\/www.milesi.com\/wp-content\/uploads\/2022\/12\/milesi-web.png","contentUrl":"https:\/\/www.milesi.com\/wp-content\/uploads\/2022\/12\/milesi-web.png","width":100,"height":101,"caption":"Milesi Vernici"},"image":{"@id":"https:\/\/www.milesi.com\/pl\/#\/schema\/logo\/image\/"},"sameAs":["https:\/\/www.facebook.com\/MilesiVernici","https:\/\/www.youtube.com\/channel\/UCgULN6yzPgE9usmMi3CP5hQ","https:\/\/www.instagram.com\/milesiverniciperlegno\/","https:\/\/vimeo.com\/user117001108","https:\/\/www.linkedin.com\/company\/milesiwoodcoatings\/"]}]}},"_links":{"self":[{"href":"https:\/\/www.milesi.com\/pl\/wp-json\/wp\/v2\/pages\/10655","targetHints":{"allow":["GET"]}}],"collection":[{"href":"https:\/\/www.milesi.com\/pl\/wp-json\/wp\/v2\/pages"}],"about":[{"href":"https:\/\/www.milesi.com\/pl\/wp-json\/wp\/v2\/types\/page"}],"author":[{"embeddable":true,"href":"https:\/\/www.milesi.com\/pl\/wp-json\/wp\/v2\/users\/5"}],"replies":[{"embeddable":true,"href":"https:\/\/www.milesi.com\/pl\/wp-json\/wp\/v2\/comments?post=10655"}],"version-history":[{"count":1,"href":"https:\/\/www.milesi.com\/pl\/wp-json\/wp\/v2\/pages\/10655\/revisions"}],"predecessor-version":[{"id":26682,"href":"https:\/\/www.milesi.com\/pl\/wp-json\/wp\/v2\/pages\/10655\/revisions\/26682"}],"wp:attachment":[{"href":"https:\/\/www.milesi.com\/pl\/wp-json\/wp\/v2\/media?parent=10655"}],"curies":[{"name":"wp","href":"https:\/\/api.w.org\/{rel}","templated":true}]}}