{"id":15155,"date":"2021-02-24T09:13:57","date_gmt":"2021-02-24T08:13:57","guid":{"rendered":"https:\/\/www.milesi.com\/?page_id=15155"},"modified":"2023-09-01T12:06:17","modified_gmt":"2023-09-01T10:06:17","slug":"mappe","status":"publish","type":"page","link":"https:\/\/www.milesi.com\/pl\/ddzie-jestesmy\/mappe\/","title":{"rendered":"Mappe"},"content":{"rendered":"<div id=\"locatoraid-form-container\"><div class=\"hc-mb3\"><form class=\"hcj2-observe hc-mb2 hclc_search_form_class\" id=\"hclc_search_form_729\" action=\"https:\/\/www.milesi.com\/index.php?hcs=locatoraid&amp;hcrand=2919&amp;hca=search%3Asearch%2F_SEARCH_%2Fproduct%2F_PRODUCT_%2Flat%2F_LAT_%2Flng%2F_LNG_%2Flimit%2F2000%2Fradius%2F25\" data-action=\"https:\/\/www.milesi.com\/index.php?hcs=locatoraid&amp;hcrand=2919&amp;hca=search%3Asearch%2F_SEARCH_%2Fproduct%2F_PRODUCT_%2Flat%2F_LAT_%2Flng%2F_LNG_%2Flimit%2F2000%2Fradius%2F25\" data-radius-link=\"\" data-locate=\"1\" onsubmit=\"return false;\" method=\"post\" accept-charset=\"utf-8\"><input type=\"hidden\" name=\"hc_nonce\" value=\"061750e50b\"\/><div style=\"display:none\"><input type=\"hidden\" name=\"hc-hc_csrf_token\" value=\"2daa404f034558c1e7e727b345f4788f\"\/><\/div><div><div class=\"hc-block\"><div id=\"locatoraid-search-form-inputs-button\"><div class=\"hc-clearfix hc-mxn2\"><div class=\"hc-col hc-col-8 hc-mb2 hc-px2\"><div id=\"locatoraid-search-form-inputs\"><div><div class=\"hc-block\"><div id=\"locatoraid-search-form-search\"><input type=\"text\" name=\"hc-search\" class=\"hc-field hc-xs-block hc-block\" style=\"margin:0;\" placeholder=\"Adres lub kod pocztowy\" required=\"1\"\/><\/div><\/div><div class=\"hc-block hc-mt2\"><div id=\"locatoraid-search-form-locate\"><a href=\"#\" class=\"hcj2-locate-me\" id=\"locatoraid-search-form-locate-me\">Zlokalizuj mnie<\/a><\/div><\/div><div class=\"hc-block hc-mt2\"><div id=\"locatoraid-search-form-locate2\"><div class=\"hcj2-my-location\" id=\"locatoraid-search-form-my-location\" style=\"display: none;\">My Location<\/div><\/div><\/div><\/div><input type=\"hidden\" name=\"hc-locatelat\" id=\"locatoraid-search-form-lat\"\/><input type=\"hidden\" name=\"hc-locatelng\" id=\"locatoraid-search-form-lng\"\/><\/div><\/div><div class=\"hc-col hc-col-4 hc-mb2 hc-px2\"><div><input type=\"submit\" title=\"Szukaj\" value=\"Szukaj\" class=\"hc-block\" id=\"locatoraid-search-form-button\"\/><input type=\"button\" title=\"Reset\" value=\"Reset\" class=\"hc-block hcj2-reset-my-location\" id=\"locatoraid-search-form-reset-location\" style=\"display: none;\"\/><\/div><\/div><\/div><\/div><\/div><div class=\"hc-block hc-mt2\"><a class=\"hcj2-more-results\" id=\"locatoraid-search-more-results\" style=\"display: none; cursor: pointer;\">More Results<\/a><\/div><\/div><\/form><\/div><\/div><div id=\"locatoraid-map-list-container\"><div id=\"hclc_grid\"><div class=\"hc-clearfix hc-mxn2\"><div class=\"hc-col hc-col-8 hc-mb2 hc-px2\"><div id=\"hclc_map_167\" class=\"hclc_map_class hc-mb3-xs hc-border\" style=\"height: 400px; width: 100%;\" data-start-zoom=\"2\"><\/div><div id=\"hclc_map_167_template\" style=\"display: none;\">&lt;div class=&quot;hc-black hc-bg-lightsilver hc-p2 hc-rounded lpr-location lpr-location-inmap&quot;&gt;&lt;div class=&quot;hc-bold lpr-location-name&quot;&gt;{{=name}}&lt;\/div&gt;&lt;div class=&quot;hc-italic lpr-location-address&quot;&gt;{{=address}}&lt;\/div&gt;{{distance}}&lt;div class=&quot;hc-bold lpr-location-distance&quot;&gt;{{=distance}}&lt;\/div&gt;{{\/distance}}{{phone}}&lt;div class=&quot;lpr-location-phone&quot;&gt;&lt;div class=&quot;hc-inline-block hc-mr1 lpr-location-label&quot;&gt;Phone&lt;\/div&gt;{{=phone}}&lt;\/div&gt;{{\/phone}}{{directions}}&lt;div class=&quot;lpr-location-directions&quot;&gt;{{=directions}}&lt;\/div&gt;{{\/directions}}{{misc1}}&lt;div class=&quot;lpr-location-misc1&quot;&gt;&lt;div class=&quot;hc-inline-block hc-mr1 lpr-location-label&quot;&gt;Email&lt;\/div&gt;{{=misc1}}&lt;\/div&gt;{{\/misc1}}&lt;\/div&gt;<\/div><\/div><div class=\"hc-col hc-col-4 hc-mb2 hc-px2\"><div id=\"hclc_list_533\" class=\"hclc_list_class hc-mb3-xs hc-relative\" style=\"height: 400px; overflow-y: scroll; display: none;\" data-group-jump=\"0\" data-list-style=\"height: 400px; overflow-y: scroll;\"><\/div><div id=\"hclc_list_533_template\" style=\"display: none;\">{{priority}}&lt;div class=&quot;hc-p2 hc-border hc-rounded hc-mb1 hc-border-green lpr-location lpr-location-inlist lpr-location-featured&quot;&gt;{{:priority}}&lt;div class=&quot;hc-p2 hc-border hc-rounded hc-mb1 lpr-location lpr-location-inlist&quot;&gt;{{\/priority}}&lt;div class=&quot;hc-bold lpr-location-name&quot;&gt;{{=name}}&lt;\/div&gt;&lt;div class=&quot;hc-italic lpr-location-address&quot;&gt;{{=address}}&lt;\/div&gt;{{distance}}&lt;div class=&quot;hc-bold lpr-location-distance&quot;&gt;&lt;div class=&quot;hc-inline-block hc-mr1 lpr-location-label&quot;&gt;Distance&lt;\/div&gt;{{=distance}}&lt;\/div&gt;{{\/distance}}{{phone}}&lt;div class=&quot;lpr-location-phone&quot;&gt;&lt;div class=&quot;hc-inline-block hc-mr1 lpr-location-label&quot;&gt;Phone&lt;\/div&gt;{{=phone}}&lt;\/div&gt;{{\/phone}}{{directions}}&lt;div class=&quot;lpr-location-directions&quot;&gt;{{=directions}}&lt;\/div&gt;{{\/directions}}{{misc1}}&lt;div class=&quot;lpr-location-misc1&quot;&gt;&lt;div class=&quot;hc-inline-block hc-mr1 lpr-location-label&quot;&gt;Email&lt;\/div&gt;{{=misc1}}&lt;\/div&gt;{{\/misc1}}{{priority}}&lt;\/div&gt;{{:priority}}&lt;\/div&gt;{{\/priority}}<\/div><div style=\"display: none;\" id=\"hclc_list_533_template_no_results\">&lt;div class=&quot;hc-p2 hc-border hc-rounded&quot;&gt;No Results&lt;\/div&gt;<\/div><\/div><\/div><\/div><\/div>\n\n\n\n<p class=\"has-text-align-center\">Milesi jest mark\u0105 mi\u0119dzynarodowej&nbsp;<a href=\"http:\/\/www.ivmgroup.com\/\" target=\"_blank\" rel=\"noreferrer noopener\">Grupy IVM<\/a>&nbsp;posiadaj\u0105cej sp\u00f3\u0142ki, centra serwisowe i wyspecjalizowanych doradc\u00f3w technicznych w ponad 100 krajach na ca\u0142ym \u015bwiecie.<\/p>\n\n\n\n<p class=\"has-text-align-center\">Milesi jest zawsze do Twojej dyspozycji, aby dobra\u0107 odpowiednie rozwi\u0105zania technologiczne w zakresie lakierowania&nbsp; drewna.<\/p>\n","protected":false},"excerpt":{"rendered":"<p>Milesi jest mark\u0105 mi\u0119dzynarodowej&nbsp;Grupy IVM&nbsp;posiadaj\u0105cej sp\u00f3\u0142ki, centra serwisowe i wyspecjalizowanych doradc\u00f3w technicznych w ponad 100 krajach na ca\u0142ym \u015bwiecie. Milesi jest zawsze do Twojej dyspozycji, aby dobra\u0107 odpowiednie rozwi\u0105zania technologiczne w zakresie lakierowania&nbsp; drewna.<\/p>\n","protected":false},"author":10,"featured_media":0,"parent":12087,"menu_order":159,"comment_status":"closed","ping_status":"closed","template":"","meta":{"_et_pb_use_builder":"off","_et_pb_old_content":"<p style=\"text-align: center;\">Milesi \u00e8 un marchio del <span style=\"text-decoration: underline;\"><a href=\"http:\/\/www.ivmgroup.com\" target=\"_blank\" rel=\"noopener\"><strong>Gruppo multinazionale IVM<\/strong><\/a><\/span>, \u00a0con Aziende, Centri Servizio e Assistenti tecnici specializzati in oltre 100 Paesi al mondo.<\/p>\r\n<p style=\"text-align: center;\">Milesi \u00e8 sempre al tuo fianco per consigliarti le soluzioni di verniciatura\u00a0pi\u00f9 adatte alle tue esigenze.<\/p>\r\n&nbsp;\r\n\r\n[CBC show=\"y\" country=\"it, sm\"]\r\n[locatoraid layout=\"map|list\" limit=\"3\" search-bias-country=\"italy\" radius=\"2500\" locate=\"1\" where-product=\"1\" start=\"no\" map-start-address=\"Parona\"]\r\n[\/CBC]\r\n\r\n[CBC show=\"y\" country=\"ca, us\"]\r\n[locatoraid layout=\"map|list\" limit=\"3\" radius=\"50000\" locate=\"1\" where-product=\"43\" start=\"no\" map-start-address=\"Glendale Heights\"]\r\n[\/CBC]\r\n\r\n&nbsp;\r\n\r\n[CBC show=\"y\" country=\"fr\"]\r\n[locatoraid layout=\"map|list\" limit=\"1\" radius=\"250000\" locate=\"1\" where-product=\"3\" start=\"no\" map-start-address=\"Bourges\" map-start-zoom=\"2\"]\r\n[\/CBC]\r\n\r\n[CBC show=\"y\" country=\"ma\"]\r\n[locatoraid layout=\"map|list\" limit=\"1\" radius=\"250000\" locate=\"1\" where-product=\"9\" start=\"no\" map-start-address=\"B\u00e9ni Mellal\" map-start-zoom=\"2\"]\r\n[\/CBC]\r\n\r\n[CBC show=\"y\" country=\"pl\"]\r\n[locatoraid layout=\"map\" where-product=\"2\" map-start-zoom=\"3\"]\r\n[\/CBC]\r\n\r\n[CBC show=\"y\" country=\"dz\"]\r\n[locatoraid layout=\"map|list\" limit=\"1\" radius=\"250000\" locate=\"1\" where-product=\"10\" start=\"no\" map-start-address=\"In Salah\" map-start-zoom=\"2\"]\r\n[\/CBC]\r\n\r\n[CBC show=\"y\" country=\"tn\"]\r\n[locatoraid layout=\"map|list\" limit=\"1\" radius=\"250000\" locate=\"1\" where-product=\"11\" start=\"no\" map-start-address=\"Sidi Bouzid\" map-start-zoom=\"2\"]\r\n[\/CBC]\r\n\r\n[CBC show=\"y\" country=\"pt, mx, gt, sv, hn, ni, do, cu, bz, cr, pa, ec, co, ve, br, pe, bo, py, uy, ar, cl\"]\r\n[locatoraid layout=\"map|list\" limit=\"1\" radius=\"250000\" locate=\"1\" where-product=\"4\" start=\"no\" map-start-zoom=\"2\"]\r\n[\/CBC]\r\n\r\n[CBC show=\"y\" country=\"es\"]\r\n[locatoraid layout=\"map\" where-product=\"2\" map-start-zoom=\"3\" ]\r\n[\/CBC]\r\n\r\n[CBC show=\"y\" country=\"eg, kw, bh, om, ye, ly\"]\r\n[locatoraid layout=\"map|list\" limit=\"1\" radius=\"250000\" locate=\"1\" where-product=\"5\" start=\"no\" map-start-address=\"La Mecca\" map-start-zoom=\"4\"]\r\n[\/CBC]\r\n\r\n[CBC show=\"y\" country=\"uz, tj, kg, tm, az, am, ua, md\"]\r\n[locatoraid layout=\"map|list\" limit=\"1\" radius=\"250000\" locate=\"1\" where-product=\"6\" start=\"no\" map-start-address=\"Luhans'k\" map-start-zoom=\"4\"]\r\n[\/CBC]\r\n\r\n[CBC show=\"y\" country=\"ae\"]\r\n[locatoraid layout=\"map|list\" limit=\"1\" radius=\"250000\" locate=\"1\" where-product=\"14\" start=\"no\" map-start-address=\"Abu Dhabi\" map-start-zoom=\"5\"]\r\n[\/CBC]\r\n\r\n[CBC show=\"y\" country=\"qa\"]\r\n[locatoraid layout=\"map|list\" limit=\"1\" radius=\"250000\" locate=\"1\" where-product=\"13\" start=\"no\" map-start-address=\"Doha\" map-start-zoom=\"5\"]\r\n[\/CBC]\r\n\r\n[CBC show=\"y\" country=\"sa\"]\r\n[locatoraid layout=\"map|list\" limit=\"1\" radius=\"250000\" locate=\"1\" where-product=\"12\" start=\"no\" map-start-address=\"Burayda\" map-start-zoom=\"5\"]\r\n[\/CBC]\r\n\r\n[CBC show=\"y\" country=\"jo\"]\r\n[locatoraid layout=\"map|list\" limit=\"1\" radius=\"250000\" locate=\"1\" where-product=\"15\" start=\"no\" map-start-address=\"Amman\" map-start-zoom=\"6\"]\r\n[\/CBC]\r\n\r\n[CBC show=\"y\" country=\"il\"]\r\n[locatoraid layout=\"map|list\" limit=\"1\" radius=\"250000\" locate=\"1\" where-product=\"16\" start=\"no\" map-start-address=\"Gerusalemme\" map-start-zoom=\"5\"]\r\n[\/CBC]\r\n\r\n[CBC show=\"y\" country=\"lb\"]\r\n[locatoraid layout=\"map|list\" limit=\"1\" radius=\"250000\" locate=\"1\" where-product=\"17\" start=\"no\" map-start-address=\"Beirut\" map-start-zoom=\"6\"]\r\n[\/CBC]\r\n\r\n[CBC show=\"y\" country=\"at, de, nl, lu\"]\r\n[locatoraid layout=\"map|list\" limit=\"1\" radius=\"250000\" locate=\"1\" where-product=\"18\" start=\"no\" map-start-address=\"Stoccarda\" map-start-zoom=\"4\"]\r\n[\/CBC]\r\n\r\n[CBC show=\"y\" country=\"al\"]\r\n[locatoraid layout=\"map|list\" limit=\"1\" radius=\"500000\" locate=\"1\" where-product=\"32\" start=\"no\" map-start-address=\"Tirana\" map-start-zoom=\"4\"]\r\n[\/CBC]\r\n\r\n[CBC show=\"y\" country=\"be\"]\r\n[locatoraid layout=\"map|list\" limit=\"1\" radius=\"500000\" locate=\"1\" where-product=\"24\" start=\"no\" map-start-address=\"Bruxelles\" map-start-zoom=\"4\"]\r\n[\/CBC]\r\n\r\n[CBC show=\"y\" country=\"ba\"]\r\n[locatoraid layout=\"map|list\" limit=\"3\" radius=\"500000\" locate=\"1\" where-product=\"29\" start=\"no\" map-start-address=\"Sarajevo\" map-start-zoom=\"4\"]\r\n[\/CBC]\r\n\r\n[CBC show=\"y\" country=\"bg\"]\r\n[locatoraid layout=\"map|list\" limit=\"3\" radius=\"500000\" locate=\"1\" where-product=\"34\" start=\"no\" map-start-address=\"Plovdiv\" map-start-zoom=\"4\"]\r\n[\/CBC]\r\n\r\n[CBC show=\"y\" country=\"cz\"]\r\n[locatoraid layout=\"map|list\" limit=\"3\" radius=\"500000\" locate=\"1\" where-product=\"23\" start=\"no\" map-start-address=\"Praga\" map-start-zoom=\"4\"]\r\n[\/CBC]\r\n\r\n[CBC show=\"y\" country=\"hr\"]\r\n[locatoraid layout=\"map|list\" limit=\"3\" radius=\"500000\" locate=\"1\" where-product=\"28\" start=\"no\" map-start-address=\"Ogulin\" map-start-zoom=\"4\"]\r\n[\/CBC]\r\n\r\n[CBC show=\"y\" country=\"ge\"]\r\n[locatoraid layout=\"map|list\" limit=\"3\" radius=\"500000\" locate=\"1\" where-product=\"21\" start=\"no\" map-start-address=\"Khashuri\" map-start-zoom=\"4\"]\r\n[\/CBC]\r\n\r\n[CBC show=\"y\" country=\"kz\"]\r\n[locatoraid layout=\"map|list\" limit=\"3\" radius=\"500000\" locate=\"1\" where-product=\"20\" start=\"no\" map-start-address=\"Nur-Sultan\" map-start-zoom=\"4\"]\r\n[\/CBC]\r\n\r\n[CBC show=\"y\" country=\"lb\"]\r\n[locatoraid layout=\"map|list\" limit=\"3\" radius=\"500000\" locate=\"1\" where-product=\"37\" start=\"no\" map-start-address=\"Beirut\" map-start-zoom=\"4\"]\r\n[\/CBC]\r\n\r\n[CBC show=\"y\" country=\"nmk\"]\r\n[locatoraid layout=\"map|list\" limit=\"3\" radius=\"500000\" locate=\"1\" where-product=\"33\" start=\"no\" map-start-address=\"SKOPJE\" map-start-zoom=\"4\"]\r\n[\/CBC]\r\n\r\n[CBC show=\"y\" country=\"mt\"]\r\n[locatoraid layout=\"map|list\" limit=\"3\" radius=\"250000\" locate=\"1\" where-product=\"35\" start=\"no\" map-start-address=\"Attard\" map-start-zoom=\"4\"]\r\n[\/CBC]\r\n\r\n[CBC show=\"y\" country=\"mne\"]\r\n[locatoraid layout=\"map|list\" limit=\"3\" radius=\"250000\" locate=\"1\" where-product=\"31\" start=\"no\" map-start-address=\"PODGORICA\" map-start-zoom=\"4\"]\r\n[\/CBC]\r\n\r\n[CBC show=\"y\" country=\"ro\"]\r\n[locatoraid layout=\"map|list\" limit=\"3\" radius=\"250000\" locate=\"1\" where-product=\"22\" start=\"no\" map-start-address=\"Agnita\" map-start-zoom=\"4\"]\r\n[\/CBC]\r\n\r\n[CBC show=\"y\" country=\"ru\"]\r\n[locatoraid layout=\"map|list\" limit=\"3\" radius=\"500000\" locate=\"1\" where-product=\"19\" start=\"no\" map-start-address=\"Mosca\" map-start-zoom=\"4\"]\r\n[\/CBC]\r\n\r\n[CBC show=\"y\" country=\"rs\"]\r\n[locatoraid layout=\"map|list\" limit=\"3\" radius=\"500000\" locate=\"1\" where-product=\"30\" start=\"no\" map-start-address=\"Kraljevo\" map-start-zoom=\"4\"]\r\n[\/CBC]\r\n\r\n[CBC show=\"y\" country=\"si\"]\r\n[locatoraid layout=\"map|list\" limit=\"3\" radius=\"500000\" locate=\"1\" where-product=\"27\" start=\"no\" map-start-address=\"Lubiana\" map-start-zoom=\"4\"]\r\n[\/CBC]\r\n\r\n[CBC show=\"y\" country=\"sz\"]\r\n[locatoraid layout=\"map|list\" limit=\"3\" radius=\"500000\" locate=\"1\" where-product=\"25\" start=\"no\" map-start-address=\"Lucerna\" map-start-zoom=\"4\"]\r\n[\/CBC]\r\n\r\n[CBC show=\"y\" country=\"tr\"]\r\n[locatoraid layout=\"map|list\" limit=\"3\" radius=\"500000\" locate=\"1\" where-product=\"36\" start=\"no\" map-start-address=\"Kayseri\" map-start-zoom=\"4\"]\r\n[\/CBC]\r\n\r\n[CBC show=\"y\" country=\"hu\"]\r\n[locatoraid layout=\"map|list\" limit=\"3\" radius=\"500000\" locate=\"1\" where-product=\"26\" start=\"no\" map-start-address=\"Lajosmizse\" map-start-zoom=\"4\"]\r\n[\/CBC]\r\n\r\n[CBC show=\"y\" country=\"lt\"]\r\n[locatoraid layout=\"map|list\" limit=\"3\" radius=\"500000\" locate=\"1\" where-product=\"38\" start=\"no\" map-start-address=\"Baisogala\" map-start-zoom=\"4\"]\r\n[\/CBC]\r\n\r\n[CBC show=\"y\" country=\"by\"]\r\n[locatoraid layout=\"map|list\" limit=\"3\" radius=\"500000\" locate=\"1\" where-product=\"41\" start=\"no\" map-start-address=\"Minsk\" map-start-zoom=\"4\"]\r\n[\/CBC]\r\n\r\n[CBC show=\"y\" country=\"ee\"]\r\n[locatoraid layout=\"map|list\" limit=\"3\" radius=\"500000\" locate=\"1\" where-product=\"40\" start=\"no\" map-start-address=\"Viljandi\" map-start-zoom=\"4\"]\r\n[\/CBC]\r\n\r\n[CBC show=\"y\" country=\"lv\"]\r\n[locatoraid layout=\"map|list\" limit=\"3\" radius=\"500000\" locate=\"1\" where-product=\"39\" start=\"no\" map-start-address=\"Ogre\" map-start-zoom=\"4\"]\r\n[\/CBC]\r\n\r\n[CBC show=\"y\" country=\"sk\"]\r\n[locatoraid layout=\"map|list\" limit=\"3\" radius=\"500000\" locate=\"1\" where-product=\"42\" start=\"no\" map-start-address=\"Zvolen\" map-start-zoom=\"4\"]\r\n[\/CBC]\r\n\r\n&nbsp;\r\n<p style=\"text-align: center;\"><strong>CERCA IL DISTRIBUTORE\u00a0<\/strong><\/p>\r\n<p style=\"text-align: center;\">Inserisci il nome della tua Citta o il CAP per visualizzare il Distributore Milesi pi\u00f9 vicino a te e scoprire come raggiungerlo.<\/p>\r\n&nbsp;\r\n\r\n&nbsp;\r\n\r\n&nbsp;\r\n\r\n&nbsp;\r\n<p style=\"text-align: center;\"><\/p>","_et_gb_content_width":"","footnotes":""},"class_list":["post-15155","page","type-page","status-publish","hentry"],"yoast_head":"<!-- This site is optimized with the Yoast SEO plugin v27.3 - https:\/\/yoast.com\/product\/yoast-seo-wordpress\/ -->\n<title>Mappe - Milesi<\/title>\n<meta name=\"robots\" content=\"index, follow, max-snippet:-1, max-image-preview:large, max-video-preview:-1\" \/>\n<link rel=\"canonical\" href=\"https:\/\/www.milesi.com\/pl\/ddzie-jestesmy\/mappe\/\" \/>\n<meta property=\"og:locale\" content=\"pl_PL\" \/>\n<meta property=\"og:type\" content=\"article\" \/>\n<meta property=\"og:title\" content=\"Mappe - Milesi\" \/>\n<meta property=\"og:description\" content=\"Milesi jest mark\u0105 mi\u0119dzynarodowej&nbsp;Grupy IVM&nbsp;posiadaj\u0105cej sp\u00f3\u0142ki, centra serwisowe i wyspecjalizowanych doradc\u00f3w technicznych w ponad 100 krajach na ca\u0142ym \u015bwiecie. Milesi jest zawsze do Twojej dyspozycji, aby dobra\u0107 odpowiednie rozwi\u0105zania technologiczne w zakresie lakierowania&nbsp; drewna.\" \/>\n<meta property=\"og:url\" content=\"https:\/\/www.milesi.com\/pl\/ddzie-jestesmy\/mappe\/\" \/>\n<meta property=\"og:site_name\" content=\"Milesi\" \/>\n<meta property=\"article:publisher\" content=\"https:\/\/www.facebook.com\/MilesiVernici\" \/>\n<meta property=\"article:modified_time\" content=\"2023-09-01T10:06:17+00:00\" \/>\n<meta name=\"twitter:card\" content=\"summary_large_image\" \/>\n<meta name=\"twitter:label1\" content=\"Szacowany czas czytania\" \/>\n\t<meta name=\"twitter:data1\" content=\"3 minuty\" \/>\n<script type=\"application\/ld+json\" class=\"yoast-schema-graph\">{\"@context\":\"https:\\\/\\\/schema.org\",\"@graph\":[{\"@type\":\"WebPage\",\"@id\":\"https:\\\/\\\/www.milesi.com\\\/pl\\\/ddzie-jestesmy\\\/mappe\\\/\",\"url\":\"https:\\\/\\\/www.milesi.com\\\/pl\\\/ddzie-jestesmy\\\/mappe\\\/\",\"name\":\"Mappe - Milesi\",\"isPartOf\":{\"@id\":\"https:\\\/\\\/www.milesi.com\\\/pl\\\/#website\"},\"datePublished\":\"2021-02-24T08:13:57+00:00\",\"dateModified\":\"2023-09-01T10:06:17+00:00\",\"breadcrumb\":{\"@id\":\"https:\\\/\\\/www.milesi.com\\\/pl\\\/ddzie-jestesmy\\\/mappe\\\/#breadcrumb\"},\"inLanguage\":\"pl-PL\",\"potentialAction\":[{\"@type\":\"ReadAction\",\"target\":[\"https:\\\/\\\/www.milesi.com\\\/pl\\\/ddzie-jestesmy\\\/mappe\\\/\"]}]},{\"@type\":\"BreadcrumbList\",\"@id\":\"https:\\\/\\\/www.milesi.com\\\/pl\\\/ddzie-jestesmy\\\/mappe\\\/#breadcrumb\",\"itemListElement\":[{\"@type\":\"ListItem\",\"position\":1,\"name\":\"Milesi - Lakiery do drewna\",\"item\":\"https:\\\/\\\/www.milesi.com\\\/pl\\\/\"},{\"@type\":\"ListItem\",\"position\":2,\"name\":\"Gdzie jeste\u015bmy\",\"item\":\"https:\\\/\\\/www.milesi.com\\\/pl\\\/dove-siamo\\\/\"},{\"@type\":\"ListItem\",\"position\":3,\"name\":\"Mappe\"}]},{\"@type\":\"WebSite\",\"@id\":\"https:\\\/\\\/www.milesi.com\\\/pl\\\/#website\",\"url\":\"https:\\\/\\\/www.milesi.com\\\/pl\\\/\",\"name\":\"Milesi Vernici per il legno\",\"description\":\"Lakiery do drewna\",\"publisher\":{\"@id\":\"https:\\\/\\\/www.milesi.com\\\/pl\\\/#organization\"},\"alternateName\":\"Milesi\",\"potentialAction\":[{\"@type\":\"SearchAction\",\"target\":{\"@type\":\"EntryPoint\",\"urlTemplate\":\"https:\\\/\\\/www.milesi.com\\\/pl\\\/?s={search_term_string}\"},\"query-input\":{\"@type\":\"PropertyValueSpecification\",\"valueRequired\":true,\"valueName\":\"search_term_string\"}}],\"inLanguage\":\"pl-PL\"},{\"@type\":\"Organization\",\"@id\":\"https:\\\/\\\/www.milesi.com\\\/pl\\\/#organization\",\"name\":\"Milesi Vernici\",\"alternateName\":\"Milesi\",\"url\":\"https:\\\/\\\/www.milesi.com\\\/pl\\\/\",\"logo\":{\"@type\":\"ImageObject\",\"inLanguage\":\"pl-PL\",\"@id\":\"https:\\\/\\\/www.milesi.com\\\/pl\\\/#\\\/schema\\\/logo\\\/image\\\/\",\"url\":\"https:\\\/\\\/www.milesi.com\\\/wp-content\\\/uploads\\\/2022\\\/12\\\/milesi-web.png\",\"contentUrl\":\"https:\\\/\\\/www.milesi.com\\\/wp-content\\\/uploads\\\/2022\\\/12\\\/milesi-web.png\",\"width\":100,\"height\":101,\"caption\":\"Milesi Vernici\"},\"image\":{\"@id\":\"https:\\\/\\\/www.milesi.com\\\/pl\\\/#\\\/schema\\\/logo\\\/image\\\/\"},\"sameAs\":[\"https:\\\/\\\/www.facebook.com\\\/MilesiVernici\",\"https:\\\/\\\/www.youtube.com\\\/channel\\\/UCgULN6yzPgE9usmMi3CP5hQ\",\"https:\\\/\\\/www.instagram.com\\\/milesiverniciperlegno\\\/\",\"https:\\\/\\\/vimeo.com\\\/user117001108\",\"https:\\\/\\\/www.linkedin.com\\\/company\\\/milesiwoodcoatings\\\/\"]}]}<\/script>\n<!-- \/ Yoast SEO plugin. -->","yoast_head_json":{"title":"Mappe - Milesi","robots":{"index":"index","follow":"follow","max-snippet":"max-snippet:-1","max-image-preview":"max-image-preview:large","max-video-preview":"max-video-preview:-1"},"canonical":"https:\/\/www.milesi.com\/pl\/ddzie-jestesmy\/mappe\/","og_locale":"pl_PL","og_type":"article","og_title":"Mappe - Milesi","og_description":"Milesi jest mark\u0105 mi\u0119dzynarodowej&nbsp;Grupy IVM&nbsp;posiadaj\u0105cej sp\u00f3\u0142ki, centra serwisowe i wyspecjalizowanych doradc\u00f3w technicznych w ponad 100 krajach na ca\u0142ym \u015bwiecie. Milesi jest zawsze do Twojej dyspozycji, aby dobra\u0107 odpowiednie rozwi\u0105zania technologiczne w zakresie lakierowania&nbsp; drewna.","og_url":"https:\/\/www.milesi.com\/pl\/ddzie-jestesmy\/mappe\/","og_site_name":"Milesi","article_publisher":"https:\/\/www.facebook.com\/MilesiVernici","article_modified_time":"2023-09-01T10:06:17+00:00","twitter_card":"summary_large_image","twitter_misc":{"Szacowany czas czytania":"3 minuty"},"schema":{"@context":"https:\/\/schema.org","@graph":[{"@type":"WebPage","@id":"https:\/\/www.milesi.com\/pl\/ddzie-jestesmy\/mappe\/","url":"https:\/\/www.milesi.com\/pl\/ddzie-jestesmy\/mappe\/","name":"Mappe - Milesi","isPartOf":{"@id":"https:\/\/www.milesi.com\/pl\/#website"},"datePublished":"2021-02-24T08:13:57+00:00","dateModified":"2023-09-01T10:06:17+00:00","breadcrumb":{"@id":"https:\/\/www.milesi.com\/pl\/ddzie-jestesmy\/mappe\/#breadcrumb"},"inLanguage":"pl-PL","potentialAction":[{"@type":"ReadAction","target":["https:\/\/www.milesi.com\/pl\/ddzie-jestesmy\/mappe\/"]}]},{"@type":"BreadcrumbList","@id":"https:\/\/www.milesi.com\/pl\/ddzie-jestesmy\/mappe\/#breadcrumb","itemListElement":[{"@type":"ListItem","position":1,"name":"Milesi - Lakiery do drewna","item":"https:\/\/www.milesi.com\/pl\/"},{"@type":"ListItem","position":2,"name":"Gdzie jeste\u015bmy","item":"https:\/\/www.milesi.com\/pl\/dove-siamo\/"},{"@type":"ListItem","position":3,"name":"Mappe"}]},{"@type":"WebSite","@id":"https:\/\/www.milesi.com\/pl\/#website","url":"https:\/\/www.milesi.com\/pl\/","name":"Milesi Vernici per il legno","description":"Lakiery do drewna","publisher":{"@id":"https:\/\/www.milesi.com\/pl\/#organization"},"alternateName":"Milesi","potentialAction":[{"@type":"SearchAction","target":{"@type":"EntryPoint","urlTemplate":"https:\/\/www.milesi.com\/pl\/?s={search_term_string}"},"query-input":{"@type":"PropertyValueSpecification","valueRequired":true,"valueName":"search_term_string"}}],"inLanguage":"pl-PL"},{"@type":"Organization","@id":"https:\/\/www.milesi.com\/pl\/#organization","name":"Milesi Vernici","alternateName":"Milesi","url":"https:\/\/www.milesi.com\/pl\/","logo":{"@type":"ImageObject","inLanguage":"pl-PL","@id":"https:\/\/www.milesi.com\/pl\/#\/schema\/logo\/image\/","url":"https:\/\/www.milesi.com\/wp-content\/uploads\/2022\/12\/milesi-web.png","contentUrl":"https:\/\/www.milesi.com\/wp-content\/uploads\/2022\/12\/milesi-web.png","width":100,"height":101,"caption":"Milesi Vernici"},"image":{"@id":"https:\/\/www.milesi.com\/pl\/#\/schema\/logo\/image\/"},"sameAs":["https:\/\/www.facebook.com\/MilesiVernici","https:\/\/www.youtube.com\/channel\/UCgULN6yzPgE9usmMi3CP5hQ","https:\/\/www.instagram.com\/milesiverniciperlegno\/","https:\/\/vimeo.com\/user117001108","https:\/\/www.linkedin.com\/company\/milesiwoodcoatings\/"]}]}},"_links":{"self":[{"href":"https:\/\/www.milesi.com\/pl\/wp-json\/wp\/v2\/pages\/15155","targetHints":{"allow":["GET"]}}],"collection":[{"href":"https:\/\/www.milesi.com\/pl\/wp-json\/wp\/v2\/pages"}],"about":[{"href":"https:\/\/www.milesi.com\/pl\/wp-json\/wp\/v2\/types\/page"}],"author":[{"embeddable":true,"href":"https:\/\/www.milesi.com\/pl\/wp-json\/wp\/v2\/users\/10"}],"replies":[{"embeddable":true,"href":"https:\/\/www.milesi.com\/pl\/wp-json\/wp\/v2\/comments?post=15155"}],"version-history":[{"count":4,"href":"https:\/\/www.milesi.com\/pl\/wp-json\/wp\/v2\/pages\/15155\/revisions"}],"predecessor-version":[{"id":24296,"href":"https:\/\/www.milesi.com\/pl\/wp-json\/wp\/v2\/pages\/15155\/revisions\/24296"}],"up":[{"embeddable":true,"href":"https:\/\/www.milesi.com\/pl\/wp-json\/wp\/v2\/pages\/12087"}],"wp:attachment":[{"href":"https:\/\/www.milesi.com\/pl\/wp-json\/wp\/v2\/media?parent=15155"}],"curies":[{"name":"wp","href":"https:\/\/api.w.org\/{rel}","templated":true}]}}