{"id":23960,"date":"2023-07-14T09:27:20","date_gmt":"2023-07-14T07:27:20","guid":{"rendered":"https:\/\/www.milesi.com\/?page_id=23960"},"modified":"2023-07-14T09:27:21","modified_gmt":"2023-07-14T07:27:21","slug":"informacje-o-plikach-cookie","status":"publish","type":"page","link":"https:\/\/www.milesi.com\/pl\/informacje-o-plikach-cookie\/","title":{"rendered":"Informacje o plikach cookie"},"content":{"rendered":"\n<p><strong>Korzystanie z plik\u00f3w cookies<\/strong><\/p>\n\n\n\n<p>W ramach realizacji postanowienia Komisarza ds. ochrony danych osobowych z dnia 8 maja 2014 r. &#8222;Identyfikacja uproszczonych metod informowania i uzyskiwania zgody na korzystanie z plik\u00f3w cookies&#8221;, u\u017cytkownikowi przekazywane s\u0105 nast\u0119puj\u0105ce informacje.<\/p>\n\n\n\n<p><strong>CZYM S\u0104 PLIKI COOKIES?<\/strong><\/p>\n\n\n\n<p>Pliki cookies to niewielkie ci\u0105gi tekstowe, kt\u00f3re strona internetowa mo\u017ce wysy\u0142a\u0107 podczas przegl\u0105dania do Twojego urz\u0105dzenia (PC, notebooka, smartfona, tableta; zazwyczaj s\u0105 one przechowywane bezpo\u015brednio w przegl\u0105darce u\u017cywanej do przegl\u0105dania). Ta sama strona internetowa, kt\u00f3ra je przes\u0142a\u0142a, mo\u017ce nast\u0119pnie odczytywa\u0107 i zapisywa\u0107 pliki cookies znajduj\u0105ce si\u0119 na tym samym urz\u0105dzeniu w celu uzyskania r\u00f3\u017cnego rodzaju informacji. Kt\u00f3re? Ka\u017cdy rodzaj plik\u00f3w cookies ma jasno okre\u015blon\u0105 rol\u0119.<\/p>\n\n\n\n<p><strong>ILE RODZAJ\u00d3W PLIK\u00d3W COOKIES ISTNIEJE?<\/strong><\/p>\n\n\n\n<p>Istniej\u0105 dwie podstawowe makro-kategorie o r\u00f3\u017cnych w\u0142a\u015bciwo\u015bciach: techniczne pliki cookies i pliki cookies do profilowania.<\/p>\n\n\n\n<p>Techniczne pliki cookies s\u0105 zasadniczo niezb\u0119dne do prawid\u0142owego funkcjonowania strony internetowej i umo\u017cliwienia nawigacji; bez nich mo\u017cna prawid\u0142owo przegl\u0105da\u0107 stron lub korzysta\u0107 z niekt\u00f3rych us\u0142ug. Na przyk\u0142ad, techniczny plik cookies jest niezb\u0119dny do utrzymania u\u017cytkownika zalogowanego przez ca\u0142y czas trwania jego wizyty na stronie internetowej lub do zapisania ustawie\u0144 j\u0119zykowych, ustawie\u0144 wy\u015bwietlania itp. Techniczne pliki cookies mo\u017cna dodatkowo rozr\u00f3\u017cni\u0107 na:<\/p>\n\n\n\n<ul class=\"wp-block-list\">\n<li>nawigacyjne pliki cookies, kt\u00f3re gwarantuj\u0105 normaln\u0105 nawigacj\u0119 i korzystanie ze strony internetowej (umo\u017cliwiaj\u0105c np. dokonanie zakupu lub uwierzytelnienie w celu uzyskania dost\u0119pu do obszar\u00f3w zastrze\u017conych);<\/li>\n\n\n\n<li>analityczne pliki cookies, podobne do technicznych plik\u00f3w cookies tylko wtedy, gdy s\u0105 wykorzystywane bezpo\u015brednio przez administratora witryny do zbierania informacji, w formie zbiorczej, na temat liczby u\u017cytkownik\u00f3w i sposobu odwiedzania przez nich strony internetowej.<\/li>\n\n\n\n<li>funkcjonalne pliki cookies, kt\u00f3re pozwalaj\u0105 u\u017cytkownikowi na nawigacj\u0119 wed\u0142ug szeregu wybranych kryteri\u00f3w (np. j\u0119zyk, produkty wybrane do zakupu) w celu ulepszenia us\u0142ug \u015bwiadczonych na rzecz u\u017cytkownika.<\/li>\n<\/ul>\n\n\n\n<p>Pliki cookies do profilowania s\u0105 bardziej wyrafinowane! Zadaniem tych plik\u00f3w jest profilowanie u\u017cytkownika i s\u0105 wykorzystywane do wysy\u0142ania wiadomo\u015bci reklamowych zgodnie z preferencjami wyra\u017conymi przez u\u017cytkownika podczas jego nawigacji.<\/p>\n\n\n\n<p>Pliki cookies mo\u017cna jeszcze podzieli\u0107 na:<\/p>\n\n\n\n<ul class=\"wp-block-list\">\n<li>sesyjne pliki cookies, kt\u00f3re s\u0105 usuwane natychmiast po zamkni\u0119ciu przegl\u0105darki;<\/li>\n\n\n\n<li>trwa\u0142e pliki cookies, kt\u00f3re w przeciwie\u0144stwie do sesyjnych plik\u00f3w cookies, pozostaj\u0105 w przegl\u0105darce przez pewien okres czasu. S\u0142u\u017c\u0105 one na przyk\u0142ad do rozpoznania urz\u0105dzenia, kt\u00f3re \u0142\u0105czy si\u0119 z witryn\u0105, u\u0142atwiaj\u0105c uwierzytelnienie u\u017cytkownika.<\/li>\n\n\n\n<li>w\u0142asne pliki cookies (first party cookies), czyli pliki generowane i zarz\u0105dzane bezpo\u015brednio przez administratora strony internetowej, kt\u00f3r\u0105 przegl\u0105da u\u017cytkownik.<\/li>\n\n\n\n<li>obce pliki cookies (third party cookies), kt\u00f3re s\u0105 generowane i zarz\u0105dzane przez podmioty inne ni\u017c administrator strony internetowej, kt\u00f3r\u0105 przegl\u0105da u\u017cytkownik (zazwyczaj na mocy umowy mi\u0119dzy w\u0142a\u015bcicielem strony internetowej a osob\u0105 trzeci\u0105).<\/li>\n<\/ul>\n\n\n\n<p><strong>JAKICH PLIK\u00d3W COOKIES U\u017bYWA FIRMA IVM Chemicals srl?<\/strong><\/p>\n\n\n\n<p>Ta strona internetowa, zarz\u0105dzana przez firm\u0119 IVM Chemicals srl, z siedzib\u0105 w Mediolanie, Via Torquato Tasso 10, kt\u00f3ra w zwi\u0105zku z tym pe\u0142ni rol\u0119 administratora danych osobowych zgodnie z Rozporz\u0105dzeniem UE 2016\/679, u\u017cywa wy\u0142\u0105cznie technicznych plik\u00f3w cookies, okre\u015blonych jako pliki wykorzystywane wy\u0142\u0105cznie w celu \u201eprzesy\u0142ania komunikatu za po\u015brednictwem elektronicznej sieci komunikacyjnej lub w zakresie absolutnie niezb\u0119dnym dla podmiotu \u015bwiadcz\u0105cego us\u0142ug\u0119 spo\u0142ecze\u0144stwa informacyjnego wyra\u017anie za\u017c\u0105dan\u0105 przez abonenta lub u\u017cytkownika w celu \u015bwiadczenia takiej us\u0142ugi\u201d, oraz analitycznych plik\u00f3w cookies, plik\u00f3w Google &#8222;podobnych do technicznych plik\u00f3w cookies tylko wtedy, gdy s\u0105 wykorzystywane bezpo\u015brednio przez administratora witryny do zbierania informacji, w formie zbiorczej, na temat liczby u\u017cytkownik\u00f3w i sposobu odwiedzania przez nich strony internetowej&#8221;.<\/p>\n\n\n\n<p>W szczeg\u00f3lno\u015bci, s\u0105 to nast\u0119puj\u0105ce elementy:<\/p>\n\n\n\n<figure class=\"wp-block-table\"><table><tbody><tr><td><strong>Pliki cookies<\/strong><\/td><td><strong>Funkcja<\/strong><\/td><\/tr><tr><td>&nbsp;_session_id<\/td><td>&nbsp;sesyjne pliki cookies<\/td><\/tr><tr><td>&nbsp;Google analytics (GA) cookies<\/td><td>&nbsp;analityczne pliki cookies<\/td><\/tr><\/tbody><\/table><\/figure>\n\n\n\n<p>Kompletn\u0105 i zawsze aktualn\u0105 list\u0119 plik\u00f3w cookies Google Analytics mo\u017cna otrzyma\u0107 pod nast\u0119puj\u0105cym adresem:<\/p>\n\n\n\n<p><a href=\"https:\/\/developers.google.com\/analytics\/devguides\/collection\/analyticsjs\/cookie-usage\" target=\"_blank\" rel=\"noreferrer noopener\">Google Developers<\/a><\/p>\n\n\n\n<p>Instalowanie i korzystanie z takich plik\u00f3w cookies nie wymaga uprzedniej zgody u\u017cytkownika, poniewa\u017c s\u0105 one konieczne i niezb\u0119dne do prawid\u0142owego funkcjonowania aplikacji.<\/p>\n\n\n\n<p>Ta strona internetowa umo\u017cliwia wybranie lub odznaczenie poszczeg\u00f3lnych plik\u00f3w cookies, w pokazano ni\u017cej spos\u00f3b, lecz nale\u017cy pami\u0119ta\u0107, \u017ce ich wy\u0142\u0105czenie mo\u017ce spowodowa\u0107, \u017ce nie b\u0119dzie zagwarantowana pe\u0142na funkcjonalno\u015b\u0107 strony.<\/p>\n\n\n\n<p><strong>O ile nie zostan\u0105 wy\u0142\u0105czone na naszej stronie internetowej, korzystaj\u0105c z niej u\u017cytkownik akceptuje nasz\u0105 polityk\u0119 dotycz\u0105c\u0105 plik\u00f3w cookies.<\/strong><\/p>\n\n\n\n<p>Aby wy\u0142\u0105czy\u0107, usun\u0105\u0107 lub zablokowa\u0107 pliki cookies, mo\u017cna skorzysta\u0107 z ustawie\u0144 przegl\u0105darki, wed\u0142ug poni\u017cszych wskaz\u00f3wek:<\/p>\n\n\n\n<p><strong>W\u0142\u0105czanie\/wy\u0142\u0105czanie plik\u00f3w cookies przy u\u017cyciu przegl\u0105darki internetowej<\/strong><\/p>\n\n\n\n<p>Istnieje kilka sposob\u00f3w zarz\u0105dzania plikami cookies. Zmieniaj\u0105c ustawienia przegl\u0105darki, u\u017cytkownik mo\u017ce zaakceptowa\u0107 lub odrzuci\u0107 pliki cookies lub zdecydowa\u0107 si\u0119 na otrzymywanie z odwiedzanych stron internetowych komunikatu ostrzegawczego przed zaakceptowaniem danego pliku cookie. Mo\u017cna usun\u0105\u0107 wszystkie cookies zainstalowane w folderze plik\u00f3w cookies we w\u0142asnej przegl\u0105darce. Ka\u017cda przegl\u0105darka posiada inne procedury zarz\u0105dzania ustawieniami. Poni\u017csze linki zawieraj\u0105 szczeg\u00f3\u0142owe instrukcje dla najpopularniejszych przegl\u0105darek<\/p>\n\n\n\n<p><a href=\"https:\/\/support.microsoft.com\/pl-pl\/help\/4468242\/microsoft-edge-browsing-data-and-privacy\" target=\"_blank\" rel=\"noreferrer noopener\">Microsoft Edge<\/a><\/p>\n\n\n\n<p><a href=\"https:\/\/support.google.com\/chrome\/answer\/95647?hl=pl&amp;p=cpn_cookies\">Google Chrome<\/a><\/p>\n\n\n\n<p><a href=\"https:\/\/support.mozilla.org\/pl\/kb\/wzmocniona-ochrona-przed-sledzeniem-firefox-desktop\" target=\"_blank\" rel=\"noreferrer noopener\">Mozilla Firefox<\/a><\/p>\n\n\n\n<p><a href=\"https:\/\/support.apple.com\/pl-pl\/guide\/safari\/sfri11471\/mac\" target=\"_blank\" rel=\"noreferrer noopener\">Jab\u0142ko Safari<\/a><\/p>\n\n\n\n<p>Je\u015bli nie u\u017cywasz \u017cadnej z wy\u017cej wymienionych przegl\u0105darek, wybierz &#8222;cookies&#8221; w sekcji pomocy przegl\u0105darki, aby dowiedzie\u0107 si\u0119, gdzie znajduje si\u0119 Tw\u00f3j folder z plikami cookies.<\/p>\n\n\n\n<p>W celu uzyskania dodatkowych informacji na temat korzystania z plik\u00f3w cookies, ka\u017cda osoba, kt\u00f3rej dane dotycz\u0105, mo\u017ce skontaktowa\u0107 si\u0119 bezpo\u015brednio z administratorem danych za po\u015brednictwem poczty elektronicznej na poni\u017cszy adres:&nbsp;<a href=\"mailto:info@ivmchemicals.com\">info@ivmchemicals.com<\/a>, r\u00f3wnie\u017c w celu uzyskania pe\u0142nej listy podmiot\u00f3w przetwarzaj\u0105cych dane.<\/p>\n","protected":false},"excerpt":{"rendered":"<p>Korzystanie z plik\u00f3w cookies W ramach realizacji postanowienia Komisarza ds. ochrony danych osobowych z dnia 8 maja 2014 r. &#8222;Identyfikacja uproszczonych metod informowania i uzyskiwania zgody na korzystanie z plik\u00f3w cookies&#8221;, u\u017cytkownikowi przekazywane s\u0105 nast\u0119puj\u0105ce informacje. CZYM S\u0104 PLIKI COOKIES? Pliki cookies to niewielkie ci\u0105gi tekstowe, kt\u00f3re strona internetowa mo\u017ce wysy\u0142a\u0107 podczas przegl\u0105dania do Twojego [&hellip;]<\/p>\n","protected":false},"author":10,"featured_media":0,"parent":0,"menu_order":14,"comment_status":"closed","ping_status":"closed","template":"","meta":{"_et_pb_use_builder":"","_et_pb_old_content":"","_et_gb_content_width":"","footnotes":""},"class_list":["post-23960","page","type-page","status-publish","hentry"],"yoast_head":"<!-- This site is optimized with the Yoast SEO plugin v27.3 - https:\/\/yoast.com\/product\/yoast-seo-wordpress\/ -->\n<title>Informacje o plikach cookie - Milesi<\/title>\n<meta name=\"robots\" content=\"noindex, nofollow\" \/>\n<meta property=\"og:locale\" content=\"pl_PL\" \/>\n<meta property=\"og:type\" content=\"article\" \/>\n<meta property=\"og:title\" content=\"Informacje o plikach cookie - Milesi\" \/>\n<meta property=\"og:description\" content=\"Korzystanie z plik\u00f3w cookies W ramach realizacji postanowienia Komisarza ds. ochrony danych osobowych z dnia 8 maja 2014 r. &#8222;Identyfikacja uproszczonych metod informowania i uzyskiwania zgody na korzystanie z plik\u00f3w cookies&#8221;, u\u017cytkownikowi przekazywane s\u0105 nast\u0119puj\u0105ce informacje. CZYM S\u0104 PLIKI COOKIES? Pliki cookies to niewielkie ci\u0105gi tekstowe, kt\u00f3re strona internetowa mo\u017ce wysy\u0142a\u0107 podczas przegl\u0105dania do Twojego [&hellip;]\" \/>\n<meta property=\"og:url\" content=\"https:\/\/www.milesi.com\/pl\/informacje-o-plikach-cookie\/\" \/>\n<meta property=\"og:site_name\" content=\"Milesi\" \/>\n<meta property=\"article:publisher\" content=\"https:\/\/www.facebook.com\/MilesiVernici\" \/>\n<meta property=\"article:modified_time\" content=\"2023-07-14T07:27:21+00:00\" \/>\n<meta name=\"twitter:card\" content=\"summary_large_image\" \/>\n<meta name=\"twitter:label1\" content=\"Szacowany czas czytania\" \/>\n\t<meta name=\"twitter:data1\" content=\"5 minut\" \/>\n<script type=\"application\/ld+json\" class=\"yoast-schema-graph\">{\"@context\":\"https:\\\/\\\/schema.org\",\"@graph\":[{\"@type\":\"WebPage\",\"@id\":\"https:\\\/\\\/www.milesi.com\\\/pl\\\/informacje-o-plikach-cookie\\\/\",\"url\":\"https:\\\/\\\/www.milesi.com\\\/pl\\\/informacje-o-plikach-cookie\\\/\",\"name\":\"Informacje o plikach cookie - Milesi\",\"isPartOf\":{\"@id\":\"https:\\\/\\\/www.milesi.com\\\/pl\\\/#website\"},\"datePublished\":\"2023-07-14T07:27:20+00:00\",\"dateModified\":\"2023-07-14T07:27:21+00:00\",\"breadcrumb\":{\"@id\":\"https:\\\/\\\/www.milesi.com\\\/pl\\\/informacje-o-plikach-cookie\\\/#breadcrumb\"},\"inLanguage\":\"pl-PL\",\"potentialAction\":[{\"@type\":\"ReadAction\",\"target\":[\"https:\\\/\\\/www.milesi.com\\\/pl\\\/informacje-o-plikach-cookie\\\/\"]}]},{\"@type\":\"BreadcrumbList\",\"@id\":\"https:\\\/\\\/www.milesi.com\\\/pl\\\/informacje-o-plikach-cookie\\\/#breadcrumb\",\"itemListElement\":[{\"@type\":\"ListItem\",\"position\":1,\"name\":\"Milesi - Lakiery do drewna\",\"item\":\"https:\\\/\\\/www.milesi.com\\\/pl\\\/\"},{\"@type\":\"ListItem\",\"position\":2,\"name\":\"Informacje o plikach cookie\"}]},{\"@type\":\"WebSite\",\"@id\":\"https:\\\/\\\/www.milesi.com\\\/pl\\\/#website\",\"url\":\"https:\\\/\\\/www.milesi.com\\\/pl\\\/\",\"name\":\"Milesi Vernici per il legno\",\"description\":\"Lakiery do drewna\",\"publisher\":{\"@id\":\"https:\\\/\\\/www.milesi.com\\\/pl\\\/#organization\"},\"alternateName\":\"Milesi\",\"potentialAction\":[{\"@type\":\"SearchAction\",\"target\":{\"@type\":\"EntryPoint\",\"urlTemplate\":\"https:\\\/\\\/www.milesi.com\\\/pl\\\/?s={search_term_string}\"},\"query-input\":{\"@type\":\"PropertyValueSpecification\",\"valueRequired\":true,\"valueName\":\"search_term_string\"}}],\"inLanguage\":\"pl-PL\"},{\"@type\":\"Organization\",\"@id\":\"https:\\\/\\\/www.milesi.com\\\/pl\\\/#organization\",\"name\":\"Milesi Vernici\",\"alternateName\":\"Milesi\",\"url\":\"https:\\\/\\\/www.milesi.com\\\/pl\\\/\",\"logo\":{\"@type\":\"ImageObject\",\"inLanguage\":\"pl-PL\",\"@id\":\"https:\\\/\\\/www.milesi.com\\\/pl\\\/#\\\/schema\\\/logo\\\/image\\\/\",\"url\":\"https:\\\/\\\/www.milesi.com\\\/wp-content\\\/uploads\\\/2022\\\/12\\\/milesi-web.png\",\"contentUrl\":\"https:\\\/\\\/www.milesi.com\\\/wp-content\\\/uploads\\\/2022\\\/12\\\/milesi-web.png\",\"width\":100,\"height\":101,\"caption\":\"Milesi Vernici\"},\"image\":{\"@id\":\"https:\\\/\\\/www.milesi.com\\\/pl\\\/#\\\/schema\\\/logo\\\/image\\\/\"},\"sameAs\":[\"https:\\\/\\\/www.facebook.com\\\/MilesiVernici\",\"https:\\\/\\\/www.youtube.com\\\/channel\\\/UCgULN6yzPgE9usmMi3CP5hQ\",\"https:\\\/\\\/www.instagram.com\\\/milesiverniciperlegno\\\/\",\"https:\\\/\\\/vimeo.com\\\/user117001108\",\"https:\\\/\\\/www.linkedin.com\\\/company\\\/milesiwoodcoatings\\\/\"]}]}<\/script>\n<!-- \/ Yoast SEO plugin. -->","yoast_head_json":{"title":"Informacje o plikach cookie - Milesi","robots":{"index":"noindex","follow":"nofollow"},"og_locale":"pl_PL","og_type":"article","og_title":"Informacje o plikach cookie - Milesi","og_description":"Korzystanie z plik\u00f3w cookies W ramach realizacji postanowienia Komisarza ds. ochrony danych osobowych z dnia 8 maja 2014 r. &#8222;Identyfikacja uproszczonych metod informowania i uzyskiwania zgody na korzystanie z plik\u00f3w cookies&#8221;, u\u017cytkownikowi przekazywane s\u0105 nast\u0119puj\u0105ce informacje. CZYM S\u0104 PLIKI COOKIES? Pliki cookies to niewielkie ci\u0105gi tekstowe, kt\u00f3re strona internetowa mo\u017ce wysy\u0142a\u0107 podczas przegl\u0105dania do Twojego [&hellip;]","og_url":"https:\/\/www.milesi.com\/pl\/informacje-o-plikach-cookie\/","og_site_name":"Milesi","article_publisher":"https:\/\/www.facebook.com\/MilesiVernici","article_modified_time":"2023-07-14T07:27:21+00:00","twitter_card":"summary_large_image","twitter_misc":{"Szacowany czas czytania":"5 minut"},"schema":{"@context":"https:\/\/schema.org","@graph":[{"@type":"WebPage","@id":"https:\/\/www.milesi.com\/pl\/informacje-o-plikach-cookie\/","url":"https:\/\/www.milesi.com\/pl\/informacje-o-plikach-cookie\/","name":"Informacje o plikach cookie - Milesi","isPartOf":{"@id":"https:\/\/www.milesi.com\/pl\/#website"},"datePublished":"2023-07-14T07:27:20+00:00","dateModified":"2023-07-14T07:27:21+00:00","breadcrumb":{"@id":"https:\/\/www.milesi.com\/pl\/informacje-o-plikach-cookie\/#breadcrumb"},"inLanguage":"pl-PL","potentialAction":[{"@type":"ReadAction","target":["https:\/\/www.milesi.com\/pl\/informacje-o-plikach-cookie\/"]}]},{"@type":"BreadcrumbList","@id":"https:\/\/www.milesi.com\/pl\/informacje-o-plikach-cookie\/#breadcrumb","itemListElement":[{"@type":"ListItem","position":1,"name":"Milesi - Lakiery do drewna","item":"https:\/\/www.milesi.com\/pl\/"},{"@type":"ListItem","position":2,"name":"Informacje o plikach cookie"}]},{"@type":"WebSite","@id":"https:\/\/www.milesi.com\/pl\/#website","url":"https:\/\/www.milesi.com\/pl\/","name":"Milesi Vernici per il legno","description":"Lakiery do drewna","publisher":{"@id":"https:\/\/www.milesi.com\/pl\/#organization"},"alternateName":"Milesi","potentialAction":[{"@type":"SearchAction","target":{"@type":"EntryPoint","urlTemplate":"https:\/\/www.milesi.com\/pl\/?s={search_term_string}"},"query-input":{"@type":"PropertyValueSpecification","valueRequired":true,"valueName":"search_term_string"}}],"inLanguage":"pl-PL"},{"@type":"Organization","@id":"https:\/\/www.milesi.com\/pl\/#organization","name":"Milesi Vernici","alternateName":"Milesi","url":"https:\/\/www.milesi.com\/pl\/","logo":{"@type":"ImageObject","inLanguage":"pl-PL","@id":"https:\/\/www.milesi.com\/pl\/#\/schema\/logo\/image\/","url":"https:\/\/www.milesi.com\/wp-content\/uploads\/2022\/12\/milesi-web.png","contentUrl":"https:\/\/www.milesi.com\/wp-content\/uploads\/2022\/12\/milesi-web.png","width":100,"height":101,"caption":"Milesi Vernici"},"image":{"@id":"https:\/\/www.milesi.com\/pl\/#\/schema\/logo\/image\/"},"sameAs":["https:\/\/www.facebook.com\/MilesiVernici","https:\/\/www.youtube.com\/channel\/UCgULN6yzPgE9usmMi3CP5hQ","https:\/\/www.instagram.com\/milesiverniciperlegno\/","https:\/\/vimeo.com\/user117001108","https:\/\/www.linkedin.com\/company\/milesiwoodcoatings\/"]}]}},"_links":{"self":[{"href":"https:\/\/www.milesi.com\/pl\/wp-json\/wp\/v2\/pages\/23960","targetHints":{"allow":["GET"]}}],"collection":[{"href":"https:\/\/www.milesi.com\/pl\/wp-json\/wp\/v2\/pages"}],"about":[{"href":"https:\/\/www.milesi.com\/pl\/wp-json\/wp\/v2\/types\/page"}],"author":[{"embeddable":true,"href":"https:\/\/www.milesi.com\/pl\/wp-json\/wp\/v2\/users\/10"}],"replies":[{"embeddable":true,"href":"https:\/\/www.milesi.com\/pl\/wp-json\/wp\/v2\/comments?post=23960"}],"version-history":[{"count":1,"href":"https:\/\/www.milesi.com\/pl\/wp-json\/wp\/v2\/pages\/23960\/revisions"}],"predecessor-version":[{"id":23962,"href":"https:\/\/www.milesi.com\/pl\/wp-json\/wp\/v2\/pages\/23960\/revisions\/23962"}],"wp:attachment":[{"href":"https:\/\/www.milesi.com\/pl\/wp-json\/wp\/v2\/media?parent=23960"}],"curies":[{"name":"wp","href":"https:\/\/api.w.org\/{rel}","templated":true}]}}