{"id":7989,"date":"2020-07-30T09:50:00","date_gmt":"2020-07-30T07:50:00","guid":{"rendered":"http:\/\/www.milesi.com\/?page_id=7989"},"modified":"2020-07-30T09:50:00","modified_gmt":"2020-07-30T07:50:00","slug":"poczatki","status":"publish","type":"page","link":"https:\/\/www.milesi.com\/pl\/poczatki\/","title":{"rendered":"Pocz\u0105tki"},"content":{"rendered":"<p>Produkcj\u0119 lakier\u00f3w MILESI rozpocz\u0119to w1947 roku w Mediolanie, w regionie znanym na ca\u0142ym \u015bwiecie z doskona\u0142o\u015bci w bran\u017cy drzewno-meblarskiej ju\u017c od ko\u0144ca XVIII wieku.<\/p>\n<p>W latach 1945-1960 W\u0142ochy przewodzi\u0142y wielkiemu rozwojowi przemys\u0142u meblarskiego na poziomie europejskim: ma\u0142e rzemie\u015blnicze realia stopniowo przekszta\u0142ca\u0142y si\u0119 w nowoczesny przemys\u0142, przy jednoczesnym zachowaniu g\u0142\u0119bokiej dba\u0142o\u015bci o jako\u015b\u0107 i szczeg\u00f3\u0142y, kt\u00f3re zawsze by\u0142y podstaw\u0105 ich mi\u0119dzynarodowego sukcesu. \u0141\u0105cz\u0105c umiej\u0119tno\u015bci techniczne z umiej\u0119tno\u015bciami projektowymi oraz\u00a0 wsp\u00f3\u0142pracuj\u0105c z uznanymi architektami i projektantami, w\u0142oski przemys\u0142 tworzy\u0142 meble, akcesoria i przedmioty, kt\u00f3re odcisn\u0119\u0142y pi\u0119tno w historii wzornictwa przemys\u0142owego.<\/p>\n<p>To w\u0142a\u015bnie w tej rzeczywisto\u015bci Milesi ma swoje korzenie. Od pocz\u0105tku towarzyszy przedsi\u0119biorstwom z sektora mebli drewnianych, aby zrozumie\u0107 jego potrzeby i oczekiwania. Wspiera je na \u015bcie\u017cce rozwoju badaj\u0105c innowacyjne produkty do ochrony, jak i upi\u0119kszania \u00a0drewna, ze szczeg\u00f3ln\u0105 trosk\u0105 o prostot\u0119 stosowania oraz wzrost wydajno\u015bci i szybko\u015bci proces\u00f3w lakierniczych z dum\u0105 przyczyniaj\u0105c si\u0119 do ich\u00a0 rozpowszechniania \u00a0na ca\u0142ym \u015bwiecie.<\/p>\n<p>G\u0142\u0119boka i ci\u0105g\u0142a interakcja z profesjonalistami z tego sektora przemys\u0142u, wraz z relacjami z architektami i projektantami z nimi wsp\u00f3\u0142pracuj\u0105cymi, maj\u0105 r\u00f3wnie\u017c fundamentalne znaczenie dla sukcesu Milesi.<\/p>\n<p>W 1970 roku Milesi spa zosta\u0142o w\u0142\u0105czone do IVM Group, utworzonej przez t\u0119 sam\u0105 rodzin\u0119 w\u0142a\u015bcicieli w celu wspierania rozwoju firmy. Dzi\u015b to \u00a0jedna z najwi\u0119kszych i najwa\u017cniejszych firm w Europie i na \u015bwiecie specjalizuj\u0105ca si\u0119 w lakierach do drewna i materia\u0142\u00f3w stosowanych w przemy\u015ble meblarskim. .<br \/>\nGrupa IVM nale\u017cy do tych samych w\u0142a\u015bcicieli \u00a0od momentu powstania, zawsze gwarantuj\u0105c sp\u00f3jno\u015b\u0107 strategii, bezpiecze\u0144stwo i niezawodno\u015b\u0107 w zarz\u0105dzaniu. Stabilno\u015b\u0107 zarz\u0105du i grupy Wsp\u00f3\u0142pracownik\u00f3w pozwoli\u0142a na ukszta\u0142towanie si\u0119 solidnej organizacji, kt\u00f3r\u0105 tworz\u0105 czo\u0142owi eksperci w bran\u017cy lakier\u00f3w do drewna i przemys\u0142u meblarskiego.<\/p>\n","protected":false},"excerpt":{"rendered":"<p>Produkcj\u0119 lakier\u00f3w MILESI rozpocz\u0119to w1947 roku w Mediolanie, w regionie znanym na ca\u0142ym \u015bwiecie z doskona\u0142o\u015bci w bran\u017cy drzewno-meblarskiej ju\u017c od ko\u0144ca XVIII wieku. W latach 1945-1960 W\u0142ochy przewodzi\u0142y wielkiemu rozwojowi przemys\u0142u meblarskiego na poziomie europejskim: ma\u0142e rzemie\u015blnicze realia stopniowo przekszta\u0142ca\u0142y si\u0119 w nowoczesny przemys\u0142, przy jednoczesnym zachowaniu g\u0142\u0119bokiej dba\u0142o\u015bci o jako\u015b\u0107 i szczeg\u00f3\u0142y, kt\u00f3re [&hellip;]<\/p>\n","protected":false},"author":5,"featured_media":0,"parent":0,"menu_order":73,"comment_status":"closed","ping_status":"closed","template":"storia.php","meta":{"_et_pb_use_builder":"","_et_pb_old_content":"","_et_gb_content_width":"","footnotes":""},"class_list":["post-7989","page","type-page","status-publish","hentry"],"yoast_head":"<!-- This site is optimized with the Yoast SEO plugin v27.3 - https:\/\/yoast.com\/product\/yoast-seo-wordpress\/ -->\n<title>Pocz\u0105tki - Milesi<\/title>\n<meta name=\"robots\" content=\"index, follow, max-snippet:-1, max-image-preview:large, max-video-preview:-1\" \/>\n<link rel=\"canonical\" href=\"https:\/\/www.milesi.com\/pl\/poczatki\/\" \/>\n<meta property=\"og:locale\" content=\"pl_PL\" \/>\n<meta property=\"og:type\" content=\"article\" \/>\n<meta property=\"og:title\" content=\"Pocz\u0105tki - Milesi\" \/>\n<meta property=\"og:description\" content=\"Produkcj\u0119 lakier\u00f3w MILESI rozpocz\u0119to w1947 roku w Mediolanie, w regionie znanym na ca\u0142ym \u015bwiecie z doskona\u0142o\u015bci w bran\u017cy drzewno-meblarskiej ju\u017c od ko\u0144ca XVIII wieku. W latach 1945-1960 W\u0142ochy przewodzi\u0142y wielkiemu rozwojowi przemys\u0142u meblarskiego na poziomie europejskim: ma\u0142e rzemie\u015blnicze realia stopniowo przekszta\u0142ca\u0142y si\u0119 w nowoczesny przemys\u0142, przy jednoczesnym zachowaniu g\u0142\u0119bokiej dba\u0142o\u015bci o jako\u015b\u0107 i szczeg\u00f3\u0142y, kt\u00f3re [&hellip;]\" \/>\n<meta property=\"og:url\" content=\"https:\/\/www.milesi.com\/pl\/poczatki\/\" \/>\n<meta property=\"og:site_name\" content=\"Milesi\" \/>\n<meta property=\"article:publisher\" content=\"https:\/\/www.facebook.com\/MilesiVernici\" \/>\n<meta name=\"twitter:card\" content=\"summary_large_image\" \/>\n<meta name=\"twitter:label1\" content=\"Szacowany czas czytania\" \/>\n\t<meta name=\"twitter:data1\" content=\"2 minuty\" \/>\n<script type=\"application\/ld+json\" class=\"yoast-schema-graph\">{\"@context\":\"https:\\\/\\\/schema.org\",\"@graph\":[{\"@type\":\"WebPage\",\"@id\":\"https:\\\/\\\/www.milesi.com\\\/pl\\\/poczatki\\\/\",\"url\":\"https:\\\/\\\/www.milesi.com\\\/pl\\\/poczatki\\\/\",\"name\":\"Pocz\u0105tki - Milesi\",\"isPartOf\":{\"@id\":\"https:\\\/\\\/www.milesi.com\\\/pl\\\/#website\"},\"datePublished\":\"2020-07-30T07:50:00+00:00\",\"breadcrumb\":{\"@id\":\"https:\\\/\\\/www.milesi.com\\\/pl\\\/poczatki\\\/#breadcrumb\"},\"inLanguage\":\"pl-PL\",\"potentialAction\":[{\"@type\":\"ReadAction\",\"target\":[\"https:\\\/\\\/www.milesi.com\\\/pl\\\/poczatki\\\/\"]}]},{\"@type\":\"BreadcrumbList\",\"@id\":\"https:\\\/\\\/www.milesi.com\\\/pl\\\/poczatki\\\/#breadcrumb\",\"itemListElement\":[{\"@type\":\"ListItem\",\"position\":1,\"name\":\"Milesi - Lakiery do drewna\",\"item\":\"https:\\\/\\\/www.milesi.com\\\/pl\\\/\"},{\"@type\":\"ListItem\",\"position\":2,\"name\":\"Pocz\u0105tki\"}]},{\"@type\":\"WebSite\",\"@id\":\"https:\\\/\\\/www.milesi.com\\\/pl\\\/#website\",\"url\":\"https:\\\/\\\/www.milesi.com\\\/pl\\\/\",\"name\":\"Milesi Vernici per il legno\",\"description\":\"Lakiery do drewna\",\"publisher\":{\"@id\":\"https:\\\/\\\/www.milesi.com\\\/pl\\\/#organization\"},\"alternateName\":\"Milesi\",\"potentialAction\":[{\"@type\":\"SearchAction\",\"target\":{\"@type\":\"EntryPoint\",\"urlTemplate\":\"https:\\\/\\\/www.milesi.com\\\/pl\\\/?s={search_term_string}\"},\"query-input\":{\"@type\":\"PropertyValueSpecification\",\"valueRequired\":true,\"valueName\":\"search_term_string\"}}],\"inLanguage\":\"pl-PL\"},{\"@type\":\"Organization\",\"@id\":\"https:\\\/\\\/www.milesi.com\\\/pl\\\/#organization\",\"name\":\"Milesi Vernici\",\"alternateName\":\"Milesi\",\"url\":\"https:\\\/\\\/www.milesi.com\\\/pl\\\/\",\"logo\":{\"@type\":\"ImageObject\",\"inLanguage\":\"pl-PL\",\"@id\":\"https:\\\/\\\/www.milesi.com\\\/pl\\\/#\\\/schema\\\/logo\\\/image\\\/\",\"url\":\"https:\\\/\\\/www.milesi.com\\\/wp-content\\\/uploads\\\/2022\\\/12\\\/milesi-web.png\",\"contentUrl\":\"https:\\\/\\\/www.milesi.com\\\/wp-content\\\/uploads\\\/2022\\\/12\\\/milesi-web.png\",\"width\":100,\"height\":101,\"caption\":\"Milesi Vernici\"},\"image\":{\"@id\":\"https:\\\/\\\/www.milesi.com\\\/pl\\\/#\\\/schema\\\/logo\\\/image\\\/\"},\"sameAs\":[\"https:\\\/\\\/www.facebook.com\\\/MilesiVernici\",\"https:\\\/\\\/www.youtube.com\\\/channel\\\/UCgULN6yzPgE9usmMi3CP5hQ\",\"https:\\\/\\\/www.instagram.com\\\/milesiverniciperlegno\\\/\",\"https:\\\/\\\/vimeo.com\\\/user117001108\",\"https:\\\/\\\/www.linkedin.com\\\/company\\\/milesiwoodcoatings\\\/\"]}]}<\/script>\n<!-- \/ Yoast SEO plugin. -->","yoast_head_json":{"title":"Pocz\u0105tki - Milesi","robots":{"index":"index","follow":"follow","max-snippet":"max-snippet:-1","max-image-preview":"max-image-preview:large","max-video-preview":"max-video-preview:-1"},"canonical":"https:\/\/www.milesi.com\/pl\/poczatki\/","og_locale":"pl_PL","og_type":"article","og_title":"Pocz\u0105tki - Milesi","og_description":"Produkcj\u0119 lakier\u00f3w MILESI rozpocz\u0119to w1947 roku w Mediolanie, w regionie znanym na ca\u0142ym \u015bwiecie z doskona\u0142o\u015bci w bran\u017cy drzewno-meblarskiej ju\u017c od ko\u0144ca XVIII wieku. W latach 1945-1960 W\u0142ochy przewodzi\u0142y wielkiemu rozwojowi przemys\u0142u meblarskiego na poziomie europejskim: ma\u0142e rzemie\u015blnicze realia stopniowo przekszta\u0142ca\u0142y si\u0119 w nowoczesny przemys\u0142, przy jednoczesnym zachowaniu g\u0142\u0119bokiej dba\u0142o\u015bci o jako\u015b\u0107 i szczeg\u00f3\u0142y, kt\u00f3re [&hellip;]","og_url":"https:\/\/www.milesi.com\/pl\/poczatki\/","og_site_name":"Milesi","article_publisher":"https:\/\/www.facebook.com\/MilesiVernici","twitter_card":"summary_large_image","twitter_misc":{"Szacowany czas czytania":"2 minuty"},"schema":{"@context":"https:\/\/schema.org","@graph":[{"@type":"WebPage","@id":"https:\/\/www.milesi.com\/pl\/poczatki\/","url":"https:\/\/www.milesi.com\/pl\/poczatki\/","name":"Pocz\u0105tki - Milesi","isPartOf":{"@id":"https:\/\/www.milesi.com\/pl\/#website"},"datePublished":"2020-07-30T07:50:00+00:00","breadcrumb":{"@id":"https:\/\/www.milesi.com\/pl\/poczatki\/#breadcrumb"},"inLanguage":"pl-PL","potentialAction":[{"@type":"ReadAction","target":["https:\/\/www.milesi.com\/pl\/poczatki\/"]}]},{"@type":"BreadcrumbList","@id":"https:\/\/www.milesi.com\/pl\/poczatki\/#breadcrumb","itemListElement":[{"@type":"ListItem","position":1,"name":"Milesi - Lakiery do drewna","item":"https:\/\/www.milesi.com\/pl\/"},{"@type":"ListItem","position":2,"name":"Pocz\u0105tki"}]},{"@type":"WebSite","@id":"https:\/\/www.milesi.com\/pl\/#website","url":"https:\/\/www.milesi.com\/pl\/","name":"Milesi Vernici per il legno","description":"Lakiery do drewna","publisher":{"@id":"https:\/\/www.milesi.com\/pl\/#organization"},"alternateName":"Milesi","potentialAction":[{"@type":"SearchAction","target":{"@type":"EntryPoint","urlTemplate":"https:\/\/www.milesi.com\/pl\/?s={search_term_string}"},"query-input":{"@type":"PropertyValueSpecification","valueRequired":true,"valueName":"search_term_string"}}],"inLanguage":"pl-PL"},{"@type":"Organization","@id":"https:\/\/www.milesi.com\/pl\/#organization","name":"Milesi Vernici","alternateName":"Milesi","url":"https:\/\/www.milesi.com\/pl\/","logo":{"@type":"ImageObject","inLanguage":"pl-PL","@id":"https:\/\/www.milesi.com\/pl\/#\/schema\/logo\/image\/","url":"https:\/\/www.milesi.com\/wp-content\/uploads\/2022\/12\/milesi-web.png","contentUrl":"https:\/\/www.milesi.com\/wp-content\/uploads\/2022\/12\/milesi-web.png","width":100,"height":101,"caption":"Milesi Vernici"},"image":{"@id":"https:\/\/www.milesi.com\/pl\/#\/schema\/logo\/image\/"},"sameAs":["https:\/\/www.facebook.com\/MilesiVernici","https:\/\/www.youtube.com\/channel\/UCgULN6yzPgE9usmMi3CP5hQ","https:\/\/www.instagram.com\/milesiverniciperlegno\/","https:\/\/vimeo.com\/user117001108","https:\/\/www.linkedin.com\/company\/milesiwoodcoatings\/"]}]}},"_links":{"self":[{"href":"https:\/\/www.milesi.com\/pl\/wp-json\/wp\/v2\/pages\/7989","targetHints":{"allow":["GET"]}}],"collection":[{"href":"https:\/\/www.milesi.com\/pl\/wp-json\/wp\/v2\/pages"}],"about":[{"href":"https:\/\/www.milesi.com\/pl\/wp-json\/wp\/v2\/types\/page"}],"author":[{"embeddable":true,"href":"https:\/\/www.milesi.com\/pl\/wp-json\/wp\/v2\/users\/5"}],"replies":[{"embeddable":true,"href":"https:\/\/www.milesi.com\/pl\/wp-json\/wp\/v2\/comments?post=7989"}],"version-history":[{"count":0,"href":"https:\/\/www.milesi.com\/pl\/wp-json\/wp\/v2\/pages\/7989\/revisions"}],"wp:attachment":[{"href":"https:\/\/www.milesi.com\/pl\/wp-json\/wp\/v2\/media?parent=7989"}],"curies":[{"name":"wp","href":"https:\/\/api.w.org\/{rel}","templated":true}]}}