{"id":7991,"date":"2020-07-30T09:52:28","date_gmt":"2020-07-30T07:52:28","guid":{"rendered":"http:\/\/www.milesi.com\/?page_id=7991"},"modified":"2021-02-25T14:43:08","modified_gmt":"2021-02-25T13:43:08","slug":"nasza-misja","status":"publish","type":"page","link":"https:\/\/www.milesi.com\/pl\/nasza-misja\/","title":{"rendered":"Nasza Misja"},"content":{"rendered":"<p><img loading=\"lazy\" decoding=\"async\" class=\"wp-image-9348 alignleft\" src=\"https:\/\/www.milesi.com\/wp-content\/uploads\/2020\/08\/mission_1561885906-500x300_menobordo-2-300x186.jpg\" alt=\"\" width=\"500\" height=\"310\" srcset=\"https:\/\/www.milesi.com\/wp-content\/uploads\/2020\/08\/mission_1561885906-500x300_menobordo-2-300x186.jpg 300w, https:\/\/www.milesi.com\/wp-content\/uploads\/2020\/08\/mission_1561885906-500x300_menobordo-2-24x15.jpg 24w, https:\/\/www.milesi.com\/wp-content\/uploads\/2020\/08\/mission_1561885906-500x300_menobordo-2-36x22.jpg 36w, https:\/\/www.milesi.com\/wp-content\/uploads\/2020\/08\/mission_1561885906-500x300_menobordo-2-256x159.jpg 256w, https:\/\/www.milesi.com\/wp-content\/uploads\/2020\/08\/mission_1561885906-500x300_menobordo-2.jpg 466w\" sizes=\"(max-width: 500px) 100vw, 500px\" \/><\/p>\n<p style=\"text-align: justify;\"><strong>Misj\u0105 IVM Group jest zapewnienie wszystkim, kt\u00f3rzy produkuj\u0105 meble, elementy wyposa\u017cenia wn\u0119trz, czy te\u017c elementy konstrukcyjne, zr\u00f3wnowa\u017conych i innowacyjnych rozwi\u0105za\u0144 lakierniczych w celu podniesienia komfortu \u017cycia i poziomu zadowolenia.<\/strong><\/p>\n<p style=\"text-align: justify;\">Poszukiwanie nowatorskich produkt\u00f3w \u0142\u0105czy si\u0119 z g\u0142\u0119bok\u0105 wra\u017cliwo\u015bci\u0105 na kwestie zwi\u0105zane ze \u015brodowiskiem, ekologi\u0105 i zdrowiem cz\u0142owieka.<\/p>\n<p style=\"text-align: justify;\">Znajduje to odzwierciedlenie w ka\u017cdym wyborze i dzia\u0142alno\u015bci biznesowej: wszyscy wsp\u00f3\u0142pracownicy nieustannie d\u0105\u017c\u0105 do optymalizacji proces\u00f3w,produkt\u00f3w i technologii,aby zapewni\u0107 najwy\u017cszy poziom bezpiecze\u0144stwa i zmniejszy\u0107 wp\u0142yw na \u015brodowisko naturalne.<\/p>\n","protected":false},"excerpt":{"rendered":"<p>Misj\u0105 IVM Group jest zapewnienie wszystkim, kt\u00f3rzy produkuj\u0105 meble, elementy wyposa\u017cenia wn\u0119trz, czy te\u017c elementy konstrukcyjne, zr\u00f3wnowa\u017conych i innowacyjnych rozwi\u0105za\u0144 lakierniczych w celu podniesienia komfortu \u017cycia i poziomu zadowolenia. Poszukiwanie nowatorskich produkt\u00f3w \u0142\u0105czy si\u0119 z g\u0142\u0119bok\u0105 wra\u017cliwo\u015bci\u0105 na kwestie zwi\u0105zane ze \u015brodowiskiem, ekologi\u0105 i zdrowiem cz\u0142owieka. Znajduje to odzwierciedlenie w ka\u017cdym wyborze i dzia\u0142alno\u015bci biznesowej: [&hellip;]<\/p>\n","protected":false},"author":5,"featured_media":8997,"parent":0,"menu_order":58,"comment_status":"closed","ping_status":"closed","template":"","meta":{"_et_pb_use_builder":"","_et_pb_old_content":"","_et_gb_content_width":"","footnotes":""},"class_list":["post-7991","page","type-page","status-publish","has-post-thumbnail","hentry"],"yoast_head":"<!-- This site is optimized with the Yoast SEO plugin v27.3 - https:\/\/yoast.com\/product\/yoast-seo-wordpress\/ -->\n<title>Nasza Misja - Milesi<\/title>\n<meta name=\"robots\" content=\"noindex, follow\" \/>\n<meta property=\"og:locale\" content=\"pl_PL\" \/>\n<meta property=\"og:type\" content=\"article\" \/>\n<meta property=\"og:title\" content=\"Nasza Misja - Milesi\" \/>\n<meta property=\"og:description\" content=\"Misj\u0105 IVM Group jest zapewnienie wszystkim, kt\u00f3rzy produkuj\u0105 meble, elementy wyposa\u017cenia wn\u0119trz, czy te\u017c elementy konstrukcyjne, zr\u00f3wnowa\u017conych i innowacyjnych rozwi\u0105za\u0144 lakierniczych w celu podniesienia komfortu \u017cycia i poziomu zadowolenia. Poszukiwanie nowatorskich produkt\u00f3w \u0142\u0105czy si\u0119 z g\u0142\u0119bok\u0105 wra\u017cliwo\u015bci\u0105 na kwestie zwi\u0105zane ze \u015brodowiskiem, ekologi\u0105 i zdrowiem cz\u0142owieka. Znajduje to odzwierciedlenie w ka\u017cdym wyborze i dzia\u0142alno\u015bci biznesowej: [&hellip;]\" \/>\n<meta property=\"og:url\" content=\"https:\/\/www.milesi.com\/pl\/nasza-misja\/\" \/>\n<meta property=\"og:site_name\" content=\"Milesi\" \/>\n<meta property=\"article:publisher\" content=\"https:\/\/www.facebook.com\/MilesiVernici\" \/>\n<meta property=\"article:modified_time\" content=\"2021-02-25T13:43:08+00:00\" \/>\n<meta property=\"og:image\" content=\"https:\/\/www.milesi.com\/wp-content\/uploads\/2020\/08\/mission_1561885906-500x300_bordo.jpg\" \/>\n\t<meta property=\"og:image:width\" content=\"250\" \/>\n\t<meta property=\"og:image:height\" content=\"171\" \/>\n\t<meta property=\"og:image:type\" content=\"image\/jpeg\" \/>\n<meta name=\"twitter:card\" content=\"summary_large_image\" \/>\n<script type=\"application\/ld+json\" class=\"yoast-schema-graph\">{\"@context\":\"https:\\\/\\\/schema.org\",\"@graph\":[{\"@type\":\"WebPage\",\"@id\":\"https:\\\/\\\/www.milesi.com\\\/pl\\\/nasza-misja\\\/\",\"url\":\"https:\\\/\\\/www.milesi.com\\\/pl\\\/nasza-misja\\\/\",\"name\":\"Nasza Misja - Milesi\",\"isPartOf\":{\"@id\":\"https:\\\/\\\/www.milesi.com\\\/pl\\\/#website\"},\"primaryImageOfPage\":{\"@id\":\"https:\\\/\\\/www.milesi.com\\\/pl\\\/nasza-misja\\\/#primaryimage\"},\"image\":{\"@id\":\"https:\\\/\\\/www.milesi.com\\\/pl\\\/nasza-misja\\\/#primaryimage\"},\"thumbnailUrl\":\"https:\\\/\\\/www.milesi.com\\\/wp-content\\\/uploads\\\/2020\\\/08\\\/mission_1561885906-500x300_bordo.jpg\",\"datePublished\":\"2020-07-30T07:52:28+00:00\",\"dateModified\":\"2021-02-25T13:43:08+00:00\",\"breadcrumb\":{\"@id\":\"https:\\\/\\\/www.milesi.com\\\/pl\\\/nasza-misja\\\/#breadcrumb\"},\"inLanguage\":\"pl-PL\",\"potentialAction\":[{\"@type\":\"ReadAction\",\"target\":[\"https:\\\/\\\/www.milesi.com\\\/pl\\\/nasza-misja\\\/\"]}]},{\"@type\":\"ImageObject\",\"inLanguage\":\"pl-PL\",\"@id\":\"https:\\\/\\\/www.milesi.com\\\/pl\\\/nasza-misja\\\/#primaryimage\",\"url\":\"https:\\\/\\\/www.milesi.com\\\/wp-content\\\/uploads\\\/2020\\\/08\\\/mission_1561885906-500x300_bordo.jpg\",\"contentUrl\":\"https:\\\/\\\/www.milesi.com\\\/wp-content\\\/uploads\\\/2020\\\/08\\\/mission_1561885906-500x300_bordo.jpg\",\"width\":250,\"height\":171},{\"@type\":\"BreadcrumbList\",\"@id\":\"https:\\\/\\\/www.milesi.com\\\/pl\\\/nasza-misja\\\/#breadcrumb\",\"itemListElement\":[{\"@type\":\"ListItem\",\"position\":1,\"name\":\"Milesi - Lakiery do drewna\",\"item\":\"https:\\\/\\\/www.milesi.com\\\/pl\\\/\"},{\"@type\":\"ListItem\",\"position\":2,\"name\":\"Nasza Misja\"}]},{\"@type\":\"WebSite\",\"@id\":\"https:\\\/\\\/www.milesi.com\\\/pl\\\/#website\",\"url\":\"https:\\\/\\\/www.milesi.com\\\/pl\\\/\",\"name\":\"Milesi Vernici per il legno\",\"description\":\"Lakiery do drewna\",\"publisher\":{\"@id\":\"https:\\\/\\\/www.milesi.com\\\/pl\\\/#organization\"},\"alternateName\":\"Milesi\",\"potentialAction\":[{\"@type\":\"SearchAction\",\"target\":{\"@type\":\"EntryPoint\",\"urlTemplate\":\"https:\\\/\\\/www.milesi.com\\\/pl\\\/?s={search_term_string}\"},\"query-input\":{\"@type\":\"PropertyValueSpecification\",\"valueRequired\":true,\"valueName\":\"search_term_string\"}}],\"inLanguage\":\"pl-PL\"},{\"@type\":\"Organization\",\"@id\":\"https:\\\/\\\/www.milesi.com\\\/pl\\\/#organization\",\"name\":\"Milesi Vernici\",\"alternateName\":\"Milesi\",\"url\":\"https:\\\/\\\/www.milesi.com\\\/pl\\\/\",\"logo\":{\"@type\":\"ImageObject\",\"inLanguage\":\"pl-PL\",\"@id\":\"https:\\\/\\\/www.milesi.com\\\/pl\\\/#\\\/schema\\\/logo\\\/image\\\/\",\"url\":\"https:\\\/\\\/www.milesi.com\\\/wp-content\\\/uploads\\\/2022\\\/12\\\/milesi-web.png\",\"contentUrl\":\"https:\\\/\\\/www.milesi.com\\\/wp-content\\\/uploads\\\/2022\\\/12\\\/milesi-web.png\",\"width\":100,\"height\":101,\"caption\":\"Milesi Vernici\"},\"image\":{\"@id\":\"https:\\\/\\\/www.milesi.com\\\/pl\\\/#\\\/schema\\\/logo\\\/image\\\/\"},\"sameAs\":[\"https:\\\/\\\/www.facebook.com\\\/MilesiVernici\",\"https:\\\/\\\/www.youtube.com\\\/channel\\\/UCgULN6yzPgE9usmMi3CP5hQ\",\"https:\\\/\\\/www.instagram.com\\\/milesiverniciperlegno\\\/\",\"https:\\\/\\\/vimeo.com\\\/user117001108\",\"https:\\\/\\\/www.linkedin.com\\\/company\\\/milesiwoodcoatings\\\/\"]}]}<\/script>\n<!-- \/ Yoast SEO plugin. -->","yoast_head_json":{"title":"Nasza Misja - Milesi","robots":{"index":"noindex","follow":"follow"},"og_locale":"pl_PL","og_type":"article","og_title":"Nasza Misja - Milesi","og_description":"Misj\u0105 IVM Group jest zapewnienie wszystkim, kt\u00f3rzy produkuj\u0105 meble, elementy wyposa\u017cenia wn\u0119trz, czy te\u017c elementy konstrukcyjne, zr\u00f3wnowa\u017conych i innowacyjnych rozwi\u0105za\u0144 lakierniczych w celu podniesienia komfortu \u017cycia i poziomu zadowolenia. Poszukiwanie nowatorskich produkt\u00f3w \u0142\u0105czy si\u0119 z g\u0142\u0119bok\u0105 wra\u017cliwo\u015bci\u0105 na kwestie zwi\u0105zane ze \u015brodowiskiem, ekologi\u0105 i zdrowiem cz\u0142owieka. Znajduje to odzwierciedlenie w ka\u017cdym wyborze i dzia\u0142alno\u015bci biznesowej: [&hellip;]","og_url":"https:\/\/www.milesi.com\/pl\/nasza-misja\/","og_site_name":"Milesi","article_publisher":"https:\/\/www.facebook.com\/MilesiVernici","article_modified_time":"2021-02-25T13:43:08+00:00","og_image":[{"width":250,"height":171,"url":"https:\/\/www.milesi.com\/wp-content\/uploads\/2020\/08\/mission_1561885906-500x300_bordo.jpg","type":"image\/jpeg"}],"twitter_card":"summary_large_image","schema":{"@context":"https:\/\/schema.org","@graph":[{"@type":"WebPage","@id":"https:\/\/www.milesi.com\/pl\/nasza-misja\/","url":"https:\/\/www.milesi.com\/pl\/nasza-misja\/","name":"Nasza Misja - Milesi","isPartOf":{"@id":"https:\/\/www.milesi.com\/pl\/#website"},"primaryImageOfPage":{"@id":"https:\/\/www.milesi.com\/pl\/nasza-misja\/#primaryimage"},"image":{"@id":"https:\/\/www.milesi.com\/pl\/nasza-misja\/#primaryimage"},"thumbnailUrl":"https:\/\/www.milesi.com\/wp-content\/uploads\/2020\/08\/mission_1561885906-500x300_bordo.jpg","datePublished":"2020-07-30T07:52:28+00:00","dateModified":"2021-02-25T13:43:08+00:00","breadcrumb":{"@id":"https:\/\/www.milesi.com\/pl\/nasza-misja\/#breadcrumb"},"inLanguage":"pl-PL","potentialAction":[{"@type":"ReadAction","target":["https:\/\/www.milesi.com\/pl\/nasza-misja\/"]}]},{"@type":"ImageObject","inLanguage":"pl-PL","@id":"https:\/\/www.milesi.com\/pl\/nasza-misja\/#primaryimage","url":"https:\/\/www.milesi.com\/wp-content\/uploads\/2020\/08\/mission_1561885906-500x300_bordo.jpg","contentUrl":"https:\/\/www.milesi.com\/wp-content\/uploads\/2020\/08\/mission_1561885906-500x300_bordo.jpg","width":250,"height":171},{"@type":"BreadcrumbList","@id":"https:\/\/www.milesi.com\/pl\/nasza-misja\/#breadcrumb","itemListElement":[{"@type":"ListItem","position":1,"name":"Milesi - Lakiery do drewna","item":"https:\/\/www.milesi.com\/pl\/"},{"@type":"ListItem","position":2,"name":"Nasza Misja"}]},{"@type":"WebSite","@id":"https:\/\/www.milesi.com\/pl\/#website","url":"https:\/\/www.milesi.com\/pl\/","name":"Milesi Vernici per il legno","description":"Lakiery do drewna","publisher":{"@id":"https:\/\/www.milesi.com\/pl\/#organization"},"alternateName":"Milesi","potentialAction":[{"@type":"SearchAction","target":{"@type":"EntryPoint","urlTemplate":"https:\/\/www.milesi.com\/pl\/?s={search_term_string}"},"query-input":{"@type":"PropertyValueSpecification","valueRequired":true,"valueName":"search_term_string"}}],"inLanguage":"pl-PL"},{"@type":"Organization","@id":"https:\/\/www.milesi.com\/pl\/#organization","name":"Milesi Vernici","alternateName":"Milesi","url":"https:\/\/www.milesi.com\/pl\/","logo":{"@type":"ImageObject","inLanguage":"pl-PL","@id":"https:\/\/www.milesi.com\/pl\/#\/schema\/logo\/image\/","url":"https:\/\/www.milesi.com\/wp-content\/uploads\/2022\/12\/milesi-web.png","contentUrl":"https:\/\/www.milesi.com\/wp-content\/uploads\/2022\/12\/milesi-web.png","width":100,"height":101,"caption":"Milesi Vernici"},"image":{"@id":"https:\/\/www.milesi.com\/pl\/#\/schema\/logo\/image\/"},"sameAs":["https:\/\/www.facebook.com\/MilesiVernici","https:\/\/www.youtube.com\/channel\/UCgULN6yzPgE9usmMi3CP5hQ","https:\/\/www.instagram.com\/milesiverniciperlegno\/","https:\/\/vimeo.com\/user117001108","https:\/\/www.linkedin.com\/company\/milesiwoodcoatings\/"]}]}},"_links":{"self":[{"href":"https:\/\/www.milesi.com\/pl\/wp-json\/wp\/v2\/pages\/7991","targetHints":{"allow":["GET"]}}],"collection":[{"href":"https:\/\/www.milesi.com\/pl\/wp-json\/wp\/v2\/pages"}],"about":[{"href":"https:\/\/www.milesi.com\/pl\/wp-json\/wp\/v2\/types\/page"}],"author":[{"embeddable":true,"href":"https:\/\/www.milesi.com\/pl\/wp-json\/wp\/v2\/users\/5"}],"replies":[{"embeddable":true,"href":"https:\/\/www.milesi.com\/pl\/wp-json\/wp\/v2\/comments?post=7991"}],"version-history":[{"count":0,"href":"https:\/\/www.milesi.com\/pl\/wp-json\/wp\/v2\/pages\/7991\/revisions"}],"wp:featuredmedia":[{"embeddable":true,"href":"https:\/\/www.milesi.com\/pl\/wp-json\/wp\/v2\/media\/8997"}],"wp:attachment":[{"href":"https:\/\/www.milesi.com\/pl\/wp-json\/wp\/v2\/media?parent=7991"}],"curies":[{"name":"wp","href":"https:\/\/api.w.org\/{rel}","templated":true}]}}