{"id":7995,"date":"2020-07-30T09:54:31","date_gmt":"2020-07-30T07:54:31","guid":{"rendered":"http:\/\/www.milesi.com\/?page_id=7995"},"modified":"2021-02-26T10:00:00","modified_gmt":"2021-02-26T09:00:00","slug":"dzial-badawczy-i-innowacji","status":"publish","type":"page","link":"https:\/\/www.milesi.com\/pl\/dzial-badawczy-i-innowacji\/","title":{"rendered":"Badania i Rozw\u00f3j"},"content":{"rendered":"<p style=\"text-align: justify;\"><strong><img loading=\"lazy\" decoding=\"async\" class=\" wp-image-13694 alignleft\" src=\"http:\/\/www.milesi.com\/wp-content\/uploads\/2021\/02\/ricerca-innovazione-1024x648.jpg\" alt=\"\" width=\"478\" height=\"302\" srcset=\"https:\/\/www.milesi.com\/wp-content\/uploads\/2021\/02\/ricerca-innovazione-1024x648.jpg 1024w, https:\/\/www.milesi.com\/wp-content\/uploads\/2021\/02\/ricerca-innovazione-600x380.jpg 600w, https:\/\/www.milesi.com\/wp-content\/uploads\/2021\/02\/ricerca-innovazione-300x190.jpg 300w, https:\/\/www.milesi.com\/wp-content\/uploads\/2021\/02\/ricerca-innovazione-768x486.jpg 768w, https:\/\/www.milesi.com\/wp-content\/uploads\/2021\/02\/ricerca-innovazione-1536x972.jpg 1536w, https:\/\/www.milesi.com\/wp-content\/uploads\/2021\/02\/ricerca-innovazione-24x15.jpg 24w, https:\/\/www.milesi.com\/wp-content\/uploads\/2021\/02\/ricerca-innovazione-36x23.jpg 36w, https:\/\/www.milesi.com\/wp-content\/uploads\/2021\/02\/ricerca-innovazione-256x162.jpg 256w, https:\/\/www.milesi.com\/wp-content\/uploads\/2021\/02\/ricerca-innovazione.jpg 1772w\" sizes=\"(max-width: 478px) 100vw, 478px\" \/>Lakiery Milesi s\u0105 opracowywane i doskonalone przez oko\u0142o 200 badaczy i wyspecjalizowanych technik\u00f3w, kt\u00f3rzy pracuj\u0105 w laboratoriach badawczo-rozwojowych IVM Group w Europie i Stanach Zjednoczonych.<\/strong><\/p>\n<p style=\"text-align: justify;\">Maj\u0105 do swej dyspozycji znaczne \u015brodki, kt\u00f3re mog\u0105 po\u015bwi\u0119ci\u0107 na aktywno\u015b\u0107 badawcz\u0105: IVM Group przeznacza ponad 8% swoich obrot\u00f3w na dzia\u0142alno\u015b\u0107 w swoich laboratoriach.<\/p>\n<p style=\"text-align: justify;\">Produkty s\u0105 zaprojektowane tak, aby stanowi\u0107 odpowied\u017a na wszelkie wymagania dotycz\u0105ce zastosowania, estetyki lub ich wydajno\u015bci.<\/p>\n<p style=\"text-align: justify;\"><strong>Ich w\u0142a\u015bciwo\u015bci s\u0105 weryfikowane i testowane zgodnie z okre\u015blonymi mi\u0119dzynarodowymi parametrami, a nast\u0119pnie\u00a0<b> potwierdzane certyfikatami i deklaracjami wydawanymi przez mi\u0119dzynarodowe akredytowane laboratoria.<\/b><\/strong><\/p>\n<p style=\"text-align: left;\"><strong><b><img loading=\"lazy\" decoding=\"async\" class=\"wp-image-13968 aligncenter\" src=\"http:\/\/www.milesi.com\/wp-content\/uploads\/2021\/02\/slider-ricerca-innovazione-foto-quadrate-3-1-1024x353.jpg\" alt=\"\" width=\"1189\" height=\"410\" srcset=\"https:\/\/www.milesi.com\/wp-content\/uploads\/2021\/02\/slider-ricerca-innovazione-foto-quadrate-3-1-1024x353.jpg 1024w, https:\/\/www.milesi.com\/wp-content\/uploads\/2021\/02\/slider-ricerca-innovazione-foto-quadrate-3-1-600x207.jpg 600w, https:\/\/www.milesi.com\/wp-content\/uploads\/2021\/02\/slider-ricerca-innovazione-foto-quadrate-3-1-300x104.jpg 300w, https:\/\/www.milesi.com\/wp-content\/uploads\/2021\/02\/slider-ricerca-innovazione-foto-quadrate-3-1-768x265.jpg 768w, https:\/\/www.milesi.com\/wp-content\/uploads\/2021\/02\/slider-ricerca-innovazione-foto-quadrate-3-1-1536x530.jpg 1536w, https:\/\/www.milesi.com\/wp-content\/uploads\/2021\/02\/slider-ricerca-innovazione-foto-quadrate-3-1-24x8.jpg 24w, https:\/\/www.milesi.com\/wp-content\/uploads\/2021\/02\/slider-ricerca-innovazione-foto-quadrate-3-1-36x12.jpg 36w, https:\/\/www.milesi.com\/wp-content\/uploads\/2021\/02\/slider-ricerca-innovazione-foto-quadrate-3-1-256x88.jpg 256w, https:\/\/www.milesi.com\/wp-content\/uploads\/2021\/02\/slider-ricerca-innovazione-foto-quadrate-3-1.jpg 1600w\" sizes=\"(max-width: 1189px) 100vw, 1189px\" \/><\/b><\/strong><\/p>\n","protected":false},"excerpt":{"rendered":"<p>Lakiery Milesi s\u0105 opracowywane i doskonalone przez oko\u0142o 200 badaczy i wyspecjalizowanych technik\u00f3w, kt\u00f3rzy pracuj\u0105 w laboratoriach badawczo-rozwojowych IVM Group w Europie i Stanach Zjednoczonych. Maj\u0105 do swej dyspozycji znaczne \u015brodki, kt\u00f3re mog\u0105 po\u015bwi\u0119ci\u0107 na aktywno\u015b\u0107 badawcz\u0105: IVM Group przeznacza ponad 8% swoich obrot\u00f3w na dzia\u0142alno\u015b\u0107 w swoich laboratoriach. Produkty s\u0105 zaprojektowane tak, aby stanowi\u0107 [&hellip;]<\/p>\n","protected":false},"author":5,"featured_media":0,"parent":0,"menu_order":75,"comment_status":"closed","ping_status":"closed","template":"pagina.php","meta":{"_et_pb_use_builder":"","_et_pb_old_content":"","_et_gb_content_width":"","footnotes":""},"class_list":["post-7995","page","type-page","status-publish","hentry"],"yoast_head":"<!-- This site is optimized with the Yoast SEO plugin v27.3 - https:\/\/yoast.com\/product\/yoast-seo-wordpress\/ -->\n<title>Badania i Rozw\u00f3j - Milesi<\/title>\n<meta name=\"robots\" content=\"index, follow, max-snippet:-1, max-image-preview:large, max-video-preview:-1\" \/>\n<link rel=\"canonical\" href=\"https:\/\/www.milesi.com\/pl\/dzial-badawczy-i-innowacji\/\" \/>\n<meta property=\"og:locale\" content=\"pl_PL\" \/>\n<meta property=\"og:type\" content=\"article\" \/>\n<meta property=\"og:title\" content=\"Badania i Rozw\u00f3j - Milesi\" \/>\n<meta property=\"og:description\" content=\"Lakiery Milesi s\u0105 opracowywane i doskonalone przez oko\u0142o 200 badaczy i wyspecjalizowanych technik\u00f3w, kt\u00f3rzy pracuj\u0105 w laboratoriach badawczo-rozwojowych IVM Group w Europie i Stanach Zjednoczonych. Maj\u0105 do swej dyspozycji znaczne \u015brodki, kt\u00f3re mog\u0105 po\u015bwi\u0119ci\u0107 na aktywno\u015b\u0107 badawcz\u0105: IVM Group przeznacza ponad 8% swoich obrot\u00f3w na dzia\u0142alno\u015b\u0107 w swoich laboratoriach. Produkty s\u0105 zaprojektowane tak, aby stanowi\u0107 [&hellip;]\" \/>\n<meta property=\"og:url\" content=\"https:\/\/www.milesi.com\/pl\/dzial-badawczy-i-innowacji\/\" \/>\n<meta property=\"og:site_name\" content=\"Milesi\" \/>\n<meta property=\"article:publisher\" content=\"https:\/\/www.facebook.com\/MilesiVernici\" \/>\n<meta property=\"article:modified_time\" content=\"2021-02-26T09:00:00+00:00\" \/>\n<meta property=\"og:image\" content=\"http:\/\/www.milesi.com\/wp-content\/uploads\/2021\/02\/ricerca-innovazione-1024x648.jpg\" \/>\n<meta name=\"twitter:card\" content=\"summary_large_image\" \/>\n<meta name=\"twitter:label1\" content=\"Szacowany czas czytania\" \/>\n\t<meta name=\"twitter:data1\" content=\"1 minuta\" \/>\n<script type=\"application\/ld+json\" class=\"yoast-schema-graph\">{\"@context\":\"https:\\\/\\\/schema.org\",\"@graph\":[{\"@type\":\"WebPage\",\"@id\":\"https:\\\/\\\/www.milesi.com\\\/pl\\\/dzial-badawczy-i-innowacji\\\/\",\"url\":\"https:\\\/\\\/www.milesi.com\\\/pl\\\/dzial-badawczy-i-innowacji\\\/\",\"name\":\"Badania i Rozw\u00f3j - Milesi\",\"isPartOf\":{\"@id\":\"https:\\\/\\\/www.milesi.com\\\/pl\\\/#website\"},\"primaryImageOfPage\":{\"@id\":\"https:\\\/\\\/www.milesi.com\\\/pl\\\/dzial-badawczy-i-innowacji\\\/#primaryimage\"},\"image\":{\"@id\":\"https:\\\/\\\/www.milesi.com\\\/pl\\\/dzial-badawczy-i-innowacji\\\/#primaryimage\"},\"thumbnailUrl\":\"http:\\\/\\\/www.milesi.com\\\/wp-content\\\/uploads\\\/2021\\\/02\\\/ricerca-innovazione-1024x648.jpg\",\"datePublished\":\"2020-07-30T07:54:31+00:00\",\"dateModified\":\"2021-02-26T09:00:00+00:00\",\"breadcrumb\":{\"@id\":\"https:\\\/\\\/www.milesi.com\\\/pl\\\/dzial-badawczy-i-innowacji\\\/#breadcrumb\"},\"inLanguage\":\"pl-PL\",\"potentialAction\":[{\"@type\":\"ReadAction\",\"target\":[\"https:\\\/\\\/www.milesi.com\\\/pl\\\/dzial-badawczy-i-innowacji\\\/\"]}]},{\"@type\":\"ImageObject\",\"inLanguage\":\"pl-PL\",\"@id\":\"https:\\\/\\\/www.milesi.com\\\/pl\\\/dzial-badawczy-i-innowacji\\\/#primaryimage\",\"url\":\"http:\\\/\\\/www.milesi.com\\\/wp-content\\\/uploads\\\/2021\\\/02\\\/ricerca-innovazione-1024x648.jpg\",\"contentUrl\":\"http:\\\/\\\/www.milesi.com\\\/wp-content\\\/uploads\\\/2021\\\/02\\\/ricerca-innovazione-1024x648.jpg\"},{\"@type\":\"BreadcrumbList\",\"@id\":\"https:\\\/\\\/www.milesi.com\\\/pl\\\/dzial-badawczy-i-innowacji\\\/#breadcrumb\",\"itemListElement\":[{\"@type\":\"ListItem\",\"position\":1,\"name\":\"Milesi - Lakiery do drewna\",\"item\":\"https:\\\/\\\/www.milesi.com\\\/pl\\\/\"},{\"@type\":\"ListItem\",\"position\":2,\"name\":\"Badania i Rozw\u00f3j\"}]},{\"@type\":\"WebSite\",\"@id\":\"https:\\\/\\\/www.milesi.com\\\/pl\\\/#website\",\"url\":\"https:\\\/\\\/www.milesi.com\\\/pl\\\/\",\"name\":\"Milesi Vernici per il legno\",\"description\":\"Lakiery do drewna\",\"publisher\":{\"@id\":\"https:\\\/\\\/www.milesi.com\\\/pl\\\/#organization\"},\"alternateName\":\"Milesi\",\"potentialAction\":[{\"@type\":\"SearchAction\",\"target\":{\"@type\":\"EntryPoint\",\"urlTemplate\":\"https:\\\/\\\/www.milesi.com\\\/pl\\\/?s={search_term_string}\"},\"query-input\":{\"@type\":\"PropertyValueSpecification\",\"valueRequired\":true,\"valueName\":\"search_term_string\"}}],\"inLanguage\":\"pl-PL\"},{\"@type\":\"Organization\",\"@id\":\"https:\\\/\\\/www.milesi.com\\\/pl\\\/#organization\",\"name\":\"Milesi Vernici\",\"alternateName\":\"Milesi\",\"url\":\"https:\\\/\\\/www.milesi.com\\\/pl\\\/\",\"logo\":{\"@type\":\"ImageObject\",\"inLanguage\":\"pl-PL\",\"@id\":\"https:\\\/\\\/www.milesi.com\\\/pl\\\/#\\\/schema\\\/logo\\\/image\\\/\",\"url\":\"https:\\\/\\\/www.milesi.com\\\/wp-content\\\/uploads\\\/2022\\\/12\\\/milesi-web.png\",\"contentUrl\":\"https:\\\/\\\/www.milesi.com\\\/wp-content\\\/uploads\\\/2022\\\/12\\\/milesi-web.png\",\"width\":100,\"height\":101,\"caption\":\"Milesi Vernici\"},\"image\":{\"@id\":\"https:\\\/\\\/www.milesi.com\\\/pl\\\/#\\\/schema\\\/logo\\\/image\\\/\"},\"sameAs\":[\"https:\\\/\\\/www.facebook.com\\\/MilesiVernici\",\"https:\\\/\\\/www.youtube.com\\\/channel\\\/UCgULN6yzPgE9usmMi3CP5hQ\",\"https:\\\/\\\/www.instagram.com\\\/milesiverniciperlegno\\\/\",\"https:\\\/\\\/vimeo.com\\\/user117001108\",\"https:\\\/\\\/www.linkedin.com\\\/company\\\/milesiwoodcoatings\\\/\"]}]}<\/script>\n<!-- \/ Yoast SEO plugin. -->","yoast_head_json":{"title":"Badania i Rozw\u00f3j - Milesi","robots":{"index":"index","follow":"follow","max-snippet":"max-snippet:-1","max-image-preview":"max-image-preview:large","max-video-preview":"max-video-preview:-1"},"canonical":"https:\/\/www.milesi.com\/pl\/dzial-badawczy-i-innowacji\/","og_locale":"pl_PL","og_type":"article","og_title":"Badania i Rozw\u00f3j - Milesi","og_description":"Lakiery Milesi s\u0105 opracowywane i doskonalone przez oko\u0142o 200 badaczy i wyspecjalizowanych technik\u00f3w, kt\u00f3rzy pracuj\u0105 w laboratoriach badawczo-rozwojowych IVM Group w Europie i Stanach Zjednoczonych. Maj\u0105 do swej dyspozycji znaczne \u015brodki, kt\u00f3re mog\u0105 po\u015bwi\u0119ci\u0107 na aktywno\u015b\u0107 badawcz\u0105: IVM Group przeznacza ponad 8% swoich obrot\u00f3w na dzia\u0142alno\u015b\u0107 w swoich laboratoriach. Produkty s\u0105 zaprojektowane tak, aby stanowi\u0107 [&hellip;]","og_url":"https:\/\/www.milesi.com\/pl\/dzial-badawczy-i-innowacji\/","og_site_name":"Milesi","article_publisher":"https:\/\/www.facebook.com\/MilesiVernici","article_modified_time":"2021-02-26T09:00:00+00:00","og_image":[{"url":"http:\/\/www.milesi.com\/wp-content\/uploads\/2021\/02\/ricerca-innovazione-1024x648.jpg","type":"","width":"","height":""}],"twitter_card":"summary_large_image","twitter_misc":{"Szacowany czas czytania":"1 minuta"},"schema":{"@context":"https:\/\/schema.org","@graph":[{"@type":"WebPage","@id":"https:\/\/www.milesi.com\/pl\/dzial-badawczy-i-innowacji\/","url":"https:\/\/www.milesi.com\/pl\/dzial-badawczy-i-innowacji\/","name":"Badania i Rozw\u00f3j - Milesi","isPartOf":{"@id":"https:\/\/www.milesi.com\/pl\/#website"},"primaryImageOfPage":{"@id":"https:\/\/www.milesi.com\/pl\/dzial-badawczy-i-innowacji\/#primaryimage"},"image":{"@id":"https:\/\/www.milesi.com\/pl\/dzial-badawczy-i-innowacji\/#primaryimage"},"thumbnailUrl":"http:\/\/www.milesi.com\/wp-content\/uploads\/2021\/02\/ricerca-innovazione-1024x648.jpg","datePublished":"2020-07-30T07:54:31+00:00","dateModified":"2021-02-26T09:00:00+00:00","breadcrumb":{"@id":"https:\/\/www.milesi.com\/pl\/dzial-badawczy-i-innowacji\/#breadcrumb"},"inLanguage":"pl-PL","potentialAction":[{"@type":"ReadAction","target":["https:\/\/www.milesi.com\/pl\/dzial-badawczy-i-innowacji\/"]}]},{"@type":"ImageObject","inLanguage":"pl-PL","@id":"https:\/\/www.milesi.com\/pl\/dzial-badawczy-i-innowacji\/#primaryimage","url":"http:\/\/www.milesi.com\/wp-content\/uploads\/2021\/02\/ricerca-innovazione-1024x648.jpg","contentUrl":"http:\/\/www.milesi.com\/wp-content\/uploads\/2021\/02\/ricerca-innovazione-1024x648.jpg"},{"@type":"BreadcrumbList","@id":"https:\/\/www.milesi.com\/pl\/dzial-badawczy-i-innowacji\/#breadcrumb","itemListElement":[{"@type":"ListItem","position":1,"name":"Milesi - Lakiery do drewna","item":"https:\/\/www.milesi.com\/pl\/"},{"@type":"ListItem","position":2,"name":"Badania i Rozw\u00f3j"}]},{"@type":"WebSite","@id":"https:\/\/www.milesi.com\/pl\/#website","url":"https:\/\/www.milesi.com\/pl\/","name":"Milesi Vernici per il legno","description":"Lakiery do drewna","publisher":{"@id":"https:\/\/www.milesi.com\/pl\/#organization"},"alternateName":"Milesi","potentialAction":[{"@type":"SearchAction","target":{"@type":"EntryPoint","urlTemplate":"https:\/\/www.milesi.com\/pl\/?s={search_term_string}"},"query-input":{"@type":"PropertyValueSpecification","valueRequired":true,"valueName":"search_term_string"}}],"inLanguage":"pl-PL"},{"@type":"Organization","@id":"https:\/\/www.milesi.com\/pl\/#organization","name":"Milesi Vernici","alternateName":"Milesi","url":"https:\/\/www.milesi.com\/pl\/","logo":{"@type":"ImageObject","inLanguage":"pl-PL","@id":"https:\/\/www.milesi.com\/pl\/#\/schema\/logo\/image\/","url":"https:\/\/www.milesi.com\/wp-content\/uploads\/2022\/12\/milesi-web.png","contentUrl":"https:\/\/www.milesi.com\/wp-content\/uploads\/2022\/12\/milesi-web.png","width":100,"height":101,"caption":"Milesi Vernici"},"image":{"@id":"https:\/\/www.milesi.com\/pl\/#\/schema\/logo\/image\/"},"sameAs":["https:\/\/www.facebook.com\/MilesiVernici","https:\/\/www.youtube.com\/channel\/UCgULN6yzPgE9usmMi3CP5hQ","https:\/\/www.instagram.com\/milesiverniciperlegno\/","https:\/\/vimeo.com\/user117001108","https:\/\/www.linkedin.com\/company\/milesiwoodcoatings\/"]}]}},"_links":{"self":[{"href":"https:\/\/www.milesi.com\/pl\/wp-json\/wp\/v2\/pages\/7995","targetHints":{"allow":["GET"]}}],"collection":[{"href":"https:\/\/www.milesi.com\/pl\/wp-json\/wp\/v2\/pages"}],"about":[{"href":"https:\/\/www.milesi.com\/pl\/wp-json\/wp\/v2\/types\/page"}],"author":[{"embeddable":true,"href":"https:\/\/www.milesi.com\/pl\/wp-json\/wp\/v2\/users\/5"}],"replies":[{"embeddable":true,"href":"https:\/\/www.milesi.com\/pl\/wp-json\/wp\/v2\/comments?post=7995"}],"version-history":[{"count":0,"href":"https:\/\/www.milesi.com\/pl\/wp-json\/wp\/v2\/pages\/7995\/revisions"}],"wp:attachment":[{"href":"https:\/\/www.milesi.com\/pl\/wp-json\/wp\/v2\/media?parent=7995"}],"curies":[{"name":"wp","href":"https:\/\/api.w.org\/{rel}","templated":true}]}}