{"id":8011,"date":"2020-07-30T10:08:30","date_gmt":"2020-07-30T08:08:30","guid":{"rendered":"http:\/\/www.milesi.com\/?page_id=8011"},"modified":"2021-02-24T12:53:13","modified_gmt":"2021-02-24T11:53:13","slug":"indywidualne-rozwiazania-na-zamowienie-klientow","status":"publish","type":"page","link":"https:\/\/www.milesi.com\/pl\/indywidualne-rozwiazania-na-zamowienie-klientow\/","title":{"rendered":"Rozwi\u0105zania na zam\u00f3wienie"},"content":{"rendered":"<div class=\"wp-block-image\">\n<figure class=\"alignleft size-large is-resized\"><img loading=\"lazy\" decoding=\"async\" class=\"wp-image-10378\" src=\"https:\/\/www.milesi.com\/wp-content\/uploads\/2020\/09\/bespoke_1379080127_1200x1200_bordo_noleftup-4-1024x1024.jpg\" alt=\"\" width=\"350\" height=\"350\" srcset=\"https:\/\/www.milesi.com\/wp-content\/uploads\/2020\/09\/bespoke_1379080127_1200x1200_bordo_noleftup-4-1024x1024.jpg 1024w, https:\/\/www.milesi.com\/wp-content\/uploads\/2020\/09\/bespoke_1379080127_1200x1200_bordo_noleftup-4-600x600.jpg 600w, https:\/\/www.milesi.com\/wp-content\/uploads\/2020\/09\/bespoke_1379080127_1200x1200_bordo_noleftup-4-100x100.jpg 100w, https:\/\/www.milesi.com\/wp-content\/uploads\/2020\/09\/bespoke_1379080127_1200x1200_bordo_noleftup-4-300x300.jpg 300w, https:\/\/www.milesi.com\/wp-content\/uploads\/2020\/09\/bespoke_1379080127_1200x1200_bordo_noleftup-4-150x150.jpg 150w, https:\/\/www.milesi.com\/wp-content\/uploads\/2020\/09\/bespoke_1379080127_1200x1200_bordo_noleftup-4-768x768.jpg 768w, https:\/\/www.milesi.com\/wp-content\/uploads\/2020\/09\/bespoke_1379080127_1200x1200_bordo_noleftup-4-24x24.jpg 24w, https:\/\/www.milesi.com\/wp-content\/uploads\/2020\/09\/bespoke_1379080127_1200x1200_bordo_noleftup-4-36x36.jpg 36w, https:\/\/www.milesi.com\/wp-content\/uploads\/2020\/09\/bespoke_1379080127_1200x1200_bordo_noleftup-4-256x256.jpg 256w, https:\/\/www.milesi.com\/wp-content\/uploads\/2020\/09\/bespoke_1379080127_1200x1200_bordo_noleftup-4.jpg 1053w\" sizes=\"(max-width: 350px) 100vw, 350px\" \/><\/figure>\n<\/div>\n<p>Si\u0142a Milesi polega na umiej\u0119tno\u015bci realizacji \u017cycze\u0144 klient\u00f3w za pomoc\u0105 zupe\u0142nie nieoczekiwanych rozwi\u0105za\u0144, zbadanych pod k\u0105tem konkretnych potrzeb u\u017cytkowych i technicznych, dotykowych i wizualnych.<\/p>\n<p><strong>Zesp\u00f3\u0142 badaczy we wsp\u00f3\u0142pracy\u00a0 z architektami, projektantami wn\u0119trz i inwestorami\u00a0 stawia czo\u0142a wyzwaniu tworzenia innowacyjnych efekt\u00f3w, kt\u00f3re mog\u0105 by\u0107 inspiracj\u0105 dla \u015bwiata; urzeczywistnia wizje klient\u00f3w przekszta\u0142caj\u0105c ich oczekiwania w niepowtarzalne wyko\u0144czenia, \u0142\u0105cz\u0105ce w sobie elementy dekoracyjne z funkcjonalnymi &#8211; wszystko w korelacji z ide\u0105 zr\u00f3wnowa\u017conego rozw\u00f3ju.<\/strong><br \/>\nBadacze towarzysz\u0105 profesjonalistom w ulepszaniu stale ewoluuj\u0105cego asortymentu produkt\u00f3w. Realizuj\u0105 projekty, kt\u00f3ry cz\u0119stokro\u0107 mog\u0105 zaskakiwa\u0107 niesko\u0144czonymi i cz\u0119sto niedostrzeganymi mo\u017cliwo\u015bciami, jakie oferuje produkt lakierniczy. Dzi\u0119ki g\u0142\u0119bokiej wiedzy technicznej s\u0142uchaj\u0105 i interpretuj\u0105 indywidualne potrzeby, przek\u0142adaj\u0105c je na nowe kompozycje produktu.<\/p>\n<div aria-hidden=\"true\"><img loading=\"lazy\" decoding=\"async\" class=\"size-full wp-image-12164 aligncenter\" src=\"https:\/\/www.milesi.com\/wp-content\/uploads\/2021\/01\/soluzioni-bespoke-1-scaled.jpg\" alt=\"\" width=\"2560\" height=\"702\" srcset=\"https:\/\/www.milesi.com\/wp-content\/uploads\/2021\/01\/soluzioni-bespoke-1-scaled.jpg 2560w, https:\/\/www.milesi.com\/wp-content\/uploads\/2021\/01\/soluzioni-bespoke-1-scaled-600x165.jpg 600w, https:\/\/www.milesi.com\/wp-content\/uploads\/2021\/01\/soluzioni-bespoke-1-300x82.jpg 300w, https:\/\/www.milesi.com\/wp-content\/uploads\/2021\/01\/soluzioni-bespoke-1-1024x281.jpg 1024w, https:\/\/www.milesi.com\/wp-content\/uploads\/2021\/01\/soluzioni-bespoke-1-768x211.jpg 768w, https:\/\/www.milesi.com\/wp-content\/uploads\/2021\/01\/soluzioni-bespoke-1-1536x421.jpg 1536w, https:\/\/www.milesi.com\/wp-content\/uploads\/2021\/01\/soluzioni-bespoke-1-2048x562.jpg 2048w, https:\/\/www.milesi.com\/wp-content\/uploads\/2021\/01\/soluzioni-bespoke-1-24x7.jpg 24w, https:\/\/www.milesi.com\/wp-content\/uploads\/2021\/01\/soluzioni-bespoke-1-36x10.jpg 36w, https:\/\/www.milesi.com\/wp-content\/uploads\/2021\/01\/soluzioni-bespoke-1-256x70.jpg 256w\" sizes=\"(max-width: 2560px) 100vw, 2560px\" \/><\/div>\n","protected":false},"excerpt":{"rendered":"<p>Si\u0142a Milesi polega na umiej\u0119tno\u015bci realizacji \u017cycze\u0144 klient\u00f3w za pomoc\u0105 zupe\u0142nie nieoczekiwanych rozwi\u0105za\u0144, zbadanych pod k\u0105tem konkretnych potrzeb u\u017cytkowych i technicznych, dotykowych i wizualnych. Zesp\u00f3\u0142 badaczy we wsp\u00f3\u0142pracy\u00a0 z architektami, projektantami wn\u0119trz i inwestorami\u00a0 stawia czo\u0142a wyzwaniu tworzenia innowacyjnych efekt\u00f3w, kt\u00f3re mog\u0105 by\u0107 inspiracj\u0105 dla \u015bwiata; urzeczywistnia wizje klient\u00f3w przekszta\u0142caj\u0105c ich oczekiwania w niepowtarzalne wyko\u0144czenia, [&hellip;]<\/p>\n","protected":false},"author":5,"featured_media":8495,"parent":0,"menu_order":19,"comment_status":"closed","ping_status":"closed","template":"","meta":{"_et_pb_use_builder":"","_et_pb_old_content":"","_et_gb_content_width":"","footnotes":""},"class_list":["post-8011","page","type-page","status-publish","has-post-thumbnail","hentry"],"yoast_head":"<!-- This site is optimized with the Yoast SEO plugin v27.3 - https:\/\/yoast.com\/product\/yoast-seo-wordpress\/ -->\n<title>Rozwi\u0105zania na zam\u00f3wienie - Milesi<\/title>\n<meta name=\"robots\" content=\"index, follow, max-snippet:-1, max-image-preview:large, max-video-preview:-1\" \/>\n<link rel=\"canonical\" href=\"https:\/\/www.milesi.com\/pl\/indywidualne-rozwiazania-na-zamowienie-klientow\/\" \/>\n<meta property=\"og:locale\" content=\"pl_PL\" \/>\n<meta property=\"og:type\" content=\"article\" \/>\n<meta property=\"og:title\" content=\"Rozwi\u0105zania na zam\u00f3wienie - Milesi\" \/>\n<meta property=\"og:description\" content=\"Si\u0142a Milesi polega na umiej\u0119tno\u015bci realizacji \u017cycze\u0144 klient\u00f3w za pomoc\u0105 zupe\u0142nie nieoczekiwanych rozwi\u0105za\u0144, zbadanych pod k\u0105tem konkretnych potrzeb u\u017cytkowych i technicznych, dotykowych i wizualnych. Zesp\u00f3\u0142 badaczy we wsp\u00f3\u0142pracy\u00a0 z architektami, projektantami wn\u0119trz i inwestorami\u00a0 stawia czo\u0142a wyzwaniu tworzenia innowacyjnych efekt\u00f3w, kt\u00f3re mog\u0105 by\u0107 inspiracj\u0105 dla \u015bwiata; urzeczywistnia wizje klient\u00f3w przekszta\u0142caj\u0105c ich oczekiwania w niepowtarzalne wyko\u0144czenia, [&hellip;]\" \/>\n<meta property=\"og:url\" content=\"https:\/\/www.milesi.com\/pl\/indywidualne-rozwiazania-na-zamowienie-klientow\/\" \/>\n<meta property=\"og:site_name\" content=\"Milesi\" \/>\n<meta property=\"article:publisher\" content=\"https:\/\/www.facebook.com\/MilesiVernici\" \/>\n<meta property=\"article:modified_time\" content=\"2021-02-24T11:53:13+00:00\" \/>\n<meta property=\"og:image\" content=\"https:\/\/www.milesi.com\/wp-content\/uploads\/2020\/07\/bespoke_1379080127_1200x1200_bordo.jpg\" \/>\n\t<meta property=\"og:image:width\" content=\"600\" \/>\n\t<meta property=\"og:image:height\" content=\"600\" \/>\n\t<meta property=\"og:image:type\" content=\"image\/jpeg\" \/>\n<meta name=\"twitter:card\" content=\"summary_large_image\" \/>\n<meta name=\"twitter:label1\" content=\"Szacowany czas czytania\" \/>\n\t<meta name=\"twitter:data1\" content=\"1 minuta\" \/>\n<script type=\"application\/ld+json\" class=\"yoast-schema-graph\">{\"@context\":\"https:\\\/\\\/schema.org\",\"@graph\":[{\"@type\":\"WebPage\",\"@id\":\"https:\\\/\\\/www.milesi.com\\\/pl\\\/indywidualne-rozwiazania-na-zamowienie-klientow\\\/\",\"url\":\"https:\\\/\\\/www.milesi.com\\\/pl\\\/indywidualne-rozwiazania-na-zamowienie-klientow\\\/\",\"name\":\"Rozwi\u0105zania na zam\u00f3wienie - Milesi\",\"isPartOf\":{\"@id\":\"https:\\\/\\\/www.milesi.com\\\/pl\\\/#website\"},\"primaryImageOfPage\":{\"@id\":\"https:\\\/\\\/www.milesi.com\\\/pl\\\/indywidualne-rozwiazania-na-zamowienie-klientow\\\/#primaryimage\"},\"image\":{\"@id\":\"https:\\\/\\\/www.milesi.com\\\/pl\\\/indywidualne-rozwiazania-na-zamowienie-klientow\\\/#primaryimage\"},\"thumbnailUrl\":\"https:\\\/\\\/www.milesi.com\\\/wp-content\\\/uploads\\\/2020\\\/07\\\/bespoke_1379080127_1200x1200_bordo.jpg\",\"datePublished\":\"2020-07-30T08:08:30+00:00\",\"dateModified\":\"2021-02-24T11:53:13+00:00\",\"breadcrumb\":{\"@id\":\"https:\\\/\\\/www.milesi.com\\\/pl\\\/indywidualne-rozwiazania-na-zamowienie-klientow\\\/#breadcrumb\"},\"inLanguage\":\"pl-PL\",\"potentialAction\":[{\"@type\":\"ReadAction\",\"target\":[\"https:\\\/\\\/www.milesi.com\\\/pl\\\/indywidualne-rozwiazania-na-zamowienie-klientow\\\/\"]}]},{\"@type\":\"ImageObject\",\"inLanguage\":\"pl-PL\",\"@id\":\"https:\\\/\\\/www.milesi.com\\\/pl\\\/indywidualne-rozwiazania-na-zamowienie-klientow\\\/#primaryimage\",\"url\":\"https:\\\/\\\/www.milesi.com\\\/wp-content\\\/uploads\\\/2020\\\/07\\\/bespoke_1379080127_1200x1200_bordo.jpg\",\"contentUrl\":\"https:\\\/\\\/www.milesi.com\\\/wp-content\\\/uploads\\\/2020\\\/07\\\/bespoke_1379080127_1200x1200_bordo.jpg\",\"width\":600,\"height\":600},{\"@type\":\"BreadcrumbList\",\"@id\":\"https:\\\/\\\/www.milesi.com\\\/pl\\\/indywidualne-rozwiazania-na-zamowienie-klientow\\\/#breadcrumb\",\"itemListElement\":[{\"@type\":\"ListItem\",\"position\":1,\"name\":\"Milesi - Lakiery do drewna\",\"item\":\"https:\\\/\\\/www.milesi.com\\\/pl\\\/\"},{\"@type\":\"ListItem\",\"position\":2,\"name\":\"Rozwi\u0105zania na zam\u00f3wienie\"}]},{\"@type\":\"WebSite\",\"@id\":\"https:\\\/\\\/www.milesi.com\\\/pl\\\/#website\",\"url\":\"https:\\\/\\\/www.milesi.com\\\/pl\\\/\",\"name\":\"Milesi Vernici per il legno\",\"description\":\"Lakiery do drewna\",\"publisher\":{\"@id\":\"https:\\\/\\\/www.milesi.com\\\/pl\\\/#organization\"},\"alternateName\":\"Milesi\",\"potentialAction\":[{\"@type\":\"SearchAction\",\"target\":{\"@type\":\"EntryPoint\",\"urlTemplate\":\"https:\\\/\\\/www.milesi.com\\\/pl\\\/?s={search_term_string}\"},\"query-input\":{\"@type\":\"PropertyValueSpecification\",\"valueRequired\":true,\"valueName\":\"search_term_string\"}}],\"inLanguage\":\"pl-PL\"},{\"@type\":\"Organization\",\"@id\":\"https:\\\/\\\/www.milesi.com\\\/pl\\\/#organization\",\"name\":\"Milesi Vernici\",\"alternateName\":\"Milesi\",\"url\":\"https:\\\/\\\/www.milesi.com\\\/pl\\\/\",\"logo\":{\"@type\":\"ImageObject\",\"inLanguage\":\"pl-PL\",\"@id\":\"https:\\\/\\\/www.milesi.com\\\/pl\\\/#\\\/schema\\\/logo\\\/image\\\/\",\"url\":\"https:\\\/\\\/www.milesi.com\\\/wp-content\\\/uploads\\\/2022\\\/12\\\/milesi-web.png\",\"contentUrl\":\"https:\\\/\\\/www.milesi.com\\\/wp-content\\\/uploads\\\/2022\\\/12\\\/milesi-web.png\",\"width\":100,\"height\":101,\"caption\":\"Milesi Vernici\"},\"image\":{\"@id\":\"https:\\\/\\\/www.milesi.com\\\/pl\\\/#\\\/schema\\\/logo\\\/image\\\/\"},\"sameAs\":[\"https:\\\/\\\/www.facebook.com\\\/MilesiVernici\",\"https:\\\/\\\/www.youtube.com\\\/channel\\\/UCgULN6yzPgE9usmMi3CP5hQ\",\"https:\\\/\\\/www.instagram.com\\\/milesiverniciperlegno\\\/\",\"https:\\\/\\\/vimeo.com\\\/user117001108\",\"https:\\\/\\\/www.linkedin.com\\\/company\\\/milesiwoodcoatings\\\/\"]}]}<\/script>\n<!-- \/ Yoast SEO plugin. -->","yoast_head_json":{"title":"Rozwi\u0105zania na zam\u00f3wienie - Milesi","robots":{"index":"index","follow":"follow","max-snippet":"max-snippet:-1","max-image-preview":"max-image-preview:large","max-video-preview":"max-video-preview:-1"},"canonical":"https:\/\/www.milesi.com\/pl\/indywidualne-rozwiazania-na-zamowienie-klientow\/","og_locale":"pl_PL","og_type":"article","og_title":"Rozwi\u0105zania na zam\u00f3wienie - Milesi","og_description":"Si\u0142a Milesi polega na umiej\u0119tno\u015bci realizacji \u017cycze\u0144 klient\u00f3w za pomoc\u0105 zupe\u0142nie nieoczekiwanych rozwi\u0105za\u0144, zbadanych pod k\u0105tem konkretnych potrzeb u\u017cytkowych i technicznych, dotykowych i wizualnych. Zesp\u00f3\u0142 badaczy we wsp\u00f3\u0142pracy\u00a0 z architektami, projektantami wn\u0119trz i inwestorami\u00a0 stawia czo\u0142a wyzwaniu tworzenia innowacyjnych efekt\u00f3w, kt\u00f3re mog\u0105 by\u0107 inspiracj\u0105 dla \u015bwiata; urzeczywistnia wizje klient\u00f3w przekszta\u0142caj\u0105c ich oczekiwania w niepowtarzalne wyko\u0144czenia, [&hellip;]","og_url":"https:\/\/www.milesi.com\/pl\/indywidualne-rozwiazania-na-zamowienie-klientow\/","og_site_name":"Milesi","article_publisher":"https:\/\/www.facebook.com\/MilesiVernici","article_modified_time":"2021-02-24T11:53:13+00:00","og_image":[{"width":600,"height":600,"url":"https:\/\/www.milesi.com\/wp-content\/uploads\/2020\/07\/bespoke_1379080127_1200x1200_bordo.jpg","type":"image\/jpeg"}],"twitter_card":"summary_large_image","twitter_misc":{"Szacowany czas czytania":"1 minuta"},"schema":{"@context":"https:\/\/schema.org","@graph":[{"@type":"WebPage","@id":"https:\/\/www.milesi.com\/pl\/indywidualne-rozwiazania-na-zamowienie-klientow\/","url":"https:\/\/www.milesi.com\/pl\/indywidualne-rozwiazania-na-zamowienie-klientow\/","name":"Rozwi\u0105zania na zam\u00f3wienie - Milesi","isPartOf":{"@id":"https:\/\/www.milesi.com\/pl\/#website"},"primaryImageOfPage":{"@id":"https:\/\/www.milesi.com\/pl\/indywidualne-rozwiazania-na-zamowienie-klientow\/#primaryimage"},"image":{"@id":"https:\/\/www.milesi.com\/pl\/indywidualne-rozwiazania-na-zamowienie-klientow\/#primaryimage"},"thumbnailUrl":"https:\/\/www.milesi.com\/wp-content\/uploads\/2020\/07\/bespoke_1379080127_1200x1200_bordo.jpg","datePublished":"2020-07-30T08:08:30+00:00","dateModified":"2021-02-24T11:53:13+00:00","breadcrumb":{"@id":"https:\/\/www.milesi.com\/pl\/indywidualne-rozwiazania-na-zamowienie-klientow\/#breadcrumb"},"inLanguage":"pl-PL","potentialAction":[{"@type":"ReadAction","target":["https:\/\/www.milesi.com\/pl\/indywidualne-rozwiazania-na-zamowienie-klientow\/"]}]},{"@type":"ImageObject","inLanguage":"pl-PL","@id":"https:\/\/www.milesi.com\/pl\/indywidualne-rozwiazania-na-zamowienie-klientow\/#primaryimage","url":"https:\/\/www.milesi.com\/wp-content\/uploads\/2020\/07\/bespoke_1379080127_1200x1200_bordo.jpg","contentUrl":"https:\/\/www.milesi.com\/wp-content\/uploads\/2020\/07\/bespoke_1379080127_1200x1200_bordo.jpg","width":600,"height":600},{"@type":"BreadcrumbList","@id":"https:\/\/www.milesi.com\/pl\/indywidualne-rozwiazania-na-zamowienie-klientow\/#breadcrumb","itemListElement":[{"@type":"ListItem","position":1,"name":"Milesi - Lakiery do drewna","item":"https:\/\/www.milesi.com\/pl\/"},{"@type":"ListItem","position":2,"name":"Rozwi\u0105zania na zam\u00f3wienie"}]},{"@type":"WebSite","@id":"https:\/\/www.milesi.com\/pl\/#website","url":"https:\/\/www.milesi.com\/pl\/","name":"Milesi Vernici per il legno","description":"Lakiery do drewna","publisher":{"@id":"https:\/\/www.milesi.com\/pl\/#organization"},"alternateName":"Milesi","potentialAction":[{"@type":"SearchAction","target":{"@type":"EntryPoint","urlTemplate":"https:\/\/www.milesi.com\/pl\/?s={search_term_string}"},"query-input":{"@type":"PropertyValueSpecification","valueRequired":true,"valueName":"search_term_string"}}],"inLanguage":"pl-PL"},{"@type":"Organization","@id":"https:\/\/www.milesi.com\/pl\/#organization","name":"Milesi Vernici","alternateName":"Milesi","url":"https:\/\/www.milesi.com\/pl\/","logo":{"@type":"ImageObject","inLanguage":"pl-PL","@id":"https:\/\/www.milesi.com\/pl\/#\/schema\/logo\/image\/","url":"https:\/\/www.milesi.com\/wp-content\/uploads\/2022\/12\/milesi-web.png","contentUrl":"https:\/\/www.milesi.com\/wp-content\/uploads\/2022\/12\/milesi-web.png","width":100,"height":101,"caption":"Milesi Vernici"},"image":{"@id":"https:\/\/www.milesi.com\/pl\/#\/schema\/logo\/image\/"},"sameAs":["https:\/\/www.facebook.com\/MilesiVernici","https:\/\/www.youtube.com\/channel\/UCgULN6yzPgE9usmMi3CP5hQ","https:\/\/www.instagram.com\/milesiverniciperlegno\/","https:\/\/vimeo.com\/user117001108","https:\/\/www.linkedin.com\/company\/milesiwoodcoatings\/"]}]}},"_links":{"self":[{"href":"https:\/\/www.milesi.com\/pl\/wp-json\/wp\/v2\/pages\/8011","targetHints":{"allow":["GET"]}}],"collection":[{"href":"https:\/\/www.milesi.com\/pl\/wp-json\/wp\/v2\/pages"}],"about":[{"href":"https:\/\/www.milesi.com\/pl\/wp-json\/wp\/v2\/types\/page"}],"author":[{"embeddable":true,"href":"https:\/\/www.milesi.com\/pl\/wp-json\/wp\/v2\/users\/5"}],"replies":[{"embeddable":true,"href":"https:\/\/www.milesi.com\/pl\/wp-json\/wp\/v2\/comments?post=8011"}],"version-history":[{"count":0,"href":"https:\/\/www.milesi.com\/pl\/wp-json\/wp\/v2\/pages\/8011\/revisions"}],"wp:featuredmedia":[{"embeddable":true,"href":"https:\/\/www.milesi.com\/pl\/wp-json\/wp\/v2\/media\/8495"}],"wp:attachment":[{"href":"https:\/\/www.milesi.com\/pl\/wp-json\/wp\/v2\/media?parent=8011"}],"curies":[{"name":"wp","href":"https:\/\/api.w.org\/{rel}","templated":true}]}}