{"id":8013,"date":"2019-07-31T11:33:52","date_gmt":"2019-07-31T09:33:52","guid":{"rendered":"http:\/\/www.milesi.com\/?page_id=8013"},"modified":"2023-01-12T15:47:06","modified_gmt":"2023-01-12T14:47:06","slug":"candidature","status":"publish","type":"page","link":"https:\/\/www.milesi.com\/pl\/candidature\/","title":{"rendered":"KANDYDACI"},"content":{"rendered":"\n<div class=\"wp-block-columns is-layout-flex wp-container-core-columns-is-layout-9d6595d7 wp-block-columns-is-layout-flex\">\n<div class=\"wp-block-column is-layout-flow wp-block-column-is-layout-flow\">\n<h2 class=\"wp-block-heading\"><strong>Czego oczekujemy od naszych wsp\u00f3\u0142pracownik\u00f3w<\/strong><\/h2>\n\n\n\n<p>Prezes Grupy IVM,&nbsp;<strong>Adriano Teso<\/strong>, przedstawia podstawowe i istotne warto\u015bci, kt\u00f3rymi powinien si\u0119 wsp\u00f3\u0142dzieli\u0107 ka\u017cdy, kto chce wej\u015b\u0107 we wsp\u00f3\u0142prac\u0119 z nami.<\/p>\n\n\n\n<p class=\"pulsante\"><a href=\"https:\/\/www.milesi.com\/pl\/kandydaci\/czego-oczekujemy-od-naszych-wspolpracownikow\/\">SPRAWD\u0179<\/a><\/p>\n\n\n\n<p><\/p>\n\n\n\n<h2 class=\"wp-block-heading\"><strong>Zg\u0142oszenie&nbsp;&nbsp;<\/strong><\/h2>\n\n\n\n<p class=\"pulsante\"><a href=\"https:\/\/www.milesi.com\/pl\/kandydaci\/aplikuj\/\">WY\u015aLIJ SWOJ\u0104 APLIKACJ\u0118<\/a><\/p>\n\n\n\n<p><\/p>\n<\/div>\n\n\n\n<div class=\"wp-block-column is-layout-flow wp-block-column-is-layout-flow\">\n<figure class=\"wp-block-image size-large\"><img loading=\"lazy\" decoding=\"async\" width=\"1024\" height=\"621\" src=\"https:\/\/www.milesi.com\/wp-content\/uploads\/2021\/02\/candidature-1024x621.jpg\" alt=\"\" class=\"wp-image-13683\" srcset=\"https:\/\/www.milesi.com\/wp-content\/uploads\/2021\/02\/candidature-1024x621.jpg 1024w, https:\/\/www.milesi.com\/wp-content\/uploads\/2021\/02\/candidature-980x595.jpg 980w, https:\/\/www.milesi.com\/wp-content\/uploads\/2021\/02\/candidature-480x291.jpg 480w\" sizes=\"(min-width: 0px) and (max-width: 480px) 480px, (min-width: 481px) and (max-width: 980px) 980px, (min-width: 981px) 1024px, 100vw\" \/><\/figure>\n<\/div>\n<\/div>\n\n\n\n<h2 class=\"wp-block-heading\">Aktualnie otwarte rekrutacje&nbsp;<\/h2>\n\n\n<div class=\"job_listings\" data-location=\"\" data-keywords=\"\" data-show_filters=\"true\" data-show_pagination=\"false\" data-per_page=\"10\" data-orderby=\"featured\" data-order=\"DESC\" data-categories=\"\" data-disable-form-state-storage=\"\" data-featured_first=\"false\" data-post_id=\"8013\" >\n<form class=\"job_filters\">\n\t\n\t<div class=\"search_jobs\">\n\t\t\n\t\t<div class=\"search_keywords\">\n\t\t\t<label for=\"search_keywords\">S\u0142owa kluczowe<\/label>\n\t\t\t<input type=\"text\" name=\"search_keywords\" id=\"search_keywords\" placeholder=\"S\u0142owa kluczowe\" value=\"\" \/>\n\t\t<\/div>\n\n\t\t<div class=\"search_location\">\n\t\t\t<label for=\"search_location\">Lokalizacja<\/label>\n\t\t\t<input type=\"text\" name=\"search_location\" id=\"search_location\" placeholder=\"Lokalizacja\" value=\"\" \/>\n\t\t<\/div>\n\n\t\t\n\t\t<div style=\"clear: both\"><\/div>\n\n\t\t\n\t\t\t\t\t<div class=\"search_submit\">\n\t\t\t\t<input type=\"submit\" value=\"Szukanie ofert pracy\">\n\t\t\t<\/div>\n\t\t\n\t\t\t<\/div>\n\n\t\t<ul class=\"job_types\">\n\t\t\t<\/ul>\n\t<input type=\"hidden\" name=\"filter_job_type[]\" value=\"\" \/>\n<div class=\"showing_jobs\"><\/div><\/form>\n\n\n<noscript>Twoja przegl\u0105darka nie obs\u0142uguje JavaScript lub zosta\u0142a ona w\u0142\u0105czona. JavaScript musi by\u0107 w\u0142\u0105czony aby wy\u015bwietla\u0107 og\u0142oszenia.<\/noscript>\n<div class=\"legenda\">\n\t<div class=\"legea\"><p>Figura professionale<\/p><\/div>\n\t<div class=\"legeb\"><p>Area<\/p><\/div>\n\t<div class=\"legec\"><p>Localit\u00e0<\/p><\/div>\n\t\t\t\t   <\/div>\n<ul class=\"job_listings\">\n<\/ul>\n<a class=\"load_more_jobs\" href=\"#\" style=\"display:none;\"><strong>Za\u0142aduj wi\u0119cej ofert<\/strong><\/a><\/div>\n","protected":false},"excerpt":{"rendered":"<p>Czego oczekujemy od naszych wsp\u00f3\u0142pracownik\u00f3w Prezes Grupy IVM,&nbsp;Adriano Teso, przedstawia podstawowe i istotne warto\u015bci, kt\u00f3rymi powinien si\u0119 wsp\u00f3\u0142dzieli\u0107 ka\u017cdy, kto chce wej\u015b\u0107 we wsp\u00f3\u0142prac\u0119 z nami. SPRAWD\u0179 Zg\u0142oszenie&nbsp;&nbsp; WY\u015aLIJ SWOJ\u0104 APLIKACJ\u0118 Aktualnie otwarte rekrutacje&nbsp;<\/p>\n","protected":false},"author":10,"featured_media":13687,"parent":0,"menu_order":16,"comment_status":"closed","ping_status":"closed","template":"","meta":{"_et_pb_use_builder":"off","_et_pb_old_content":"<!-- wp:columns -->\n<div class=\"wp-block-columns\"><!-- wp:column -->\n<div class=\"wp-block-column\"><!-- wp:heading -->\n<h2>Cosa cerchiamo in un collaboratore<\/h2>\n<!-- \/wp:heading -->\n\n<!-- wp:paragraph -->\n<p>Il Presidente del Gruppo IVM,&nbsp; <strong>Adriano Teso<\/strong>, illustra i valori fondamentali ed imprescindibili che chi desidera valutare una collaborazione con noi&nbsp; \u00e8 essenziale condivida. <\/p>\n<!-- \/wp:paragraph -->\n\n<!-- wp:paragraph {\"className\":\"pulsante\"} -->\n<p class=\"pulsante\"><a href=\"\/?page_id=606\">Scopri<\/a><\/p>\n<!-- \/wp:paragraph -->\n\n<!-- wp:buttons {\"layout\":{\"type\":\"flex\",\"justifyContent\":\"right\"}} -->\n<div class=\"wp-block-buttons\"><!-- wp:button \/--><\/div>\n<!-- \/wp:buttons -->\n\n<!-- wp:paragraph -->\n<p><\/p>\n<!-- \/wp:paragraph -->\n\n<!-- wp:heading -->\n<h2>Candidatura spontanea<\/h2>\n<!-- \/wp:heading -->\n\n<!-- wp:paragraph {\"className\":\"pulsante\"} -->\n<p class=\"pulsante\"><a href=\"\/?page_id=614\">Invia i tuoi dati<\/a><\/p>\n<!-- \/wp:paragraph -->\n\n<!-- wp:paragraph -->\n<p><\/p>\n<!-- \/wp:paragraph --><\/div>\n<!-- \/wp:column -->\n\n<!-- wp:column -->\n<div class=\"wp-block-column\"><!-- wp:image {\"id\":13683,\"sizeSlug\":\"large\",\"linkDestination\":\"none\"} -->\n<figure class=\"wp-block-image size-large\"><img src=\"https:\/\/www.milesi.com\/wp-content\/uploads\/2021\/02\/candidature-1024x621.jpg\" alt=\"\" class=\"wp-image-13683\"\/><\/figure>\n<!-- \/wp:image --><\/div>\n<!-- \/wp:column --><\/div>\n<!-- \/wp:columns -->\n\n<!-- wp:heading -->\n<h2>Collaborazioni attualmente ricercate<\/h2>\n<!-- \/wp:heading -->\n\n<!-- wp:shortcode -->\njobs\n<!-- \/wp:shortcode -->","_et_gb_content_width":"","footnotes":""},"class_list":["post-8013","page","type-page","status-publish","has-post-thumbnail","hentry"],"yoast_head":"<!-- This site is optimized with the Yoast SEO plugin v27.3 - https:\/\/yoast.com\/product\/yoast-seo-wordpress\/ -->\n<title>KANDYDACI - Milesi<\/title>\n<meta name=\"robots\" content=\"index, follow, max-snippet:-1, max-image-preview:large, max-video-preview:-1\" \/>\n<link rel=\"canonical\" href=\"https:\/\/www.milesi.com\/pl\/candidature\/\" \/>\n<meta property=\"og:locale\" content=\"pl_PL\" \/>\n<meta property=\"og:type\" content=\"article\" \/>\n<meta property=\"og:title\" content=\"KANDYDACI - Milesi\" \/>\n<meta property=\"og:description\" content=\"Czego oczekujemy od naszych wsp\u00f3\u0142pracownik\u00f3w Prezes Grupy IVM,&nbsp;Adriano Teso, przedstawia podstawowe i istotne warto\u015bci, kt\u00f3rymi powinien si\u0119 wsp\u00f3\u0142dzieli\u0107 ka\u017cdy, kto chce wej\u015b\u0107 we wsp\u00f3\u0142prac\u0119 z nami. SPRAWD\u0179 Zg\u0142oszenie&nbsp;&nbsp; WY\u015aLIJ SWOJ\u0104 APLIKACJ\u0118 Aktualnie otwarte rekrutacje&nbsp;\" \/>\n<meta property=\"og:url\" content=\"https:\/\/www.milesi.com\/pl\/candidature\/\" \/>\n<meta property=\"og:site_name\" content=\"Milesi\" \/>\n<meta property=\"article:publisher\" content=\"https:\/\/www.facebook.com\/MilesiVernici\" \/>\n<meta property=\"article:modified_time\" content=\"2023-01-12T14:47:06+00:00\" \/>\n<meta property=\"og:image\" content=\"https:\/\/www.milesi.com\/wp-content\/uploads\/2021\/02\/candidature.jpg\" \/>\n\t<meta property=\"og:image:width\" content=\"1063\" \/>\n\t<meta property=\"og:image:height\" content=\"645\" \/>\n\t<meta property=\"og:image:type\" content=\"image\/jpeg\" \/>\n<meta name=\"twitter:card\" content=\"summary_large_image\" \/>\n<script type=\"application\/ld+json\" class=\"yoast-schema-graph\">{\"@context\":\"https:\\\/\\\/schema.org\",\"@graph\":[{\"@type\":\"WebPage\",\"@id\":\"https:\\\/\\\/www.milesi.com\\\/pl\\\/candidature\\\/\",\"url\":\"https:\\\/\\\/www.milesi.com\\\/pl\\\/candidature\\\/\",\"name\":\"KANDYDACI - Milesi\",\"isPartOf\":{\"@id\":\"https:\\\/\\\/www.milesi.com\\\/pl\\\/#website\"},\"primaryImageOfPage\":{\"@id\":\"https:\\\/\\\/www.milesi.com\\\/pl\\\/candidature\\\/#primaryimage\"},\"image\":{\"@id\":\"https:\\\/\\\/www.milesi.com\\\/pl\\\/candidature\\\/#primaryimage\"},\"thumbnailUrl\":\"https:\\\/\\\/www.milesi.com\\\/wp-content\\\/uploads\\\/2021\\\/02\\\/candidature.jpg\",\"datePublished\":\"2019-07-31T09:33:52+00:00\",\"dateModified\":\"2023-01-12T14:47:06+00:00\",\"breadcrumb\":{\"@id\":\"https:\\\/\\\/www.milesi.com\\\/pl\\\/candidature\\\/#breadcrumb\"},\"inLanguage\":\"pl-PL\",\"potentialAction\":[{\"@type\":\"ReadAction\",\"target\":[\"https:\\\/\\\/www.milesi.com\\\/pl\\\/candidature\\\/\"]}]},{\"@type\":\"ImageObject\",\"inLanguage\":\"pl-PL\",\"@id\":\"https:\\\/\\\/www.milesi.com\\\/pl\\\/candidature\\\/#primaryimage\",\"url\":\"https:\\\/\\\/www.milesi.com\\\/wp-content\\\/uploads\\\/2021\\\/02\\\/candidature.jpg\",\"contentUrl\":\"https:\\\/\\\/www.milesi.com\\\/wp-content\\\/uploads\\\/2021\\\/02\\\/candidature.jpg\",\"width\":1063,\"height\":645},{\"@type\":\"BreadcrumbList\",\"@id\":\"https:\\\/\\\/www.milesi.com\\\/pl\\\/candidature\\\/#breadcrumb\",\"itemListElement\":[{\"@type\":\"ListItem\",\"position\":1,\"name\":\"Milesi - Lakiery do drewna\",\"item\":\"https:\\\/\\\/www.milesi.com\\\/pl\\\/\"},{\"@type\":\"ListItem\",\"position\":2,\"name\":\"KANDYDACI\"}]},{\"@type\":\"WebSite\",\"@id\":\"https:\\\/\\\/www.milesi.com\\\/pl\\\/#website\",\"url\":\"https:\\\/\\\/www.milesi.com\\\/pl\\\/\",\"name\":\"Milesi Vernici per il legno\",\"description\":\"Lakiery do drewna\",\"publisher\":{\"@id\":\"https:\\\/\\\/www.milesi.com\\\/pl\\\/#organization\"},\"alternateName\":\"Milesi\",\"potentialAction\":[{\"@type\":\"SearchAction\",\"target\":{\"@type\":\"EntryPoint\",\"urlTemplate\":\"https:\\\/\\\/www.milesi.com\\\/pl\\\/?s={search_term_string}\"},\"query-input\":{\"@type\":\"PropertyValueSpecification\",\"valueRequired\":true,\"valueName\":\"search_term_string\"}}],\"inLanguage\":\"pl-PL\"},{\"@type\":\"Organization\",\"@id\":\"https:\\\/\\\/www.milesi.com\\\/pl\\\/#organization\",\"name\":\"Milesi Vernici\",\"alternateName\":\"Milesi\",\"url\":\"https:\\\/\\\/www.milesi.com\\\/pl\\\/\",\"logo\":{\"@type\":\"ImageObject\",\"inLanguage\":\"pl-PL\",\"@id\":\"https:\\\/\\\/www.milesi.com\\\/pl\\\/#\\\/schema\\\/logo\\\/image\\\/\",\"url\":\"https:\\\/\\\/www.milesi.com\\\/wp-content\\\/uploads\\\/2022\\\/12\\\/milesi-web.png\",\"contentUrl\":\"https:\\\/\\\/www.milesi.com\\\/wp-content\\\/uploads\\\/2022\\\/12\\\/milesi-web.png\",\"width\":100,\"height\":101,\"caption\":\"Milesi Vernici\"},\"image\":{\"@id\":\"https:\\\/\\\/www.milesi.com\\\/pl\\\/#\\\/schema\\\/logo\\\/image\\\/\"},\"sameAs\":[\"https:\\\/\\\/www.facebook.com\\\/MilesiVernici\",\"https:\\\/\\\/www.youtube.com\\\/channel\\\/UCgULN6yzPgE9usmMi3CP5hQ\",\"https:\\\/\\\/www.instagram.com\\\/milesiverniciperlegno\\\/\",\"https:\\\/\\\/vimeo.com\\\/user117001108\",\"https:\\\/\\\/www.linkedin.com\\\/company\\\/milesiwoodcoatings\\\/\"]}]}<\/script>\n<!-- \/ Yoast SEO plugin. -->","yoast_head_json":{"title":"KANDYDACI - Milesi","robots":{"index":"index","follow":"follow","max-snippet":"max-snippet:-1","max-image-preview":"max-image-preview:large","max-video-preview":"max-video-preview:-1"},"canonical":"https:\/\/www.milesi.com\/pl\/candidature\/","og_locale":"pl_PL","og_type":"article","og_title":"KANDYDACI - Milesi","og_description":"Czego oczekujemy od naszych wsp\u00f3\u0142pracownik\u00f3w Prezes Grupy IVM,&nbsp;Adriano Teso, przedstawia podstawowe i istotne warto\u015bci, kt\u00f3rymi powinien si\u0119 wsp\u00f3\u0142dzieli\u0107 ka\u017cdy, kto chce wej\u015b\u0107 we wsp\u00f3\u0142prac\u0119 z nami. SPRAWD\u0179 Zg\u0142oszenie&nbsp;&nbsp; WY\u015aLIJ SWOJ\u0104 APLIKACJ\u0118 Aktualnie otwarte rekrutacje&nbsp;","og_url":"https:\/\/www.milesi.com\/pl\/candidature\/","og_site_name":"Milesi","article_publisher":"https:\/\/www.facebook.com\/MilesiVernici","article_modified_time":"2023-01-12T14:47:06+00:00","og_image":[{"width":1063,"height":645,"url":"https:\/\/www.milesi.com\/wp-content\/uploads\/2021\/02\/candidature.jpg","type":"image\/jpeg"}],"twitter_card":"summary_large_image","schema":{"@context":"https:\/\/schema.org","@graph":[{"@type":"WebPage","@id":"https:\/\/www.milesi.com\/pl\/candidature\/","url":"https:\/\/www.milesi.com\/pl\/candidature\/","name":"KANDYDACI - Milesi","isPartOf":{"@id":"https:\/\/www.milesi.com\/pl\/#website"},"primaryImageOfPage":{"@id":"https:\/\/www.milesi.com\/pl\/candidature\/#primaryimage"},"image":{"@id":"https:\/\/www.milesi.com\/pl\/candidature\/#primaryimage"},"thumbnailUrl":"https:\/\/www.milesi.com\/wp-content\/uploads\/2021\/02\/candidature.jpg","datePublished":"2019-07-31T09:33:52+00:00","dateModified":"2023-01-12T14:47:06+00:00","breadcrumb":{"@id":"https:\/\/www.milesi.com\/pl\/candidature\/#breadcrumb"},"inLanguage":"pl-PL","potentialAction":[{"@type":"ReadAction","target":["https:\/\/www.milesi.com\/pl\/candidature\/"]}]},{"@type":"ImageObject","inLanguage":"pl-PL","@id":"https:\/\/www.milesi.com\/pl\/candidature\/#primaryimage","url":"https:\/\/www.milesi.com\/wp-content\/uploads\/2021\/02\/candidature.jpg","contentUrl":"https:\/\/www.milesi.com\/wp-content\/uploads\/2021\/02\/candidature.jpg","width":1063,"height":645},{"@type":"BreadcrumbList","@id":"https:\/\/www.milesi.com\/pl\/candidature\/#breadcrumb","itemListElement":[{"@type":"ListItem","position":1,"name":"Milesi - Lakiery do drewna","item":"https:\/\/www.milesi.com\/pl\/"},{"@type":"ListItem","position":2,"name":"KANDYDACI"}]},{"@type":"WebSite","@id":"https:\/\/www.milesi.com\/pl\/#website","url":"https:\/\/www.milesi.com\/pl\/","name":"Milesi Vernici per il legno","description":"Lakiery do drewna","publisher":{"@id":"https:\/\/www.milesi.com\/pl\/#organization"},"alternateName":"Milesi","potentialAction":[{"@type":"SearchAction","target":{"@type":"EntryPoint","urlTemplate":"https:\/\/www.milesi.com\/pl\/?s={search_term_string}"},"query-input":{"@type":"PropertyValueSpecification","valueRequired":true,"valueName":"search_term_string"}}],"inLanguage":"pl-PL"},{"@type":"Organization","@id":"https:\/\/www.milesi.com\/pl\/#organization","name":"Milesi Vernici","alternateName":"Milesi","url":"https:\/\/www.milesi.com\/pl\/","logo":{"@type":"ImageObject","inLanguage":"pl-PL","@id":"https:\/\/www.milesi.com\/pl\/#\/schema\/logo\/image\/","url":"https:\/\/www.milesi.com\/wp-content\/uploads\/2022\/12\/milesi-web.png","contentUrl":"https:\/\/www.milesi.com\/wp-content\/uploads\/2022\/12\/milesi-web.png","width":100,"height":101,"caption":"Milesi Vernici"},"image":{"@id":"https:\/\/www.milesi.com\/pl\/#\/schema\/logo\/image\/"},"sameAs":["https:\/\/www.facebook.com\/MilesiVernici","https:\/\/www.youtube.com\/channel\/UCgULN6yzPgE9usmMi3CP5hQ","https:\/\/www.instagram.com\/milesiverniciperlegno\/","https:\/\/vimeo.com\/user117001108","https:\/\/www.linkedin.com\/company\/milesiwoodcoatings\/"]}]}},"_links":{"self":[{"href":"https:\/\/www.milesi.com\/pl\/wp-json\/wp\/v2\/pages\/8013","targetHints":{"allow":["GET"]}}],"collection":[{"href":"https:\/\/www.milesi.com\/pl\/wp-json\/wp\/v2\/pages"}],"about":[{"href":"https:\/\/www.milesi.com\/pl\/wp-json\/wp\/v2\/types\/page"}],"author":[{"embeddable":true,"href":"https:\/\/www.milesi.com\/pl\/wp-json\/wp\/v2\/users\/10"}],"replies":[{"embeddable":true,"href":"https:\/\/www.milesi.com\/pl\/wp-json\/wp\/v2\/comments?post=8013"}],"version-history":[{"count":3,"href":"https:\/\/www.milesi.com\/pl\/wp-json\/wp\/v2\/pages\/8013\/revisions"}],"predecessor-version":[{"id":20952,"href":"https:\/\/www.milesi.com\/pl\/wp-json\/wp\/v2\/pages\/8013\/revisions\/20952"}],"wp:featuredmedia":[{"embeddable":true,"href":"https:\/\/www.milesi.com\/pl\/wp-json\/wp\/v2\/media\/13687"}],"wp:attachment":[{"href":"https:\/\/www.milesi.com\/pl\/wp-json\/wp\/v2\/media?parent=8013"}],"curies":[{"name":"wp","href":"https:\/\/api.w.org\/{rel}","templated":true}]}}