{"id":10479,"date":"2019-08-01T15:59:05","date_gmt":"2019-08-01T13:59:05","guid":{"rendered":"http:\/\/www.milesi.com\/shop\/bez-kategorii\/vernici-per-esterno\/"},"modified":"2021-02-22T15:42:51","modified_gmt":"2021-02-22T14:42:51","slug":"lakiery-na-zewnatrz","status":"publish","type":"product","link":"https:\/\/www.milesi.com\/pl\/produkt\/rozwiazania-do-drewna\/ponadczasowosc\/lakiery-na-zewnatrz\/","title":{"rendered":"Lakiery na Zewn\u0105trz"},"content":{"rendered":"","protected":false},"excerpt":{"rendered":"<p style=\"text-align: left;\">Produkty\u00a0 Milesi\u00a0 na bazie wody i rozpuszczalnika do zastosowa\u0144 zewn\u0119trznych podkre\u015blaj\u0105 pi\u0119kno drewna i gwarantuj\u0105 jego ochron\u0119 i trwa\u0142o\u015b\u0107.<\/p>\n<p style=\"text-align: left;\">S\u0105 idealne do wszystkich powszechnie stosowanych rodzaj\u00f3w drewna i dostosowuj\u0105 si\u0119 do wszystkich system\u00f3w aplikacji.<\/p>\n<p style=\"text-align: left;\">Doskonale nadaj\u0105 si\u0119 do okien, element\u00f3w konstrukcyjnych, mebli i taras\u00f3w drewnianych. Chroni\u0105 je przed czynnikami atmosferycznymi oraz ple\u015bniami, grzybami i bakteriami, tworz\u0105c barier\u0119 ochronn\u0105, kt\u00f3ra pomimo up\u0142ywu czasu zachowuje niezmienione pi\u0119kno drewna. Dzi\u0119ki ekstremalnej elastyczno\u015bci gwarantuj\u0105 maksymaln\u0105 przyczepno\u015b\u0107 do pod\u0142o\u017ca.<\/p>\n<p style=\"text-align: left;\">\n","protected":false},"featured_media":3281,"comment_status":"open","ping_status":"closed","template":"","meta":{"_et_pb_use_builder":"","_et_pb_old_content":"","_et_gb_content_width":""},"product_brand":[],"product_cat":[769,247],"product_tag":[323,319,348,317,318,833,320],"class_list":{"0":"post-10479","1":"product","2":"type-product","3":"status-publish","4":"has-post-thumbnail","6":"product_cat-ponadczasowosc","7":"product_cat-rozwiazania-do-drewna","8":"product_tag-brazowy","9":"product_tag-drewna","10":"product_tag-lakierowane","11":"product_tag-lakiery-pl","12":"product_tag-plyta","13":"product_tag-timeless-pl","14":"product_tag-zielony-pl","16":"first","17":"instock","18":"shipping-taxable","19":"product-type-simple"},"yoast_head":"<!-- This site is optimized with the Yoast SEO plugin v27.3 - https:\/\/yoast.com\/product\/yoast-seo-wordpress\/ -->\n<title>Lakiery na Zewn\u0105trz - Milesi<\/title>\n<meta name=\"robots\" content=\"index, follow, max-snippet:-1, max-image-preview:large, max-video-preview:-1\" \/>\n<link rel=\"canonical\" href=\"https:\/\/www.milesi.com\/pl\/produkt\/rozwiazania-do-drewna\/ponadczasowosc\/lakiery-na-zewnatrz\/\" \/>\n<meta property=\"og:locale\" content=\"pl_PL\" \/>\n<meta property=\"og:type\" content=\"article\" \/>\n<meta property=\"og:title\" content=\"Lakiery na Zewn\u0105trz - Milesi\" \/>\n<meta property=\"og:description\" content=\"Produkty\u00a0 Milesi\u00a0 na bazie wody i rozpuszczalnika do zastosowa\u0144 zewn\u0119trznych podkre\u015blaj\u0105 pi\u0119kno drewna i gwarantuj\u0105 jego ochron\u0119 i trwa\u0142o\u015b\u0107. S\u0105 idealne do wszystkich powszechnie stosowanych rodzaj\u00f3w drewna i dostosowuj\u0105 si\u0119 do wszystkich system\u00f3w aplikacji. Doskonale nadaj\u0105 si\u0119 do okien, element\u00f3w konstrukcyjnych, mebli i taras\u00f3w drewnianych. Chroni\u0105 je przed czynnikami atmosferycznymi oraz ple\u015bniami, grzybami i bakteriami, tworz\u0105c barier\u0119 ochronn\u0105, kt\u00f3ra pomimo up\u0142ywu czasu zachowuje niezmienione pi\u0119kno drewna. Dzi\u0119ki ekstremalnej elastyczno\u015bci gwarantuj\u0105 maksymaln\u0105 przyczepno\u015b\u0107 do pod\u0142o\u017ca.\" \/>\n<meta property=\"og:url\" content=\"https:\/\/www.milesi.com\/pl\/produkt\/rozwiazania-do-drewna\/ponadczasowosc\/lakiery-na-zewnatrz\/\" \/>\n<meta property=\"og:site_name\" content=\"Milesi\" \/>\n<meta property=\"article:publisher\" content=\"https:\/\/www.facebook.com\/MilesiVernici\" \/>\n<meta property=\"article:modified_time\" content=\"2021-02-22T14:42:51+00:00\" \/>\n<meta property=\"og:image\" content=\"https:\/\/www.milesi.com\/wp-content\/uploads\/2019\/08\/Decking_web.jpg\" \/>\n\t<meta property=\"og:image:width\" content=\"1200\" \/>\n\t<meta property=\"og:image:height\" content=\"1200\" \/>\n\t<meta property=\"og:image:type\" content=\"image\/jpeg\" \/>\n<meta name=\"twitter:card\" content=\"summary_large_image\" \/>\n<script type=\"application\/ld+json\" class=\"yoast-schema-graph\">{\"@context\":\"https:\\\/\\\/schema.org\",\"@graph\":[{\"@type\":\"WebPage\",\"@id\":\"https:\\\/\\\/www.milesi.com\\\/pl\\\/produkt\\\/rozwiazania-do-drewna\\\/ponadczasowosc\\\/lakiery-na-zewnatrz\\\/\",\"url\":\"https:\\\/\\\/www.milesi.com\\\/pl\\\/produkt\\\/rozwiazania-do-drewna\\\/ponadczasowosc\\\/lakiery-na-zewnatrz\\\/\",\"name\":\"Lakiery na Zewn\u0105trz - Milesi\",\"isPartOf\":{\"@id\":\"https:\\\/\\\/www.milesi.com\\\/pl\\\/#website\"},\"primaryImageOfPage\":{\"@id\":\"https:\\\/\\\/www.milesi.com\\\/pl\\\/produkt\\\/rozwiazania-do-drewna\\\/ponadczasowosc\\\/lakiery-na-zewnatrz\\\/#primaryimage\"},\"image\":{\"@id\":\"https:\\\/\\\/www.milesi.com\\\/pl\\\/produkt\\\/rozwiazania-do-drewna\\\/ponadczasowosc\\\/lakiery-na-zewnatrz\\\/#primaryimage\"},\"thumbnailUrl\":\"https:\\\/\\\/www.milesi.com\\\/wp-content\\\/uploads\\\/2019\\\/08\\\/Decking_web.jpg\",\"datePublished\":\"2019-08-01T13:59:05+00:00\",\"dateModified\":\"2021-02-22T14:42:51+00:00\",\"breadcrumb\":{\"@id\":\"https:\\\/\\\/www.milesi.com\\\/pl\\\/produkt\\\/rozwiazania-do-drewna\\\/ponadczasowosc\\\/lakiery-na-zewnatrz\\\/#breadcrumb\"},\"inLanguage\":\"pl-PL\",\"potentialAction\":[{\"@type\":\"ReadAction\",\"target\":[\"https:\\\/\\\/www.milesi.com\\\/pl\\\/produkt\\\/rozwiazania-do-drewna\\\/ponadczasowosc\\\/lakiery-na-zewnatrz\\\/\"]}]},{\"@type\":\"ImageObject\",\"inLanguage\":\"pl-PL\",\"@id\":\"https:\\\/\\\/www.milesi.com\\\/pl\\\/produkt\\\/rozwiazania-do-drewna\\\/ponadczasowosc\\\/lakiery-na-zewnatrz\\\/#primaryimage\",\"url\":\"https:\\\/\\\/www.milesi.com\\\/wp-content\\\/uploads\\\/2019\\\/08\\\/Decking_web.jpg\",\"contentUrl\":\"https:\\\/\\\/www.milesi.com\\\/wp-content\\\/uploads\\\/2019\\\/08\\\/Decking_web.jpg\",\"width\":1200,\"height\":1200,\"caption\":\"Vernici legno per esterno: soluzioni per arredo e decking\"},{\"@type\":\"BreadcrumbList\",\"@id\":\"https:\\\/\\\/www.milesi.com\\\/pl\\\/produkt\\\/rozwiazania-do-drewna\\\/ponadczasowosc\\\/lakiery-na-zewnatrz\\\/#breadcrumb\",\"itemListElement\":[{\"@type\":\"ListItem\",\"position\":1,\"name\":\"Milesi - Lakiery do drewna\",\"item\":\"https:\\\/\\\/www.milesi.com\\\/pl\\\/\"},{\"@type\":\"ListItem\",\"position\":2,\"name\":\"Prodotti\",\"item\":\"https:\\\/\\\/www.milesi.com\\\/prodotti\\\/\"},{\"@type\":\"ListItem\",\"position\":3,\"name\":\"Lakiery na Zewn\u0105trz\"}]},{\"@type\":\"WebSite\",\"@id\":\"https:\\\/\\\/www.milesi.com\\\/pl\\\/#website\",\"url\":\"https:\\\/\\\/www.milesi.com\\\/pl\\\/\",\"name\":\"Milesi Vernici per il legno\",\"description\":\"Lakiery do drewna\",\"publisher\":{\"@id\":\"https:\\\/\\\/www.milesi.com\\\/pl\\\/#organization\"},\"alternateName\":\"Milesi\",\"potentialAction\":[{\"@type\":\"SearchAction\",\"target\":{\"@type\":\"EntryPoint\",\"urlTemplate\":\"https:\\\/\\\/www.milesi.com\\\/pl\\\/?s={search_term_string}\"},\"query-input\":{\"@type\":\"PropertyValueSpecification\",\"valueRequired\":true,\"valueName\":\"search_term_string\"}}],\"inLanguage\":\"pl-PL\"},{\"@type\":\"Organization\",\"@id\":\"https:\\\/\\\/www.milesi.com\\\/pl\\\/#organization\",\"name\":\"Milesi Vernici\",\"alternateName\":\"Milesi\",\"url\":\"https:\\\/\\\/www.milesi.com\\\/pl\\\/\",\"logo\":{\"@type\":\"ImageObject\",\"inLanguage\":\"pl-PL\",\"@id\":\"https:\\\/\\\/www.milesi.com\\\/pl\\\/#\\\/schema\\\/logo\\\/image\\\/\",\"url\":\"https:\\\/\\\/www.milesi.com\\\/wp-content\\\/uploads\\\/2022\\\/12\\\/milesi-web.png\",\"contentUrl\":\"https:\\\/\\\/www.milesi.com\\\/wp-content\\\/uploads\\\/2022\\\/12\\\/milesi-web.png\",\"width\":100,\"height\":101,\"caption\":\"Milesi Vernici\"},\"image\":{\"@id\":\"https:\\\/\\\/www.milesi.com\\\/pl\\\/#\\\/schema\\\/logo\\\/image\\\/\"},\"sameAs\":[\"https:\\\/\\\/www.facebook.com\\\/MilesiVernici\",\"https:\\\/\\\/www.youtube.com\\\/channel\\\/UCgULN6yzPgE9usmMi3CP5hQ\",\"https:\\\/\\\/www.instagram.com\\\/milesiverniciperlegno\\\/\",\"https:\\\/\\\/vimeo.com\\\/user117001108\",\"https:\\\/\\\/www.linkedin.com\\\/company\\\/milesiwoodcoatings\\\/\"]}]}<\/script>\n<!-- \/ Yoast SEO plugin. -->","yoast_head_json":{"title":"Lakiery na Zewn\u0105trz - Milesi","robots":{"index":"index","follow":"follow","max-snippet":"max-snippet:-1","max-image-preview":"max-image-preview:large","max-video-preview":"max-video-preview:-1"},"canonical":"https:\/\/www.milesi.com\/pl\/produkt\/rozwiazania-do-drewna\/ponadczasowosc\/lakiery-na-zewnatrz\/","og_locale":"pl_PL","og_type":"article","og_title":"Lakiery na Zewn\u0105trz - Milesi","og_description":"Produkty\u00a0 Milesi\u00a0 na bazie wody i rozpuszczalnika do zastosowa\u0144 zewn\u0119trznych podkre\u015blaj\u0105 pi\u0119kno drewna i gwarantuj\u0105 jego ochron\u0119 i trwa\u0142o\u015b\u0107. S\u0105 idealne do wszystkich powszechnie stosowanych rodzaj\u00f3w drewna i dostosowuj\u0105 si\u0119 do wszystkich system\u00f3w aplikacji. Doskonale nadaj\u0105 si\u0119 do okien, element\u00f3w konstrukcyjnych, mebli i taras\u00f3w drewnianych. Chroni\u0105 je przed czynnikami atmosferycznymi oraz ple\u015bniami, grzybami i bakteriami, tworz\u0105c barier\u0119 ochronn\u0105, kt\u00f3ra pomimo up\u0142ywu czasu zachowuje niezmienione pi\u0119kno drewna. Dzi\u0119ki ekstremalnej elastyczno\u015bci gwarantuj\u0105 maksymaln\u0105 przyczepno\u015b\u0107 do pod\u0142o\u017ca.","og_url":"https:\/\/www.milesi.com\/pl\/produkt\/rozwiazania-do-drewna\/ponadczasowosc\/lakiery-na-zewnatrz\/","og_site_name":"Milesi","article_publisher":"https:\/\/www.facebook.com\/MilesiVernici","article_modified_time":"2021-02-22T14:42:51+00:00","og_image":[{"width":1200,"height":1200,"url":"https:\/\/www.milesi.com\/wp-content\/uploads\/2019\/08\/Decking_web.jpg","type":"image\/jpeg"}],"twitter_card":"summary_large_image","schema":{"@context":"https:\/\/schema.org","@graph":[{"@type":"WebPage","@id":"https:\/\/www.milesi.com\/pl\/produkt\/rozwiazania-do-drewna\/ponadczasowosc\/lakiery-na-zewnatrz\/","url":"https:\/\/www.milesi.com\/pl\/produkt\/rozwiazania-do-drewna\/ponadczasowosc\/lakiery-na-zewnatrz\/","name":"Lakiery na Zewn\u0105trz - Milesi","isPartOf":{"@id":"https:\/\/www.milesi.com\/pl\/#website"},"primaryImageOfPage":{"@id":"https:\/\/www.milesi.com\/pl\/produkt\/rozwiazania-do-drewna\/ponadczasowosc\/lakiery-na-zewnatrz\/#primaryimage"},"image":{"@id":"https:\/\/www.milesi.com\/pl\/produkt\/rozwiazania-do-drewna\/ponadczasowosc\/lakiery-na-zewnatrz\/#primaryimage"},"thumbnailUrl":"https:\/\/www.milesi.com\/wp-content\/uploads\/2019\/08\/Decking_web.jpg","datePublished":"2019-08-01T13:59:05+00:00","dateModified":"2021-02-22T14:42:51+00:00","breadcrumb":{"@id":"https:\/\/www.milesi.com\/pl\/produkt\/rozwiazania-do-drewna\/ponadczasowosc\/lakiery-na-zewnatrz\/#breadcrumb"},"inLanguage":"pl-PL","potentialAction":[{"@type":"ReadAction","target":["https:\/\/www.milesi.com\/pl\/produkt\/rozwiazania-do-drewna\/ponadczasowosc\/lakiery-na-zewnatrz\/"]}]},{"@type":"ImageObject","inLanguage":"pl-PL","@id":"https:\/\/www.milesi.com\/pl\/produkt\/rozwiazania-do-drewna\/ponadczasowosc\/lakiery-na-zewnatrz\/#primaryimage","url":"https:\/\/www.milesi.com\/wp-content\/uploads\/2019\/08\/Decking_web.jpg","contentUrl":"https:\/\/www.milesi.com\/wp-content\/uploads\/2019\/08\/Decking_web.jpg","width":1200,"height":1200,"caption":"Vernici legno per esterno: soluzioni per arredo e decking"},{"@type":"BreadcrumbList","@id":"https:\/\/www.milesi.com\/pl\/produkt\/rozwiazania-do-drewna\/ponadczasowosc\/lakiery-na-zewnatrz\/#breadcrumb","itemListElement":[{"@type":"ListItem","position":1,"name":"Milesi - Lakiery do drewna","item":"https:\/\/www.milesi.com\/pl\/"},{"@type":"ListItem","position":2,"name":"Prodotti","item":"https:\/\/www.milesi.com\/prodotti\/"},{"@type":"ListItem","position":3,"name":"Lakiery na Zewn\u0105trz"}]},{"@type":"WebSite","@id":"https:\/\/www.milesi.com\/pl\/#website","url":"https:\/\/www.milesi.com\/pl\/","name":"Milesi Vernici per il legno","description":"Lakiery do drewna","publisher":{"@id":"https:\/\/www.milesi.com\/pl\/#organization"},"alternateName":"Milesi","potentialAction":[{"@type":"SearchAction","target":{"@type":"EntryPoint","urlTemplate":"https:\/\/www.milesi.com\/pl\/?s={search_term_string}"},"query-input":{"@type":"PropertyValueSpecification","valueRequired":true,"valueName":"search_term_string"}}],"inLanguage":"pl-PL"},{"@type":"Organization","@id":"https:\/\/www.milesi.com\/pl\/#organization","name":"Milesi Vernici","alternateName":"Milesi","url":"https:\/\/www.milesi.com\/pl\/","logo":{"@type":"ImageObject","inLanguage":"pl-PL","@id":"https:\/\/www.milesi.com\/pl\/#\/schema\/logo\/image\/","url":"https:\/\/www.milesi.com\/wp-content\/uploads\/2022\/12\/milesi-web.png","contentUrl":"https:\/\/www.milesi.com\/wp-content\/uploads\/2022\/12\/milesi-web.png","width":100,"height":101,"caption":"Milesi Vernici"},"image":{"@id":"https:\/\/www.milesi.com\/pl\/#\/schema\/logo\/image\/"},"sameAs":["https:\/\/www.facebook.com\/MilesiVernici","https:\/\/www.youtube.com\/channel\/UCgULN6yzPgE9usmMi3CP5hQ","https:\/\/www.instagram.com\/milesiverniciperlegno\/","https:\/\/vimeo.com\/user117001108","https:\/\/www.linkedin.com\/company\/milesiwoodcoatings\/"]}]}},"_links":{"self":[{"href":"https:\/\/www.milesi.com\/pl\/wp-json\/wp\/v2\/product\/10479","targetHints":{"allow":["GET"]}}],"collection":[{"href":"https:\/\/www.milesi.com\/pl\/wp-json\/wp\/v2\/product"}],"about":[{"href":"https:\/\/www.milesi.com\/pl\/wp-json\/wp\/v2\/types\/product"}],"replies":[{"embeddable":true,"href":"https:\/\/www.milesi.com\/pl\/wp-json\/wp\/v2\/comments?post=10479"}],"wp:featuredmedia":[{"embeddable":true,"href":"https:\/\/www.milesi.com\/pl\/wp-json\/wp\/v2\/media\/3281"}],"wp:attachment":[{"href":"https:\/\/www.milesi.com\/pl\/wp-json\/wp\/v2\/media?parent=10479"}],"wp:term":[{"taxonomy":"product_brand","embeddable":true,"href":"https:\/\/www.milesi.com\/pl\/wp-json\/wp\/v2\/product_brand?post=10479"},{"taxonomy":"product_cat","embeddable":true,"href":"https:\/\/www.milesi.com\/pl\/wp-json\/wp\/v2\/product_cat?post=10479"},{"taxonomy":"product_tag","embeddable":true,"href":"https:\/\/www.milesi.com\/pl\/wp-json\/wp\/v2\/product_tag?post=10479"}],"curies":[{"name":"wp","href":"https:\/\/api.w.org\/{rel}","templated":true}]}}