{"id":8040,"date":"2019-11-08T13:28:58","date_gmt":"2019-11-08T12:28:58","guid":{"rendered":"http:\/\/www.milesi.com\/shop\/bez-kategorii\/szron\/"},"modified":"2021-02-24T09:36:49","modified_gmt":"2021-02-24T08:36:49","slug":"szron","status":"publish","type":"product","link":"https:\/\/www.milesi.com\/pl\/produkt\/rozwiazania-do-drewna\/inspiracja\/cuda-natury\/szron\/","title":{"rendered":"Szron"},"content":{"rendered":"","protected":false},"excerpt":{"rendered":"<p style=\"text-align: left;\">Tworz\u0105\u00a0 geometryczne motywy, kt\u00f3re przypominaj\u0105 zamarzni\u0119te ig\u0142y szronu osiadaj\u0105ce na ro\u015blinno\u015bci. Mo\u017cna je wybra\u0107 w odcieniach wyst\u0119puj\u0105cych w naturze lub w nietypowych kolorach.<\/p>\n","protected":false},"featured_media":977,"comment_status":"open","ping_status":"closed","template":"","meta":{"_et_pb_use_builder":"","_et_pb_old_content":"","_et_gb_content_width":""},"product_brand":[],"product_cat":[249,248,247],"product_tag":[790],"class_list":{"0":"post-8040","1":"product","2":"type-product","3":"status-publish","4":"has-post-thumbnail","6":"product_cat-cuda-natury","7":"product_cat-inspiracja","8":"product_cat-rozwiazania-do-drewna","9":"product_tag-milesi-pl","11":"first","12":"instock","13":"shipping-taxable","14":"product-type-simple"},"yoast_head":"<!-- This site is optimized with the Yoast SEO plugin v27.3 - https:\/\/yoast.com\/product\/yoast-seo-wordpress\/ -->\n<title>Szron - Milesi<\/title>\n<meta name=\"robots\" content=\"index, follow, max-snippet:-1, max-image-preview:large, max-video-preview:-1\" \/>\n<link rel=\"canonical\" href=\"https:\/\/www.milesi.com\/pl\/produkt\/rozwiazania-do-drewna\/inspiracja\/cuda-natury\/szron\/\" \/>\n<meta property=\"og:locale\" content=\"pl_PL\" \/>\n<meta property=\"og:type\" content=\"article\" \/>\n<meta property=\"og:title\" content=\"Szron - Milesi\" \/>\n<meta property=\"og:description\" content=\"Tworz\u0105\u00a0 geometryczne motywy, kt\u00f3re przypominaj\u0105 zamarzni\u0119te ig\u0142y szronu osiadaj\u0105ce na ro\u015blinno\u015bci. Mo\u017cna je wybra\u0107 w odcieniach wyst\u0119puj\u0105cych w naturze lub w nietypowych kolorach.\" \/>\n<meta property=\"og:url\" content=\"https:\/\/www.milesi.com\/pl\/produkt\/rozwiazania-do-drewna\/inspiracja\/cuda-natury\/szron\/\" \/>\n<meta property=\"og:site_name\" content=\"Milesi\" \/>\n<meta property=\"article:publisher\" content=\"https:\/\/www.facebook.com\/MilesiVernici\" \/>\n<meta property=\"article:modified_time\" content=\"2021-02-24T08:36:49+00:00\" \/>\n<meta property=\"og:image\" content=\"https:\/\/www.milesi.com\/wp-content\/uploads\/2019\/11\/Cristalli-di-brina_1-1200.jpg\" \/>\n\t<meta property=\"og:image:width\" content=\"1200\" \/>\n\t<meta property=\"og:image:height\" content=\"1200\" \/>\n\t<meta property=\"og:image:type\" content=\"image\/jpeg\" \/>\n<meta name=\"twitter:card\" content=\"summary_large_image\" \/>\n<script type=\"application\/ld+json\" class=\"yoast-schema-graph\">{\"@context\":\"https:\\\/\\\/schema.org\",\"@graph\":[{\"@type\":\"WebPage\",\"@id\":\"https:\\\/\\\/www.milesi.com\\\/pl\\\/produkt\\\/rozwiazania-do-drewna\\\/inspiracja\\\/cuda-natury\\\/szron\\\/\",\"url\":\"https:\\\/\\\/www.milesi.com\\\/pl\\\/produkt\\\/rozwiazania-do-drewna\\\/inspiracja\\\/cuda-natury\\\/szron\\\/\",\"name\":\"Szron - Milesi\",\"isPartOf\":{\"@id\":\"https:\\\/\\\/www.milesi.com\\\/pl\\\/#website\"},\"primaryImageOfPage\":{\"@id\":\"https:\\\/\\\/www.milesi.com\\\/pl\\\/produkt\\\/rozwiazania-do-drewna\\\/inspiracja\\\/cuda-natury\\\/szron\\\/#primaryimage\"},\"image\":{\"@id\":\"https:\\\/\\\/www.milesi.com\\\/pl\\\/produkt\\\/rozwiazania-do-drewna\\\/inspiracja\\\/cuda-natury\\\/szron\\\/#primaryimage\"},\"thumbnailUrl\":\"https:\\\/\\\/www.milesi.com\\\/wp-content\\\/uploads\\\/2019\\\/11\\\/Cristalli-di-brina_1-1200.jpg\",\"datePublished\":\"2019-11-08T12:28:58+00:00\",\"dateModified\":\"2021-02-24T08:36:49+00:00\",\"breadcrumb\":{\"@id\":\"https:\\\/\\\/www.milesi.com\\\/pl\\\/produkt\\\/rozwiazania-do-drewna\\\/inspiracja\\\/cuda-natury\\\/szron\\\/#breadcrumb\"},\"inLanguage\":\"pl-PL\",\"potentialAction\":[{\"@type\":\"ReadAction\",\"target\":[\"https:\\\/\\\/www.milesi.com\\\/pl\\\/produkt\\\/rozwiazania-do-drewna\\\/inspiracja\\\/cuda-natury\\\/szron\\\/\"]}]},{\"@type\":\"ImageObject\",\"inLanguage\":\"pl-PL\",\"@id\":\"https:\\\/\\\/www.milesi.com\\\/pl\\\/produkt\\\/rozwiazania-do-drewna\\\/inspiracja\\\/cuda-natury\\\/szron\\\/#primaryimage\",\"url\":\"https:\\\/\\\/www.milesi.com\\\/wp-content\\\/uploads\\\/2019\\\/11\\\/Cristalli-di-brina_1-1200.jpg\",\"contentUrl\":\"https:\\\/\\\/www.milesi.com\\\/wp-content\\\/uploads\\\/2019\\\/11\\\/Cristalli-di-brina_1-1200.jpg\",\"width\":1200,\"height\":1200,\"caption\":\"Pannellino di legno dipinto con effetto cristalli di brina color oro\"},{\"@type\":\"BreadcrumbList\",\"@id\":\"https:\\\/\\\/www.milesi.com\\\/pl\\\/produkt\\\/rozwiazania-do-drewna\\\/inspiracja\\\/cuda-natury\\\/szron\\\/#breadcrumb\",\"itemListElement\":[{\"@type\":\"ListItem\",\"position\":1,\"name\":\"Milesi - Lakiery do drewna\",\"item\":\"https:\\\/\\\/www.milesi.com\\\/pl\\\/\"},{\"@type\":\"ListItem\",\"position\":2,\"name\":\"Prodotti\",\"item\":\"https:\\\/\\\/www.milesi.com\\\/prodotti\\\/\"},{\"@type\":\"ListItem\",\"position\":3,\"name\":\"Szron\"}]},{\"@type\":\"WebSite\",\"@id\":\"https:\\\/\\\/www.milesi.com\\\/pl\\\/#website\",\"url\":\"https:\\\/\\\/www.milesi.com\\\/pl\\\/\",\"name\":\"Milesi Vernici per il legno\",\"description\":\"Lakiery do drewna\",\"publisher\":{\"@id\":\"https:\\\/\\\/www.milesi.com\\\/pl\\\/#organization\"},\"alternateName\":\"Milesi\",\"potentialAction\":[{\"@type\":\"SearchAction\",\"target\":{\"@type\":\"EntryPoint\",\"urlTemplate\":\"https:\\\/\\\/www.milesi.com\\\/pl\\\/?s={search_term_string}\"},\"query-input\":{\"@type\":\"PropertyValueSpecification\",\"valueRequired\":true,\"valueName\":\"search_term_string\"}}],\"inLanguage\":\"pl-PL\"},{\"@type\":\"Organization\",\"@id\":\"https:\\\/\\\/www.milesi.com\\\/pl\\\/#organization\",\"name\":\"Milesi Vernici\",\"alternateName\":\"Milesi\",\"url\":\"https:\\\/\\\/www.milesi.com\\\/pl\\\/\",\"logo\":{\"@type\":\"ImageObject\",\"inLanguage\":\"pl-PL\",\"@id\":\"https:\\\/\\\/www.milesi.com\\\/pl\\\/#\\\/schema\\\/logo\\\/image\\\/\",\"url\":\"https:\\\/\\\/www.milesi.com\\\/wp-content\\\/uploads\\\/2022\\\/12\\\/milesi-web.png\",\"contentUrl\":\"https:\\\/\\\/www.milesi.com\\\/wp-content\\\/uploads\\\/2022\\\/12\\\/milesi-web.png\",\"width\":100,\"height\":101,\"caption\":\"Milesi Vernici\"},\"image\":{\"@id\":\"https:\\\/\\\/www.milesi.com\\\/pl\\\/#\\\/schema\\\/logo\\\/image\\\/\"},\"sameAs\":[\"https:\\\/\\\/www.facebook.com\\\/MilesiVernici\",\"https:\\\/\\\/www.youtube.com\\\/channel\\\/UCgULN6yzPgE9usmMi3CP5hQ\",\"https:\\\/\\\/www.instagram.com\\\/milesiverniciperlegno\\\/\",\"https:\\\/\\\/vimeo.com\\\/user117001108\",\"https:\\\/\\\/www.linkedin.com\\\/company\\\/milesiwoodcoatings\\\/\"]}]}<\/script>\n<!-- \/ Yoast SEO plugin. -->","yoast_head_json":{"title":"Szron - Milesi","robots":{"index":"index","follow":"follow","max-snippet":"max-snippet:-1","max-image-preview":"max-image-preview:large","max-video-preview":"max-video-preview:-1"},"canonical":"https:\/\/www.milesi.com\/pl\/produkt\/rozwiazania-do-drewna\/inspiracja\/cuda-natury\/szron\/","og_locale":"pl_PL","og_type":"article","og_title":"Szron - Milesi","og_description":"Tworz\u0105\u00a0 geometryczne motywy, kt\u00f3re przypominaj\u0105 zamarzni\u0119te ig\u0142y szronu osiadaj\u0105ce na ro\u015blinno\u015bci. Mo\u017cna je wybra\u0107 w odcieniach wyst\u0119puj\u0105cych w naturze lub w nietypowych kolorach.","og_url":"https:\/\/www.milesi.com\/pl\/produkt\/rozwiazania-do-drewna\/inspiracja\/cuda-natury\/szron\/","og_site_name":"Milesi","article_publisher":"https:\/\/www.facebook.com\/MilesiVernici","article_modified_time":"2021-02-24T08:36:49+00:00","og_image":[{"width":1200,"height":1200,"url":"https:\/\/www.milesi.com\/wp-content\/uploads\/2019\/11\/Cristalli-di-brina_1-1200.jpg","type":"image\/jpeg"}],"twitter_card":"summary_large_image","schema":{"@context":"https:\/\/schema.org","@graph":[{"@type":"WebPage","@id":"https:\/\/www.milesi.com\/pl\/produkt\/rozwiazania-do-drewna\/inspiracja\/cuda-natury\/szron\/","url":"https:\/\/www.milesi.com\/pl\/produkt\/rozwiazania-do-drewna\/inspiracja\/cuda-natury\/szron\/","name":"Szron - Milesi","isPartOf":{"@id":"https:\/\/www.milesi.com\/pl\/#website"},"primaryImageOfPage":{"@id":"https:\/\/www.milesi.com\/pl\/produkt\/rozwiazania-do-drewna\/inspiracja\/cuda-natury\/szron\/#primaryimage"},"image":{"@id":"https:\/\/www.milesi.com\/pl\/produkt\/rozwiazania-do-drewna\/inspiracja\/cuda-natury\/szron\/#primaryimage"},"thumbnailUrl":"https:\/\/www.milesi.com\/wp-content\/uploads\/2019\/11\/Cristalli-di-brina_1-1200.jpg","datePublished":"2019-11-08T12:28:58+00:00","dateModified":"2021-02-24T08:36:49+00:00","breadcrumb":{"@id":"https:\/\/www.milesi.com\/pl\/produkt\/rozwiazania-do-drewna\/inspiracja\/cuda-natury\/szron\/#breadcrumb"},"inLanguage":"pl-PL","potentialAction":[{"@type":"ReadAction","target":["https:\/\/www.milesi.com\/pl\/produkt\/rozwiazania-do-drewna\/inspiracja\/cuda-natury\/szron\/"]}]},{"@type":"ImageObject","inLanguage":"pl-PL","@id":"https:\/\/www.milesi.com\/pl\/produkt\/rozwiazania-do-drewna\/inspiracja\/cuda-natury\/szron\/#primaryimage","url":"https:\/\/www.milesi.com\/wp-content\/uploads\/2019\/11\/Cristalli-di-brina_1-1200.jpg","contentUrl":"https:\/\/www.milesi.com\/wp-content\/uploads\/2019\/11\/Cristalli-di-brina_1-1200.jpg","width":1200,"height":1200,"caption":"Pannellino di legno dipinto con effetto cristalli di brina color oro"},{"@type":"BreadcrumbList","@id":"https:\/\/www.milesi.com\/pl\/produkt\/rozwiazania-do-drewna\/inspiracja\/cuda-natury\/szron\/#breadcrumb","itemListElement":[{"@type":"ListItem","position":1,"name":"Milesi - Lakiery do drewna","item":"https:\/\/www.milesi.com\/pl\/"},{"@type":"ListItem","position":2,"name":"Prodotti","item":"https:\/\/www.milesi.com\/prodotti\/"},{"@type":"ListItem","position":3,"name":"Szron"}]},{"@type":"WebSite","@id":"https:\/\/www.milesi.com\/pl\/#website","url":"https:\/\/www.milesi.com\/pl\/","name":"Milesi Vernici per il legno","description":"Lakiery do drewna","publisher":{"@id":"https:\/\/www.milesi.com\/pl\/#organization"},"alternateName":"Milesi","potentialAction":[{"@type":"SearchAction","target":{"@type":"EntryPoint","urlTemplate":"https:\/\/www.milesi.com\/pl\/?s={search_term_string}"},"query-input":{"@type":"PropertyValueSpecification","valueRequired":true,"valueName":"search_term_string"}}],"inLanguage":"pl-PL"},{"@type":"Organization","@id":"https:\/\/www.milesi.com\/pl\/#organization","name":"Milesi Vernici","alternateName":"Milesi","url":"https:\/\/www.milesi.com\/pl\/","logo":{"@type":"ImageObject","inLanguage":"pl-PL","@id":"https:\/\/www.milesi.com\/pl\/#\/schema\/logo\/image\/","url":"https:\/\/www.milesi.com\/wp-content\/uploads\/2022\/12\/milesi-web.png","contentUrl":"https:\/\/www.milesi.com\/wp-content\/uploads\/2022\/12\/milesi-web.png","width":100,"height":101,"caption":"Milesi Vernici"},"image":{"@id":"https:\/\/www.milesi.com\/pl\/#\/schema\/logo\/image\/"},"sameAs":["https:\/\/www.facebook.com\/MilesiVernici","https:\/\/www.youtube.com\/channel\/UCgULN6yzPgE9usmMi3CP5hQ","https:\/\/www.instagram.com\/milesiverniciperlegno\/","https:\/\/vimeo.com\/user117001108","https:\/\/www.linkedin.com\/company\/milesiwoodcoatings\/"]}]}},"_links":{"self":[{"href":"https:\/\/www.milesi.com\/pl\/wp-json\/wp\/v2\/product\/8040","targetHints":{"allow":["GET"]}}],"collection":[{"href":"https:\/\/www.milesi.com\/pl\/wp-json\/wp\/v2\/product"}],"about":[{"href":"https:\/\/www.milesi.com\/pl\/wp-json\/wp\/v2\/types\/product"}],"replies":[{"embeddable":true,"href":"https:\/\/www.milesi.com\/pl\/wp-json\/wp\/v2\/comments?post=8040"}],"wp:featuredmedia":[{"embeddable":true,"href":"https:\/\/www.milesi.com\/pl\/wp-json\/wp\/v2\/media\/977"}],"wp:attachment":[{"href":"https:\/\/www.milesi.com\/pl\/wp-json\/wp\/v2\/media?parent=8040"}],"wp:term":[{"taxonomy":"product_brand","embeddable":true,"href":"https:\/\/www.milesi.com\/pl\/wp-json\/wp\/v2\/product_brand?post=8040"},{"taxonomy":"product_cat","embeddable":true,"href":"https:\/\/www.milesi.com\/pl\/wp-json\/wp\/v2\/product_cat?post=8040"},{"taxonomy":"product_tag","embeddable":true,"href":"https:\/\/www.milesi.com\/pl\/wp-json\/wp\/v2\/product_tag?post=8040"}],"curies":[{"name":"wp","href":"https:\/\/api.w.org\/{rel}","templated":true}]}}