{"id":8043,"date":"2019-11-08T13:35:02","date_gmt":"2019-11-08T12:35:02","guid":{"rendered":"http:\/\/www.milesi.com\/shop\/bez-kategorii\/srebro\/"},"modified":"2025-04-28T15:57:37","modified_gmt":"2025-04-28T13:57:37","slug":"srebro","status":"publish","type":"product","link":"https:\/\/www.milesi.com\/pl\/produkt\/rozwiazania-do-drewna\/inspiracja\/imitacje-roznych-materialow\/srebro\/","title":{"rendered":"Srebro"},"content":{"rendered":"","protected":false},"excerpt":{"rendered":"<p>Pozwalaj\u0105 wykorzysta\u0107 drewno do stworzenia element\u00f3w, kt\u00f3re wydaj\u0105 si\u0119 by\u0107 wykonane z tego eleganckiego materia\u0142u.<\/p>\n","protected":false},"featured_media":907,"comment_status":"open","ping_status":"closed","template":"","meta":{"_et_pb_use_builder":"","_et_pb_old_content":"","_et_gb_content_width":""},"product_brand":[],"product_cat":[250,248,247],"product_tag":[],"class_list":{"0":"post-8043","1":"product","2":"type-product","3":"status-publish","4":"has-post-thumbnail","6":"product_cat-imitacje-roznych-materialow","7":"product_cat-inspiracja","8":"product_cat-rozwiazania-do-drewna","10":"first","11":"instock","12":"shipping-taxable","13":"product-type-simple"},"yoast_head":"<!-- This site is optimized with the Yoast SEO plugin v27.3 - https:\/\/yoast.com\/product\/yoast-seo-wordpress\/ -->\n<title>Srebrny lakier do drewna \u2013 Milesi<\/title>\n<meta name=\"description\" content=\"Srebrny lakier do drewna zapewnia eleganckie, metaliczne wyko\u0144czenie, idealne do tworzenia wyrafinowanych i stylowych mebli.\" \/>\n<meta name=\"robots\" content=\"index, follow, max-snippet:-1, max-image-preview:large, max-video-preview:-1\" \/>\n<link rel=\"canonical\" href=\"https:\/\/www.milesi.com\/pl\/produkt\/rozwiazania-do-drewna\/inspiracja\/imitacje-roznych-materialow\/srebro\/\" \/>\n<meta property=\"og:locale\" content=\"pl_PL\" \/>\n<meta property=\"og:type\" content=\"article\" \/>\n<meta property=\"og:title\" content=\"Srebrny lakier do drewna \u2013 Milesi\" \/>\n<meta property=\"og:description\" content=\"Srebrny lakier do drewna zapewnia eleganckie, metaliczne wyko\u0144czenie, idealne do tworzenia wyrafinowanych i stylowych mebli.\" \/>\n<meta property=\"og:url\" content=\"https:\/\/www.milesi.com\/pl\/produkt\/rozwiazania-do-drewna\/inspiracja\/imitacje-roznych-materialow\/srebro\/\" \/>\n<meta property=\"og:site_name\" content=\"Milesi\" \/>\n<meta property=\"article:publisher\" content=\"https:\/\/www.facebook.com\/MilesiVernici\" \/>\n<meta property=\"article:modified_time\" content=\"2025-04-28T13:57:37+00:00\" \/>\n<meta property=\"og:image\" content=\"https:\/\/www.milesi.com\/wp-content\/uploads\/2019\/11\/Argento_1-1200.jpg\" \/>\n\t<meta property=\"og:image:width\" content=\"1200\" \/>\n\t<meta property=\"og:image:height\" content=\"1200\" \/>\n\t<meta property=\"og:image:type\" content=\"image\/jpeg\" \/>\n<meta name=\"twitter:card\" content=\"summary_large_image\" \/>\n<script type=\"application\/ld+json\" class=\"yoast-schema-graph\">{\"@context\":\"https:\\\/\\\/schema.org\",\"@graph\":[{\"@type\":\"WebPage\",\"@id\":\"https:\\\/\\\/www.milesi.com\\\/pl\\\/produkt\\\/rozwiazania-do-drewna\\\/inspiracja\\\/imitacje-roznych-materialow\\\/srebro\\\/\",\"url\":\"https:\\\/\\\/www.milesi.com\\\/pl\\\/produkt\\\/rozwiazania-do-drewna\\\/inspiracja\\\/imitacje-roznych-materialow\\\/srebro\\\/\",\"name\":\"Srebrny lakier do drewna \u2013 Milesi\",\"isPartOf\":{\"@id\":\"https:\\\/\\\/www.milesi.com\\\/pl\\\/#website\"},\"primaryImageOfPage\":{\"@id\":\"https:\\\/\\\/www.milesi.com\\\/pl\\\/produkt\\\/rozwiazania-do-drewna\\\/inspiracja\\\/imitacje-roznych-materialow\\\/srebro\\\/#primaryimage\"},\"image\":{\"@id\":\"https:\\\/\\\/www.milesi.com\\\/pl\\\/produkt\\\/rozwiazania-do-drewna\\\/inspiracja\\\/imitacje-roznych-materialow\\\/srebro\\\/#primaryimage\"},\"thumbnailUrl\":\"https:\\\/\\\/www.milesi.com\\\/wp-content\\\/uploads\\\/2019\\\/11\\\/Argento_1-1200.jpg\",\"datePublished\":\"2019-11-08T12:35:02+00:00\",\"dateModified\":\"2025-04-28T13:57:37+00:00\",\"description\":\"Srebrny lakier do drewna zapewnia eleganckie, metaliczne wyko\u0144czenie, idealne do tworzenia wyrafinowanych i stylowych mebli.\",\"breadcrumb\":{\"@id\":\"https:\\\/\\\/www.milesi.com\\\/pl\\\/produkt\\\/rozwiazania-do-drewna\\\/inspiracja\\\/imitacje-roznych-materialow\\\/srebro\\\/#breadcrumb\"},\"inLanguage\":\"pl-PL\",\"potentialAction\":[{\"@type\":\"ReadAction\",\"target\":[\"https:\\\/\\\/www.milesi.com\\\/pl\\\/produkt\\\/rozwiazania-do-drewna\\\/inspiracja\\\/imitacje-roznych-materialow\\\/srebro\\\/\"]}]},{\"@type\":\"ImageObject\",\"inLanguage\":\"pl-PL\",\"@id\":\"https:\\\/\\\/www.milesi.com\\\/pl\\\/produkt\\\/rozwiazania-do-drewna\\\/inspiracja\\\/imitacje-roznych-materialow\\\/srebro\\\/#primaryimage\",\"url\":\"https:\\\/\\\/www.milesi.com\\\/wp-content\\\/uploads\\\/2019\\\/11\\\/Argento_1-1200.jpg\",\"contentUrl\":\"https:\\\/\\\/www.milesi.com\\\/wp-content\\\/uploads\\\/2019\\\/11\\\/Argento_1-1200.jpg\",\"width\":1200,\"height\":1200,\"caption\":\"Pannellino di legno dipinto di Argento\"},{\"@type\":\"BreadcrumbList\",\"@id\":\"https:\\\/\\\/www.milesi.com\\\/pl\\\/produkt\\\/rozwiazania-do-drewna\\\/inspiracja\\\/imitacje-roznych-materialow\\\/srebro\\\/#breadcrumb\",\"itemListElement\":[{\"@type\":\"ListItem\",\"position\":1,\"name\":\"Milesi - Lakiery do drewna\",\"item\":\"https:\\\/\\\/www.milesi.com\\\/pl\\\/\"},{\"@type\":\"ListItem\",\"position\":2,\"name\":\"Prodotti\",\"item\":\"https:\\\/\\\/www.milesi.com\\\/prodotti\\\/\"},{\"@type\":\"ListItem\",\"position\":3,\"name\":\"Srebro\"}]},{\"@type\":\"WebSite\",\"@id\":\"https:\\\/\\\/www.milesi.com\\\/pl\\\/#website\",\"url\":\"https:\\\/\\\/www.milesi.com\\\/pl\\\/\",\"name\":\"Milesi Vernici per il legno\",\"description\":\"Lakiery do drewna\",\"publisher\":{\"@id\":\"https:\\\/\\\/www.milesi.com\\\/pl\\\/#organization\"},\"alternateName\":\"Milesi\",\"potentialAction\":[{\"@type\":\"SearchAction\",\"target\":{\"@type\":\"EntryPoint\",\"urlTemplate\":\"https:\\\/\\\/www.milesi.com\\\/pl\\\/?s={search_term_string}\"},\"query-input\":{\"@type\":\"PropertyValueSpecification\",\"valueRequired\":true,\"valueName\":\"search_term_string\"}}],\"inLanguage\":\"pl-PL\"},{\"@type\":\"Organization\",\"@id\":\"https:\\\/\\\/www.milesi.com\\\/pl\\\/#organization\",\"name\":\"Milesi Vernici\",\"alternateName\":\"Milesi\",\"url\":\"https:\\\/\\\/www.milesi.com\\\/pl\\\/\",\"logo\":{\"@type\":\"ImageObject\",\"inLanguage\":\"pl-PL\",\"@id\":\"https:\\\/\\\/www.milesi.com\\\/pl\\\/#\\\/schema\\\/logo\\\/image\\\/\",\"url\":\"https:\\\/\\\/www.milesi.com\\\/wp-content\\\/uploads\\\/2022\\\/12\\\/milesi-web.png\",\"contentUrl\":\"https:\\\/\\\/www.milesi.com\\\/wp-content\\\/uploads\\\/2022\\\/12\\\/milesi-web.png\",\"width\":100,\"height\":101,\"caption\":\"Milesi Vernici\"},\"image\":{\"@id\":\"https:\\\/\\\/www.milesi.com\\\/pl\\\/#\\\/schema\\\/logo\\\/image\\\/\"},\"sameAs\":[\"https:\\\/\\\/www.facebook.com\\\/MilesiVernici\",\"https:\\\/\\\/www.youtube.com\\\/channel\\\/UCgULN6yzPgE9usmMi3CP5hQ\",\"https:\\\/\\\/www.instagram.com\\\/milesiverniciperlegno\\\/\",\"https:\\\/\\\/vimeo.com\\\/user117001108\",\"https:\\\/\\\/www.linkedin.com\\\/company\\\/milesiwoodcoatings\\\/\"]}]}<\/script>\n<!-- \/ Yoast SEO plugin. -->","yoast_head_json":{"title":"Srebrny lakier do drewna \u2013 Milesi","description":"Srebrny lakier do drewna zapewnia eleganckie, metaliczne wyko\u0144czenie, idealne do tworzenia wyrafinowanych i stylowych mebli.","robots":{"index":"index","follow":"follow","max-snippet":"max-snippet:-1","max-image-preview":"max-image-preview:large","max-video-preview":"max-video-preview:-1"},"canonical":"https:\/\/www.milesi.com\/pl\/produkt\/rozwiazania-do-drewna\/inspiracja\/imitacje-roznych-materialow\/srebro\/","og_locale":"pl_PL","og_type":"article","og_title":"Srebrny lakier do drewna \u2013 Milesi","og_description":"Srebrny lakier do drewna zapewnia eleganckie, metaliczne wyko\u0144czenie, idealne do tworzenia wyrafinowanych i stylowych mebli.","og_url":"https:\/\/www.milesi.com\/pl\/produkt\/rozwiazania-do-drewna\/inspiracja\/imitacje-roznych-materialow\/srebro\/","og_site_name":"Milesi","article_publisher":"https:\/\/www.facebook.com\/MilesiVernici","article_modified_time":"2025-04-28T13:57:37+00:00","og_image":[{"width":1200,"height":1200,"url":"https:\/\/www.milesi.com\/wp-content\/uploads\/2019\/11\/Argento_1-1200.jpg","type":"image\/jpeg"}],"twitter_card":"summary_large_image","schema":{"@context":"https:\/\/schema.org","@graph":[{"@type":"WebPage","@id":"https:\/\/www.milesi.com\/pl\/produkt\/rozwiazania-do-drewna\/inspiracja\/imitacje-roznych-materialow\/srebro\/","url":"https:\/\/www.milesi.com\/pl\/produkt\/rozwiazania-do-drewna\/inspiracja\/imitacje-roznych-materialow\/srebro\/","name":"Srebrny lakier do drewna \u2013 Milesi","isPartOf":{"@id":"https:\/\/www.milesi.com\/pl\/#website"},"primaryImageOfPage":{"@id":"https:\/\/www.milesi.com\/pl\/produkt\/rozwiazania-do-drewna\/inspiracja\/imitacje-roznych-materialow\/srebro\/#primaryimage"},"image":{"@id":"https:\/\/www.milesi.com\/pl\/produkt\/rozwiazania-do-drewna\/inspiracja\/imitacje-roznych-materialow\/srebro\/#primaryimage"},"thumbnailUrl":"https:\/\/www.milesi.com\/wp-content\/uploads\/2019\/11\/Argento_1-1200.jpg","datePublished":"2019-11-08T12:35:02+00:00","dateModified":"2025-04-28T13:57:37+00:00","description":"Srebrny lakier do drewna zapewnia eleganckie, metaliczne wyko\u0144czenie, idealne do tworzenia wyrafinowanych i stylowych mebli.","breadcrumb":{"@id":"https:\/\/www.milesi.com\/pl\/produkt\/rozwiazania-do-drewna\/inspiracja\/imitacje-roznych-materialow\/srebro\/#breadcrumb"},"inLanguage":"pl-PL","potentialAction":[{"@type":"ReadAction","target":["https:\/\/www.milesi.com\/pl\/produkt\/rozwiazania-do-drewna\/inspiracja\/imitacje-roznych-materialow\/srebro\/"]}]},{"@type":"ImageObject","inLanguage":"pl-PL","@id":"https:\/\/www.milesi.com\/pl\/produkt\/rozwiazania-do-drewna\/inspiracja\/imitacje-roznych-materialow\/srebro\/#primaryimage","url":"https:\/\/www.milesi.com\/wp-content\/uploads\/2019\/11\/Argento_1-1200.jpg","contentUrl":"https:\/\/www.milesi.com\/wp-content\/uploads\/2019\/11\/Argento_1-1200.jpg","width":1200,"height":1200,"caption":"Pannellino di legno dipinto di Argento"},{"@type":"BreadcrumbList","@id":"https:\/\/www.milesi.com\/pl\/produkt\/rozwiazania-do-drewna\/inspiracja\/imitacje-roznych-materialow\/srebro\/#breadcrumb","itemListElement":[{"@type":"ListItem","position":1,"name":"Milesi - Lakiery do drewna","item":"https:\/\/www.milesi.com\/pl\/"},{"@type":"ListItem","position":2,"name":"Prodotti","item":"https:\/\/www.milesi.com\/prodotti\/"},{"@type":"ListItem","position":3,"name":"Srebro"}]},{"@type":"WebSite","@id":"https:\/\/www.milesi.com\/pl\/#website","url":"https:\/\/www.milesi.com\/pl\/","name":"Milesi Vernici per il legno","description":"Lakiery do drewna","publisher":{"@id":"https:\/\/www.milesi.com\/pl\/#organization"},"alternateName":"Milesi","potentialAction":[{"@type":"SearchAction","target":{"@type":"EntryPoint","urlTemplate":"https:\/\/www.milesi.com\/pl\/?s={search_term_string}"},"query-input":{"@type":"PropertyValueSpecification","valueRequired":true,"valueName":"search_term_string"}}],"inLanguage":"pl-PL"},{"@type":"Organization","@id":"https:\/\/www.milesi.com\/pl\/#organization","name":"Milesi Vernici","alternateName":"Milesi","url":"https:\/\/www.milesi.com\/pl\/","logo":{"@type":"ImageObject","inLanguage":"pl-PL","@id":"https:\/\/www.milesi.com\/pl\/#\/schema\/logo\/image\/","url":"https:\/\/www.milesi.com\/wp-content\/uploads\/2022\/12\/milesi-web.png","contentUrl":"https:\/\/www.milesi.com\/wp-content\/uploads\/2022\/12\/milesi-web.png","width":100,"height":101,"caption":"Milesi Vernici"},"image":{"@id":"https:\/\/www.milesi.com\/pl\/#\/schema\/logo\/image\/"},"sameAs":["https:\/\/www.facebook.com\/MilesiVernici","https:\/\/www.youtube.com\/channel\/UCgULN6yzPgE9usmMi3CP5hQ","https:\/\/www.instagram.com\/milesiverniciperlegno\/","https:\/\/vimeo.com\/user117001108","https:\/\/www.linkedin.com\/company\/milesiwoodcoatings\/"]}]}},"_links":{"self":[{"href":"https:\/\/www.milesi.com\/pl\/wp-json\/wp\/v2\/product\/8043","targetHints":{"allow":["GET"]}}],"collection":[{"href":"https:\/\/www.milesi.com\/pl\/wp-json\/wp\/v2\/product"}],"about":[{"href":"https:\/\/www.milesi.com\/pl\/wp-json\/wp\/v2\/types\/product"}],"replies":[{"embeddable":true,"href":"https:\/\/www.milesi.com\/pl\/wp-json\/wp\/v2\/comments?post=8043"}],"wp:featuredmedia":[{"embeddable":true,"href":"https:\/\/www.milesi.com\/pl\/wp-json\/wp\/v2\/media\/907"}],"wp:attachment":[{"href":"https:\/\/www.milesi.com\/pl\/wp-json\/wp\/v2\/media?parent=8043"}],"wp:term":[{"taxonomy":"product_brand","embeddable":true,"href":"https:\/\/www.milesi.com\/pl\/wp-json\/wp\/v2\/product_brand?post=8043"},{"taxonomy":"product_cat","embeddable":true,"href":"https:\/\/www.milesi.com\/pl\/wp-json\/wp\/v2\/product_cat?post=8043"},{"taxonomy":"product_tag","embeddable":true,"href":"https:\/\/www.milesi.com\/pl\/wp-json\/wp\/v2\/product_tag?post=8043"}],"curies":[{"name":"wp","href":"https:\/\/api.w.org\/{rel}","templated":true}]}}