{"id":8101,"date":"2019-08-01T17:41:33","date_gmt":"2019-08-01T15:41:33","guid":{"rendered":"http:\/\/www.milesi.com\/shop\/bez-kategorii\/lakiery-uv-super-odporne-na-zarysowania-w-technologii-excimer-uv\/"},"modified":"2020-12-15T18:16:33","modified_gmt":"2020-12-15T17:16:33","slug":"lakiery-uv-w-excimer","status":"publish","type":"product","link":"https:\/\/www.milesi.com\/pl\/produkt\/rozwiazania-do-drewna\/highlights\/lakiery-uv-w-excimer\/","title":{"rendered":"Lakiery UV w Excimer"},"content":{"rendered":"","protected":false},"excerpt":{"rendered":"<p style=\"text-align: left;\">Innowacyjne lakiery UV przeznaczone do system\u00f3w excimer \u0142\u0105cz\u0105 wyj\u0105tkowe w\u0142a\u015bciwo\u015bci w jednym produkcie.\u00a0Zapewniaj\u0105 istotn\u0105 odporno\u015b\u0107 chemiczno-fizyczn\u0105 i doskona\u0142e w\u0142a\u015bciwo\u015bci estetyczne.<\/p>\n<p>&nbsp;<\/p>\n<ul style=\"text-align: left;\">\n<li style=\"list-style-type: none;\">\n<ul>\n<li><span style=\"text-decoration: underline;\">Odporno\u015b\u0107 na zarysowania<\/span>: zbadana metod\u0105 UNI EN 15186 (Metoda B): 1,5 Newton (N)<\/li>\n<li><span style=\"text-decoration: underline;\">Odporno\u015b\u0107 na \u015bcieranie<\/span>: zbadana metod\u0105 Martindale \u2013 metoda w\u0142asna, Delta gloss 0,2<\/li>\n<li><span style=\"text-decoration: underline;\">Metal marking i Odporno\u015b\u0107 na wyb\u0142yszczanie pow\u0142oki matowej<\/span>: gwarantuj\u0105 pi\u0119kno i g\u0142\u0119boko\u015b\u0107 matowo\u015bci pow\u0142oki poddawanej naciskowi<\/li>\n<li><span style=\"text-decoration: underline;\">Przyczepno\u015b\u0107<\/span>: badana siatk\u0105 naci\u0119\u0107 wed\u0142ug normy ISO 2409 \u2013 wynik: klasa 0 (maksymalna przyczepno\u015b\u0107)<\/li>\n<li><span style=\"text-decoration: underline;\">Odporno\u015b\u0107 na zimne p\u0142yny<\/span>: badana metod\u0105 UNI EN 12720 \u2013 wynik: klasa B<\/li>\n<li><span style=\"text-decoration: underline;\">Odporno\u015b\u0107 na dzia\u0142anie \u015bwiat\u0142a<\/span>: testowana wed\u0142ug UNI EN 15187 \u2013 wynik\u00a0 4\/5 w skali szaro\u015bci<\/li>\n<\/ul>\n<\/li>\n<\/ul>\n<p>&nbsp;<\/p>\n<p style=\"text-align: left;\">Lakiery UV przeznaczone do system\u00f3w excimer dost\u0119pne s\u0105 w wersji bezbarwnej i pigmentowanej, we wszystkich oczekiwanych kolorach<\/p>\n<ul>\n<li style=\"text-align: left;\">matowo\u015b\u0107 bliska zeru gloss<\/li>\n<li style=\"text-align: left;\">nie zachowuj\u0105 \u015blad\u00f3w odcisk\u00f3w palc\u00f3w<\/li>\n<li style=\"text-align: left;\">posiadaj\u0105 delikatno\u015b\u0107 w dotyku efektu Soft-Touch<\/li>\n<\/ul>\n","protected":false},"featured_media":11542,"comment_status":"open","ping_status":"closed","template":"","meta":{"_et_pb_use_builder":"","_et_pb_old_content":"","_et_gb_content_width":""},"product_brand":[],"product_cat":[255,247],"product_tag":[628,319,640,348,317,318,639],"class_list":{"0":"post-8101","1":"product","2":"type-product","3":"status-publish","4":"has-post-thumbnail","6":"product_cat-highlights","7":"product_cat-rozwiazania-do-drewna","8":"product_tag-ciemny-orzech","9":"product_tag-drewna","10":"product_tag-excimer-pl","11":"product_tag-lakierowane","12":"product_tag-lakiery-pl","13":"product_tag-plyta","14":"product_tag-uv-pl","16":"first","17":"instock","18":"shipping-taxable","19":"product-type-simple"},"yoast_head":"<!-- This site is optimized with the Yoast SEO plugin v27.3 - https:\/\/yoast.com\/product\/yoast-seo-wordpress\/ -->\n<title>Lakiery UV w Excimer - Milesi<\/title>\n<meta name=\"robots\" content=\"index, follow, max-snippet:-1, max-image-preview:large, max-video-preview:-1\" \/>\n<link rel=\"canonical\" href=\"https:\/\/www.milesi.com\/pl\/produkt\/rozwiazania-do-drewna\/highlights\/lakiery-uv-w-excimer\/\" \/>\n<meta property=\"og:locale\" content=\"pl_PL\" \/>\n<meta property=\"og:type\" content=\"article\" \/>\n<meta property=\"og:title\" content=\"Lakiery UV w Excimer - Milesi\" \/>\n<meta property=\"og:description\" content=\"Innowacyjne lakiery UV przeznaczone do system\u00f3w excimer \u0142\u0105cz\u0105 wyj\u0105tkowe w\u0142a\u015bciwo\u015bci w jednym produkcie.\u00a0Zapewniaj\u0105 istotn\u0105 odporno\u015b\u0107 chemiczno-fizyczn\u0105 i doskona\u0142e w\u0142a\u015bciwo\u015bci estetyczne. &nbsp;      Odporno\u015b\u0107 na zarysowania: zbadana metod\u0105 UNI EN 15186 (Metoda B): 1,5 Newton (N)  Odporno\u015b\u0107 na \u015bcieranie: zbadana metod\u0105 Martindale \u2013 metoda w\u0142asna, Delta gloss 0,2  Metal marking i Odporno\u015b\u0107 na wyb\u0142yszczanie pow\u0142oki matowej: gwarantuj\u0105 pi\u0119kno i g\u0142\u0119boko\u015b\u0107 matowo\u015bci pow\u0142oki poddawanej naciskowi  Przyczepno\u015b\u0107: badana siatk\u0105 naci\u0119\u0107 wed\u0142ug normy ISO 2409 \u2013 wynik: klasa 0 (maksymalna przyczepno\u015b\u0107)  Odporno\u015b\u0107 na zimne p\u0142yny: badana metod\u0105 UNI EN 12720 \u2013 wynik: klasa B  Odporno\u015b\u0107 na dzia\u0142anie \u015bwiat\u0142a: testowana wed\u0142ug UNI EN 15187 \u2013 wynik\u00a0 4\/5 w skali szaro\u015bci    &nbsp; Lakiery UV przeznaczone do system\u00f3w excimer dost\u0119pne s\u0105 w wersji bezbarwnej i pigmentowanej, we wszystkich oczekiwanych kolorach    matowo\u015b\u0107 bliska zeru gloss  nie zachowuj\u0105 \u015blad\u00f3w odcisk\u00f3w palc\u00f3w  posiadaj\u0105 delikatno\u015b\u0107 w dotyku efektu Soft-Touch\" \/>\n<meta property=\"og:url\" content=\"https:\/\/www.milesi.com\/pl\/produkt\/rozwiazania-do-drewna\/highlights\/lakiery-uv-w-excimer\/\" \/>\n<meta property=\"og:site_name\" content=\"Milesi\" \/>\n<meta property=\"article:publisher\" content=\"https:\/\/www.facebook.com\/MilesiVernici\" \/>\n<meta property=\"article:modified_time\" content=\"2020-12-15T17:16:33+00:00\" \/>\n<meta property=\"og:image\" content=\"https:\/\/www.milesi.com\/wp-content\/uploads\/2019\/11\/UV-eccimeri-1.jpg\" \/>\n\t<meta property=\"og:image:width\" content=\"1200\" \/>\n\t<meta property=\"og:image:height\" content=\"1185\" \/>\n\t<meta property=\"og:image:type\" content=\"image\/jpeg\" \/>\n<meta name=\"twitter:card\" content=\"summary_large_image\" \/>\n<script type=\"application\/ld+json\" class=\"yoast-schema-graph\">{\"@context\":\"https:\\\/\\\/schema.org\",\"@graph\":[{\"@type\":\"WebPage\",\"@id\":\"https:\\\/\\\/www.milesi.com\\\/pl\\\/produkt\\\/rozwiazania-do-drewna\\\/highlights\\\/lakiery-uv-w-excimer\\\/\",\"url\":\"https:\\\/\\\/www.milesi.com\\\/pl\\\/produkt\\\/rozwiazania-do-drewna\\\/highlights\\\/lakiery-uv-w-excimer\\\/\",\"name\":\"Lakiery UV w Excimer - Milesi\",\"isPartOf\":{\"@id\":\"https:\\\/\\\/www.milesi.com\\\/pl\\\/#website\"},\"primaryImageOfPage\":{\"@id\":\"https:\\\/\\\/www.milesi.com\\\/pl\\\/produkt\\\/rozwiazania-do-drewna\\\/highlights\\\/lakiery-uv-w-excimer\\\/#primaryimage\"},\"image\":{\"@id\":\"https:\\\/\\\/www.milesi.com\\\/pl\\\/produkt\\\/rozwiazania-do-drewna\\\/highlights\\\/lakiery-uv-w-excimer\\\/#primaryimage\"},\"thumbnailUrl\":\"https:\\\/\\\/www.milesi.com\\\/wp-content\\\/uploads\\\/2019\\\/11\\\/UV-eccimeri-1.jpg\",\"datePublished\":\"2019-08-01T15:41:33+00:00\",\"dateModified\":\"2020-12-15T17:16:33+00:00\",\"breadcrumb\":{\"@id\":\"https:\\\/\\\/www.milesi.com\\\/pl\\\/produkt\\\/rozwiazania-do-drewna\\\/highlights\\\/lakiery-uv-w-excimer\\\/#breadcrumb\"},\"inLanguage\":\"pl-PL\",\"potentialAction\":[{\"@type\":\"ReadAction\",\"target\":[\"https:\\\/\\\/www.milesi.com\\\/pl\\\/produkt\\\/rozwiazania-do-drewna\\\/highlights\\\/lakiery-uv-w-excimer\\\/\"]}]},{\"@type\":\"ImageObject\",\"inLanguage\":\"pl-PL\",\"@id\":\"https:\\\/\\\/www.milesi.com\\\/pl\\\/produkt\\\/rozwiazania-do-drewna\\\/highlights\\\/lakiery-uv-w-excimer\\\/#primaryimage\",\"url\":\"https:\\\/\\\/www.milesi.com\\\/wp-content\\\/uploads\\\/2019\\\/11\\\/UV-eccimeri-1.jpg\",\"contentUrl\":\"https:\\\/\\\/www.milesi.com\\\/wp-content\\\/uploads\\\/2019\\\/11\\\/UV-eccimeri-1.jpg\",\"width\":1200,\"height\":1185,\"caption\":\"UV-Eccimeri per rendere il legno piu\u0300 resistente\"},{\"@type\":\"BreadcrumbList\",\"@id\":\"https:\\\/\\\/www.milesi.com\\\/pl\\\/produkt\\\/rozwiazania-do-drewna\\\/highlights\\\/lakiery-uv-w-excimer\\\/#breadcrumb\",\"itemListElement\":[{\"@type\":\"ListItem\",\"position\":1,\"name\":\"Milesi - Lakiery do drewna\",\"item\":\"https:\\\/\\\/www.milesi.com\\\/pl\\\/\"},{\"@type\":\"ListItem\",\"position\":2,\"name\":\"Prodotti\",\"item\":\"https:\\\/\\\/www.milesi.com\\\/prodotti\\\/\"},{\"@type\":\"ListItem\",\"position\":3,\"name\":\"Lakiery UV w Excimer\"}]},{\"@type\":\"WebSite\",\"@id\":\"https:\\\/\\\/www.milesi.com\\\/pl\\\/#website\",\"url\":\"https:\\\/\\\/www.milesi.com\\\/pl\\\/\",\"name\":\"Milesi Vernici per il legno\",\"description\":\"Lakiery do drewna\",\"publisher\":{\"@id\":\"https:\\\/\\\/www.milesi.com\\\/pl\\\/#organization\"},\"alternateName\":\"Milesi\",\"potentialAction\":[{\"@type\":\"SearchAction\",\"target\":{\"@type\":\"EntryPoint\",\"urlTemplate\":\"https:\\\/\\\/www.milesi.com\\\/pl\\\/?s={search_term_string}\"},\"query-input\":{\"@type\":\"PropertyValueSpecification\",\"valueRequired\":true,\"valueName\":\"search_term_string\"}}],\"inLanguage\":\"pl-PL\"},{\"@type\":\"Organization\",\"@id\":\"https:\\\/\\\/www.milesi.com\\\/pl\\\/#organization\",\"name\":\"Milesi Vernici\",\"alternateName\":\"Milesi\",\"url\":\"https:\\\/\\\/www.milesi.com\\\/pl\\\/\",\"logo\":{\"@type\":\"ImageObject\",\"inLanguage\":\"pl-PL\",\"@id\":\"https:\\\/\\\/www.milesi.com\\\/pl\\\/#\\\/schema\\\/logo\\\/image\\\/\",\"url\":\"https:\\\/\\\/www.milesi.com\\\/wp-content\\\/uploads\\\/2022\\\/12\\\/milesi-web.png\",\"contentUrl\":\"https:\\\/\\\/www.milesi.com\\\/wp-content\\\/uploads\\\/2022\\\/12\\\/milesi-web.png\",\"width\":100,\"height\":101,\"caption\":\"Milesi Vernici\"},\"image\":{\"@id\":\"https:\\\/\\\/www.milesi.com\\\/pl\\\/#\\\/schema\\\/logo\\\/image\\\/\"},\"sameAs\":[\"https:\\\/\\\/www.facebook.com\\\/MilesiVernici\",\"https:\\\/\\\/www.youtube.com\\\/channel\\\/UCgULN6yzPgE9usmMi3CP5hQ\",\"https:\\\/\\\/www.instagram.com\\\/milesiverniciperlegno\\\/\",\"https:\\\/\\\/vimeo.com\\\/user117001108\",\"https:\\\/\\\/www.linkedin.com\\\/company\\\/milesiwoodcoatings\\\/\"]}]}<\/script>\n<!-- \/ Yoast SEO plugin. -->","yoast_head_json":{"title":"Lakiery UV w Excimer - Milesi","robots":{"index":"index","follow":"follow","max-snippet":"max-snippet:-1","max-image-preview":"max-image-preview:large","max-video-preview":"max-video-preview:-1"},"canonical":"https:\/\/www.milesi.com\/pl\/produkt\/rozwiazania-do-drewna\/highlights\/lakiery-uv-w-excimer\/","og_locale":"pl_PL","og_type":"article","og_title":"Lakiery UV w Excimer - Milesi","og_description":"Innowacyjne lakiery UV przeznaczone do system\u00f3w excimer \u0142\u0105cz\u0105 wyj\u0105tkowe w\u0142a\u015bciwo\u015bci w jednym produkcie.\u00a0Zapewniaj\u0105 istotn\u0105 odporno\u015b\u0107 chemiczno-fizyczn\u0105 i doskona\u0142e w\u0142a\u015bciwo\u015bci estetyczne. &nbsp;      Odporno\u015b\u0107 na zarysowania: zbadana metod\u0105 UNI EN 15186 (Metoda B): 1,5 Newton (N)  Odporno\u015b\u0107 na \u015bcieranie: zbadana metod\u0105 Martindale \u2013 metoda w\u0142asna, Delta gloss 0,2  Metal marking i Odporno\u015b\u0107 na wyb\u0142yszczanie pow\u0142oki matowej: gwarantuj\u0105 pi\u0119kno i g\u0142\u0119boko\u015b\u0107 matowo\u015bci pow\u0142oki poddawanej naciskowi  Przyczepno\u015b\u0107: badana siatk\u0105 naci\u0119\u0107 wed\u0142ug normy ISO 2409 \u2013 wynik: klasa 0 (maksymalna przyczepno\u015b\u0107)  Odporno\u015b\u0107 na zimne p\u0142yny: badana metod\u0105 UNI EN 12720 \u2013 wynik: klasa B  Odporno\u015b\u0107 na dzia\u0142anie \u015bwiat\u0142a: testowana wed\u0142ug UNI EN 15187 \u2013 wynik\u00a0 4\/5 w skali szaro\u015bci    &nbsp; Lakiery UV przeznaczone do system\u00f3w excimer dost\u0119pne s\u0105 w wersji bezbarwnej i pigmentowanej, we wszystkich oczekiwanych kolorach    matowo\u015b\u0107 bliska zeru gloss  nie zachowuj\u0105 \u015blad\u00f3w odcisk\u00f3w palc\u00f3w  posiadaj\u0105 delikatno\u015b\u0107 w dotyku efektu Soft-Touch","og_url":"https:\/\/www.milesi.com\/pl\/produkt\/rozwiazania-do-drewna\/highlights\/lakiery-uv-w-excimer\/","og_site_name":"Milesi","article_publisher":"https:\/\/www.facebook.com\/MilesiVernici","article_modified_time":"2020-12-15T17:16:33+00:00","og_image":[{"width":1200,"height":1185,"url":"https:\/\/www.milesi.com\/wp-content\/uploads\/2019\/11\/UV-eccimeri-1.jpg","type":"image\/jpeg"}],"twitter_card":"summary_large_image","schema":{"@context":"https:\/\/schema.org","@graph":[{"@type":"WebPage","@id":"https:\/\/www.milesi.com\/pl\/produkt\/rozwiazania-do-drewna\/highlights\/lakiery-uv-w-excimer\/","url":"https:\/\/www.milesi.com\/pl\/produkt\/rozwiazania-do-drewna\/highlights\/lakiery-uv-w-excimer\/","name":"Lakiery UV w Excimer - Milesi","isPartOf":{"@id":"https:\/\/www.milesi.com\/pl\/#website"},"primaryImageOfPage":{"@id":"https:\/\/www.milesi.com\/pl\/produkt\/rozwiazania-do-drewna\/highlights\/lakiery-uv-w-excimer\/#primaryimage"},"image":{"@id":"https:\/\/www.milesi.com\/pl\/produkt\/rozwiazania-do-drewna\/highlights\/lakiery-uv-w-excimer\/#primaryimage"},"thumbnailUrl":"https:\/\/www.milesi.com\/wp-content\/uploads\/2019\/11\/UV-eccimeri-1.jpg","datePublished":"2019-08-01T15:41:33+00:00","dateModified":"2020-12-15T17:16:33+00:00","breadcrumb":{"@id":"https:\/\/www.milesi.com\/pl\/produkt\/rozwiazania-do-drewna\/highlights\/lakiery-uv-w-excimer\/#breadcrumb"},"inLanguage":"pl-PL","potentialAction":[{"@type":"ReadAction","target":["https:\/\/www.milesi.com\/pl\/produkt\/rozwiazania-do-drewna\/highlights\/lakiery-uv-w-excimer\/"]}]},{"@type":"ImageObject","inLanguage":"pl-PL","@id":"https:\/\/www.milesi.com\/pl\/produkt\/rozwiazania-do-drewna\/highlights\/lakiery-uv-w-excimer\/#primaryimage","url":"https:\/\/www.milesi.com\/wp-content\/uploads\/2019\/11\/UV-eccimeri-1.jpg","contentUrl":"https:\/\/www.milesi.com\/wp-content\/uploads\/2019\/11\/UV-eccimeri-1.jpg","width":1200,"height":1185,"caption":"UV-Eccimeri per rendere il legno piu\u0300 resistente"},{"@type":"BreadcrumbList","@id":"https:\/\/www.milesi.com\/pl\/produkt\/rozwiazania-do-drewna\/highlights\/lakiery-uv-w-excimer\/#breadcrumb","itemListElement":[{"@type":"ListItem","position":1,"name":"Milesi - Lakiery do drewna","item":"https:\/\/www.milesi.com\/pl\/"},{"@type":"ListItem","position":2,"name":"Prodotti","item":"https:\/\/www.milesi.com\/prodotti\/"},{"@type":"ListItem","position":3,"name":"Lakiery UV w Excimer"}]},{"@type":"WebSite","@id":"https:\/\/www.milesi.com\/pl\/#website","url":"https:\/\/www.milesi.com\/pl\/","name":"Milesi Vernici per il legno","description":"Lakiery do drewna","publisher":{"@id":"https:\/\/www.milesi.com\/pl\/#organization"},"alternateName":"Milesi","potentialAction":[{"@type":"SearchAction","target":{"@type":"EntryPoint","urlTemplate":"https:\/\/www.milesi.com\/pl\/?s={search_term_string}"},"query-input":{"@type":"PropertyValueSpecification","valueRequired":true,"valueName":"search_term_string"}}],"inLanguage":"pl-PL"},{"@type":"Organization","@id":"https:\/\/www.milesi.com\/pl\/#organization","name":"Milesi Vernici","alternateName":"Milesi","url":"https:\/\/www.milesi.com\/pl\/","logo":{"@type":"ImageObject","inLanguage":"pl-PL","@id":"https:\/\/www.milesi.com\/pl\/#\/schema\/logo\/image\/","url":"https:\/\/www.milesi.com\/wp-content\/uploads\/2022\/12\/milesi-web.png","contentUrl":"https:\/\/www.milesi.com\/wp-content\/uploads\/2022\/12\/milesi-web.png","width":100,"height":101,"caption":"Milesi Vernici"},"image":{"@id":"https:\/\/www.milesi.com\/pl\/#\/schema\/logo\/image\/"},"sameAs":["https:\/\/www.facebook.com\/MilesiVernici","https:\/\/www.youtube.com\/channel\/UCgULN6yzPgE9usmMi3CP5hQ","https:\/\/www.instagram.com\/milesiverniciperlegno\/","https:\/\/vimeo.com\/user117001108","https:\/\/www.linkedin.com\/company\/milesiwoodcoatings\/"]}]}},"_links":{"self":[{"href":"https:\/\/www.milesi.com\/pl\/wp-json\/wp\/v2\/product\/8101","targetHints":{"allow":["GET"]}}],"collection":[{"href":"https:\/\/www.milesi.com\/pl\/wp-json\/wp\/v2\/product"}],"about":[{"href":"https:\/\/www.milesi.com\/pl\/wp-json\/wp\/v2\/types\/product"}],"replies":[{"embeddable":true,"href":"https:\/\/www.milesi.com\/pl\/wp-json\/wp\/v2\/comments?post=8101"}],"wp:featuredmedia":[{"embeddable":true,"href":"https:\/\/www.milesi.com\/pl\/wp-json\/wp\/v2\/media\/11542"}],"wp:attachment":[{"href":"https:\/\/www.milesi.com\/pl\/wp-json\/wp\/v2\/media?parent=8101"}],"wp:term":[{"taxonomy":"product_brand","embeddable":true,"href":"https:\/\/www.milesi.com\/pl\/wp-json\/wp\/v2\/product_brand?post=8101"},{"taxonomy":"product_cat","embeddable":true,"href":"https:\/\/www.milesi.com\/pl\/wp-json\/wp\/v2\/product_cat?post=8101"},{"taxonomy":"product_tag","embeddable":true,"href":"https:\/\/www.milesi.com\/pl\/wp-json\/wp\/v2\/product_tag?post=8101"}],"curies":[{"name":"wp","href":"https:\/\/api.w.org\/{rel}","templated":true}]}}