{"id":8236,"date":"2019-11-11T15:59:38","date_gmt":"2019-11-11T14:59:38","guid":{"rendered":"http:\/\/www.milesi.com\/shop\/bez-kategorii\/produkty-certyfikowane-zgodnie-z-dyrektywa-imo-wyposazenie-statkow\/"},"modified":"2023-09-04T16:26:46","modified_gmt":"2023-09-04T14:26:46","slug":"produkty-certyfikowane-zgodnie-z-dyrektywa-imo-wyposazenie-statkow","status":"publish","type":"product","link":"https:\/\/www.milesi.com\/pl\/produkt\/rozwiazania-do-drewna\/odpornosc-na-dzialanie-ognia\/produkty-certyfikowane-zgodnie-z-dyrektywa-imo-wyposazenie-statkow\/","title":{"rendered":"Produkty certyfikowane zgodnie z Dyrektyw\u0105 IMO Wyposa\u017cenie Statk\u00f3w"},"content":{"rendered":"","protected":false},"excerpt":{"rendered":"<p>Produkty zgodne z dyrektyw\u0105 IMO\/MED dla sektora okr\u0119towego, kt\u00f3ry wymaga stosowania lakier\u00f3w ognioodpornych do element\u00f3w wyposa\u017cenia wn\u0119trz w zgodzie normatyw\u0105 gwarantuj\u0105c\u0105 bezpiecze\u0144stwo morskie.<\/p>\n<p><strong>Download:<\/strong><br \/>\n<a href=\"https:\/\/www.milesi.com\/wp-content\/uploads\/2023\/09\/CERT-LUA43x-SerieGloss_EN_IMO.pdf\" target=\"_blank\" rel=\"noopener\">CERT-LUA43x-SerieGloss<\/a><\/p>\n","protected":false},"featured_media":11494,"comment_status":"open","ping_status":"closed","template":"","meta":{"_et_pb_use_builder":"","_et_pb_old_content":"","_et_gb_content_width":""},"product_brand":[],"product_cat":[259,247],"product_tag":[319,650,348,313,643,318,573],"class_list":{"0":"post-8236","1":"product","2":"type-product","3":"status-publish","4":"has-post-thumbnail","6":"product_cat-odpornosc-na-dzialanie-ognia","7":"product_cat-rozwiazania-do-drewna","8":"product_tag-drewna","9":"product_tag-imo-pl","10":"product_tag-lakierowane","11":"product_tag-lakiery","12":"product_tag-ognioodporne","13":"product_tag-plyta","14":"product_tag-wisniowe-drzewo","16":"first","17":"instock","18":"shipping-taxable","19":"product-type-simple"},"yoast_head":"<!-- This site is optimized with the Yoast SEO plugin v27.3 - https:\/\/yoast.com\/product\/yoast-seo-wordpress\/ -->\n<title>Produkty certyfikowane zgodnie z Dyrektyw\u0105 IMO Wyposa\u017cenie Statk\u00f3w - Milesi<\/title>\n<meta name=\"robots\" content=\"index, follow, max-snippet:-1, max-image-preview:large, max-video-preview:-1\" \/>\n<link rel=\"canonical\" href=\"https:\/\/www.milesi.com\/pl\/produkt\/rozwiazania-do-drewna\/odpornosc-na-dzialanie-ognia\/produkty-certyfikowane-zgodnie-z-dyrektywa-imo-wyposazenie-statkow\/\" \/>\n<meta property=\"og:locale\" content=\"pl_PL\" \/>\n<meta property=\"og:type\" content=\"article\" \/>\n<meta property=\"og:title\" content=\"Produkty certyfikowane zgodnie z Dyrektyw\u0105 IMO Wyposa\u017cenie Statk\u00f3w - Milesi\" \/>\n<meta property=\"og:description\" content=\"Produkty zgodne z dyrektyw\u0105 IMO\/MED dla sektora okr\u0119towego, kt\u00f3ry wymaga stosowania lakier\u00f3w ognioodpornych do element\u00f3w wyposa\u017cenia wn\u0119trz w zgodzie normatyw\u0105 gwarantuj\u0105c\u0105 bezpiecze\u0144stwo morskie.  Download: CERT-LUA43x-SerieGloss\" \/>\n<meta property=\"og:url\" content=\"https:\/\/www.milesi.com\/pl\/produkt\/rozwiazania-do-drewna\/odpornosc-na-dzialanie-ognia\/produkty-certyfikowane-zgodnie-z-dyrektywa-imo-wyposazenie-statkow\/\" \/>\n<meta property=\"og:site_name\" content=\"Milesi\" \/>\n<meta property=\"article:publisher\" content=\"https:\/\/www.facebook.com\/MilesiVernici\" \/>\n<meta property=\"article:modified_time\" content=\"2023-09-04T14:26:46+00:00\" \/>\n<meta property=\"og:image\" content=\"https:\/\/www.milesi.com\/wp-content\/uploads\/2019\/11\/IMO-1.jpg\" \/>\n\t<meta property=\"og:image:width\" content=\"1200\" \/>\n\t<meta property=\"og:image:height\" content=\"1200\" \/>\n\t<meta property=\"og:image:type\" content=\"image\/jpeg\" \/>\n<meta name=\"twitter:card\" content=\"summary_large_image\" \/>\n<script type=\"application\/ld+json\" class=\"yoast-schema-graph\">{\"@context\":\"https:\\\/\\\/schema.org\",\"@graph\":[{\"@type\":\"WebPage\",\"@id\":\"https:\\\/\\\/www.milesi.com\\\/pl\\\/produkt\\\/rozwiazania-do-drewna\\\/odpornosc-na-dzialanie-ognia\\\/produkty-certyfikowane-zgodnie-z-dyrektywa-imo-wyposazenie-statkow\\\/\",\"url\":\"https:\\\/\\\/www.milesi.com\\\/pl\\\/produkt\\\/rozwiazania-do-drewna\\\/odpornosc-na-dzialanie-ognia\\\/produkty-certyfikowane-zgodnie-z-dyrektywa-imo-wyposazenie-statkow\\\/\",\"name\":\"Produkty certyfikowane zgodnie z Dyrektyw\u0105 IMO Wyposa\u017cenie Statk\u00f3w - Milesi\",\"isPartOf\":{\"@id\":\"https:\\\/\\\/www.milesi.com\\\/pl\\\/#website\"},\"primaryImageOfPage\":{\"@id\":\"https:\\\/\\\/www.milesi.com\\\/pl\\\/produkt\\\/rozwiazania-do-drewna\\\/odpornosc-na-dzialanie-ognia\\\/produkty-certyfikowane-zgodnie-z-dyrektywa-imo-wyposazenie-statkow\\\/#primaryimage\"},\"image\":{\"@id\":\"https:\\\/\\\/www.milesi.com\\\/pl\\\/produkt\\\/rozwiazania-do-drewna\\\/odpornosc-na-dzialanie-ognia\\\/produkty-certyfikowane-zgodnie-z-dyrektywa-imo-wyposazenie-statkow\\\/#primaryimage\"},\"thumbnailUrl\":\"https:\\\/\\\/www.milesi.com\\\/wp-content\\\/uploads\\\/2019\\\/11\\\/IMO-1.jpg\",\"datePublished\":\"2019-11-11T14:59:38+00:00\",\"dateModified\":\"2023-09-04T14:26:46+00:00\",\"breadcrumb\":{\"@id\":\"https:\\\/\\\/www.milesi.com\\\/pl\\\/produkt\\\/rozwiazania-do-drewna\\\/odpornosc-na-dzialanie-ognia\\\/produkty-certyfikowane-zgodnie-z-dyrektywa-imo-wyposazenie-statkow\\\/#breadcrumb\"},\"inLanguage\":\"pl-PL\",\"potentialAction\":[{\"@type\":\"ReadAction\",\"target\":[\"https:\\\/\\\/www.milesi.com\\\/pl\\\/produkt\\\/rozwiazania-do-drewna\\\/odpornosc-na-dzialanie-ognia\\\/produkty-certyfikowane-zgodnie-z-dyrektywa-imo-wyposazenie-statkow\\\/\"]}]},{\"@type\":\"ImageObject\",\"inLanguage\":\"pl-PL\",\"@id\":\"https:\\\/\\\/www.milesi.com\\\/pl\\\/produkt\\\/rozwiazania-do-drewna\\\/odpornosc-na-dzialanie-ognia\\\/produkty-certyfikowane-zgodnie-z-dyrektywa-imo-wyposazenie-statkow\\\/#primaryimage\",\"url\":\"https:\\\/\\\/www.milesi.com\\\/wp-content\\\/uploads\\\/2019\\\/11\\\/IMO-1.jpg\",\"contentUrl\":\"https:\\\/\\\/www.milesi.com\\\/wp-content\\\/uploads\\\/2019\\\/11\\\/IMO-1.jpg\",\"width\":1200,\"height\":1200},{\"@type\":\"BreadcrumbList\",\"@id\":\"https:\\\/\\\/www.milesi.com\\\/pl\\\/produkt\\\/rozwiazania-do-drewna\\\/odpornosc-na-dzialanie-ognia\\\/produkty-certyfikowane-zgodnie-z-dyrektywa-imo-wyposazenie-statkow\\\/#breadcrumb\",\"itemListElement\":[{\"@type\":\"ListItem\",\"position\":1,\"name\":\"Milesi - Lakiery do drewna\",\"item\":\"https:\\\/\\\/www.milesi.com\\\/pl\\\/\"},{\"@type\":\"ListItem\",\"position\":2,\"name\":\"Prodotti\",\"item\":\"https:\\\/\\\/www.milesi.com\\\/prodotti\\\/\"},{\"@type\":\"ListItem\",\"position\":3,\"name\":\"Produkty certyfikowane zgodnie z Dyrektyw\u0105 IMO Wyposa\u017cenie Statk\u00f3w\"}]},{\"@type\":\"WebSite\",\"@id\":\"https:\\\/\\\/www.milesi.com\\\/pl\\\/#website\",\"url\":\"https:\\\/\\\/www.milesi.com\\\/pl\\\/\",\"name\":\"Milesi Vernici per il legno\",\"description\":\"Lakiery do drewna\",\"publisher\":{\"@id\":\"https:\\\/\\\/www.milesi.com\\\/pl\\\/#organization\"},\"alternateName\":\"Milesi\",\"potentialAction\":[{\"@type\":\"SearchAction\",\"target\":{\"@type\":\"EntryPoint\",\"urlTemplate\":\"https:\\\/\\\/www.milesi.com\\\/pl\\\/?s={search_term_string}\"},\"query-input\":{\"@type\":\"PropertyValueSpecification\",\"valueRequired\":true,\"valueName\":\"search_term_string\"}}],\"inLanguage\":\"pl-PL\"},{\"@type\":\"Organization\",\"@id\":\"https:\\\/\\\/www.milesi.com\\\/pl\\\/#organization\",\"name\":\"Milesi Vernici\",\"alternateName\":\"Milesi\",\"url\":\"https:\\\/\\\/www.milesi.com\\\/pl\\\/\",\"logo\":{\"@type\":\"ImageObject\",\"inLanguage\":\"pl-PL\",\"@id\":\"https:\\\/\\\/www.milesi.com\\\/pl\\\/#\\\/schema\\\/logo\\\/image\\\/\",\"url\":\"https:\\\/\\\/www.milesi.com\\\/wp-content\\\/uploads\\\/2022\\\/12\\\/milesi-web.png\",\"contentUrl\":\"https:\\\/\\\/www.milesi.com\\\/wp-content\\\/uploads\\\/2022\\\/12\\\/milesi-web.png\",\"width\":100,\"height\":101,\"caption\":\"Milesi Vernici\"},\"image\":{\"@id\":\"https:\\\/\\\/www.milesi.com\\\/pl\\\/#\\\/schema\\\/logo\\\/image\\\/\"},\"sameAs\":[\"https:\\\/\\\/www.facebook.com\\\/MilesiVernici\",\"https:\\\/\\\/www.youtube.com\\\/channel\\\/UCgULN6yzPgE9usmMi3CP5hQ\",\"https:\\\/\\\/www.instagram.com\\\/milesiverniciperlegno\\\/\",\"https:\\\/\\\/vimeo.com\\\/user117001108\",\"https:\\\/\\\/www.linkedin.com\\\/company\\\/milesiwoodcoatings\\\/\"]}]}<\/script>\n<!-- \/ Yoast SEO plugin. -->","yoast_head_json":{"title":"Produkty certyfikowane zgodnie z Dyrektyw\u0105 IMO Wyposa\u017cenie Statk\u00f3w - Milesi","robots":{"index":"index","follow":"follow","max-snippet":"max-snippet:-1","max-image-preview":"max-image-preview:large","max-video-preview":"max-video-preview:-1"},"canonical":"https:\/\/www.milesi.com\/pl\/produkt\/rozwiazania-do-drewna\/odpornosc-na-dzialanie-ognia\/produkty-certyfikowane-zgodnie-z-dyrektywa-imo-wyposazenie-statkow\/","og_locale":"pl_PL","og_type":"article","og_title":"Produkty certyfikowane zgodnie z Dyrektyw\u0105 IMO Wyposa\u017cenie Statk\u00f3w - Milesi","og_description":"Produkty zgodne z dyrektyw\u0105 IMO\/MED dla sektora okr\u0119towego, kt\u00f3ry wymaga stosowania lakier\u00f3w ognioodpornych do element\u00f3w wyposa\u017cenia wn\u0119trz w zgodzie normatyw\u0105 gwarantuj\u0105c\u0105 bezpiecze\u0144stwo morskie.  Download: CERT-LUA43x-SerieGloss","og_url":"https:\/\/www.milesi.com\/pl\/produkt\/rozwiazania-do-drewna\/odpornosc-na-dzialanie-ognia\/produkty-certyfikowane-zgodnie-z-dyrektywa-imo-wyposazenie-statkow\/","og_site_name":"Milesi","article_publisher":"https:\/\/www.facebook.com\/MilesiVernici","article_modified_time":"2023-09-04T14:26:46+00:00","og_image":[{"width":1200,"height":1200,"url":"https:\/\/www.milesi.com\/wp-content\/uploads\/2019\/11\/IMO-1.jpg","type":"image\/jpeg"}],"twitter_card":"summary_large_image","schema":{"@context":"https:\/\/schema.org","@graph":[{"@type":"WebPage","@id":"https:\/\/www.milesi.com\/pl\/produkt\/rozwiazania-do-drewna\/odpornosc-na-dzialanie-ognia\/produkty-certyfikowane-zgodnie-z-dyrektywa-imo-wyposazenie-statkow\/","url":"https:\/\/www.milesi.com\/pl\/produkt\/rozwiazania-do-drewna\/odpornosc-na-dzialanie-ognia\/produkty-certyfikowane-zgodnie-z-dyrektywa-imo-wyposazenie-statkow\/","name":"Produkty certyfikowane zgodnie z Dyrektyw\u0105 IMO Wyposa\u017cenie Statk\u00f3w - Milesi","isPartOf":{"@id":"https:\/\/www.milesi.com\/pl\/#website"},"primaryImageOfPage":{"@id":"https:\/\/www.milesi.com\/pl\/produkt\/rozwiazania-do-drewna\/odpornosc-na-dzialanie-ognia\/produkty-certyfikowane-zgodnie-z-dyrektywa-imo-wyposazenie-statkow\/#primaryimage"},"image":{"@id":"https:\/\/www.milesi.com\/pl\/produkt\/rozwiazania-do-drewna\/odpornosc-na-dzialanie-ognia\/produkty-certyfikowane-zgodnie-z-dyrektywa-imo-wyposazenie-statkow\/#primaryimage"},"thumbnailUrl":"https:\/\/www.milesi.com\/wp-content\/uploads\/2019\/11\/IMO-1.jpg","datePublished":"2019-11-11T14:59:38+00:00","dateModified":"2023-09-04T14:26:46+00:00","breadcrumb":{"@id":"https:\/\/www.milesi.com\/pl\/produkt\/rozwiazania-do-drewna\/odpornosc-na-dzialanie-ognia\/produkty-certyfikowane-zgodnie-z-dyrektywa-imo-wyposazenie-statkow\/#breadcrumb"},"inLanguage":"pl-PL","potentialAction":[{"@type":"ReadAction","target":["https:\/\/www.milesi.com\/pl\/produkt\/rozwiazania-do-drewna\/odpornosc-na-dzialanie-ognia\/produkty-certyfikowane-zgodnie-z-dyrektywa-imo-wyposazenie-statkow\/"]}]},{"@type":"ImageObject","inLanguage":"pl-PL","@id":"https:\/\/www.milesi.com\/pl\/produkt\/rozwiazania-do-drewna\/odpornosc-na-dzialanie-ognia\/produkty-certyfikowane-zgodnie-z-dyrektywa-imo-wyposazenie-statkow\/#primaryimage","url":"https:\/\/www.milesi.com\/wp-content\/uploads\/2019\/11\/IMO-1.jpg","contentUrl":"https:\/\/www.milesi.com\/wp-content\/uploads\/2019\/11\/IMO-1.jpg","width":1200,"height":1200},{"@type":"BreadcrumbList","@id":"https:\/\/www.milesi.com\/pl\/produkt\/rozwiazania-do-drewna\/odpornosc-na-dzialanie-ognia\/produkty-certyfikowane-zgodnie-z-dyrektywa-imo-wyposazenie-statkow\/#breadcrumb","itemListElement":[{"@type":"ListItem","position":1,"name":"Milesi - Lakiery do drewna","item":"https:\/\/www.milesi.com\/pl\/"},{"@type":"ListItem","position":2,"name":"Prodotti","item":"https:\/\/www.milesi.com\/prodotti\/"},{"@type":"ListItem","position":3,"name":"Produkty certyfikowane zgodnie z Dyrektyw\u0105 IMO Wyposa\u017cenie Statk\u00f3w"}]},{"@type":"WebSite","@id":"https:\/\/www.milesi.com\/pl\/#website","url":"https:\/\/www.milesi.com\/pl\/","name":"Milesi Vernici per il legno","description":"Lakiery do drewna","publisher":{"@id":"https:\/\/www.milesi.com\/pl\/#organization"},"alternateName":"Milesi","potentialAction":[{"@type":"SearchAction","target":{"@type":"EntryPoint","urlTemplate":"https:\/\/www.milesi.com\/pl\/?s={search_term_string}"},"query-input":{"@type":"PropertyValueSpecification","valueRequired":true,"valueName":"search_term_string"}}],"inLanguage":"pl-PL"},{"@type":"Organization","@id":"https:\/\/www.milesi.com\/pl\/#organization","name":"Milesi Vernici","alternateName":"Milesi","url":"https:\/\/www.milesi.com\/pl\/","logo":{"@type":"ImageObject","inLanguage":"pl-PL","@id":"https:\/\/www.milesi.com\/pl\/#\/schema\/logo\/image\/","url":"https:\/\/www.milesi.com\/wp-content\/uploads\/2022\/12\/milesi-web.png","contentUrl":"https:\/\/www.milesi.com\/wp-content\/uploads\/2022\/12\/milesi-web.png","width":100,"height":101,"caption":"Milesi Vernici"},"image":{"@id":"https:\/\/www.milesi.com\/pl\/#\/schema\/logo\/image\/"},"sameAs":["https:\/\/www.facebook.com\/MilesiVernici","https:\/\/www.youtube.com\/channel\/UCgULN6yzPgE9usmMi3CP5hQ","https:\/\/www.instagram.com\/milesiverniciperlegno\/","https:\/\/vimeo.com\/user117001108","https:\/\/www.linkedin.com\/company\/milesiwoodcoatings\/"]}]}},"_links":{"self":[{"href":"https:\/\/www.milesi.com\/pl\/wp-json\/wp\/v2\/product\/8236","targetHints":{"allow":["GET"]}}],"collection":[{"href":"https:\/\/www.milesi.com\/pl\/wp-json\/wp\/v2\/product"}],"about":[{"href":"https:\/\/www.milesi.com\/pl\/wp-json\/wp\/v2\/types\/product"}],"replies":[{"embeddable":true,"href":"https:\/\/www.milesi.com\/pl\/wp-json\/wp\/v2\/comments?post=8236"}],"wp:featuredmedia":[{"embeddable":true,"href":"https:\/\/www.milesi.com\/pl\/wp-json\/wp\/v2\/media\/11494"}],"wp:attachment":[{"href":"https:\/\/www.milesi.com\/pl\/wp-json\/wp\/v2\/media?parent=8236"}],"wp:term":[{"taxonomy":"product_brand","embeddable":true,"href":"https:\/\/www.milesi.com\/pl\/wp-json\/wp\/v2\/product_brand?post=8236"},{"taxonomy":"product_cat","embeddable":true,"href":"https:\/\/www.milesi.com\/pl\/wp-json\/wp\/v2\/product_cat?post=8236"},{"taxonomy":"product_tag","embeddable":true,"href":"https:\/\/www.milesi.com\/pl\/wp-json\/wp\/v2\/product_tag?post=8236"}],"curies":[{"name":"wp","href":"https:\/\/api.w.org\/{rel}","templated":true}]}}