{"id":8240,"date":"2019-11-11T16:28:42","date_gmt":"2019-11-11T15:28:42","guid":{"rendered":"http:\/\/www.milesi.com\/shop\/bez-kategorii\/odpornosc-na-zarysowania\/"},"modified":"2021-02-22T13:49:38","modified_gmt":"2021-02-22T12:49:38","slug":"odpornosc-na-zarysowania","status":"publish","type":"product","link":"https:\/\/www.milesi.com\/pl\/produkt\/rozwiazania-do-drewna\/odpornosc-mechaniczna\/odpornosc-na-zarysowania\/","title":{"rendered":"Odporno\u015b\u0107 na zarysowania"},"content":{"rendered":"","protected":false},"excerpt":{"rendered":"<p>Lakiery nawierzchniowe o wyj\u0105tkowej twardo\u015bci powierzchni, kt\u00f3ra nie ulega\u00a0 zadrapaniu i\u00a0 zarysowaniu, o odporno\u015bci por\u00f3wnywalnej\u00a0 do laminat\u00f3w.<\/p>\n<p style=\"text-align: left;\">Testowane zgodnie z <em>UNI<\/em><em>\u00a0<\/em>E.\u00a0<em>15186:2012<\/em><em>,<\/em> metoda <em>B <\/em> (<em>ocena odporno\u015bci powierzchni na zarysowania<\/em>), uzyskuj\u0105 minimaln\u0105 podan\u0105 warto\u015b\u0107:<\/p>\n<table style=\"width: 105.098%;\">\n<tbody>\n<tr>\n<td style=\"width: 86.4718%;\">\u00b7\u00a0\u00a0\u00a0\u00a0\u00a0 Wodne do zastosowa\u0144 wewn\u0119trznych 1K<\/td>\n<td style=\"width: 33.4954%;\">0,35 N<\/td>\n<\/tr>\n<tr>\n<td style=\"width: 86.4718%;\">\u00b7\u00a0\u00a0\u00a0\u00a0\u00a0 Wodne do zastosowa\u0144 wewn\u0119trznych 2K<\/td>\n<td style=\"width: 33.4954%;\">0,4 N<\/td>\n<\/tr>\n<tr>\n<td style=\"width: 86.4718%;\">\u00b7\u00a0\u00a0\u00a0\u00a0\u00a0 Wodne UV<\/td>\n<td style=\"width: 33.4954%;\">0,5 N<\/td>\n<\/tr>\n<tr>\n<td style=\"width: 86.4718%;\">\u00b7\u00a0\u00a0\u00a0\u00a0\u00a0 Rozcie\u0144czalnikowe UV<\/td>\n<td style=\"width: 33.4954%;\">0,6 N<\/td>\n<\/tr>\n<tr>\n<td style=\"width: 86.4718%;\">\u00b7\u00a0\u00a0\u00a0\u00a0\u00a0 UV 100%<\/td>\n<td style=\"width: 33.4954%;\">0,5 N<\/td>\n<\/tr>\n<tr>\n<td style=\"width: 86.4718%;\">\u00b7\u00a0\u00a0\u00a0\u00a0\u00a0 Poliuretanowe<\/td>\n<td style=\"width: 33.4954%;\">0,5 N<\/td>\n<\/tr>\n<tr>\n<td style=\"width: 86.4718%;\">\u00b7\u00a0 \u00a0 \u00a0 Akrylowe<\/td>\n<td style=\"width: 33.4954%;\">0,4 N<\/td>\n<\/tr>\n<tr>\n<td style=\"width: 86.4718%;\">\u00b7\u00a0 \u00a0 \u00a0 Poliestrowe<\/td>\n<td style=\"width: 33.4954%;\">0,5 N<\/td>\n<\/tr>\n<tr>\n<td style=\"width: 86.4718%;\">\u00b7\u00a0 \u00a0 \u00a0 Wst\u0119pnie katalizowane<\/td>\n<td style=\"width: 33.4954%;\">0,3 N<\/td>\n<\/tr>\n<tr>\n<td style=\"width: 86.4718%;\">\u00b7\u00a0\u00a0\u00a0\u00a0\u00a0 BCA<\/td>\n<td style=\"width: 33.4954%;\">0,6 N<\/td>\n<\/tr>\n<\/tbody>\n<\/table>\n<p>&nbsp;<\/p>\n","protected":false},"featured_media":7727,"comment_status":"open","ping_status":"closed","template":"","meta":{"_et_pb_use_builder":"","_et_pb_old_content":"","_et_gb_content_width":""},"product_brand":[],"product_cat":[260,247],"product_tag":[452,323,319,348,317,682,683,318,846,529],"class_list":{"0":"post-8240","1":"product","2":"type-product","3":"status-publish","4":"has-post-thumbnail","6":"product_cat-odpornosc-mechaniczna","7":"product_cat-rozwiazania-do-drewna","8":"product_tag-bialy-pl","9":"product_tag-brazowy","10":"product_tag-drewna","11":"product_tag-lakierowane","12":"product_tag-lakiery-pl","13":"product_tag-odpornosc-mechaniczna","14":"product_tag-odpornosc-na-zarysowania","15":"product_tag-plyta","16":"product_tag-rovere-pl","17":"product_tag-szary","19":"first","20":"instock","21":"shipping-taxable","22":"product-type-simple"},"yoast_head":"<!-- This site is optimized with the Yoast SEO plugin v27.3 - https:\/\/yoast.com\/product\/yoast-seo-wordpress\/ -->\n<title>Odporno\u015b\u0107 na zarysowania - Milesi<\/title>\n<meta name=\"robots\" content=\"index, follow, max-snippet:-1, max-image-preview:large, max-video-preview:-1\" \/>\n<link rel=\"canonical\" href=\"https:\/\/www.milesi.com\/pl\/produkt\/rozwiazania-do-drewna\/odpornosc-mechaniczna\/odpornosc-na-zarysowania\/\" \/>\n<meta property=\"og:locale\" content=\"pl_PL\" \/>\n<meta property=\"og:type\" content=\"article\" \/>\n<meta property=\"og:title\" content=\"Odporno\u015b\u0107 na zarysowania - Milesi\" \/>\n<meta property=\"og:description\" content=\"Lakiery nawierzchniowe o wyj\u0105tkowej twardo\u015bci powierzchni, kt\u00f3ra nie ulega\u00a0 zadrapaniu i\u00a0 zarysowaniu, o odporno\u015bci por\u00f3wnywalnej\u00a0 do laminat\u00f3w. Testowane zgodnie z UNI\u00a0E.\u00a015186:2012, metoda B (ocena odporno\u015bci powierzchni na zarysowania), uzyskuj\u0105 minimaln\u0105 podan\u0105 warto\u015b\u0107:     \u00b7\u00a0\u00a0\u00a0\u00a0\u00a0 Wodne do zastosowa\u0144 wewn\u0119trznych 1K 0,35 N   \u00b7\u00a0\u00a0\u00a0\u00a0\u00a0 Wodne do zastosowa\u0144 wewn\u0119trznych 2K 0,4 N   \u00b7\u00a0\u00a0\u00a0\u00a0\u00a0 Wodne UV 0,5 N   \u00b7\u00a0\u00a0\u00a0\u00a0\u00a0 Rozcie\u0144czalnikowe UV 0,6 N   \u00b7\u00a0\u00a0\u00a0\u00a0\u00a0 UV 100% 0,5 N   \u00b7\u00a0\u00a0\u00a0\u00a0\u00a0 Poliuretanowe 0,5 N   \u00b7\u00a0 \u00a0 \u00a0 Akrylowe 0,4 N   \u00b7\u00a0 \u00a0 \u00a0 Poliestrowe 0,5 N   \u00b7\u00a0 \u00a0 \u00a0 Wst\u0119pnie katalizowane 0,3 N   \u00b7\u00a0\u00a0\u00a0\u00a0\u00a0 BCA 0,6 N    &nbsp;\" \/>\n<meta property=\"og:url\" content=\"https:\/\/www.milesi.com\/pl\/produkt\/rozwiazania-do-drewna\/odpornosc-mechaniczna\/odpornosc-na-zarysowania\/\" \/>\n<meta property=\"og:site_name\" content=\"Milesi\" \/>\n<meta property=\"article:publisher\" content=\"https:\/\/www.facebook.com\/MilesiVernici\" \/>\n<meta property=\"article:modified_time\" content=\"2021-02-22T12:49:38+00:00\" \/>\n<meta property=\"og:image\" content=\"https:\/\/www.milesi.com\/wp-content\/uploads\/2019\/11\/scratch_1227041296_1200x1200_bordo.jpg\" \/>\n\t<meta property=\"og:image:width\" content=\"1200\" \/>\n\t<meta property=\"og:image:height\" content=\"1200\" \/>\n\t<meta property=\"og:image:type\" content=\"image\/jpeg\" \/>\n<meta name=\"twitter:card\" content=\"summary_large_image\" \/>\n<script type=\"application\/ld+json\" class=\"yoast-schema-graph\">{\"@context\":\"https:\\\/\\\/schema.org\",\"@graph\":[{\"@type\":\"WebPage\",\"@id\":\"https:\\\/\\\/www.milesi.com\\\/pl\\\/produkt\\\/rozwiazania-do-drewna\\\/odpornosc-mechaniczna\\\/odpornosc-na-zarysowania\\\/\",\"url\":\"https:\\\/\\\/www.milesi.com\\\/pl\\\/produkt\\\/rozwiazania-do-drewna\\\/odpornosc-mechaniczna\\\/odpornosc-na-zarysowania\\\/\",\"name\":\"Odporno\u015b\u0107 na zarysowania - Milesi\",\"isPartOf\":{\"@id\":\"https:\\\/\\\/www.milesi.com\\\/pl\\\/#website\"},\"primaryImageOfPage\":{\"@id\":\"https:\\\/\\\/www.milesi.com\\\/pl\\\/produkt\\\/rozwiazania-do-drewna\\\/odpornosc-mechaniczna\\\/odpornosc-na-zarysowania\\\/#primaryimage\"},\"image\":{\"@id\":\"https:\\\/\\\/www.milesi.com\\\/pl\\\/produkt\\\/rozwiazania-do-drewna\\\/odpornosc-mechaniczna\\\/odpornosc-na-zarysowania\\\/#primaryimage\"},\"thumbnailUrl\":\"https:\\\/\\\/www.milesi.com\\\/wp-content\\\/uploads\\\/2019\\\/11\\\/scratch_1227041296_1200x1200_bordo.jpg\",\"datePublished\":\"2019-11-11T15:28:42+00:00\",\"dateModified\":\"2021-02-22T12:49:38+00:00\",\"breadcrumb\":{\"@id\":\"https:\\\/\\\/www.milesi.com\\\/pl\\\/produkt\\\/rozwiazania-do-drewna\\\/odpornosc-mechaniczna\\\/odpornosc-na-zarysowania\\\/#breadcrumb\"},\"inLanguage\":\"pl-PL\",\"potentialAction\":[{\"@type\":\"ReadAction\",\"target\":[\"https:\\\/\\\/www.milesi.com\\\/pl\\\/produkt\\\/rozwiazania-do-drewna\\\/odpornosc-mechaniczna\\\/odpornosc-na-zarysowania\\\/\"]}]},{\"@type\":\"ImageObject\",\"inLanguage\":\"pl-PL\",\"@id\":\"https:\\\/\\\/www.milesi.com\\\/pl\\\/produkt\\\/rozwiazania-do-drewna\\\/odpornosc-mechaniczna\\\/odpornosc-na-zarysowania\\\/#primaryimage\",\"url\":\"https:\\\/\\\/www.milesi.com\\\/wp-content\\\/uploads\\\/2019\\\/11\\\/scratch_1227041296_1200x1200_bordo.jpg\",\"contentUrl\":\"https:\\\/\\\/www.milesi.com\\\/wp-content\\\/uploads\\\/2019\\\/11\\\/scratch_1227041296_1200x1200_bordo.jpg\",\"width\":1200,\"height\":1200,\"caption\":\"Superfici in legno verniciato resistenti ai graffi\"},{\"@type\":\"BreadcrumbList\",\"@id\":\"https:\\\/\\\/www.milesi.com\\\/pl\\\/produkt\\\/rozwiazania-do-drewna\\\/odpornosc-mechaniczna\\\/odpornosc-na-zarysowania\\\/#breadcrumb\",\"itemListElement\":[{\"@type\":\"ListItem\",\"position\":1,\"name\":\"Milesi - Lakiery do drewna\",\"item\":\"https:\\\/\\\/www.milesi.com\\\/pl\\\/\"},{\"@type\":\"ListItem\",\"position\":2,\"name\":\"Prodotti\",\"item\":\"https:\\\/\\\/www.milesi.com\\\/prodotti\\\/\"},{\"@type\":\"ListItem\",\"position\":3,\"name\":\"Odporno\u015b\u0107 na zarysowania\"}]},{\"@type\":\"WebSite\",\"@id\":\"https:\\\/\\\/www.milesi.com\\\/pl\\\/#website\",\"url\":\"https:\\\/\\\/www.milesi.com\\\/pl\\\/\",\"name\":\"Milesi Vernici per il legno\",\"description\":\"Lakiery do drewna\",\"publisher\":{\"@id\":\"https:\\\/\\\/www.milesi.com\\\/pl\\\/#organization\"},\"alternateName\":\"Milesi\",\"potentialAction\":[{\"@type\":\"SearchAction\",\"target\":{\"@type\":\"EntryPoint\",\"urlTemplate\":\"https:\\\/\\\/www.milesi.com\\\/pl\\\/?s={search_term_string}\"},\"query-input\":{\"@type\":\"PropertyValueSpecification\",\"valueRequired\":true,\"valueName\":\"search_term_string\"}}],\"inLanguage\":\"pl-PL\"},{\"@type\":\"Organization\",\"@id\":\"https:\\\/\\\/www.milesi.com\\\/pl\\\/#organization\",\"name\":\"Milesi Vernici\",\"alternateName\":\"Milesi\",\"url\":\"https:\\\/\\\/www.milesi.com\\\/pl\\\/\",\"logo\":{\"@type\":\"ImageObject\",\"inLanguage\":\"pl-PL\",\"@id\":\"https:\\\/\\\/www.milesi.com\\\/pl\\\/#\\\/schema\\\/logo\\\/image\\\/\",\"url\":\"https:\\\/\\\/www.milesi.com\\\/wp-content\\\/uploads\\\/2022\\\/12\\\/milesi-web.png\",\"contentUrl\":\"https:\\\/\\\/www.milesi.com\\\/wp-content\\\/uploads\\\/2022\\\/12\\\/milesi-web.png\",\"width\":100,\"height\":101,\"caption\":\"Milesi Vernici\"},\"image\":{\"@id\":\"https:\\\/\\\/www.milesi.com\\\/pl\\\/#\\\/schema\\\/logo\\\/image\\\/\"},\"sameAs\":[\"https:\\\/\\\/www.facebook.com\\\/MilesiVernici\",\"https:\\\/\\\/www.youtube.com\\\/channel\\\/UCgULN6yzPgE9usmMi3CP5hQ\",\"https:\\\/\\\/www.instagram.com\\\/milesiverniciperlegno\\\/\",\"https:\\\/\\\/vimeo.com\\\/user117001108\",\"https:\\\/\\\/www.linkedin.com\\\/company\\\/milesiwoodcoatings\\\/\"]}]}<\/script>\n<!-- \/ Yoast SEO plugin. -->","yoast_head_json":{"title":"Odporno\u015b\u0107 na zarysowania - Milesi","robots":{"index":"index","follow":"follow","max-snippet":"max-snippet:-1","max-image-preview":"max-image-preview:large","max-video-preview":"max-video-preview:-1"},"canonical":"https:\/\/www.milesi.com\/pl\/produkt\/rozwiazania-do-drewna\/odpornosc-mechaniczna\/odpornosc-na-zarysowania\/","og_locale":"pl_PL","og_type":"article","og_title":"Odporno\u015b\u0107 na zarysowania - Milesi","og_description":"Lakiery nawierzchniowe o wyj\u0105tkowej twardo\u015bci powierzchni, kt\u00f3ra nie ulega\u00a0 zadrapaniu i\u00a0 zarysowaniu, o odporno\u015bci por\u00f3wnywalnej\u00a0 do laminat\u00f3w. Testowane zgodnie z UNI\u00a0E.\u00a015186:2012, metoda B (ocena odporno\u015bci powierzchni na zarysowania), uzyskuj\u0105 minimaln\u0105 podan\u0105 warto\u015b\u0107:     \u00b7\u00a0\u00a0\u00a0\u00a0\u00a0 Wodne do zastosowa\u0144 wewn\u0119trznych 1K 0,35 N   \u00b7\u00a0\u00a0\u00a0\u00a0\u00a0 Wodne do zastosowa\u0144 wewn\u0119trznych 2K 0,4 N   \u00b7\u00a0\u00a0\u00a0\u00a0\u00a0 Wodne UV 0,5 N   \u00b7\u00a0\u00a0\u00a0\u00a0\u00a0 Rozcie\u0144czalnikowe UV 0,6 N   \u00b7\u00a0\u00a0\u00a0\u00a0\u00a0 UV 100% 0,5 N   \u00b7\u00a0\u00a0\u00a0\u00a0\u00a0 Poliuretanowe 0,5 N   \u00b7\u00a0 \u00a0 \u00a0 Akrylowe 0,4 N   \u00b7\u00a0 \u00a0 \u00a0 Poliestrowe 0,5 N   \u00b7\u00a0 \u00a0 \u00a0 Wst\u0119pnie katalizowane 0,3 N   \u00b7\u00a0\u00a0\u00a0\u00a0\u00a0 BCA 0,6 N    &nbsp;","og_url":"https:\/\/www.milesi.com\/pl\/produkt\/rozwiazania-do-drewna\/odpornosc-mechaniczna\/odpornosc-na-zarysowania\/","og_site_name":"Milesi","article_publisher":"https:\/\/www.facebook.com\/MilesiVernici","article_modified_time":"2021-02-22T12:49:38+00:00","og_image":[{"width":1200,"height":1200,"url":"https:\/\/www.milesi.com\/wp-content\/uploads\/2019\/11\/scratch_1227041296_1200x1200_bordo.jpg","type":"image\/jpeg"}],"twitter_card":"summary_large_image","schema":{"@context":"https:\/\/schema.org","@graph":[{"@type":"WebPage","@id":"https:\/\/www.milesi.com\/pl\/produkt\/rozwiazania-do-drewna\/odpornosc-mechaniczna\/odpornosc-na-zarysowania\/","url":"https:\/\/www.milesi.com\/pl\/produkt\/rozwiazania-do-drewna\/odpornosc-mechaniczna\/odpornosc-na-zarysowania\/","name":"Odporno\u015b\u0107 na zarysowania - Milesi","isPartOf":{"@id":"https:\/\/www.milesi.com\/pl\/#website"},"primaryImageOfPage":{"@id":"https:\/\/www.milesi.com\/pl\/produkt\/rozwiazania-do-drewna\/odpornosc-mechaniczna\/odpornosc-na-zarysowania\/#primaryimage"},"image":{"@id":"https:\/\/www.milesi.com\/pl\/produkt\/rozwiazania-do-drewna\/odpornosc-mechaniczna\/odpornosc-na-zarysowania\/#primaryimage"},"thumbnailUrl":"https:\/\/www.milesi.com\/wp-content\/uploads\/2019\/11\/scratch_1227041296_1200x1200_bordo.jpg","datePublished":"2019-11-11T15:28:42+00:00","dateModified":"2021-02-22T12:49:38+00:00","breadcrumb":{"@id":"https:\/\/www.milesi.com\/pl\/produkt\/rozwiazania-do-drewna\/odpornosc-mechaniczna\/odpornosc-na-zarysowania\/#breadcrumb"},"inLanguage":"pl-PL","potentialAction":[{"@type":"ReadAction","target":["https:\/\/www.milesi.com\/pl\/produkt\/rozwiazania-do-drewna\/odpornosc-mechaniczna\/odpornosc-na-zarysowania\/"]}]},{"@type":"ImageObject","inLanguage":"pl-PL","@id":"https:\/\/www.milesi.com\/pl\/produkt\/rozwiazania-do-drewna\/odpornosc-mechaniczna\/odpornosc-na-zarysowania\/#primaryimage","url":"https:\/\/www.milesi.com\/wp-content\/uploads\/2019\/11\/scratch_1227041296_1200x1200_bordo.jpg","contentUrl":"https:\/\/www.milesi.com\/wp-content\/uploads\/2019\/11\/scratch_1227041296_1200x1200_bordo.jpg","width":1200,"height":1200,"caption":"Superfici in legno verniciato resistenti ai graffi"},{"@type":"BreadcrumbList","@id":"https:\/\/www.milesi.com\/pl\/produkt\/rozwiazania-do-drewna\/odpornosc-mechaniczna\/odpornosc-na-zarysowania\/#breadcrumb","itemListElement":[{"@type":"ListItem","position":1,"name":"Milesi - Lakiery do drewna","item":"https:\/\/www.milesi.com\/pl\/"},{"@type":"ListItem","position":2,"name":"Prodotti","item":"https:\/\/www.milesi.com\/prodotti\/"},{"@type":"ListItem","position":3,"name":"Odporno\u015b\u0107 na zarysowania"}]},{"@type":"WebSite","@id":"https:\/\/www.milesi.com\/pl\/#website","url":"https:\/\/www.milesi.com\/pl\/","name":"Milesi Vernici per il legno","description":"Lakiery do drewna","publisher":{"@id":"https:\/\/www.milesi.com\/pl\/#organization"},"alternateName":"Milesi","potentialAction":[{"@type":"SearchAction","target":{"@type":"EntryPoint","urlTemplate":"https:\/\/www.milesi.com\/pl\/?s={search_term_string}"},"query-input":{"@type":"PropertyValueSpecification","valueRequired":true,"valueName":"search_term_string"}}],"inLanguage":"pl-PL"},{"@type":"Organization","@id":"https:\/\/www.milesi.com\/pl\/#organization","name":"Milesi Vernici","alternateName":"Milesi","url":"https:\/\/www.milesi.com\/pl\/","logo":{"@type":"ImageObject","inLanguage":"pl-PL","@id":"https:\/\/www.milesi.com\/pl\/#\/schema\/logo\/image\/","url":"https:\/\/www.milesi.com\/wp-content\/uploads\/2022\/12\/milesi-web.png","contentUrl":"https:\/\/www.milesi.com\/wp-content\/uploads\/2022\/12\/milesi-web.png","width":100,"height":101,"caption":"Milesi Vernici"},"image":{"@id":"https:\/\/www.milesi.com\/pl\/#\/schema\/logo\/image\/"},"sameAs":["https:\/\/www.facebook.com\/MilesiVernici","https:\/\/www.youtube.com\/channel\/UCgULN6yzPgE9usmMi3CP5hQ","https:\/\/www.instagram.com\/milesiverniciperlegno\/","https:\/\/vimeo.com\/user117001108","https:\/\/www.linkedin.com\/company\/milesiwoodcoatings\/"]}]}},"_links":{"self":[{"href":"https:\/\/www.milesi.com\/pl\/wp-json\/wp\/v2\/product\/8240","targetHints":{"allow":["GET"]}}],"collection":[{"href":"https:\/\/www.milesi.com\/pl\/wp-json\/wp\/v2\/product"}],"about":[{"href":"https:\/\/www.milesi.com\/pl\/wp-json\/wp\/v2\/types\/product"}],"replies":[{"embeddable":true,"href":"https:\/\/www.milesi.com\/pl\/wp-json\/wp\/v2\/comments?post=8240"}],"wp:featuredmedia":[{"embeddable":true,"href":"https:\/\/www.milesi.com\/pl\/wp-json\/wp\/v2\/media\/7727"}],"wp:attachment":[{"href":"https:\/\/www.milesi.com\/pl\/wp-json\/wp\/v2\/media?parent=8240"}],"wp:term":[{"taxonomy":"product_brand","embeddable":true,"href":"https:\/\/www.milesi.com\/pl\/wp-json\/wp\/v2\/product_brand?post=8240"},{"taxonomy":"product_cat","embeddable":true,"href":"https:\/\/www.milesi.com\/pl\/wp-json\/wp\/v2\/product_cat?post=8240"},{"taxonomy":"product_tag","embeddable":true,"href":"https:\/\/www.milesi.com\/pl\/wp-json\/wp\/v2\/product_tag?post=8240"}],"curies":[{"name":"wp","href":"https:\/\/api.w.org\/{rel}","templated":true}]}}