{"id":8272,"date":"2020-02-05T11:27:29","date_gmt":"2020-02-05T10:27:29","guid":{"rendered":"http:\/\/www.milesi.com\/shop\/bez-kategorii\/metal-marking-i-odpornosc-na-wyblyszczanie-powloki-matowej\/"},"modified":"2020-09-14T15:19:05","modified_gmt":"2020-09-14T13:19:05","slug":"metal-marking-i-odpornosc-na-wyblyszczanie-powloki-matowej","status":"publish","type":"product","link":"https:\/\/www.milesi.com\/pl\/produkt\/rozwiazania-do-drewna\/odpornosc-mechaniczna\/metal-marking-i-odpornosc-na-wyblyszczanie-powloki-matowej\/","title":{"rendered":"Metal marking i Odporno\u015b\u0107 na wyb\u0142yszczanie pow\u0142oki matowej"},"content":{"rendered":"","protected":false},"excerpt":{"rendered":"<p>Lakiery matowe <em>odporne na <\/em><em>metal marking i na wyb\u0142yszczanie<\/em> opracowane zosta\u0142y,\u00a0 aby zachowa\u0107 pi\u0119kno i g\u0142\u0119bok\u0105 matowo\u015b\u0107 powierzchni szczeg\u00f3lnie nara\u017conych na zarysowanie, takie jak blaty sto\u0142\u00f3w i biurek.<\/p>\n","protected":false},"featured_media":5931,"comment_status":"open","ping_status":"closed","template":"","meta":{"_et_pb_use_builder":"","_et_pb_old_content":"","_et_gb_content_width":""},"product_brand":[],"product_cat":[260,247],"product_tag":[],"class_list":{"0":"post-8272","1":"product","2":"type-product","3":"status-publish","4":"has-post-thumbnail","6":"product_cat-odpornosc-mechaniczna","7":"product_cat-rozwiazania-do-drewna","9":"first","10":"instock","11":"shipping-taxable","12":"product-type-simple"},"yoast_head":"<!-- This site is optimized with the Yoast SEO plugin v27.3 - https:\/\/yoast.com\/product\/yoast-seo-wordpress\/ -->\n<title>Metal marking i Odporno\u015b\u0107 na wyb\u0142yszczanie pow\u0142oki matowej - Milesi<\/title>\n<meta name=\"robots\" content=\"index, follow, max-snippet:-1, max-image-preview:large, max-video-preview:-1\" \/>\n<link rel=\"canonical\" href=\"https:\/\/www.milesi.com\/pl\/produkt\/rozwiazania-do-drewna\/odpornosc-mechaniczna\/metal-marking-i-odpornosc-na-wyblyszczanie-powloki-matowej\/\" \/>\n<meta property=\"og:locale\" content=\"pl_PL\" \/>\n<meta property=\"og:type\" content=\"article\" \/>\n<meta property=\"og:title\" content=\"Metal marking i Odporno\u015b\u0107 na wyb\u0142yszczanie pow\u0142oki matowej - Milesi\" \/>\n<meta property=\"og:description\" content=\"Lakiery matowe odporne na metal marking i na wyb\u0142yszczanie opracowane zosta\u0142y,\u00a0 aby zachowa\u0107 pi\u0119kno i g\u0142\u0119bok\u0105 matowo\u015b\u0107 powierzchni szczeg\u00f3lnie nara\u017conych na zarysowanie, takie jak blaty sto\u0142\u00f3w i biurek.\" \/>\n<meta property=\"og:url\" content=\"https:\/\/www.milesi.com\/pl\/produkt\/rozwiazania-do-drewna\/odpornosc-mechaniczna\/metal-marking-i-odpornosc-na-wyblyszczanie-powloki-matowej\/\" \/>\n<meta property=\"og:site_name\" content=\"Milesi\" \/>\n<meta property=\"article:publisher\" content=\"https:\/\/www.facebook.com\/MilesiVernici\" \/>\n<meta property=\"article:modified_time\" content=\"2020-09-14T13:19:05+00:00\" \/>\n<meta property=\"og:image\" content=\"https:\/\/www.milesi.com\/wp-content\/uploads\/2020\/02\/polishing-home.jpg\" \/>\n\t<meta property=\"og:image:width\" content=\"1200\" \/>\n\t<meta property=\"og:image:height\" content=\"1200\" \/>\n\t<meta property=\"og:image:type\" content=\"image\/jpeg\" \/>\n<meta name=\"twitter:card\" content=\"summary_large_image\" \/>\n<script type=\"application\/ld+json\" class=\"yoast-schema-graph\">{\"@context\":\"https:\\\/\\\/schema.org\",\"@graph\":[{\"@type\":\"WebPage\",\"@id\":\"https:\\\/\\\/www.milesi.com\\\/pl\\\/produkt\\\/rozwiazania-do-drewna\\\/odpornosc-mechaniczna\\\/metal-marking-i-odpornosc-na-wyblyszczanie-powloki-matowej\\\/\",\"url\":\"https:\\\/\\\/www.milesi.com\\\/pl\\\/produkt\\\/rozwiazania-do-drewna\\\/odpornosc-mechaniczna\\\/metal-marking-i-odpornosc-na-wyblyszczanie-powloki-matowej\\\/\",\"name\":\"Metal marking i Odporno\u015b\u0107 na wyb\u0142yszczanie pow\u0142oki matowej - Milesi\",\"isPartOf\":{\"@id\":\"https:\\\/\\\/www.milesi.com\\\/pl\\\/#website\"},\"primaryImageOfPage\":{\"@id\":\"https:\\\/\\\/www.milesi.com\\\/pl\\\/produkt\\\/rozwiazania-do-drewna\\\/odpornosc-mechaniczna\\\/metal-marking-i-odpornosc-na-wyblyszczanie-powloki-matowej\\\/#primaryimage\"},\"image\":{\"@id\":\"https:\\\/\\\/www.milesi.com\\\/pl\\\/produkt\\\/rozwiazania-do-drewna\\\/odpornosc-mechaniczna\\\/metal-marking-i-odpornosc-na-wyblyszczanie-powloki-matowej\\\/#primaryimage\"},\"thumbnailUrl\":\"https:\\\/\\\/www.milesi.com\\\/wp-content\\\/uploads\\\/2020\\\/02\\\/polishing-home.jpg\",\"datePublished\":\"2020-02-05T10:27:29+00:00\",\"dateModified\":\"2020-09-14T13:19:05+00:00\",\"breadcrumb\":{\"@id\":\"https:\\\/\\\/www.milesi.com\\\/pl\\\/produkt\\\/rozwiazania-do-drewna\\\/odpornosc-mechaniczna\\\/metal-marking-i-odpornosc-na-wyblyszczanie-powloki-matowej\\\/#breadcrumb\"},\"inLanguage\":\"pl-PL\",\"potentialAction\":[{\"@type\":\"ReadAction\",\"target\":[\"https:\\\/\\\/www.milesi.com\\\/pl\\\/produkt\\\/rozwiazania-do-drewna\\\/odpornosc-mechaniczna\\\/metal-marking-i-odpornosc-na-wyblyszczanie-powloki-matowej\\\/\"]}]},{\"@type\":\"ImageObject\",\"inLanguage\":\"pl-PL\",\"@id\":\"https:\\\/\\\/www.milesi.com\\\/pl\\\/produkt\\\/rozwiazania-do-drewna\\\/odpornosc-mechaniczna\\\/metal-marking-i-odpornosc-na-wyblyszczanie-powloki-matowej\\\/#primaryimage\",\"url\":\"https:\\\/\\\/www.milesi.com\\\/wp-content\\\/uploads\\\/2020\\\/02\\\/polishing-home.jpg\",\"contentUrl\":\"https:\\\/\\\/www.milesi.com\\\/wp-content\\\/uploads\\\/2020\\\/02\\\/polishing-home.jpg\",\"width\":1200,\"height\":1200,\"caption\":\"Superfici cucina resistenti ai graffi trattate con vernice per legno Milesi\"},{\"@type\":\"BreadcrumbList\",\"@id\":\"https:\\\/\\\/www.milesi.com\\\/pl\\\/produkt\\\/rozwiazania-do-drewna\\\/odpornosc-mechaniczna\\\/metal-marking-i-odpornosc-na-wyblyszczanie-powloki-matowej\\\/#breadcrumb\",\"itemListElement\":[{\"@type\":\"ListItem\",\"position\":1,\"name\":\"Milesi - Lakiery do drewna\",\"item\":\"https:\\\/\\\/www.milesi.com\\\/pl\\\/\"},{\"@type\":\"ListItem\",\"position\":2,\"name\":\"Prodotti\",\"item\":\"https:\\\/\\\/www.milesi.com\\\/prodotti\\\/\"},{\"@type\":\"ListItem\",\"position\":3,\"name\":\"Metal marking i Odporno\u015b\u0107 na wyb\u0142yszczanie pow\u0142oki matowej\"}]},{\"@type\":\"WebSite\",\"@id\":\"https:\\\/\\\/www.milesi.com\\\/pl\\\/#website\",\"url\":\"https:\\\/\\\/www.milesi.com\\\/pl\\\/\",\"name\":\"Milesi Vernici per il legno\",\"description\":\"Lakiery do drewna\",\"publisher\":{\"@id\":\"https:\\\/\\\/www.milesi.com\\\/pl\\\/#organization\"},\"alternateName\":\"Milesi\",\"potentialAction\":[{\"@type\":\"SearchAction\",\"target\":{\"@type\":\"EntryPoint\",\"urlTemplate\":\"https:\\\/\\\/www.milesi.com\\\/pl\\\/?s={search_term_string}\"},\"query-input\":{\"@type\":\"PropertyValueSpecification\",\"valueRequired\":true,\"valueName\":\"search_term_string\"}}],\"inLanguage\":\"pl-PL\"},{\"@type\":\"Organization\",\"@id\":\"https:\\\/\\\/www.milesi.com\\\/pl\\\/#organization\",\"name\":\"Milesi Vernici\",\"alternateName\":\"Milesi\",\"url\":\"https:\\\/\\\/www.milesi.com\\\/pl\\\/\",\"logo\":{\"@type\":\"ImageObject\",\"inLanguage\":\"pl-PL\",\"@id\":\"https:\\\/\\\/www.milesi.com\\\/pl\\\/#\\\/schema\\\/logo\\\/image\\\/\",\"url\":\"https:\\\/\\\/www.milesi.com\\\/wp-content\\\/uploads\\\/2022\\\/12\\\/milesi-web.png\",\"contentUrl\":\"https:\\\/\\\/www.milesi.com\\\/wp-content\\\/uploads\\\/2022\\\/12\\\/milesi-web.png\",\"width\":100,\"height\":101,\"caption\":\"Milesi Vernici\"},\"image\":{\"@id\":\"https:\\\/\\\/www.milesi.com\\\/pl\\\/#\\\/schema\\\/logo\\\/image\\\/\"},\"sameAs\":[\"https:\\\/\\\/www.facebook.com\\\/MilesiVernici\",\"https:\\\/\\\/www.youtube.com\\\/channel\\\/UCgULN6yzPgE9usmMi3CP5hQ\",\"https:\\\/\\\/www.instagram.com\\\/milesiverniciperlegno\\\/\",\"https:\\\/\\\/vimeo.com\\\/user117001108\",\"https:\\\/\\\/www.linkedin.com\\\/company\\\/milesiwoodcoatings\\\/\"]}]}<\/script>\n<!-- \/ Yoast SEO plugin. -->","yoast_head_json":{"title":"Metal marking i Odporno\u015b\u0107 na wyb\u0142yszczanie pow\u0142oki matowej - Milesi","robots":{"index":"index","follow":"follow","max-snippet":"max-snippet:-1","max-image-preview":"max-image-preview:large","max-video-preview":"max-video-preview:-1"},"canonical":"https:\/\/www.milesi.com\/pl\/produkt\/rozwiazania-do-drewna\/odpornosc-mechaniczna\/metal-marking-i-odpornosc-na-wyblyszczanie-powloki-matowej\/","og_locale":"pl_PL","og_type":"article","og_title":"Metal marking i Odporno\u015b\u0107 na wyb\u0142yszczanie pow\u0142oki matowej - Milesi","og_description":"Lakiery matowe odporne na metal marking i na wyb\u0142yszczanie opracowane zosta\u0142y,\u00a0 aby zachowa\u0107 pi\u0119kno i g\u0142\u0119bok\u0105 matowo\u015b\u0107 powierzchni szczeg\u00f3lnie nara\u017conych na zarysowanie, takie jak blaty sto\u0142\u00f3w i biurek.","og_url":"https:\/\/www.milesi.com\/pl\/produkt\/rozwiazania-do-drewna\/odpornosc-mechaniczna\/metal-marking-i-odpornosc-na-wyblyszczanie-powloki-matowej\/","og_site_name":"Milesi","article_publisher":"https:\/\/www.facebook.com\/MilesiVernici","article_modified_time":"2020-09-14T13:19:05+00:00","og_image":[{"width":1200,"height":1200,"url":"https:\/\/www.milesi.com\/wp-content\/uploads\/2020\/02\/polishing-home.jpg","type":"image\/jpeg"}],"twitter_card":"summary_large_image","schema":{"@context":"https:\/\/schema.org","@graph":[{"@type":"WebPage","@id":"https:\/\/www.milesi.com\/pl\/produkt\/rozwiazania-do-drewna\/odpornosc-mechaniczna\/metal-marking-i-odpornosc-na-wyblyszczanie-powloki-matowej\/","url":"https:\/\/www.milesi.com\/pl\/produkt\/rozwiazania-do-drewna\/odpornosc-mechaniczna\/metal-marking-i-odpornosc-na-wyblyszczanie-powloki-matowej\/","name":"Metal marking i Odporno\u015b\u0107 na wyb\u0142yszczanie pow\u0142oki matowej - Milesi","isPartOf":{"@id":"https:\/\/www.milesi.com\/pl\/#website"},"primaryImageOfPage":{"@id":"https:\/\/www.milesi.com\/pl\/produkt\/rozwiazania-do-drewna\/odpornosc-mechaniczna\/metal-marking-i-odpornosc-na-wyblyszczanie-powloki-matowej\/#primaryimage"},"image":{"@id":"https:\/\/www.milesi.com\/pl\/produkt\/rozwiazania-do-drewna\/odpornosc-mechaniczna\/metal-marking-i-odpornosc-na-wyblyszczanie-powloki-matowej\/#primaryimage"},"thumbnailUrl":"https:\/\/www.milesi.com\/wp-content\/uploads\/2020\/02\/polishing-home.jpg","datePublished":"2020-02-05T10:27:29+00:00","dateModified":"2020-09-14T13:19:05+00:00","breadcrumb":{"@id":"https:\/\/www.milesi.com\/pl\/produkt\/rozwiazania-do-drewna\/odpornosc-mechaniczna\/metal-marking-i-odpornosc-na-wyblyszczanie-powloki-matowej\/#breadcrumb"},"inLanguage":"pl-PL","potentialAction":[{"@type":"ReadAction","target":["https:\/\/www.milesi.com\/pl\/produkt\/rozwiazania-do-drewna\/odpornosc-mechaniczna\/metal-marking-i-odpornosc-na-wyblyszczanie-powloki-matowej\/"]}]},{"@type":"ImageObject","inLanguage":"pl-PL","@id":"https:\/\/www.milesi.com\/pl\/produkt\/rozwiazania-do-drewna\/odpornosc-mechaniczna\/metal-marking-i-odpornosc-na-wyblyszczanie-powloki-matowej\/#primaryimage","url":"https:\/\/www.milesi.com\/wp-content\/uploads\/2020\/02\/polishing-home.jpg","contentUrl":"https:\/\/www.milesi.com\/wp-content\/uploads\/2020\/02\/polishing-home.jpg","width":1200,"height":1200,"caption":"Superfici cucina resistenti ai graffi trattate con vernice per legno Milesi"},{"@type":"BreadcrumbList","@id":"https:\/\/www.milesi.com\/pl\/produkt\/rozwiazania-do-drewna\/odpornosc-mechaniczna\/metal-marking-i-odpornosc-na-wyblyszczanie-powloki-matowej\/#breadcrumb","itemListElement":[{"@type":"ListItem","position":1,"name":"Milesi - Lakiery do drewna","item":"https:\/\/www.milesi.com\/pl\/"},{"@type":"ListItem","position":2,"name":"Prodotti","item":"https:\/\/www.milesi.com\/prodotti\/"},{"@type":"ListItem","position":3,"name":"Metal marking i Odporno\u015b\u0107 na wyb\u0142yszczanie pow\u0142oki matowej"}]},{"@type":"WebSite","@id":"https:\/\/www.milesi.com\/pl\/#website","url":"https:\/\/www.milesi.com\/pl\/","name":"Milesi Vernici per il legno","description":"Lakiery do drewna","publisher":{"@id":"https:\/\/www.milesi.com\/pl\/#organization"},"alternateName":"Milesi","potentialAction":[{"@type":"SearchAction","target":{"@type":"EntryPoint","urlTemplate":"https:\/\/www.milesi.com\/pl\/?s={search_term_string}"},"query-input":{"@type":"PropertyValueSpecification","valueRequired":true,"valueName":"search_term_string"}}],"inLanguage":"pl-PL"},{"@type":"Organization","@id":"https:\/\/www.milesi.com\/pl\/#organization","name":"Milesi Vernici","alternateName":"Milesi","url":"https:\/\/www.milesi.com\/pl\/","logo":{"@type":"ImageObject","inLanguage":"pl-PL","@id":"https:\/\/www.milesi.com\/pl\/#\/schema\/logo\/image\/","url":"https:\/\/www.milesi.com\/wp-content\/uploads\/2022\/12\/milesi-web.png","contentUrl":"https:\/\/www.milesi.com\/wp-content\/uploads\/2022\/12\/milesi-web.png","width":100,"height":101,"caption":"Milesi Vernici"},"image":{"@id":"https:\/\/www.milesi.com\/pl\/#\/schema\/logo\/image\/"},"sameAs":["https:\/\/www.facebook.com\/MilesiVernici","https:\/\/www.youtube.com\/channel\/UCgULN6yzPgE9usmMi3CP5hQ","https:\/\/www.instagram.com\/milesiverniciperlegno\/","https:\/\/vimeo.com\/user117001108","https:\/\/www.linkedin.com\/company\/milesiwoodcoatings\/"]}]}},"_links":{"self":[{"href":"https:\/\/www.milesi.com\/pl\/wp-json\/wp\/v2\/product\/8272","targetHints":{"allow":["GET"]}}],"collection":[{"href":"https:\/\/www.milesi.com\/pl\/wp-json\/wp\/v2\/product"}],"about":[{"href":"https:\/\/www.milesi.com\/pl\/wp-json\/wp\/v2\/types\/product"}],"replies":[{"embeddable":true,"href":"https:\/\/www.milesi.com\/pl\/wp-json\/wp\/v2\/comments?post=8272"}],"wp:featuredmedia":[{"embeddable":true,"href":"https:\/\/www.milesi.com\/pl\/wp-json\/wp\/v2\/media\/5931"}],"wp:attachment":[{"href":"https:\/\/www.milesi.com\/pl\/wp-json\/wp\/v2\/media?parent=8272"}],"wp:term":[{"taxonomy":"product_brand","embeddable":true,"href":"https:\/\/www.milesi.com\/pl\/wp-json\/wp\/v2\/product_brand?post=8272"},{"taxonomy":"product_cat","embeddable":true,"href":"https:\/\/www.milesi.com\/pl\/wp-json\/wp\/v2\/product_cat?post=8272"},{"taxonomy":"product_tag","embeddable":true,"href":"https:\/\/www.milesi.com\/pl\/wp-json\/wp\/v2\/product_tag?post=8272"}],"curies":[{"name":"wp","href":"https:\/\/api.w.org\/{rel}","templated":true}]}}