{"id":8275,"date":"2019-11-11T16:02:59","date_gmt":"2019-11-11T15:02:59","guid":{"rendered":"http:\/\/www.milesi.com\/shop\/bez-kategorii\/odpornosc-na-zimne-ciecze\/"},"modified":"2021-02-22T14:24:51","modified_gmt":"2021-02-22T13:24:51","slug":"odpornosc-na-zimne-ciecze","status":"publish","type":"product","link":"https:\/\/www.milesi.com\/pl\/produkt\/rozwiazania-do-drewna\/odpornosc-na-czynniki-chemiczne\/odpornosc-na-zimne-ciecze\/","title":{"rendered":"Odporno\u015b\u0107 na zimne ciecze"},"content":{"rendered":"","protected":false},"excerpt":{"rendered":"<p>Wyko\u0144czenia, na kt\u00f3rych nie pozostaj\u0105 widoczne plamy po kontakcie z p\u0142ynami powszechnie u\u017cywanymi w domu, takimi jak:\u00a0 kawa, olej, wino, roztwory czyszcz\u0105ce czy alkohol.<\/p>\n<p>Testowane zgodnie z <em>UNI EN 12720: 2013<\/em>\u00a0 (<em>ocena odporno\u015bci powierzchni na zimne p\u0142yny<\/em>) uzyskuj\u0105 minimaln\u0105 podan\u0105 warto\u015b\u0107:<\/p>\n<table style=\"width: 99.5281%;\" width=\"890\">\n<tbody>\n<tr>\n<td style=\"width: 96.1852%;\" width=\"241\">\u00b7\u00a0\u00a0\u00a0\u00a0\u00a0 Wodne do zastosowa\u0144 wewn\u0119trznych 1K<\/td>\n<td style=\"width: 19.2776%;\" width=\"113\">C<\/td>\n<\/tr>\n<tr>\n<td style=\"width: 96.1852%;\" width=\"241\">\u00b7\u00a0\u00a0\u00a0\u00a0\u00a0 Wodne do zastosowa\u0144 wewn\u0119trznych 2K<\/td>\n<td style=\"width: 19.2776%;\" width=\"113\">B<\/td>\n<\/tr>\n<tr>\n<td style=\"width: 96.1852%;\" width=\"241\">\u00b7\u00a0\u00a0\u00a0\u00a0\u00a0 Wodne do zastosowa\u0144 zewn\u0119trzna 1K<\/td>\n<td style=\"width: 19.2776%;\" width=\"113\">B<\/td>\n<\/tr>\n<tr>\n<td style=\"width: 96.1852%;\" width=\"241\">\u00b7\u00a0\u00a0\u00a0\u00a0\u00a0 Wodne UV<\/td>\n<td style=\"width: 19.2776%;\" width=\"113\">B<\/td>\n<\/tr>\n<tr>\n<td style=\"width: 96.1852%;\" width=\"241\">\u00b7\u00a0\u00a0\u00a0\u00a0\u00a0 Rozcie\u0144czalnikowe UV<\/td>\n<td style=\"width: 19.2776%;\" width=\"113\">B<\/td>\n<\/tr>\n<tr>\n<td style=\"width: 96.1852%;\" width=\"241\">\u00b7\u00a0\u00a0\u00a0\u00a0\u00a0 UV 100%<\/td>\n<td style=\"width: 19.2776%;\" width=\"113\">B<\/td>\n<\/tr>\n<tr>\n<td style=\"width: 96.1852%;\" width=\"241\">\u00b7\u00a0\u00a0\u00a0\u00a0\u00a0 Poliuretanowe<\/td>\n<td style=\"width: 19.2776%;\" width=\"113\">B<\/td>\n<\/tr>\n<tr>\n<td style=\"width: 96.1852%;\" width=\"241\">\u00b7\u00a0\u00a0\u00a0\u00a0\u00a0 Akrylowe<\/td>\n<td style=\"width: 19.2776%;\" width=\"113\">B<\/td>\n<\/tr>\n<tr>\n<td style=\"width: 96.1852%;\" width=\"241\">\u00b7\u00a0\u00a0\u00a0\u00a0\u00a0 Poliestrowe<\/td>\n<td style=\"width: 19.2776%;\" width=\"113\">B<\/td>\n<\/tr>\n<tr>\n<td style=\"width: 96.1852%;\" width=\"241\">\u00b7\u00a0 \u00a0 \u00a0 Wst\u0119pnie katalizowane<\/td>\n<td style=\"width: 19.2776%;\" width=\"113\">C<\/td>\n<\/tr>\n<tr>\n<td style=\"width: 96.1852%;\" width=\"241\">\u00b7\u00a0\u00a0\u00a0\u00a0\u00a0 BCA<\/td>\n<td style=\"width: 19.2776%;\" width=\"113\">B<\/td>\n<\/tr>\n<\/tbody>\n<\/table>\n<p>Testowane zgodnie z<em> IOS-MAT-0066<\/em> uzyskuj\u0105 minimaln\u0105 podan\u0105 warto\u015b\u0107:<\/p>\n<table>\n<tbody>\n<tr>\n<td style=\"width: 956.875px;\">\u00b7\u00a0 \u00a0 \u00a0 Wodne do zastosowa\u0144 wewn\u0119trznych 1K<\/td>\n<td style=\"width: 40.2083px;\">R4<\/td>\n<\/tr>\n<tr>\n<td style=\"width: 956.875px;\">\u00b7\u00a0 \u00a0 \u00a0 Wodne do zastosowa\u0144 wewn\u0119trznych 2K<\/td>\n<td style=\"width: 40.2083px;\">R2<\/td>\n<\/tr>\n<tr>\n<td style=\"width: 956.875px;\">\u00b7\u00a0 \u00a0 \u00a0 Wodne UV<\/td>\n<td style=\"width: 40.2083px;\">R2<\/td>\n<\/tr>\n<tr>\n<td style=\"width: 956.875px;\">\u00b7\u00a0\u00a0\u00a0\u00a0\u00a0 UV 100%<\/td>\n<td style=\"width: 40.2083px;\">R2<\/td>\n<\/tr>\n<tr>\n<td style=\"width: 956.875px;\">\u00b7\u00a0 \u00a0 \u00a0 PU<\/td>\n<td style=\"width: 40.2083px;\">R2<\/td>\n<\/tr>\n<tr>\n<td style=\"width: 956.875px;\">\u00b7\u00a0 \u00a0 \u00a0 Akrylowe<\/td>\n<td style=\"width: 40.2083px;\">R2<\/td>\n<\/tr>\n<\/tbody>\n<\/table>\n<p>&nbsp;<\/p>\n","protected":false},"featured_media":5949,"comment_status":"open","ping_status":"closed","template":"","meta":{"_et_pb_use_builder":"","_et_pb_old_content":"","_et_gb_content_width":""},"product_brand":[],"product_cat":[261,247],"product_tag":[319,421,348,317,717,730,318,835],"class_list":{"0":"post-8275","1":"product","2":"type-product","3":"status-publish","4":"has-post-thumbnail","6":"product_cat-odpornosc-na-czynniki-chemiczne","7":"product_cat-rozwiazania-do-drewna","8":"product_tag-drewna","9":"product_tag-jasny-niebieski","10":"product_tag-lakierowane","11":"product_tag-lakiery-pl","12":"product_tag-odpornosc-na-czynniki-chemiczne","13":"product_tag-odpornosc-na-zimne-ciecze","14":"product_tag-plyta","15":"product_tag-wenge-pl","17":"first","18":"instock","19":"shipping-taxable","20":"product-type-simple"},"yoast_head":"<!-- This site is optimized with the Yoast SEO plugin v27.3 - https:\/\/yoast.com\/product\/yoast-seo-wordpress\/ -->\n<title>Odporno\u015b\u0107 na zimne ciecze - Milesi<\/title>\n<meta name=\"robots\" content=\"index, follow, max-snippet:-1, max-image-preview:large, max-video-preview:-1\" \/>\n<link rel=\"canonical\" href=\"https:\/\/www.milesi.com\/pl\/produkt\/rozwiazania-do-drewna\/odpornosc-na-czynniki-chemiczne\/odpornosc-na-zimne-ciecze\/\" \/>\n<meta property=\"og:locale\" content=\"pl_PL\" \/>\n<meta property=\"og:type\" content=\"article\" \/>\n<meta property=\"og:title\" content=\"Odporno\u015b\u0107 na zimne ciecze - Milesi\" \/>\n<meta property=\"og:description\" content=\"Wyko\u0144czenia, na kt\u00f3rych nie pozostaj\u0105 widoczne plamy po kontakcie z p\u0142ynami powszechnie u\u017cywanymi w domu, takimi jak:\u00a0 kawa, olej, wino, roztwory czyszcz\u0105ce czy alkohol.  Testowane zgodnie z UNI EN 12720: 2013\u00a0 (ocena odporno\u015bci powierzchni na zimne p\u0142yny) uzyskuj\u0105 minimaln\u0105 podan\u0105 warto\u015b\u0107:    \u00b7\u00a0\u00a0\u00a0\u00a0\u00a0 Wodne do zastosowa\u0144 wewn\u0119trznych 1K C   \u00b7\u00a0\u00a0\u00a0\u00a0\u00a0 Wodne do zastosowa\u0144 wewn\u0119trznych 2K B   \u00b7\u00a0\u00a0\u00a0\u00a0\u00a0 Wodne do zastosowa\u0144 zewn\u0119trzna 1K B   \u00b7\u00a0\u00a0\u00a0\u00a0\u00a0 Wodne UV B   \u00b7\u00a0\u00a0\u00a0\u00a0\u00a0 Rozcie\u0144czalnikowe UV B   \u00b7\u00a0\u00a0\u00a0\u00a0\u00a0 UV 100% B   \u00b7\u00a0\u00a0\u00a0\u00a0\u00a0 Poliuretanowe B   \u00b7\u00a0\u00a0\u00a0\u00a0\u00a0 Akrylowe B   \u00b7\u00a0\u00a0\u00a0\u00a0\u00a0 Poliestrowe B   \u00b7\u00a0 \u00a0 \u00a0 Wst\u0119pnie katalizowane C   \u00b7\u00a0\u00a0\u00a0\u00a0\u00a0 BCA B    Testowane zgodnie z IOS-MAT-0066 uzyskuj\u0105 minimaln\u0105 podan\u0105 warto\u015b\u0107:    \u00b7\u00a0 \u00a0 \u00a0 Wodne do zastosowa\u0144 wewn\u0119trznych 1K R4   \u00b7\u00a0 \u00a0 \u00a0 Wodne do zastosowa\u0144 wewn\u0119trznych 2K R2   \u00b7\u00a0 \u00a0 \u00a0 Wodne UV R2   \u00b7\u00a0\u00a0\u00a0\u00a0\u00a0 UV 100% R2   \u00b7\u00a0 \u00a0 \u00a0 PU R2   \u00b7\u00a0 \u00a0 \u00a0 Akrylowe R2    &nbsp;\" \/>\n<meta property=\"og:url\" content=\"https:\/\/www.milesi.com\/pl\/produkt\/rozwiazania-do-drewna\/odpornosc-na-czynniki-chemiczne\/odpornosc-na-zimne-ciecze\/\" \/>\n<meta property=\"og:site_name\" content=\"Milesi\" \/>\n<meta property=\"article:publisher\" content=\"https:\/\/www.facebook.com\/MilesiVernici\" \/>\n<meta property=\"article:modified_time\" content=\"2021-02-22T13:24:51+00:00\" \/>\n<meta property=\"og:image\" content=\"https:\/\/www.milesi.com\/wp-content\/uploads\/2019\/11\/cold-liquid.jpg\" \/>\n\t<meta property=\"og:image:width\" content=\"1200\" \/>\n\t<meta property=\"og:image:height\" content=\"1200\" \/>\n\t<meta property=\"og:image:type\" content=\"image\/jpeg\" \/>\n<meta name=\"twitter:card\" content=\"summary_large_image\" \/>\n<script type=\"application\/ld+json\" class=\"yoast-schema-graph\">{\"@context\":\"https:\\\/\\\/schema.org\",\"@graph\":[{\"@type\":\"WebPage\",\"@id\":\"https:\\\/\\\/www.milesi.com\\\/pl\\\/produkt\\\/rozwiazania-do-drewna\\\/odpornosc-na-czynniki-chemiczne\\\/odpornosc-na-zimne-ciecze\\\/\",\"url\":\"https:\\\/\\\/www.milesi.com\\\/pl\\\/produkt\\\/rozwiazania-do-drewna\\\/odpornosc-na-czynniki-chemiczne\\\/odpornosc-na-zimne-ciecze\\\/\",\"name\":\"Odporno\u015b\u0107 na zimne ciecze - Milesi\",\"isPartOf\":{\"@id\":\"https:\\\/\\\/www.milesi.com\\\/pl\\\/#website\"},\"primaryImageOfPage\":{\"@id\":\"https:\\\/\\\/www.milesi.com\\\/pl\\\/produkt\\\/rozwiazania-do-drewna\\\/odpornosc-na-czynniki-chemiczne\\\/odpornosc-na-zimne-ciecze\\\/#primaryimage\"},\"image\":{\"@id\":\"https:\\\/\\\/www.milesi.com\\\/pl\\\/produkt\\\/rozwiazania-do-drewna\\\/odpornosc-na-czynniki-chemiczne\\\/odpornosc-na-zimne-ciecze\\\/#primaryimage\"},\"thumbnailUrl\":\"https:\\\/\\\/www.milesi.com\\\/wp-content\\\/uploads\\\/2019\\\/11\\\/cold-liquid.jpg\",\"datePublished\":\"2019-11-11T15:02:59+00:00\",\"dateModified\":\"2021-02-22T13:24:51+00:00\",\"breadcrumb\":{\"@id\":\"https:\\\/\\\/www.milesi.com\\\/pl\\\/produkt\\\/rozwiazania-do-drewna\\\/odpornosc-na-czynniki-chemiczne\\\/odpornosc-na-zimne-ciecze\\\/#breadcrumb\"},\"inLanguage\":\"pl-PL\",\"potentialAction\":[{\"@type\":\"ReadAction\",\"target\":[\"https:\\\/\\\/www.milesi.com\\\/pl\\\/produkt\\\/rozwiazania-do-drewna\\\/odpornosc-na-czynniki-chemiczne\\\/odpornosc-na-zimne-ciecze\\\/\"]}]},{\"@type\":\"ImageObject\",\"inLanguage\":\"pl-PL\",\"@id\":\"https:\\\/\\\/www.milesi.com\\\/pl\\\/produkt\\\/rozwiazania-do-drewna\\\/odpornosc-na-czynniki-chemiczne\\\/odpornosc-na-zimne-ciecze\\\/#primaryimage\",\"url\":\"https:\\\/\\\/www.milesi.com\\\/wp-content\\\/uploads\\\/2019\\\/11\\\/cold-liquid.jpg\",\"contentUrl\":\"https:\\\/\\\/www.milesi.com\\\/wp-content\\\/uploads\\\/2019\\\/11\\\/cold-liquid.jpg\",\"width\":1200,\"height\":1200,\"caption\":\"Superficie trattata con vernice resistente ai liquidi\"},{\"@type\":\"BreadcrumbList\",\"@id\":\"https:\\\/\\\/www.milesi.com\\\/pl\\\/produkt\\\/rozwiazania-do-drewna\\\/odpornosc-na-czynniki-chemiczne\\\/odpornosc-na-zimne-ciecze\\\/#breadcrumb\",\"itemListElement\":[{\"@type\":\"ListItem\",\"position\":1,\"name\":\"Milesi - Lakiery do drewna\",\"item\":\"https:\\\/\\\/www.milesi.com\\\/pl\\\/\"},{\"@type\":\"ListItem\",\"position\":2,\"name\":\"Prodotti\",\"item\":\"https:\\\/\\\/www.milesi.com\\\/prodotti\\\/\"},{\"@type\":\"ListItem\",\"position\":3,\"name\":\"Odporno\u015b\u0107 na zimne ciecze\"}]},{\"@type\":\"WebSite\",\"@id\":\"https:\\\/\\\/www.milesi.com\\\/pl\\\/#website\",\"url\":\"https:\\\/\\\/www.milesi.com\\\/pl\\\/\",\"name\":\"Milesi Vernici per il legno\",\"description\":\"Lakiery do drewna\",\"publisher\":{\"@id\":\"https:\\\/\\\/www.milesi.com\\\/pl\\\/#organization\"},\"alternateName\":\"Milesi\",\"potentialAction\":[{\"@type\":\"SearchAction\",\"target\":{\"@type\":\"EntryPoint\",\"urlTemplate\":\"https:\\\/\\\/www.milesi.com\\\/pl\\\/?s={search_term_string}\"},\"query-input\":{\"@type\":\"PropertyValueSpecification\",\"valueRequired\":true,\"valueName\":\"search_term_string\"}}],\"inLanguage\":\"pl-PL\"},{\"@type\":\"Organization\",\"@id\":\"https:\\\/\\\/www.milesi.com\\\/pl\\\/#organization\",\"name\":\"Milesi Vernici\",\"alternateName\":\"Milesi\",\"url\":\"https:\\\/\\\/www.milesi.com\\\/pl\\\/\",\"logo\":{\"@type\":\"ImageObject\",\"inLanguage\":\"pl-PL\",\"@id\":\"https:\\\/\\\/www.milesi.com\\\/pl\\\/#\\\/schema\\\/logo\\\/image\\\/\",\"url\":\"https:\\\/\\\/www.milesi.com\\\/wp-content\\\/uploads\\\/2022\\\/12\\\/milesi-web.png\",\"contentUrl\":\"https:\\\/\\\/www.milesi.com\\\/wp-content\\\/uploads\\\/2022\\\/12\\\/milesi-web.png\",\"width\":100,\"height\":101,\"caption\":\"Milesi Vernici\"},\"image\":{\"@id\":\"https:\\\/\\\/www.milesi.com\\\/pl\\\/#\\\/schema\\\/logo\\\/image\\\/\"},\"sameAs\":[\"https:\\\/\\\/www.facebook.com\\\/MilesiVernici\",\"https:\\\/\\\/www.youtube.com\\\/channel\\\/UCgULN6yzPgE9usmMi3CP5hQ\",\"https:\\\/\\\/www.instagram.com\\\/milesiverniciperlegno\\\/\",\"https:\\\/\\\/vimeo.com\\\/user117001108\",\"https:\\\/\\\/www.linkedin.com\\\/company\\\/milesiwoodcoatings\\\/\"]}]}<\/script>\n<!-- \/ Yoast SEO plugin. -->","yoast_head_json":{"title":"Odporno\u015b\u0107 na zimne ciecze - Milesi","robots":{"index":"index","follow":"follow","max-snippet":"max-snippet:-1","max-image-preview":"max-image-preview:large","max-video-preview":"max-video-preview:-1"},"canonical":"https:\/\/www.milesi.com\/pl\/produkt\/rozwiazania-do-drewna\/odpornosc-na-czynniki-chemiczne\/odpornosc-na-zimne-ciecze\/","og_locale":"pl_PL","og_type":"article","og_title":"Odporno\u015b\u0107 na zimne ciecze - Milesi","og_description":"Wyko\u0144czenia, na kt\u00f3rych nie pozostaj\u0105 widoczne plamy po kontakcie z p\u0142ynami powszechnie u\u017cywanymi w domu, takimi jak:\u00a0 kawa, olej, wino, roztwory czyszcz\u0105ce czy alkohol.  Testowane zgodnie z UNI EN 12720: 2013\u00a0 (ocena odporno\u015bci powierzchni na zimne p\u0142yny) uzyskuj\u0105 minimaln\u0105 podan\u0105 warto\u015b\u0107:    \u00b7\u00a0\u00a0\u00a0\u00a0\u00a0 Wodne do zastosowa\u0144 wewn\u0119trznych 1K C   \u00b7\u00a0\u00a0\u00a0\u00a0\u00a0 Wodne do zastosowa\u0144 wewn\u0119trznych 2K B   \u00b7\u00a0\u00a0\u00a0\u00a0\u00a0 Wodne do zastosowa\u0144 zewn\u0119trzna 1K B   \u00b7\u00a0\u00a0\u00a0\u00a0\u00a0 Wodne UV B   \u00b7\u00a0\u00a0\u00a0\u00a0\u00a0 Rozcie\u0144czalnikowe UV B   \u00b7\u00a0\u00a0\u00a0\u00a0\u00a0 UV 100% B   \u00b7\u00a0\u00a0\u00a0\u00a0\u00a0 Poliuretanowe B   \u00b7\u00a0\u00a0\u00a0\u00a0\u00a0 Akrylowe B   \u00b7\u00a0\u00a0\u00a0\u00a0\u00a0 Poliestrowe B   \u00b7\u00a0 \u00a0 \u00a0 Wst\u0119pnie katalizowane C   \u00b7\u00a0\u00a0\u00a0\u00a0\u00a0 BCA B    Testowane zgodnie z IOS-MAT-0066 uzyskuj\u0105 minimaln\u0105 podan\u0105 warto\u015b\u0107:    \u00b7\u00a0 \u00a0 \u00a0 Wodne do zastosowa\u0144 wewn\u0119trznych 1K R4   \u00b7\u00a0 \u00a0 \u00a0 Wodne do zastosowa\u0144 wewn\u0119trznych 2K R2   \u00b7\u00a0 \u00a0 \u00a0 Wodne UV R2   \u00b7\u00a0\u00a0\u00a0\u00a0\u00a0 UV 100% R2   \u00b7\u00a0 \u00a0 \u00a0 PU R2   \u00b7\u00a0 \u00a0 \u00a0 Akrylowe R2    &nbsp;","og_url":"https:\/\/www.milesi.com\/pl\/produkt\/rozwiazania-do-drewna\/odpornosc-na-czynniki-chemiczne\/odpornosc-na-zimne-ciecze\/","og_site_name":"Milesi","article_publisher":"https:\/\/www.facebook.com\/MilesiVernici","article_modified_time":"2021-02-22T13:24:51+00:00","og_image":[{"width":1200,"height":1200,"url":"https:\/\/www.milesi.com\/wp-content\/uploads\/2019\/11\/cold-liquid.jpg","type":"image\/jpeg"}],"twitter_card":"summary_large_image","schema":{"@context":"https:\/\/schema.org","@graph":[{"@type":"WebPage","@id":"https:\/\/www.milesi.com\/pl\/produkt\/rozwiazania-do-drewna\/odpornosc-na-czynniki-chemiczne\/odpornosc-na-zimne-ciecze\/","url":"https:\/\/www.milesi.com\/pl\/produkt\/rozwiazania-do-drewna\/odpornosc-na-czynniki-chemiczne\/odpornosc-na-zimne-ciecze\/","name":"Odporno\u015b\u0107 na zimne ciecze - Milesi","isPartOf":{"@id":"https:\/\/www.milesi.com\/pl\/#website"},"primaryImageOfPage":{"@id":"https:\/\/www.milesi.com\/pl\/produkt\/rozwiazania-do-drewna\/odpornosc-na-czynniki-chemiczne\/odpornosc-na-zimne-ciecze\/#primaryimage"},"image":{"@id":"https:\/\/www.milesi.com\/pl\/produkt\/rozwiazania-do-drewna\/odpornosc-na-czynniki-chemiczne\/odpornosc-na-zimne-ciecze\/#primaryimage"},"thumbnailUrl":"https:\/\/www.milesi.com\/wp-content\/uploads\/2019\/11\/cold-liquid.jpg","datePublished":"2019-11-11T15:02:59+00:00","dateModified":"2021-02-22T13:24:51+00:00","breadcrumb":{"@id":"https:\/\/www.milesi.com\/pl\/produkt\/rozwiazania-do-drewna\/odpornosc-na-czynniki-chemiczne\/odpornosc-na-zimne-ciecze\/#breadcrumb"},"inLanguage":"pl-PL","potentialAction":[{"@type":"ReadAction","target":["https:\/\/www.milesi.com\/pl\/produkt\/rozwiazania-do-drewna\/odpornosc-na-czynniki-chemiczne\/odpornosc-na-zimne-ciecze\/"]}]},{"@type":"ImageObject","inLanguage":"pl-PL","@id":"https:\/\/www.milesi.com\/pl\/produkt\/rozwiazania-do-drewna\/odpornosc-na-czynniki-chemiczne\/odpornosc-na-zimne-ciecze\/#primaryimage","url":"https:\/\/www.milesi.com\/wp-content\/uploads\/2019\/11\/cold-liquid.jpg","contentUrl":"https:\/\/www.milesi.com\/wp-content\/uploads\/2019\/11\/cold-liquid.jpg","width":1200,"height":1200,"caption":"Superficie trattata con vernice resistente ai liquidi"},{"@type":"BreadcrumbList","@id":"https:\/\/www.milesi.com\/pl\/produkt\/rozwiazania-do-drewna\/odpornosc-na-czynniki-chemiczne\/odpornosc-na-zimne-ciecze\/#breadcrumb","itemListElement":[{"@type":"ListItem","position":1,"name":"Milesi - Lakiery do drewna","item":"https:\/\/www.milesi.com\/pl\/"},{"@type":"ListItem","position":2,"name":"Prodotti","item":"https:\/\/www.milesi.com\/prodotti\/"},{"@type":"ListItem","position":3,"name":"Odporno\u015b\u0107 na zimne ciecze"}]},{"@type":"WebSite","@id":"https:\/\/www.milesi.com\/pl\/#website","url":"https:\/\/www.milesi.com\/pl\/","name":"Milesi Vernici per il legno","description":"Lakiery do drewna","publisher":{"@id":"https:\/\/www.milesi.com\/pl\/#organization"},"alternateName":"Milesi","potentialAction":[{"@type":"SearchAction","target":{"@type":"EntryPoint","urlTemplate":"https:\/\/www.milesi.com\/pl\/?s={search_term_string}"},"query-input":{"@type":"PropertyValueSpecification","valueRequired":true,"valueName":"search_term_string"}}],"inLanguage":"pl-PL"},{"@type":"Organization","@id":"https:\/\/www.milesi.com\/pl\/#organization","name":"Milesi Vernici","alternateName":"Milesi","url":"https:\/\/www.milesi.com\/pl\/","logo":{"@type":"ImageObject","inLanguage":"pl-PL","@id":"https:\/\/www.milesi.com\/pl\/#\/schema\/logo\/image\/","url":"https:\/\/www.milesi.com\/wp-content\/uploads\/2022\/12\/milesi-web.png","contentUrl":"https:\/\/www.milesi.com\/wp-content\/uploads\/2022\/12\/milesi-web.png","width":100,"height":101,"caption":"Milesi Vernici"},"image":{"@id":"https:\/\/www.milesi.com\/pl\/#\/schema\/logo\/image\/"},"sameAs":["https:\/\/www.facebook.com\/MilesiVernici","https:\/\/www.youtube.com\/channel\/UCgULN6yzPgE9usmMi3CP5hQ","https:\/\/www.instagram.com\/milesiverniciperlegno\/","https:\/\/vimeo.com\/user117001108","https:\/\/www.linkedin.com\/company\/milesiwoodcoatings\/"]}]}},"_links":{"self":[{"href":"https:\/\/www.milesi.com\/pl\/wp-json\/wp\/v2\/product\/8275","targetHints":{"allow":["GET"]}}],"collection":[{"href":"https:\/\/www.milesi.com\/pl\/wp-json\/wp\/v2\/product"}],"about":[{"href":"https:\/\/www.milesi.com\/pl\/wp-json\/wp\/v2\/types\/product"}],"replies":[{"embeddable":true,"href":"https:\/\/www.milesi.com\/pl\/wp-json\/wp\/v2\/comments?post=8275"}],"wp:featuredmedia":[{"embeddable":true,"href":"https:\/\/www.milesi.com\/pl\/wp-json\/wp\/v2\/media\/5949"}],"wp:attachment":[{"href":"https:\/\/www.milesi.com\/pl\/wp-json\/wp\/v2\/media?parent=8275"}],"wp:term":[{"taxonomy":"product_brand","embeddable":true,"href":"https:\/\/www.milesi.com\/pl\/wp-json\/wp\/v2\/product_brand?post=8275"},{"taxonomy":"product_cat","embeddable":true,"href":"https:\/\/www.milesi.com\/pl\/wp-json\/wp\/v2\/product_cat?post=8275"},{"taxonomy":"product_tag","embeddable":true,"href":"https:\/\/www.milesi.com\/pl\/wp-json\/wp\/v2\/product_tag?post=8275"}],"curies":[{"name":"wp","href":"https:\/\/api.w.org\/{rel}","templated":true}]}}