{"id":8328,"date":"2019-11-11T16:37:33","date_gmt":"2019-11-11T15:37:33","guid":{"rendered":"http:\/\/www.milesi.com\/shop\/bez-kategorii\/wodne-lakiery-do-szkla\/"},"modified":"2020-09-14T16:16:02","modified_gmt":"2020-09-14T14:16:02","slug":"wodne-lakiery-do-szkla","status":"publish","type":"product","link":"https:\/\/www.milesi.com\/pl\/produkt\/rozwiazania-do-innych-materialow\/wodne-lakiery-do-szkla\/","title":{"rendered":"Wodne Lakiery do Szk\u0142a"},"content":{"rendered":"","protected":false},"excerpt":{"rendered":"<p>Dost\u0119pne we wszystkich po\u017c\u0105danych kolorach, w wersji g\u0142adkiej i strukturalnej, pozwalaj\u0105 na tworzenie r\u00f3\u017cnych efekt\u00f3w zar\u00f3wno na powierzchniach, jak i na elementach ob\u0142ych.<\/p>\n","protected":false},"featured_media":11215,"comment_status":"open","ping_status":"closed","template":"","meta":{"_et_pb_use_builder":"","_et_pb_old_content":"","_et_gb_content_width":""},"product_brand":[],"product_cat":[747],"product_tag":[],"class_list":{"0":"post-8328","1":"product","2":"type-product","3":"status-publish","4":"has-post-thumbnail","6":"product_cat-rozwiazania-do-innych-materialow","8":"first","9":"instock","10":"featured","11":"shipping-taxable","12":"product-type-simple"},"yoast_head":"<!-- This site is optimized with the Yoast SEO plugin v27.3 - https:\/\/yoast.com\/product\/yoast-seo-wordpress\/ -->\n<title>Wodne Lakiery do Szk\u0142a - Milesi<\/title>\n<meta name=\"robots\" content=\"index, follow, max-snippet:-1, max-image-preview:large, max-video-preview:-1\" \/>\n<link rel=\"canonical\" href=\"https:\/\/www.milesi.com\/pl\/produkt\/rozwiazania-do-innych-materialow\/wodne-lakiery-do-szkla\/\" \/>\n<meta property=\"og:locale\" content=\"pl_PL\" \/>\n<meta property=\"og:type\" content=\"article\" \/>\n<meta property=\"og:title\" content=\"Wodne Lakiery do Szk\u0142a - Milesi\" \/>\n<meta property=\"og:description\" content=\"Dost\u0119pne we wszystkich po\u017c\u0105danych kolorach, w wersji g\u0142adkiej i strukturalnej, pozwalaj\u0105 na tworzenie r\u00f3\u017cnych efekt\u00f3w zar\u00f3wno na powierzchniach, jak i na elementach ob\u0142ych.\" \/>\n<meta property=\"og:url\" content=\"https:\/\/www.milesi.com\/pl\/produkt\/rozwiazania-do-innych-materialow\/wodne-lakiery-do-szkla\/\" \/>\n<meta property=\"og:site_name\" content=\"Milesi\" \/>\n<meta property=\"article:publisher\" content=\"https:\/\/www.facebook.com\/MilesiVernici\" \/>\n<meta property=\"article:modified_time\" content=\"2020-09-14T14:16:02+00:00\" \/>\n<meta property=\"og:image\" content=\"https:\/\/www.milesi.com\/wp-content\/uploads\/2020\/12\/vernici-per-vetro.jpg\" \/>\n\t<meta property=\"og:image:width\" content=\"600\" \/>\n\t<meta property=\"og:image:height\" content=\"600\" \/>\n\t<meta property=\"og:image:type\" content=\"image\/jpeg\" \/>\n<meta name=\"twitter:card\" content=\"summary_large_image\" \/>\n<script type=\"application\/ld+json\" class=\"yoast-schema-graph\">{\"@context\":\"https:\\\/\\\/schema.org\",\"@graph\":[{\"@type\":\"WebPage\",\"@id\":\"https:\\\/\\\/www.milesi.com\\\/pl\\\/produkt\\\/rozwiazania-do-innych-materialow\\\/wodne-lakiery-do-szkla\\\/\",\"url\":\"https:\\\/\\\/www.milesi.com\\\/pl\\\/produkt\\\/rozwiazania-do-innych-materialow\\\/wodne-lakiery-do-szkla\\\/\",\"name\":\"Wodne Lakiery do Szk\u0142a - Milesi\",\"isPartOf\":{\"@id\":\"https:\\\/\\\/www.milesi.com\\\/pl\\\/#website\"},\"primaryImageOfPage\":{\"@id\":\"https:\\\/\\\/www.milesi.com\\\/pl\\\/produkt\\\/rozwiazania-do-innych-materialow\\\/wodne-lakiery-do-szkla\\\/#primaryimage\"},\"image\":{\"@id\":\"https:\\\/\\\/www.milesi.com\\\/pl\\\/produkt\\\/rozwiazania-do-innych-materialow\\\/wodne-lakiery-do-szkla\\\/#primaryimage\"},\"thumbnailUrl\":\"https:\\\/\\\/www.milesi.com\\\/wp-content\\\/uploads\\\/2020\\\/12\\\/vernici-per-vetro.jpg\",\"datePublished\":\"2019-11-11T15:37:33+00:00\",\"dateModified\":\"2020-09-14T14:16:02+00:00\",\"breadcrumb\":{\"@id\":\"https:\\\/\\\/www.milesi.com\\\/pl\\\/produkt\\\/rozwiazania-do-innych-materialow\\\/wodne-lakiery-do-szkla\\\/#breadcrumb\"},\"inLanguage\":\"pl-PL\",\"potentialAction\":[{\"@type\":\"ReadAction\",\"target\":[\"https:\\\/\\\/www.milesi.com\\\/pl\\\/produkt\\\/rozwiazania-do-innych-materialow\\\/wodne-lakiery-do-szkla\\\/\"]}]},{\"@type\":\"ImageObject\",\"inLanguage\":\"pl-PL\",\"@id\":\"https:\\\/\\\/www.milesi.com\\\/pl\\\/produkt\\\/rozwiazania-do-innych-materialow\\\/wodne-lakiery-do-szkla\\\/#primaryimage\",\"url\":\"https:\\\/\\\/www.milesi.com\\\/wp-content\\\/uploads\\\/2020\\\/12\\\/vernici-per-vetro.jpg\",\"contentUrl\":\"https:\\\/\\\/www.milesi.com\\\/wp-content\\\/uploads\\\/2020\\\/12\\\/vernici-per-vetro.jpg\",\"width\":600,\"height\":600,\"caption\":\"Vernici per vetro all\u2019acqua in tutti i colori\"},{\"@type\":\"BreadcrumbList\",\"@id\":\"https:\\\/\\\/www.milesi.com\\\/pl\\\/produkt\\\/rozwiazania-do-innych-materialow\\\/wodne-lakiery-do-szkla\\\/#breadcrumb\",\"itemListElement\":[{\"@type\":\"ListItem\",\"position\":1,\"name\":\"Milesi - Lakiery do drewna\",\"item\":\"https:\\\/\\\/www.milesi.com\\\/pl\\\/\"},{\"@type\":\"ListItem\",\"position\":2,\"name\":\"Prodotti\",\"item\":\"https:\\\/\\\/www.milesi.com\\\/prodotti\\\/\"},{\"@type\":\"ListItem\",\"position\":3,\"name\":\"Wodne Lakiery do Szk\u0142a\"}]},{\"@type\":\"WebSite\",\"@id\":\"https:\\\/\\\/www.milesi.com\\\/pl\\\/#website\",\"url\":\"https:\\\/\\\/www.milesi.com\\\/pl\\\/\",\"name\":\"Milesi Vernici per il legno\",\"description\":\"Lakiery do drewna\",\"publisher\":{\"@id\":\"https:\\\/\\\/www.milesi.com\\\/pl\\\/#organization\"},\"alternateName\":\"Milesi\",\"potentialAction\":[{\"@type\":\"SearchAction\",\"target\":{\"@type\":\"EntryPoint\",\"urlTemplate\":\"https:\\\/\\\/www.milesi.com\\\/pl\\\/?s={search_term_string}\"},\"query-input\":{\"@type\":\"PropertyValueSpecification\",\"valueRequired\":true,\"valueName\":\"search_term_string\"}}],\"inLanguage\":\"pl-PL\"},{\"@type\":\"Organization\",\"@id\":\"https:\\\/\\\/www.milesi.com\\\/pl\\\/#organization\",\"name\":\"Milesi Vernici\",\"alternateName\":\"Milesi\",\"url\":\"https:\\\/\\\/www.milesi.com\\\/pl\\\/\",\"logo\":{\"@type\":\"ImageObject\",\"inLanguage\":\"pl-PL\",\"@id\":\"https:\\\/\\\/www.milesi.com\\\/pl\\\/#\\\/schema\\\/logo\\\/image\\\/\",\"url\":\"https:\\\/\\\/www.milesi.com\\\/wp-content\\\/uploads\\\/2022\\\/12\\\/milesi-web.png\",\"contentUrl\":\"https:\\\/\\\/www.milesi.com\\\/wp-content\\\/uploads\\\/2022\\\/12\\\/milesi-web.png\",\"width\":100,\"height\":101,\"caption\":\"Milesi Vernici\"},\"image\":{\"@id\":\"https:\\\/\\\/www.milesi.com\\\/pl\\\/#\\\/schema\\\/logo\\\/image\\\/\"},\"sameAs\":[\"https:\\\/\\\/www.facebook.com\\\/MilesiVernici\",\"https:\\\/\\\/www.youtube.com\\\/channel\\\/UCgULN6yzPgE9usmMi3CP5hQ\",\"https:\\\/\\\/www.instagram.com\\\/milesiverniciperlegno\\\/\",\"https:\\\/\\\/vimeo.com\\\/user117001108\",\"https:\\\/\\\/www.linkedin.com\\\/company\\\/milesiwoodcoatings\\\/\"]}]}<\/script>\n<!-- \/ Yoast SEO plugin. -->","yoast_head_json":{"title":"Wodne Lakiery do Szk\u0142a - Milesi","robots":{"index":"index","follow":"follow","max-snippet":"max-snippet:-1","max-image-preview":"max-image-preview:large","max-video-preview":"max-video-preview:-1"},"canonical":"https:\/\/www.milesi.com\/pl\/produkt\/rozwiazania-do-innych-materialow\/wodne-lakiery-do-szkla\/","og_locale":"pl_PL","og_type":"article","og_title":"Wodne Lakiery do Szk\u0142a - Milesi","og_description":"Dost\u0119pne we wszystkich po\u017c\u0105danych kolorach, w wersji g\u0142adkiej i strukturalnej, pozwalaj\u0105 na tworzenie r\u00f3\u017cnych efekt\u00f3w zar\u00f3wno na powierzchniach, jak i na elementach ob\u0142ych.","og_url":"https:\/\/www.milesi.com\/pl\/produkt\/rozwiazania-do-innych-materialow\/wodne-lakiery-do-szkla\/","og_site_name":"Milesi","article_publisher":"https:\/\/www.facebook.com\/MilesiVernici","article_modified_time":"2020-09-14T14:16:02+00:00","og_image":[{"width":600,"height":600,"url":"https:\/\/www.milesi.com\/wp-content\/uploads\/2020\/12\/vernici-per-vetro.jpg","type":"image\/jpeg"}],"twitter_card":"summary_large_image","schema":{"@context":"https:\/\/schema.org","@graph":[{"@type":"WebPage","@id":"https:\/\/www.milesi.com\/pl\/produkt\/rozwiazania-do-innych-materialow\/wodne-lakiery-do-szkla\/","url":"https:\/\/www.milesi.com\/pl\/produkt\/rozwiazania-do-innych-materialow\/wodne-lakiery-do-szkla\/","name":"Wodne Lakiery do Szk\u0142a - Milesi","isPartOf":{"@id":"https:\/\/www.milesi.com\/pl\/#website"},"primaryImageOfPage":{"@id":"https:\/\/www.milesi.com\/pl\/produkt\/rozwiazania-do-innych-materialow\/wodne-lakiery-do-szkla\/#primaryimage"},"image":{"@id":"https:\/\/www.milesi.com\/pl\/produkt\/rozwiazania-do-innych-materialow\/wodne-lakiery-do-szkla\/#primaryimage"},"thumbnailUrl":"https:\/\/www.milesi.com\/wp-content\/uploads\/2020\/12\/vernici-per-vetro.jpg","datePublished":"2019-11-11T15:37:33+00:00","dateModified":"2020-09-14T14:16:02+00:00","breadcrumb":{"@id":"https:\/\/www.milesi.com\/pl\/produkt\/rozwiazania-do-innych-materialow\/wodne-lakiery-do-szkla\/#breadcrumb"},"inLanguage":"pl-PL","potentialAction":[{"@type":"ReadAction","target":["https:\/\/www.milesi.com\/pl\/produkt\/rozwiazania-do-innych-materialow\/wodne-lakiery-do-szkla\/"]}]},{"@type":"ImageObject","inLanguage":"pl-PL","@id":"https:\/\/www.milesi.com\/pl\/produkt\/rozwiazania-do-innych-materialow\/wodne-lakiery-do-szkla\/#primaryimage","url":"https:\/\/www.milesi.com\/wp-content\/uploads\/2020\/12\/vernici-per-vetro.jpg","contentUrl":"https:\/\/www.milesi.com\/wp-content\/uploads\/2020\/12\/vernici-per-vetro.jpg","width":600,"height":600,"caption":"Vernici per vetro all\u2019acqua in tutti i colori"},{"@type":"BreadcrumbList","@id":"https:\/\/www.milesi.com\/pl\/produkt\/rozwiazania-do-innych-materialow\/wodne-lakiery-do-szkla\/#breadcrumb","itemListElement":[{"@type":"ListItem","position":1,"name":"Milesi - Lakiery do drewna","item":"https:\/\/www.milesi.com\/pl\/"},{"@type":"ListItem","position":2,"name":"Prodotti","item":"https:\/\/www.milesi.com\/prodotti\/"},{"@type":"ListItem","position":3,"name":"Wodne Lakiery do Szk\u0142a"}]},{"@type":"WebSite","@id":"https:\/\/www.milesi.com\/pl\/#website","url":"https:\/\/www.milesi.com\/pl\/","name":"Milesi Vernici per il legno","description":"Lakiery do drewna","publisher":{"@id":"https:\/\/www.milesi.com\/pl\/#organization"},"alternateName":"Milesi","potentialAction":[{"@type":"SearchAction","target":{"@type":"EntryPoint","urlTemplate":"https:\/\/www.milesi.com\/pl\/?s={search_term_string}"},"query-input":{"@type":"PropertyValueSpecification","valueRequired":true,"valueName":"search_term_string"}}],"inLanguage":"pl-PL"},{"@type":"Organization","@id":"https:\/\/www.milesi.com\/pl\/#organization","name":"Milesi Vernici","alternateName":"Milesi","url":"https:\/\/www.milesi.com\/pl\/","logo":{"@type":"ImageObject","inLanguage":"pl-PL","@id":"https:\/\/www.milesi.com\/pl\/#\/schema\/logo\/image\/","url":"https:\/\/www.milesi.com\/wp-content\/uploads\/2022\/12\/milesi-web.png","contentUrl":"https:\/\/www.milesi.com\/wp-content\/uploads\/2022\/12\/milesi-web.png","width":100,"height":101,"caption":"Milesi Vernici"},"image":{"@id":"https:\/\/www.milesi.com\/pl\/#\/schema\/logo\/image\/"},"sameAs":["https:\/\/www.facebook.com\/MilesiVernici","https:\/\/www.youtube.com\/channel\/UCgULN6yzPgE9usmMi3CP5hQ","https:\/\/www.instagram.com\/milesiverniciperlegno\/","https:\/\/vimeo.com\/user117001108","https:\/\/www.linkedin.com\/company\/milesiwoodcoatings\/"]}]}},"_links":{"self":[{"href":"https:\/\/www.milesi.com\/pl\/wp-json\/wp\/v2\/product\/8328","targetHints":{"allow":["GET"]}}],"collection":[{"href":"https:\/\/www.milesi.com\/pl\/wp-json\/wp\/v2\/product"}],"about":[{"href":"https:\/\/www.milesi.com\/pl\/wp-json\/wp\/v2\/types\/product"}],"replies":[{"embeddable":true,"href":"https:\/\/www.milesi.com\/pl\/wp-json\/wp\/v2\/comments?post=8328"}],"wp:featuredmedia":[{"embeddable":true,"href":"https:\/\/www.milesi.com\/pl\/wp-json\/wp\/v2\/media\/11215"}],"wp:attachment":[{"href":"https:\/\/www.milesi.com\/pl\/wp-json\/wp\/v2\/media?parent=8328"}],"wp:term":[{"taxonomy":"product_brand","embeddable":true,"href":"https:\/\/www.milesi.com\/pl\/wp-json\/wp\/v2\/product_brand?post=8328"},{"taxonomy":"product_cat","embeddable":true,"href":"https:\/\/www.milesi.com\/pl\/wp-json\/wp\/v2\/product_cat?post=8328"},{"taxonomy":"product_tag","embeddable":true,"href":"https:\/\/www.milesi.com\/pl\/wp-json\/wp\/v2\/product_tag?post=8328"}],"curies":[{"name":"wp","href":"https:\/\/api.w.org\/{rel}","templated":true}]}}