{"id":8330,"date":"2019-11-11T16:46:24","date_gmt":"2019-11-11T15:46:24","guid":{"rendered":"http:\/\/www.milesi.com\/shop\/bez-kategorii\/lakiery-do-zabezopieczania-nadruku-cyfrowego\/"},"modified":"2021-02-22T15:06:22","modified_gmt":"2021-02-22T14:06:22","slug":"lakiery-do-zabezopieczania-nadruku-cyfrowego","status":"publish","type":"product","link":"https:\/\/www.milesi.com\/pl\/produkt\/rozwiazania-do-innych-materialow\/lakiery-do-zabezopieczania-nadruku-cyfrowego\/","title":{"rendered":"Lakiery do Zabezpieczania Nadruku Cyfrowego"},"content":{"rendered":"","protected":false},"excerpt":{"rendered":"<p>Innowacyjne rozwi\u0105zania dla firm stosuj\u0105cych procesy nadruku cyfrowego na r\u00f3\u017cnych pod\u0142o\u017cach, takich jak drewno, panele drewnopochodne, papier, laminaty czy korek. Oferuj\u0105 doskona\u0142e w\u0142a\u015bciwo\u015bci mechaniczne powierzchni. Kompatybilne z r\u00f3\u017cnymi rodzajami tusz\u00f3w, pozwalaj\u0105 uwydatni\u0107 blask kolor\u00f3w oraz wysok\u0105 rozdzielczo\u015b\u0107 druku, zapewniaj\u0105c maksymaln\u0105 trwa\u0142o\u015b\u0107 pow\u0142ok. Specyficzne cykle lakierowania nadruku cyfrowego na pod\u0142ogach charakteryzuj\u0105 si\u0119 niepowtarzaln\u0105 odporno\u015bci\u0105 na u\u017cytkowanie parkietowe.<\/p>\n","protected":false},"featured_media":11161,"comment_status":"open","ping_status":"closed","template":"","meta":{"_et_pb_use_builder":"","_et_pb_old_content":"","_et_gb_content_width":""},"product_brand":[],"product_cat":[747],"product_tag":[],"class_list":{"0":"post-8330","1":"product","2":"type-product","3":"status-publish","4":"has-post-thumbnail","6":"product_cat-rozwiazania-do-innych-materialow","8":"first","9":"instock","10":"featured","11":"shipping-taxable","12":"product-type-simple"},"yoast_head":"<!-- This site is optimized with the Yoast SEO plugin v27.3 - https:\/\/yoast.com\/product\/yoast-seo-wordpress\/ -->\n<title>Lakiery do Zabezpieczania Nadruku Cyfrowego - Milesi<\/title>\n<meta name=\"robots\" content=\"index, follow, max-snippet:-1, max-image-preview:large, max-video-preview:-1\" \/>\n<link rel=\"canonical\" href=\"https:\/\/www.milesi.com\/pl\/produkt\/rozwiazania-do-innych-materialow\/lakiery-do-zabezopieczania-nadruku-cyfrowego\/\" \/>\n<meta property=\"og:locale\" content=\"pl_PL\" \/>\n<meta property=\"og:type\" content=\"article\" \/>\n<meta property=\"og:title\" content=\"Lakiery do Zabezpieczania Nadruku Cyfrowego - Milesi\" \/>\n<meta property=\"og:description\" content=\"Innowacyjne rozwi\u0105zania dla firm stosuj\u0105cych procesy nadruku cyfrowego na r\u00f3\u017cnych pod\u0142o\u017cach, takich jak drewno, panele drewnopochodne, papier, laminaty czy korek. Oferuj\u0105 doskona\u0142e w\u0142a\u015bciwo\u015bci mechaniczne powierzchni. Kompatybilne z r\u00f3\u017cnymi rodzajami tusz\u00f3w, pozwalaj\u0105 uwydatni\u0107 blask kolor\u00f3w oraz wysok\u0105 rozdzielczo\u015b\u0107 druku, zapewniaj\u0105c maksymaln\u0105 trwa\u0142o\u015b\u0107 pow\u0142ok. Specyficzne cykle lakierowania nadruku cyfrowego na pod\u0142ogach charakteryzuj\u0105 si\u0119 niepowtarzaln\u0105 odporno\u015bci\u0105 na u\u017cytkowanie parkietowe.\" \/>\n<meta property=\"og:url\" content=\"https:\/\/www.milesi.com\/pl\/produkt\/rozwiazania-do-innych-materialow\/lakiery-do-zabezopieczania-nadruku-cyfrowego\/\" \/>\n<meta property=\"og:site_name\" content=\"Milesi\" \/>\n<meta property=\"article:publisher\" content=\"https:\/\/www.facebook.com\/MilesiVernici\" \/>\n<meta property=\"article:modified_time\" content=\"2021-02-22T14:06:22+00:00\" \/>\n<meta property=\"og:image\" content=\"https:\/\/www.milesi.com\/wp-content\/uploads\/2020\/12\/digital-printing.jpg\" \/>\n\t<meta property=\"og:image:width\" content=\"600\" \/>\n\t<meta property=\"og:image:height\" content=\"600\" \/>\n\t<meta property=\"og:image:type\" content=\"image\/jpeg\" \/>\n<meta name=\"twitter:card\" content=\"summary_large_image\" \/>\n<script type=\"application\/ld+json\" class=\"yoast-schema-graph\">{\"@context\":\"https:\\\/\\\/schema.org\",\"@graph\":[{\"@type\":\"WebPage\",\"@id\":\"https:\\\/\\\/www.milesi.com\\\/pl\\\/produkt\\\/rozwiazania-do-innych-materialow\\\/lakiery-do-zabezopieczania-nadruku-cyfrowego\\\/\",\"url\":\"https:\\\/\\\/www.milesi.com\\\/pl\\\/produkt\\\/rozwiazania-do-innych-materialow\\\/lakiery-do-zabezopieczania-nadruku-cyfrowego\\\/\",\"name\":\"Lakiery do Zabezpieczania Nadruku Cyfrowego - Milesi\",\"isPartOf\":{\"@id\":\"https:\\\/\\\/www.milesi.com\\\/pl\\\/#website\"},\"primaryImageOfPage\":{\"@id\":\"https:\\\/\\\/www.milesi.com\\\/pl\\\/produkt\\\/rozwiazania-do-innych-materialow\\\/lakiery-do-zabezopieczania-nadruku-cyfrowego\\\/#primaryimage\"},\"image\":{\"@id\":\"https:\\\/\\\/www.milesi.com\\\/pl\\\/produkt\\\/rozwiazania-do-innych-materialow\\\/lakiery-do-zabezopieczania-nadruku-cyfrowego\\\/#primaryimage\"},\"thumbnailUrl\":\"https:\\\/\\\/www.milesi.com\\\/wp-content\\\/uploads\\\/2020\\\/12\\\/digital-printing.jpg\",\"datePublished\":\"2019-11-11T15:46:24+00:00\",\"dateModified\":\"2021-02-22T14:06:22+00:00\",\"breadcrumb\":{\"@id\":\"https:\\\/\\\/www.milesi.com\\\/pl\\\/produkt\\\/rozwiazania-do-innych-materialow\\\/lakiery-do-zabezopieczania-nadruku-cyfrowego\\\/#breadcrumb\"},\"inLanguage\":\"pl-PL\",\"potentialAction\":[{\"@type\":\"ReadAction\",\"target\":[\"https:\\\/\\\/www.milesi.com\\\/pl\\\/produkt\\\/rozwiazania-do-innych-materialow\\\/lakiery-do-zabezopieczania-nadruku-cyfrowego\\\/\"]}]},{\"@type\":\"ImageObject\",\"inLanguage\":\"pl-PL\",\"@id\":\"https:\\\/\\\/www.milesi.com\\\/pl\\\/produkt\\\/rozwiazania-do-innych-materialow\\\/lakiery-do-zabezopieczania-nadruku-cyfrowego\\\/#primaryimage\",\"url\":\"https:\\\/\\\/www.milesi.com\\\/wp-content\\\/uploads\\\/2020\\\/12\\\/digital-printing.jpg\",\"contentUrl\":\"https:\\\/\\\/www.milesi.com\\\/wp-content\\\/uploads\\\/2020\\\/12\\\/digital-printing.jpg\",\"width\":600,\"height\":600,\"caption\":\"Vernici per digital printing per l\u2019industria\"},{\"@type\":\"BreadcrumbList\",\"@id\":\"https:\\\/\\\/www.milesi.com\\\/pl\\\/produkt\\\/rozwiazania-do-innych-materialow\\\/lakiery-do-zabezopieczania-nadruku-cyfrowego\\\/#breadcrumb\",\"itemListElement\":[{\"@type\":\"ListItem\",\"position\":1,\"name\":\"Milesi - Lakiery do drewna\",\"item\":\"https:\\\/\\\/www.milesi.com\\\/pl\\\/\"},{\"@type\":\"ListItem\",\"position\":2,\"name\":\"Prodotti\",\"item\":\"https:\\\/\\\/www.milesi.com\\\/prodotti\\\/\"},{\"@type\":\"ListItem\",\"position\":3,\"name\":\"Lakiery do Zabezpieczania Nadruku Cyfrowego\"}]},{\"@type\":\"WebSite\",\"@id\":\"https:\\\/\\\/www.milesi.com\\\/pl\\\/#website\",\"url\":\"https:\\\/\\\/www.milesi.com\\\/pl\\\/\",\"name\":\"Milesi Vernici per il legno\",\"description\":\"Lakiery do drewna\",\"publisher\":{\"@id\":\"https:\\\/\\\/www.milesi.com\\\/pl\\\/#organization\"},\"alternateName\":\"Milesi\",\"potentialAction\":[{\"@type\":\"SearchAction\",\"target\":{\"@type\":\"EntryPoint\",\"urlTemplate\":\"https:\\\/\\\/www.milesi.com\\\/pl\\\/?s={search_term_string}\"},\"query-input\":{\"@type\":\"PropertyValueSpecification\",\"valueRequired\":true,\"valueName\":\"search_term_string\"}}],\"inLanguage\":\"pl-PL\"},{\"@type\":\"Organization\",\"@id\":\"https:\\\/\\\/www.milesi.com\\\/pl\\\/#organization\",\"name\":\"Milesi Vernici\",\"alternateName\":\"Milesi\",\"url\":\"https:\\\/\\\/www.milesi.com\\\/pl\\\/\",\"logo\":{\"@type\":\"ImageObject\",\"inLanguage\":\"pl-PL\",\"@id\":\"https:\\\/\\\/www.milesi.com\\\/pl\\\/#\\\/schema\\\/logo\\\/image\\\/\",\"url\":\"https:\\\/\\\/www.milesi.com\\\/wp-content\\\/uploads\\\/2022\\\/12\\\/milesi-web.png\",\"contentUrl\":\"https:\\\/\\\/www.milesi.com\\\/wp-content\\\/uploads\\\/2022\\\/12\\\/milesi-web.png\",\"width\":100,\"height\":101,\"caption\":\"Milesi Vernici\"},\"image\":{\"@id\":\"https:\\\/\\\/www.milesi.com\\\/pl\\\/#\\\/schema\\\/logo\\\/image\\\/\"},\"sameAs\":[\"https:\\\/\\\/www.facebook.com\\\/MilesiVernici\",\"https:\\\/\\\/www.youtube.com\\\/channel\\\/UCgULN6yzPgE9usmMi3CP5hQ\",\"https:\\\/\\\/www.instagram.com\\\/milesiverniciperlegno\\\/\",\"https:\\\/\\\/vimeo.com\\\/user117001108\",\"https:\\\/\\\/www.linkedin.com\\\/company\\\/milesiwoodcoatings\\\/\"]}]}<\/script>\n<!-- \/ Yoast SEO plugin. -->","yoast_head_json":{"title":"Lakiery do Zabezpieczania Nadruku Cyfrowego - Milesi","robots":{"index":"index","follow":"follow","max-snippet":"max-snippet:-1","max-image-preview":"max-image-preview:large","max-video-preview":"max-video-preview:-1"},"canonical":"https:\/\/www.milesi.com\/pl\/produkt\/rozwiazania-do-innych-materialow\/lakiery-do-zabezopieczania-nadruku-cyfrowego\/","og_locale":"pl_PL","og_type":"article","og_title":"Lakiery do Zabezpieczania Nadruku Cyfrowego - Milesi","og_description":"Innowacyjne rozwi\u0105zania dla firm stosuj\u0105cych procesy nadruku cyfrowego na r\u00f3\u017cnych pod\u0142o\u017cach, takich jak drewno, panele drewnopochodne, papier, laminaty czy korek. Oferuj\u0105 doskona\u0142e w\u0142a\u015bciwo\u015bci mechaniczne powierzchni. Kompatybilne z r\u00f3\u017cnymi rodzajami tusz\u00f3w, pozwalaj\u0105 uwydatni\u0107 blask kolor\u00f3w oraz wysok\u0105 rozdzielczo\u015b\u0107 druku, zapewniaj\u0105c maksymaln\u0105 trwa\u0142o\u015b\u0107 pow\u0142ok. Specyficzne cykle lakierowania nadruku cyfrowego na pod\u0142ogach charakteryzuj\u0105 si\u0119 niepowtarzaln\u0105 odporno\u015bci\u0105 na u\u017cytkowanie parkietowe.","og_url":"https:\/\/www.milesi.com\/pl\/produkt\/rozwiazania-do-innych-materialow\/lakiery-do-zabezopieczania-nadruku-cyfrowego\/","og_site_name":"Milesi","article_publisher":"https:\/\/www.facebook.com\/MilesiVernici","article_modified_time":"2021-02-22T14:06:22+00:00","og_image":[{"width":600,"height":600,"url":"https:\/\/www.milesi.com\/wp-content\/uploads\/2020\/12\/digital-printing.jpg","type":"image\/jpeg"}],"twitter_card":"summary_large_image","schema":{"@context":"https:\/\/schema.org","@graph":[{"@type":"WebPage","@id":"https:\/\/www.milesi.com\/pl\/produkt\/rozwiazania-do-innych-materialow\/lakiery-do-zabezopieczania-nadruku-cyfrowego\/","url":"https:\/\/www.milesi.com\/pl\/produkt\/rozwiazania-do-innych-materialow\/lakiery-do-zabezopieczania-nadruku-cyfrowego\/","name":"Lakiery do Zabezpieczania Nadruku Cyfrowego - Milesi","isPartOf":{"@id":"https:\/\/www.milesi.com\/pl\/#website"},"primaryImageOfPage":{"@id":"https:\/\/www.milesi.com\/pl\/produkt\/rozwiazania-do-innych-materialow\/lakiery-do-zabezopieczania-nadruku-cyfrowego\/#primaryimage"},"image":{"@id":"https:\/\/www.milesi.com\/pl\/produkt\/rozwiazania-do-innych-materialow\/lakiery-do-zabezopieczania-nadruku-cyfrowego\/#primaryimage"},"thumbnailUrl":"https:\/\/www.milesi.com\/wp-content\/uploads\/2020\/12\/digital-printing.jpg","datePublished":"2019-11-11T15:46:24+00:00","dateModified":"2021-02-22T14:06:22+00:00","breadcrumb":{"@id":"https:\/\/www.milesi.com\/pl\/produkt\/rozwiazania-do-innych-materialow\/lakiery-do-zabezopieczania-nadruku-cyfrowego\/#breadcrumb"},"inLanguage":"pl-PL","potentialAction":[{"@type":"ReadAction","target":["https:\/\/www.milesi.com\/pl\/produkt\/rozwiazania-do-innych-materialow\/lakiery-do-zabezopieczania-nadruku-cyfrowego\/"]}]},{"@type":"ImageObject","inLanguage":"pl-PL","@id":"https:\/\/www.milesi.com\/pl\/produkt\/rozwiazania-do-innych-materialow\/lakiery-do-zabezopieczania-nadruku-cyfrowego\/#primaryimage","url":"https:\/\/www.milesi.com\/wp-content\/uploads\/2020\/12\/digital-printing.jpg","contentUrl":"https:\/\/www.milesi.com\/wp-content\/uploads\/2020\/12\/digital-printing.jpg","width":600,"height":600,"caption":"Vernici per digital printing per l\u2019industria"},{"@type":"BreadcrumbList","@id":"https:\/\/www.milesi.com\/pl\/produkt\/rozwiazania-do-innych-materialow\/lakiery-do-zabezopieczania-nadruku-cyfrowego\/#breadcrumb","itemListElement":[{"@type":"ListItem","position":1,"name":"Milesi - Lakiery do drewna","item":"https:\/\/www.milesi.com\/pl\/"},{"@type":"ListItem","position":2,"name":"Prodotti","item":"https:\/\/www.milesi.com\/prodotti\/"},{"@type":"ListItem","position":3,"name":"Lakiery do Zabezpieczania Nadruku Cyfrowego"}]},{"@type":"WebSite","@id":"https:\/\/www.milesi.com\/pl\/#website","url":"https:\/\/www.milesi.com\/pl\/","name":"Milesi Vernici per il legno","description":"Lakiery do drewna","publisher":{"@id":"https:\/\/www.milesi.com\/pl\/#organization"},"alternateName":"Milesi","potentialAction":[{"@type":"SearchAction","target":{"@type":"EntryPoint","urlTemplate":"https:\/\/www.milesi.com\/pl\/?s={search_term_string}"},"query-input":{"@type":"PropertyValueSpecification","valueRequired":true,"valueName":"search_term_string"}}],"inLanguage":"pl-PL"},{"@type":"Organization","@id":"https:\/\/www.milesi.com\/pl\/#organization","name":"Milesi Vernici","alternateName":"Milesi","url":"https:\/\/www.milesi.com\/pl\/","logo":{"@type":"ImageObject","inLanguage":"pl-PL","@id":"https:\/\/www.milesi.com\/pl\/#\/schema\/logo\/image\/","url":"https:\/\/www.milesi.com\/wp-content\/uploads\/2022\/12\/milesi-web.png","contentUrl":"https:\/\/www.milesi.com\/wp-content\/uploads\/2022\/12\/milesi-web.png","width":100,"height":101,"caption":"Milesi Vernici"},"image":{"@id":"https:\/\/www.milesi.com\/pl\/#\/schema\/logo\/image\/"},"sameAs":["https:\/\/www.facebook.com\/MilesiVernici","https:\/\/www.youtube.com\/channel\/UCgULN6yzPgE9usmMi3CP5hQ","https:\/\/www.instagram.com\/milesiverniciperlegno\/","https:\/\/vimeo.com\/user117001108","https:\/\/www.linkedin.com\/company\/milesiwoodcoatings\/"]}]}},"_links":{"self":[{"href":"https:\/\/www.milesi.com\/pl\/wp-json\/wp\/v2\/product\/8330","targetHints":{"allow":["GET"]}}],"collection":[{"href":"https:\/\/www.milesi.com\/pl\/wp-json\/wp\/v2\/product"}],"about":[{"href":"https:\/\/www.milesi.com\/pl\/wp-json\/wp\/v2\/types\/product"}],"replies":[{"embeddable":true,"href":"https:\/\/www.milesi.com\/pl\/wp-json\/wp\/v2\/comments?post=8330"}],"wp:featuredmedia":[{"embeddable":true,"href":"https:\/\/www.milesi.com\/pl\/wp-json\/wp\/v2\/media\/11161"}],"wp:attachment":[{"href":"https:\/\/www.milesi.com\/pl\/wp-json\/wp\/v2\/media?parent=8330"}],"wp:term":[{"taxonomy":"product_brand","embeddable":true,"href":"https:\/\/www.milesi.com\/pl\/wp-json\/wp\/v2\/product_brand?post=8330"},{"taxonomy":"product_cat","embeddable":true,"href":"https:\/\/www.milesi.com\/pl\/wp-json\/wp\/v2\/product_cat?post=8330"},{"taxonomy":"product_tag","embeddable":true,"href":"https:\/\/www.milesi.com\/pl\/wp-json\/wp\/v2\/product_tag?post=8330"}],"curies":[{"name":"wp","href":"https:\/\/api.w.org\/{rel}","templated":true}]}}