{"id":9867,"date":"2020-07-30T10:22:46","date_gmt":"2020-07-30T08:22:46","guid":{"rendered":"http:\/\/www.milesi.com\/shop\/bez-kategorii\/green\/"},"modified":"2021-02-22T13:42:24","modified_gmt":"2021-02-22T12:42:24","slug":"green","status":"publish","type":"product","link":"https:\/\/www.milesi.com\/pl\/produkt\/rozwiazania-do-drewna\/green-pl\/green\/","title":{"rendered":"Green"},"content":{"rendered":"","protected":false},"excerpt":{"rendered":"<p style=\"text-align: left;\">Zaawansowane technologicznie produkty zaprojektowane w celu zapewnienia maksymalnego zr\u00f3wnowa\u017conego rozw\u00f3ju:<\/p>\n<p style=\"text-align: left;\"><strong>&#8211; <\/strong><strong>Z surowc\u00f3w odnawialnych<\/strong>: Lakiery na bazie wody, wyprodukowane z co najmniej 70% surowc\u00f3w ze \u017ar\u00f3de\u0142 odnawialnych, w tym co najmniej 90% surowc\u00f3w bio lub lakiery rozcie\u0144czalnikowe, kt\u00f3re zawieraj\u0105 co najmniej 30% surowc\u00f3w ze \u017ar\u00f3de\u0142 odnawialnych, z czego co najmniej 80% komponent\u00f3w BIO.<\/p>\n<p style=\"text-align: left;\"><strong>&#8211; <\/strong><strong>Niska zawarto\u015b\u0107 wolnych monomer\u00f3w i fotoinicjator\u00f3w<\/strong><\/p>\n<p style=\"text-align: left;\"><strong>&#8211; <\/strong><strong>Zgodne z IOS MAT<\/strong>: Produkty lakiernicze zgodne z wymogami certyfikatu IKEA\u00a0 IOS-MAT-0066.<\/p>\n<p style=\"text-align: left;\"><strong>&#8211; <\/strong><strong>O wysokiej zawarto\u015bci cia\u0142 sta\u0142ych i bardzo wysokiej zawarto\u015bci cia\u0142 sta\u0142ych<\/strong>: Gotowe do u\u017cycia produkty lakiernicze o zawarto\u015bci cia\u0142 sta\u0142ych powy\u017cej 60% (o du\u017cej zawarto\u015bci cz\u0119\u015bci sta\u0142ych) i 90% (o bardzo du\u017cej zawarto\u015bci cz\u0119\u015bci sta\u0142ych).<\/p>\n<p style=\"text-align: left;\"><strong>&#8211; <\/strong><strong>Zgodne z EN71\/3<\/strong>: Produkty lakiernicze zgodne z norm\u0105 EN 71\/3 dotycz\u0105c\u0105 zawarto\u015bci metali ci\u0119\u017ckich.<\/p>\n<p style=\"text-align: left;\"><strong>&#8211; <\/strong><strong>Wolne od LZO<\/strong>: Rozcie\u0144czalnikowe produkty lakiernicze nie zawieraj\u0105ce lotnych zwi\u0105zk\u00f3w organicznych (LZO) lub o 100% zawarto\u015bci suchej masy.<\/p>\n<p style=\"text-align: left;\"><strong>&#8211; Ozone care<\/strong>: Produkty lakiernicze zawieraj\u0105ce substancje o minimalnej szkodliwo\u015bci dla warstwy ozonowej.<\/p>\n<p class=\"product_title entry-title\" style=\"text-align: left;\"><strong>&#8211; <\/strong><strong>Wolne od zwi\u0105zk\u00f3w aromatycznych<\/strong>: Lakiery nie zawieraj\u0105ce\u00a0 zwi\u0105zk\u00f3w aromatycznych.<\/p>\n<p class=\"product_title entry-title\" style=\"text-align: left;\"><strong>&#8211; <\/strong><strong>Niezawieraj\u0105ce formaldehydu<\/strong>: Pozbawione formaldehydu.<\/p>\n<p class=\"product_title entry-title\" style=\"text-align: left;\"><strong>&#8211; <\/strong><strong>Niezawieraj\u0105ce styrenu<\/strong>: Pozbawione styrenu.<\/p>\n","protected":false},"featured_media":11173,"comment_status":"open","ping_status":"closed","template":"","meta":{"_et_pb_use_builder":"","_et_pb_old_content":"","_et_gb_content_width":""},"product_brand":[],"product_cat":[258,247],"product_tag":[],"class_list":{"0":"post-9867","1":"product","2":"type-product","3":"status-publish","4":"has-post-thumbnail","6":"product_cat-green-pl","7":"product_cat-rozwiazania-do-drewna","9":"first","10":"instock","11":"shipping-taxable","12":"product-type-simple"},"yoast_head":"<!-- This site is optimized with the Yoast SEO plugin v27.3 - https:\/\/yoast.com\/product\/yoast-seo-wordpress\/ -->\n<title>Green - Milesi<\/title>\n<meta name=\"description\" content=\"Zaawansowane technologicznie produkty zaprojektowane w celu zapewnienia maksymalnego: Z surowc\u00f3w odnawialnych, Wolne od LZO...\" \/>\n<meta name=\"robots\" content=\"index, follow, max-snippet:-1, max-image-preview:large, max-video-preview:-1\" \/>\n<link rel=\"canonical\" href=\"https:\/\/www.milesi.com\/pl\/produkt\/rozwiazania-do-drewna\/green-pl\/green\/\" \/>\n<meta property=\"og:locale\" content=\"pl_PL\" \/>\n<meta property=\"og:type\" content=\"article\" \/>\n<meta property=\"og:title\" content=\"Green - Milesi\" \/>\n<meta property=\"og:description\" content=\"Zaawansowane technologicznie produkty zaprojektowane w celu zapewnienia maksymalnego: Z surowc\u00f3w odnawialnych, Wolne od LZO...\" \/>\n<meta property=\"og:url\" content=\"https:\/\/www.milesi.com\/pl\/produkt\/rozwiazania-do-drewna\/green-pl\/green\/\" \/>\n<meta property=\"og:site_name\" content=\"Milesi\" \/>\n<meta property=\"article:publisher\" content=\"https:\/\/www.facebook.com\/MilesiVernici\" \/>\n<meta property=\"article:modified_time\" content=\"2021-02-22T12:42:24+00:00\" \/>\n<meta property=\"og:image\" content=\"https:\/\/www.milesi.com\/wp-content\/uploads\/2020\/12\/green.jpg\" \/>\n\t<meta property=\"og:image:width\" content=\"600\" \/>\n\t<meta property=\"og:image:height\" content=\"600\" \/>\n\t<meta property=\"og:image:type\" content=\"image\/jpeg\" \/>\n<meta name=\"twitter:card\" content=\"summary_large_image\" \/>\n<script type=\"application\/ld+json\" class=\"yoast-schema-graph\">{\"@context\":\"https:\\\/\\\/schema.org\",\"@graph\":[{\"@type\":\"WebPage\",\"@id\":\"https:\\\/\\\/www.milesi.com\\\/pl\\\/produkt\\\/rozwiazania-do-drewna\\\/green-pl\\\/green\\\/\",\"url\":\"https:\\\/\\\/www.milesi.com\\\/pl\\\/produkt\\\/rozwiazania-do-drewna\\\/green-pl\\\/green\\\/\",\"name\":\"Green - Milesi\",\"isPartOf\":{\"@id\":\"https:\\\/\\\/www.milesi.com\\\/pl\\\/#website\"},\"primaryImageOfPage\":{\"@id\":\"https:\\\/\\\/www.milesi.com\\\/pl\\\/produkt\\\/rozwiazania-do-drewna\\\/green-pl\\\/green\\\/#primaryimage\"},\"image\":{\"@id\":\"https:\\\/\\\/www.milesi.com\\\/pl\\\/produkt\\\/rozwiazania-do-drewna\\\/green-pl\\\/green\\\/#primaryimage\"},\"thumbnailUrl\":\"https:\\\/\\\/www.milesi.com\\\/wp-content\\\/uploads\\\/2020\\\/12\\\/green.jpg\",\"datePublished\":\"2020-07-30T08:22:46+00:00\",\"dateModified\":\"2021-02-22T12:42:24+00:00\",\"description\":\"Zaawansowane technologicznie produkty zaprojektowane w celu zapewnienia maksymalnego: Z surowc\u00f3w odnawialnych, Wolne od LZO...\",\"breadcrumb\":{\"@id\":\"https:\\\/\\\/www.milesi.com\\\/pl\\\/produkt\\\/rozwiazania-do-drewna\\\/green-pl\\\/green\\\/#breadcrumb\"},\"inLanguage\":\"pl-PL\",\"potentialAction\":[{\"@type\":\"ReadAction\",\"target\":[\"https:\\\/\\\/www.milesi.com\\\/pl\\\/produkt\\\/rozwiazania-do-drewna\\\/green-pl\\\/green\\\/\"]}]},{\"@type\":\"ImageObject\",\"inLanguage\":\"pl-PL\",\"@id\":\"https:\\\/\\\/www.milesi.com\\\/pl\\\/produkt\\\/rozwiazania-do-drewna\\\/green-pl\\\/green\\\/#primaryimage\",\"url\":\"https:\\\/\\\/www.milesi.com\\\/wp-content\\\/uploads\\\/2020\\\/12\\\/green.jpg\",\"contentUrl\":\"https:\\\/\\\/www.milesi.com\\\/wp-content\\\/uploads\\\/2020\\\/12\\\/green.jpg\",\"width\":600,\"height\":600,\"caption\":\"Vernici per legno ecosostenibili\"},{\"@type\":\"BreadcrumbList\",\"@id\":\"https:\\\/\\\/www.milesi.com\\\/pl\\\/produkt\\\/rozwiazania-do-drewna\\\/green-pl\\\/green\\\/#breadcrumb\",\"itemListElement\":[{\"@type\":\"ListItem\",\"position\":1,\"name\":\"Milesi - Lakiery do drewna\",\"item\":\"https:\\\/\\\/www.milesi.com\\\/pl\\\/\"},{\"@type\":\"ListItem\",\"position\":2,\"name\":\"Prodotti\",\"item\":\"https:\\\/\\\/www.milesi.com\\\/prodotti\\\/\"},{\"@type\":\"ListItem\",\"position\":3,\"name\":\"Green\"}]},{\"@type\":\"WebSite\",\"@id\":\"https:\\\/\\\/www.milesi.com\\\/pl\\\/#website\",\"url\":\"https:\\\/\\\/www.milesi.com\\\/pl\\\/\",\"name\":\"Milesi Vernici per il legno\",\"description\":\"Lakiery do drewna\",\"publisher\":{\"@id\":\"https:\\\/\\\/www.milesi.com\\\/pl\\\/#organization\"},\"alternateName\":\"Milesi\",\"potentialAction\":[{\"@type\":\"SearchAction\",\"target\":{\"@type\":\"EntryPoint\",\"urlTemplate\":\"https:\\\/\\\/www.milesi.com\\\/pl\\\/?s={search_term_string}\"},\"query-input\":{\"@type\":\"PropertyValueSpecification\",\"valueRequired\":true,\"valueName\":\"search_term_string\"}}],\"inLanguage\":\"pl-PL\"},{\"@type\":\"Organization\",\"@id\":\"https:\\\/\\\/www.milesi.com\\\/pl\\\/#organization\",\"name\":\"Milesi Vernici\",\"alternateName\":\"Milesi\",\"url\":\"https:\\\/\\\/www.milesi.com\\\/pl\\\/\",\"logo\":{\"@type\":\"ImageObject\",\"inLanguage\":\"pl-PL\",\"@id\":\"https:\\\/\\\/www.milesi.com\\\/pl\\\/#\\\/schema\\\/logo\\\/image\\\/\",\"url\":\"https:\\\/\\\/www.milesi.com\\\/wp-content\\\/uploads\\\/2022\\\/12\\\/milesi-web.png\",\"contentUrl\":\"https:\\\/\\\/www.milesi.com\\\/wp-content\\\/uploads\\\/2022\\\/12\\\/milesi-web.png\",\"width\":100,\"height\":101,\"caption\":\"Milesi Vernici\"},\"image\":{\"@id\":\"https:\\\/\\\/www.milesi.com\\\/pl\\\/#\\\/schema\\\/logo\\\/image\\\/\"},\"sameAs\":[\"https:\\\/\\\/www.facebook.com\\\/MilesiVernici\",\"https:\\\/\\\/www.youtube.com\\\/channel\\\/UCgULN6yzPgE9usmMi3CP5hQ\",\"https:\\\/\\\/www.instagram.com\\\/milesiverniciperlegno\\\/\",\"https:\\\/\\\/vimeo.com\\\/user117001108\",\"https:\\\/\\\/www.linkedin.com\\\/company\\\/milesiwoodcoatings\\\/\"]}]}<\/script>\n<!-- \/ Yoast SEO plugin. -->","yoast_head_json":{"title":"Green - Milesi","description":"Zaawansowane technologicznie produkty zaprojektowane w celu zapewnienia maksymalnego: Z surowc\u00f3w odnawialnych, Wolne od LZO...","robots":{"index":"index","follow":"follow","max-snippet":"max-snippet:-1","max-image-preview":"max-image-preview:large","max-video-preview":"max-video-preview:-1"},"canonical":"https:\/\/www.milesi.com\/pl\/produkt\/rozwiazania-do-drewna\/green-pl\/green\/","og_locale":"pl_PL","og_type":"article","og_title":"Green - Milesi","og_description":"Zaawansowane technologicznie produkty zaprojektowane w celu zapewnienia maksymalnego: Z surowc\u00f3w odnawialnych, Wolne od LZO...","og_url":"https:\/\/www.milesi.com\/pl\/produkt\/rozwiazania-do-drewna\/green-pl\/green\/","og_site_name":"Milesi","article_publisher":"https:\/\/www.facebook.com\/MilesiVernici","article_modified_time":"2021-02-22T12:42:24+00:00","og_image":[{"width":600,"height":600,"url":"https:\/\/www.milesi.com\/wp-content\/uploads\/2020\/12\/green.jpg","type":"image\/jpeg"}],"twitter_card":"summary_large_image","schema":{"@context":"https:\/\/schema.org","@graph":[{"@type":"WebPage","@id":"https:\/\/www.milesi.com\/pl\/produkt\/rozwiazania-do-drewna\/green-pl\/green\/","url":"https:\/\/www.milesi.com\/pl\/produkt\/rozwiazania-do-drewna\/green-pl\/green\/","name":"Green - Milesi","isPartOf":{"@id":"https:\/\/www.milesi.com\/pl\/#website"},"primaryImageOfPage":{"@id":"https:\/\/www.milesi.com\/pl\/produkt\/rozwiazania-do-drewna\/green-pl\/green\/#primaryimage"},"image":{"@id":"https:\/\/www.milesi.com\/pl\/produkt\/rozwiazania-do-drewna\/green-pl\/green\/#primaryimage"},"thumbnailUrl":"https:\/\/www.milesi.com\/wp-content\/uploads\/2020\/12\/green.jpg","datePublished":"2020-07-30T08:22:46+00:00","dateModified":"2021-02-22T12:42:24+00:00","description":"Zaawansowane technologicznie produkty zaprojektowane w celu zapewnienia maksymalnego: Z surowc\u00f3w odnawialnych, Wolne od LZO...","breadcrumb":{"@id":"https:\/\/www.milesi.com\/pl\/produkt\/rozwiazania-do-drewna\/green-pl\/green\/#breadcrumb"},"inLanguage":"pl-PL","potentialAction":[{"@type":"ReadAction","target":["https:\/\/www.milesi.com\/pl\/produkt\/rozwiazania-do-drewna\/green-pl\/green\/"]}]},{"@type":"ImageObject","inLanguage":"pl-PL","@id":"https:\/\/www.milesi.com\/pl\/produkt\/rozwiazania-do-drewna\/green-pl\/green\/#primaryimage","url":"https:\/\/www.milesi.com\/wp-content\/uploads\/2020\/12\/green.jpg","contentUrl":"https:\/\/www.milesi.com\/wp-content\/uploads\/2020\/12\/green.jpg","width":600,"height":600,"caption":"Vernici per legno ecosostenibili"},{"@type":"BreadcrumbList","@id":"https:\/\/www.milesi.com\/pl\/produkt\/rozwiazania-do-drewna\/green-pl\/green\/#breadcrumb","itemListElement":[{"@type":"ListItem","position":1,"name":"Milesi - Lakiery do drewna","item":"https:\/\/www.milesi.com\/pl\/"},{"@type":"ListItem","position":2,"name":"Prodotti","item":"https:\/\/www.milesi.com\/prodotti\/"},{"@type":"ListItem","position":3,"name":"Green"}]},{"@type":"WebSite","@id":"https:\/\/www.milesi.com\/pl\/#website","url":"https:\/\/www.milesi.com\/pl\/","name":"Milesi Vernici per il legno","description":"Lakiery do drewna","publisher":{"@id":"https:\/\/www.milesi.com\/pl\/#organization"},"alternateName":"Milesi","potentialAction":[{"@type":"SearchAction","target":{"@type":"EntryPoint","urlTemplate":"https:\/\/www.milesi.com\/pl\/?s={search_term_string}"},"query-input":{"@type":"PropertyValueSpecification","valueRequired":true,"valueName":"search_term_string"}}],"inLanguage":"pl-PL"},{"@type":"Organization","@id":"https:\/\/www.milesi.com\/pl\/#organization","name":"Milesi Vernici","alternateName":"Milesi","url":"https:\/\/www.milesi.com\/pl\/","logo":{"@type":"ImageObject","inLanguage":"pl-PL","@id":"https:\/\/www.milesi.com\/pl\/#\/schema\/logo\/image\/","url":"https:\/\/www.milesi.com\/wp-content\/uploads\/2022\/12\/milesi-web.png","contentUrl":"https:\/\/www.milesi.com\/wp-content\/uploads\/2022\/12\/milesi-web.png","width":100,"height":101,"caption":"Milesi Vernici"},"image":{"@id":"https:\/\/www.milesi.com\/pl\/#\/schema\/logo\/image\/"},"sameAs":["https:\/\/www.facebook.com\/MilesiVernici","https:\/\/www.youtube.com\/channel\/UCgULN6yzPgE9usmMi3CP5hQ","https:\/\/www.instagram.com\/milesiverniciperlegno\/","https:\/\/vimeo.com\/user117001108","https:\/\/www.linkedin.com\/company\/milesiwoodcoatings\/"]}]}},"_links":{"self":[{"href":"https:\/\/www.milesi.com\/pl\/wp-json\/wp\/v2\/product\/9867","targetHints":{"allow":["GET"]}}],"collection":[{"href":"https:\/\/www.milesi.com\/pl\/wp-json\/wp\/v2\/product"}],"about":[{"href":"https:\/\/www.milesi.com\/pl\/wp-json\/wp\/v2\/types\/product"}],"replies":[{"embeddable":true,"href":"https:\/\/www.milesi.com\/pl\/wp-json\/wp\/v2\/comments?post=9867"}],"wp:featuredmedia":[{"embeddable":true,"href":"https:\/\/www.milesi.com\/pl\/wp-json\/wp\/v2\/media\/11173"}],"wp:attachment":[{"href":"https:\/\/www.milesi.com\/pl\/wp-json\/wp\/v2\/media?parent=9867"}],"wp:term":[{"taxonomy":"product_brand","embeddable":true,"href":"https:\/\/www.milesi.com\/pl\/wp-json\/wp\/v2\/product_brand?post=9867"},{"taxonomy":"product_cat","embeddable":true,"href":"https:\/\/www.milesi.com\/pl\/wp-json\/wp\/v2\/product_cat?post=9867"},{"taxonomy":"product_tag","embeddable":true,"href":"https:\/\/www.milesi.com\/pl\/wp-json\/wp\/v2\/product_tag?post=9867"}],"curies":[{"name":"wp","href":"https:\/\/api.w.org\/{rel}","templated":true}]}}