{"id":9976,"date":"2020-07-29T15:57:13","date_gmt":"2020-07-29T13:57:13","guid":{"rendered":"http:\/\/www.milesi.com\/shop\/bez-kategorii\/healthy-wood-pl\/"},"modified":"2020-12-14T10:21:13","modified_gmt":"2020-12-14T09:21:13","slug":"healthy-wood-milesi-pl","status":"publish","type":"product","link":"https:\/\/www.milesi.com\/pl\/produkt\/rozwiazania-do-drewna\/healthy-wood-milesi-pl\/","title":{"rendered":"HEALTHY.WOOD Milesi"},"content":{"rendered":"<div class=\"wrap_menucontattiprimo\">\n<div class=\"menucontattiprimo\">\n<p style=\"text-align: center;\"><a href=\"http:\/\/www.milesi.com\/news\/davide-oldani-sceglie-healthywood\/\" target=\"_blank\" rel=\"noopener noreferrer\"><img loading=\"lazy\" decoding=\"async\" class=\"alignnone wp-image-9989\" src=\"http:\/\/www.milesi.com\/wp-content\/uploads\/2020\/07\/DO-ridotto-proporzionato-94x71-1.jpg\" alt=\"\" width=\"84\" height=\"57\" srcset=\"https:\/\/www.milesi.com\/wp-content\/uploads\/2020\/07\/DO-ridotto-proporzionato-94x71-1.jpg 94w, https:\/\/www.milesi.com\/wp-content\/uploads\/2020\/07\/DO-ridotto-proporzionato-94x71-1-24x16.jpg 24w, https:\/\/www.milesi.com\/wp-content\/uploads\/2020\/07\/DO-ridotto-proporzionato-94x71-1-36x25.jpg 36w\" sizes=\"(max-width: 84px) 100vw, 84px\" \/><\/a><\/p>\n<p>&nbsp;<\/p>\n<p style=\"text-align: center;\">Chef Davide Oldani tak\u017ce wybiera<\/p>\n<p style=\"text-align: center;\"><strong>HEALTHY.WOOD <\/strong>do swojej restauracji<\/p>\n<p style=\"text-align: center;\"><a href=\"http:\/\/www.milesi.com\/news\/davide-oldani-sceglie-healthywood\/\" target=\"_blank\" rel=\"noopener noreferrer\"><img loading=\"lazy\" decoding=\"async\" class=\"alignnone wp-image-9821\" src=\"http:\/\/www.milesi.com\/wp-content\/uploads\/2020\/07\/manina-per-click-con-sfondo-ok.png\" alt=\"\" width=\"32\" height=\"32\" srcset=\"https:\/\/www.milesi.com\/wp-content\/uploads\/2020\/07\/manina-per-click-con-sfondo-ok.png 130w, https:\/\/www.milesi.com\/wp-content\/uploads\/2020\/07\/manina-per-click-con-sfondo-ok-100x100.png 100w, https:\/\/www.milesi.com\/wp-content\/uploads\/2020\/07\/manina-per-click-con-sfondo-ok-24x24.png 24w, https:\/\/www.milesi.com\/wp-content\/uploads\/2020\/07\/manina-per-click-con-sfondo-ok-36x36.png 36w\" sizes=\"(max-width: 32px) 100vw, 32px\" \/><\/a><\/p>\n<\/div>\n<div class=\"menucontattiprimo\">\n<p style=\"text-align: center;\"><a href=\"https:\/\/fuorisalonemagazine.it\/en\/focus\/article\/275\/limportanza-di-igienizzare-il-tuo-mondo-salute-e-sicurezza-prima-di-tutto-con-healthywood-milesi\" target=\"_blank\" rel=\"noopener noreferrer\"><img loading=\"lazy\" decoding=\"async\" class=\"alignnone wp-image-9995\" src=\"http:\/\/www.milesi.com\/wp-content\/uploads\/2020\/07\/fuorisalone-logo-png-sfondo-colore-grigio.jpg\" alt=\"\" width=\"60\" height=\"60\" srcset=\"https:\/\/www.milesi.com\/wp-content\/uploads\/2020\/07\/fuorisalone-logo-png-sfondo-colore-grigio.jpg 225w, https:\/\/www.milesi.com\/wp-content\/uploads\/2020\/07\/fuorisalone-logo-png-sfondo-colore-grigio-100x100.jpg 100w, https:\/\/www.milesi.com\/wp-content\/uploads\/2020\/07\/fuorisalone-logo-png-sfondo-colore-grigio-150x150.jpg 150w, https:\/\/www.milesi.com\/wp-content\/uploads\/2020\/07\/fuorisalone-logo-png-sfondo-colore-grigio-24x24.jpg 24w, https:\/\/www.milesi.com\/wp-content\/uploads\/2020\/07\/fuorisalone-logo-png-sfondo-colore-grigio-36x36.jpg 36w\" sizes=\"(max-width: 60px) 100vw, 60px\" \/><\/a><\/p>\n<p>&nbsp;<\/p>\n<p style=\"text-align: center;\">Fuorisalone TV<\/p>\n<p style=\"text-align: center;\">Live Talk<\/p>\n<p style=\"text-align: center;\">19 Cze 2020<\/p>\n<p>&nbsp;<\/p>\n<p style=\"text-align: center;\"><a href=\"video2\" target=\"_blank\" rel=\"noopener noreferrer\"><img loading=\"lazy\" decoding=\"async\" class=\"alignnone wp-image-10001\" src=\"http:\/\/www.milesi.com\/wp-content\/uploads\/2020\/07\/immagine-video-rosso-300x187.jpg\" alt=\"\" width=\"41\" height=\"26\" srcset=\"https:\/\/www.milesi.com\/wp-content\/uploads\/2020\/07\/immagine-video-rosso-300x187.jpg 300w, https:\/\/www.milesi.com\/wp-content\/uploads\/2020\/07\/immagine-video-rosso-24x15.jpg 24w, https:\/\/www.milesi.com\/wp-content\/uploads\/2020\/07\/immagine-video-rosso-36x22.jpg 36w, https:\/\/www.milesi.com\/wp-content\/uploads\/2020\/07\/immagine-video-rosso-256x160.jpg 256w, https:\/\/www.milesi.com\/wp-content\/uploads\/2020\/07\/immagine-video-rosso.jpg 512w\" sizes=\"(max-width: 41px) 100vw, 41px\" \/><\/a><\/p>\n<\/div>\n<\/div>\n<p><strong>HEALTHY.WOOD Milesi to kompletna linia lakier\u00f3w podk\u0142adowych, wielowarstwowych i nawierzchniowych: poliuretanowych, akrylowych, UV, nitro, wodnych do wn\u0119trz oraz lakier\u00f3w wodnych i rozcie\u0144czalnikowych do stosowania na zewn\u0105trz o niezwykle innowacyjnych w\u0142a\u015bciwo\u015bciach bakteriob\u00f3jczych \u00a0i ochronnych.<\/strong><\/p>\n<p>&nbsp;<\/p>\n<p>Testy laboratoryjne, zgodne z ISO 22196, wykaza\u0142y, \u017ce na powierzchniach pokrytych tymi lakierami, <strong>rozw\u00f3j bakterii zmniejsza si\u0119 o ponad 99,9%, <\/strong>gwarantuj\u0105c maksymalny poziom\u00a0 higieny i ochrony.<\/p>\n<p>Lakiery <strong>HEALTHY.WOOD Milesi <\/strong>\u00a0s\u0105 idealne do wszystkich tych \u015brodowisk, w kt\u00f3rych higiena jest niezb\u0119dnym wymogiem: od pomieszcze\u0144 domowych, takich jak kuchnie, \u0142azienki, pokoje dzieci\u0119ce do wszystkich miejsc publicznych, takich jak bary i restauracje, kina, hotele, szko\u0142y, sklepy, powierzchnie wystawiennicze, gabinety medyczne, a tak\u017ce do \u00a0wszystkich przedmiot\u00f3w, kt\u00f3re s\u0105 wielokrotnie trzymane w r\u0119kach, takich jak etui na telefony kom\u00f3rkowe i laptopy, okulary, kierownice lub zabawki.<\/p>\n<p>&nbsp;<\/p>\n<p>Lakiery <strong>HEALTHY.WOOD<\/strong>\u00a0 zawieraj\u0105 cz\u0105steczki dezynfekuj\u0105ce <strong>bezpo\u015brednio w produkcie<\/strong>, co zapewnia idealnie r\u00f3wnomiernie rozprowadzenie w zastosowanym materiale lakierniczym. <strong>Ca\u0142a pomalowana powierzchnia jest zatem odporna na bakterie<\/strong>.<\/p>\n<p>&nbsp;<\/p>\n<p>Nie podlegaj\u0105c odparowaniu, <strong>dzia\u0142anie bakteriob\u00f3jczych <\/strong><strong>cz\u0105steczek dezynfekuj\u0105cych <\/strong><strong>trwa stale<\/strong>, nawet na powierzchniach cz\u0119sto czyszczonych szczeg\u00f3lnie agresywnymi detergentami<\/p>\n<p>&nbsp;<\/p>\n<p>Powierzchnie pokryte wyko\u0144czeniem <strong>HEALTHY.WOOD<\/strong> sprawiaj\u0105, \u017ce stosowanie \u015brodk\u00f3w dezynfekuj\u0105cych staje si\u0119 zb\u0119dne.<\/p>\n<p>&nbsp;<\/p>\n","protected":false},"excerpt":{"rendered":"<p><img loading=\"lazy\" decoding=\"async\" class=\"aligncenter wp-image-859 \" src=\"https:\/\/www.healthy-woodmilesi.com\/wp-content\/uploads\/2020\/05\/Healthy.Wood_Scudo-150x150.png\" alt=\"\" width=\"76\" height=\"76\" \/><\/p>\n<p>&nbsp;<\/p>\n<p>Gdyby\u015bmy Ci powiedzieli, \u017ce rozw\u00f3j bakterii na powierzchni otaczaj\u0105cych Ci\u0119 mebli mo\u017ce by\u0107 zredukowany o 99,9%?<\/p>\n<p>&nbsp;<\/p>\n<p>Dodatkowo, \u017ce blaty kuchenne, na kt\u00f3rych przygotowujesz potrawy, biurka przy kt\u00f3rych si\u0119 ucz\u0105 Twoje dzieci lub pod\u0142ogi, na kt\u00f3rych si\u0119 bawi\u0105, a tak\u017ce sto\u0142y w ulubionej restauracji lub meble w pokoju hotelowym mog\u0105 zosta\u0107 zdezynfekowane, nawet je\u015bli nie zostan\u0105 wyczyszczone specjalnym \u015brodkiem czyszcz\u0105cym?<\/p>\n<p>&nbsp;<\/p>\n<p>Gdyby\u015bmy Ci powiedzieli, \u017ce to wszystko jest mo\u017cliwe z innowacyjnymi lakierami bakteriob\u00f3jczymi \u00a0do drewna <strong>HEALTHY.WOOD<\/strong> marki <strong>Milesi<\/strong>?<\/p>\n","protected":false},"featured_media":10023,"comment_status":"open","ping_status":"closed","template":"","meta":{"_et_pb_use_builder":"","_et_pb_old_content":"","_et_gb_content_width":""},"product_brand":[],"product_cat":[247],"product_tag":[],"class_list":{"0":"post-9976","1":"product","2":"type-product","3":"status-publish","4":"has-post-thumbnail","6":"product_cat-rozwiazania-do-drewna","8":"first","9":"instock","10":"shipping-taxable","11":"product-type-simple"},"yoast_head":"<!-- This site is optimized with the Yoast SEO plugin v27.3 - https:\/\/yoast.com\/product\/yoast-seo-wordpress\/ -->\n<title>HEALTHY.WOOD Milesi - Milesi<\/title>\n<meta name=\"robots\" content=\"index, follow, max-snippet:-1, max-image-preview:large, max-video-preview:-1\" \/>\n<link rel=\"canonical\" href=\"https:\/\/www.milesi.com\/pl\/produkt\/rozwiazania-do-drewna\/healthy-wood-milesi-pl\/\" \/>\n<meta property=\"og:locale\" content=\"pl_PL\" \/>\n<meta property=\"og:type\" content=\"article\" \/>\n<meta property=\"og:title\" content=\"HEALTHY.WOOD Milesi - Milesi\" \/>\n<meta property=\"og:description\" content=\"&nbsp;  Gdyby\u015bmy Ci powiedzieli, \u017ce rozw\u00f3j bakterii na powierzchni otaczaj\u0105cych Ci\u0119 mebli mo\u017ce by\u0107 zredukowany o 99,9%?  &nbsp;  Dodatkowo, \u017ce blaty kuchenne, na kt\u00f3rych przygotowujesz potrawy, biurka przy kt\u00f3rych si\u0119 ucz\u0105 Twoje dzieci lub pod\u0142ogi, na kt\u00f3rych si\u0119 bawi\u0105, a tak\u017ce sto\u0142y w ulubionej restauracji lub meble w pokoju hotelowym mog\u0105 zosta\u0107 zdezynfekowane, nawet je\u015bli nie zostan\u0105 wyczyszczone specjalnym \u015brodkiem czyszcz\u0105cym?  &nbsp;  Gdyby\u015bmy Ci powiedzieli, \u017ce to wszystko jest mo\u017cliwe z innowacyjnymi lakierami bakteriob\u00f3jczymi \u00a0do drewna HEALTHY.WOOD marki Milesi?\" \/>\n<meta property=\"og:url\" content=\"https:\/\/www.milesi.com\/pl\/produkt\/rozwiazania-do-drewna\/healthy-wood-milesi-pl\/\" \/>\n<meta property=\"og:site_name\" content=\"Milesi\" \/>\n<meta property=\"article:publisher\" content=\"https:\/\/www.facebook.com\/MilesiVernici\" \/>\n<meta property=\"article:modified_time\" content=\"2020-12-14T09:21:13+00:00\" \/>\n<meta property=\"og:image\" content=\"https:\/\/www.milesi.com\/wp-content\/uploads\/2020\/07\/HEALTHY.WOOD_InfograficaTestBatteri_suLegno_web-pol-con-bordo-1.jpg\" \/>\n\t<meta property=\"og:image:width\" content=\"600\" \/>\n\t<meta property=\"og:image:height\" content=\"600\" \/>\n\t<meta property=\"og:image:type\" content=\"image\/jpeg\" \/>\n<meta name=\"twitter:card\" content=\"summary_large_image\" \/>\n<meta name=\"twitter:label1\" content=\"Szacowany czas czytania\" \/>\n\t<meta name=\"twitter:data1\" content=\"1 minuta\" \/>\n<script type=\"application\/ld+json\" class=\"yoast-schema-graph\">{\"@context\":\"https:\\\/\\\/schema.org\",\"@graph\":[{\"@type\":\"WebPage\",\"@id\":\"https:\\\/\\\/www.milesi.com\\\/pl\\\/produkt\\\/rozwiazania-do-drewna\\\/healthy-wood-milesi-pl\\\/\",\"url\":\"https:\\\/\\\/www.milesi.com\\\/pl\\\/produkt\\\/rozwiazania-do-drewna\\\/healthy-wood-milesi-pl\\\/\",\"name\":\"HEALTHY.WOOD Milesi - Milesi\",\"isPartOf\":{\"@id\":\"https:\\\/\\\/www.milesi.com\\\/pl\\\/#website\"},\"primaryImageOfPage\":{\"@id\":\"https:\\\/\\\/www.milesi.com\\\/pl\\\/produkt\\\/rozwiazania-do-drewna\\\/healthy-wood-milesi-pl\\\/#primaryimage\"},\"image\":{\"@id\":\"https:\\\/\\\/www.milesi.com\\\/pl\\\/produkt\\\/rozwiazania-do-drewna\\\/healthy-wood-milesi-pl\\\/#primaryimage\"},\"thumbnailUrl\":\"https:\\\/\\\/www.milesi.com\\\/wp-content\\\/uploads\\\/2020\\\/07\\\/HEALTHY.WOOD_InfograficaTestBatteri_suLegno_web-pol-con-bordo-1.jpg\",\"datePublished\":\"2020-07-29T13:57:13+00:00\",\"dateModified\":\"2020-12-14T09:21:13+00:00\",\"breadcrumb\":{\"@id\":\"https:\\\/\\\/www.milesi.com\\\/pl\\\/produkt\\\/rozwiazania-do-drewna\\\/healthy-wood-milesi-pl\\\/#breadcrumb\"},\"inLanguage\":\"pl-PL\",\"potentialAction\":[{\"@type\":\"ReadAction\",\"target\":[\"https:\\\/\\\/www.milesi.com\\\/pl\\\/produkt\\\/rozwiazania-do-drewna\\\/healthy-wood-milesi-pl\\\/\"]}]},{\"@type\":\"ImageObject\",\"inLanguage\":\"pl-PL\",\"@id\":\"https:\\\/\\\/www.milesi.com\\\/pl\\\/produkt\\\/rozwiazania-do-drewna\\\/healthy-wood-milesi-pl\\\/#primaryimage\",\"url\":\"https:\\\/\\\/www.milesi.com\\\/wp-content\\\/uploads\\\/2020\\\/07\\\/HEALTHY.WOOD_InfograficaTestBatteri_suLegno_web-pol-con-bordo-1.jpg\",\"contentUrl\":\"https:\\\/\\\/www.milesi.com\\\/wp-content\\\/uploads\\\/2020\\\/07\\\/HEALTHY.WOOD_InfograficaTestBatteri_suLegno_web-pol-con-bordo-1.jpg\",\"width\":600,\"height\":600},{\"@type\":\"BreadcrumbList\",\"@id\":\"https:\\\/\\\/www.milesi.com\\\/pl\\\/produkt\\\/rozwiazania-do-drewna\\\/healthy-wood-milesi-pl\\\/#breadcrumb\",\"itemListElement\":[{\"@type\":\"ListItem\",\"position\":1,\"name\":\"Milesi - Lakiery do drewna\",\"item\":\"https:\\\/\\\/www.milesi.com\\\/pl\\\/\"},{\"@type\":\"ListItem\",\"position\":2,\"name\":\"Prodotti\",\"item\":\"https:\\\/\\\/www.milesi.com\\\/prodotti\\\/\"},{\"@type\":\"ListItem\",\"position\":3,\"name\":\"HEALTHY.WOOD Milesi\"}]},{\"@type\":\"WebSite\",\"@id\":\"https:\\\/\\\/www.milesi.com\\\/pl\\\/#website\",\"url\":\"https:\\\/\\\/www.milesi.com\\\/pl\\\/\",\"name\":\"Milesi Vernici per il legno\",\"description\":\"Lakiery do drewna\",\"publisher\":{\"@id\":\"https:\\\/\\\/www.milesi.com\\\/pl\\\/#organization\"},\"alternateName\":\"Milesi\",\"potentialAction\":[{\"@type\":\"SearchAction\",\"target\":{\"@type\":\"EntryPoint\",\"urlTemplate\":\"https:\\\/\\\/www.milesi.com\\\/pl\\\/?s={search_term_string}\"},\"query-input\":{\"@type\":\"PropertyValueSpecification\",\"valueRequired\":true,\"valueName\":\"search_term_string\"}}],\"inLanguage\":\"pl-PL\"},{\"@type\":\"Organization\",\"@id\":\"https:\\\/\\\/www.milesi.com\\\/pl\\\/#organization\",\"name\":\"Milesi Vernici\",\"alternateName\":\"Milesi\",\"url\":\"https:\\\/\\\/www.milesi.com\\\/pl\\\/\",\"logo\":{\"@type\":\"ImageObject\",\"inLanguage\":\"pl-PL\",\"@id\":\"https:\\\/\\\/www.milesi.com\\\/pl\\\/#\\\/schema\\\/logo\\\/image\\\/\",\"url\":\"https:\\\/\\\/www.milesi.com\\\/wp-content\\\/uploads\\\/2022\\\/12\\\/milesi-web.png\",\"contentUrl\":\"https:\\\/\\\/www.milesi.com\\\/wp-content\\\/uploads\\\/2022\\\/12\\\/milesi-web.png\",\"width\":100,\"height\":101,\"caption\":\"Milesi Vernici\"},\"image\":{\"@id\":\"https:\\\/\\\/www.milesi.com\\\/pl\\\/#\\\/schema\\\/logo\\\/image\\\/\"},\"sameAs\":[\"https:\\\/\\\/www.facebook.com\\\/MilesiVernici\",\"https:\\\/\\\/www.youtube.com\\\/channel\\\/UCgULN6yzPgE9usmMi3CP5hQ\",\"https:\\\/\\\/www.instagram.com\\\/milesiverniciperlegno\\\/\",\"https:\\\/\\\/vimeo.com\\\/user117001108\",\"https:\\\/\\\/www.linkedin.com\\\/company\\\/milesiwoodcoatings\\\/\"]}]}<\/script>\n<!-- \/ Yoast SEO plugin. -->","yoast_head_json":{"title":"HEALTHY.WOOD Milesi - Milesi","robots":{"index":"index","follow":"follow","max-snippet":"max-snippet:-1","max-image-preview":"max-image-preview:large","max-video-preview":"max-video-preview:-1"},"canonical":"https:\/\/www.milesi.com\/pl\/produkt\/rozwiazania-do-drewna\/healthy-wood-milesi-pl\/","og_locale":"pl_PL","og_type":"article","og_title":"HEALTHY.WOOD Milesi - Milesi","og_description":"&nbsp;  Gdyby\u015bmy Ci powiedzieli, \u017ce rozw\u00f3j bakterii na powierzchni otaczaj\u0105cych Ci\u0119 mebli mo\u017ce by\u0107 zredukowany o 99,9%?  &nbsp;  Dodatkowo, \u017ce blaty kuchenne, na kt\u00f3rych przygotowujesz potrawy, biurka przy kt\u00f3rych si\u0119 ucz\u0105 Twoje dzieci lub pod\u0142ogi, na kt\u00f3rych si\u0119 bawi\u0105, a tak\u017ce sto\u0142y w ulubionej restauracji lub meble w pokoju hotelowym mog\u0105 zosta\u0107 zdezynfekowane, nawet je\u015bli nie zostan\u0105 wyczyszczone specjalnym \u015brodkiem czyszcz\u0105cym?  &nbsp;  Gdyby\u015bmy Ci powiedzieli, \u017ce to wszystko jest mo\u017cliwe z innowacyjnymi lakierami bakteriob\u00f3jczymi \u00a0do drewna HEALTHY.WOOD marki Milesi?","og_url":"https:\/\/www.milesi.com\/pl\/produkt\/rozwiazania-do-drewna\/healthy-wood-milesi-pl\/","og_site_name":"Milesi","article_publisher":"https:\/\/www.facebook.com\/MilesiVernici","article_modified_time":"2020-12-14T09:21:13+00:00","og_image":[{"width":600,"height":600,"url":"https:\/\/www.milesi.com\/wp-content\/uploads\/2020\/07\/HEALTHY.WOOD_InfograficaTestBatteri_suLegno_web-pol-con-bordo-1.jpg","type":"image\/jpeg"}],"twitter_card":"summary_large_image","twitter_misc":{"Szacowany czas czytania":"1 minuta"},"schema":{"@context":"https:\/\/schema.org","@graph":[{"@type":"WebPage","@id":"https:\/\/www.milesi.com\/pl\/produkt\/rozwiazania-do-drewna\/healthy-wood-milesi-pl\/","url":"https:\/\/www.milesi.com\/pl\/produkt\/rozwiazania-do-drewna\/healthy-wood-milesi-pl\/","name":"HEALTHY.WOOD Milesi - Milesi","isPartOf":{"@id":"https:\/\/www.milesi.com\/pl\/#website"},"primaryImageOfPage":{"@id":"https:\/\/www.milesi.com\/pl\/produkt\/rozwiazania-do-drewna\/healthy-wood-milesi-pl\/#primaryimage"},"image":{"@id":"https:\/\/www.milesi.com\/pl\/produkt\/rozwiazania-do-drewna\/healthy-wood-milesi-pl\/#primaryimage"},"thumbnailUrl":"https:\/\/www.milesi.com\/wp-content\/uploads\/2020\/07\/HEALTHY.WOOD_InfograficaTestBatteri_suLegno_web-pol-con-bordo-1.jpg","datePublished":"2020-07-29T13:57:13+00:00","dateModified":"2020-12-14T09:21:13+00:00","breadcrumb":{"@id":"https:\/\/www.milesi.com\/pl\/produkt\/rozwiazania-do-drewna\/healthy-wood-milesi-pl\/#breadcrumb"},"inLanguage":"pl-PL","potentialAction":[{"@type":"ReadAction","target":["https:\/\/www.milesi.com\/pl\/produkt\/rozwiazania-do-drewna\/healthy-wood-milesi-pl\/"]}]},{"@type":"ImageObject","inLanguage":"pl-PL","@id":"https:\/\/www.milesi.com\/pl\/produkt\/rozwiazania-do-drewna\/healthy-wood-milesi-pl\/#primaryimage","url":"https:\/\/www.milesi.com\/wp-content\/uploads\/2020\/07\/HEALTHY.WOOD_InfograficaTestBatteri_suLegno_web-pol-con-bordo-1.jpg","contentUrl":"https:\/\/www.milesi.com\/wp-content\/uploads\/2020\/07\/HEALTHY.WOOD_InfograficaTestBatteri_suLegno_web-pol-con-bordo-1.jpg","width":600,"height":600},{"@type":"BreadcrumbList","@id":"https:\/\/www.milesi.com\/pl\/produkt\/rozwiazania-do-drewna\/healthy-wood-milesi-pl\/#breadcrumb","itemListElement":[{"@type":"ListItem","position":1,"name":"Milesi - Lakiery do drewna","item":"https:\/\/www.milesi.com\/pl\/"},{"@type":"ListItem","position":2,"name":"Prodotti","item":"https:\/\/www.milesi.com\/prodotti\/"},{"@type":"ListItem","position":3,"name":"HEALTHY.WOOD Milesi"}]},{"@type":"WebSite","@id":"https:\/\/www.milesi.com\/pl\/#website","url":"https:\/\/www.milesi.com\/pl\/","name":"Milesi Vernici per il legno","description":"Lakiery do drewna","publisher":{"@id":"https:\/\/www.milesi.com\/pl\/#organization"},"alternateName":"Milesi","potentialAction":[{"@type":"SearchAction","target":{"@type":"EntryPoint","urlTemplate":"https:\/\/www.milesi.com\/pl\/?s={search_term_string}"},"query-input":{"@type":"PropertyValueSpecification","valueRequired":true,"valueName":"search_term_string"}}],"inLanguage":"pl-PL"},{"@type":"Organization","@id":"https:\/\/www.milesi.com\/pl\/#organization","name":"Milesi Vernici","alternateName":"Milesi","url":"https:\/\/www.milesi.com\/pl\/","logo":{"@type":"ImageObject","inLanguage":"pl-PL","@id":"https:\/\/www.milesi.com\/pl\/#\/schema\/logo\/image\/","url":"https:\/\/www.milesi.com\/wp-content\/uploads\/2022\/12\/milesi-web.png","contentUrl":"https:\/\/www.milesi.com\/wp-content\/uploads\/2022\/12\/milesi-web.png","width":100,"height":101,"caption":"Milesi Vernici"},"image":{"@id":"https:\/\/www.milesi.com\/pl\/#\/schema\/logo\/image\/"},"sameAs":["https:\/\/www.facebook.com\/MilesiVernici","https:\/\/www.youtube.com\/channel\/UCgULN6yzPgE9usmMi3CP5hQ","https:\/\/www.instagram.com\/milesiverniciperlegno\/","https:\/\/vimeo.com\/user117001108","https:\/\/www.linkedin.com\/company\/milesiwoodcoatings\/"]}]}},"_links":{"self":[{"href":"https:\/\/www.milesi.com\/pl\/wp-json\/wp\/v2\/product\/9976","targetHints":{"allow":["GET"]}}],"collection":[{"href":"https:\/\/www.milesi.com\/pl\/wp-json\/wp\/v2\/product"}],"about":[{"href":"https:\/\/www.milesi.com\/pl\/wp-json\/wp\/v2\/types\/product"}],"replies":[{"embeddable":true,"href":"https:\/\/www.milesi.com\/pl\/wp-json\/wp\/v2\/comments?post=9976"}],"wp:featuredmedia":[{"embeddable":true,"href":"https:\/\/www.milesi.com\/pl\/wp-json\/wp\/v2\/media\/10023"}],"wp:attachment":[{"href":"https:\/\/www.milesi.com\/pl\/wp-json\/wp\/v2\/media?parent=9976"}],"wp:term":[{"taxonomy":"product_brand","embeddable":true,"href":"https:\/\/www.milesi.com\/pl\/wp-json\/wp\/v2\/product_brand?post=9976"},{"taxonomy":"product_cat","embeddable":true,"href":"https:\/\/www.milesi.com\/pl\/wp-json\/wp\/v2\/product_cat?post=9976"},{"taxonomy":"product_tag","embeddable":true,"href":"https:\/\/www.milesi.com\/pl\/wp-json\/wp\/v2\/product_tag?post=9976"}],"curies":[{"name":"wp","href":"https:\/\/api.w.org\/{rel}","templated":true}]}}